{"id":105341,"date":"2026-02-13T23:08:19","date_gmt":"2026-02-13T23:08:19","guid":{"rendered":"https:\/\/beta.truzzer.com\/creer-un-compte-google\/"},"modified":"2026-02-14T00:56:57","modified_gmt":"2026-02-14T00:56:57","slug":"creer-un-compte-google","status":"publish","type":"page","link":"https:\/\/www.truzzer.com\/fr\/creer-un-compte-google\/","title":{"rendered":"Cr\u00e9er un compte Google"},"content":{"rendered":"<div data-elementor-type=\"wp-page\" data-elementor-id=\"8148\" class=\"elementor elementor-8148\" data-elementor-post-type=\"page\">\n<section class=\"wd-negative-gap elementor-section elementor-top-section elementor-element elementor-element-27ac255a elementor-section-boxed elementor-section-height-default elementor-section-height-default\" data-id=\"27ac255a\" data-element_type=\"section\">\n<div class=\"elementor-container elementor-column-gap-default\">\n<div class=\"elementor-column elementor-col-100 elementor-top-column elementor-element elementor-element-3f25df21\" data-id=\"3f25df21\" data-element_type=\"column\">\n<div class=\"elementor-widget-wrap elementor-element-populated\">\n<div class=\"elementor-element elementor-element-48707a7f wd-width-100 elementor-widget elementor-widget-wd_title\" data-id=\"48707a7f\" data-element_type=\"widget\" data-widget_type=\"wd_title.default\">\n<div class=\"elementor-widget-container\">\n<div class=\"title-wrapper wd-set-mb reset-last-child wd-title-color-default wd-title-style-default wd-title-size-default text-center\">\n<div class=\"liner-continer\">\n<h1 class=\"woodmart-title-container title wd-fontsize-l\">Comment cr\u00e9er un compte Google gratuit<\/h1>\n<\/p><\/div>\n<div class=\"title-after_title reset-last-child wd-fontsize-xs\">\n<p>Vous \u00eates convaincu par une entreprise et souhaitez la noter, mais vous n&rsquo;avez pas encore de compte Google ? Google propose un moyen tr\u00e8s rapide de cr\u00e9er un nouveau compte.<\/p>\n<p>Tout ce dont vous avez besoin, c&rsquo;est de votre nom et d&rsquo;un mot de passe pour cr\u00e9er votre propre compte Google.<\/p>\n<p>Veuillez cliquer sur le bouton ci-dessous et Google vous guidera tout au long du processus.<\/p>\n<\/p><\/div>\n<\/p><\/div>\n<\/p><\/div>\n<\/p><\/div>\n<\/p><\/div>\n<\/p><\/div>\n<\/p><\/div>\n<\/section>\n<section class=\"wd-negative-gap elementor-section elementor-top-section elementor-element elementor-element-180a5115 elementor-section-boxed elementor-section-height-default elementor-section-height-default\" data-id=\"180a5115\" data-element_type=\"section\">\n<div class=\"elementor-container elementor-column-gap-default\">\n<div class=\"elementor-column elementor-col-100 elementor-top-column elementor-element elementor-element-28264a28\" data-id=\"28264a28\" data-element_type=\"column\">\n<div class=\"elementor-widget-wrap elementor-element-populated\">\n<div class=\"elementor-element elementor-element-1b40a343 elementor-widget elementor-widget-wd_button\" data-id=\"1b40a343\" data-element_type=\"widget\" data-widget_type=\"wd_button.default\">\n<div class=\"elementor-widget-container\">\n<div class=\"wd-button-wrapper text-center\">\n                                <a class=\"btn btn-style-default btn-shape-round btn-size-small btn-color-black btn-icon-pos-right\" href=\"https:\/\/accounts.google.com\/signup\/v2\/webcreateaccount?hl=de&#038;continue=https%3A%2F%2Fmyaccount.google.com%2Fintro&#038;flowName=GlifWebSignIn&#038;flowEntry=SignUp\" target=\"_blank\"><br \/>\n                                    <span class=\"wd-btn-text\" data-elementor-setting-key=\"text\"><br \/>\n                                        Inscrivez-vous maintenant gratuitement<br \/>\n                                    <\/span><br \/>\n                                <\/a>\n                            <\/div>\n<\/p><\/div>\n<\/p><\/div>\n<\/p><\/div>\n<\/p><\/div>\n<\/p><\/div>\n<\/section>\n<\/div>\n","protected":false},"excerpt":{"rendered":"<p>Comment cr\u00e9er un compte Google gratuit Vous \u00eates convaincu par une entreprise et souhaitez la noter, mais vous n&rsquo;avez pas<\/p>\n","protected":false},"author":1,"featured_media":0,"parent":0,"menu_order":0,"comment_status":"closed","ping_status":"closed","template":"","meta":{"_acf_changed":false,"_yoast_wpseo_focuskw":"","_yoast_wpseo_title":"","_yoast_wpseo_metadesc":"","footnotes":""},"class_list":["post-105341","page","type-page","status-publish","hentry"],"acf":[],"yoast_head":"<!-- This site is optimized with the Yoast SEO plugin v27.0 - https:\/\/yoast.com\/product\/yoast-seo-wordpress\/ -->\n<title>Cr\u00e9er un compte Google | truzzer<\/title>\n<meta name=\"robots\" content=\"index, follow, max-snippet:-1, max-image-preview:large, max-video-preview:-1\" \/>\n<link rel=\"canonical\" href=\"https:\/\/www.truzzer.com\/fr\/creer-un-compte-google\/\" \/>\n<meta property=\"og:locale\" content=\"fr_FR\" \/>\n<meta property=\"og:type\" content=\"article\" \/>\n<meta property=\"og:title\" content=\"Cr\u00e9er un compte Google | truzzer\" \/>\n<meta property=\"og:description\" content=\"Comment cr\u00e9er un compte Google gratuit Vous \u00eates convaincu par une entreprise et souhaitez la noter, mais vous n&rsquo;avez pas\" \/>\n<meta property=\"og:url\" content=\"https:\/\/www.truzzer.com\/fr\/creer-un-compte-google\/\" \/>\n<meta property=\"og:site_name\" content=\"truzzer\" \/>\n<meta property=\"article:modified_time\" content=\"2026-02-14T00:56:57+00:00\" \/>\n<meta name=\"twitter:card\" content=\"summary_large_image\" \/>\n<script type=\"application\/ld+json\" class=\"yoast-schema-graph\">{\"@context\":\"https:\/\/schema.org\",\"@graph\":[{\"@type\":\"WebPage\",\"@id\":\"https:\/\/www.truzzer.com\/fr\/creer-un-compte-google\/\",\"url\":\"https:\/\/www.truzzer.com\/fr\/creer-un-compte-google\/\",\"name\":\"Cr\u00e9er un compte Google | truzzer\",\"isPartOf\":{\"@id\":\"https:\/\/www.truzzer.com\/fr\/#website\"},\"datePublished\":\"2026-02-13T23:08:19+00:00\",\"dateModified\":\"2026-02-14T00:56:57+00:00\",\"breadcrumb\":{\"@id\":\"https:\/\/www.truzzer.com\/fr\/creer-un-compte-google\/#breadcrumb\"},\"inLanguage\":\"fr-FR\",\"potentialAction\":[{\"@type\":\"ReadAction\",\"target\":[\"https:\/\/www.truzzer.com\/fr\/creer-un-compte-google\/\"]}]},{\"@type\":\"BreadcrumbList\",\"@id\":\"https:\/\/www.truzzer.com\/fr\/creer-un-compte-google\/#breadcrumb\",\"itemListElement\":[{\"@type\":\"ListItem\",\"position\":1,\"name\":\"Home\",\"item\":\"https:\/\/www.truzzer.com\/fr\/\"},{\"@type\":\"ListItem\",\"position\":2,\"name\":\"Cr\u00e9er un compte Google\"}]},{\"@type\":\"WebSite\",\"@id\":\"https:\/\/www.truzzer.com\/fr\/#website\",\"url\":\"https:\/\/www.truzzer.com\/fr\/\",\"name\":\"truzzer\",\"description\":\"Experts for customer trust\",\"publisher\":{\"@id\":\"https:\/\/www.truzzer.com\/fr\/#organization\"},\"potentialAction\":[{\"@type\":\"SearchAction\",\"target\":{\"@type\":\"EntryPoint\",\"urlTemplate\":\"https:\/\/www.truzzer.com\/fr\/?s={search_term_string}\"},\"query-input\":{\"@type\":\"PropertyValueSpecification\",\"valueRequired\":true,\"valueName\":\"search_term_string\"}}],\"inLanguage\":\"fr-FR\"},{\"@type\":\"Organization\",\"@id\":\"https:\/\/www.truzzer.com\/fr\/#organization\",\"name\":\"truzzer\",\"url\":\"https:\/\/www.truzzer.com\/fr\/\",\"logo\":{\"@type\":\"ImageObject\",\"inLanguage\":\"fr-FR\",\"@id\":\"https:\/\/www.truzzer.com\/fr\/#\/schema\/logo\/image\/\",\"url\":\"https:\/\/truzzer.com\/wp-content\/uploads\/2026\/01\/truzzer-logo-black-1.svg\",\"contentUrl\":\"https:\/\/truzzer.com\/wp-content\/uploads\/2026\/01\/truzzer-logo-black-1.svg\",\"width\":938,\"height\":199,\"caption\":\"truzzer\"},\"image\":{\"@id\":\"https:\/\/www.truzzer.com\/fr\/#\/schema\/logo\/image\/\"}}]}<\/script>\n<!-- \/ Yoast SEO plugin. -->","yoast_head_json":{"title":"Cr\u00e9er un compte Google | truzzer","robots":{"index":"index","follow":"follow","max-snippet":"max-snippet:-1","max-image-preview":"max-image-preview:large","max-video-preview":"max-video-preview:-1"},"canonical":"https:\/\/www.truzzer.com\/fr\/creer-un-compte-google\/","og_locale":"fr_FR","og_type":"article","og_title":"Cr\u00e9er un compte Google | truzzer","og_description":"Comment cr\u00e9er un compte Google gratuit Vous \u00eates convaincu par une entreprise et souhaitez la noter, mais vous n&rsquo;avez pas","og_url":"https:\/\/www.truzzer.com\/fr\/creer-un-compte-google\/","og_site_name":"truzzer","article_modified_time":"2026-02-14T00:56:57+00:00","twitter_card":"summary_large_image","schema":{"@context":"https:\/\/schema.org","@graph":[{"@type":"WebPage","@id":"https:\/\/www.truzzer.com\/fr\/creer-un-compte-google\/","url":"https:\/\/www.truzzer.com\/fr\/creer-un-compte-google\/","name":"Cr\u00e9er un compte Google | truzzer","isPartOf":{"@id":"https:\/\/www.truzzer.com\/fr\/#website"},"datePublished":"2026-02-13T23:08:19+00:00","dateModified":"2026-02-14T00:56:57+00:00","breadcrumb":{"@id":"https:\/\/www.truzzer.com\/fr\/creer-un-compte-google\/#breadcrumb"},"inLanguage":"fr-FR","potentialAction":[{"@type":"ReadAction","target":["https:\/\/www.truzzer.com\/fr\/creer-un-compte-google\/"]}]},{"@type":"BreadcrumbList","@id":"https:\/\/www.truzzer.com\/fr\/creer-un-compte-google\/#breadcrumb","itemListElement":[{"@type":"ListItem","position":1,"name":"Home","item":"https:\/\/www.truzzer.com\/fr\/"},{"@type":"ListItem","position":2,"name":"Cr\u00e9er un compte Google"}]},{"@type":"WebSite","@id":"https:\/\/www.truzzer.com\/fr\/#website","url":"https:\/\/www.truzzer.com\/fr\/","name":"truzzer","description":"Experts for customer trust","publisher":{"@id":"https:\/\/www.truzzer.com\/fr\/#organization"},"potentialAction":[{"@type":"SearchAction","target":{"@type":"EntryPoint","urlTemplate":"https:\/\/www.truzzer.com\/fr\/?s={search_term_string}"},"query-input":{"@type":"PropertyValueSpecification","valueRequired":true,"valueName":"search_term_string"}}],"inLanguage":"fr-FR"},{"@type":"Organization","@id":"https:\/\/www.truzzer.com\/fr\/#organization","name":"truzzer","url":"https:\/\/www.truzzer.com\/fr\/","logo":{"@type":"ImageObject","inLanguage":"fr-FR","@id":"https:\/\/www.truzzer.com\/fr\/#\/schema\/logo\/image\/","url":"https:\/\/truzzer.com\/wp-content\/uploads\/2026\/01\/truzzer-logo-black-1.svg","contentUrl":"https:\/\/truzzer.com\/wp-content\/uploads\/2026\/01\/truzzer-logo-black-1.svg","width":938,"height":199,"caption":"truzzer"},"image":{"@id":"https:\/\/www.truzzer.com\/fr\/#\/schema\/logo\/image\/"}}]}},"_links":{"self":[{"href":"https:\/\/www.truzzer.com\/fr\/wp-json\/wp\/v2\/pages\/105341","targetHints":{"allow":["GET"]}}],"collection":[{"href":"https:\/\/www.truzzer.com\/fr\/wp-json\/wp\/v2\/pages"}],"about":[{"href":"https:\/\/www.truzzer.com\/fr\/wp-json\/wp\/v2\/types\/page"}],"author":[{"embeddable":true,"href":"https:\/\/www.truzzer.com\/fr\/wp-json\/wp\/v2\/users\/1"}],"replies":[{"embeddable":true,"href":"https:\/\/www.truzzer.com\/fr\/wp-json\/wp\/v2\/comments?post=105341"}],"version-history":[{"count":0,"href":"https:\/\/www.truzzer.com\/fr\/wp-json\/wp\/v2\/pages\/105341\/revisions"}],"wp:attachment":[{"href":"https:\/\/www.truzzer.com\/fr\/wp-json\/wp\/v2\/media?parent=105341"}],"curies":[{"name":"wp","href":"https:\/\/api.w.org\/{rel}","templated":true}]}}