{"id":92385,"date":"2026-02-07T13:32:50","date_gmt":"2026-02-07T13:32:50","guid":{"rendered":"https:\/\/beta.truzzer.com\/sitemap\/"},"modified":"2026-02-13T07:59:53","modified_gmt":"2026-02-13T07:59:53","slug":"sitemap","status":"publish","type":"page","link":"https:\/\/www.truzzer.com\/fr\/sitemap\/","title":{"rendered":"Plan du site"},"content":{"rendered":"<p>\u00ab\u00a0`html<\/p>\n<div class=\"toc_sitemap\">\n<h3 class=\"toc_sitemap_pages\">Pages<\/h3>\n<ul class=\"toc_sitemap_pages_list\">\n<li class=\"page_item page-item-1104\"><a href=\"https:\/\/truzzer.com\/fr\/about-truzzer\/\">Sur truzzer<\/a><\/li>\n<li class=\"page_item page-item-90323 current_page_parent\"><a href=\"https:\/\/truzzer.com\/fr\/blog-2\/\">Blog<\/a><\/li>\n<li class=\"page_item page-item-7\"><a href=\"https:\/\/truzzer.com\/fr\/panier\/\">Winkelwagen<\/a><\/li>\n<li class=\"page_item page-item-8\"><a href=\"https:\/\/truzzer.com\/fr\/validation-de-la-commande\/\">Afrekenen<\/a><\/li>\n<li class=\"page_item page-item-891\"><a href=\"https:\/\/truzzer.com\/fr\/contact\/\">Contact<\/a><\/li>\n<li class=\"page_item page-item-493\"><a href=\"https:\/\/truzzer.com\/fr\/facebook\/\">Facebook<\/a><\/li>\n<li class=\"page_item page-item-584\"><a href=\"https:\/\/truzzer.com\/fr\/faq\/\">FAQ<\/a><\/li>\n<li class=\"page_item page-item-495\"><a href=\"https:\/\/truzzer.com\/fr\/google\/\">Google<\/a><\/li>\n<li class=\"page_item page-item-365\"><a href=\"https:\/\/truzzer.com\/fr\/gx\/\">gx<\/a><\/li>\n<li class=\"page_item page-item-442\"><a href=\"https:\/\/truzzer.com\/fr\/gy\/\">gy<\/a><\/li>\n<li class=\"page_item page-item-57231\"><a href=\"https:\/\/truzzer.com\/fr\/\">Accueil<\/a><\/li>\n<li class=\"page_item page-item-484\"><a href=\"https:\/\/truzzer.com\/fr\/instagram\/\">Instagram<\/a><\/li>\n<li class=\"page_item page-item-583\"><a href=\"https:\/\/truzzer.com\/fr\/legal-information\/\">Informations juridiques<\/a><\/li>\n<li class=\"page_item page-item-953\"><a href=\"https:\/\/truzzer.com\/fr\/linkedin\/\">LinkedIN<\/a><\/li>\n<li class=\"page_item page-item-9\"><a href=\"https:\/\/truzzer.com\/my-account\/\">Mon compte<\/a><\/li>\n<li class=\"page_item page-item-580\"><a href=\"https:\/\/truzzer.com\/fr\/payment-methods\/\">Betaalmethoden<\/a><\/li>\n<li class=\"page_item page-item-486\"><a href=\"https:\/\/truzzer.com\/fr\/paypal\/\">PayPal<\/a><\/li>\n<li class=\"page_item page-item-581\"><a href=\"https:\/\/truzzer.com\/fr\/privacy\/\">Confidentialit\u00e9<\/a><\/li>\n<li class=\"page_item page-item-582\"><a href=\"https:\/\/truzzer.com\/fr\/revocation\/\">Herroeping<\/a><\/li>\n<li class=\"page_item page-item-2\"><a href=\"https:\/\/truzzer.com\/fr\/sample-page\/\">Voorbeeldpagina<\/a><\/li>\n<li class=\"page_item page-item-6\"><a href=\"https:\/\/truzzer.com\/fr\/boutique\/\">Winkel<\/a><\/li>\n<li class=\"page_item page-item-90172\"><a href=\"https:\/\/truzzer.com\/fr\/shop-by-industry\/\">Vin par branche<\/a><\/li>\n<li class=\"page_item page-item-90641\"><a href=\"https:\/\/truzzer.com\/fr\/sitemap-2\/\">Plan du site<\/a><\/li>\n<li class=\"page_item page-item-317\"><a href=\"https:\/\/truzzer.com\/fr\/template\/\">sjabloon<\/a><\/li>\n<li class=\"page_item page-item-579\"><a href=\"https:\/\/truzzer.com\/fr\/terms-and-conditions\/\">G\u00e9n\u00e9ralit\u00e9s g\u00e9n\u00e9rales<\/a><\/li>\n<li class=\"page_item page-item-491\"><a href=\"https:\/\/truzzer.com\/fr\/tiktok\/\">TikTok<\/a><\/li>\n<li class=\"page_item page-item-912\"><a href=\"https:\/\/truzzer.com\/fr\/tripadvisor-reviews\/\">Avis sur TripAdvisor<\/a><\/li>\n<li class=\"page_item page-item-485\"><a href=\"https:\/\/truzzer.com\/fr\/whatsapp\/\">WhatsApp<\/a><\/li>\n<li class=\"page_item page-item-951\"><a href=\"https:\/\/truzzer.com\/fr\/yelp-reviews\/\">Avis Yelp<\/a><\/li>\n<\/ul>\n<h3 class=\"toc_sitemap_categories\">Cat\u00e9gories<\/h3>\n<ul class=\"toc_sitemap_categories_list\">\n<li class=\"cat-item cat-item-170\"><a href=\"https:\/\/truzzer.com\/category\/alles-over-google-recensies\/\">Toutes les recensions Google<\/a>\n<\/li>\n<li class=\"cat-item cat-item-171\"><a href=\"https:\/\/truzzer.com\/category\/allt-om-google-recensioner\/\">Tous les avis sur Google<\/a>\n<\/li>\n<li class=\"cat-item cat-item-195\"><a href=\"https:\/\/truzzer.com\/category\/alt-om-google-anmeldelser\/\">Alt du fournisseur Google<\/a>\n<\/li>\n<li class=\"cat-item cat-item-166\"><a href=\"https:\/\/truzzer.com\/category\/google-review-information\/\">Avis Google<\/a>\n<\/li>\n<li class=\"cat-item cat-item-232\"><a href=\"https:\/\/truzzer.com\/category\/instagram-no\/\">Instagram<\/a>\n<\/li>\n<li class=\"cat-item cat-item-183\"><a href=\"https:\/\/truzzer.com\/category\/instagram-es\/\">Instagram<\/a>\n<\/li>\n<li class=\"cat-item cat-item-234\"><a href=\"https:\/\/truzzer.com\/category\/instagram-pl\/\">Instagram<\/a>\n<\/li>\n<li class=\"cat-item cat-item-184\"><a href=\"https:\/\/truzzer.com\/category\/instagram-it\/\">Instagram<\/a>\n<\/li>\n<li class=\"cat-item cat-item-185\"><a href=\"https:\/\/truzzer.com\/category\/instagram-sv\/\">Instagram<\/a>\n<\/li>\n<li class=\"cat-item cat-item-175\"><a href=\"https:\/\/truzzer.com\/category\/instagram\/\">Instagram<\/a>\n<\/li>\n<li class=\"cat-item cat-item-181\"><a href=\"https:\/\/truzzer.com\/category\/instagram-nl\/\">Instagram<\/a>\n<\/li>\n<li class=\"cat-item cat-item-182\"><a href=\"https:\/\/truzzer.com\/category\/instagram-fr\/\">Instagram<\/a>\n<\/li>\n<li class=\"cat-item cat-item-240\"><a href=\"https:\/\/truzzer.com\/category\/allgemein\/\">Nouveaux<\/a>\n<\/li>\n<li class=\"cat-item cat-item-168\"><a href=\"https:\/\/truzzer.com\/category\/todo-sobre-las-opiniones-de-google\/\">Toutes les opinions de Google<\/a>\n<\/li>\n<li class=\"cat-item cat-item-169\"><a href=\"https:\/\/truzzer.com\/category\/tout-sur-les-avis-google\/\">Tout sur les avis Google<\/a>\n<\/li>\n<li class=\"cat-item cat-item-167\"><a href=\"https:\/\/truzzer.com\/category\/tutto-sulle-recensioni-di-google\/\">Tous les avis sur Google<\/a>\n<\/li>\n<li class=\"cat-item cat-item-205\"><a href=\"https:\/\/truzzer.com\/category\/wszystko-o-recenzjach-google\/\">Wszystko o recenzjach Google<\/a>\n<\/li>\n<\/ul>\n<\/div>\n","protected":false},"excerpt":{"rendered":"<p>\u00ab\u00a0`html Pages Sur truzzer Blog Winkelwagen Afrekenen Contact Facebook FAQ Google gx gy Accueil Instagram Informations juridiques LinkedIN Mon compte<\/p>\n","protected":false},"author":2,"featured_media":0,"parent":0,"menu_order":0,"comment_status":"closed","ping_status":"closed","template":"","meta":{"_acf_changed":false,"_yoast_wpseo_focuskw":"","_yoast_wpseo_title":"","_yoast_wpseo_metadesc":"","footnotes":""},"class_list":["post-92385","page","type-page","status-publish","hentry"],"acf":[],"yoast_head":"<!-- This site is optimized with the Yoast SEO plugin v27.0 - https:\/\/yoast.com\/product\/yoast-seo-wordpress\/ -->\n<title>Plan du site | truzzer<\/title>\n<meta name=\"robots\" content=\"index, follow, max-snippet:-1, max-image-preview:large, max-video-preview:-1\" \/>\n<link rel=\"canonical\" href=\"https:\/\/www.truzzer.com\/fr\/sitemap\/\" \/>\n<meta property=\"og:locale\" content=\"fr_FR\" \/>\n<meta property=\"og:type\" content=\"article\" \/>\n<meta property=\"og:title\" content=\"Plan du site | truzzer\" \/>\n<meta property=\"og:description\" content=\"\u00ab\u00a0`html Pages Sur truzzer Blog Winkelwagen Afrekenen Contact Facebook FAQ Google gx gy Accueil Instagram Informations juridiques LinkedIN Mon compte\" \/>\n<meta property=\"og:url\" content=\"https:\/\/www.truzzer.com\/fr\/sitemap\/\" \/>\n<meta property=\"og:site_name\" content=\"truzzer\" \/>\n<meta property=\"article:modified_time\" content=\"2026-02-13T07:59:53+00:00\" \/>\n<meta name=\"twitter:card\" content=\"summary_large_image\" \/>\n<script type=\"application\/ld+json\" class=\"yoast-schema-graph\">{\"@context\":\"https:\/\/schema.org\",\"@graph\":[{\"@type\":\"WebPage\",\"@id\":\"https:\/\/www.truzzer.com\/fr\/sitemap\/\",\"url\":\"https:\/\/www.truzzer.com\/fr\/sitemap\/\",\"name\":\"Plan du site | truzzer\",\"isPartOf\":{\"@id\":\"https:\/\/www.truzzer.com\/fr\/#website\"},\"datePublished\":\"2026-02-07T13:32:50+00:00\",\"dateModified\":\"2026-02-13T07:59:53+00:00\",\"breadcrumb\":{\"@id\":\"https:\/\/www.truzzer.com\/fr\/sitemap\/#breadcrumb\"},\"inLanguage\":\"fr-FR\",\"potentialAction\":[{\"@type\":\"ReadAction\",\"target\":[\"https:\/\/www.truzzer.com\/fr\/sitemap\/\"]}]},{\"@type\":\"BreadcrumbList\",\"@id\":\"https:\/\/www.truzzer.com\/fr\/sitemap\/#breadcrumb\",\"itemListElement\":[{\"@type\":\"ListItem\",\"position\":1,\"name\":\"Home\",\"item\":\"https:\/\/www.truzzer.com\/fr\/\"},{\"@type\":\"ListItem\",\"position\":2,\"name\":\"Plan du site\"}]},{\"@type\":\"WebSite\",\"@id\":\"https:\/\/www.truzzer.com\/fr\/#website\",\"url\":\"https:\/\/www.truzzer.com\/fr\/\",\"name\":\"truzzer\",\"description\":\"Experts for customer trust\",\"publisher\":{\"@id\":\"https:\/\/www.truzzer.com\/fr\/#organization\"},\"potentialAction\":[{\"@type\":\"SearchAction\",\"target\":{\"@type\":\"EntryPoint\",\"urlTemplate\":\"https:\/\/www.truzzer.com\/fr\/?s={search_term_string}\"},\"query-input\":{\"@type\":\"PropertyValueSpecification\",\"valueRequired\":true,\"valueName\":\"search_term_string\"}}],\"inLanguage\":\"fr-FR\"},{\"@type\":\"Organization\",\"@id\":\"https:\/\/www.truzzer.com\/fr\/#organization\",\"name\":\"truzzer\",\"url\":\"https:\/\/www.truzzer.com\/fr\/\",\"logo\":{\"@type\":\"ImageObject\",\"inLanguage\":\"fr-FR\",\"@id\":\"https:\/\/www.truzzer.com\/fr\/#\/schema\/logo\/image\/\",\"url\":\"https:\/\/truzzer.com\/wp-content\/uploads\/2026\/01\/truzzer-logo-black-1.svg\",\"contentUrl\":\"https:\/\/truzzer.com\/wp-content\/uploads\/2026\/01\/truzzer-logo-black-1.svg\",\"width\":938,\"height\":199,\"caption\":\"truzzer\"},\"image\":{\"@id\":\"https:\/\/www.truzzer.com\/fr\/#\/schema\/logo\/image\/\"}}]}<\/script>\n<!-- \/ Yoast SEO plugin. -->","yoast_head_json":{"title":"Plan du site | truzzer","robots":{"index":"index","follow":"follow","max-snippet":"max-snippet:-1","max-image-preview":"max-image-preview:large","max-video-preview":"max-video-preview:-1"},"canonical":"https:\/\/www.truzzer.com\/fr\/sitemap\/","og_locale":"fr_FR","og_type":"article","og_title":"Plan du site | truzzer","og_description":"\u00ab\u00a0`html Pages Sur truzzer Blog Winkelwagen Afrekenen Contact Facebook FAQ Google gx gy Accueil Instagram Informations juridiques LinkedIN Mon compte","og_url":"https:\/\/www.truzzer.com\/fr\/sitemap\/","og_site_name":"truzzer","article_modified_time":"2026-02-13T07:59:53+00:00","twitter_card":"summary_large_image","schema":{"@context":"https:\/\/schema.org","@graph":[{"@type":"WebPage","@id":"https:\/\/www.truzzer.com\/fr\/sitemap\/","url":"https:\/\/www.truzzer.com\/fr\/sitemap\/","name":"Plan du site | truzzer","isPartOf":{"@id":"https:\/\/www.truzzer.com\/fr\/#website"},"datePublished":"2026-02-07T13:32:50+00:00","dateModified":"2026-02-13T07:59:53+00:00","breadcrumb":{"@id":"https:\/\/www.truzzer.com\/fr\/sitemap\/#breadcrumb"},"inLanguage":"fr-FR","potentialAction":[{"@type":"ReadAction","target":["https:\/\/www.truzzer.com\/fr\/sitemap\/"]}]},{"@type":"BreadcrumbList","@id":"https:\/\/www.truzzer.com\/fr\/sitemap\/#breadcrumb","itemListElement":[{"@type":"ListItem","position":1,"name":"Home","item":"https:\/\/www.truzzer.com\/fr\/"},{"@type":"ListItem","position":2,"name":"Plan du site"}]},{"@type":"WebSite","@id":"https:\/\/www.truzzer.com\/fr\/#website","url":"https:\/\/www.truzzer.com\/fr\/","name":"truzzer","description":"Experts for customer trust","publisher":{"@id":"https:\/\/www.truzzer.com\/fr\/#organization"},"potentialAction":[{"@type":"SearchAction","target":{"@type":"EntryPoint","urlTemplate":"https:\/\/www.truzzer.com\/fr\/?s={search_term_string}"},"query-input":{"@type":"PropertyValueSpecification","valueRequired":true,"valueName":"search_term_string"}}],"inLanguage":"fr-FR"},{"@type":"Organization","@id":"https:\/\/www.truzzer.com\/fr\/#organization","name":"truzzer","url":"https:\/\/www.truzzer.com\/fr\/","logo":{"@type":"ImageObject","inLanguage":"fr-FR","@id":"https:\/\/www.truzzer.com\/fr\/#\/schema\/logo\/image\/","url":"https:\/\/truzzer.com\/wp-content\/uploads\/2026\/01\/truzzer-logo-black-1.svg","contentUrl":"https:\/\/truzzer.com\/wp-content\/uploads\/2026\/01\/truzzer-logo-black-1.svg","width":938,"height":199,"caption":"truzzer"},"image":{"@id":"https:\/\/www.truzzer.com\/fr\/#\/schema\/logo\/image\/"}}]}},"_links":{"self":[{"href":"https:\/\/www.truzzer.com\/fr\/wp-json\/wp\/v2\/pages\/92385","targetHints":{"allow":["GET"]}}],"collection":[{"href":"https:\/\/www.truzzer.com\/fr\/wp-json\/wp\/v2\/pages"}],"about":[{"href":"https:\/\/www.truzzer.com\/fr\/wp-json\/wp\/v2\/types\/page"}],"author":[{"embeddable":true,"href":"https:\/\/www.truzzer.com\/fr\/wp-json\/wp\/v2\/users\/2"}],"replies":[{"embeddable":true,"href":"https:\/\/www.truzzer.com\/fr\/wp-json\/wp\/v2\/comments?post=92385"}],"version-history":[{"count":0,"href":"https:\/\/www.truzzer.com\/fr\/wp-json\/wp\/v2\/pages\/92385\/revisions"}],"wp:attachment":[{"href":"https:\/\/www.truzzer.com\/fr\/wp-json\/wp\/v2\/media?parent=92385"}],"curies":[{"name":"wp","href":"https:\/\/api.w.org\/{rel}","templated":true}]}}