{"id":96432,"date":"2026-02-04T15:43:35","date_gmt":"2026-02-04T15:43:35","guid":{"rendered":"https:\/\/beta.truzzer.com\/legal-information\/"},"modified":"2026-02-13T08:21:43","modified_gmt":"2026-02-13T08:21:43","slug":"legal-information","status":"publish","type":"page","link":"https:\/\/www.truzzer.com\/fr\/legal-information\/","title":{"rendered":"Informations l\u00e9gales"},"content":{"rendered":"<article class=\"entry-content post-22029 type de page-\u00e9tat de la page-publish hentry\" id=\"post-22029\">\n<p><strong>\u00a0<\/strong><\/p>\n<p>truzzer.com, un produit d&rsquo;eKomi Inc.<\/p>\n<p>9100 Wilshire Boulevard, #725 E<br \/>\nBeverly Hills, Californie 90210<\/p>\n<p><strong>Num\u00e9ro d&rsquo;identification d&#8217;employeur 46-3575280\u00a0 <\/strong><\/p>\n<h4><strong>Contact\u00a0:<\/strong><\/h4>\n<p>T\u00e9l\u00e9phone\u00a0:<\/p>\n<p>NL\u00a0: +31 0137009709<\/p>\n<p>\u00c9tats-Unis\u00a0: +1\u00a0844-356-6487<br \/>\nIT\u00a0: +39 800727483<br \/>\nFR\u00a0: +33-185149756<br \/>\nRoyaume-Uni\u00a0: +49\u00a0030 2000\u00a0444\u00a0999<br \/>\nES\u00a0: +34 911238286<\/p>\n<p>(Les questions recevront une r\u00e9ponse dans les 24\u00a0heures)<\/p>\n<p>Fax\u00a0: +49\u00a0030 2000\u00a0444\u00a0998<\/p>\n<p>E-mail\u00a0: <a class=\"__cf_email__\" data-cfemail=\"a2cac7cececde2d6d0d7d8d8c7d08cc1cdcf\" href=\"\/cdn-cgi\/l\/email-protection\">[email\u00a0protected]<\/a><\/p>\n<p>Conform\u00e9ment \u00e0 l&rsquo;article 36 de la loi allemande sur le r\u00e8glement des litiges de consommation (Verbraucherstreitbeilegungsgesetz), nous sommes tenus de vous informer sur la plateforme europ\u00e9enne de r\u00e8glement des litiges en ligne (plateforme ODR) mise \u00e0 disposition par la Commission europ\u00e9enne, disponible \u00e0 l&rsquo;adresse\u00a0:<\/p>\n<p>https:\/\/ec.europa.eu\/consumers\/odr.<\/p>\n<p>eKomi Holding GmbH ne participe pas aux proc\u00e9dures sur cette plateforme ni \u00e0 d&rsquo;autres proc\u00e9dures de r\u00e8glement des litiges men\u00e9es par un organisme d&rsquo;arbitrage, et n&rsquo;est pas non plus oblig\u00e9e de\u00a0le\u00a0faire.<\/p>\n<\/article>\n","protected":false},"excerpt":{"rendered":"<p>\u00a0 truzzer.com, un produit d&rsquo;eKomi Inc. 9100 Wilshire Boulevard, #725 E Beverly Hills, Californie 90210 Num\u00e9ro d&rsquo;identification d&#8217;employeur 46-3575280\u00a0 Contact\u00a0:<\/p>\n","protected":false},"author":1,"featured_media":0,"parent":0,"menu_order":0,"comment_status":"closed","ping_status":"closed","template":"","meta":{"_acf_changed":false,"_yoast_wpseo_focuskw":"","_yoast_wpseo_title":"","_yoast_wpseo_metadesc":"","footnotes":""},"class_list":["post-96432","page","type-page","status-publish","hentry"],"acf":[],"yoast_head":"<!-- This site is optimized with the Yoast SEO plugin v27.0 - https:\/\/yoast.com\/product\/yoast-seo-wordpress\/ -->\n<title>Informations l\u00e9gales | truzzer<\/title>\n<meta name=\"robots\" content=\"index, follow, max-snippet:-1, max-image-preview:large, max-video-preview:-1\" \/>\n<link rel=\"canonical\" href=\"https:\/\/www.truzzer.com\/fr\/legal-information\/\" \/>\n<meta property=\"og:locale\" content=\"fr_FR\" \/>\n<meta property=\"og:type\" content=\"article\" \/>\n<meta property=\"og:title\" content=\"Informations l\u00e9gales | truzzer\" \/>\n<meta property=\"og:description\" content=\"\u00a0 truzzer.com, un produit d&rsquo;eKomi Inc. 9100 Wilshire Boulevard, #725 E Beverly Hills, Californie 90210 Num\u00e9ro d&rsquo;identification d&#8217;employeur 46-3575280\u00a0 Contact\u00a0:\" \/>\n<meta property=\"og:url\" content=\"https:\/\/www.truzzer.com\/fr\/legal-information\/\" \/>\n<meta property=\"og:site_name\" content=\"truzzer\" \/>\n<meta property=\"article:modified_time\" content=\"2026-02-13T08:21:43+00:00\" \/>\n<meta name=\"twitter:card\" content=\"summary_large_image\" \/>\n<meta name=\"twitter:label1\" content=\"Dur\u00e9e de lecture estim\u00e9e\" \/>\n\t<meta name=\"twitter:data1\" content=\"1 minute\" \/>\n<script type=\"application\/ld+json\" class=\"yoast-schema-graph\">{\"@context\":\"https:\/\/schema.org\",\"@graph\":[{\"@type\":\"WebPage\",\"@id\":\"https:\/\/www.truzzer.com\/fr\/legal-information\/\",\"url\":\"https:\/\/www.truzzer.com\/fr\/legal-information\/\",\"name\":\"Informations l\u00e9gales | truzzer\",\"isPartOf\":{\"@id\":\"https:\/\/www.truzzer.com\/fr\/#website\"},\"datePublished\":\"2026-02-04T15:43:35+00:00\",\"dateModified\":\"2026-02-13T08:21:43+00:00\",\"breadcrumb\":{\"@id\":\"https:\/\/www.truzzer.com\/fr\/legal-information\/#breadcrumb\"},\"inLanguage\":\"fr-FR\",\"potentialAction\":[{\"@type\":\"ReadAction\",\"target\":[\"https:\/\/www.truzzer.com\/fr\/legal-information\/\"]}]},{\"@type\":\"BreadcrumbList\",\"@id\":\"https:\/\/www.truzzer.com\/fr\/legal-information\/#breadcrumb\",\"itemListElement\":[{\"@type\":\"ListItem\",\"position\":1,\"name\":\"Home\",\"item\":\"https:\/\/www.truzzer.com\/fr\/\"},{\"@type\":\"ListItem\",\"position\":2,\"name\":\"Informations l\u00e9gales\"}]},{\"@type\":\"WebSite\",\"@id\":\"https:\/\/www.truzzer.com\/fr\/#website\",\"url\":\"https:\/\/www.truzzer.com\/fr\/\",\"name\":\"truzzer\",\"description\":\"Experts for customer trust\",\"publisher\":{\"@id\":\"https:\/\/www.truzzer.com\/fr\/#organization\"},\"potentialAction\":[{\"@type\":\"SearchAction\",\"target\":{\"@type\":\"EntryPoint\",\"urlTemplate\":\"https:\/\/www.truzzer.com\/fr\/?s={search_term_string}\"},\"query-input\":{\"@type\":\"PropertyValueSpecification\",\"valueRequired\":true,\"valueName\":\"search_term_string\"}}],\"inLanguage\":\"fr-FR\"},{\"@type\":\"Organization\",\"@id\":\"https:\/\/www.truzzer.com\/fr\/#organization\",\"name\":\"truzzer\",\"url\":\"https:\/\/www.truzzer.com\/fr\/\",\"logo\":{\"@type\":\"ImageObject\",\"inLanguage\":\"fr-FR\",\"@id\":\"https:\/\/www.truzzer.com\/fr\/#\/schema\/logo\/image\/\",\"url\":\"https:\/\/truzzer.com\/wp-content\/uploads\/2026\/01\/truzzer-logo-black-1.svg\",\"contentUrl\":\"https:\/\/truzzer.com\/wp-content\/uploads\/2026\/01\/truzzer-logo-black-1.svg\",\"width\":938,\"height\":199,\"caption\":\"truzzer\"},\"image\":{\"@id\":\"https:\/\/www.truzzer.com\/fr\/#\/schema\/logo\/image\/\"}}]}<\/script>\n<!-- \/ Yoast SEO plugin. -->","yoast_head_json":{"title":"Informations l\u00e9gales | truzzer","robots":{"index":"index","follow":"follow","max-snippet":"max-snippet:-1","max-image-preview":"max-image-preview:large","max-video-preview":"max-video-preview:-1"},"canonical":"https:\/\/www.truzzer.com\/fr\/legal-information\/","og_locale":"fr_FR","og_type":"article","og_title":"Informations l\u00e9gales | truzzer","og_description":"\u00a0 truzzer.com, un produit d&rsquo;eKomi Inc. 9100 Wilshire Boulevard, #725 E Beverly Hills, Californie 90210 Num\u00e9ro d&rsquo;identification d&#8217;employeur 46-3575280\u00a0 Contact\u00a0:","og_url":"https:\/\/www.truzzer.com\/fr\/legal-information\/","og_site_name":"truzzer","article_modified_time":"2026-02-13T08:21:43+00:00","twitter_card":"summary_large_image","twitter_misc":{"Dur\u00e9e de lecture estim\u00e9e":"1 minute"},"schema":{"@context":"https:\/\/schema.org","@graph":[{"@type":"WebPage","@id":"https:\/\/www.truzzer.com\/fr\/legal-information\/","url":"https:\/\/www.truzzer.com\/fr\/legal-information\/","name":"Informations l\u00e9gales | truzzer","isPartOf":{"@id":"https:\/\/www.truzzer.com\/fr\/#website"},"datePublished":"2026-02-04T15:43:35+00:00","dateModified":"2026-02-13T08:21:43+00:00","breadcrumb":{"@id":"https:\/\/www.truzzer.com\/fr\/legal-information\/#breadcrumb"},"inLanguage":"fr-FR","potentialAction":[{"@type":"ReadAction","target":["https:\/\/www.truzzer.com\/fr\/legal-information\/"]}]},{"@type":"BreadcrumbList","@id":"https:\/\/www.truzzer.com\/fr\/legal-information\/#breadcrumb","itemListElement":[{"@type":"ListItem","position":1,"name":"Home","item":"https:\/\/www.truzzer.com\/fr\/"},{"@type":"ListItem","position":2,"name":"Informations l\u00e9gales"}]},{"@type":"WebSite","@id":"https:\/\/www.truzzer.com\/fr\/#website","url":"https:\/\/www.truzzer.com\/fr\/","name":"truzzer","description":"Experts for customer trust","publisher":{"@id":"https:\/\/www.truzzer.com\/fr\/#organization"},"potentialAction":[{"@type":"SearchAction","target":{"@type":"EntryPoint","urlTemplate":"https:\/\/www.truzzer.com\/fr\/?s={search_term_string}"},"query-input":{"@type":"PropertyValueSpecification","valueRequired":true,"valueName":"search_term_string"}}],"inLanguage":"fr-FR"},{"@type":"Organization","@id":"https:\/\/www.truzzer.com\/fr\/#organization","name":"truzzer","url":"https:\/\/www.truzzer.com\/fr\/","logo":{"@type":"ImageObject","inLanguage":"fr-FR","@id":"https:\/\/www.truzzer.com\/fr\/#\/schema\/logo\/image\/","url":"https:\/\/truzzer.com\/wp-content\/uploads\/2026\/01\/truzzer-logo-black-1.svg","contentUrl":"https:\/\/truzzer.com\/wp-content\/uploads\/2026\/01\/truzzer-logo-black-1.svg","width":938,"height":199,"caption":"truzzer"},"image":{"@id":"https:\/\/www.truzzer.com\/fr\/#\/schema\/logo\/image\/"}}]}},"_links":{"self":[{"href":"https:\/\/www.truzzer.com\/fr\/wp-json\/wp\/v2\/pages\/96432","targetHints":{"allow":["GET"]}}],"collection":[{"href":"https:\/\/www.truzzer.com\/fr\/wp-json\/wp\/v2\/pages"}],"about":[{"href":"https:\/\/www.truzzer.com\/fr\/wp-json\/wp\/v2\/types\/page"}],"author":[{"embeddable":true,"href":"https:\/\/www.truzzer.com\/fr\/wp-json\/wp\/v2\/users\/1"}],"replies":[{"embeddable":true,"href":"https:\/\/www.truzzer.com\/fr\/wp-json\/wp\/v2\/comments?post=96432"}],"version-history":[{"count":0,"href":"https:\/\/www.truzzer.com\/fr\/wp-json\/wp\/v2\/pages\/96432\/revisions"}],"wp:attachment":[{"href":"https:\/\/www.truzzer.com\/fr\/wp-json\/wp\/v2\/media?parent=96432"}],"curies":[{"name":"wp","href":"https:\/\/api.w.org\/{rel}","templated":true}]}}