{"id":96433,"date":"2026-02-04T15:43:10","date_gmt":"2026-02-04T15:43:10","guid":{"rendered":"https:\/\/beta.truzzer.com\/revocation\/"},"modified":"2026-02-13T08:22:34","modified_gmt":"2026-02-13T08:22:34","slug":"revocation","status":"publish","type":"page","link":"https:\/\/www.truzzer.com\/fr\/revocation\/","title":{"rendered":"R\u00e9vocation"},"content":{"rendered":"<article class=\"entry-content post-22031 type de page-\u00e9tat de la page-publish hentry\" id=\"post-22031\">\n<p><strong>\u00a0<\/strong><\/p>\n<p><strong>Avis aux consommateurs concernant l&rsquo;annulation des contrats portant sur des marchandises fournies en un seul envoi<\/strong><\/p>\n<p><em>Politique d&rsquo;annulation<\/em><br \/>\nUn consommateur est toute personne physique qui r\u00e9alise une transaction juridique \u00e0 des fins qui ne sont pour la plupart pas imputables \u00e0 une activit\u00e9 professionnelle de nature commerciale ou ind\u00e9pendante qu&rsquo;elle exerce.<\/p>\n<p><em>Droit de r\u00e9tractation<\/em><br \/>\nVous avez le droit de r\u00e9silier le pr\u00e9sent contrat sans donner de motifs dans un d\u00e9lai de r\u00e9tractation de quatorze jours \u00e0 compter du jour o\u00f9 vous ou un tiers d\u00e9sign\u00e9 par vous (vous ne pouvez pas d\u00e9signer le transporteur) prenez r\u00e9ception de la marchandise. Afin d&rsquo;exercer votre droit d&rsquo;annulation, vous devez nous en informer (<\/p>\n<p><strong>truzzer.com<\/strong><br \/>\nASMUS&amp;HOCK GbR<br \/>\nMoltkestr. 25<br \/>\n42799 AllemagneNum\u00e9ro de t\u00e9l\u00e9phone : +49 2175 978 366 3<br \/>\nAdresse e-mail\u00a0: <a class=\"__cf_email__\" data-cfemail=\"d7bfb2bbbbb897a3a5a2adadb2a5f9b4b8ba\" href=\"\/cdn-cgi\/l\/email-protection\">[email\u00a0protected]<\/a><\/p>\n<p>). Vous pouvez \u2013 mais n\u2019\u00eates pas oblig\u00e9 \u2013 utiliser le mod\u00e8le de formulaire d\u2019annulation annex\u00e9 \u00e0 ces conditions d\u2019annulation. Vous serez r\u00e9put\u00e9 avoir respect\u00e9 le d\u00e9lai de r\u00e9tractation susvis\u00e9 si votre lettre, fax ou email nous notifiant de l&rsquo;exercice de votre droit de r\u00e9tractation a \u00e9t\u00e9 envoy\u00e9 avant l&rsquo;expiration du d\u00e9lai de r\u00e9tractation.<\/p>\n<p><em>Cons\u00e9quences de l&rsquo;annulation<\/em><br \/>\nSi vous annulez ce contrat, nous sommes tenus de rembourser tous les paiements que nous avons re\u00e7us de votre part (y compris les frais d&rsquo;exp\u00e9dition, mais \u00e0 l&rsquo;exclusion des frais suppl\u00e9mentaires encourus du fait que vous avez choisi une option d&rsquo;exp\u00e9dition diff\u00e9rente de l&rsquo;option d&rsquo;exp\u00e9dition standard la moins ch\u00e8re que nous proposons) sans d\u00e9lai et dans un d\u00e9lai maximum de quatorze jours \u00e0 compter de la date \u00e0 laquelle nous recevons votre lettre, fax ou e-mail nous informant de l&rsquo;annulation du contrat. Le remboursement s&rsquo;effectue en utilisant le m\u00eame type de paiement que celui que vous avez utilis\u00e9 pour la transaction initiale, sauf accord contraire avec vous\u00a0; en aucun cas des frais ne vous seront factur\u00e9s en lien avec le remboursement. Nous nous r\u00e9servons le droit de refuser le remboursement jusqu&rsquo;\u00e0 ce que nous ayons r\u00e9ceptionn\u00e9 les marchandises retourn\u00e9es ou jusqu&rsquo;\u00e0 ce que vous ayez fourni la preuve que vous avez retourn\u00e9 les marchandises (selon la premi\u00e8re \u00e9ventualit\u00e9). Vous \u00eates tenu de nous restituer la marchandise sans d\u00e9lai et dans un d\u00e9lai maximum de quatorze jours \u00e0 compter de la date \u00e0 laquelle vous nous notifiez la r\u00e9siliation du pr\u00e9sent contrat. Vous serez r\u00e9put\u00e9 avoir respect\u00e9 le d\u00e9lai de retour susmentionn\u00e9 si vous exp\u00e9diez la marchandise avant l&rsquo;expiration du d\u00e9lai de quatorze jours.<\/p>\n<p>Vous \u00eates responsable des frais directs de retour des marchandises.<br \/>\nVous n&rsquo;\u00eates responsable de toute d\u00e9pr\u00e9ciation de la valeur des marchandises que si cette d\u00e9pr\u00e9ciation est imputable \u00e0 une manipulation non essentielle des marchandises par vous \u00e0 des fins autres que la v\u00e9rification de la nature, des propri\u00e9t\u00e9s et de la fonctionnalit\u00e9 de celles-ci.<\/p>\n<p><em>Mod\u00e8le de formulaire d&rsquo;annulation<\/em><br \/>\n(Si vous souhaitez annuler le contrat, veuillez remplir ce formulaire et nous le renvoyer.)<br \/>\n\u2013 \u00c0<\/p>\n<p><strong>truzzer.com<\/strong><br \/>\nASMUS&amp;HOCK GbR<br \/>\nMoltkestr. 25<br \/>\n42799 AllemagneNum\u00e9ro de t\u00e9l\u00e9phone : +49 2175 978 366 3<br \/>\nAdresse e-mail\u00a0: <a class=\"__cf_email__\" data-cfemail=\"2e464b4242416e5a5c5b54544b5c004d4143\" href=\"\/cdn-cgi\/l\/email-protection\">[email\u00a0protected]<\/a><\/p>\n<p>\u00a0:<br \/>\n\u2013 Je\/nous (*) r\u00e9silions par la pr\u00e9sente le contrat que j&rsquo;ai\/nous (*) conclu pour l&rsquo;achat des marchandises suivantes (*)\/la livraison du service suivant (*)<br \/>\n\u2013 Command\u00e9 (*)\/Re\u00e7u (*)<br \/>\n\u2013 Nom du(des) consommateur(s)<br \/>\n\u2013 Adresse du(des) consommateur(s)<br \/>\n\u2013 Signature du ou des consommateurs (obligatoire uniquement si la r\u00e9tractation est soumise sous forme papier)<br \/>\n\u2013Date<br \/>\n\u2014\u2014\u2014\u2014\u2014\u2014\u2014\u2014\u2014\u2014\u2014\u2014\u2014<br \/>\n(*) Supprimer la mention inutile.<\/p>\n<p><em>Exclusion et expiration pr\u00e9matur\u00e9e du droit de r\u00e9tractation<\/em><br \/>\nLe droit de r\u00e9tractation ne s&rsquo;applique pas aux contrats pour le<br \/>\nfourniture de biens qui ne sont pas pr\u00e9fabriqu\u00e9s et dont la fabrication est soit d\u00e9finie par les options choisies et les finalit\u00e9s envisag\u00e9es par le consommateur, soit clairement adapt\u00e9e aux besoins personnels du consommateur\u00a0;<br \/>\nla fourniture de biens susceptibles de p\u00e9rir rapidement ou de d\u00e9passer rapidement leur date de p\u00e9remption\u00a0;<br \/>\nla livraison de boissons alcoolis\u00e9es pour lesquelles un prix a \u00e9t\u00e9 convenu au moment de la conclusion du contrat mais qui ne peuvent \u00eatre livr\u00e9es qu&rsquo;au plus t\u00f4t 30 jours apr\u00e8s la conclusion du contrat et dont la valeur actuelle est soumise \u00e0 des fluctuations sur le march\u00e9 sur lesquelles l&rsquo;entrepreneur n&rsquo;a aucune influence\u00a0;<br \/>\nla fourniture de journaux, de revues ou de magazines sur papier glac\u00e9, \u00e0 l&rsquo;exception de ceux pour lesquels il existe un abonnement. Le droit de r\u00e9tractation expire pr\u00e9matur\u00e9ment en cas de contrats portant sur la fourniture de marchandises scell\u00e9es qui, pour des raisons de protection de la sant\u00e9 ou d&rsquo;hygi\u00e8ne, sont jug\u00e9es impropres \u00e0 la restitution dans la mesure o\u00f9 leur sceau a \u00e9t\u00e9 bris\u00e9 apr\u00e8s la livraison ; leur sceau a \u00e9t\u00e9 enlev\u00e9 apr\u00e8s la livraison.<\/p>\n<p><strong>Avis aux consommateurs concernant l&rsquo;annulation de contrats portant sur la fourniture de plusieurs biens command\u00e9s en une seule commande mais livr\u00e9s s\u00e9par\u00e9ment<\/strong><\/p>\n<p><em>Politique d&rsquo;annulation<\/em><br \/>\nUn consommateur est toute personne physique qui r\u00e9alise une transaction juridique \u00e0 des fins qui ne sont pour la plupart pas imputables \u00e0 une activit\u00e9 professionnelle de nature commerciale ou ind\u00e9pendante qu&rsquo;elle exerce.<\/p>\n<p><em>Droit de r\u00e9tractation<\/em><br \/>\nVous avez le droit de r\u00e9silier le pr\u00e9sent contrat sans donner de motifs dans un d\u00e9lai de r\u00e9tractation de quatorze jours \u00e0 compter du jour o\u00f9 vous ou un tiers d\u00e9sign\u00e9 par vous (vous ne pouvez pas d\u00e9signer le transporteur) prenez r\u00e9ception de la derni\u00e8re marchandise. Afin d&rsquo;exercer votre droit d&rsquo;annulation, vous devez nous en informer (<\/p>\n<p><strong>truzzer.com<\/strong><br \/>\nASMUS&amp;HOCK GbR<br \/>\nMoltkestr. 25<br \/>\n42799 AllemagneNum\u00e9ro de t\u00e9l\u00e9phone : +49 2175 978 366 3<br \/>\nAdresse e-mail\u00a0: <a class=\"__cf_email__\" data-cfemail=\"375f525b5b58774345424d4d52451954585a\" href=\"\/cdn-cgi\/l\/email-protection\">[email\u00a0protected]<\/a>) de votre d\u00e9cision de r\u00e9silier ce contrat au moyen d&rsquo;une d\u00e9claration sans \u00e9quivoque (par exemple sous la forme d&rsquo;une lettre envoy\u00e9e par courrier, un fax ou un email). Vous pouvez \u2013 mais n\u2019\u00eates pas oblig\u00e9 \u2013 utiliser le mod\u00e8le de formulaire d\u2019annulation annex\u00e9 \u00e0 ces conditions d\u2019annulation. Vous serez r\u00e9put\u00e9 avoir respect\u00e9 le d\u00e9lai de r\u00e9tractation susvis\u00e9 si votre lettre, fax ou email nous notifiant de l&rsquo;exercice de votre droit de r\u00e9tractation a \u00e9t\u00e9 envoy\u00e9 avant l&rsquo;expiration du d\u00e9lai de r\u00e9tractation.<\/p>\n<p><em>Cons\u00e9quences de l&rsquo;annulation<\/em><br \/>\nSi vous annulez ce contrat, nous sommes tenus de rembourser tous les paiements que nous avons re\u00e7us de votre part (y compris les frais d&rsquo;exp\u00e9dition mais \u00e0 l&rsquo;exclusion des frais suppl\u00e9mentaires encourus du fait que vous avez choisi une option d&rsquo;exp\u00e9dition diff\u00e9rente de l&rsquo;option d&rsquo;exp\u00e9dition standard la moins ch\u00e8re que nous proposons) sans d\u00e9lai et dans un d\u00e9lai maximum de quatorze jours \u00e0 compter de la date \u00e0 laquelle nous recevons votre lettre, fax ou e-mail nous informant de l&rsquo;annulation de ce contrat. Le remboursement s&rsquo;effectue en utilisant le m\u00eame type de paiement que celui que vous avez utilis\u00e9 pour la transaction initiale, sauf accord contraire avec vous\u00a0; en aucun cas des frais ne vous seront factur\u00e9s en lien avec le remboursement. Nous nous r\u00e9servons le droit de refuser le remboursement jusqu&rsquo;\u00e0 ce que nous ayons r\u00e9ceptionn\u00e9 les marchandises retourn\u00e9es ou jusqu&rsquo;\u00e0 ce que vous ayez fourni la preuve que vous avez retourn\u00e9 les marchandises (selon la premi\u00e8re \u00e9ventualit\u00e9). Vous \u00eates tenu de nous restituer la marchandise sans d\u00e9lai et dans un d\u00e9lai maximum de quatorze jours \u00e0 compter de la date \u00e0 laquelle vous nous notifiez la r\u00e9siliation du pr\u00e9sent contrat. Vous serez r\u00e9put\u00e9 avoir respect\u00e9 le d\u00e9lai de retour susmentionn\u00e9 si vous exp\u00e9diez la marchandise avant l&rsquo;expiration du d\u00e9lai de quatorze jours.<\/p>\n<p>Vous \u00eates responsable des frais directs de retour des marchandises. Vous n&rsquo;\u00eates responsable de toute d\u00e9pr\u00e9ciation de la valeur des marchandises que si cette d\u00e9pr\u00e9ciation est imputable \u00e0 une manipulation non essentielle des marchandises par vous \u00e0 des fins autres que la v\u00e9rification de la nature, des propri\u00e9t\u00e9s et de la fonctionnalit\u00e9 de celles-ci.<\/p>\n<p><em>Mod\u00e8le de formulaire d&rsquo;annulation<\/em><br \/>\n(Si vous souhaitez annuler le contrat, veuillez remplir ce formulaire et nous le renvoyer.)<br \/>\n\u2013 \u00c0<\/p>\n<p><strong>truzzer.com<\/strong><br \/>\nASMUS&amp;HOCK GbR<br \/>\nMoltkestr. 25<br \/>\n42799 AllemagneNum\u00e9ro de t\u00e9l\u00e9phone : +49 2175 978 366 3<br \/>\nAdresse e-mail\u00a0: <a class=\"__cf_email__\" data-cfemail=\"1f777a7373705f6b6d6a65657a6d317c7072\" href=\"\/cdn-cgi\/l\/email-protection\">[email\u00a0protected]<\/a><\/p>\n<p>\u00a0:<br \/>\n\u2013 Je\/nous (*) r\u00e9silions par la pr\u00e9sente le contrat que j&rsquo;ai\/nous (*) conclu pour l&rsquo;achat des marchandises suivantes (*)\/la livraison du service suivant (*)<br \/>\n\u2013 Command\u00e9 (*)\/Re\u00e7u (*)<br \/>\n\u2013 Nom du(des) consommateur(s)<br \/>\n\u2013 Adresse du(des) consommateur(s)<br \/>\n\u2013 Signature du ou des consommateurs (obligatoire uniquement si la r\u00e9tractation est soumise sous forme papier)<br \/>\n\u2013Date<br \/>\n\u2014\u2014\u2014\u2014\u2014\u2014\u2014\u2014\u2014\u2014\u2014\u2014\u2014<br \/>\n(*) Supprimer la mention inutile.<\/p>\n<p><em>Exclusion et expiration pr\u00e9matur\u00e9e du droit de r\u00e9tractation<\/em><br \/>\nLe droit de r\u00e9tractation ne s&rsquo;applique pas aux contrats de fourniture de biens qui ne sont pas pr\u00e9fabriqu\u00e9s et dont la fabrication est soit d\u00e9finie par les options choisies et les finalit\u00e9s pr\u00e9vues par le consommateur, soit clairement adapt\u00e9e aux besoins personnels du consommateur\u00a0;<br \/>\nla fourniture de biens susceptibles de p\u00e9rir rapidement ou de d\u00e9passer rapidement leur date de p\u00e9remption\u00a0;<br \/>\nla livraison de boissons alcoolis\u00e9es pour lesquelles un prix a \u00e9t\u00e9 convenu au moment de la conclusion du contrat mais qui ne peuvent \u00eatre livr\u00e9es qu&rsquo;au plus t\u00f4t 30 jours apr\u00e8s la conclusion du contrat et dont la valeur actuelle est soumise \u00e0 des fluctuations sur le march\u00e9 sur lesquelles l&rsquo;entrepreneur n&rsquo;a aucune influence\u00a0;<br \/>\nla fourniture de journaux, de revues ou de magazines sur papier glac\u00e9, \u00e0 l&rsquo;exception de ceux pour lesquels il existe un abonnement. Le droit de r\u00e9tractation expire pr\u00e9matur\u00e9ment en cas de contrats portant sur la fourniture de marchandises scell\u00e9es qui, pour des raisons de protection de la sant\u00e9 ou d&rsquo;hygi\u00e8ne, sont jug\u00e9es impropres \u00e0 la restitution dans la mesure o\u00f9 leur sceau a \u00e9t\u00e9 bris\u00e9 apr\u00e8s la livraison ; leur sceau a \u00e9t\u00e9 enlev\u00e9 apr\u00e8s la livraison.<\/p>\n<p><strong>Avis aux consommateurs concernant l&rsquo;annulation de contrats portant sur des marchandises fournies en plusieurs envois ou parties<\/strong><\/p>\n<p><em>Politique d&rsquo;annulation<\/em><br \/>\nUn consommateur est toute personne physique qui r\u00e9alise une transaction juridique \u00e0 des fins qui ne sont pour la plupart pas imputables \u00e0 une activit\u00e9 professionnelle de nature commerciale ou ind\u00e9pendante qu&rsquo;elle exerce.<\/p>\n<p><em>Droit de r\u00e9tractation<\/em><br \/>\nVous avez le droit de r\u00e9silier le pr\u00e9sent contrat sans donner de motifs dans un d\u00e9lai de r\u00e9tractation de quatorze jours \u00e0 compter du jour o\u00f9 vous ou un tiers d\u00e9sign\u00e9 par vous (vous ne pouvez pas d\u00e9signer le transporteur) prenez r\u00e9ception du dernier envoi ou de la derni\u00e8re partie des marchandises command\u00e9es. Afin d&rsquo;exercer votre droit d&rsquo;annulation, vous devez nous en informer (<\/p>\n<p><strong>truzzer.com<\/strong><br \/>\nASMUS&amp;HOCK GbR<br \/>\nMoltkestr. 25<br \/>\n42799 AllemagneNum\u00e9ro de t\u00e9l\u00e9phone : +49 2175 978 366 3<br \/>\nAdresse e-mail\u00a0: <a class=\"__cf_email__\" data-cfemail=\"640c0108080b241016111e1e01164a070b09\" href=\"\/cdn-cgi\/l\/email-protection\">[email\u00a0protected]<\/a><\/p>\n<p>) de votre d\u00e9cision de r\u00e9silier ce contrat au moyen d&rsquo;une d\u00e9claration sans \u00e9quivoque (par exemple sous la forme d&rsquo;une lettre envoy\u00e9e par la poste, d&rsquo;un fax ou d&rsquo;un e-mail). Vous pouvez \u2013 mais n\u2019\u00eates pas oblig\u00e9 \u2013 utiliser le mod\u00e8le de formulaire d\u2019annulation annex\u00e9 \u00e0 ces conditions d\u2019annulation. Vous serez r\u00e9put\u00e9 avoir respect\u00e9 le d\u00e9lai de r\u00e9tractation susvis\u00e9 si votre lettre, fax ou email nous notifiant de l&rsquo;exercice de votre droit de r\u00e9tractation a \u00e9t\u00e9 envoy\u00e9 avant l&rsquo;expiration du d\u00e9lai de r\u00e9tractation.<\/p>\n<p><em>Cons\u00e9quences de l&rsquo;annulation<\/em><br \/>\nSi vous annulez ce contrat, nous sommes tenus de rembourser tous les paiements que nous avons re\u00e7us de votre part (y compris les frais d&rsquo;exp\u00e9dition mais \u00e0 l&rsquo;exclusion des frais suppl\u00e9mentaires encourus du fait que vous avez choisi une option d&rsquo;exp\u00e9dition diff\u00e9rente de l&rsquo;option d&rsquo;exp\u00e9dition standard la moins ch\u00e8re que nous proposons) sans d\u00e9lai et dans un d\u00e9lai maximum de quatorze jours \u00e0 compter de la date \u00e0 laquelle nous recevons votre lettre, fax ou e-mail nous informant de l&rsquo;annulation de ce contrat. Le remboursement s&rsquo;effectue en utilisant le m\u00eame type de paiement que celui que vous avez utilis\u00e9 pour la transaction initiale, sauf accord contraire avec vous\u00a0; en aucun cas des frais ne vous seront factur\u00e9s en lien avec le remboursement. Nous nous r\u00e9servons le droit de refuser le remboursement jusqu&rsquo;\u00e0 ce que nous ayons r\u00e9ceptionn\u00e9 les marchandises retourn\u00e9es ou jusqu&rsquo;\u00e0 ce que vous ayez fourni la preuve que vous avez retourn\u00e9 les marchandises (selon la premi\u00e8re \u00e9ventualit\u00e9). Vous \u00eates tenu de nous restituer la marchandise sans d\u00e9lai et dans un d\u00e9lai maximum de quatorze jours \u00e0 compter de la date \u00e0 laquelle vous nous informez de la r\u00e9siliation du pr\u00e9sent contrat. Vous serez r\u00e9put\u00e9 avoir respect\u00e9 le d\u00e9lai de retour susmentionn\u00e9 si vous exp\u00e9diez la marchandise avant l&rsquo;expiration du d\u00e9lai de quatorze jours.<\/p>\n<p>Vous \u00eates responsable des frais directs de retour des marchandises. Vous n&rsquo;\u00eates responsable de toute d\u00e9pr\u00e9ciation de la valeur des marchandises que si cette d\u00e9pr\u00e9ciation est imputable \u00e0 une manipulation non essentielle des marchandises par vous \u00e0 des fins autres que la v\u00e9rification de la nature, des propri\u00e9t\u00e9s et de la fonctionnalit\u00e9 de celles-ci.<em>Mod\u00e8le de formulaire d&rsquo;annulation<\/em>(Si vous souhaitez annuler le contrat, veuillez remplir ce formulaire et nous le renvoyer.)<br \/>\n\u2013 \u00c0\u00a0:<\/p>\n<p><strong>truzzer.com<\/strong><br \/>\nASMUS&amp;HOCK GbR<br \/>\nMoltkestr. 25<br \/>\n42799 AllemagneNum\u00e9ro de t\u00e9l\u00e9phone : +49 2175 978 366 3<br \/>\nAdresse e-mail\u00a0: <a class=\"__cf_email__\" data-cfemail=\"5f373a3333301f2b2d2a25253a2d713c3032\" href=\"\/cdn-cgi\/l\/email-protection\">[email\u00a0protected]<\/a><\/p>\n<p>\u2013 Je\/nous (*) r\u00e9silions par la pr\u00e9sente le contrat que j&rsquo;ai\/nous (*) conclu pour l&rsquo;achat des biens suivants (*)\/la livraison du service suivant (*)<br \/>\n\u2013 Command\u00e9 (*)\/Re\u00e7u (*)<br \/>\n\u2013 Nom du(des) consommateur(s)<br \/>\n\u2013 Adresse du(des) consommateur(s)<br \/>\n\u2013 Signature du ou des consommateurs (obligatoire uniquement si la r\u00e9tractation est soumise sous forme papier)<br \/>\n\u2013Date<br \/>\n\u2014\u2014\u2014\u2014\u2014\u2014\u2014\u2014\u2014\u2014\u2014\u2014\u2014<br \/>\n(*) Supprimer la mention inutile.<\/p>\n<p><em>Exclusion et expiration pr\u00e9matur\u00e9e du droit de r\u00e9tractation<\/em><br \/>\nLe droit de r\u00e9tractation ne s&rsquo;applique pas aux contrats pour le<br \/>\nfourniture de biens qui ne sont pas pr\u00e9fabriqu\u00e9s et dont la fabrication est soit d\u00e9finie par les options choisies et les finalit\u00e9s envisag\u00e9es par le consommateur, soit clairement adapt\u00e9e aux besoins personnels du consommateur\u00a0;<br \/>\nla fourniture de biens susceptibles de p\u00e9rir rapidement ou de d\u00e9passer rapidement leur date de p\u00e9remption\u00a0;<br \/>\nla livraison de boissons alcoolis\u00e9es pour lesquelles un prix a \u00e9t\u00e9 convenu au moment de la conclusion du contrat mais qui ne peuvent \u00eatre livr\u00e9es qu&rsquo;au plus t\u00f4t 30 jours apr\u00e8s la conclusion du contrat et dont la valeur actuelle est soumise \u00e0 des fluctuations sur le march\u00e9 sur lesquelles l&rsquo;entrepreneur n&rsquo;a aucune influence\u00a0;<br \/>\nla fourniture de journaux, de revues ou de magazines sur papier glac\u00e9, \u00e0 l&rsquo;exception de ceux pour lesquels il existe un abonnement. Le droit de r\u00e9tractation expire pr\u00e9matur\u00e9ment en cas de contrats portant sur la fourniture de marchandises scell\u00e9es qui, pour des raisons de protection de la sant\u00e9 ou d&rsquo;hygi\u00e8ne, sont jug\u00e9es impropres \u00e0 la restitution dans la mesure o\u00f9 leur sceau a \u00e9t\u00e9 bris\u00e9 apr\u00e8s la livraison ; leur sceau a \u00e9t\u00e9 enlev\u00e9 apr\u00e8s la livraison.<\/p>\n<\/article>\n","protected":false},"excerpt":{"rendered":"<p>\u00a0 Avis aux consommateurs concernant l&rsquo;annulation des contrats portant sur des marchandises fournies en un seul envoi Politique d&rsquo;annulation Un<\/p>\n","protected":false},"author":1,"featured_media":0,"parent":0,"menu_order":0,"comment_status":"closed","ping_status":"closed","template":"","meta":{"_acf_changed":false,"_yoast_wpseo_focuskw":"","_yoast_wpseo_title":"","_yoast_wpseo_metadesc":"","footnotes":""},"class_list":["post-96433","page","type-page","status-publish","hentry"],"acf":[],"yoast_head":"<!-- This site is optimized with the Yoast SEO plugin v27.0 - https:\/\/yoast.com\/product\/yoast-seo-wordpress\/ -->\n<title>R\u00e9vocation | truzzer<\/title>\n<meta name=\"robots\" content=\"index, follow, max-snippet:-1, max-image-preview:large, max-video-preview:-1\" \/>\n<link rel=\"canonical\" href=\"https:\/\/www.truzzer.com\/fr\/revocation\/\" \/>\n<meta property=\"og:locale\" content=\"fr_FR\" \/>\n<meta property=\"og:type\" content=\"article\" \/>\n<meta property=\"og:title\" content=\"R\u00e9vocation | truzzer\" \/>\n<meta property=\"og:description\" content=\"\u00a0 Avis aux consommateurs concernant l&rsquo;annulation des contrats portant sur des marchandises fournies en un seul envoi Politique d&rsquo;annulation Un\" \/>\n<meta property=\"og:url\" content=\"https:\/\/www.truzzer.com\/fr\/revocation\/\" \/>\n<meta property=\"og:site_name\" content=\"truzzer\" \/>\n<meta property=\"article:modified_time\" content=\"2026-02-13T08:22:34+00:00\" \/>\n<meta name=\"twitter:card\" content=\"summary_large_image\" \/>\n<meta name=\"twitter:label1\" content=\"Dur\u00e9e de lecture estim\u00e9e\" \/>\n\t<meta name=\"twitter:data1\" content=\"12 minutes\" \/>\n<script type=\"application\/ld+json\" class=\"yoast-schema-graph\">{\"@context\":\"https:\/\/schema.org\",\"@graph\":[{\"@type\":\"WebPage\",\"@id\":\"https:\/\/www.truzzer.com\/fr\/revocation\/\",\"url\":\"https:\/\/www.truzzer.com\/fr\/revocation\/\",\"name\":\"R\u00e9vocation | truzzer\",\"isPartOf\":{\"@id\":\"https:\/\/www.truzzer.com\/fr\/#website\"},\"datePublished\":\"2026-02-04T15:43:10+00:00\",\"dateModified\":\"2026-02-13T08:22:34+00:00\",\"breadcrumb\":{\"@id\":\"https:\/\/www.truzzer.com\/fr\/revocation\/#breadcrumb\"},\"inLanguage\":\"fr-FR\",\"potentialAction\":[{\"@type\":\"ReadAction\",\"target\":[\"https:\/\/www.truzzer.com\/fr\/revocation\/\"]}]},{\"@type\":\"BreadcrumbList\",\"@id\":\"https:\/\/www.truzzer.com\/fr\/revocation\/#breadcrumb\",\"itemListElement\":[{\"@type\":\"ListItem\",\"position\":1,\"name\":\"Home\",\"item\":\"https:\/\/www.truzzer.com\/fr\/\"},{\"@type\":\"ListItem\",\"position\":2,\"name\":\"R\u00e9vocation\"}]},{\"@type\":\"WebSite\",\"@id\":\"https:\/\/www.truzzer.com\/fr\/#website\",\"url\":\"https:\/\/www.truzzer.com\/fr\/\",\"name\":\"truzzer\",\"description\":\"Experts for customer trust\",\"publisher\":{\"@id\":\"https:\/\/www.truzzer.com\/fr\/#organization\"},\"potentialAction\":[{\"@type\":\"SearchAction\",\"target\":{\"@type\":\"EntryPoint\",\"urlTemplate\":\"https:\/\/www.truzzer.com\/fr\/?s={search_term_string}\"},\"query-input\":{\"@type\":\"PropertyValueSpecification\",\"valueRequired\":true,\"valueName\":\"search_term_string\"}}],\"inLanguage\":\"fr-FR\"},{\"@type\":\"Organization\",\"@id\":\"https:\/\/www.truzzer.com\/fr\/#organization\",\"name\":\"truzzer\",\"url\":\"https:\/\/www.truzzer.com\/fr\/\",\"logo\":{\"@type\":\"ImageObject\",\"inLanguage\":\"fr-FR\",\"@id\":\"https:\/\/www.truzzer.com\/fr\/#\/schema\/logo\/image\/\",\"url\":\"https:\/\/truzzer.com\/wp-content\/uploads\/2026\/01\/truzzer-logo-black-1.svg\",\"contentUrl\":\"https:\/\/truzzer.com\/wp-content\/uploads\/2026\/01\/truzzer-logo-black-1.svg\",\"width\":938,\"height\":199,\"caption\":\"truzzer\"},\"image\":{\"@id\":\"https:\/\/www.truzzer.com\/fr\/#\/schema\/logo\/image\/\"}}]}<\/script>\n<!-- \/ Yoast SEO plugin. -->","yoast_head_json":{"title":"R\u00e9vocation | truzzer","robots":{"index":"index","follow":"follow","max-snippet":"max-snippet:-1","max-image-preview":"max-image-preview:large","max-video-preview":"max-video-preview:-1"},"canonical":"https:\/\/www.truzzer.com\/fr\/revocation\/","og_locale":"fr_FR","og_type":"article","og_title":"R\u00e9vocation | truzzer","og_description":"\u00a0 Avis aux consommateurs concernant l&rsquo;annulation des contrats portant sur des marchandises fournies en un seul envoi Politique d&rsquo;annulation Un","og_url":"https:\/\/www.truzzer.com\/fr\/revocation\/","og_site_name":"truzzer","article_modified_time":"2026-02-13T08:22:34+00:00","twitter_card":"summary_large_image","twitter_misc":{"Dur\u00e9e de lecture estim\u00e9e":"12 minutes"},"schema":{"@context":"https:\/\/schema.org","@graph":[{"@type":"WebPage","@id":"https:\/\/www.truzzer.com\/fr\/revocation\/","url":"https:\/\/www.truzzer.com\/fr\/revocation\/","name":"R\u00e9vocation | truzzer","isPartOf":{"@id":"https:\/\/www.truzzer.com\/fr\/#website"},"datePublished":"2026-02-04T15:43:10+00:00","dateModified":"2026-02-13T08:22:34+00:00","breadcrumb":{"@id":"https:\/\/www.truzzer.com\/fr\/revocation\/#breadcrumb"},"inLanguage":"fr-FR","potentialAction":[{"@type":"ReadAction","target":["https:\/\/www.truzzer.com\/fr\/revocation\/"]}]},{"@type":"BreadcrumbList","@id":"https:\/\/www.truzzer.com\/fr\/revocation\/#breadcrumb","itemListElement":[{"@type":"ListItem","position":1,"name":"Home","item":"https:\/\/www.truzzer.com\/fr\/"},{"@type":"ListItem","position":2,"name":"R\u00e9vocation"}]},{"@type":"WebSite","@id":"https:\/\/www.truzzer.com\/fr\/#website","url":"https:\/\/www.truzzer.com\/fr\/","name":"truzzer","description":"Experts for customer trust","publisher":{"@id":"https:\/\/www.truzzer.com\/fr\/#organization"},"potentialAction":[{"@type":"SearchAction","target":{"@type":"EntryPoint","urlTemplate":"https:\/\/www.truzzer.com\/fr\/?s={search_term_string}"},"query-input":{"@type":"PropertyValueSpecification","valueRequired":true,"valueName":"search_term_string"}}],"inLanguage":"fr-FR"},{"@type":"Organization","@id":"https:\/\/www.truzzer.com\/fr\/#organization","name":"truzzer","url":"https:\/\/www.truzzer.com\/fr\/","logo":{"@type":"ImageObject","inLanguage":"fr-FR","@id":"https:\/\/www.truzzer.com\/fr\/#\/schema\/logo\/image\/","url":"https:\/\/truzzer.com\/wp-content\/uploads\/2026\/01\/truzzer-logo-black-1.svg","contentUrl":"https:\/\/truzzer.com\/wp-content\/uploads\/2026\/01\/truzzer-logo-black-1.svg","width":938,"height":199,"caption":"truzzer"},"image":{"@id":"https:\/\/www.truzzer.com\/fr\/#\/schema\/logo\/image\/"}}]}},"_links":{"self":[{"href":"https:\/\/www.truzzer.com\/fr\/wp-json\/wp\/v2\/pages\/96433","targetHints":{"allow":["GET"]}}],"collection":[{"href":"https:\/\/www.truzzer.com\/fr\/wp-json\/wp\/v2\/pages"}],"about":[{"href":"https:\/\/www.truzzer.com\/fr\/wp-json\/wp\/v2\/types\/page"}],"author":[{"embeddable":true,"href":"https:\/\/www.truzzer.com\/fr\/wp-json\/wp\/v2\/users\/1"}],"replies":[{"embeddable":true,"href":"https:\/\/www.truzzer.com\/fr\/wp-json\/wp\/v2\/comments?post=96433"}],"version-history":[{"count":0,"href":"https:\/\/www.truzzer.com\/fr\/wp-json\/wp\/v2\/pages\/96433\/revisions"}],"wp:attachment":[{"href":"https:\/\/www.truzzer.com\/fr\/wp-json\/wp\/v2\/media?parent=96433"}],"curies":[{"name":"wp","href":"https:\/\/api.w.org\/{rel}","templated":true}]}}