{"id":96435,"date":"2026-02-04T15:42:54","date_gmt":"2026-02-04T15:42:54","guid":{"rendered":"https:\/\/beta.truzzer.com\/payment-methods\/"},"modified":"2026-02-13T08:24:34","modified_gmt":"2026-02-13T08:24:34","slug":"payment-methods","status":"publish","type":"page","link":"https:\/\/www.truzzer.com\/fr\/payment-methods\/","title":{"rendered":"M\u00e9thodes de paiement"},"content":{"rendered":"<article class=\"entry-content post-22034 type de page-\u00e9tat de la page-publish hentry\" id=\"post-22034\">\n<p><strong>\u00a0<\/strong><\/p>\n<p><strong>Types de paiement<\/strong><\/p>\n<p>Nous vous proposons les types de paiement suivants. Parcourez simplement la liste pour trouver le type de paiement qui vous convient le mieux. Les frais d&rsquo;exp\u00e9dition peuvent varier en fonction du type de paiement s\u00e9lectionn\u00e9. Les prix indiqu\u00e9s dans les offres respectives sont d\u00e9finitifs et incluent tous les \u00e9l\u00e9ments de prix (y compris toute taxe applicable telle que la taxe sur la valeur ajout\u00e9e (TVA)). Les autres taxes (par exemple celles applicables aux achats intracommunautaires) et\/ou droits (par exemple droits de douane) ne sont encourus que dans le cadre de transactions transfrontali\u00e8res et sont payables aux autorit\u00e9s douani\u00e8res et\/ou fiscales respectives et non au vendeur. Les frais d&rsquo;envoi et de livraison ne sont pas inclus dans le prix d&rsquo;achat et sont consultables sur la page \u00ab Frais d&rsquo;envoi \u00bb. Ils sont indiqu\u00e9s s\u00e9par\u00e9ment lors du processus de commande et sont \u00e0 r\u00e9gler par vos soins en suppl\u00e9ment du prix d&rsquo;achat.<\/p>\n<p><em>Amazon Pay<\/em><\/p>\n<p><em>id\u00e9al<\/em><\/p>\n<p><em>Virement bancaire direct<\/em><\/p>\n<p>EPS<\/p>\n<\/article>\n","protected":false},"excerpt":{"rendered":"<p>\u00a0 Types de paiement Nous vous proposons les types de paiement suivants. Parcourez simplement la liste pour trouver le type<\/p>\n","protected":false},"author":1,"featured_media":0,"parent":0,"menu_order":0,"comment_status":"closed","ping_status":"closed","template":"","meta":{"_acf_changed":false,"_yoast_wpseo_focuskw":"","_yoast_wpseo_title":"","_yoast_wpseo_metadesc":"","footnotes":""},"class_list":["post-96435","page","type-page","status-publish","hentry"],"acf":[],"yoast_head":"<!-- This site is optimized with the Yoast SEO plugin v27.0 - https:\/\/yoast.com\/product\/yoast-seo-wordpress\/ -->\n<title>M\u00e9thodes de paiement | truzzer<\/title>\n<meta name=\"robots\" content=\"index, follow, max-snippet:-1, max-image-preview:large, max-video-preview:-1\" \/>\n<link rel=\"canonical\" href=\"https:\/\/www.truzzer.com\/fr\/payment-methods\/\" \/>\n<meta property=\"og:locale\" content=\"fr_FR\" \/>\n<meta property=\"og:type\" content=\"article\" \/>\n<meta property=\"og:title\" content=\"M\u00e9thodes de paiement | truzzer\" \/>\n<meta property=\"og:description\" content=\"\u00a0 Types de paiement Nous vous proposons les types de paiement suivants. Parcourez simplement la liste pour trouver le type\" \/>\n<meta property=\"og:url\" content=\"https:\/\/www.truzzer.com\/fr\/payment-methods\/\" \/>\n<meta property=\"og:site_name\" content=\"truzzer\" \/>\n<meta property=\"article:modified_time\" content=\"2026-02-13T08:24:34+00:00\" \/>\n<meta name=\"twitter:card\" content=\"summary_large_image\" \/>\n<meta name=\"twitter:label1\" content=\"Dur\u00e9e de lecture estim\u00e9e\" \/>\n\t<meta name=\"twitter:data1\" content=\"1 minute\" \/>\n<script type=\"application\/ld+json\" class=\"yoast-schema-graph\">{\"@context\":\"https:\/\/schema.org\",\"@graph\":[{\"@type\":\"WebPage\",\"@id\":\"https:\/\/www.truzzer.com\/fr\/payment-methods\/\",\"url\":\"https:\/\/www.truzzer.com\/fr\/payment-methods\/\",\"name\":\"M\u00e9thodes de paiement | truzzer\",\"isPartOf\":{\"@id\":\"https:\/\/www.truzzer.com\/fr\/#website\"},\"datePublished\":\"2026-02-04T15:42:54+00:00\",\"dateModified\":\"2026-02-13T08:24:34+00:00\",\"breadcrumb\":{\"@id\":\"https:\/\/www.truzzer.com\/fr\/payment-methods\/#breadcrumb\"},\"inLanguage\":\"fr-FR\",\"potentialAction\":[{\"@type\":\"ReadAction\",\"target\":[\"https:\/\/www.truzzer.com\/fr\/payment-methods\/\"]}]},{\"@type\":\"BreadcrumbList\",\"@id\":\"https:\/\/www.truzzer.com\/fr\/payment-methods\/#breadcrumb\",\"itemListElement\":[{\"@type\":\"ListItem\",\"position\":1,\"name\":\"Home\",\"item\":\"https:\/\/www.truzzer.com\/fr\/\"},{\"@type\":\"ListItem\",\"position\":2,\"name\":\"M\u00e9thodes de paiement\"}]},{\"@type\":\"WebSite\",\"@id\":\"https:\/\/www.truzzer.com\/fr\/#website\",\"url\":\"https:\/\/www.truzzer.com\/fr\/\",\"name\":\"truzzer\",\"description\":\"Experts for customer trust\",\"publisher\":{\"@id\":\"https:\/\/www.truzzer.com\/fr\/#organization\"},\"potentialAction\":[{\"@type\":\"SearchAction\",\"target\":{\"@type\":\"EntryPoint\",\"urlTemplate\":\"https:\/\/www.truzzer.com\/fr\/?s={search_term_string}\"},\"query-input\":{\"@type\":\"PropertyValueSpecification\",\"valueRequired\":true,\"valueName\":\"search_term_string\"}}],\"inLanguage\":\"fr-FR\"},{\"@type\":\"Organization\",\"@id\":\"https:\/\/www.truzzer.com\/fr\/#organization\",\"name\":\"truzzer\",\"url\":\"https:\/\/www.truzzer.com\/fr\/\",\"logo\":{\"@type\":\"ImageObject\",\"inLanguage\":\"fr-FR\",\"@id\":\"https:\/\/www.truzzer.com\/fr\/#\/schema\/logo\/image\/\",\"url\":\"https:\/\/truzzer.com\/wp-content\/uploads\/2026\/01\/truzzer-logo-black-1.svg\",\"contentUrl\":\"https:\/\/truzzer.com\/wp-content\/uploads\/2026\/01\/truzzer-logo-black-1.svg\",\"width\":938,\"height\":199,\"caption\":\"truzzer\"},\"image\":{\"@id\":\"https:\/\/www.truzzer.com\/fr\/#\/schema\/logo\/image\/\"}}]}<\/script>\n<!-- \/ Yoast SEO plugin. -->","yoast_head_json":{"title":"M\u00e9thodes de paiement | truzzer","robots":{"index":"index","follow":"follow","max-snippet":"max-snippet:-1","max-image-preview":"max-image-preview:large","max-video-preview":"max-video-preview:-1"},"canonical":"https:\/\/www.truzzer.com\/fr\/payment-methods\/","og_locale":"fr_FR","og_type":"article","og_title":"M\u00e9thodes de paiement | truzzer","og_description":"\u00a0 Types de paiement Nous vous proposons les types de paiement suivants. Parcourez simplement la liste pour trouver le type","og_url":"https:\/\/www.truzzer.com\/fr\/payment-methods\/","og_site_name":"truzzer","article_modified_time":"2026-02-13T08:24:34+00:00","twitter_card":"summary_large_image","twitter_misc":{"Dur\u00e9e de lecture estim\u00e9e":"1 minute"},"schema":{"@context":"https:\/\/schema.org","@graph":[{"@type":"WebPage","@id":"https:\/\/www.truzzer.com\/fr\/payment-methods\/","url":"https:\/\/www.truzzer.com\/fr\/payment-methods\/","name":"M\u00e9thodes de paiement | truzzer","isPartOf":{"@id":"https:\/\/www.truzzer.com\/fr\/#website"},"datePublished":"2026-02-04T15:42:54+00:00","dateModified":"2026-02-13T08:24:34+00:00","breadcrumb":{"@id":"https:\/\/www.truzzer.com\/fr\/payment-methods\/#breadcrumb"},"inLanguage":"fr-FR","potentialAction":[{"@type":"ReadAction","target":["https:\/\/www.truzzer.com\/fr\/payment-methods\/"]}]},{"@type":"BreadcrumbList","@id":"https:\/\/www.truzzer.com\/fr\/payment-methods\/#breadcrumb","itemListElement":[{"@type":"ListItem","position":1,"name":"Home","item":"https:\/\/www.truzzer.com\/fr\/"},{"@type":"ListItem","position":2,"name":"M\u00e9thodes de paiement"}]},{"@type":"WebSite","@id":"https:\/\/www.truzzer.com\/fr\/#website","url":"https:\/\/www.truzzer.com\/fr\/","name":"truzzer","description":"Experts for customer trust","publisher":{"@id":"https:\/\/www.truzzer.com\/fr\/#organization"},"potentialAction":[{"@type":"SearchAction","target":{"@type":"EntryPoint","urlTemplate":"https:\/\/www.truzzer.com\/fr\/?s={search_term_string}"},"query-input":{"@type":"PropertyValueSpecification","valueRequired":true,"valueName":"search_term_string"}}],"inLanguage":"fr-FR"},{"@type":"Organization","@id":"https:\/\/www.truzzer.com\/fr\/#organization","name":"truzzer","url":"https:\/\/www.truzzer.com\/fr\/","logo":{"@type":"ImageObject","inLanguage":"fr-FR","@id":"https:\/\/www.truzzer.com\/fr\/#\/schema\/logo\/image\/","url":"https:\/\/truzzer.com\/wp-content\/uploads\/2026\/01\/truzzer-logo-black-1.svg","contentUrl":"https:\/\/truzzer.com\/wp-content\/uploads\/2026\/01\/truzzer-logo-black-1.svg","width":938,"height":199,"caption":"truzzer"},"image":{"@id":"https:\/\/www.truzzer.com\/fr\/#\/schema\/logo\/image\/"}}]}},"_links":{"self":[{"href":"https:\/\/www.truzzer.com\/fr\/wp-json\/wp\/v2\/pages\/96435","targetHints":{"allow":["GET"]}}],"collection":[{"href":"https:\/\/www.truzzer.com\/fr\/wp-json\/wp\/v2\/pages"}],"about":[{"href":"https:\/\/www.truzzer.com\/fr\/wp-json\/wp\/v2\/types\/page"}],"author":[{"embeddable":true,"href":"https:\/\/www.truzzer.com\/fr\/wp-json\/wp\/v2\/users\/1"}],"replies":[{"embeddable":true,"href":"https:\/\/www.truzzer.com\/fr\/wp-json\/wp\/v2\/comments?post=96435"}],"version-history":[{"count":0,"href":"https:\/\/www.truzzer.com\/fr\/wp-json\/wp\/v2\/pages\/96435\/revisions"}],"wp:attachment":[{"href":"https:\/\/www.truzzer.com\/fr\/wp-json\/wp\/v2\/media?parent=96435"}],"curies":[{"name":"wp","href":"https:\/\/api.w.org\/{rel}","templated":true}]}}