{"id":102263,"date":"2026-02-11T10:11:58","date_gmt":"2026-02-11T10:11:58","guid":{"rendered":"https:\/\/beta.truzzer.com\/product\/google-whatsapp-starter-visitt-card-qr-kode\/"},"modified":"2026-02-13T10:36:03","modified_gmt":"2026-02-13T10:36:03","slug":"google-whatsapp-starter-visitt-card-qr-kode","status":"publish","type":"product","link":"https:\/\/www.truzzer.com\/fr\/produit\/google-whatsapp-starter-visitt-card-qr-kode\/","title":{"rendered":"Google et amp; Carte de visite de d\u00e9marrage WhatsApp &#8211; Code QR"},"content":{"rendered":"<p>\nAvec le Google &amp; WhatsApp Starter Business Card, vous alliez confiance et communication directe.<br \/>\nSur le devant, les clients peuvent laisser un avis Google\u00a0; au dos, ils peuvent vous contacter directement via WhatsApp.\n<\/p>\n<p>\nId\u00e9al pour les entreprises ax\u00e9es sur les services qui souhaitent augmenter le nombre d&rsquo;avis tout en permettant un contact client rapide.\n<\/p>\n<p>\nScannez simplement \u2013 pas de saisie, pas de barri\u00e8res li\u00e9es aux applications.<\/p>\n","protected":false},"excerpt":{"rendered":"<h2>\n  <img decoding=\"async\" class=\"alignnone size-full wp-image-56732\" src=\"https:\/\/truzzer.com\/wp-content\/uploads\/2026\/02\/qrscan-ezgif.com-video-to-webp-converter-1.webp\" alt=\"\" width=\"150\" height=\"150\" \/><br \/>\n<\/h2>\n<p>Carte de visite de d\u00e9marrage recto-verso\u00a0:<\/p>\n<p><strong>Parfait pour les prestataires de services, les m\u00e9tiers, l&rsquo;h\u00f4tellerie, les consultants et les professionnels. entreprises bas\u00e9es sur les services.<\/strong><\/p>\n<p><strong>Points forts\u00a0:<\/strong><\/p>\n<ul>\n<li>Recto\u00a0: examen Google via le code QR<\/li>\n<li>Retour\u00a0: contact WhatsApp via le code QR<\/li>\n<li>Mise en page verticale recto-verso<\/li>\n<li>Format de carte de visite classique<\/li>\n<li>Convient \u00e0 tout utilisateur de smartphone<\/li>\n<\/ul>\n","protected":false},"featured_media":102805,"comment_status":"open","ping_status":"closed","template":"","meta":{"_acf_changed":false,"_yoast_wpseo_focuskw":"Google WhatsApp Carte de visite","_yoast_wpseo_title":"Google & WhatsApp Starter Visitt Card \u2013 QR-kode | truzzer","_yoast_wpseo_metadesc":"Connectez-vous via WhatsApp avec Google & WhatsApp Starter Visitt Card \u2013 QR-kode de truzzer. Installation facile, pr\u00eat \u00e0 l'emploi. Commandez maintenant !"},"product_brand":[1655,1701],"product_cat":[809,810,743,942,943,922,596,479],"product_tag":[],"class_list":{"0":"post-102263","1":"product","2":"type-product","3":"status-publish","4":"has-post-thumbnail","6":"product_brand-google","7":"product_brand-whatsapp","8":"product_cat-avis-google-cartes-de-visite","9":"product_cat-avis-google-cartes-de-visite-avec-code-qr","10":"product_cat-avis-google-produits","11":"product_cat-chat-whatsapp-cartes-de-visite","12":"product_cat-chat-whatsapp-cartes-de-visite-avec-code-qr","13":"product_cat-chat-whatsapp-produits","14":"product_cat-code-qr-cartes-de-visite","15":"product_cat-code-qr-produits","16":"pa_material-carton","17":"pa_orientation-portrett","18":"pa_placement-bon","19":"pa_placement-brochure","20":"pa_placement-lommebok-personlig","21":"pa_placement-portemonnee-personlijk","22":"pa_product-type-visites-touristiques","23":"pa_shape-rechthoek","24":"pa_technology-code-qr","26":"first","27":"instock","28":"taxable","29":"shipping-taxable","30":"purchasable","31":"product-type-simple"},"acf":[],"yoast_head":"<!-- This site is optimized with the Yoast SEO plugin v27.0 - https:\/\/yoast.com\/product\/yoast-seo-wordpress\/ -->\n<title>Google &amp; WhatsApp Starter Visitt Card \u2013 QR-kode | truzzer<\/title>\n<meta name=\"description\" content=\"Connectez-vous via WhatsApp avec Google &amp; WhatsApp Starter Visitt Card \u2013 QR-kode de truzzer. Installation facile, pr\u00eat \u00e0 l&#039;emploi. Commandez maintenant !\" \/>\n<meta name=\"robots\" content=\"index, follow, max-snippet:-1, max-image-preview:large, max-video-preview:-1\" \/>\n<link rel=\"canonical\" href=\"https:\/\/www.truzzer.com\/fr\/produit\/google-whatsapp-starter-visitt-card-qr-kode\/\" \/>\n<meta property=\"og:locale\" content=\"fr_FR\" \/>\n<meta property=\"og:type\" content=\"article\" \/>\n<meta property=\"og:title\" content=\"Google &amp; WhatsApp Starter Visitt Card \u2013 QR-kode | truzzer\" \/>\n<meta property=\"og:description\" content=\"Connectez-vous via WhatsApp avec Google &amp; WhatsApp Starter Visitt Card \u2013 QR-kode de truzzer. Installation facile, pr\u00eat \u00e0 l&#039;emploi. Commandez maintenant !\" \/>\n<meta property=\"og:url\" content=\"https:\/\/www.truzzer.com\/fr\/produit\/google-whatsapp-starter-visitt-card-qr-kode\/\" \/>\n<meta property=\"og:site_name\" content=\"truzzer\" \/>\n<meta property=\"article:modified_time\" content=\"2026-02-13T10:36:03+00:00\" \/>\n<meta property=\"og:image\" content=\"https:\/\/www.truzzer.com\/wp-content\/uploads\/2026\/02\/gogle-whats-app-3-en.jpg\" \/>\n\t<meta property=\"og:image:width\" content=\"1024\" \/>\n\t<meta property=\"og:image:height\" content=\"1024\" \/>\n\t<meta property=\"og:image:type\" content=\"image\/jpeg\" \/>\n<meta name=\"twitter:card\" content=\"summary_large_image\" \/>\n<script type=\"application\/ld+json\" class=\"yoast-schema-graph\">{\"@context\":\"https:\/\/schema.org\",\"@graph\":[{\"@type\":\"WebPage\",\"@id\":\"https:\/\/www.truzzer.com\/fr\/produit\/google-whatsapp-starter-visitt-card-qr-kode\/\",\"url\":\"https:\/\/www.truzzer.com\/fr\/produit\/google-whatsapp-starter-visitt-card-qr-kode\/\",\"name\":\"Google & WhatsApp Starter Visitt Card \u2013 QR-kode | truzzer\",\"isPartOf\":{\"@id\":\"https:\/\/www.truzzer.com\/fr\/#website\"},\"primaryImageOfPage\":{\"@id\":\"https:\/\/www.truzzer.com\/fr\/produit\/google-whatsapp-starter-visitt-card-qr-kode\/#primaryimage\"},\"image\":{\"@id\":\"https:\/\/www.truzzer.com\/fr\/produit\/google-whatsapp-starter-visitt-card-qr-kode\/#primaryimage\"},\"thumbnailUrl\":\"https:\/\/www.truzzer.com\/wp-content\/uploads\/2026\/02\/gogle-whats-app-3-en.jpg\",\"datePublished\":\"2026-02-11T10:11:58+00:00\",\"dateModified\":\"2026-02-13T10:36:03+00:00\",\"description\":\"Connectez-vous via WhatsApp avec Google & WhatsApp Starter Visitt Card \u2013 QR-kode de truzzer. Installation facile, pr\u00eat \u00e0 l'emploi. Commandez maintenant !\",\"breadcrumb\":{\"@id\":\"https:\/\/www.truzzer.com\/fr\/produit\/google-whatsapp-starter-visitt-card-qr-kode\/#breadcrumb\"},\"inLanguage\":\"fr-FR\",\"potentialAction\":[{\"@type\":\"ReadAction\",\"target\":[\"https:\/\/www.truzzer.com\/fr\/produit\/google-whatsapp-starter-visitt-card-qr-kode\/\"]}]},{\"@type\":\"ImageObject\",\"inLanguage\":\"fr-FR\",\"@id\":\"https:\/\/www.truzzer.com\/fr\/produit\/google-whatsapp-starter-visitt-card-qr-kode\/#primaryimage\",\"url\":\"https:\/\/www.truzzer.com\/wp-content\/uploads\/2026\/02\/gogle-whats-app-3-en.jpg\",\"contentUrl\":\"https:\/\/www.truzzer.com\/wp-content\/uploads\/2026\/02\/gogle-whats-app-3-en.jpg\",\"width\":1024,\"height\":1024},{\"@type\":\"BreadcrumbList\",\"@id\":\"https:\/\/www.truzzer.com\/fr\/produit\/google-whatsapp-starter-visitt-card-qr-kode\/#breadcrumb\",\"itemListElement\":[{\"@type\":\"ListItem\",\"position\":1,\"name\":\"Home\",\"item\":\"https:\/\/www.truzzer.com\/fr\/\"},{\"@type\":\"ListItem\",\"position\":2,\"name\":\"Boutique\",\"item\":\"https:\/\/www.truzzer.com\/fr\/boutique\/\"},{\"@type\":\"ListItem\",\"position\":3,\"name\":\"Google et amp; Carte de visite de d\u00e9marrage WhatsApp &#8211; Code QR\"}]},{\"@type\":\"WebSite\",\"@id\":\"https:\/\/www.truzzer.com\/fr\/#website\",\"url\":\"https:\/\/www.truzzer.com\/fr\/\",\"name\":\"truzzer\",\"description\":\"Experts for customer trust\",\"publisher\":{\"@id\":\"https:\/\/www.truzzer.com\/fr\/#organization\"},\"potentialAction\":[{\"@type\":\"SearchAction\",\"target\":{\"@type\":\"EntryPoint\",\"urlTemplate\":\"https:\/\/www.truzzer.com\/fr\/?s={search_term_string}\"},\"query-input\":{\"@type\":\"PropertyValueSpecification\",\"valueRequired\":true,\"valueName\":\"search_term_string\"}}],\"inLanguage\":\"fr-FR\"},{\"@type\":\"Organization\",\"@id\":\"https:\/\/www.truzzer.com\/fr\/#organization\",\"name\":\"truzzer\",\"url\":\"https:\/\/www.truzzer.com\/fr\/\",\"logo\":{\"@type\":\"ImageObject\",\"inLanguage\":\"fr-FR\",\"@id\":\"https:\/\/www.truzzer.com\/fr\/#\/schema\/logo\/image\/\",\"url\":\"https:\/\/truzzer.com\/wp-content\/uploads\/2026\/01\/truzzer-logo-black-1.svg\",\"contentUrl\":\"https:\/\/truzzer.com\/wp-content\/uploads\/2026\/01\/truzzer-logo-black-1.svg\",\"width\":938,\"height\":199,\"caption\":\"truzzer\"},\"image\":{\"@id\":\"https:\/\/www.truzzer.com\/fr\/#\/schema\/logo\/image\/\"}}]}<\/script>\n<!-- \/ Yoast SEO plugin. -->","yoast_head_json":{"title":"Google & WhatsApp Starter Visitt Card \u2013 QR-kode | truzzer","description":"Connectez-vous via WhatsApp avec Google & WhatsApp Starter Visitt Card \u2013 QR-kode de truzzer. Installation facile, pr\u00eat \u00e0 l'emploi. Commandez maintenant !","robots":{"index":"index","follow":"follow","max-snippet":"max-snippet:-1","max-image-preview":"max-image-preview:large","max-video-preview":"max-video-preview:-1"},"canonical":"https:\/\/www.truzzer.com\/fr\/produit\/google-whatsapp-starter-visitt-card-qr-kode\/","og_locale":"fr_FR","og_type":"article","og_title":"Google & WhatsApp Starter Visitt Card \u2013 QR-kode | truzzer","og_description":"Connectez-vous via WhatsApp avec Google & WhatsApp Starter Visitt Card \u2013 QR-kode de truzzer. Installation facile, pr\u00eat \u00e0 l'emploi. Commandez maintenant !","og_url":"https:\/\/www.truzzer.com\/fr\/produit\/google-whatsapp-starter-visitt-card-qr-kode\/","og_site_name":"truzzer","article_modified_time":"2026-02-13T10:36:03+00:00","og_image":[{"width":1024,"height":1024,"url":"https:\/\/www.truzzer.com\/wp-content\/uploads\/2026\/02\/gogle-whats-app-3-en.jpg","type":"image\/jpeg"}],"twitter_card":"summary_large_image","schema":{"@context":"https:\/\/schema.org","@graph":[{"@type":"WebPage","@id":"https:\/\/www.truzzer.com\/fr\/produit\/google-whatsapp-starter-visitt-card-qr-kode\/","url":"https:\/\/www.truzzer.com\/fr\/produit\/google-whatsapp-starter-visitt-card-qr-kode\/","name":"Google & WhatsApp Starter Visitt Card \u2013 QR-kode | truzzer","isPartOf":{"@id":"https:\/\/www.truzzer.com\/fr\/#website"},"primaryImageOfPage":{"@id":"https:\/\/www.truzzer.com\/fr\/produit\/google-whatsapp-starter-visitt-card-qr-kode\/#primaryimage"},"image":{"@id":"https:\/\/www.truzzer.com\/fr\/produit\/google-whatsapp-starter-visitt-card-qr-kode\/#primaryimage"},"thumbnailUrl":"https:\/\/www.truzzer.com\/wp-content\/uploads\/2026\/02\/gogle-whats-app-3-en.jpg","datePublished":"2026-02-11T10:11:58+00:00","dateModified":"2026-02-13T10:36:03+00:00","description":"Connectez-vous via WhatsApp avec Google & WhatsApp Starter Visitt Card \u2013 QR-kode de truzzer. Installation facile, pr\u00eat \u00e0 l'emploi. Commandez maintenant !","breadcrumb":{"@id":"https:\/\/www.truzzer.com\/fr\/produit\/google-whatsapp-starter-visitt-card-qr-kode\/#breadcrumb"},"inLanguage":"fr-FR","potentialAction":[{"@type":"ReadAction","target":["https:\/\/www.truzzer.com\/fr\/produit\/google-whatsapp-starter-visitt-card-qr-kode\/"]}]},{"@type":"ImageObject","inLanguage":"fr-FR","@id":"https:\/\/www.truzzer.com\/fr\/produit\/google-whatsapp-starter-visitt-card-qr-kode\/#primaryimage","url":"https:\/\/www.truzzer.com\/wp-content\/uploads\/2026\/02\/gogle-whats-app-3-en.jpg","contentUrl":"https:\/\/www.truzzer.com\/wp-content\/uploads\/2026\/02\/gogle-whats-app-3-en.jpg","width":1024,"height":1024},{"@type":"BreadcrumbList","@id":"https:\/\/www.truzzer.com\/fr\/produit\/google-whatsapp-starter-visitt-card-qr-kode\/#breadcrumb","itemListElement":[{"@type":"ListItem","position":1,"name":"Home","item":"https:\/\/www.truzzer.com\/fr\/"},{"@type":"ListItem","position":2,"name":"Boutique","item":"https:\/\/www.truzzer.com\/fr\/boutique\/"},{"@type":"ListItem","position":3,"name":"Google et amp; Carte de visite de d\u00e9marrage WhatsApp &#8211; Code QR"}]},{"@type":"WebSite","@id":"https:\/\/www.truzzer.com\/fr\/#website","url":"https:\/\/www.truzzer.com\/fr\/","name":"truzzer","description":"Experts for customer trust","publisher":{"@id":"https:\/\/www.truzzer.com\/fr\/#organization"},"potentialAction":[{"@type":"SearchAction","target":{"@type":"EntryPoint","urlTemplate":"https:\/\/www.truzzer.com\/fr\/?s={search_term_string}"},"query-input":{"@type":"PropertyValueSpecification","valueRequired":true,"valueName":"search_term_string"}}],"inLanguage":"fr-FR"},{"@type":"Organization","@id":"https:\/\/www.truzzer.com\/fr\/#organization","name":"truzzer","url":"https:\/\/www.truzzer.com\/fr\/","logo":{"@type":"ImageObject","inLanguage":"fr-FR","@id":"https:\/\/www.truzzer.com\/fr\/#\/schema\/logo\/image\/","url":"https:\/\/truzzer.com\/wp-content\/uploads\/2026\/01\/truzzer-logo-black-1.svg","contentUrl":"https:\/\/truzzer.com\/wp-content\/uploads\/2026\/01\/truzzer-logo-black-1.svg","width":938,"height":199,"caption":"truzzer"},"image":{"@id":"https:\/\/www.truzzer.com\/fr\/#\/schema\/logo\/image\/"}}]}},"tiered_pricing_type":"fixed","tiered_pricing_fixed_rules":[],"tiered_pricing_product_settings":{"layout":"default","base_unit_name":{"singular":null,"plural":null},"default_variation":null},"tiered_pricing_minimum_quantity":null,"tiered_pricing_roles_data":[],"tiered_pricing_percentage_rules":[],"tiered_pricing_maximum_quantity":null,"tiered_pricing_quantity_step":null,"_links":{"self":[{"href":"https:\/\/www.truzzer.com\/fr\/wp-json\/wp\/v2\/product\/102263","targetHints":{"allow":["GET"]}}],"collection":[{"href":"https:\/\/www.truzzer.com\/fr\/wp-json\/wp\/v2\/product"}],"about":[{"href":"https:\/\/www.truzzer.com\/fr\/wp-json\/wp\/v2\/types\/product"}],"replies":[{"embeddable":true,"href":"https:\/\/www.truzzer.com\/fr\/wp-json\/wp\/v2\/comments?post=102263"}],"wp:featuredmedia":[{"embeddable":true,"href":"https:\/\/www.truzzer.com\/fr\/wp-json\/wp\/v2\/media\/102805"}],"wp:attachment":[{"href":"https:\/\/www.truzzer.com\/fr\/wp-json\/wp\/v2\/media?parent=102263"}],"wp:term":[{"taxonomy":"product_brand","embeddable":true,"href":"https:\/\/www.truzzer.com\/fr\/wp-json\/wp\/v2\/product_brand?post=102263"},{"taxonomy":"product_cat","embeddable":true,"href":"https:\/\/www.truzzer.com\/fr\/wp-json\/wp\/v2\/product_cat?post=102263"},{"taxonomy":"product_tag","embeddable":true,"href":"https:\/\/www.truzzer.com\/fr\/wp-json\/wp\/v2\/product_tag?post=102263"}],"curies":[{"name":"wp","href":"https:\/\/api.w.org\/{rel}","templated":true}]}}