{"id":102331,"date":"2026-02-11T10:12:31","date_gmt":"2026-02-11T10:12:31","guid":{"rendered":"https:\/\/beta.truzzer.com\/product\/instagram-followmonster-klistremerke-qr-kode-klistremerke-folgermagnet-i-3-storrelser\/"},"modified":"2026-02-13T10:32:11","modified_gmt":"2026-02-13T10:32:11","slug":"instagram-followmonster-klistremerke-qr-kode-klistremerke-folgermagnet-i-3-storrelser","status":"publish","type":"product","link":"https:\/\/www.truzzer.com\/fr\/produit\/instagram-followmonster-klistremerke-qr-kode-klistremerke-folgermagnet-i-3-storrelser\/","title":{"rendered":"Instagram Autocollant FollowMonster | Autocollant de code QR | Aimant suiveur en 3 tailles"},"content":{"rendered":"<p>\nObtenez l&rsquo;<strong>autocollant FollowMonster Instagram<\/strong> unique en son genre\u00a0: un design color\u00e9 et accrocheur qui guide les clients, les invit\u00e9s et les fans directement vers votre profil Instagram.\n<\/p>\n<p>\u2705 <strong>Comment \u00e7a marche\u00a0:<\/strong><\/p>\n<ul>\n<li>Le mignon FollowMonster pointe directement vers votre code QR<\/li>\n<li>Maintenez votre smartphone dessus\u00a0: c&rsquo;est fait\u00a0!<\/li>\n<li>Pas d&rsquo;application, pas de probl\u00e8me\u00a0: commencez \u00e0 g\u00e9n\u00e9rer des abonn\u00e9s instantan\u00e9ment<\/li>\n<\/ul>\n<p>\u2b50 <strong>Pourquoi FollowMonster\u00a0?<\/strong><\/p>\n<ul>\n<li>Un objet sympathique qui attire l&rsquo;attention avec un look arc-en-ciel<\/li>\n<li>Fonctionne avec n&rsquo;importe quel smartphone<\/li>\n<li>Durable etamp; r\u00e9sistant aux intemp\u00e9ries<\/li>\n<li>Id\u00e9al pour les magasins, caf\u00e9s, studios, \u00e9v\u00e9nements et amp; plus<\/li>\n<\/ul>\n<p>\ud83d\udccf <strong>Disponible en 3 tailles\u00a0:<\/strong><\/p>\n<ul>\n<li><strong>9,5\u00a0cm<\/strong>\u00a0: parfait pour la zone de caisse ou un ordinateur portable<\/li>\n<li><strong>14,8 cm<\/strong> \u2014 id\u00e9al pour les portes et amp; miroirs<\/li>\n<li><strong>21 cm<\/strong> \u2014 visibilit\u00e9 maximale pour les vitrines et amp; compteurs<\/li>\n<\/ul>\n<p>\nTransformez votre profil Instagram en une v\u00e9ritable machine \u00e0 suivre \u2014 avec l&rsquo;<strong>autocollant FollowMonster<\/strong> de Truzzer \ud83d\udc7e\ud83c\udf08\n<\/p>\n<h3>\u00c9tape 1\u00a0: Le client scanne le code QR<\/h3>\n<p>\nPour vous suivre, le client scanne simplement le code QR. Il leur suffit de pointer l\u2019appareil photo de leur smartphone vers l\u2019autocollant.\n<\/p>\n<p>\n<img decoding=\"async\" class=\"alignnone wp-image-13588 size-full\" src=\"https:\/\/truzzer.de\/wp-content\/uploads\/2020\/12\/truzzer-so-gehts-instagram-scan-11.jpg\" alt=\"\" width=\"1200\" height=\"792\" \/>\n<\/p>\n<p>\nEnsuite, une pop-up appara\u00eet \u00e0 l&rsquo;\u00e9cran (iPhone) ou une ic\u00f4ne de code QR appara\u00eet (smartphones Android \/ Google).\n<\/p>\n<h3>\u00c9tape\u00a02\u00a0: Le client est dirig\u00e9 directement vers votre profil Instagram<\/h3>\n<p>\nInstagram s&rsquo;ouvre et le client peut vous suivre imm\u00e9diatement, aussi simple que cela.\n<\/p>\n<p>\n<img decoding=\"async\" class=\"alignleft wp-image-13589 size-full\" src=\"https:\/\/truzzer.de\/wp-content\/uploads\/2020\/12\/truzzer-so-gehts-instagram-scan-1.jpg\" alt=\"\" width=\"1200\" height=\"792\" \/>\n<\/p>\n<p><strong>Remarque\u00a0:<\/strong><\/p>\n<p>\nVeuillez garder \u00e0 l&rsquo;esprit qu&rsquo;un profil Instagram est requis pour gagner des abonn\u00e9s.\n<\/p>\n<p>&nbsp;<\/p>\n","protected":false},"excerpt":{"rendered":"<p>Mignon FollowMonster + Code Instagram QR = plus de followers en un rien de temps\u00a0!<br \/>\nLaissez simplement les gens le scanner et commencez \u00e0 gagner instantan\u00e9ment de nouveaux abonn\u00e9s.<\/p>\n<p>\nObtenez l&rsquo;<strong>autocollant FollowMonster Instagram<\/strong> unique\u00a0: votre \u00e9l\u00e9ment color\u00e9 et accrocheur qui attire l&rsquo;attention et guide les clients, les invit\u00e9s et les fans directement vers votre profil Instagram.\n<\/p>\n<p>\u2705 <strong>Comment \u00e7a marche\u00a0:<\/strong><\/p>\n<ul>\n<li>Le mignon FollowMonster pointe directement vers votre code QR<\/li>\n<li>Maintenez un smartphone dessus\u00a0: c&rsquo;est fait\u00a0!<\/li>\n<li>Pas d&rsquo;application, pas de probl\u00e8me\u00a0: commencez \u00e0 g\u00e9n\u00e9rer des abonn\u00e9s instantan\u00e9ment<\/li>\n<\/ul>\n<p>\u2b50 <strong>Pourquoi FollowMonster\u00a0?<\/strong><\/p>\n<ul>\n<li>Un objet sympathique qui attire l&rsquo;attention avec un look arc-en-ciel<\/li>\n<li>Fonctionne avec n&rsquo;importe quel smartphone<\/li>\n<li>Durable etamp; r\u00e9sistant aux intemp\u00e9ries<\/li>\n<li>Id\u00e9al pour les magasins, caf\u00e9s, studios, \u00e9v\u00e9nements et amp; plus<\/li>\n<\/ul>\n<p>\ud83d\udccf <strong>Disponible en 3 tailles\u00a0:<\/strong><\/p>\n<ul>\n<li><strong>9,5\u00a0cm<\/strong>\u00a0: parfait pour la zone de caisse ou un ordinateur portable<\/li>\n<li><strong>14,8 cm<\/strong> \u2014 id\u00e9al pour les portes et amp; miroirs<\/li>\n<li><strong>21 cm<\/strong> \u2014 visibilit\u00e9 maximale pour les vitrines et amp; compteurs<\/li>\n<\/ul>\n<p>\nTransformez votre profil Instagram en une v\u00e9ritable machine \u00e0 suivre \u2014 avec l&rsquo;<strong>autocollant FollowMonster<\/strong> de Truzzer \ud83d\udc7e\ud83c\udf08\n<\/p>\n<h3><\/h3>\n","protected":false},"featured_media":102332,"comment_status":"open","ping_status":"closed","template":"","meta":{"_acf_changed":false,"_yoast_wpseo_focuskw":"Instagram QR Code Autocollant","_yoast_wpseo_title":"Instagram FollowMonster-klistremerke |QR-kode-k... | truzzer","_yoast_wpseo_metadesc":"Plus d'abonn\u00e9s Instagram avec Instagram FollowMonster-klistremerke |QR-kode-klistremerke |F\u00f8lgermagnet i 3 ... de truzzer. Installation facile. Commandez !"},"product_brand":[1662],"product_cat":[837,838,823,480,479],"product_tag":[],"class_list":{"0":"post-102331","1":"product","2":"type-product","3":"status-publish","4":"has-post-thumbnail","6":"product_brand-instagram","7":"product_cat-abonnes-instagram-autocollants","8":"product_cat-abonnes-instagram-autocollants-avec-code-qr","9":"product_cat-abonnes-instagram-produits","10":"product_cat-code-qr-autocollants","11":"product_cat-code-qr-produits","12":"pa_product-type-autocollant","14":"first","15":"instock","16":"taxable","17":"shipping-taxable","18":"purchasable","19":"product-type-variable","20":"has-default-attributes"},"acf":[],"yoast_head":"<!-- This site is optimized with the Yoast SEO plugin v27.0 - https:\/\/yoast.com\/product\/yoast-seo-wordpress\/ -->\n<title>Instagram FollowMonster-klistremerke |QR-kode-k... | truzzer<\/title>\n<meta name=\"description\" content=\"Plus d&#039;abonn\u00e9s Instagram avec Instagram FollowMonster-klistremerke |QR-kode-klistremerke |F\u00f8lgermagnet i 3 ... de truzzer. Installation facile. Commandez !\" \/>\n<meta name=\"robots\" content=\"index, follow, max-snippet:-1, max-image-preview:large, max-video-preview:-1\" \/>\n<link rel=\"canonical\" href=\"https:\/\/www.truzzer.com\/fr\/produit\/instagram-followmonster-klistremerke-qr-kode-klistremerke-folgermagnet-i-3-storrelser\/\" \/>\n<meta property=\"og:locale\" content=\"fr_FR\" \/>\n<meta property=\"og:type\" content=\"article\" \/>\n<meta property=\"og:title\" content=\"Instagram FollowMonster-klistremerke |QR-kode-k... | truzzer\" \/>\n<meta property=\"og:description\" content=\"Plus d&#039;abonn\u00e9s Instagram avec Instagram FollowMonster-klistremerke |QR-kode-klistremerke |F\u00f8lgermagnet i 3 ... de truzzer. Installation facile. Commandez !\" \/>\n<meta property=\"og:url\" content=\"https:\/\/www.truzzer.com\/fr\/produit\/instagram-followmonster-klistremerke-qr-kode-klistremerke-folgermagnet-i-3-storrelser\/\" \/>\n<meta property=\"og:site_name\" content=\"truzzer\" \/>\n<meta property=\"article:modified_time\" content=\"2026-02-13T10:32:11+00:00\" \/>\n<meta property=\"og:image\" content=\"https:\/\/www.truzzer.com\/wp-content\/uploads\/2026\/02\/followmonster-simple-3.jpg\" \/>\n\t<meta property=\"og:image:width\" content=\"1200\" \/>\n\t<meta property=\"og:image:height\" content=\"1200\" \/>\n\t<meta property=\"og:image:type\" content=\"image\/jpeg\" \/>\n<meta name=\"twitter:card\" content=\"summary_large_image\" \/>\n<meta name=\"twitter:label1\" content=\"Dur\u00e9e de lecture estim\u00e9e\" \/>\n\t<meta name=\"twitter:data1\" content=\"1 minute\" \/>\n<script type=\"application\/ld+json\" class=\"yoast-schema-graph\">{\"@context\":\"https:\/\/schema.org\",\"@graph\":[{\"@type\":\"WebPage\",\"@id\":\"https:\/\/www.truzzer.com\/fr\/produit\/instagram-followmonster-klistremerke-qr-kode-klistremerke-folgermagnet-i-3-storrelser\/\",\"url\":\"https:\/\/www.truzzer.com\/fr\/produit\/instagram-followmonster-klistremerke-qr-kode-klistremerke-folgermagnet-i-3-storrelser\/\",\"name\":\"Instagram FollowMonster-klistremerke |QR-kode-k... | truzzer\",\"isPartOf\":{\"@id\":\"https:\/\/www.truzzer.com\/fr\/#website\"},\"primaryImageOfPage\":{\"@id\":\"https:\/\/www.truzzer.com\/fr\/produit\/instagram-followmonster-klistremerke-qr-kode-klistremerke-folgermagnet-i-3-storrelser\/#primaryimage\"},\"image\":{\"@id\":\"https:\/\/www.truzzer.com\/fr\/produit\/instagram-followmonster-klistremerke-qr-kode-klistremerke-folgermagnet-i-3-storrelser\/#primaryimage\"},\"thumbnailUrl\":\"https:\/\/www.truzzer.com\/wp-content\/uploads\/2026\/02\/followmonster-simple-3.jpg\",\"datePublished\":\"2026-02-11T10:12:31+00:00\",\"dateModified\":\"2026-02-13T10:32:11+00:00\",\"description\":\"Plus d'abonn\u00e9s Instagram avec Instagram FollowMonster-klistremerke |QR-kode-klistremerke |F\u00f8lgermagnet i 3 ... de truzzer. Installation facile. Commandez !\",\"breadcrumb\":{\"@id\":\"https:\/\/www.truzzer.com\/fr\/produit\/instagram-followmonster-klistremerke-qr-kode-klistremerke-folgermagnet-i-3-storrelser\/#breadcrumb\"},\"inLanguage\":\"fr-FR\",\"potentialAction\":[{\"@type\":\"ReadAction\",\"target\":[\"https:\/\/www.truzzer.com\/fr\/produit\/instagram-followmonster-klistremerke-qr-kode-klistremerke-folgermagnet-i-3-storrelser\/\"]}]},{\"@type\":\"ImageObject\",\"inLanguage\":\"fr-FR\",\"@id\":\"https:\/\/www.truzzer.com\/fr\/produit\/instagram-followmonster-klistremerke-qr-kode-klistremerke-folgermagnet-i-3-storrelser\/#primaryimage\",\"url\":\"https:\/\/www.truzzer.com\/wp-content\/uploads\/2026\/02\/followmonster-simple-3.jpg\",\"contentUrl\":\"https:\/\/www.truzzer.com\/wp-content\/uploads\/2026\/02\/followmonster-simple-3.jpg\",\"width\":1200,\"height\":1200},{\"@type\":\"BreadcrumbList\",\"@id\":\"https:\/\/www.truzzer.com\/fr\/produit\/instagram-followmonster-klistremerke-qr-kode-klistremerke-folgermagnet-i-3-storrelser\/#breadcrumb\",\"itemListElement\":[{\"@type\":\"ListItem\",\"position\":1,\"name\":\"Home\",\"item\":\"https:\/\/www.truzzer.com\/fr\/\"},{\"@type\":\"ListItem\",\"position\":2,\"name\":\"Boutique\",\"item\":\"https:\/\/www.truzzer.com\/fr\/boutique\/\"},{\"@type\":\"ListItem\",\"position\":3,\"name\":\"Instagram Autocollant FollowMonster | Autocollant de code QR | Aimant suiveur en 3 tailles\"}]},{\"@type\":\"WebSite\",\"@id\":\"https:\/\/www.truzzer.com\/fr\/#website\",\"url\":\"https:\/\/www.truzzer.com\/fr\/\",\"name\":\"truzzer\",\"description\":\"Experts for customer trust\",\"publisher\":{\"@id\":\"https:\/\/www.truzzer.com\/fr\/#organization\"},\"potentialAction\":[{\"@type\":\"SearchAction\",\"target\":{\"@type\":\"EntryPoint\",\"urlTemplate\":\"https:\/\/www.truzzer.com\/fr\/?s={search_term_string}\"},\"query-input\":{\"@type\":\"PropertyValueSpecification\",\"valueRequired\":true,\"valueName\":\"search_term_string\"}}],\"inLanguage\":\"fr-FR\"},{\"@type\":\"Organization\",\"@id\":\"https:\/\/www.truzzer.com\/fr\/#organization\",\"name\":\"truzzer\",\"url\":\"https:\/\/www.truzzer.com\/fr\/\",\"logo\":{\"@type\":\"ImageObject\",\"inLanguage\":\"fr-FR\",\"@id\":\"https:\/\/www.truzzer.com\/fr\/#\/schema\/logo\/image\/\",\"url\":\"https:\/\/truzzer.com\/wp-content\/uploads\/2026\/01\/truzzer-logo-black-1.svg\",\"contentUrl\":\"https:\/\/truzzer.com\/wp-content\/uploads\/2026\/01\/truzzer-logo-black-1.svg\",\"width\":938,\"height\":199,\"caption\":\"truzzer\"},\"image\":{\"@id\":\"https:\/\/www.truzzer.com\/fr\/#\/schema\/logo\/image\/\"}}]}<\/script>\n<!-- \/ Yoast SEO plugin. -->","yoast_head_json":{"title":"Instagram FollowMonster-klistremerke |QR-kode-k... | truzzer","description":"Plus d'abonn\u00e9s Instagram avec Instagram FollowMonster-klistremerke |QR-kode-klistremerke |F\u00f8lgermagnet i 3 ... de truzzer. Installation facile. Commandez !","robots":{"index":"index","follow":"follow","max-snippet":"max-snippet:-1","max-image-preview":"max-image-preview:large","max-video-preview":"max-video-preview:-1"},"canonical":"https:\/\/www.truzzer.com\/fr\/produit\/instagram-followmonster-klistremerke-qr-kode-klistremerke-folgermagnet-i-3-storrelser\/","og_locale":"fr_FR","og_type":"article","og_title":"Instagram FollowMonster-klistremerke |QR-kode-k... | truzzer","og_description":"Plus d'abonn\u00e9s Instagram avec Instagram FollowMonster-klistremerke |QR-kode-klistremerke |F\u00f8lgermagnet i 3 ... de truzzer. Installation facile. Commandez !","og_url":"https:\/\/www.truzzer.com\/fr\/produit\/instagram-followmonster-klistremerke-qr-kode-klistremerke-folgermagnet-i-3-storrelser\/","og_site_name":"truzzer","article_modified_time":"2026-02-13T10:32:11+00:00","og_image":[{"width":1200,"height":1200,"url":"https:\/\/www.truzzer.com\/wp-content\/uploads\/2026\/02\/followmonster-simple-3.jpg","type":"image\/jpeg"}],"twitter_card":"summary_large_image","twitter_misc":{"Dur\u00e9e de lecture estim\u00e9e":"1 minute"},"schema":{"@context":"https:\/\/schema.org","@graph":[{"@type":"WebPage","@id":"https:\/\/www.truzzer.com\/fr\/produit\/instagram-followmonster-klistremerke-qr-kode-klistremerke-folgermagnet-i-3-storrelser\/","url":"https:\/\/www.truzzer.com\/fr\/produit\/instagram-followmonster-klistremerke-qr-kode-klistremerke-folgermagnet-i-3-storrelser\/","name":"Instagram FollowMonster-klistremerke |QR-kode-k... | truzzer","isPartOf":{"@id":"https:\/\/www.truzzer.com\/fr\/#website"},"primaryImageOfPage":{"@id":"https:\/\/www.truzzer.com\/fr\/produit\/instagram-followmonster-klistremerke-qr-kode-klistremerke-folgermagnet-i-3-storrelser\/#primaryimage"},"image":{"@id":"https:\/\/www.truzzer.com\/fr\/produit\/instagram-followmonster-klistremerke-qr-kode-klistremerke-folgermagnet-i-3-storrelser\/#primaryimage"},"thumbnailUrl":"https:\/\/www.truzzer.com\/wp-content\/uploads\/2026\/02\/followmonster-simple-3.jpg","datePublished":"2026-02-11T10:12:31+00:00","dateModified":"2026-02-13T10:32:11+00:00","description":"Plus d'abonn\u00e9s Instagram avec Instagram FollowMonster-klistremerke |QR-kode-klistremerke |F\u00f8lgermagnet i 3 ... de truzzer. Installation facile. Commandez !","breadcrumb":{"@id":"https:\/\/www.truzzer.com\/fr\/produit\/instagram-followmonster-klistremerke-qr-kode-klistremerke-folgermagnet-i-3-storrelser\/#breadcrumb"},"inLanguage":"fr-FR","potentialAction":[{"@type":"ReadAction","target":["https:\/\/www.truzzer.com\/fr\/produit\/instagram-followmonster-klistremerke-qr-kode-klistremerke-folgermagnet-i-3-storrelser\/"]}]},{"@type":"ImageObject","inLanguage":"fr-FR","@id":"https:\/\/www.truzzer.com\/fr\/produit\/instagram-followmonster-klistremerke-qr-kode-klistremerke-folgermagnet-i-3-storrelser\/#primaryimage","url":"https:\/\/www.truzzer.com\/wp-content\/uploads\/2026\/02\/followmonster-simple-3.jpg","contentUrl":"https:\/\/www.truzzer.com\/wp-content\/uploads\/2026\/02\/followmonster-simple-3.jpg","width":1200,"height":1200},{"@type":"BreadcrumbList","@id":"https:\/\/www.truzzer.com\/fr\/produit\/instagram-followmonster-klistremerke-qr-kode-klistremerke-folgermagnet-i-3-storrelser\/#breadcrumb","itemListElement":[{"@type":"ListItem","position":1,"name":"Home","item":"https:\/\/www.truzzer.com\/fr\/"},{"@type":"ListItem","position":2,"name":"Boutique","item":"https:\/\/www.truzzer.com\/fr\/boutique\/"},{"@type":"ListItem","position":3,"name":"Instagram Autocollant FollowMonster | Autocollant de code QR | Aimant suiveur en 3 tailles"}]},{"@type":"WebSite","@id":"https:\/\/www.truzzer.com\/fr\/#website","url":"https:\/\/www.truzzer.com\/fr\/","name":"truzzer","description":"Experts for customer trust","publisher":{"@id":"https:\/\/www.truzzer.com\/fr\/#organization"},"potentialAction":[{"@type":"SearchAction","target":{"@type":"EntryPoint","urlTemplate":"https:\/\/www.truzzer.com\/fr\/?s={search_term_string}"},"query-input":{"@type":"PropertyValueSpecification","valueRequired":true,"valueName":"search_term_string"}}],"inLanguage":"fr-FR"},{"@type":"Organization","@id":"https:\/\/www.truzzer.com\/fr\/#organization","name":"truzzer","url":"https:\/\/www.truzzer.com\/fr\/","logo":{"@type":"ImageObject","inLanguage":"fr-FR","@id":"https:\/\/www.truzzer.com\/fr\/#\/schema\/logo\/image\/","url":"https:\/\/truzzer.com\/wp-content\/uploads\/2026\/01\/truzzer-logo-black-1.svg","contentUrl":"https:\/\/truzzer.com\/wp-content\/uploads\/2026\/01\/truzzer-logo-black-1.svg","width":938,"height":199,"caption":"truzzer"},"image":{"@id":"https:\/\/www.truzzer.com\/fr\/#\/schema\/logo\/image\/"}}]}},"tiered_pricing_type":"fixed","tiered_pricing_fixed_rules":[],"tiered_pricing_product_settings":{"layout":"default","base_unit_name":{"singular":null,"plural":null},"default_variation":null},"tiered_pricing_minimum_quantity":null,"tiered_pricing_roles_data":[],"tiered_pricing_percentage_rules":[],"tiered_pricing_maximum_quantity":null,"tiered_pricing_quantity_step":null,"_links":{"self":[{"href":"https:\/\/www.truzzer.com\/fr\/wp-json\/wp\/v2\/product\/102331","targetHints":{"allow":["GET"]}}],"collection":[{"href":"https:\/\/www.truzzer.com\/fr\/wp-json\/wp\/v2\/product"}],"about":[{"href":"https:\/\/www.truzzer.com\/fr\/wp-json\/wp\/v2\/types\/product"}],"replies":[{"embeddable":true,"href":"https:\/\/www.truzzer.com\/fr\/wp-json\/wp\/v2\/comments?post=102331"}],"wp:featuredmedia":[{"embeddable":true,"href":"https:\/\/www.truzzer.com\/fr\/wp-json\/wp\/v2\/media\/102332"}],"wp:attachment":[{"href":"https:\/\/www.truzzer.com\/fr\/wp-json\/wp\/v2\/media?parent=102331"}],"wp:term":[{"taxonomy":"product_brand","embeddable":true,"href":"https:\/\/www.truzzer.com\/fr\/wp-json\/wp\/v2\/product_brand?post=102331"},{"taxonomy":"product_cat","embeddable":true,"href":"https:\/\/www.truzzer.com\/fr\/wp-json\/wp\/v2\/product_cat?post=102331"},{"taxonomy":"product_tag","embeddable":true,"href":"https:\/\/www.truzzer.com\/fr\/wp-json\/wp\/v2\/product_tag?post=102331"}],"curies":[{"name":"wp","href":"https:\/\/api.w.org\/{rel}","templated":true}]}}