{"id":102407,"date":"2026-02-11T10:12:12","date_gmt":"2026-02-11T10:12:12","guid":{"rendered":"https:\/\/beta.truzzer.com\/product\/instagram-tiktok-starter-visittkort-qr-kode\/"},"modified":"2026-02-13T10:34:45","modified_gmt":"2026-02-13T10:34:45","slug":"instagram-tiktok-starter-visittkort-qr-kode","status":"publish","type":"product","link":"https:\/\/www.truzzer.com\/fr\/produit\/instagram-tiktok-starter-visittkort-qr-kode\/","title":{"rendered":"Instagram et amp; Carte de visite de d\u00e9marrage TikTok &#8211; Code QR"},"content":{"rendered":"<p>\nLe Instagram &amp; La carte de visite TikTok Starter est parfaite pour toute personne utilisant activement les m\u00e9dias sociaux.<br \/>\nAu recto, le code QR est directement li\u00e9 \u00e0 votre profil Instagram\u00a0; au verso, il redirige les clients vers votre compte TikTok.\n<\/p>\n<p>\nCela transforme chaque interaction hors ligne en abonn\u00e9s, vues et port\u00e9e, sans recherche, sans saisie et sans d\u00e9tours.\n<\/p>\n<p>\nFormat de carte de visite verticale classique pour une acceptation maximale au quotidien.<\/p>\n","protected":false},"excerpt":{"rendered":"<h2>\n  <img decoding=\"async\" class=\"alignnone size-full wp-image-56732\" src=\"https:\/\/truzzer.com\/wp-content\/uploads\/2026\/02\/qrscan-ezgif.com-video-to-webp-converter-1.webp\" alt=\"\" width=\"150\" height=\"150\" \/><br \/>\n<\/h2>\n<p>\nCarte de visite de d\u00e9marrage recto-verso\u00a0:<br \/>\nRecto : Instagram \u2022 Verso : TikTok \u2014 les deux directement via le code QR.<br \/>\nLa carte de visite id\u00e9ale pour d\u00e9buter en termes de port\u00e9e et de croissance sociale.\n<\/p>\n<p><strong>Id\u00e9al pour les entreprises qui souhaitent se d\u00e9velopper simultan\u00e9ment sur Instagram et TikTok.<\/strong><\/p>\n<p><strong>Points forts\u00a0:<\/strong><\/p>\n<ul>\n<li>Face\u00a0: profil Instagram via le code QR<\/li>\n<li>Retour\u00a0: profil TikTok via le code QR<\/li>\n<li>Format de carte de visite standard et vertical<\/li>\n<li>Fonctionne avec n&rsquo;importe quel smartphone<\/li>\n<\/ul>\n","protected":false},"featured_media":102408,"comment_status":"open","ping_status":"closed","template":"","meta":{"_acf_changed":false,"_yoast_wpseo_focuskw":"Instagram TikTok Carte de visite","_yoast_wpseo_title":"Instagram & TikTok Starter Visittkort \u2013 QR-kode | truzzer","_yoast_wpseo_metadesc":"Plus d'abonn\u00e9s Instagram avec Instagram & TikTok Starter Visittkort \u2013 QR-kode de truzzer. Installation facile, pr\u00eat \u00e0 l'emploi. Commandez maintenant !"},"product_brand":[1662,1683],"product_cat":[908,823,1132,1133,620,596,479],"product_tag":[],"class_list":{"0":"post-102407","1":"product","2":"type-product","3":"status-publish","4":"has-post-thumbnail","6":"product_brand-instagram","7":"product_brand-tiktok","8":"product_cat-abonnes-instagram-cartes-de-visite-avec-code-qr","9":"product_cat-abonnes-instagram-produits","10":"product_cat-abonnes-tiktok-cartes-de-visite","11":"product_cat-abonnes-tiktok-cartes-de-visite-avec-code-qr","12":"product_cat-abonnes-tiktok-produits","13":"product_cat-code-qr-cartes-de-visite","14":"product_cat-code-qr-produits","15":"pa_material-carton","16":"pa_orientation-portrett","17":"pa_placement-bon","18":"pa_placement-brochure","19":"pa_placement-lommebok-personlig","20":"pa_placement-portemonnee-personlijk","21":"pa_product-type-visites-touristiques","22":"pa_shape-rechthoek","23":"pa_technology-code-qr","25":"first","26":"instock","27":"taxable","28":"shipping-taxable","29":"purchasable","30":"product-type-simple"},"acf":[],"yoast_head":"<!-- This site is optimized with the Yoast SEO plugin v27.0 - https:\/\/yoast.com\/product\/yoast-seo-wordpress\/ -->\n<title>Instagram &amp; TikTok Starter Visittkort \u2013 QR-kode | truzzer<\/title>\n<meta name=\"description\" content=\"Plus d&#039;abonn\u00e9s Instagram avec Instagram &amp; TikTok Starter Visittkort \u2013 QR-kode de truzzer. Installation facile, pr\u00eat \u00e0 l&#039;emploi. Commandez maintenant !\" \/>\n<meta name=\"robots\" content=\"index, follow, max-snippet:-1, max-image-preview:large, max-video-preview:-1\" \/>\n<link rel=\"canonical\" href=\"https:\/\/www.truzzer.com\/fr\/produit\/instagram-tiktok-starter-visittkort-qr-kode\/\" \/>\n<meta property=\"og:locale\" content=\"fr_FR\" \/>\n<meta property=\"og:type\" content=\"article\" \/>\n<meta property=\"og:title\" content=\"Instagram &amp; TikTok Starter Visittkort \u2013 QR-kode | truzzer\" \/>\n<meta property=\"og:description\" content=\"Plus d&#039;abonn\u00e9s Instagram avec Instagram &amp; TikTok Starter Visittkort \u2013 QR-kode de truzzer. Installation facile, pr\u00eat \u00e0 l&#039;emploi. Commandez maintenant !\" \/>\n<meta property=\"og:url\" content=\"https:\/\/www.truzzer.com\/fr\/produit\/instagram-tiktok-starter-visittkort-qr-kode\/\" \/>\n<meta property=\"og:site_name\" content=\"truzzer\" \/>\n<meta property=\"article:modified_time\" content=\"2026-02-13T10:34:45+00:00\" \/>\n<meta property=\"og:image\" content=\"https:\/\/www.truzzer.com\/wp-content\/uploads\/2026\/02\/tik-insta-3.jpg\" \/>\n\t<meta property=\"og:image:width\" content=\"1200\" \/>\n\t<meta property=\"og:image:height\" content=\"1200\" \/>\n\t<meta property=\"og:image:type\" content=\"image\/jpeg\" \/>\n<meta name=\"twitter:card\" content=\"summary_large_image\" \/>\n<script type=\"application\/ld+json\" class=\"yoast-schema-graph\">{\"@context\":\"https:\/\/schema.org\",\"@graph\":[{\"@type\":\"WebPage\",\"@id\":\"https:\/\/www.truzzer.com\/fr\/produit\/instagram-tiktok-starter-visittkort-qr-kode\/\",\"url\":\"https:\/\/www.truzzer.com\/fr\/produit\/instagram-tiktok-starter-visittkort-qr-kode\/\",\"name\":\"Instagram & TikTok Starter Visittkort \u2013 QR-kode | truzzer\",\"isPartOf\":{\"@id\":\"https:\/\/www.truzzer.com\/fr\/#website\"},\"primaryImageOfPage\":{\"@id\":\"https:\/\/www.truzzer.com\/fr\/produit\/instagram-tiktok-starter-visittkort-qr-kode\/#primaryimage\"},\"image\":{\"@id\":\"https:\/\/www.truzzer.com\/fr\/produit\/instagram-tiktok-starter-visittkort-qr-kode\/#primaryimage\"},\"thumbnailUrl\":\"https:\/\/www.truzzer.com\/wp-content\/uploads\/2026\/02\/tik-insta-3.jpg\",\"datePublished\":\"2026-02-11T10:12:12+00:00\",\"dateModified\":\"2026-02-13T10:34:45+00:00\",\"description\":\"Plus d'abonn\u00e9s Instagram avec Instagram & TikTok Starter Visittkort \u2013 QR-kode de truzzer. Installation facile, pr\u00eat \u00e0 l'emploi. Commandez maintenant !\",\"breadcrumb\":{\"@id\":\"https:\/\/www.truzzer.com\/fr\/produit\/instagram-tiktok-starter-visittkort-qr-kode\/#breadcrumb\"},\"inLanguage\":\"fr-FR\",\"potentialAction\":[{\"@type\":\"ReadAction\",\"target\":[\"https:\/\/www.truzzer.com\/fr\/produit\/instagram-tiktok-starter-visittkort-qr-kode\/\"]}]},{\"@type\":\"ImageObject\",\"inLanguage\":\"fr-FR\",\"@id\":\"https:\/\/www.truzzer.com\/fr\/produit\/instagram-tiktok-starter-visittkort-qr-kode\/#primaryimage\",\"url\":\"https:\/\/www.truzzer.com\/wp-content\/uploads\/2026\/02\/tik-insta-3.jpg\",\"contentUrl\":\"https:\/\/www.truzzer.com\/wp-content\/uploads\/2026\/02\/tik-insta-3.jpg\",\"width\":1200,\"height\":1200},{\"@type\":\"BreadcrumbList\",\"@id\":\"https:\/\/www.truzzer.com\/fr\/produit\/instagram-tiktok-starter-visittkort-qr-kode\/#breadcrumb\",\"itemListElement\":[{\"@type\":\"ListItem\",\"position\":1,\"name\":\"Home\",\"item\":\"https:\/\/www.truzzer.com\/fr\/\"},{\"@type\":\"ListItem\",\"position\":2,\"name\":\"Boutique\",\"item\":\"https:\/\/www.truzzer.com\/fr\/boutique\/\"},{\"@type\":\"ListItem\",\"position\":3,\"name\":\"Instagram et amp; Carte de visite de d\u00e9marrage TikTok &#8211; Code QR\"}]},{\"@type\":\"WebSite\",\"@id\":\"https:\/\/www.truzzer.com\/fr\/#website\",\"url\":\"https:\/\/www.truzzer.com\/fr\/\",\"name\":\"truzzer\",\"description\":\"Experts for customer trust\",\"publisher\":{\"@id\":\"https:\/\/www.truzzer.com\/fr\/#organization\"},\"potentialAction\":[{\"@type\":\"SearchAction\",\"target\":{\"@type\":\"EntryPoint\",\"urlTemplate\":\"https:\/\/www.truzzer.com\/fr\/?s={search_term_string}\"},\"query-input\":{\"@type\":\"PropertyValueSpecification\",\"valueRequired\":true,\"valueName\":\"search_term_string\"}}],\"inLanguage\":\"fr-FR\"},{\"@type\":\"Organization\",\"@id\":\"https:\/\/www.truzzer.com\/fr\/#organization\",\"name\":\"truzzer\",\"url\":\"https:\/\/www.truzzer.com\/fr\/\",\"logo\":{\"@type\":\"ImageObject\",\"inLanguage\":\"fr-FR\",\"@id\":\"https:\/\/www.truzzer.com\/fr\/#\/schema\/logo\/image\/\",\"url\":\"https:\/\/truzzer.com\/wp-content\/uploads\/2026\/01\/truzzer-logo-black-1.svg\",\"contentUrl\":\"https:\/\/truzzer.com\/wp-content\/uploads\/2026\/01\/truzzer-logo-black-1.svg\",\"width\":938,\"height\":199,\"caption\":\"truzzer\"},\"image\":{\"@id\":\"https:\/\/www.truzzer.com\/fr\/#\/schema\/logo\/image\/\"}}]}<\/script>\n<!-- \/ Yoast SEO plugin. -->","yoast_head_json":{"title":"Instagram & TikTok Starter Visittkort \u2013 QR-kode | truzzer","description":"Plus d'abonn\u00e9s Instagram avec Instagram & TikTok Starter Visittkort \u2013 QR-kode de truzzer. Installation facile, pr\u00eat \u00e0 l'emploi. Commandez maintenant !","robots":{"index":"index","follow":"follow","max-snippet":"max-snippet:-1","max-image-preview":"max-image-preview:large","max-video-preview":"max-video-preview:-1"},"canonical":"https:\/\/www.truzzer.com\/fr\/produit\/instagram-tiktok-starter-visittkort-qr-kode\/","og_locale":"fr_FR","og_type":"article","og_title":"Instagram & TikTok Starter Visittkort \u2013 QR-kode | truzzer","og_description":"Plus d'abonn\u00e9s Instagram avec Instagram & TikTok Starter Visittkort \u2013 QR-kode de truzzer. Installation facile, pr\u00eat \u00e0 l'emploi. Commandez maintenant !","og_url":"https:\/\/www.truzzer.com\/fr\/produit\/instagram-tiktok-starter-visittkort-qr-kode\/","og_site_name":"truzzer","article_modified_time":"2026-02-13T10:34:45+00:00","og_image":[{"width":1200,"height":1200,"url":"https:\/\/www.truzzer.com\/wp-content\/uploads\/2026\/02\/tik-insta-3.jpg","type":"image\/jpeg"}],"twitter_card":"summary_large_image","schema":{"@context":"https:\/\/schema.org","@graph":[{"@type":"WebPage","@id":"https:\/\/www.truzzer.com\/fr\/produit\/instagram-tiktok-starter-visittkort-qr-kode\/","url":"https:\/\/www.truzzer.com\/fr\/produit\/instagram-tiktok-starter-visittkort-qr-kode\/","name":"Instagram & TikTok Starter Visittkort \u2013 QR-kode | truzzer","isPartOf":{"@id":"https:\/\/www.truzzer.com\/fr\/#website"},"primaryImageOfPage":{"@id":"https:\/\/www.truzzer.com\/fr\/produit\/instagram-tiktok-starter-visittkort-qr-kode\/#primaryimage"},"image":{"@id":"https:\/\/www.truzzer.com\/fr\/produit\/instagram-tiktok-starter-visittkort-qr-kode\/#primaryimage"},"thumbnailUrl":"https:\/\/www.truzzer.com\/wp-content\/uploads\/2026\/02\/tik-insta-3.jpg","datePublished":"2026-02-11T10:12:12+00:00","dateModified":"2026-02-13T10:34:45+00:00","description":"Plus d'abonn\u00e9s Instagram avec Instagram & TikTok Starter Visittkort \u2013 QR-kode de truzzer. Installation facile, pr\u00eat \u00e0 l'emploi. Commandez maintenant !","breadcrumb":{"@id":"https:\/\/www.truzzer.com\/fr\/produit\/instagram-tiktok-starter-visittkort-qr-kode\/#breadcrumb"},"inLanguage":"fr-FR","potentialAction":[{"@type":"ReadAction","target":["https:\/\/www.truzzer.com\/fr\/produit\/instagram-tiktok-starter-visittkort-qr-kode\/"]}]},{"@type":"ImageObject","inLanguage":"fr-FR","@id":"https:\/\/www.truzzer.com\/fr\/produit\/instagram-tiktok-starter-visittkort-qr-kode\/#primaryimage","url":"https:\/\/www.truzzer.com\/wp-content\/uploads\/2026\/02\/tik-insta-3.jpg","contentUrl":"https:\/\/www.truzzer.com\/wp-content\/uploads\/2026\/02\/tik-insta-3.jpg","width":1200,"height":1200},{"@type":"BreadcrumbList","@id":"https:\/\/www.truzzer.com\/fr\/produit\/instagram-tiktok-starter-visittkort-qr-kode\/#breadcrumb","itemListElement":[{"@type":"ListItem","position":1,"name":"Home","item":"https:\/\/www.truzzer.com\/fr\/"},{"@type":"ListItem","position":2,"name":"Boutique","item":"https:\/\/www.truzzer.com\/fr\/boutique\/"},{"@type":"ListItem","position":3,"name":"Instagram et amp; Carte de visite de d\u00e9marrage TikTok &#8211; Code QR"}]},{"@type":"WebSite","@id":"https:\/\/www.truzzer.com\/fr\/#website","url":"https:\/\/www.truzzer.com\/fr\/","name":"truzzer","description":"Experts for customer trust","publisher":{"@id":"https:\/\/www.truzzer.com\/fr\/#organization"},"potentialAction":[{"@type":"SearchAction","target":{"@type":"EntryPoint","urlTemplate":"https:\/\/www.truzzer.com\/fr\/?s={search_term_string}"},"query-input":{"@type":"PropertyValueSpecification","valueRequired":true,"valueName":"search_term_string"}}],"inLanguage":"fr-FR"},{"@type":"Organization","@id":"https:\/\/www.truzzer.com\/fr\/#organization","name":"truzzer","url":"https:\/\/www.truzzer.com\/fr\/","logo":{"@type":"ImageObject","inLanguage":"fr-FR","@id":"https:\/\/www.truzzer.com\/fr\/#\/schema\/logo\/image\/","url":"https:\/\/truzzer.com\/wp-content\/uploads\/2026\/01\/truzzer-logo-black-1.svg","contentUrl":"https:\/\/truzzer.com\/wp-content\/uploads\/2026\/01\/truzzer-logo-black-1.svg","width":938,"height":199,"caption":"truzzer"},"image":{"@id":"https:\/\/www.truzzer.com\/fr\/#\/schema\/logo\/image\/"}}]}},"tiered_pricing_type":"fixed","tiered_pricing_fixed_rules":[],"tiered_pricing_product_settings":{"layout":"default","base_unit_name":{"singular":null,"plural":null},"default_variation":null},"tiered_pricing_minimum_quantity":null,"tiered_pricing_roles_data":[],"tiered_pricing_percentage_rules":[],"tiered_pricing_maximum_quantity":null,"tiered_pricing_quantity_step":null,"_links":{"self":[{"href":"https:\/\/www.truzzer.com\/fr\/wp-json\/wp\/v2\/product\/102407","targetHints":{"allow":["GET"]}}],"collection":[{"href":"https:\/\/www.truzzer.com\/fr\/wp-json\/wp\/v2\/product"}],"about":[{"href":"https:\/\/www.truzzer.com\/fr\/wp-json\/wp\/v2\/types\/product"}],"replies":[{"embeddable":true,"href":"https:\/\/www.truzzer.com\/fr\/wp-json\/wp\/v2\/comments?post=102407"}],"wp:featuredmedia":[{"embeddable":true,"href":"https:\/\/www.truzzer.com\/fr\/wp-json\/wp\/v2\/media\/102408"}],"wp:attachment":[{"href":"https:\/\/www.truzzer.com\/fr\/wp-json\/wp\/v2\/media?parent=102407"}],"wp:term":[{"taxonomy":"product_brand","embeddable":true,"href":"https:\/\/www.truzzer.com\/fr\/wp-json\/wp\/v2\/product_brand?post=102407"},{"taxonomy":"product_cat","embeddable":true,"href":"https:\/\/www.truzzer.com\/fr\/wp-json\/wp\/v2\/product_cat?post=102407"},{"taxonomy":"product_tag","embeddable":true,"href":"https:\/\/www.truzzer.com\/fr\/wp-json\/wp\/v2\/product_tag?post=102407"}],"curies":[{"name":"wp","href":"https:\/\/api.w.org\/{rel}","templated":true}]}}