{"id":102451,"date":"2026-02-11T10:12:53","date_gmt":"2026-02-11T10:12:53","guid":{"rendered":"https:\/\/beta.truzzer.com\/product\/instagram-qr-kode-klistremerke-folg-oss-rund-hologram-utgave\/"},"modified":"2026-02-13T10:29:44","modified_gmt":"2026-02-13T10:29:44","slug":"instagram-qr-kode-klistremerke-folg-oss-rund-hologram-utgave","status":"publish","type":"product","link":"https:\/\/www.truzzer.com\/fr\/produit\/instagram-qr-kode-klistremerke-folg-oss-rund-hologram-utgave\/","title":{"rendered":"Instagram QR Autocollant code \u00ab Suivez-nous \u00bb \u2013 Rond (\u00e9dition hologramme)"},"content":{"rendered":"<p>\nAvec l&rsquo;<strong>autocollant de code Instagram QR \u00ab Suivez-nous \u00bb (\u00e9dition hologramme)<\/strong>, vous faites passer votre marketing sur les r\u00e9seaux sociaux au niveau sup\u00e9rieur.<br \/>\nLe design holographique accrocheur attire instantan\u00e9ment l&rsquo;attention et garantit qu&rsquo;aucun client ne manque votre appel.\n<\/p>\n<p>\nChaque autocollant est accompagn\u00e9 d&rsquo;un <strong>code QR individuel<\/strong> qui renvoie directement \u00e0 votre profil Instagram.<br \/>\nLes clients n&rsquo;ont plus besoin de vous chercher : une simple analyse rapide avec l&rsquo;appareil photo d&rsquo;un smartphone suffit et ils atterrissent imm\u00e9diatement sur votre compte.\n<\/p>\n<p><strong>Vos avantages en un coup d&rsquo;\u0153il\u00a0:<\/strong><\/p>\n<ul>\n<li>\u2728 <strong>Conception holographique accrocheuse<\/strong>\u00a0: visibilit\u00e9 maximale, que ce soit sur le verre, les comptoirs ou les emballages.<\/li>\n<li>\ud83d\udcf2 <strong>Code QR direct<\/strong>\u00a0: se connecte instantan\u00e9ment \u00e0 votre profil Instagram, sans d\u00e9tour.<\/li>\n<li>\ud83d\udccd <strong>Utilisation polyvalente<\/strong>\u00a0: id\u00e9al pour les magasins, les restaurants, les bars, les salons, les \u00e9v\u00e9nements ou l&#8217;emballage de produits.<\/li>\n<li>\ud83d\udccf <strong>Disponible en 3 tailles<\/strong>\u00a0: 9,5\u00a0cm, 14,8\u00a0cm et 21\u00a0cm.<\/li>\n<li>\ud83c\udde9\ud83c\uddea <strong>Fabriqu\u00e9 en Allemagne<\/strong>\u00a0\u2013\u00a0qualit\u00e9 durable, r\u00e9sistante aux intemp\u00e9ries et aux intemp\u00e9ries. robuste.<\/li>\n<\/ul>\n<p>\nCela permet \u00e0 votre entreprise de se d\u00e9marquer, tout en d\u00e9veloppant intelligemment votre communaut\u00e9 Instagram.\n<\/p>\n<p>\n\u2705 <strong>Postulez simplement \u2014 laissez les clients scanner \u2014 gagnez des abonn\u00e9s.<\/strong>\n<\/p>\n<h3>\u00c9tape 1\u00a0: Le client scanne le code QR<\/h3>\n<p>\nPour vous suivre, le client scanne simplement le code QR. Il leur suffit de pointer l\u2019appareil photo de leur smartphone vers l\u2019autocollant.\n<\/p>\n<p>\n<img decoding=\"async\" class=\"alignnone wp-image-13588 size-full\" src=\"https:\/\/truzzer.de\/wp-content\/uploads\/2020\/12\/truzzer-so-gehts-instagram-scan-11.jpg\" alt=\"\" width=\"1200\" height=\"792\" \/>\n<\/p>\n<p>\nEnsuite, une pop-up appara\u00eet \u00e0 l&rsquo;\u00e9cran (iPhone) ou une ic\u00f4ne de code QR appara\u00eet (smartphones Android \/ Google).\n<\/p>\n<h3>\u00c9tape\u00a02\u00a0: Le client est dirig\u00e9 directement vers votre profil Instagram<\/h3>\n<p>\nInstagram s&rsquo;ouvre et le client peut vous suivre imm\u00e9diatement, aussi simple que cela.\n<\/p>\n<p>\n<img decoding=\"async\" class=\"alignleft wp-image-13589 size-full\" src=\"https:\/\/truzzer.de\/wp-content\/uploads\/2020\/12\/truzzer-so-gehts-instagram-scan-1.jpg\" alt=\"\" width=\"1200\" height=\"792\" \/>\n<\/p>\n<p><strong>Remarque\u00a0:<\/strong><\/p>\n<p>\nVeuillez garder \u00e0 l&rsquo;esprit qu&rsquo;un profil Instagram est requis pour gagner des abonn\u00e9s.\n<\/p>\n<p>[elfsight_popup id=\u00a0\u00bb6&Prime;]<\/p>\n","protected":false},"excerpt":{"rendered":"<p>\nPlus de brillance, plus d&rsquo;attention, plus de followers !<br \/>\nNos <strong>autocollants hologrammes Instagram<\/strong> ronds attirent tous les regards. Avec un code QR int\u00e9gr\u00e9, vous guidez vos clients directement vers votre profil : il suffit de scanner et d&rsquo;acc\u00e9der \u00e0 votre profil. suivre.<br \/>\nId\u00e9al pour : <strong>magasins, portes, comptoirs, vitrines, caisses, emballages<\/strong>.\n<\/p>\n<p>\nDisponible en <strong>3 tailles<\/strong>\u00a0: 9,5 cm, 14,8 cm, 21 cm.<\/p>\n","protected":false},"featured_media":102452,"comment_status":"open","ping_status":"closed","template":"","meta":{"_acf_changed":false,"_yoast_wpseo_focuskw":"Instagram QR Code Autocollant","_yoast_wpseo_title":"Instagram QR-kode-klistremerke \u00ab\u00a0F\u00f8lg oss\u00a0\u00bb \u2013 r... | truzzer","_yoast_wpseo_metadesc":"Plus d'abonn\u00e9s Instagram avec Instagram QR-kode-klistremerke \u00ab\u00a0F\u00f8lg oss\u00a0\u00bb \u2013 rund (hologram-utgave) de truzzer. Installation facile. Commandez !"},"product_brand":[1662],"product_cat":[837,838,823,744],"product_tag":[],"class_list":{"0":"post-102451","1":"product","2":"type-product","3":"status-publish","4":"has-post-thumbnail","6":"product_brand-instagram","7":"product_cat-abonnes-instagram-autocollants","8":"product_cat-abonnes-instagram-autocollants-avec-code-qr","9":"product_cat-abonnes-instagram-produits","10":"product_cat-avis-google-cartes","11":"pa_material-vinyl","12":"pa_product-type-autocollant","13":"pa_shape-rond","14":"pa_technology-code-qr","16":"first","17":"instock","18":"taxable","19":"shipping-taxable","20":"product-type-simple"},"acf":[],"yoast_head":"<!-- This site is optimized with the Yoast SEO plugin v27.0 - https:\/\/yoast.com\/product\/yoast-seo-wordpress\/ -->\n<title>Instagram QR-kode-klistremerke \u00ab\u00a0F\u00f8lg oss\u00a0\u00bb \u2013 r... | truzzer<\/title>\n<meta name=\"description\" content=\"Plus d&#039;abonn\u00e9s Instagram avec Instagram QR-kode-klistremerke \u00ab\u00a0F\u00f8lg oss\u00a0\u00bb \u2013 rund (hologram-utgave) de truzzer. Installation facile. Commandez !\" \/>\n<meta name=\"robots\" content=\"index, follow, max-snippet:-1, max-image-preview:large, max-video-preview:-1\" \/>\n<link rel=\"canonical\" href=\"https:\/\/www.truzzer.com\/fr\/produit\/instagram-qr-kode-klistremerke-folg-oss-rund-hologram-utgave\/\" \/>\n<meta property=\"og:locale\" content=\"fr_FR\" \/>\n<meta property=\"og:type\" content=\"article\" \/>\n<meta property=\"og:title\" content=\"Instagram QR-kode-klistremerke \u00ab\u00a0F\u00f8lg oss\u00a0\u00bb \u2013 r... | truzzer\" \/>\n<meta property=\"og:description\" content=\"Plus d&#039;abonn\u00e9s Instagram avec Instagram QR-kode-klistremerke \u00ab\u00a0F\u00f8lg oss\u00a0\u00bb \u2013 rund (hologram-utgave) de truzzer. Installation facile. Commandez !\" \/>\n<meta property=\"og:url\" content=\"https:\/\/www.truzzer.com\/fr\/produit\/instagram-qr-kode-klistremerke-folg-oss-rund-hologram-utgave\/\" \/>\n<meta property=\"og:site_name\" content=\"truzzer\" \/>\n<meta property=\"article:modified_time\" content=\"2026-02-13T10:29:44+00:00\" \/>\n<meta property=\"og:image\" content=\"https:\/\/www.truzzer.com\/wp-content\/uploads\/2026\/02\/holo-sticker-round-color-phone-2.jpg\" \/>\n\t<meta property=\"og:image:width\" content=\"1200\" \/>\n\t<meta property=\"og:image:height\" content=\"1200\" \/>\n\t<meta property=\"og:image:type\" content=\"image\/jpeg\" \/>\n<meta name=\"twitter:card\" content=\"summary_large_image\" \/>\n<meta name=\"twitter:label1\" content=\"Dur\u00e9e de lecture estim\u00e9e\" \/>\n\t<meta name=\"twitter:data1\" content=\"1 minute\" \/>\n<script type=\"application\/ld+json\" class=\"yoast-schema-graph\">{\"@context\":\"https:\/\/schema.org\",\"@graph\":[{\"@type\":\"WebPage\",\"@id\":\"https:\/\/www.truzzer.com\/fr\/produit\/instagram-qr-kode-klistremerke-folg-oss-rund-hologram-utgave\/\",\"url\":\"https:\/\/www.truzzer.com\/fr\/produit\/instagram-qr-kode-klistremerke-folg-oss-rund-hologram-utgave\/\",\"name\":\"Instagram QR-kode-klistremerke \u00ab\u00a0F\u00f8lg oss\u00a0\u00bb \u2013 r... | truzzer\",\"isPartOf\":{\"@id\":\"https:\/\/www.truzzer.com\/fr\/#website\"},\"primaryImageOfPage\":{\"@id\":\"https:\/\/www.truzzer.com\/fr\/produit\/instagram-qr-kode-klistremerke-folg-oss-rund-hologram-utgave\/#primaryimage\"},\"image\":{\"@id\":\"https:\/\/www.truzzer.com\/fr\/produit\/instagram-qr-kode-klistremerke-folg-oss-rund-hologram-utgave\/#primaryimage\"},\"thumbnailUrl\":\"https:\/\/www.truzzer.com\/wp-content\/uploads\/2026\/02\/holo-sticker-round-color-phone-2.jpg\",\"datePublished\":\"2026-02-11T10:12:53+00:00\",\"dateModified\":\"2026-02-13T10:29:44+00:00\",\"description\":\"Plus d'abonn\u00e9s Instagram avec Instagram QR-kode-klistremerke \u00ab\u00a0F\u00f8lg oss\u00a0\u00bb \u2013 rund (hologram-utgave) de truzzer. Installation facile. Commandez !\",\"breadcrumb\":{\"@id\":\"https:\/\/www.truzzer.com\/fr\/produit\/instagram-qr-kode-klistremerke-folg-oss-rund-hologram-utgave\/#breadcrumb\"},\"inLanguage\":\"fr-FR\",\"potentialAction\":[{\"@type\":\"ReadAction\",\"target\":[\"https:\/\/www.truzzer.com\/fr\/produit\/instagram-qr-kode-klistremerke-folg-oss-rund-hologram-utgave\/\"]}]},{\"@type\":\"ImageObject\",\"inLanguage\":\"fr-FR\",\"@id\":\"https:\/\/www.truzzer.com\/fr\/produit\/instagram-qr-kode-klistremerke-folg-oss-rund-hologram-utgave\/#primaryimage\",\"url\":\"https:\/\/www.truzzer.com\/wp-content\/uploads\/2026\/02\/holo-sticker-round-color-phone-2.jpg\",\"contentUrl\":\"https:\/\/www.truzzer.com\/wp-content\/uploads\/2026\/02\/holo-sticker-round-color-phone-2.jpg\",\"width\":1200,\"height\":1200},{\"@type\":\"BreadcrumbList\",\"@id\":\"https:\/\/www.truzzer.com\/fr\/produit\/instagram-qr-kode-klistremerke-folg-oss-rund-hologram-utgave\/#breadcrumb\",\"itemListElement\":[{\"@type\":\"ListItem\",\"position\":1,\"name\":\"Home\",\"item\":\"https:\/\/www.truzzer.com\/fr\/\"},{\"@type\":\"ListItem\",\"position\":2,\"name\":\"Boutique\",\"item\":\"https:\/\/www.truzzer.com\/fr\/boutique\/\"},{\"@type\":\"ListItem\",\"position\":3,\"name\":\"Instagram QR Autocollant code \u00ab Suivez-nous \u00bb \u2013 Rond (\u00e9dition hologramme)\"}]},{\"@type\":\"WebSite\",\"@id\":\"https:\/\/www.truzzer.com\/fr\/#website\",\"url\":\"https:\/\/www.truzzer.com\/fr\/\",\"name\":\"truzzer\",\"description\":\"Experts for customer trust\",\"publisher\":{\"@id\":\"https:\/\/www.truzzer.com\/fr\/#organization\"},\"potentialAction\":[{\"@type\":\"SearchAction\",\"target\":{\"@type\":\"EntryPoint\",\"urlTemplate\":\"https:\/\/www.truzzer.com\/fr\/?s={search_term_string}\"},\"query-input\":{\"@type\":\"PropertyValueSpecification\",\"valueRequired\":true,\"valueName\":\"search_term_string\"}}],\"inLanguage\":\"fr-FR\"},{\"@type\":\"Organization\",\"@id\":\"https:\/\/www.truzzer.com\/fr\/#organization\",\"name\":\"truzzer\",\"url\":\"https:\/\/www.truzzer.com\/fr\/\",\"logo\":{\"@type\":\"ImageObject\",\"inLanguage\":\"fr-FR\",\"@id\":\"https:\/\/www.truzzer.com\/fr\/#\/schema\/logo\/image\/\",\"url\":\"https:\/\/truzzer.com\/wp-content\/uploads\/2026\/01\/truzzer-logo-black-1.svg\",\"contentUrl\":\"https:\/\/truzzer.com\/wp-content\/uploads\/2026\/01\/truzzer-logo-black-1.svg\",\"width\":938,\"height\":199,\"caption\":\"truzzer\"},\"image\":{\"@id\":\"https:\/\/www.truzzer.com\/fr\/#\/schema\/logo\/image\/\"}}]}<\/script>\n<!-- \/ Yoast SEO plugin. -->","yoast_head_json":{"title":"Instagram QR-kode-klistremerke \u00ab\u00a0F\u00f8lg oss\u00a0\u00bb \u2013 r... | truzzer","description":"Plus d'abonn\u00e9s Instagram avec Instagram QR-kode-klistremerke \u00ab\u00a0F\u00f8lg oss\u00a0\u00bb \u2013 rund (hologram-utgave) de truzzer. Installation facile. Commandez !","robots":{"index":"index","follow":"follow","max-snippet":"max-snippet:-1","max-image-preview":"max-image-preview:large","max-video-preview":"max-video-preview:-1"},"canonical":"https:\/\/www.truzzer.com\/fr\/produit\/instagram-qr-kode-klistremerke-folg-oss-rund-hologram-utgave\/","og_locale":"fr_FR","og_type":"article","og_title":"Instagram QR-kode-klistremerke \u00ab\u00a0F\u00f8lg oss\u00a0\u00bb \u2013 r... | truzzer","og_description":"Plus d'abonn\u00e9s Instagram avec Instagram QR-kode-klistremerke \u00ab\u00a0F\u00f8lg oss\u00a0\u00bb \u2013 rund (hologram-utgave) de truzzer. Installation facile. Commandez !","og_url":"https:\/\/www.truzzer.com\/fr\/produit\/instagram-qr-kode-klistremerke-folg-oss-rund-hologram-utgave\/","og_site_name":"truzzer","article_modified_time":"2026-02-13T10:29:44+00:00","og_image":[{"width":1200,"height":1200,"url":"https:\/\/www.truzzer.com\/wp-content\/uploads\/2026\/02\/holo-sticker-round-color-phone-2.jpg","type":"image\/jpeg"}],"twitter_card":"summary_large_image","twitter_misc":{"Dur\u00e9e de lecture estim\u00e9e":"1 minute"},"schema":{"@context":"https:\/\/schema.org","@graph":[{"@type":"WebPage","@id":"https:\/\/www.truzzer.com\/fr\/produit\/instagram-qr-kode-klistremerke-folg-oss-rund-hologram-utgave\/","url":"https:\/\/www.truzzer.com\/fr\/produit\/instagram-qr-kode-klistremerke-folg-oss-rund-hologram-utgave\/","name":"Instagram QR-kode-klistremerke \u00ab\u00a0F\u00f8lg oss\u00a0\u00bb \u2013 r... | truzzer","isPartOf":{"@id":"https:\/\/www.truzzer.com\/fr\/#website"},"primaryImageOfPage":{"@id":"https:\/\/www.truzzer.com\/fr\/produit\/instagram-qr-kode-klistremerke-folg-oss-rund-hologram-utgave\/#primaryimage"},"image":{"@id":"https:\/\/www.truzzer.com\/fr\/produit\/instagram-qr-kode-klistremerke-folg-oss-rund-hologram-utgave\/#primaryimage"},"thumbnailUrl":"https:\/\/www.truzzer.com\/wp-content\/uploads\/2026\/02\/holo-sticker-round-color-phone-2.jpg","datePublished":"2026-02-11T10:12:53+00:00","dateModified":"2026-02-13T10:29:44+00:00","description":"Plus d'abonn\u00e9s Instagram avec Instagram QR-kode-klistremerke \u00ab\u00a0F\u00f8lg oss\u00a0\u00bb \u2013 rund (hologram-utgave) de truzzer. Installation facile. Commandez !","breadcrumb":{"@id":"https:\/\/www.truzzer.com\/fr\/produit\/instagram-qr-kode-klistremerke-folg-oss-rund-hologram-utgave\/#breadcrumb"},"inLanguage":"fr-FR","potentialAction":[{"@type":"ReadAction","target":["https:\/\/www.truzzer.com\/fr\/produit\/instagram-qr-kode-klistremerke-folg-oss-rund-hologram-utgave\/"]}]},{"@type":"ImageObject","inLanguage":"fr-FR","@id":"https:\/\/www.truzzer.com\/fr\/produit\/instagram-qr-kode-klistremerke-folg-oss-rund-hologram-utgave\/#primaryimage","url":"https:\/\/www.truzzer.com\/wp-content\/uploads\/2026\/02\/holo-sticker-round-color-phone-2.jpg","contentUrl":"https:\/\/www.truzzer.com\/wp-content\/uploads\/2026\/02\/holo-sticker-round-color-phone-2.jpg","width":1200,"height":1200},{"@type":"BreadcrumbList","@id":"https:\/\/www.truzzer.com\/fr\/produit\/instagram-qr-kode-klistremerke-folg-oss-rund-hologram-utgave\/#breadcrumb","itemListElement":[{"@type":"ListItem","position":1,"name":"Home","item":"https:\/\/www.truzzer.com\/fr\/"},{"@type":"ListItem","position":2,"name":"Boutique","item":"https:\/\/www.truzzer.com\/fr\/boutique\/"},{"@type":"ListItem","position":3,"name":"Instagram QR Autocollant code \u00ab Suivez-nous \u00bb \u2013 Rond (\u00e9dition hologramme)"}]},{"@type":"WebSite","@id":"https:\/\/www.truzzer.com\/fr\/#website","url":"https:\/\/www.truzzer.com\/fr\/","name":"truzzer","description":"Experts for customer trust","publisher":{"@id":"https:\/\/www.truzzer.com\/fr\/#organization"},"potentialAction":[{"@type":"SearchAction","target":{"@type":"EntryPoint","urlTemplate":"https:\/\/www.truzzer.com\/fr\/?s={search_term_string}"},"query-input":{"@type":"PropertyValueSpecification","valueRequired":true,"valueName":"search_term_string"}}],"inLanguage":"fr-FR"},{"@type":"Organization","@id":"https:\/\/www.truzzer.com\/fr\/#organization","name":"truzzer","url":"https:\/\/www.truzzer.com\/fr\/","logo":{"@type":"ImageObject","inLanguage":"fr-FR","@id":"https:\/\/www.truzzer.com\/fr\/#\/schema\/logo\/image\/","url":"https:\/\/truzzer.com\/wp-content\/uploads\/2026\/01\/truzzer-logo-black-1.svg","contentUrl":"https:\/\/truzzer.com\/wp-content\/uploads\/2026\/01\/truzzer-logo-black-1.svg","width":938,"height":199,"caption":"truzzer"},"image":{"@id":"https:\/\/www.truzzer.com\/fr\/#\/schema\/logo\/image\/"}}]}},"tiered_pricing_type":"fixed","tiered_pricing_fixed_rules":[],"tiered_pricing_product_settings":{"layout":"default","base_unit_name":{"singular":null,"plural":null},"default_variation":null},"tiered_pricing_minimum_quantity":null,"tiered_pricing_roles_data":[],"tiered_pricing_percentage_rules":[],"tiered_pricing_maximum_quantity":null,"tiered_pricing_quantity_step":null,"_links":{"self":[{"href":"https:\/\/www.truzzer.com\/fr\/wp-json\/wp\/v2\/product\/102451","targetHints":{"allow":["GET"]}}],"collection":[{"href":"https:\/\/www.truzzer.com\/fr\/wp-json\/wp\/v2\/product"}],"about":[{"href":"https:\/\/www.truzzer.com\/fr\/wp-json\/wp\/v2\/types\/product"}],"replies":[{"embeddable":true,"href":"https:\/\/www.truzzer.com\/fr\/wp-json\/wp\/v2\/comments?post=102451"}],"wp:featuredmedia":[{"embeddable":true,"href":"https:\/\/www.truzzer.com\/fr\/wp-json\/wp\/v2\/media\/102452"}],"wp:attachment":[{"href":"https:\/\/www.truzzer.com\/fr\/wp-json\/wp\/v2\/media?parent=102451"}],"wp:term":[{"taxonomy":"product_brand","embeddable":true,"href":"https:\/\/www.truzzer.com\/fr\/wp-json\/wp\/v2\/product_brand?post=102451"},{"taxonomy":"product_cat","embeddable":true,"href":"https:\/\/www.truzzer.com\/fr\/wp-json\/wp\/v2\/product_cat?post=102451"},{"taxonomy":"product_tag","embeddable":true,"href":"https:\/\/www.truzzer.com\/fr\/wp-json\/wp\/v2\/product_tag?post=102451"}],"curies":[{"name":"wp","href":"https:\/\/api.w.org\/{rel}","templated":true}]}}