{"id":102537,"date":"2026-02-11T10:13:35","date_gmt":"2026-02-11T10:13:35","guid":{"rendered":"https:\/\/beta.truzzer.com\/product\/google-review-qr-code-visittkort-standard-pro\/"},"modified":"2026-02-13T10:26:01","modified_gmt":"2026-02-13T10:26:01","slug":"google-review-qr-code-visittkort-standard-pro","status":"publish","type":"product","link":"https:\/\/www.truzzer.com\/fr\/produit\/google-review-qr-code-visittkort-standard-pro\/","title":{"rendered":"Google Examen QR Code Carte de visite Standard Pro"},"content":{"rendered":"<h2>Examen Google Carte de visite \u00e0 code QR \u2013 Standard PRO<\/h2>\n<p>\nLa <strong>Carte de visite Standard PRO Truzzer<\/strong> est le moyen intelligent de diriger vos clients directement vers un avis Google\u00a0: simple, rapide et professionnel.<br \/>\nIl combine une <strong>conception fonctionnelle<\/strong> avec un <strong>impact maximal<\/strong> et a \u00e9t\u00e9 cr\u00e9\u00e9 sp\u00e9cifiquement pour les entreprises qui valorisent les r\u00e9sultats mesurables.\n<\/p>\n<h3>Le d\u00e9but intelligent vers d&rsquo;autres avis sur Google<\/h3>\n<p>\nCette <strong>Carte de visite \u00e0 code QR<\/strong> est votre compagnon quotidien dans les interactions avec les clients, que ce soit en magasin, lors de rendez-vous ou lors de salons professionnels.<br \/>\nUn scan avec un smartphone suffit et le client arrive instantan\u00e9ment sur la page d&rsquo;avis de votre profil d&rsquo;entreprise Google.<br \/>\nCela transforme chaque rencontre en une opportunit\u00e9 d&rsquo;\u00e9valuation <strong>5 \u00e9toiles<\/strong>.\n<\/p>\n<ul>\n<li><strong>Design fonctionnel et moderne<\/strong> \u2014 finition compacte et haut de gamme<\/li>\n<li><strong>Directez le code QR vers votre page d&rsquo;avis Google<\/strong>\u00a0\u2013\u00a0pas de recherche, pas de d\u00e9tours<\/li>\n<li><strong>Enti\u00e8rement configur\u00e9 et amp; configur\u00e9 individuellement<\/strong><\/li>\n<li><strong>Personnalisation facultative<\/strong> avec votre logo et le nom de votre entreprise<\/li>\n<li><strong>Fabriqu\u00e9 en Allemagne<\/strong> \u2014 qualit\u00e9 et fiabilit\u00e9 de Berlin<\/li>\n<li><strong>Id\u00e9al pour les commerces, les services, l&rsquo;h\u00f4tellerie et la vente au d\u00e9tail<\/strong><\/li>\n<\/ul>\n<h3>Comment \u00e7a marche<\/h3>\n<p>\n1. Vous indiquez le nom de votre entreprise lors de votre commande.<br \/>\n2. Nous cr\u00e9ons automatiquement le bon <strong>lien d&rsquo;\u00e9valuation Google<\/strong> et g\u00e9n\u00e9rons votre code QR.<br \/>\n3. Vous recevez votre <strong>carte enti\u00e8rement configur\u00e9e<\/strong>\u00a0: il vous suffit de la d\u00e9baller et de l&rsquo;utiliser.\n<\/p>\n<p>\nVos clients scannent le code QR et peuvent laisser un avis imm\u00e9diatement \u2013 de mani\u00e8re simple, s\u00e9curis\u00e9e et respectueuse de la confidentialit\u00e9.\n<\/p>\n<h3>Plus d&rsquo;avis, plus de visibilit\u00e9, plus de confiance<\/h3>\n<p>\nLa <strong>carte Google Review Standard PRO<\/strong> est la solution id\u00e9ale pour les entreprises qui souhaitent <strong>construire activement leur r\u00e9putation en ligne<\/strong>.<br \/>\nPlus votre entreprise re\u00e7oit d&rsquo;avis authentiques, plus votre pr\u00e9sence devient forte dans la recherche Google \u2014 et avec elle, votre port\u00e9e et votre potentiel de revenus.\n<\/p>\n<h3>Pourquoi Truzzer<\/h3>\n<p>\nEn tant que leader du march\u00e9 pour QR &amp; Produits NFC<\/strong> con\u00e7us pour les avis Google, nous fournissons des solutions enti\u00e8rement pr\u00e9par\u00e9es.<br \/>\nNos produits sont pr\u00eats \u00e0 l&#8217;emploi imm\u00e9diatement, test\u00e9s et adapt\u00e9s \u00e0 votre entreprise, sans aucune configuration technique requise de votre part.\n<\/p>\n<ul>\n<li>Inventeur &amp; leader du march\u00e9 en Allemagne<\/li>\n<li>Support et assistance en Allemagne assistance personnelle<\/li>\n<li>Les mieux not\u00e9s sur Google<\/li>\n<li>Compatible avec tous les smartphones<\/li>\n<li>Aucune application ni inscription requise<\/li>\n<\/ul>\n<h3>D\u00e9tails techniques<\/h3>\n<ul>\n<li>Format\u00a0: carte de visite standard<\/li>\n<li>Mat\u00e9riau\u00a0: carte en plastique durable au fini mat ou brillant<\/li>\n<li>Technologie\u00a0: code QR (en option avec NFC)<\/li>\n<li>Lien\u00a0: lien direct vers votre page d&rsquo;avis Google<\/li>\n<li>Personnalisation\u00a0: nom de l&rsquo;entreprise et nom de l&rsquo;entreprise. logo facultatif<\/li>\n<\/ul>\n<h3>Conclusion<\/h3>\n<p>\nLa <strong>Google Review QR Code Business Card Standard PRO<\/strong> est l&rsquo;outil id\u00e9al pour transformer des clients satisfaits en v\u00e9ritables ambassadeurs de la marque.<br \/>\nPlus d&rsquo;avis signifie plus de visibilit\u00e9 \u2014 et ce produit vous aide \u00e0 y parvenir de la mani\u00e8re la plus simple.\n<\/p>\n<hr>\n<p>\n<strong>Commandez maintenant \u2014 y compris la configuration personnelle et le code QR.<\/strong><br \/>\nAidez vos clients \u00e0 vous recommander facilement : rapide, s\u00e9curis\u00e9 et professionnel.\n<\/p>\n<p>`<\/p>\n","protected":false},"excerpt":{"rendered":"<h2><img decoding=\"async\" class=\"alignnone size-full wp-image-56732\" src=\"https:\/\/truzzer.com\/wp-content\/uploads\/2026\/02\/qrscan-ezgif.com-video-to-webp-converter-1.webp\" alt=\"\" width=\"150\" height=\"150\" \/><\/h2>\n<h2>Einfach more Google Reviewen erhalten with Google Review QR Code Business Cardn<\/h2>\n<p>D\u00e9couvrez la nouvelle carte de visite standard pour plus de Google Examinez-la dans un aper\u00e7u et un design propre, qui vous convient dans toutes vos entreprises.<\/p>\n<p>Avec l&rsquo;examen du code Google, le code QR de la carte de visite vous permet d&rsquo;obtenir plus d&rsquo;informations sur l&rsquo;examen du Google.<\/p>\n<p>Alles, Deine Kandinnen &amp; Kanden hierzu tun m\u00fcssen, c&rsquo;est le code QR avec la cam\u00e9ra du smartphone pour scanner et je vous conseille de le faire directement pour Google Review.<\/p>\n<p>Bitte erg\u00e4nze im Konfigruationsfeld weiter an Deine Firmenadresse et Deinen Firmennamen. Anhand dieser Angaben erstellen wir den individueln Reviewslink for Dich, sodass Du dich um nichts weiter k\u00fcmmern musst.<\/p>\n","protected":false},"featured_media":102791,"comment_status":"open","ping_status":"closed","template":"","meta":{"_acf_changed":false,"_yoast_wpseo_focuskw":"Avis Google Carte de visite","_yoast_wpseo_title":"Google Review QR Code Visittkort Standard Pro | truzzer","_yoast_wpseo_metadesc":"Plus d'avis 5 \u00e9toiles sur Google avec Google Review QR Code Visittkort Standard Pro de truzzer. Installation facile, pr\u00eat \u00e0 l'emploi. Commandez !"},"product_brand":[1655],"product_cat":[809,810,743,596,479,1618],"product_tag":[],"class_list":{"0":"post-102537","1":"product","2":"type-product","3":"status-publish","4":"has-post-thumbnail","6":"product_brand-google","7":"product_cat-avis-google-cartes-de-visite","8":"product_cat-avis-google-cartes-de-visite-avec-code-qr","9":"product_cat-avis-google-produits","10":"product_cat-code-qr-cartes-de-visite","11":"product_cat-code-qr-produits","12":"product_cat-wifi-produits","13":"pa_material-carton","14":"pa_orientation-portrett","15":"pa_placement-bon","16":"pa_placement-brochure","17":"pa_placement-lommebok-personlig","18":"pa_placement-portemonnee-personlijk","19":"pa_product-type-visites-touristiques","20":"pa_shape-rechthoek","21":"pa_technology-code-qr","23":"first","24":"instock","25":"taxable","26":"shipping-taxable","27":"purchasable","28":"product-type-simple"},"acf":[],"yoast_head":"<!-- This site is optimized with the Yoast SEO plugin v27.0 - https:\/\/yoast.com\/product\/yoast-seo-wordpress\/ -->\n<title>Google Review QR Code Visittkort Standard Pro | truzzer<\/title>\n<meta name=\"description\" content=\"Plus d&#039;avis 5 \u00e9toiles sur Google avec Google Review QR Code Visittkort Standard Pro de truzzer. Installation facile, pr\u00eat \u00e0 l&#039;emploi. Commandez !\" \/>\n<meta name=\"robots\" content=\"index, follow, max-snippet:-1, max-image-preview:large, max-video-preview:-1\" \/>\n<link rel=\"canonical\" href=\"https:\/\/www.truzzer.com\/fr\/produit\/google-review-qr-code-visittkort-standard-pro\/\" \/>\n<meta property=\"og:locale\" content=\"fr_FR\" \/>\n<meta property=\"og:type\" content=\"article\" \/>\n<meta property=\"og:title\" content=\"Google Review QR Code Visittkort Standard Pro | truzzer\" \/>\n<meta property=\"og:description\" content=\"Plus d&#039;avis 5 \u00e9toiles sur Google avec Google Review QR Code Visittkort Standard Pro de truzzer. Installation facile, pr\u00eat \u00e0 l&#039;emploi. Commandez !\" \/>\n<meta property=\"og:url\" content=\"https:\/\/www.truzzer.com\/fr\/produit\/google-review-qr-code-visittkort-standard-pro\/\" \/>\n<meta property=\"og:site_name\" content=\"truzzer\" \/>\n<meta property=\"article:modified_time\" content=\"2026-02-13T10:26:01+00:00\" \/>\n<meta property=\"og:image\" content=\"https:\/\/www.truzzer.com\/wp-content\/uploads\/2026\/02\/Google-Bewertung-QR-Code-VIsitenkarte-Pro-3-empfehlio-2-en.jpg\" \/>\n\t<meta property=\"og:image:width\" content=\"1024\" \/>\n\t<meta property=\"og:image:height\" content=\"1024\" \/>\n\t<meta property=\"og:image:type\" content=\"image\/jpeg\" \/>\n<meta name=\"twitter:card\" content=\"summary_large_image\" \/>\n<meta name=\"twitter:label1\" content=\"Dur\u00e9e de lecture estim\u00e9e\" \/>\n\t<meta name=\"twitter:data1\" content=\"3 minutes\" \/>\n<script type=\"application\/ld+json\" class=\"yoast-schema-graph\">{\"@context\":\"https:\/\/schema.org\",\"@graph\":[{\"@type\":\"WebPage\",\"@id\":\"https:\/\/www.truzzer.com\/fr\/produit\/google-review-qr-code-visittkort-standard-pro\/\",\"url\":\"https:\/\/www.truzzer.com\/fr\/produit\/google-review-qr-code-visittkort-standard-pro\/\",\"name\":\"Google Review QR Code Visittkort Standard Pro | truzzer\",\"isPartOf\":{\"@id\":\"https:\/\/www.truzzer.com\/fr\/#website\"},\"primaryImageOfPage\":{\"@id\":\"https:\/\/www.truzzer.com\/fr\/produit\/google-review-qr-code-visittkort-standard-pro\/#primaryimage\"},\"image\":{\"@id\":\"https:\/\/www.truzzer.com\/fr\/produit\/google-review-qr-code-visittkort-standard-pro\/#primaryimage\"},\"thumbnailUrl\":\"https:\/\/www.truzzer.com\/wp-content\/uploads\/2026\/02\/Google-Bewertung-QR-Code-VIsitenkarte-Pro-3-empfehlio-2-en.jpg\",\"datePublished\":\"2026-02-11T10:13:35+00:00\",\"dateModified\":\"2026-02-13T10:26:01+00:00\",\"description\":\"Plus d'avis 5 \u00e9toiles sur Google avec Google Review QR Code Visittkort Standard Pro de truzzer. Installation facile, pr\u00eat \u00e0 l'emploi. Commandez !\",\"breadcrumb\":{\"@id\":\"https:\/\/www.truzzer.com\/fr\/produit\/google-review-qr-code-visittkort-standard-pro\/#breadcrumb\"},\"inLanguage\":\"fr-FR\",\"potentialAction\":[{\"@type\":\"ReadAction\",\"target\":[\"https:\/\/www.truzzer.com\/fr\/produit\/google-review-qr-code-visittkort-standard-pro\/\"]}]},{\"@type\":\"ImageObject\",\"inLanguage\":\"fr-FR\",\"@id\":\"https:\/\/www.truzzer.com\/fr\/produit\/google-review-qr-code-visittkort-standard-pro\/#primaryimage\",\"url\":\"https:\/\/www.truzzer.com\/wp-content\/uploads\/2026\/02\/Google-Bewertung-QR-Code-VIsitenkarte-Pro-3-empfehlio-2-en.jpg\",\"contentUrl\":\"https:\/\/www.truzzer.com\/wp-content\/uploads\/2026\/02\/Google-Bewertung-QR-Code-VIsitenkarte-Pro-3-empfehlio-2-en.jpg\",\"width\":1024,\"height\":1024},{\"@type\":\"BreadcrumbList\",\"@id\":\"https:\/\/www.truzzer.com\/fr\/produit\/google-review-qr-code-visittkort-standard-pro\/#breadcrumb\",\"itemListElement\":[{\"@type\":\"ListItem\",\"position\":1,\"name\":\"Home\",\"item\":\"https:\/\/www.truzzer.com\/fr\/\"},{\"@type\":\"ListItem\",\"position\":2,\"name\":\"Boutique\",\"item\":\"https:\/\/www.truzzer.com\/fr\/boutique\/\"},{\"@type\":\"ListItem\",\"position\":3,\"name\":\"Google Examen QR Code Carte de visite Standard Pro\"}]},{\"@type\":\"WebSite\",\"@id\":\"https:\/\/www.truzzer.com\/fr\/#website\",\"url\":\"https:\/\/www.truzzer.com\/fr\/\",\"name\":\"truzzer\",\"description\":\"Experts for customer trust\",\"publisher\":{\"@id\":\"https:\/\/www.truzzer.com\/fr\/#organization\"},\"potentialAction\":[{\"@type\":\"SearchAction\",\"target\":{\"@type\":\"EntryPoint\",\"urlTemplate\":\"https:\/\/www.truzzer.com\/fr\/?s={search_term_string}\"},\"query-input\":{\"@type\":\"PropertyValueSpecification\",\"valueRequired\":true,\"valueName\":\"search_term_string\"}}],\"inLanguage\":\"fr-FR\"},{\"@type\":\"Organization\",\"@id\":\"https:\/\/www.truzzer.com\/fr\/#organization\",\"name\":\"truzzer\",\"url\":\"https:\/\/www.truzzer.com\/fr\/\",\"logo\":{\"@type\":\"ImageObject\",\"inLanguage\":\"fr-FR\",\"@id\":\"https:\/\/www.truzzer.com\/fr\/#\/schema\/logo\/image\/\",\"url\":\"https:\/\/truzzer.com\/wp-content\/uploads\/2026\/01\/truzzer-logo-black-1.svg\",\"contentUrl\":\"https:\/\/truzzer.com\/wp-content\/uploads\/2026\/01\/truzzer-logo-black-1.svg\",\"width\":938,\"height\":199,\"caption\":\"truzzer\"},\"image\":{\"@id\":\"https:\/\/www.truzzer.com\/fr\/#\/schema\/logo\/image\/\"}}]}<\/script>\n<!-- \/ Yoast SEO plugin. -->","yoast_head_json":{"title":"Google Review QR Code Visittkort Standard Pro | truzzer","description":"Plus d'avis 5 \u00e9toiles sur Google avec Google Review QR Code Visittkort Standard Pro de truzzer. Installation facile, pr\u00eat \u00e0 l'emploi. Commandez !","robots":{"index":"index","follow":"follow","max-snippet":"max-snippet:-1","max-image-preview":"max-image-preview:large","max-video-preview":"max-video-preview:-1"},"canonical":"https:\/\/www.truzzer.com\/fr\/produit\/google-review-qr-code-visittkort-standard-pro\/","og_locale":"fr_FR","og_type":"article","og_title":"Google Review QR Code Visittkort Standard Pro | truzzer","og_description":"Plus d'avis 5 \u00e9toiles sur Google avec Google Review QR Code Visittkort Standard Pro de truzzer. Installation facile, pr\u00eat \u00e0 l'emploi. Commandez !","og_url":"https:\/\/www.truzzer.com\/fr\/produit\/google-review-qr-code-visittkort-standard-pro\/","og_site_name":"truzzer","article_modified_time":"2026-02-13T10:26:01+00:00","og_image":[{"width":1024,"height":1024,"url":"https:\/\/www.truzzer.com\/wp-content\/uploads\/2026\/02\/Google-Bewertung-QR-Code-VIsitenkarte-Pro-3-empfehlio-2-en.jpg","type":"image\/jpeg"}],"twitter_card":"summary_large_image","twitter_misc":{"Dur\u00e9e de lecture estim\u00e9e":"3 minutes"},"schema":{"@context":"https:\/\/schema.org","@graph":[{"@type":"WebPage","@id":"https:\/\/www.truzzer.com\/fr\/produit\/google-review-qr-code-visittkort-standard-pro\/","url":"https:\/\/www.truzzer.com\/fr\/produit\/google-review-qr-code-visittkort-standard-pro\/","name":"Google Review QR Code Visittkort Standard Pro | truzzer","isPartOf":{"@id":"https:\/\/www.truzzer.com\/fr\/#website"},"primaryImageOfPage":{"@id":"https:\/\/www.truzzer.com\/fr\/produit\/google-review-qr-code-visittkort-standard-pro\/#primaryimage"},"image":{"@id":"https:\/\/www.truzzer.com\/fr\/produit\/google-review-qr-code-visittkort-standard-pro\/#primaryimage"},"thumbnailUrl":"https:\/\/www.truzzer.com\/wp-content\/uploads\/2026\/02\/Google-Bewertung-QR-Code-VIsitenkarte-Pro-3-empfehlio-2-en.jpg","datePublished":"2026-02-11T10:13:35+00:00","dateModified":"2026-02-13T10:26:01+00:00","description":"Plus d'avis 5 \u00e9toiles sur Google avec Google Review QR Code Visittkort Standard Pro de truzzer. Installation facile, pr\u00eat \u00e0 l'emploi. Commandez !","breadcrumb":{"@id":"https:\/\/www.truzzer.com\/fr\/produit\/google-review-qr-code-visittkort-standard-pro\/#breadcrumb"},"inLanguage":"fr-FR","potentialAction":[{"@type":"ReadAction","target":["https:\/\/www.truzzer.com\/fr\/produit\/google-review-qr-code-visittkort-standard-pro\/"]}]},{"@type":"ImageObject","inLanguage":"fr-FR","@id":"https:\/\/www.truzzer.com\/fr\/produit\/google-review-qr-code-visittkort-standard-pro\/#primaryimage","url":"https:\/\/www.truzzer.com\/wp-content\/uploads\/2026\/02\/Google-Bewertung-QR-Code-VIsitenkarte-Pro-3-empfehlio-2-en.jpg","contentUrl":"https:\/\/www.truzzer.com\/wp-content\/uploads\/2026\/02\/Google-Bewertung-QR-Code-VIsitenkarte-Pro-3-empfehlio-2-en.jpg","width":1024,"height":1024},{"@type":"BreadcrumbList","@id":"https:\/\/www.truzzer.com\/fr\/produit\/google-review-qr-code-visittkort-standard-pro\/#breadcrumb","itemListElement":[{"@type":"ListItem","position":1,"name":"Home","item":"https:\/\/www.truzzer.com\/fr\/"},{"@type":"ListItem","position":2,"name":"Boutique","item":"https:\/\/www.truzzer.com\/fr\/boutique\/"},{"@type":"ListItem","position":3,"name":"Google Examen QR Code Carte de visite Standard Pro"}]},{"@type":"WebSite","@id":"https:\/\/www.truzzer.com\/fr\/#website","url":"https:\/\/www.truzzer.com\/fr\/","name":"truzzer","description":"Experts for customer trust","publisher":{"@id":"https:\/\/www.truzzer.com\/fr\/#organization"},"potentialAction":[{"@type":"SearchAction","target":{"@type":"EntryPoint","urlTemplate":"https:\/\/www.truzzer.com\/fr\/?s={search_term_string}"},"query-input":{"@type":"PropertyValueSpecification","valueRequired":true,"valueName":"search_term_string"}}],"inLanguage":"fr-FR"},{"@type":"Organization","@id":"https:\/\/www.truzzer.com\/fr\/#organization","name":"truzzer","url":"https:\/\/www.truzzer.com\/fr\/","logo":{"@type":"ImageObject","inLanguage":"fr-FR","@id":"https:\/\/www.truzzer.com\/fr\/#\/schema\/logo\/image\/","url":"https:\/\/truzzer.com\/wp-content\/uploads\/2026\/01\/truzzer-logo-black-1.svg","contentUrl":"https:\/\/truzzer.com\/wp-content\/uploads\/2026\/01\/truzzer-logo-black-1.svg","width":938,"height":199,"caption":"truzzer"},"image":{"@id":"https:\/\/www.truzzer.com\/fr\/#\/schema\/logo\/image\/"}}]}},"tiered_pricing_type":"fixed","tiered_pricing_fixed_rules":[],"tiered_pricing_product_settings":{"layout":"default","base_unit_name":{"singular":null,"plural":null},"default_variation":null},"tiered_pricing_minimum_quantity":null,"tiered_pricing_roles_data":[],"tiered_pricing_percentage_rules":[],"tiered_pricing_maximum_quantity":null,"tiered_pricing_quantity_step":null,"_links":{"self":[{"href":"https:\/\/www.truzzer.com\/fr\/wp-json\/wp\/v2\/product\/102537","targetHints":{"allow":["GET"]}}],"collection":[{"href":"https:\/\/www.truzzer.com\/fr\/wp-json\/wp\/v2\/product"}],"about":[{"href":"https:\/\/www.truzzer.com\/fr\/wp-json\/wp\/v2\/types\/product"}],"replies":[{"embeddable":true,"href":"https:\/\/www.truzzer.com\/fr\/wp-json\/wp\/v2\/comments?post=102537"}],"wp:featuredmedia":[{"embeddable":true,"href":"https:\/\/www.truzzer.com\/fr\/wp-json\/wp\/v2\/media\/102791"}],"wp:attachment":[{"href":"https:\/\/www.truzzer.com\/fr\/wp-json\/wp\/v2\/media?parent=102537"}],"wp:term":[{"taxonomy":"product_brand","embeddable":true,"href":"https:\/\/www.truzzer.com\/fr\/wp-json\/wp\/v2\/product_brand?post=102537"},{"taxonomy":"product_cat","embeddable":true,"href":"https:\/\/www.truzzer.com\/fr\/wp-json\/wp\/v2\/product_cat?post=102537"},{"taxonomy":"product_tag","embeddable":true,"href":"https:\/\/www.truzzer.com\/fr\/wp-json\/wp\/v2\/product_tag?post=102537"}],"curies":[{"name":"wp","href":"https:\/\/api.w.org\/{rel}","templated":true}]}}