{"id":102581,"date":"2026-02-11T10:13:14","date_gmt":"2026-02-11T10:13:14","guid":{"rendered":"https:\/\/beta.truzzer.com\/product\/tiktok-follower-qr-code-sticker-label-roll-mer-rekkevidde-med-qr-klistremerker\/"},"modified":"2026-02-13T10:27:17","modified_gmt":"2026-02-13T10:27:17","slug":"tiktok-follower-qr-code-sticker-label-roll-mer-rekkevidde-med-qr-klistremerker","status":"publish","type":"product","link":"https:\/\/www.truzzer.com\/fr\/produit\/tiktok-follower-qr-code-sticker-label-roll-mer-rekkevidde-med-qr-klistremerker\/","title":{"rendered":"TikTok Follower QR Rouleau d&rsquo;\u00e9tiquettes autocollantes \u00e0 code \u2013 Plus de port\u00e9e avec les autocollants QR"},"content":{"rendered":"<p>\nAvec le <strong>Rouleau d&rsquo;\u00e9tiquettes de code Instagram Follower QR<\/strong>, vous permettez aux clients et aux fans de vous suivre facilement sur Instagram.<br \/>\nChaque autocollant comprend un code QR individuel qui renvoie directement \u00e0 votre profil Instagram.<br \/>\nCela vous aide \u00e0 gagner plus de followers, \u00e0 augmenter votre port\u00e9e et \u00e0 renforcer votre communaut\u00e9.\n<\/p>\n<p>\nLes \u00e9tiquettes sont extr\u00eamement polyvalentes\u00a0: parfaites pour les <strong>bo\u00eetes d&rsquo;exp\u00e9dition, emballages, factures, comptoirs de magasin ou \u00e9v\u00e9nements<\/strong>.<br \/>\nIl suffit de les d\u00e9coller, de les coller et de les placer l\u00e0 o\u00f9 ils sont visibles \u2013 et vos clients pourront vous trouver et vous suivre sur Instagram avec une analyse rapide.\n<\/p>\n<p><strong>Avantages\u00a0:<\/strong><\/p>\n<ul>\n<li>Atteignez instantan\u00e9ment plus de personnes et gagnez plus d&rsquo;abonn\u00e9s Instagram<\/li>\n<li>Id\u00e9al pour les d\u00e9taillants, les restaurants, les entreprises de services et les commerces. \u00e9v\u00e9nements<\/li>\n<li>Convient \u00e0 toutes les surfaces lisses<\/li>\n<li>Fabriqu\u00e9 en Allemagne, qualit\u00e9 d&rsquo;impression sup\u00e9rieure<\/li>\n<li>Disponible en trois tailles pratiques<\/li>\n<\/ul>\n<p>\nAvec les <strong>\u00e9tiquettes de code Instagram Follower QR<\/strong>, vous connectez votre monde hors ligne \u00e0 votre communaut\u00e9 en ligne\u00a0: simple, moderne et efficace.<\/p>\n","protected":false},"excerpt":{"rendered":"<p>Id\u00e9al pour\u00a0: emballages, factures, magasins de d\u00e9tail, restaurants, \u00e9v\u00e9nements.<\/p>\n<ul>\n<li>Convient \u00e0 toute surface lisse<\/li>\n<li>M\u00e8ne directement \u00e0 votre profil TikTok<\/li>\n<li>Il suffit de num\u00e9riser et d&rsquo;amp; suivre<\/li>\n<li>Sur mesure pour votre entreprise<\/li>\n<li>Disponible en trois tailles<\/li>\n<\/ul>\n","protected":false},"featured_media":102582,"comment_status":"open","ping_status":"closed","template":"","meta":{"_acf_changed":false,"_yoast_wpseo_focuskw":"TikTok QR Code Rouleau d'autocollants","_yoast_wpseo_title":"TikTok Follower QR Code Sticker Label Roll \u2013 Me... | truzzer","_yoast_wpseo_metadesc":"Plus de port\u00e9e TikTok avec TikTok Follower QR Code Sticker Label Roll \u2013 Mer rekkevidde med QR-klistremerker de truzzer. Installation facile. Commandez !"},"product_brand":[1683],"product_cat":[620,480,1197,621],"product_tag":[],"class_list":{"0":"post-102581","1":"product","2":"type-product","3":"status-publish","4":"has-post-thumbnail","6":"product_brand-tiktok","7":"product_cat-abonnes-tiktok-produits","8":"product_cat-code-qr-autocollants","9":"product_cat-code-qr-rouleaux-dautocollants","10":"product_cat-tiktok-autocollants","11":"pa_material-vinyl","12":"pa_product-type-sticker-roll","13":"pa_shape-rond","14":"pa_technology-code-qr","16":"first","17":"instock","18":"taxable","19":"shipping-taxable","20":"purchasable","21":"product-type-variable","22":"has-default-attributes"},"acf":[],"yoast_head":"<!-- This site is optimized with the Yoast SEO plugin v27.0 - https:\/\/yoast.com\/product\/yoast-seo-wordpress\/ -->\n<title>TikTok Follower QR Code Sticker Label Roll \u2013 Me... | truzzer<\/title>\n<meta name=\"description\" content=\"Plus de port\u00e9e TikTok avec TikTok Follower QR Code Sticker Label Roll \u2013 Mer rekkevidde med QR-klistremerker de truzzer. Installation facile. Commandez !\" \/>\n<meta name=\"robots\" content=\"index, follow, max-snippet:-1, max-image-preview:large, max-video-preview:-1\" \/>\n<link rel=\"canonical\" href=\"https:\/\/www.truzzer.com\/fr\/produit\/tiktok-follower-qr-code-sticker-label-roll-mer-rekkevidde-med-qr-klistremerker\/\" \/>\n<meta property=\"og:locale\" content=\"fr_FR\" \/>\n<meta property=\"og:type\" content=\"article\" \/>\n<meta property=\"og:title\" content=\"TikTok Follower QR Code Sticker Label Roll \u2013 Me... | truzzer\" \/>\n<meta property=\"og:description\" content=\"Plus de port\u00e9e TikTok avec TikTok Follower QR Code Sticker Label Roll \u2013 Mer rekkevidde med QR-klistremerker de truzzer. Installation facile. Commandez !\" \/>\n<meta property=\"og:url\" content=\"https:\/\/www.truzzer.com\/fr\/produit\/tiktok-follower-qr-code-sticker-label-roll-mer-rekkevidde-med-qr-klistremerker\/\" \/>\n<meta property=\"og:site_name\" content=\"truzzer\" \/>\n<meta property=\"article:modified_time\" content=\"2026-02-13T10:27:17+00:00\" \/>\n<meta property=\"og:image\" content=\"https:\/\/www.truzzer.com\/wp-content\/uploads\/2026\/02\/tiktok-sticker-roll-3-2.jpg\" \/>\n\t<meta property=\"og:image:width\" content=\"1400\" \/>\n\t<meta property=\"og:image:height\" content=\"1400\" \/>\n\t<meta property=\"og:image:type\" content=\"image\/jpeg\" \/>\n<meta name=\"twitter:card\" content=\"summary_large_image\" \/>\n<meta name=\"twitter:label1\" content=\"Dur\u00e9e de lecture estim\u00e9e\" \/>\n\t<meta name=\"twitter:data1\" content=\"1 minute\" \/>\n<script type=\"application\/ld+json\" class=\"yoast-schema-graph\">{\"@context\":\"https:\/\/schema.org\",\"@graph\":[{\"@type\":\"WebPage\",\"@id\":\"https:\/\/www.truzzer.com\/fr\/produit\/tiktok-follower-qr-code-sticker-label-roll-mer-rekkevidde-med-qr-klistremerker\/\",\"url\":\"https:\/\/www.truzzer.com\/fr\/produit\/tiktok-follower-qr-code-sticker-label-roll-mer-rekkevidde-med-qr-klistremerker\/\",\"name\":\"TikTok Follower QR Code Sticker Label Roll \u2013 Me... | truzzer\",\"isPartOf\":{\"@id\":\"https:\/\/www.truzzer.com\/fr\/#website\"},\"primaryImageOfPage\":{\"@id\":\"https:\/\/www.truzzer.com\/fr\/produit\/tiktok-follower-qr-code-sticker-label-roll-mer-rekkevidde-med-qr-klistremerker\/#primaryimage\"},\"image\":{\"@id\":\"https:\/\/www.truzzer.com\/fr\/produit\/tiktok-follower-qr-code-sticker-label-roll-mer-rekkevidde-med-qr-klistremerker\/#primaryimage\"},\"thumbnailUrl\":\"https:\/\/www.truzzer.com\/wp-content\/uploads\/2026\/02\/tiktok-sticker-roll-3-2.jpg\",\"datePublished\":\"2026-02-11T10:13:14+00:00\",\"dateModified\":\"2026-02-13T10:27:17+00:00\",\"description\":\"Plus de port\u00e9e TikTok avec TikTok Follower QR Code Sticker Label Roll \u2013 Mer rekkevidde med QR-klistremerker de truzzer. Installation facile. Commandez !\",\"breadcrumb\":{\"@id\":\"https:\/\/www.truzzer.com\/fr\/produit\/tiktok-follower-qr-code-sticker-label-roll-mer-rekkevidde-med-qr-klistremerker\/#breadcrumb\"},\"inLanguage\":\"fr-FR\",\"potentialAction\":[{\"@type\":\"ReadAction\",\"target\":[\"https:\/\/www.truzzer.com\/fr\/produit\/tiktok-follower-qr-code-sticker-label-roll-mer-rekkevidde-med-qr-klistremerker\/\"]}]},{\"@type\":\"ImageObject\",\"inLanguage\":\"fr-FR\",\"@id\":\"https:\/\/www.truzzer.com\/fr\/produit\/tiktok-follower-qr-code-sticker-label-roll-mer-rekkevidde-med-qr-klistremerker\/#primaryimage\",\"url\":\"https:\/\/www.truzzer.com\/wp-content\/uploads\/2026\/02\/tiktok-sticker-roll-3-2.jpg\",\"contentUrl\":\"https:\/\/www.truzzer.com\/wp-content\/uploads\/2026\/02\/tiktok-sticker-roll-3-2.jpg\",\"width\":1400,\"height\":1400},{\"@type\":\"BreadcrumbList\",\"@id\":\"https:\/\/www.truzzer.com\/fr\/produit\/tiktok-follower-qr-code-sticker-label-roll-mer-rekkevidde-med-qr-klistremerker\/#breadcrumb\",\"itemListElement\":[{\"@type\":\"ListItem\",\"position\":1,\"name\":\"Home\",\"item\":\"https:\/\/www.truzzer.com\/fr\/\"},{\"@type\":\"ListItem\",\"position\":2,\"name\":\"Boutique\",\"item\":\"https:\/\/www.truzzer.com\/fr\/boutique\/\"},{\"@type\":\"ListItem\",\"position\":3,\"name\":\"TikTok Follower QR Rouleau d&#8217;\u00e9tiquettes autocollantes \u00e0 code \u2013 Plus de port\u00e9e avec les autocollants QR\"}]},{\"@type\":\"WebSite\",\"@id\":\"https:\/\/www.truzzer.com\/fr\/#website\",\"url\":\"https:\/\/www.truzzer.com\/fr\/\",\"name\":\"truzzer\",\"description\":\"Experts for customer trust\",\"publisher\":{\"@id\":\"https:\/\/www.truzzer.com\/fr\/#organization\"},\"potentialAction\":[{\"@type\":\"SearchAction\",\"target\":{\"@type\":\"EntryPoint\",\"urlTemplate\":\"https:\/\/www.truzzer.com\/fr\/?s={search_term_string}\"},\"query-input\":{\"@type\":\"PropertyValueSpecification\",\"valueRequired\":true,\"valueName\":\"search_term_string\"}}],\"inLanguage\":\"fr-FR\"},{\"@type\":\"Organization\",\"@id\":\"https:\/\/www.truzzer.com\/fr\/#organization\",\"name\":\"truzzer\",\"url\":\"https:\/\/www.truzzer.com\/fr\/\",\"logo\":{\"@type\":\"ImageObject\",\"inLanguage\":\"fr-FR\",\"@id\":\"https:\/\/www.truzzer.com\/fr\/#\/schema\/logo\/image\/\",\"url\":\"https:\/\/truzzer.com\/wp-content\/uploads\/2026\/01\/truzzer-logo-black-1.svg\",\"contentUrl\":\"https:\/\/truzzer.com\/wp-content\/uploads\/2026\/01\/truzzer-logo-black-1.svg\",\"width\":938,\"height\":199,\"caption\":\"truzzer\"},\"image\":{\"@id\":\"https:\/\/www.truzzer.com\/fr\/#\/schema\/logo\/image\/\"}}]}<\/script>\n<!-- \/ Yoast SEO plugin. -->","yoast_head_json":{"title":"TikTok Follower QR Code Sticker Label Roll \u2013 Me... | truzzer","description":"Plus de port\u00e9e TikTok avec TikTok Follower QR Code Sticker Label Roll \u2013 Mer rekkevidde med QR-klistremerker de truzzer. Installation facile. Commandez !","robots":{"index":"index","follow":"follow","max-snippet":"max-snippet:-1","max-image-preview":"max-image-preview:large","max-video-preview":"max-video-preview:-1"},"canonical":"https:\/\/www.truzzer.com\/fr\/produit\/tiktok-follower-qr-code-sticker-label-roll-mer-rekkevidde-med-qr-klistremerker\/","og_locale":"fr_FR","og_type":"article","og_title":"TikTok Follower QR Code Sticker Label Roll \u2013 Me... | truzzer","og_description":"Plus de port\u00e9e TikTok avec TikTok Follower QR Code Sticker Label Roll \u2013 Mer rekkevidde med QR-klistremerker de truzzer. Installation facile. Commandez !","og_url":"https:\/\/www.truzzer.com\/fr\/produit\/tiktok-follower-qr-code-sticker-label-roll-mer-rekkevidde-med-qr-klistremerker\/","og_site_name":"truzzer","article_modified_time":"2026-02-13T10:27:17+00:00","og_image":[{"width":1400,"height":1400,"url":"https:\/\/www.truzzer.com\/wp-content\/uploads\/2026\/02\/tiktok-sticker-roll-3-2.jpg","type":"image\/jpeg"}],"twitter_card":"summary_large_image","twitter_misc":{"Dur\u00e9e de lecture estim\u00e9e":"1 minute"},"schema":{"@context":"https:\/\/schema.org","@graph":[{"@type":"WebPage","@id":"https:\/\/www.truzzer.com\/fr\/produit\/tiktok-follower-qr-code-sticker-label-roll-mer-rekkevidde-med-qr-klistremerker\/","url":"https:\/\/www.truzzer.com\/fr\/produit\/tiktok-follower-qr-code-sticker-label-roll-mer-rekkevidde-med-qr-klistremerker\/","name":"TikTok Follower QR Code Sticker Label Roll \u2013 Me... | truzzer","isPartOf":{"@id":"https:\/\/www.truzzer.com\/fr\/#website"},"primaryImageOfPage":{"@id":"https:\/\/www.truzzer.com\/fr\/produit\/tiktok-follower-qr-code-sticker-label-roll-mer-rekkevidde-med-qr-klistremerker\/#primaryimage"},"image":{"@id":"https:\/\/www.truzzer.com\/fr\/produit\/tiktok-follower-qr-code-sticker-label-roll-mer-rekkevidde-med-qr-klistremerker\/#primaryimage"},"thumbnailUrl":"https:\/\/www.truzzer.com\/wp-content\/uploads\/2026\/02\/tiktok-sticker-roll-3-2.jpg","datePublished":"2026-02-11T10:13:14+00:00","dateModified":"2026-02-13T10:27:17+00:00","description":"Plus de port\u00e9e TikTok avec TikTok Follower QR Code Sticker Label Roll \u2013 Mer rekkevidde med QR-klistremerker de truzzer. Installation facile. Commandez !","breadcrumb":{"@id":"https:\/\/www.truzzer.com\/fr\/produit\/tiktok-follower-qr-code-sticker-label-roll-mer-rekkevidde-med-qr-klistremerker\/#breadcrumb"},"inLanguage":"fr-FR","potentialAction":[{"@type":"ReadAction","target":["https:\/\/www.truzzer.com\/fr\/produit\/tiktok-follower-qr-code-sticker-label-roll-mer-rekkevidde-med-qr-klistremerker\/"]}]},{"@type":"ImageObject","inLanguage":"fr-FR","@id":"https:\/\/www.truzzer.com\/fr\/produit\/tiktok-follower-qr-code-sticker-label-roll-mer-rekkevidde-med-qr-klistremerker\/#primaryimage","url":"https:\/\/www.truzzer.com\/wp-content\/uploads\/2026\/02\/tiktok-sticker-roll-3-2.jpg","contentUrl":"https:\/\/www.truzzer.com\/wp-content\/uploads\/2026\/02\/tiktok-sticker-roll-3-2.jpg","width":1400,"height":1400},{"@type":"BreadcrumbList","@id":"https:\/\/www.truzzer.com\/fr\/produit\/tiktok-follower-qr-code-sticker-label-roll-mer-rekkevidde-med-qr-klistremerker\/#breadcrumb","itemListElement":[{"@type":"ListItem","position":1,"name":"Home","item":"https:\/\/www.truzzer.com\/fr\/"},{"@type":"ListItem","position":2,"name":"Boutique","item":"https:\/\/www.truzzer.com\/fr\/boutique\/"},{"@type":"ListItem","position":3,"name":"TikTok Follower QR Rouleau d&#8217;\u00e9tiquettes autocollantes \u00e0 code \u2013 Plus de port\u00e9e avec les autocollants QR"}]},{"@type":"WebSite","@id":"https:\/\/www.truzzer.com\/fr\/#website","url":"https:\/\/www.truzzer.com\/fr\/","name":"truzzer","description":"Experts for customer trust","publisher":{"@id":"https:\/\/www.truzzer.com\/fr\/#organization"},"potentialAction":[{"@type":"SearchAction","target":{"@type":"EntryPoint","urlTemplate":"https:\/\/www.truzzer.com\/fr\/?s={search_term_string}"},"query-input":{"@type":"PropertyValueSpecification","valueRequired":true,"valueName":"search_term_string"}}],"inLanguage":"fr-FR"},{"@type":"Organization","@id":"https:\/\/www.truzzer.com\/fr\/#organization","name":"truzzer","url":"https:\/\/www.truzzer.com\/fr\/","logo":{"@type":"ImageObject","inLanguage":"fr-FR","@id":"https:\/\/www.truzzer.com\/fr\/#\/schema\/logo\/image\/","url":"https:\/\/truzzer.com\/wp-content\/uploads\/2026\/01\/truzzer-logo-black-1.svg","contentUrl":"https:\/\/truzzer.com\/wp-content\/uploads\/2026\/01\/truzzer-logo-black-1.svg","width":938,"height":199,"caption":"truzzer"},"image":{"@id":"https:\/\/www.truzzer.com\/fr\/#\/schema\/logo\/image\/"}}]}},"tiered_pricing_type":"fixed","tiered_pricing_fixed_rules":[],"tiered_pricing_product_settings":{"layout":"default","base_unit_name":{"singular":null,"plural":null},"default_variation":null},"tiered_pricing_minimum_quantity":null,"tiered_pricing_roles_data":[],"tiered_pricing_percentage_rules":[],"tiered_pricing_maximum_quantity":null,"tiered_pricing_quantity_step":null,"_links":{"self":[{"href":"https:\/\/www.truzzer.com\/fr\/wp-json\/wp\/v2\/product\/102581","targetHints":{"allow":["GET"]}}],"collection":[{"href":"https:\/\/www.truzzer.com\/fr\/wp-json\/wp\/v2\/product"}],"about":[{"href":"https:\/\/www.truzzer.com\/fr\/wp-json\/wp\/v2\/types\/product"}],"replies":[{"embeddable":true,"href":"https:\/\/www.truzzer.com\/fr\/wp-json\/wp\/v2\/comments?post=102581"}],"wp:featuredmedia":[{"embeddable":true,"href":"https:\/\/www.truzzer.com\/fr\/wp-json\/wp\/v2\/media\/102582"}],"wp:attachment":[{"href":"https:\/\/www.truzzer.com\/fr\/wp-json\/wp\/v2\/media?parent=102581"}],"wp:term":[{"taxonomy":"product_brand","embeddable":true,"href":"https:\/\/www.truzzer.com\/fr\/wp-json\/wp\/v2\/product_brand?post=102581"},{"taxonomy":"product_cat","embeddable":true,"href":"https:\/\/www.truzzer.com\/fr\/wp-json\/wp\/v2\/product_cat?post=102581"},{"taxonomy":"product_tag","embeddable":true,"href":"https:\/\/www.truzzer.com\/fr\/wp-json\/wp\/v2\/product_tag?post=102581"}],"curies":[{"name":"wp","href":"https:\/\/api.w.org\/{rel}","templated":true}]}}