{"id":102637,"date":"2026-02-11T10:13:03","date_gmt":"2026-02-11T10:13:03","guid":{"rendered":"https:\/\/beta.truzzer.com\/product\/instagram-follower-qr-code-sticker-label-roll\/"},"modified":"2026-02-13T10:28:31","modified_gmt":"2026-02-13T10:28:31","slug":"instagram-follower-qr-code-sticker-label-roll","status":"publish","type":"product","link":"https:\/\/www.truzzer.com\/fr\/produit\/instagram-follower-qr-code-sticker-label-roll\/","title":{"rendered":"Instagram Follower QR Rouleau d&rsquo;\u00e9tiquettes autocollantes de code"},"content":{"rendered":"<p>\nAvec le <strong>Rouleau d&rsquo;\u00e9tiquettes autocollantes de code Instagram Follower QR<\/strong>, vous permettez aux clients et aux fans de vous suivre facilement sur Instagram.<br \/>\nChaque autocollant comporte un code QR individuel qui renvoie directement \u00e0 votre profil Instagram.<br \/>\nCela vous aide \u00e0 gagner plus de followers, \u00e0 augmenter votre port\u00e9e et \u00e0 renforcer votre communaut\u00e9.\n<\/p>\n<p>\nLes \u00e9tiquettes sont tr\u00e8s polyvalentes\u00a0: parfaites pour les <strong>bo\u00eetes d&rsquo;exp\u00e9dition, emballages, factures, comptoirs de magasin ou \u00e9v\u00e9nements<\/strong>.<br \/>\nIl suffit de les d\u00e9coller, de les coller et de les placer dans un endroit visible \u2014 et vos clients pourront vous trouver et vous suivre sur Instagram avec une analyse rapide.\n<\/p>\n<p><strong>Avantages\u00a0:<\/strong><\/p>\n<ul>\n<li>Obtenez instantan\u00e9ment plus de port\u00e9e et d&rsquo;abonn\u00e9s Instagram<\/li>\n<li>Id\u00e9al pour les d\u00e9taillants, les restaurants, les entreprises de services et les commerces. \u00e9v\u00e9nements<\/li>\n<li>Convient \u00e0 toutes les surfaces lisses<\/li>\n<li>Fabriqu\u00e9 en Allemagne, qualit\u00e9 d&rsquo;impression sup\u00e9rieure<\/li>\n<li>Disponible en trois tailles pratiques<\/li>\n<\/ul>\n<p>\nAvec les <strong>\u00e9tiquettes de code Instagram Follower QR<\/strong>, vous connectez votre monde hors ligne \u00e0 votre communaut\u00e9 en ligne\u00a0: simple, moderne et efficace.<\/p>\n","protected":false},"excerpt":{"rendered":"<h2>Rouleau d&rsquo;\u00e9tiquettes autocollantes de code Instagram Follower QR \u2013 Plus de port\u00e9e avec les autocollants<\/h2>\n<p>Id\u00e9al pour\u00a0: les cartons d&rsquo;exp\u00e9dition, les emballages, les factures, les magasins de d\u00e9tail, les \u00e9v\u00e9nements.<\/p>\n<ul>\n<li>Convient \u00e0 toute surface lisse<\/li>\n<li>Am\u00e8ne les clients directement \u00e0 votre profil Instagram<\/li>\n<li>Il suffit de num\u00e9riser et d&rsquo;amp; suivre<\/li>\n<li>Sur mesure pour vous<\/li>\n<li>Disponible en trois tailles<\/li>\n<\/ul>\n","protected":false},"featured_media":102638,"comment_status":"open","ping_status":"closed","template":"","meta":{"_acf_changed":false,"_yoast_wpseo_focuskw":"Instagram QR Code Rouleau d'autocollants","_yoast_wpseo_title":"Instagram Follower QR Code Sticker Label Roll | truzzer","_yoast_wpseo_metadesc":"Plus d'abonn\u00e9s Instagram avec Instagram Follower QR Code Sticker Label Roll de truzzer. Installation facile, pr\u00eat \u00e0 l'emploi. Commandez maintenant !"},"product_brand":[1662],"product_cat":[837,838,823,480,1197],"product_tag":[],"class_list":{"0":"post-102637","1":"product","2":"type-product","3":"status-publish","4":"has-post-thumbnail","6":"product_brand-instagram","7":"product_cat-abonnes-instagram-autocollants","8":"product_cat-abonnes-instagram-autocollants-avec-code-qr","9":"product_cat-abonnes-instagram-produits","10":"product_cat-code-qr-autocollants","11":"product_cat-code-qr-rouleaux-dautocollants","12":"pa_material-vinyl","13":"pa_product-type-autocollant","14":"pa_product-type-sticker-roll","15":"pa_shape-rond","16":"pa_technology-code-qr","18":"first","19":"instock","20":"taxable","21":"shipping-taxable","22":"purchasable","23":"product-type-variable","24":"has-default-attributes"},"acf":[],"yoast_head":"<!-- This site is optimized with the Yoast SEO plugin v27.0 - https:\/\/yoast.com\/product\/yoast-seo-wordpress\/ -->\n<title>Instagram Follower QR Code Sticker Label Roll | truzzer<\/title>\n<meta name=\"description\" content=\"Plus d&#039;abonn\u00e9s Instagram avec Instagram Follower QR Code Sticker Label Roll de truzzer. Installation facile, pr\u00eat \u00e0 l&#039;emploi. Commandez maintenant !\" \/>\n<meta name=\"robots\" content=\"index, follow, max-snippet:-1, max-image-preview:large, max-video-preview:-1\" \/>\n<link rel=\"canonical\" href=\"https:\/\/www.truzzer.com\/fr\/produit\/instagram-follower-qr-code-sticker-label-roll\/\" \/>\n<meta property=\"og:locale\" content=\"fr_FR\" \/>\n<meta property=\"og:type\" content=\"article\" \/>\n<meta property=\"og:title\" content=\"Instagram Follower QR Code Sticker Label Roll | truzzer\" \/>\n<meta property=\"og:description\" content=\"Plus d&#039;abonn\u00e9s Instagram avec Instagram Follower QR Code Sticker Label Roll de truzzer. Installation facile, pr\u00eat \u00e0 l&#039;emploi. Commandez maintenant !\" \/>\n<meta property=\"og:url\" content=\"https:\/\/www.truzzer.com\/fr\/produit\/instagram-follower-qr-code-sticker-label-roll\/\" \/>\n<meta property=\"og:site_name\" content=\"truzzer\" \/>\n<meta property=\"article:modified_time\" content=\"2026-02-13T10:28:31+00:00\" \/>\n<meta property=\"og:image\" content=\"https:\/\/www.truzzer.com\/wp-content\/uploads\/2026\/02\/instagram-sticker-roll-3-phone-2.jpg\" \/>\n\t<meta property=\"og:image:width\" content=\"1200\" \/>\n\t<meta property=\"og:image:height\" content=\"1200\" \/>\n\t<meta property=\"og:image:type\" content=\"image\/jpeg\" \/>\n<meta name=\"twitter:card\" content=\"summary_large_image\" \/>\n<meta name=\"twitter:label1\" content=\"Dur\u00e9e de lecture estim\u00e9e\" \/>\n\t<meta name=\"twitter:data1\" content=\"1 minute\" \/>\n<script type=\"application\/ld+json\" class=\"yoast-schema-graph\">{\"@context\":\"https:\/\/schema.org\",\"@graph\":[{\"@type\":\"WebPage\",\"@id\":\"https:\/\/www.truzzer.com\/fr\/produit\/instagram-follower-qr-code-sticker-label-roll\/\",\"url\":\"https:\/\/www.truzzer.com\/fr\/produit\/instagram-follower-qr-code-sticker-label-roll\/\",\"name\":\"Instagram Follower QR Code Sticker Label Roll | truzzer\",\"isPartOf\":{\"@id\":\"https:\/\/www.truzzer.com\/fr\/#website\"},\"primaryImageOfPage\":{\"@id\":\"https:\/\/www.truzzer.com\/fr\/produit\/instagram-follower-qr-code-sticker-label-roll\/#primaryimage\"},\"image\":{\"@id\":\"https:\/\/www.truzzer.com\/fr\/produit\/instagram-follower-qr-code-sticker-label-roll\/#primaryimage\"},\"thumbnailUrl\":\"https:\/\/www.truzzer.com\/wp-content\/uploads\/2026\/02\/instagram-sticker-roll-3-phone-2.jpg\",\"datePublished\":\"2026-02-11T10:13:03+00:00\",\"dateModified\":\"2026-02-13T10:28:31+00:00\",\"description\":\"Plus d'abonn\u00e9s Instagram avec Instagram Follower QR Code Sticker Label Roll de truzzer. Installation facile, pr\u00eat \u00e0 l'emploi. Commandez maintenant !\",\"breadcrumb\":{\"@id\":\"https:\/\/www.truzzer.com\/fr\/produit\/instagram-follower-qr-code-sticker-label-roll\/#breadcrumb\"},\"inLanguage\":\"fr-FR\",\"potentialAction\":[{\"@type\":\"ReadAction\",\"target\":[\"https:\/\/www.truzzer.com\/fr\/produit\/instagram-follower-qr-code-sticker-label-roll\/\"]}]},{\"@type\":\"ImageObject\",\"inLanguage\":\"fr-FR\",\"@id\":\"https:\/\/www.truzzer.com\/fr\/produit\/instagram-follower-qr-code-sticker-label-roll\/#primaryimage\",\"url\":\"https:\/\/www.truzzer.com\/wp-content\/uploads\/2026\/02\/instagram-sticker-roll-3-phone-2.jpg\",\"contentUrl\":\"https:\/\/www.truzzer.com\/wp-content\/uploads\/2026\/02\/instagram-sticker-roll-3-phone-2.jpg\",\"width\":1200,\"height\":1200},{\"@type\":\"BreadcrumbList\",\"@id\":\"https:\/\/www.truzzer.com\/fr\/produit\/instagram-follower-qr-code-sticker-label-roll\/#breadcrumb\",\"itemListElement\":[{\"@type\":\"ListItem\",\"position\":1,\"name\":\"Home\",\"item\":\"https:\/\/www.truzzer.com\/fr\/\"},{\"@type\":\"ListItem\",\"position\":2,\"name\":\"Boutique\",\"item\":\"https:\/\/www.truzzer.com\/fr\/boutique\/\"},{\"@type\":\"ListItem\",\"position\":3,\"name\":\"Instagram Follower QR Rouleau d&#8217;\u00e9tiquettes autocollantes de code\"}]},{\"@type\":\"WebSite\",\"@id\":\"https:\/\/www.truzzer.com\/fr\/#website\",\"url\":\"https:\/\/www.truzzer.com\/fr\/\",\"name\":\"truzzer\",\"description\":\"Experts for customer trust\",\"publisher\":{\"@id\":\"https:\/\/www.truzzer.com\/fr\/#organization\"},\"potentialAction\":[{\"@type\":\"SearchAction\",\"target\":{\"@type\":\"EntryPoint\",\"urlTemplate\":\"https:\/\/www.truzzer.com\/fr\/?s={search_term_string}\"},\"query-input\":{\"@type\":\"PropertyValueSpecification\",\"valueRequired\":true,\"valueName\":\"search_term_string\"}}],\"inLanguage\":\"fr-FR\"},{\"@type\":\"Organization\",\"@id\":\"https:\/\/www.truzzer.com\/fr\/#organization\",\"name\":\"truzzer\",\"url\":\"https:\/\/www.truzzer.com\/fr\/\",\"logo\":{\"@type\":\"ImageObject\",\"inLanguage\":\"fr-FR\",\"@id\":\"https:\/\/www.truzzer.com\/fr\/#\/schema\/logo\/image\/\",\"url\":\"https:\/\/truzzer.com\/wp-content\/uploads\/2026\/01\/truzzer-logo-black-1.svg\",\"contentUrl\":\"https:\/\/truzzer.com\/wp-content\/uploads\/2026\/01\/truzzer-logo-black-1.svg\",\"width\":938,\"height\":199,\"caption\":\"truzzer\"},\"image\":{\"@id\":\"https:\/\/www.truzzer.com\/fr\/#\/schema\/logo\/image\/\"}}]}<\/script>\n<!-- \/ Yoast SEO plugin. -->","yoast_head_json":{"title":"Instagram Follower QR Code Sticker Label Roll | truzzer","description":"Plus d'abonn\u00e9s Instagram avec Instagram Follower QR Code Sticker Label Roll de truzzer. Installation facile, pr\u00eat \u00e0 l'emploi. Commandez maintenant !","robots":{"index":"index","follow":"follow","max-snippet":"max-snippet:-1","max-image-preview":"max-image-preview:large","max-video-preview":"max-video-preview:-1"},"canonical":"https:\/\/www.truzzer.com\/fr\/produit\/instagram-follower-qr-code-sticker-label-roll\/","og_locale":"fr_FR","og_type":"article","og_title":"Instagram Follower QR Code Sticker Label Roll | truzzer","og_description":"Plus d'abonn\u00e9s Instagram avec Instagram Follower QR Code Sticker Label Roll de truzzer. Installation facile, pr\u00eat \u00e0 l'emploi. Commandez maintenant !","og_url":"https:\/\/www.truzzer.com\/fr\/produit\/instagram-follower-qr-code-sticker-label-roll\/","og_site_name":"truzzer","article_modified_time":"2026-02-13T10:28:31+00:00","og_image":[{"width":1200,"height":1200,"url":"https:\/\/www.truzzer.com\/wp-content\/uploads\/2026\/02\/instagram-sticker-roll-3-phone-2.jpg","type":"image\/jpeg"}],"twitter_card":"summary_large_image","twitter_misc":{"Dur\u00e9e de lecture estim\u00e9e":"1 minute"},"schema":{"@context":"https:\/\/schema.org","@graph":[{"@type":"WebPage","@id":"https:\/\/www.truzzer.com\/fr\/produit\/instagram-follower-qr-code-sticker-label-roll\/","url":"https:\/\/www.truzzer.com\/fr\/produit\/instagram-follower-qr-code-sticker-label-roll\/","name":"Instagram Follower QR Code Sticker Label Roll | truzzer","isPartOf":{"@id":"https:\/\/www.truzzer.com\/fr\/#website"},"primaryImageOfPage":{"@id":"https:\/\/www.truzzer.com\/fr\/produit\/instagram-follower-qr-code-sticker-label-roll\/#primaryimage"},"image":{"@id":"https:\/\/www.truzzer.com\/fr\/produit\/instagram-follower-qr-code-sticker-label-roll\/#primaryimage"},"thumbnailUrl":"https:\/\/www.truzzer.com\/wp-content\/uploads\/2026\/02\/instagram-sticker-roll-3-phone-2.jpg","datePublished":"2026-02-11T10:13:03+00:00","dateModified":"2026-02-13T10:28:31+00:00","description":"Plus d'abonn\u00e9s Instagram avec Instagram Follower QR Code Sticker Label Roll de truzzer. Installation facile, pr\u00eat \u00e0 l'emploi. Commandez maintenant !","breadcrumb":{"@id":"https:\/\/www.truzzer.com\/fr\/produit\/instagram-follower-qr-code-sticker-label-roll\/#breadcrumb"},"inLanguage":"fr-FR","potentialAction":[{"@type":"ReadAction","target":["https:\/\/www.truzzer.com\/fr\/produit\/instagram-follower-qr-code-sticker-label-roll\/"]}]},{"@type":"ImageObject","inLanguage":"fr-FR","@id":"https:\/\/www.truzzer.com\/fr\/produit\/instagram-follower-qr-code-sticker-label-roll\/#primaryimage","url":"https:\/\/www.truzzer.com\/wp-content\/uploads\/2026\/02\/instagram-sticker-roll-3-phone-2.jpg","contentUrl":"https:\/\/www.truzzer.com\/wp-content\/uploads\/2026\/02\/instagram-sticker-roll-3-phone-2.jpg","width":1200,"height":1200},{"@type":"BreadcrumbList","@id":"https:\/\/www.truzzer.com\/fr\/produit\/instagram-follower-qr-code-sticker-label-roll\/#breadcrumb","itemListElement":[{"@type":"ListItem","position":1,"name":"Home","item":"https:\/\/www.truzzer.com\/fr\/"},{"@type":"ListItem","position":2,"name":"Boutique","item":"https:\/\/www.truzzer.com\/fr\/boutique\/"},{"@type":"ListItem","position":3,"name":"Instagram Follower QR Rouleau d&#8217;\u00e9tiquettes autocollantes de code"}]},{"@type":"WebSite","@id":"https:\/\/www.truzzer.com\/fr\/#website","url":"https:\/\/www.truzzer.com\/fr\/","name":"truzzer","description":"Experts for customer trust","publisher":{"@id":"https:\/\/www.truzzer.com\/fr\/#organization"},"potentialAction":[{"@type":"SearchAction","target":{"@type":"EntryPoint","urlTemplate":"https:\/\/www.truzzer.com\/fr\/?s={search_term_string}"},"query-input":{"@type":"PropertyValueSpecification","valueRequired":true,"valueName":"search_term_string"}}],"inLanguage":"fr-FR"},{"@type":"Organization","@id":"https:\/\/www.truzzer.com\/fr\/#organization","name":"truzzer","url":"https:\/\/www.truzzer.com\/fr\/","logo":{"@type":"ImageObject","inLanguage":"fr-FR","@id":"https:\/\/www.truzzer.com\/fr\/#\/schema\/logo\/image\/","url":"https:\/\/truzzer.com\/wp-content\/uploads\/2026\/01\/truzzer-logo-black-1.svg","contentUrl":"https:\/\/truzzer.com\/wp-content\/uploads\/2026\/01\/truzzer-logo-black-1.svg","width":938,"height":199,"caption":"truzzer"},"image":{"@id":"https:\/\/www.truzzer.com\/fr\/#\/schema\/logo\/image\/"}}]}},"tiered_pricing_type":"fixed","tiered_pricing_fixed_rules":[],"tiered_pricing_product_settings":{"layout":"default","base_unit_name":{"singular":null,"plural":null},"default_variation":null},"tiered_pricing_minimum_quantity":null,"tiered_pricing_roles_data":[],"tiered_pricing_percentage_rules":[],"tiered_pricing_maximum_quantity":null,"tiered_pricing_quantity_step":null,"_links":{"self":[{"href":"https:\/\/www.truzzer.com\/fr\/wp-json\/wp\/v2\/product\/102637","targetHints":{"allow":["GET"]}}],"collection":[{"href":"https:\/\/www.truzzer.com\/fr\/wp-json\/wp\/v2\/product"}],"about":[{"href":"https:\/\/www.truzzer.com\/fr\/wp-json\/wp\/v2\/types\/product"}],"replies":[{"embeddable":true,"href":"https:\/\/www.truzzer.com\/fr\/wp-json\/wp\/v2\/comments?post=102637"}],"wp:featuredmedia":[{"embeddable":true,"href":"https:\/\/www.truzzer.com\/fr\/wp-json\/wp\/v2\/media\/102638"}],"wp:attachment":[{"href":"https:\/\/www.truzzer.com\/fr\/wp-json\/wp\/v2\/media?parent=102637"}],"wp:term":[{"taxonomy":"product_brand","embeddable":true,"href":"https:\/\/www.truzzer.com\/fr\/wp-json\/wp\/v2\/product_brand?post=102637"},{"taxonomy":"product_cat","embeddable":true,"href":"https:\/\/www.truzzer.com\/fr\/wp-json\/wp\/v2\/product_cat?post=102637"},{"taxonomy":"product_tag","embeddable":true,"href":"https:\/\/www.truzzer.com\/fr\/wp-json\/wp\/v2\/product_tag?post=102637"}],"curies":[{"name":"wp","href":"https:\/\/api.w.org\/{rel}","templated":true}]}}