{"id":102658,"date":"2026-02-11T10:14:57","date_gmt":"2026-02-11T10:14:57","guid":{"rendered":"https:\/\/beta.truzzer.com\/product\/google-anmeldelse-qr-kode-visittkorttelefon\/"},"modified":"2026-02-13T10:23:28","modified_gmt":"2026-02-13T10:23:28","slug":"google-anmeldelse-qr-kode-visittkorttelefon","status":"publish","type":"product","link":"https:\/\/www.truzzer.com\/fr\/produit\/google-anmeldelse-qr-kode-visittkorttelefon\/","title":{"rendered":"Google Examen QR Code T\u00e9l\u00e9phone \u00e0 carte de visite"},"content":{"rendered":"<h2>Examen Google Carte de visite \u00e0 code QR \u2013 \u00c9dition T\u00c9L\u00c9PHONE<\/h2>\n<p>La <strong>Truzzer PHONE Edition<\/strong> est la carte de visite d&rsquo;\u00e9valuation moderne de nouvelle g\u00e9n\u00e9ration.<br \/>\nSp\u00e9cialement con\u00e7u pour une <strong>exp\u00e9rience client mobile<\/strong> exceptionnelle, il am\u00e8ne votre entreprise directement sur les smartphones de vos clients avec une seule analyse\u00a0:<br \/>\net de l\u00e0 directement \u00e0 votre <strong>page d&rsquo;avis Google<\/strong>.<br \/>\nParfait pour tous ceux qui souhaitent pr\u00e9senter leur marque comme \u00e9tant ax\u00e9e sur le mobile, le num\u00e9rique et pr\u00eate pour l&rsquo;avenir.<\/p>\n<h3>La solution intelligente pour les avis mobiles<\/h3>\n<p>Avec la <strong>QR Code Business Card PHONE Edition<\/strong>, vous rencontrez vos clients l\u00e0 o\u00f9 ils se trouvent d\u00e9j\u00e0\u00a0: sur leur t\u00e9l\u00e9phone.<br \/>\nScannez, examinez, c&rsquo;est fait.<br \/>\nQue ce soit en magasin, dans un restaurant, lors de salons professionnels ou en d\u00e9placement, les clients peuvent laisser un avis en quelques secondes, sans installer d&rsquo;application ni rechercher votre fiche.<\/p>\n<ul>\n<li><strong>Design moderne et minimaliste<\/strong> dans un look smartphone<\/li>\n<li><strong>Acc\u00e8s instantan\u00e9 au code QR<\/strong> \u00e0 votre page d&rsquo;avis Google<\/li>\n<li><strong>Configur\u00e9 individuellement<\/strong> avec le nom et le logo de votre entreprise<\/li>\n<li><strong>Enti\u00e8rement configur\u00e9 et amp; pr\u00eat \u00e0 l&#8217;emploi<\/strong> imm\u00e9diatement<\/li>\n<li><strong>Id\u00e9al pour les fournisseurs de services mobiles, l&rsquo;h\u00f4tellerie, les salons de beaut\u00e9 et de beaut\u00e9. \u00e9v\u00e9nements<\/strong><\/li>\n<li><strong>Fabriqu\u00e9 en Allemagne<\/strong> \u2014 haute qualit\u00e9, test\u00e9 et personnalis\u00e9<\/li>\n<\/ul>\n<h3>Comment \u00e7a marche<\/h3>\n<p>1. Vous saisissez le nom de votre entreprise lors de votre commande.<br \/>\n2. Nous cr\u00e9ons votre <strong>lien d&rsquo;avis Google<\/strong> et votre code QR individuels.<br \/>\n3. Votre carte est enti\u00e8rement configur\u00e9e et vous est exp\u00e9di\u00e9e directement.<\/p>\n<p>Les clients scannent simplement le code QR avec l&rsquo;appareil photo de leur smartphone et atterrissent instantan\u00e9ment sur votre page d&rsquo;avis \u2014<br \/>\naucun d\u00e9tour, aucune connexion requise et aucun obstacle technique.<\/p>\n<h3>Pourquoi l&rsquo;\u00e9dition PHONE<\/h3>\n<p>L&rsquo;\u00e9dition PHONE a \u00e9t\u00e9 con\u00e7ue sp\u00e9cifiquement pour une utilisation mobile.<br \/>\nIl combine l&rsquo;aspect familier d&rsquo;une interface de smartphone avec le <strong>processus de r\u00e9vision le plus simple au monde<\/strong>.<br \/>\nLe design est intuitif, accrocheur et encourage activement les clients \u00e0 laisser un avis imm\u00e9diatement.<\/p>\n<h3>Avantages pour votre entreprise<\/h3>\n<ul>\n<li>Plus de <strong>v\u00e9ritables avis 5\u00a0\u00e9toiles<\/strong> en moins de temps<\/li>\n<li>Une <strong>visibilit\u00e9 plus forte sur Google<\/strong> et des classements am\u00e9lior\u00e9s<\/li>\n<li>Davantage de confiance de la part des nouveaux clients<\/li>\n<li>Moins d&rsquo;efforts pour votre \u00e9quipe\u00a0: la carte fait le marketing \u00e0 votre place<\/li>\n<\/ul>\n<h3>Pourquoi Truzzer<\/h3>\n<p>En tant que <strong>leader du march\u00e9 et inventeur<\/strong> du QR &amp; Produits NFC pour les avis Google,<br \/>\nTruzzer offre tout pr\u00eat \u00e0 l&#8217;emploi : de votre lien d&rsquo;\u00e9valuation personnel et de votre conception au produit final test\u00e9.<br \/>\nNos produits sont utilis\u00e9s dans toute l&rsquo;Allemagne, des petites entreprises locales aux grandes cha\u00eenes.<\/p>\n<ul>\n<li>Inventeur &amp; leader du march\u00e9 en Allemagne<\/li>\n<li>Support et assistance en Allemagne configuration personnelle<\/li>\n<li>Les mieux not\u00e9s sur Google<\/li>\n<li>Compatible avec n&rsquo;importe quel smartphone<\/li>\n<li>Aucun abonnement, aucune application, aucune connaissance technique requise<\/li>\n<\/ul>\n<h3>D\u00e9tails techniques<\/h3>\n<ul>\n<li>Taille\u00a0: format carte de cr\u00e9dit dans un design inspir\u00e9 des smartphones<\/li>\n<li>Mat\u00e9riau\u00a0: carte en plastique durable, finition mate ou brillante en option<\/li>\n<li>Technologie\u00a0: code QR (combinaison NFC en option disponible)<\/li>\n<li>Lien\u00a0: lien direct vers votre profil d&rsquo;avis Google<\/li>\n<li>Personnalisation\u00a0: logo, nom de l&rsquo;entreprise et amp; notion de couleur<\/li>\n<\/ul>\n<h3>Conclusion<\/h3>\n<p>La <strong>Carte de visite \u00e0 code Google Review QR &#8211; \u00c9dition T\u00c9L\u00c9PHONE<\/strong> est l&rsquo;outil parfait<br \/>\npour g\u00e9n\u00e9rer des avis directement sur le point de vente ou lors d&rsquo;interactions personnelles.<br \/>\nUn design moderne rencontre un impact mesurable \u2014 pour plus de port\u00e9e, de confiance et de croissance.<\/p>\n<p><heure \/><\/p>\n<p><strong>Commandez maintenant \u2014 avec le code QR et le code\u00a0QR. configuration compl\u00e8te.<\/strong><br \/>\nRendez le chemin vers votre prochain avis 5 \u00e9toiles aussi simple qu&rsquo;une analyse de smartphone.<\/p>\n","protected":false},"excerpt":{"rendered":"<h2>\n  <img decoding=\"async\" class=\"alignnone size-full wp-image-56732\" src=\"https:\/\/truzzer.com\/wp-content\/uploads\/2026\/02\/qrscan-ezgif.com-video-to-webp-converter-1.webp\" alt=\"\" width=\"150\" height=\"150\" \/><br \/>\n<\/h2>\n<h2>Obtenez facilement plus d&rsquo;avis Google avec les cartes de visite Google Review QR Code<\/h2>\n<p>D\u00e9couvrez les nouvelles cartes de visite standard con\u00e7ues pour vous aider \u00e0 recueillir davantage d&rsquo;avis Google \u2014 dans un look \u00e9pur\u00e9 et moderne qui s&rsquo;int\u00e8gre parfaitement \u00e0 toute entreprise.<\/p>\n<p>Avec nos cartes de visite Google Review QR Code, vous pouvez obtenir plus d&rsquo;avis Google en un rien de temps.<\/p>\n<p>Tout ce que vos clients doivent faire est de scanner le code QR avec l\u2019appareil photo de leur smartphone \u2013 et ils seront directement redirig\u00e9s vers votre page d\u2019avis Google.<\/p>\n<p>Veuillez \u00e9galement saisir votre adresse professionnelle et votre nom commercial dans le champ de configuration. \u00c0 l\u2019aide de ces informations, nous cr\u00e9ons votre lien d\u2019\u00e9valuation individuel pour vous, afin que vous n\u2019ayez \u00e0 vous soucier de rien.<\/p>\n","protected":false},"featured_media":102775,"comment_status":"closed","ping_status":"closed","template":"","meta":{"_acf_changed":false,"_yoast_wpseo_focuskw":"Avis Google Carte de visite","_yoast_wpseo_title":"Google anmeldelse QR-kode visittkorttelefon | truzzer","_yoast_wpseo_metadesc":"Plus d'avis 5 \u00e9toiles sur Google avec Google anmeldelse QR-kode visittkorttelefon de truzzer. Installation facile, pr\u00eat \u00e0 l'emploi. Commandez !"},"product_brand":[1655],"product_cat":[809,810,743,596,479],"product_tag":[],"class_list":{"0":"post-102658","1":"product","2":"type-product","3":"status-publish","4":"has-post-thumbnail","6":"product_brand-google","7":"product_cat-avis-google-cartes-de-visite","8":"product_cat-avis-google-cartes-de-visite-avec-code-qr","9":"product_cat-avis-google-produits","10":"product_cat-code-qr-cartes-de-visite","11":"product_cat-code-qr-produits","12":"pa_material-carton","13":"pa_orientation-portrett","14":"pa_placement-bon","15":"pa_placement-brochure","16":"pa_placement-lommebok-personlig","17":"pa_placement-portemonnee-personlijk","18":"pa_product-type-visites-touristiques","19":"pa_shape-rechthoek","20":"pa_technology-code-qr","22":"first","23":"instock","24":"taxable","25":"shipping-taxable","26":"purchasable","27":"product-type-simple"},"acf":[],"yoast_head":"<!-- This site is optimized with the Yoast SEO plugin v27.0 - https:\/\/yoast.com\/product\/yoast-seo-wordpress\/ -->\n<title>Google anmeldelse QR-kode visittkorttelefon | truzzer<\/title>\n<meta name=\"description\" content=\"Plus d&#039;avis 5 \u00e9toiles sur Google avec Google anmeldelse QR-kode visittkorttelefon de truzzer. Installation facile, pr\u00eat \u00e0 l&#039;emploi. Commandez !\" \/>\n<meta name=\"robots\" content=\"index, follow, max-snippet:-1, max-image-preview:large, max-video-preview:-1\" \/>\n<link rel=\"canonical\" href=\"https:\/\/www.truzzer.com\/fr\/produit\/google-anmeldelse-qr-kode-visittkorttelefon\/\" \/>\n<meta property=\"og:locale\" content=\"fr_FR\" \/>\n<meta property=\"og:type\" content=\"article\" \/>\n<meta property=\"og:title\" content=\"Google anmeldelse QR-kode visittkorttelefon | truzzer\" \/>\n<meta property=\"og:description\" content=\"Plus d&#039;avis 5 \u00e9toiles sur Google avec Google anmeldelse QR-kode visittkorttelefon de truzzer. Installation facile, pr\u00eat \u00e0 l&#039;emploi. Commandez !\" \/>\n<meta property=\"og:url\" content=\"https:\/\/www.truzzer.com\/fr\/produit\/google-anmeldelse-qr-kode-visittkorttelefon\/\" \/>\n<meta property=\"og:site_name\" content=\"truzzer\" \/>\n<meta property=\"article:modified_time\" content=\"2026-02-13T10:23:28+00:00\" \/>\n<meta property=\"og:image\" content=\"https:\/\/www.truzzer.com\/wp-content\/uploads\/2026\/02\/Google-Bewertung-QR-Code-VIsitenkarte-Phone-2-empfehlio-3-en.jpg\" \/>\n\t<meta property=\"og:image:width\" content=\"1024\" \/>\n\t<meta property=\"og:image:height\" content=\"1024\" \/>\n\t<meta property=\"og:image:type\" content=\"image\/jpeg\" \/>\n<meta name=\"twitter:card\" content=\"summary_large_image\" \/>\n<meta name=\"twitter:label1\" content=\"Dur\u00e9e de lecture estim\u00e9e\" \/>\n\t<meta name=\"twitter:data1\" content=\"3 minutes\" \/>\n<script type=\"application\/ld+json\" class=\"yoast-schema-graph\">{\"@context\":\"https:\/\/schema.org\",\"@graph\":[{\"@type\":\"WebPage\",\"@id\":\"https:\/\/www.truzzer.com\/fr\/produit\/google-anmeldelse-qr-kode-visittkorttelefon\/\",\"url\":\"https:\/\/www.truzzer.com\/fr\/produit\/google-anmeldelse-qr-kode-visittkorttelefon\/\",\"name\":\"Google anmeldelse QR-kode visittkorttelefon | truzzer\",\"isPartOf\":{\"@id\":\"https:\/\/www.truzzer.com\/fr\/#website\"},\"primaryImageOfPage\":{\"@id\":\"https:\/\/www.truzzer.com\/fr\/produit\/google-anmeldelse-qr-kode-visittkorttelefon\/#primaryimage\"},\"image\":{\"@id\":\"https:\/\/www.truzzer.com\/fr\/produit\/google-anmeldelse-qr-kode-visittkorttelefon\/#primaryimage\"},\"thumbnailUrl\":\"https:\/\/www.truzzer.com\/wp-content\/uploads\/2026\/02\/Google-Bewertung-QR-Code-VIsitenkarte-Phone-2-empfehlio-3-en.jpg\",\"datePublished\":\"2026-02-11T10:14:57+00:00\",\"dateModified\":\"2026-02-13T10:23:28+00:00\",\"description\":\"Plus d'avis 5 \u00e9toiles sur Google avec Google anmeldelse QR-kode visittkorttelefon de truzzer. Installation facile, pr\u00eat \u00e0 l'emploi. Commandez !\",\"breadcrumb\":{\"@id\":\"https:\/\/www.truzzer.com\/fr\/produit\/google-anmeldelse-qr-kode-visittkorttelefon\/#breadcrumb\"},\"inLanguage\":\"fr-FR\",\"potentialAction\":[{\"@type\":\"ReadAction\",\"target\":[\"https:\/\/www.truzzer.com\/fr\/produit\/google-anmeldelse-qr-kode-visittkorttelefon\/\"]}]},{\"@type\":\"ImageObject\",\"inLanguage\":\"fr-FR\",\"@id\":\"https:\/\/www.truzzer.com\/fr\/produit\/google-anmeldelse-qr-kode-visittkorttelefon\/#primaryimage\",\"url\":\"https:\/\/www.truzzer.com\/wp-content\/uploads\/2026\/02\/Google-Bewertung-QR-Code-VIsitenkarte-Phone-2-empfehlio-3-en.jpg\",\"contentUrl\":\"https:\/\/www.truzzer.com\/wp-content\/uploads\/2026\/02\/Google-Bewertung-QR-Code-VIsitenkarte-Phone-2-empfehlio-3-en.jpg\",\"width\":1024,\"height\":1024},{\"@type\":\"BreadcrumbList\",\"@id\":\"https:\/\/www.truzzer.com\/fr\/produit\/google-anmeldelse-qr-kode-visittkorttelefon\/#breadcrumb\",\"itemListElement\":[{\"@type\":\"ListItem\",\"position\":1,\"name\":\"Home\",\"item\":\"https:\/\/www.truzzer.com\/fr\/\"},{\"@type\":\"ListItem\",\"position\":2,\"name\":\"Boutique\",\"item\":\"https:\/\/www.truzzer.com\/fr\/boutique\/\"},{\"@type\":\"ListItem\",\"position\":3,\"name\":\"Google Examen QR Code T\u00e9l\u00e9phone \u00e0 carte de visite\"}]},{\"@type\":\"WebSite\",\"@id\":\"https:\/\/www.truzzer.com\/fr\/#website\",\"url\":\"https:\/\/www.truzzer.com\/fr\/\",\"name\":\"truzzer\",\"description\":\"Experts for customer trust\",\"publisher\":{\"@id\":\"https:\/\/www.truzzer.com\/fr\/#organization\"},\"potentialAction\":[{\"@type\":\"SearchAction\",\"target\":{\"@type\":\"EntryPoint\",\"urlTemplate\":\"https:\/\/www.truzzer.com\/fr\/?s={search_term_string}\"},\"query-input\":{\"@type\":\"PropertyValueSpecification\",\"valueRequired\":true,\"valueName\":\"search_term_string\"}}],\"inLanguage\":\"fr-FR\"},{\"@type\":\"Organization\",\"@id\":\"https:\/\/www.truzzer.com\/fr\/#organization\",\"name\":\"truzzer\",\"url\":\"https:\/\/www.truzzer.com\/fr\/\",\"logo\":{\"@type\":\"ImageObject\",\"inLanguage\":\"fr-FR\",\"@id\":\"https:\/\/www.truzzer.com\/fr\/#\/schema\/logo\/image\/\",\"url\":\"https:\/\/truzzer.com\/wp-content\/uploads\/2026\/01\/truzzer-logo-black-1.svg\",\"contentUrl\":\"https:\/\/truzzer.com\/wp-content\/uploads\/2026\/01\/truzzer-logo-black-1.svg\",\"width\":938,\"height\":199,\"caption\":\"truzzer\"},\"image\":{\"@id\":\"https:\/\/www.truzzer.com\/fr\/#\/schema\/logo\/image\/\"}}]}<\/script>\n<!-- \/ Yoast SEO plugin. -->","yoast_head_json":{"title":"Google anmeldelse QR-kode visittkorttelefon | truzzer","description":"Plus d'avis 5 \u00e9toiles sur Google avec Google anmeldelse QR-kode visittkorttelefon de truzzer. Installation facile, pr\u00eat \u00e0 l'emploi. Commandez !","robots":{"index":"index","follow":"follow","max-snippet":"max-snippet:-1","max-image-preview":"max-image-preview:large","max-video-preview":"max-video-preview:-1"},"canonical":"https:\/\/www.truzzer.com\/fr\/produit\/google-anmeldelse-qr-kode-visittkorttelefon\/","og_locale":"fr_FR","og_type":"article","og_title":"Google anmeldelse QR-kode visittkorttelefon | truzzer","og_description":"Plus d'avis 5 \u00e9toiles sur Google avec Google anmeldelse QR-kode visittkorttelefon de truzzer. Installation facile, pr\u00eat \u00e0 l'emploi. Commandez !","og_url":"https:\/\/www.truzzer.com\/fr\/produit\/google-anmeldelse-qr-kode-visittkorttelefon\/","og_site_name":"truzzer","article_modified_time":"2026-02-13T10:23:28+00:00","og_image":[{"width":1024,"height":1024,"url":"https:\/\/www.truzzer.com\/wp-content\/uploads\/2026\/02\/Google-Bewertung-QR-Code-VIsitenkarte-Phone-2-empfehlio-3-en.jpg","type":"image\/jpeg"}],"twitter_card":"summary_large_image","twitter_misc":{"Dur\u00e9e de lecture estim\u00e9e":"3 minutes"},"schema":{"@context":"https:\/\/schema.org","@graph":[{"@type":"WebPage","@id":"https:\/\/www.truzzer.com\/fr\/produit\/google-anmeldelse-qr-kode-visittkorttelefon\/","url":"https:\/\/www.truzzer.com\/fr\/produit\/google-anmeldelse-qr-kode-visittkorttelefon\/","name":"Google anmeldelse QR-kode visittkorttelefon | truzzer","isPartOf":{"@id":"https:\/\/www.truzzer.com\/fr\/#website"},"primaryImageOfPage":{"@id":"https:\/\/www.truzzer.com\/fr\/produit\/google-anmeldelse-qr-kode-visittkorttelefon\/#primaryimage"},"image":{"@id":"https:\/\/www.truzzer.com\/fr\/produit\/google-anmeldelse-qr-kode-visittkorttelefon\/#primaryimage"},"thumbnailUrl":"https:\/\/www.truzzer.com\/wp-content\/uploads\/2026\/02\/Google-Bewertung-QR-Code-VIsitenkarte-Phone-2-empfehlio-3-en.jpg","datePublished":"2026-02-11T10:14:57+00:00","dateModified":"2026-02-13T10:23:28+00:00","description":"Plus d'avis 5 \u00e9toiles sur Google avec Google anmeldelse QR-kode visittkorttelefon de truzzer. Installation facile, pr\u00eat \u00e0 l'emploi. Commandez !","breadcrumb":{"@id":"https:\/\/www.truzzer.com\/fr\/produit\/google-anmeldelse-qr-kode-visittkorttelefon\/#breadcrumb"},"inLanguage":"fr-FR","potentialAction":[{"@type":"ReadAction","target":["https:\/\/www.truzzer.com\/fr\/produit\/google-anmeldelse-qr-kode-visittkorttelefon\/"]}]},{"@type":"ImageObject","inLanguage":"fr-FR","@id":"https:\/\/www.truzzer.com\/fr\/produit\/google-anmeldelse-qr-kode-visittkorttelefon\/#primaryimage","url":"https:\/\/www.truzzer.com\/wp-content\/uploads\/2026\/02\/Google-Bewertung-QR-Code-VIsitenkarte-Phone-2-empfehlio-3-en.jpg","contentUrl":"https:\/\/www.truzzer.com\/wp-content\/uploads\/2026\/02\/Google-Bewertung-QR-Code-VIsitenkarte-Phone-2-empfehlio-3-en.jpg","width":1024,"height":1024},{"@type":"BreadcrumbList","@id":"https:\/\/www.truzzer.com\/fr\/produit\/google-anmeldelse-qr-kode-visittkorttelefon\/#breadcrumb","itemListElement":[{"@type":"ListItem","position":1,"name":"Home","item":"https:\/\/www.truzzer.com\/fr\/"},{"@type":"ListItem","position":2,"name":"Boutique","item":"https:\/\/www.truzzer.com\/fr\/boutique\/"},{"@type":"ListItem","position":3,"name":"Google Examen QR Code T\u00e9l\u00e9phone \u00e0 carte de visite"}]},{"@type":"WebSite","@id":"https:\/\/www.truzzer.com\/fr\/#website","url":"https:\/\/www.truzzer.com\/fr\/","name":"truzzer","description":"Experts for customer trust","publisher":{"@id":"https:\/\/www.truzzer.com\/fr\/#organization"},"potentialAction":[{"@type":"SearchAction","target":{"@type":"EntryPoint","urlTemplate":"https:\/\/www.truzzer.com\/fr\/?s={search_term_string}"},"query-input":{"@type":"PropertyValueSpecification","valueRequired":true,"valueName":"search_term_string"}}],"inLanguage":"fr-FR"},{"@type":"Organization","@id":"https:\/\/www.truzzer.com\/fr\/#organization","name":"truzzer","url":"https:\/\/www.truzzer.com\/fr\/","logo":{"@type":"ImageObject","inLanguage":"fr-FR","@id":"https:\/\/www.truzzer.com\/fr\/#\/schema\/logo\/image\/","url":"https:\/\/truzzer.com\/wp-content\/uploads\/2026\/01\/truzzer-logo-black-1.svg","contentUrl":"https:\/\/truzzer.com\/wp-content\/uploads\/2026\/01\/truzzer-logo-black-1.svg","width":938,"height":199,"caption":"truzzer"},"image":{"@id":"https:\/\/www.truzzer.com\/fr\/#\/schema\/logo\/image\/"}}]}},"tiered_pricing_type":"fixed","tiered_pricing_fixed_rules":[],"tiered_pricing_product_settings":{"layout":"default","base_unit_name":{"singular":null,"plural":null},"default_variation":null},"tiered_pricing_minimum_quantity":null,"tiered_pricing_roles_data":[],"tiered_pricing_percentage_rules":[],"tiered_pricing_maximum_quantity":null,"tiered_pricing_quantity_step":null,"_links":{"self":[{"href":"https:\/\/www.truzzer.com\/fr\/wp-json\/wp\/v2\/product\/102658","targetHints":{"allow":["GET"]}}],"collection":[{"href":"https:\/\/www.truzzer.com\/fr\/wp-json\/wp\/v2\/product"}],"about":[{"href":"https:\/\/www.truzzer.com\/fr\/wp-json\/wp\/v2\/types\/product"}],"replies":[{"embeddable":true,"href":"https:\/\/www.truzzer.com\/fr\/wp-json\/wp\/v2\/comments?post=102658"}],"wp:featuredmedia":[{"embeddable":true,"href":"https:\/\/www.truzzer.com\/fr\/wp-json\/wp\/v2\/media\/102775"}],"wp:attachment":[{"href":"https:\/\/www.truzzer.com\/fr\/wp-json\/wp\/v2\/media?parent=102658"}],"wp:term":[{"taxonomy":"product_brand","embeddable":true,"href":"https:\/\/www.truzzer.com\/fr\/wp-json\/wp\/v2\/product_brand?post=102658"},{"taxonomy":"product_cat","embeddable":true,"href":"https:\/\/www.truzzer.com\/fr\/wp-json\/wp\/v2\/product_cat?post=102658"},{"taxonomy":"product_tag","embeddable":true,"href":"https:\/\/www.truzzer.com\/fr\/wp-json\/wp\/v2\/product_tag?post=102658"}],"curies":[{"name":"wp","href":"https:\/\/api.w.org\/{rel}","templated":true}]}}