{"id":102690,"date":"2026-02-11T10:14:30","date_gmt":"2026-02-11T10:14:30","guid":{"rendered":"https:\/\/beta.truzzer.com\/product\/google-review-qr-code-business-card-standard\/"},"modified":"2026-02-13T10:24:45","modified_gmt":"2026-02-13T10:24:45","slug":"google-review-qr-code-business-card-standard","status":"publish","type":"product","link":"https:\/\/www.truzzer.com\/fr\/produit\/google-review-qr-code-business-card-standard\/","title":{"rendered":"Google Examen QR Code Carte de visite standard"},"content":{"rendered":"<h2>Examen Google Carte de visite \u00e0 code QR \u2013 Standard<\/h2>\n<p>\nLa <strong>Carte de visite standard Truzzer<\/strong> est une entr\u00e9e simple et efficace dans le monde des avis Google.<br \/>\nIl combine un design moderne et professionnel avec la puissance directe d&rsquo;un <strong>code QR individuel<\/strong><br \/>\nqui redirige vos clients directement vers la page d&rsquo;avis Google de votre entreprise.<br \/>\nCela fait des avis un \u00e9l\u00e9ment naturel de chaque interaction client.\n<\/p>\n<h3>Le moyen simple d&rsquo;obtenir plus d&rsquo;avis sur Google<\/h3>\n<p>\nAvec la <strong>Carte de visite \u00e0 code QR standard<\/strong>, vous permettez aux clients de vous recommander sans effort.<br \/>\nUne analyse rapide avec un smartphone suffit, et ils atterrissent directement sur votre page d&rsquo;avis Google \u2014<br \/>\npas de recherche, pas de d\u00e9tours, pas de barri\u00e8res techniques.<br \/>\nCette carte est id\u00e9ale pour tous ceux qui souhaitent renforcer la confiance gr\u00e2ce \u00e0 une <strong>pr\u00e9sence professionnelle<\/strong> tout en renfor\u00e7ant leur <strong>visibilit\u00e9 en ligne<\/strong>.\n<\/p>\n<ul>\n<li><strong>Design \u00e9pur\u00e9 et professionnel<\/strong>\u00a0: parfait pour un usage quotidien<\/li>\n<li><strong>Directez le code QR<\/strong> vers votre profil d&rsquo;entreprise Google<\/li>\n<li><strong>Enti\u00e8rement configur\u00e9 et amp; pr\u00eat \u00e0 l&#8217;emploi<\/strong> imm\u00e9diatement<\/li>\n<li><strong>Personnalisable<\/strong> avec votre logo et le nom de votre entreprise<\/li>\n<li><strong>Fabriqu\u00e9 en Allemagne<\/strong>\u00a0: test\u00e9, configur\u00e9 et pr\u00eat \u00e0 \u00eatre exp\u00e9di\u00e9<\/li>\n<li><strong>Parfait<\/strong> pour les m\u00e9tiers, les services, l&rsquo;h\u00f4tellerie, le fitness et l&rsquo;amp; vente au d\u00e9tail<\/li>\n<\/ul>\n<h3>Comment \u00e7a marche<\/h3>\n<p>\n1. Vous indiquez le nom de votre entreprise lors de votre commande.<br \/>\n2. Nous g\u00e9n\u00e9rons votre <strong>lien d&rsquo;avis individuel<\/strong> et cr\u00e9ons le code QR.<br \/>\n3. Vous recevez la carte <strong>enti\u00e8rement configur\u00e9e<\/strong>\u00a0: remettez-la simplement et laissez les clients la scanner.\n<\/p>\n<p>\nEn une seule analyse, les clients ouvrent la page d&rsquo;avis Google de votre entreprise\u00a0\u2013<br \/>\net peuvent imm\u00e9diatement partager leur exp\u00e9rience.\n<\/p>\n<h3>Pourquoi la version Standard<\/h3>\n<p>\nCette carte est intentionnellement con\u00e7ue pour \u00eatre <strong>minimaliste et universellement utilisable<\/strong>.<br \/>\nCela fonctionne pour n&rsquo;importe quelle entreprise et dans n&rsquo;importe quel contexte, qu&rsquo;il s&rsquo;agisse de conversations commerciales, de rendez-vous ou de service client.<br \/>\nL&rsquo;accent est mis sur la simplicit\u00e9 et l&rsquo;efficacit\u00e9 maximales.\n<\/p>\n<h3>Avantages pour votre entreprise<\/h3>\n<ul>\n<li>Plus de <strong>avis clients authentiques<\/strong> sans outils suppl\u00e9mentaires<\/li>\n<li>Am\u00e9lioration de la <strong>visibilit\u00e9 du Google<\/strong> et du classement<\/li>\n<li>Davantage de confiance gr\u00e2ce aux commentaires authentiques des clients<\/li>\n<li>Pas d&rsquo;abonnement, pas d&rsquo;application, pas d&rsquo;effort<\/li>\n<\/ul>\n<h3>Pourquoi Truzzer<\/h3>\n<p>\nTruzzer est l&rsquo;<strong>inventeur et leader du march\u00e9<\/strong> pour QR &amp; Produits NFC con\u00e7us pour les avis Google.<br \/>\nNos produits sont d\u00e9j\u00e0 utilis\u00e9s par des milliers d&rsquo;entreprises et contribuent \u00e0 g\u00e9n\u00e9rer davantage d&rsquo;avis et \u00e0 renforcer la confiance chaque jour.<br \/>\nNous g\u00e9rons toute la configuration pour vous : vous recevez tout pr\u00eat \u00e0 l\u2019emploi.\n<\/p>\n<ul>\n<li>Leader du march\u00e9 et amp; inventeur en Allemagne<\/li>\n<li>Support et assistance en Allemagne configuration personnelle<\/li>\n<li>Les mieux not\u00e9s sur Google<\/li>\n<li>Compatible avec n&rsquo;importe quel smartphone<\/li>\n<li>Aucune application, aucune connexion requise<\/li>\n<\/ul>\n<h3>D\u00e9tails techniques<\/h3>\n<ul>\n<li>Format\u00a0: carte de visite standard<\/li>\n<li>Mat\u00e9riau\u00a0: carte en plastique durable (mate ou brillante)<\/li>\n<li>Technologie\u00a0: code QR (en option avec NFC)<\/li>\n<li>Lien\u00a0: lien d&rsquo;avis direct vers votre profil Google<\/li>\n<li>Personnalisation\u00a0: logo et nom de l&rsquo;entreprise facultatifs<\/li>\n<\/ul>\n<h3>Conclusion<\/h3>\n<p>\nLa <strong>Google Review QR Code Business Card \u2013 Standard<\/strong> est l&rsquo;outil id\u00e9al pour les entreprises<br \/>\nqui souhaitent augmenter activement les avis sans technologie ni effort suppl\u00e9mentaires.<br \/>\nUne solution simple, \u00e9prouv\u00e9e et efficace pour plus de port\u00e9e, de confiance et de croissance.\n<\/p>\n<hr>\n<p>\n<strong>Commandez maintenant \u2014 y compris la configuration et l&rsquo;installation. Code QR.<\/strong><br \/>\nPlus de critiques. Plus de visibilit\u00e9. Plus de succ\u00e8s avec Truzzer.<\/p>\n","protected":false},"excerpt":{"rendered":"<h2>\n  <img decoding=\"async\" class=\"alignnone size-full wp-image-56732\" src=\"https:\/\/truzzer.com\/wp-content\/uploads\/2026\/02\/qrscan-ezgif.com-video-to-webp-converter-1.webp\" alt=\"\" width=\"150\" height=\"150\" \/><br \/>\n<\/h2>\n<h2>Obtenez facilement plus d&rsquo;avis Google avec les cartes de visite \u00e0 code Google Review QR<\/h2>\n<p>\nD\u00e9couvrez nos nouvelles cartes de visite standard con\u00e7ues pour vous aider \u00e0 recueillir davantage d&rsquo;avis Google \u2014 avec un look \u00e9pur\u00e9 et moderne qui s&rsquo;int\u00e8gre parfaitement \u00e0 n&rsquo;importe quelle entreprise.\n<\/p>\n<p>\nAvec les cartes de visite \u00e0 code Google Review QR, vous pouvez obtenir plus d&rsquo;avis Google en un rien de temps.\n<\/p>\n<p>\nTout ce que vos clients doivent faire est de scanner le code QR avec l&rsquo;appareil photo de leur smartphone, et ils seront directement redirig\u00e9s vers votre page d&rsquo;avis Google.\n<\/p>\n<p>\nDans le champ de configuration, entrez simplement le nom et l&rsquo;adresse de votre entreprise. Sur la base de ces informations, nous cr\u00e9erons votre lien d\u2019\u00e9valuation individuel pour vous afin que vous n\u2019ayez \u00e0 vous soucier de rien.<\/p>\n","protected":false},"featured_media":102782,"comment_status":"open","ping_status":"closed","template":"","meta":{"_acf_changed":false,"_yoast_wpseo_focuskw":"Avis Google Carte de visite","_yoast_wpseo_title":"Google Review QR Code Business Card Standard | truzzer","_yoast_wpseo_metadesc":"Plus d'avis 5 \u00e9toiles sur Google avec Google Review QR Code Business Card Standard de truzzer. Installation facile, pr\u00eat \u00e0 l'emploi. Commandez !"},"product_brand":[1655],"product_cat":[809,810,743,596,479,1618],"product_tag":[],"class_list":{"0":"post-102690","1":"product","2":"type-product","3":"status-publish","4":"has-post-thumbnail","6":"product_brand-google","7":"product_cat-avis-google-cartes-de-visite","8":"product_cat-avis-google-cartes-de-visite-avec-code-qr","9":"product_cat-avis-google-produits","10":"product_cat-code-qr-cartes-de-visite","11":"product_cat-code-qr-produits","12":"product_cat-wifi-produits","13":"pa_material-carton","14":"pa_orientation-portrett","15":"pa_placement-bon","16":"pa_placement-brochure","17":"pa_placement-lommebok-personlig","18":"pa_placement-portemonnee-personlijk","19":"pa_product-type-visites-touristiques","20":"pa_shape-rechthoek","21":"pa_technology-code-qr","23":"first","24":"instock","25":"taxable","26":"shipping-taxable","27":"purchasable","28":"product-type-simple"},"acf":[],"yoast_head":"<!-- This site is optimized with the Yoast SEO plugin v27.0 - https:\/\/yoast.com\/product\/yoast-seo-wordpress\/ -->\n<title>Google Review QR Code Business Card Standard | truzzer<\/title>\n<meta name=\"description\" content=\"Plus d&#039;avis 5 \u00e9toiles sur Google avec Google Review QR Code Business Card Standard de truzzer. Installation facile, pr\u00eat \u00e0 l&#039;emploi. Commandez !\" \/>\n<meta name=\"robots\" content=\"index, follow, max-snippet:-1, max-image-preview:large, max-video-preview:-1\" \/>\n<link rel=\"canonical\" href=\"https:\/\/www.truzzer.com\/fr\/produit\/google-review-qr-code-business-card-standard\/\" \/>\n<meta property=\"og:locale\" content=\"fr_FR\" \/>\n<meta property=\"og:type\" content=\"article\" \/>\n<meta property=\"og:title\" content=\"Google Review QR Code Business Card Standard | truzzer\" \/>\n<meta property=\"og:description\" content=\"Plus d&#039;avis 5 \u00e9toiles sur Google avec Google Review QR Code Business Card Standard de truzzer. Installation facile, pr\u00eat \u00e0 l&#039;emploi. Commandez !\" \/>\n<meta property=\"og:url\" content=\"https:\/\/www.truzzer.com\/fr\/produit\/google-review-qr-code-business-card-standard\/\" \/>\n<meta property=\"og:site_name\" content=\"truzzer\" \/>\n<meta property=\"article:modified_time\" content=\"2026-02-13T10:24:45+00:00\" \/>\n<meta property=\"og:image\" content=\"https:\/\/www.truzzer.com\/wp-content\/uploads\/2026\/02\/Google-Bewertung-QR-Code-VIsitenkarte-Standard-2-empfehlio-1-en.jpg\" \/>\n\t<meta property=\"og:image:width\" content=\"1024\" \/>\n\t<meta property=\"og:image:height\" content=\"1024\" \/>\n\t<meta property=\"og:image:type\" content=\"image\/jpeg\" \/>\n<meta name=\"twitter:card\" content=\"summary_large_image\" \/>\n<meta name=\"twitter:label1\" content=\"Dur\u00e9e de lecture estim\u00e9e\" \/>\n\t<meta name=\"twitter:data1\" content=\"3 minutes\" \/>\n<script type=\"application\/ld+json\" class=\"yoast-schema-graph\">{\"@context\":\"https:\/\/schema.org\",\"@graph\":[{\"@type\":\"WebPage\",\"@id\":\"https:\/\/www.truzzer.com\/fr\/produit\/google-review-qr-code-business-card-standard\/\",\"url\":\"https:\/\/www.truzzer.com\/fr\/produit\/google-review-qr-code-business-card-standard\/\",\"name\":\"Google Review QR Code Business Card Standard | truzzer\",\"isPartOf\":{\"@id\":\"https:\/\/www.truzzer.com\/fr\/#website\"},\"primaryImageOfPage\":{\"@id\":\"https:\/\/www.truzzer.com\/fr\/produit\/google-review-qr-code-business-card-standard\/#primaryimage\"},\"image\":{\"@id\":\"https:\/\/www.truzzer.com\/fr\/produit\/google-review-qr-code-business-card-standard\/#primaryimage\"},\"thumbnailUrl\":\"https:\/\/www.truzzer.com\/wp-content\/uploads\/2026\/02\/Google-Bewertung-QR-Code-VIsitenkarte-Standard-2-empfehlio-1-en.jpg\",\"datePublished\":\"2026-02-11T10:14:30+00:00\",\"dateModified\":\"2026-02-13T10:24:45+00:00\",\"description\":\"Plus d'avis 5 \u00e9toiles sur Google avec Google Review QR Code Business Card Standard de truzzer. Installation facile, pr\u00eat \u00e0 l'emploi. Commandez !\",\"breadcrumb\":{\"@id\":\"https:\/\/www.truzzer.com\/fr\/produit\/google-review-qr-code-business-card-standard\/#breadcrumb\"},\"inLanguage\":\"fr-FR\",\"potentialAction\":[{\"@type\":\"ReadAction\",\"target\":[\"https:\/\/www.truzzer.com\/fr\/produit\/google-review-qr-code-business-card-standard\/\"]}]},{\"@type\":\"ImageObject\",\"inLanguage\":\"fr-FR\",\"@id\":\"https:\/\/www.truzzer.com\/fr\/produit\/google-review-qr-code-business-card-standard\/#primaryimage\",\"url\":\"https:\/\/www.truzzer.com\/wp-content\/uploads\/2026\/02\/Google-Bewertung-QR-Code-VIsitenkarte-Standard-2-empfehlio-1-en.jpg\",\"contentUrl\":\"https:\/\/www.truzzer.com\/wp-content\/uploads\/2026\/02\/Google-Bewertung-QR-Code-VIsitenkarte-Standard-2-empfehlio-1-en.jpg\",\"width\":1024,\"height\":1024},{\"@type\":\"BreadcrumbList\",\"@id\":\"https:\/\/www.truzzer.com\/fr\/produit\/google-review-qr-code-business-card-standard\/#breadcrumb\",\"itemListElement\":[{\"@type\":\"ListItem\",\"position\":1,\"name\":\"Home\",\"item\":\"https:\/\/www.truzzer.com\/fr\/\"},{\"@type\":\"ListItem\",\"position\":2,\"name\":\"Boutique\",\"item\":\"https:\/\/www.truzzer.com\/fr\/boutique\/\"},{\"@type\":\"ListItem\",\"position\":3,\"name\":\"Google Examen QR Code Carte de visite standard\"}]},{\"@type\":\"WebSite\",\"@id\":\"https:\/\/www.truzzer.com\/fr\/#website\",\"url\":\"https:\/\/www.truzzer.com\/fr\/\",\"name\":\"truzzer\",\"description\":\"Experts for customer trust\",\"publisher\":{\"@id\":\"https:\/\/www.truzzer.com\/fr\/#organization\"},\"potentialAction\":[{\"@type\":\"SearchAction\",\"target\":{\"@type\":\"EntryPoint\",\"urlTemplate\":\"https:\/\/www.truzzer.com\/fr\/?s={search_term_string}\"},\"query-input\":{\"@type\":\"PropertyValueSpecification\",\"valueRequired\":true,\"valueName\":\"search_term_string\"}}],\"inLanguage\":\"fr-FR\"},{\"@type\":\"Organization\",\"@id\":\"https:\/\/www.truzzer.com\/fr\/#organization\",\"name\":\"truzzer\",\"url\":\"https:\/\/www.truzzer.com\/fr\/\",\"logo\":{\"@type\":\"ImageObject\",\"inLanguage\":\"fr-FR\",\"@id\":\"https:\/\/www.truzzer.com\/fr\/#\/schema\/logo\/image\/\",\"url\":\"https:\/\/truzzer.com\/wp-content\/uploads\/2026\/01\/truzzer-logo-black-1.svg\",\"contentUrl\":\"https:\/\/truzzer.com\/wp-content\/uploads\/2026\/01\/truzzer-logo-black-1.svg\",\"width\":938,\"height\":199,\"caption\":\"truzzer\"},\"image\":{\"@id\":\"https:\/\/www.truzzer.com\/fr\/#\/schema\/logo\/image\/\"}}]}<\/script>\n<!-- \/ Yoast SEO plugin. -->","yoast_head_json":{"title":"Google Review QR Code Business Card Standard | truzzer","description":"Plus d'avis 5 \u00e9toiles sur Google avec Google Review QR Code Business Card Standard de truzzer. Installation facile, pr\u00eat \u00e0 l'emploi. Commandez !","robots":{"index":"index","follow":"follow","max-snippet":"max-snippet:-1","max-image-preview":"max-image-preview:large","max-video-preview":"max-video-preview:-1"},"canonical":"https:\/\/www.truzzer.com\/fr\/produit\/google-review-qr-code-business-card-standard\/","og_locale":"fr_FR","og_type":"article","og_title":"Google Review QR Code Business Card Standard | truzzer","og_description":"Plus d'avis 5 \u00e9toiles sur Google avec Google Review QR Code Business Card Standard de truzzer. Installation facile, pr\u00eat \u00e0 l'emploi. Commandez !","og_url":"https:\/\/www.truzzer.com\/fr\/produit\/google-review-qr-code-business-card-standard\/","og_site_name":"truzzer","article_modified_time":"2026-02-13T10:24:45+00:00","og_image":[{"width":1024,"height":1024,"url":"https:\/\/www.truzzer.com\/wp-content\/uploads\/2026\/02\/Google-Bewertung-QR-Code-VIsitenkarte-Standard-2-empfehlio-1-en.jpg","type":"image\/jpeg"}],"twitter_card":"summary_large_image","twitter_misc":{"Dur\u00e9e de lecture estim\u00e9e":"3 minutes"},"schema":{"@context":"https:\/\/schema.org","@graph":[{"@type":"WebPage","@id":"https:\/\/www.truzzer.com\/fr\/produit\/google-review-qr-code-business-card-standard\/","url":"https:\/\/www.truzzer.com\/fr\/produit\/google-review-qr-code-business-card-standard\/","name":"Google Review QR Code Business Card Standard | truzzer","isPartOf":{"@id":"https:\/\/www.truzzer.com\/fr\/#website"},"primaryImageOfPage":{"@id":"https:\/\/www.truzzer.com\/fr\/produit\/google-review-qr-code-business-card-standard\/#primaryimage"},"image":{"@id":"https:\/\/www.truzzer.com\/fr\/produit\/google-review-qr-code-business-card-standard\/#primaryimage"},"thumbnailUrl":"https:\/\/www.truzzer.com\/wp-content\/uploads\/2026\/02\/Google-Bewertung-QR-Code-VIsitenkarte-Standard-2-empfehlio-1-en.jpg","datePublished":"2026-02-11T10:14:30+00:00","dateModified":"2026-02-13T10:24:45+00:00","description":"Plus d'avis 5 \u00e9toiles sur Google avec Google Review QR Code Business Card Standard de truzzer. Installation facile, pr\u00eat \u00e0 l'emploi. Commandez !","breadcrumb":{"@id":"https:\/\/www.truzzer.com\/fr\/produit\/google-review-qr-code-business-card-standard\/#breadcrumb"},"inLanguage":"fr-FR","potentialAction":[{"@type":"ReadAction","target":["https:\/\/www.truzzer.com\/fr\/produit\/google-review-qr-code-business-card-standard\/"]}]},{"@type":"ImageObject","inLanguage":"fr-FR","@id":"https:\/\/www.truzzer.com\/fr\/produit\/google-review-qr-code-business-card-standard\/#primaryimage","url":"https:\/\/www.truzzer.com\/wp-content\/uploads\/2026\/02\/Google-Bewertung-QR-Code-VIsitenkarte-Standard-2-empfehlio-1-en.jpg","contentUrl":"https:\/\/www.truzzer.com\/wp-content\/uploads\/2026\/02\/Google-Bewertung-QR-Code-VIsitenkarte-Standard-2-empfehlio-1-en.jpg","width":1024,"height":1024},{"@type":"BreadcrumbList","@id":"https:\/\/www.truzzer.com\/fr\/produit\/google-review-qr-code-business-card-standard\/#breadcrumb","itemListElement":[{"@type":"ListItem","position":1,"name":"Home","item":"https:\/\/www.truzzer.com\/fr\/"},{"@type":"ListItem","position":2,"name":"Boutique","item":"https:\/\/www.truzzer.com\/fr\/boutique\/"},{"@type":"ListItem","position":3,"name":"Google Examen QR Code Carte de visite standard"}]},{"@type":"WebSite","@id":"https:\/\/www.truzzer.com\/fr\/#website","url":"https:\/\/www.truzzer.com\/fr\/","name":"truzzer","description":"Experts for customer trust","publisher":{"@id":"https:\/\/www.truzzer.com\/fr\/#organization"},"potentialAction":[{"@type":"SearchAction","target":{"@type":"EntryPoint","urlTemplate":"https:\/\/www.truzzer.com\/fr\/?s={search_term_string}"},"query-input":{"@type":"PropertyValueSpecification","valueRequired":true,"valueName":"search_term_string"}}],"inLanguage":"fr-FR"},{"@type":"Organization","@id":"https:\/\/www.truzzer.com\/fr\/#organization","name":"truzzer","url":"https:\/\/www.truzzer.com\/fr\/","logo":{"@type":"ImageObject","inLanguage":"fr-FR","@id":"https:\/\/www.truzzer.com\/fr\/#\/schema\/logo\/image\/","url":"https:\/\/truzzer.com\/wp-content\/uploads\/2026\/01\/truzzer-logo-black-1.svg","contentUrl":"https:\/\/truzzer.com\/wp-content\/uploads\/2026\/01\/truzzer-logo-black-1.svg","width":938,"height":199,"caption":"truzzer"},"image":{"@id":"https:\/\/www.truzzer.com\/fr\/#\/schema\/logo\/image\/"}}]}},"tiered_pricing_type":"fixed","tiered_pricing_fixed_rules":[],"tiered_pricing_product_settings":{"layout":"default","base_unit_name":{"singular":null,"plural":null},"default_variation":null},"tiered_pricing_minimum_quantity":null,"tiered_pricing_roles_data":[],"tiered_pricing_percentage_rules":[],"tiered_pricing_maximum_quantity":null,"tiered_pricing_quantity_step":null,"_links":{"self":[{"href":"https:\/\/www.truzzer.com\/fr\/wp-json\/wp\/v2\/product\/102690","targetHints":{"allow":["GET"]}}],"collection":[{"href":"https:\/\/www.truzzer.com\/fr\/wp-json\/wp\/v2\/product"}],"about":[{"href":"https:\/\/www.truzzer.com\/fr\/wp-json\/wp\/v2\/types\/product"}],"replies":[{"embeddable":true,"href":"https:\/\/www.truzzer.com\/fr\/wp-json\/wp\/v2\/comments?post=102690"}],"wp:featuredmedia":[{"embeddable":true,"href":"https:\/\/www.truzzer.com\/fr\/wp-json\/wp\/v2\/media\/102782"}],"wp:attachment":[{"href":"https:\/\/www.truzzer.com\/fr\/wp-json\/wp\/v2\/media?parent=102690"}],"wp:term":[{"taxonomy":"product_brand","embeddable":true,"href":"https:\/\/www.truzzer.com\/fr\/wp-json\/wp\/v2\/product_brand?post=102690"},{"taxonomy":"product_cat","embeddable":true,"href":"https:\/\/www.truzzer.com\/fr\/wp-json\/wp\/v2\/product_cat?post=102690"},{"taxonomy":"product_tag","embeddable":true,"href":"https:\/\/www.truzzer.com\/fr\/wp-json\/wp\/v2\/product_tag?post=102690"}],"curies":[{"name":"wp","href":"https:\/\/api.w.org\/{rel}","templated":true}]}}