{"id":92853,"date":"2026-02-05T11:44:55","date_gmt":"2026-02-05T11:44:55","guid":{"rendered":"https:\/\/beta.truzzer.com\/product\/japper-examiner-business-card-clean-avec-yelp-examiner-le-code-qr\/"},"modified":"2026-02-13T08:33:43","modified_gmt":"2026-02-13T08:33:43","slug":"japper-examiner-business-card-clean-avec-yelp-examiner-le-code-qr","status":"publish","type":"product","link":"https:\/\/www.truzzer.com\/fr\/produit\/japper-examiner-business-card-clean-avec-yelp-examiner-le-code-qr\/","title":{"rendered":"Yelp\u00a0! Examen de Business Card Clean avec Yelp examen du code QR"},"content":{"rendered":"<h2>Obtenez-le facilement Plus d&rsquo;avis sur Yelp de Kanden<\/h2>\n<p>avec le truzzer Yelp\u00a0! Les cartes de visite \u00ab\u00a0propres\u00a0\u00bb peuvent \u00eatre tr\u00e8s positives lorsque vous obtenez des critiques positives et votre image augmente votre r\u00e9putation.<\/p>\n<p>Vous pourrez facilement voir si vous examinez de mani\u00e8re positive les liens avec vos sp\u00e9cialistes et am\u00e9liorerez votre classement SEO.<\/p>\n<p>Je suis au format pratique des cartes de visite et vous avez le temps de le faire, plus de Yelp-Reviewen zu get and die Online-Review for youre Kanden zug\u00e4nglich zu machen.<\/p>\n<p>Geben Sie die truzzer Yelp Business Cards and youre Kanden, legen Sie sie in die Einkaufstasche, senden Sie sie with youren Produkten or platzieren Sie sie auf den Tischen im Restaurant. Fertig.<\/p>\n<p>Der QR Code f\u00fchrt youre Kanden direkt zu yourer Yelp-Review, OHNE dass sie your Unternehmen zuerst suchen m\u00fcssen. Alors assurez-vous de vous abstenir de la revue Yelp.<\/p>\n<p>Vous pouvez facilement personnaliser les cartes de visite Yelp avec votre logo personnalis\u00e9 et vos cartes de visite.<\/p>\n<p>Le produit \u00ab\u00a0Bewerten Sie uns on Yelp\u00a0\u00bb est \u00e9galement disponible, comme nous le verrons dans l&rsquo;exemple du Google-ReviewsSticker.<\/p>\n<p>&nbsp;<\/p>\n<p>&nbsp;<\/p>\n<h3>\u00c9chelle 1\u00a0: L&rsquo;utilisateur scanne le code QR<\/h3>\n<p>Pour vous aider, vous devez utiliser le Kande lors de l&rsquo;analyse du code QR. Dazu doit utiliser l&rsquo;appareil photo des smartphones (une application Scanner-App disponible) juste \u00e0 c\u00f4t\u00e9 du produit utilis\u00e9.<\/p>\n<p><img decoding=\"async\" src=\"https:\/\/www.truzzer.com\/wp-content\/uploads\/2026\/02\/how-to-use-the-product-truzzer-google.jpg.webp\" height=\"933\" width=\"1400\" class=\"alignnone wp-image-22402 size-full\" alt=\"Hand scanning a QR code for Google reviews on a smartphone.\"  > <\/p>\n<p>Une fen\u00eatre contextuelle appara\u00eet dans l&rsquo;image (iPhone) ou un code QR est affich\u00e9 (smartphones Android\/Google).<\/p>\n<h3>Sch\u00e9ma 2\u00a0: Le Kande est directement dirig\u00e9 vers Google-Reviewsformular<\/h3>\n<p>Le formulaire d&rsquo;avis est disponible dans le navigateur des smartphones et le Kande peut vous le dire directement.<\/p>\n<p>Hinweiss\u00a0:<\/p>\n<p>Je vous invite \u00e0 vous procurer un profil d&rsquo;entreprise Google qui vous permettra d&rsquo;obtenir une \u00e9valuation Google.<\/p>\n<p>&nbsp;<\/p>\n","protected":false},"excerpt":{"rendered":"<p>Machen Sie es youren Kanden leicht, Sie auf Yelp zu bewerten\u00a0!<\/p>\n<p>Avec les cartes de visite Yelp \u00ab\u00a0Clean\u00a0\u00bb avec le code Yelp-Reviews-QR dans un design r\u00e9duit et pris en charge, vous pouvez obtenir de plus amples informations sur les nouvelles Yelp-Reviewen.<\/p>\n<p>Le format de vos cartes de visite est id\u00e9al pour vous et vos entrepreneurs.<\/p>\n<p>Alors, aidez-moi \u00e0 mourir Yelp-Reviews-Business Cards<\/p>\n<p>Les cartes de visite pr\u00e9sentent les plus grandes pr\u00e9cautions pour votre Kanden bei der Yelp-Review\u00a0:<\/p>\n<ul>\n<li>Keine unangenehmen Fragen and Bitten \u2013 einfach \u00fcberreichen. L&rsquo;appel \u00e0 l&rsquo;action a \u00e9t\u00e9 lanc\u00e9 pour vous.<\/li>\n<li>L&rsquo;examen n&rsquo;est pas termin\u00e9, le client et l&rsquo;examen Yelp erinnert werden.<\/li>\n<li>Kein Suchen and keine Schwierigkeiten\u00a0: Der QR Code f\u00fchrt direkt zu yourem Reviewsformular.<\/li>\n<li>Greifbar\u00a0: Les cartes de visite peuvent \u00eatre utilis\u00e9es avec le Yelp-Review greifbar.<\/li>\n<li>Une application unique\u00a0: le code QR peut \u00eatre facilement utilis\u00e9 avec l&rsquo;appareil photo du smartphone.<\/li>\n<\/ul>\n<p>Nous vous proposons et proposons des liens vers le code QR \u00e0 consulter directement sur votre profil Yelp\u00a0! Ces informations vous seront communiqu\u00e9es par l&rsquo;adresse de votre entreprise.<\/p>\n<p>Vous pouvez \u00e9galement utiliser votre logo via la fonction de t\u00e9l\u00e9chargement et vous assurer que vous avez une date de contact et que la carte de visite est solennelle.<\/p>\n","protected":false},"featured_media":92854,"comment_status":"open","ping_status":"closed","template":"","meta":{"_acf_changed":false,"_yoast_wpseo_focuskw":"Avis Yelp Carte de visite","_yoast_wpseo_title":"Yelp! Review Business Card Clean with Yelp revi... | truzzer","_yoast_wpseo_metadesc":"Plus d'avis Yelp avec Yelp! Review Business Card Clean with Yelp review QR Code de truzzer. Installation facile, pr\u00eat \u00e0 l'emploi. Commandez maintenant !"},"product_brand":[1713],"product_cat":[481,557,596,597,479],"product_tag":[],"class_list":{"0":"post-92853","1":"product","2":"type-product","3":"status-publish","4":"has-post-thumbnail","6":"product_brand-yelp","7":"product_cat-avis-yelp","8":"product_cat-avis-yelp-cartes-de-visite","9":"product_cat-code-qr-cartes-de-visite","10":"product_cat-code-qr-cartes-de-visite-avec-coordonnees","11":"product_cat-code-qr-produits","12":"pa_product-type-visites-touristiques","13":"pa_technology-code-qr","15":"first","16":"instock","17":"taxable","18":"shipping-taxable","19":"purchasable","20":"product-type-simple"},"acf":[],"yoast_head":"<!-- This site is optimized with the Yoast SEO plugin v27.0 - https:\/\/yoast.com\/product\/yoast-seo-wordpress\/ -->\n<title>Yelp! Review Business Card Clean with Yelp revi... | truzzer<\/title>\n<meta name=\"description\" content=\"Plus d&#039;avis Yelp avec Yelp! Review Business Card Clean with Yelp review QR Code de truzzer. Installation facile, pr\u00eat \u00e0 l&#039;emploi. Commandez maintenant !\" \/>\n<meta name=\"robots\" content=\"index, follow, max-snippet:-1, max-image-preview:large, max-video-preview:-1\" \/>\n<link rel=\"canonical\" href=\"https:\/\/www.truzzer.com\/fr\/produit\/japper-examiner-business-card-clean-avec-yelp-examiner-le-code-qr\/\" \/>\n<meta property=\"og:locale\" content=\"fr_FR\" \/>\n<meta property=\"og:type\" content=\"article\" \/>\n<meta property=\"og:title\" content=\"Yelp! Review Business Card Clean with Yelp revi... | truzzer\" \/>\n<meta property=\"og:description\" content=\"Plus d&#039;avis Yelp avec Yelp! Review Business Card Clean with Yelp review QR Code de truzzer. Installation facile, pr\u00eat \u00e0 l&#039;emploi. Commandez maintenant !\" \/>\n<meta property=\"og:url\" content=\"https:\/\/www.truzzer.com\/fr\/produit\/japper-examiner-business-card-clean-avec-yelp-examiner-le-code-qr\/\" \/>\n<meta property=\"og:site_name\" content=\"truzzer\" \/>\n<meta property=\"article:modified_time\" content=\"2026-02-13T08:33:43+00:00\" \/>\n<meta property=\"og:image\" content=\"https:\/\/www.truzzer.com\/wp-content\/uploads\/2026\/02\/review-us-on-yelp-business-card-clean-with-review-qr-code-color-truzzer-2-2.jpg\" \/>\n\t<meta property=\"og:image:width\" content=\"1200\" \/>\n\t<meta property=\"og:image:height\" content=\"1200\" \/>\n\t<meta property=\"og:image:type\" content=\"image\/jpeg\" \/>\n<meta name=\"twitter:card\" content=\"summary_large_image\" \/>\n<meta name=\"twitter:label1\" content=\"Dur\u00e9e de lecture estim\u00e9e\" \/>\n\t<meta name=\"twitter:data1\" content=\"1 minute\" \/>\n<script type=\"application\/ld+json\" class=\"yoast-schema-graph\">{\"@context\":\"https:\/\/schema.org\",\"@graph\":[{\"@type\":\"WebPage\",\"@id\":\"https:\/\/www.truzzer.com\/fr\/produit\/japper-examiner-business-card-clean-avec-yelp-examiner-le-code-qr\/\",\"url\":\"https:\/\/www.truzzer.com\/fr\/produit\/japper-examiner-business-card-clean-avec-yelp-examiner-le-code-qr\/\",\"name\":\"Yelp! Review Business Card Clean with Yelp revi... | truzzer\",\"isPartOf\":{\"@id\":\"https:\/\/www.truzzer.com\/fr\/#website\"},\"primaryImageOfPage\":{\"@id\":\"https:\/\/www.truzzer.com\/fr\/produit\/japper-examiner-business-card-clean-avec-yelp-examiner-le-code-qr\/#primaryimage\"},\"image\":{\"@id\":\"https:\/\/www.truzzer.com\/fr\/produit\/japper-examiner-business-card-clean-avec-yelp-examiner-le-code-qr\/#primaryimage\"},\"thumbnailUrl\":\"https:\/\/www.truzzer.com\/wp-content\/uploads\/2026\/02\/review-us-on-yelp-business-card-clean-with-review-qr-code-color-truzzer-2-2.jpg\",\"datePublished\":\"2026-02-05T11:44:55+00:00\",\"dateModified\":\"2026-02-13T08:33:43+00:00\",\"description\":\"Plus d'avis Yelp avec Yelp! Review Business Card Clean with Yelp review QR Code de truzzer. Installation facile, pr\u00eat \u00e0 l'emploi. Commandez maintenant !\",\"breadcrumb\":{\"@id\":\"https:\/\/www.truzzer.com\/fr\/produit\/japper-examiner-business-card-clean-avec-yelp-examiner-le-code-qr\/#breadcrumb\"},\"inLanguage\":\"fr-FR\",\"potentialAction\":[{\"@type\":\"ReadAction\",\"target\":[\"https:\/\/www.truzzer.com\/fr\/produit\/japper-examiner-business-card-clean-avec-yelp-examiner-le-code-qr\/\"]}]},{\"@type\":\"ImageObject\",\"inLanguage\":\"fr-FR\",\"@id\":\"https:\/\/www.truzzer.com\/fr\/produit\/japper-examiner-business-card-clean-avec-yelp-examiner-le-code-qr\/#primaryimage\",\"url\":\"https:\/\/www.truzzer.com\/wp-content\/uploads\/2026\/02\/review-us-on-yelp-business-card-clean-with-review-qr-code-color-truzzer-2-2.jpg\",\"contentUrl\":\"https:\/\/www.truzzer.com\/wp-content\/uploads\/2026\/02\/review-us-on-yelp-business-card-clean-with-review-qr-code-color-truzzer-2-2.jpg\",\"width\":1200,\"height\":1200},{\"@type\":\"BreadcrumbList\",\"@id\":\"https:\/\/www.truzzer.com\/fr\/produit\/japper-examiner-business-card-clean-avec-yelp-examiner-le-code-qr\/#breadcrumb\",\"itemListElement\":[{\"@type\":\"ListItem\",\"position\":1,\"name\":\"Home\",\"item\":\"https:\/\/www.truzzer.com\/fr\/\"},{\"@type\":\"ListItem\",\"position\":2,\"name\":\"Boutique\",\"item\":\"https:\/\/www.truzzer.com\/fr\/boutique\/\"},{\"@type\":\"ListItem\",\"position\":3,\"name\":\"Yelp\u00a0! Examen de Business Card Clean avec Yelp examen du code QR\"}]},{\"@type\":\"WebSite\",\"@id\":\"https:\/\/www.truzzer.com\/fr\/#website\",\"url\":\"https:\/\/www.truzzer.com\/fr\/\",\"name\":\"truzzer\",\"description\":\"Experts for customer trust\",\"publisher\":{\"@id\":\"https:\/\/www.truzzer.com\/fr\/#organization\"},\"potentialAction\":[{\"@type\":\"SearchAction\",\"target\":{\"@type\":\"EntryPoint\",\"urlTemplate\":\"https:\/\/www.truzzer.com\/fr\/?s={search_term_string}\"},\"query-input\":{\"@type\":\"PropertyValueSpecification\",\"valueRequired\":true,\"valueName\":\"search_term_string\"}}],\"inLanguage\":\"fr-FR\"},{\"@type\":\"Organization\",\"@id\":\"https:\/\/www.truzzer.com\/fr\/#organization\",\"name\":\"truzzer\",\"url\":\"https:\/\/www.truzzer.com\/fr\/\",\"logo\":{\"@type\":\"ImageObject\",\"inLanguage\":\"fr-FR\",\"@id\":\"https:\/\/www.truzzer.com\/fr\/#\/schema\/logo\/image\/\",\"url\":\"https:\/\/truzzer.com\/wp-content\/uploads\/2026\/01\/truzzer-logo-black-1.svg\",\"contentUrl\":\"https:\/\/truzzer.com\/wp-content\/uploads\/2026\/01\/truzzer-logo-black-1.svg\",\"width\":938,\"height\":199,\"caption\":\"truzzer\"},\"image\":{\"@id\":\"https:\/\/www.truzzer.com\/fr\/#\/schema\/logo\/image\/\"}}]}<\/script>\n<!-- \/ Yoast SEO plugin. -->","yoast_head_json":{"title":"Yelp! Review Business Card Clean with Yelp revi... | truzzer","description":"Plus d'avis Yelp avec Yelp! Review Business Card Clean with Yelp review QR Code de truzzer. Installation facile, pr\u00eat \u00e0 l'emploi. Commandez maintenant !","robots":{"index":"index","follow":"follow","max-snippet":"max-snippet:-1","max-image-preview":"max-image-preview:large","max-video-preview":"max-video-preview:-1"},"canonical":"https:\/\/www.truzzer.com\/fr\/produit\/japper-examiner-business-card-clean-avec-yelp-examiner-le-code-qr\/","og_locale":"fr_FR","og_type":"article","og_title":"Yelp! Review Business Card Clean with Yelp revi... | truzzer","og_description":"Plus d'avis Yelp avec Yelp! Review Business Card Clean with Yelp review QR Code de truzzer. Installation facile, pr\u00eat \u00e0 l'emploi. Commandez maintenant !","og_url":"https:\/\/www.truzzer.com\/fr\/produit\/japper-examiner-business-card-clean-avec-yelp-examiner-le-code-qr\/","og_site_name":"truzzer","article_modified_time":"2026-02-13T08:33:43+00:00","og_image":[{"width":1200,"height":1200,"url":"https:\/\/www.truzzer.com\/wp-content\/uploads\/2026\/02\/review-us-on-yelp-business-card-clean-with-review-qr-code-color-truzzer-2-2.jpg","type":"image\/jpeg"}],"twitter_card":"summary_large_image","twitter_misc":{"Dur\u00e9e de lecture estim\u00e9e":"1 minute"},"schema":{"@context":"https:\/\/schema.org","@graph":[{"@type":"WebPage","@id":"https:\/\/www.truzzer.com\/fr\/produit\/japper-examiner-business-card-clean-avec-yelp-examiner-le-code-qr\/","url":"https:\/\/www.truzzer.com\/fr\/produit\/japper-examiner-business-card-clean-avec-yelp-examiner-le-code-qr\/","name":"Yelp! Review Business Card Clean with Yelp revi... | truzzer","isPartOf":{"@id":"https:\/\/www.truzzer.com\/fr\/#website"},"primaryImageOfPage":{"@id":"https:\/\/www.truzzer.com\/fr\/produit\/japper-examiner-business-card-clean-avec-yelp-examiner-le-code-qr\/#primaryimage"},"image":{"@id":"https:\/\/www.truzzer.com\/fr\/produit\/japper-examiner-business-card-clean-avec-yelp-examiner-le-code-qr\/#primaryimage"},"thumbnailUrl":"https:\/\/www.truzzer.com\/wp-content\/uploads\/2026\/02\/review-us-on-yelp-business-card-clean-with-review-qr-code-color-truzzer-2-2.jpg","datePublished":"2026-02-05T11:44:55+00:00","dateModified":"2026-02-13T08:33:43+00:00","description":"Plus d'avis Yelp avec Yelp! Review Business Card Clean with Yelp review QR Code de truzzer. Installation facile, pr\u00eat \u00e0 l'emploi. Commandez maintenant !","breadcrumb":{"@id":"https:\/\/www.truzzer.com\/fr\/produit\/japper-examiner-business-card-clean-avec-yelp-examiner-le-code-qr\/#breadcrumb"},"inLanguage":"fr-FR","potentialAction":[{"@type":"ReadAction","target":["https:\/\/www.truzzer.com\/fr\/produit\/japper-examiner-business-card-clean-avec-yelp-examiner-le-code-qr\/"]}]},{"@type":"ImageObject","inLanguage":"fr-FR","@id":"https:\/\/www.truzzer.com\/fr\/produit\/japper-examiner-business-card-clean-avec-yelp-examiner-le-code-qr\/#primaryimage","url":"https:\/\/www.truzzer.com\/wp-content\/uploads\/2026\/02\/review-us-on-yelp-business-card-clean-with-review-qr-code-color-truzzer-2-2.jpg","contentUrl":"https:\/\/www.truzzer.com\/wp-content\/uploads\/2026\/02\/review-us-on-yelp-business-card-clean-with-review-qr-code-color-truzzer-2-2.jpg","width":1200,"height":1200},{"@type":"BreadcrumbList","@id":"https:\/\/www.truzzer.com\/fr\/produit\/japper-examiner-business-card-clean-avec-yelp-examiner-le-code-qr\/#breadcrumb","itemListElement":[{"@type":"ListItem","position":1,"name":"Home","item":"https:\/\/www.truzzer.com\/fr\/"},{"@type":"ListItem","position":2,"name":"Boutique","item":"https:\/\/www.truzzer.com\/fr\/boutique\/"},{"@type":"ListItem","position":3,"name":"Yelp\u00a0! Examen de Business Card Clean avec Yelp examen du code QR"}]},{"@type":"WebSite","@id":"https:\/\/www.truzzer.com\/fr\/#website","url":"https:\/\/www.truzzer.com\/fr\/","name":"truzzer","description":"Experts for customer trust","publisher":{"@id":"https:\/\/www.truzzer.com\/fr\/#organization"},"potentialAction":[{"@type":"SearchAction","target":{"@type":"EntryPoint","urlTemplate":"https:\/\/www.truzzer.com\/fr\/?s={search_term_string}"},"query-input":{"@type":"PropertyValueSpecification","valueRequired":true,"valueName":"search_term_string"}}],"inLanguage":"fr-FR"},{"@type":"Organization","@id":"https:\/\/www.truzzer.com\/fr\/#organization","name":"truzzer","url":"https:\/\/www.truzzer.com\/fr\/","logo":{"@type":"ImageObject","inLanguage":"fr-FR","@id":"https:\/\/www.truzzer.com\/fr\/#\/schema\/logo\/image\/","url":"https:\/\/truzzer.com\/wp-content\/uploads\/2026\/01\/truzzer-logo-black-1.svg","contentUrl":"https:\/\/truzzer.com\/wp-content\/uploads\/2026\/01\/truzzer-logo-black-1.svg","width":938,"height":199,"caption":"truzzer"},"image":{"@id":"https:\/\/www.truzzer.com\/fr\/#\/schema\/logo\/image\/"}}]}},"tiered_pricing_type":"fixed","tiered_pricing_fixed_rules":[],"tiered_pricing_product_settings":{"layout":"default","base_unit_name":{"singular":null,"plural":null},"default_variation":null},"tiered_pricing_minimum_quantity":null,"tiered_pricing_roles_data":[],"tiered_pricing_percentage_rules":[],"tiered_pricing_maximum_quantity":null,"tiered_pricing_quantity_step":null,"_links":{"self":[{"href":"https:\/\/www.truzzer.com\/fr\/wp-json\/wp\/v2\/product\/92853","targetHints":{"allow":["GET"]}}],"collection":[{"href":"https:\/\/www.truzzer.com\/fr\/wp-json\/wp\/v2\/product"}],"about":[{"href":"https:\/\/www.truzzer.com\/fr\/wp-json\/wp\/v2\/types\/product"}],"replies":[{"embeddable":true,"href":"https:\/\/www.truzzer.com\/fr\/wp-json\/wp\/v2\/comments?post=92853"}],"wp:featuredmedia":[{"embeddable":true,"href":"https:\/\/www.truzzer.com\/fr\/wp-json\/wp\/v2\/media\/92854"}],"wp:attachment":[{"href":"https:\/\/www.truzzer.com\/fr\/wp-json\/wp\/v2\/media?parent=92853"}],"wp:term":[{"taxonomy":"product_brand","embeddable":true,"href":"https:\/\/www.truzzer.com\/fr\/wp-json\/wp\/v2\/product_brand?post=92853"},{"taxonomy":"product_cat","embeddable":true,"href":"https:\/\/www.truzzer.com\/fr\/wp-json\/wp\/v2\/product_cat?post=92853"},{"taxonomy":"product_tag","embeddable":true,"href":"https:\/\/www.truzzer.com\/fr\/wp-json\/wp\/v2\/product_tag?post=92853"}],"curies":[{"name":"wp","href":"https:\/\/api.w.org\/{rel}","templated":true}]}}