{"id":92884,"date":"2026-02-05T11:44:39","date_gmt":"2026-02-05T11:44:39","guid":{"rendered":"https:\/\/beta.truzzer.com\/product\/japper-examen-de-lautocollant-propre-avec-examen-qr\/"},"modified":"2026-02-13T08:35:41","modified_gmt":"2026-02-13T08:35:41","slug":"japper-examen-de-lautocollant-propre-avec-examen-qr","status":"publish","type":"product","link":"https:\/\/www.truzzer.com\/fr\/produit\/japper-examen-de-lautocollant-propre-avec-examen-qr\/","title":{"rendered":"Yelp\u00a0! Examen de l&rsquo;autocollant Clean avec examen QR"},"content":{"rendered":"<p>avec le Truzzer Yelp ! AvisAutocollant avec QR Code-Link et votre logo propre, vous pouvez obtenir des avis tr\u00e8s positifs de votre part directement dans votre entreprise.<\/p>\n<p>Je suis un format pratique pour utiliser le Yelp\u00a0! Examen de votre Kanden greifbar. Platzieren Sie die Sticker gut sichtbar im Kassenbereich, an der Eingangst\u00fcr or \u00fcberall dort, wo youre Kanden die Sticker sehen k\u00f6nnen.<\/p>\n<ul>\n<li>Geeignet pour den Innen- et Au\u00dfenbereich<\/li>\n<li>Festival humide<\/li>\n<li>pour jede glatte Oberfl\u00e4che geeignet<\/li>\n<li>pour EinzelhandelsBusinesse, T\u00fcren ou comme Auto-Yelp-Sticker<\/li>\n<li>Zigt youren Kanden, dass sie Sie auch auf Yelp\u00a0! trouver des k\u00f6nnen<\/li>\n<li>personnalis\u00e9 pour Sie angefertigt<\/li>\n<\/ul>\n<p>Vous pouvez utiliser le Yelp\u00a0! AvisAutocollant avec votre logo ganz einfach personalisieren et votre Unternehmen anpassen.<\/p>\n<p>L&rsquo;exemple de l&rsquo;autocollant Google vous permet de voir comment l&rsquo;autocollant fonctionne (fonctionnalit\u00e9 identique).<\/p>\n<p>&nbsp;<\/p>\n<p>&lt;h3&gt;\u00c9cran 1\u00a0: Le fichier scanne le code QR&lt;\/h3&gt; Pour vous aider, vous devez utiliser le Kande lors de l&rsquo;analyse du code QR. Il faut que l&rsquo;appareil photo des smartphones (une application Scanner-App disponible) soit disponible uniquement \u00e0 partir du produit. &lt;img class=\u00a0\u00bbalignnone wp-image-22402 size-full\u00a0\u00bb src=\u00a0\u00bbhttps:\/\/www.truzzer.com\/wp-content\/uploads\/2026\/02\/how-to-use-the-product-truzzer-google.jpg.webp\u00a0\u00bb alt=\u00a0\u00bb\u00a0\u00bb width=\u00a0\u00bb1400&Prime; height=\u00a0\u00bb933&Prime; \/&gt;<\/p>\n<p>Une fen\u00eatre contextuelle appara\u00eetra sur l&rsquo;image (iPhone) ou un code QR sera affich\u00e9 (smartphones Android\/Google).<\/p>\n<p>&lt;h3&gt;\u00c9cran 2\u00a0: Le Kande est directement dirig\u00e9 vers Google-Reviewsformular&lt;\/h3&gt; Le formulaire Reviews est disponible dans le navigateur des smartphones et le Kande peut vous le dire directement.<\/p>\n","protected":false},"excerpt":{"rendered":"<p>Die \u00ab\u00a0Bewerten Sie uns auf Yelp!\u00a0\u00bb -Sticker pour vous aider \u00e0 obtenir plus de Yelp-Reviewen von youren Kanden zu get.<\/p>\n<p>Selbstklebend passen sich die \u00ab\u00a0Bewerten Sie uns auf Yelp!\u00a0\u00bb &#8211; L&rsquo;autocollant est plac\u00e9 dans jedes Unternehmen ein et se tient auf jeder glatten Oberfl\u00e4che.<\/p>\n<p>Nous vous proposons et proposons des liens vers le code QR \u00e0 consulter directement sur votre profil Yelp pour vous\u00a0!<\/p>\n<p>Ces informations vous seront communiqu\u00e9es par l&rsquo;adresse de votre entreprise.<\/p>\n","protected":false},"featured_media":92885,"comment_status":"open","ping_status":"closed","template":"","meta":{"_acf_changed":false,"_yoast_wpseo_focuskw":"Avis Yelp Autocollant","_yoast_wpseo_title":"Yelp! Review Sticker Clean with review QR | truzzer","_yoast_wpseo_metadesc":"Plus d'avis Yelp avec Yelp! Review Sticker Clean with review QR de truzzer. Installation facile, pr\u00eat \u00e0 l'emploi. Commandez maintenant !"},"product_brand":[1713],"product_cat":[481,482,480,479],"product_tag":[],"class_list":{"0":"post-92884","1":"product","2":"type-product","3":"status-publish","4":"has-post-thumbnail","6":"product_brand-yelp","7":"product_cat-avis-yelp","8":"product_cat-avis-yelp-autocollants","9":"product_cat-code-qr-autocollants","10":"product_cat-code-qr-produits","11":"pa_product-type-autocollant","12":"pa_shape-rond","13":"pa_technology-code-qr","15":"first","16":"instock","17":"taxable","18":"shipping-taxable","19":"purchasable","20":"product-type-variable","21":"has-default-attributes"},"acf":[],"yoast_head":"<!-- This site is optimized with the Yoast SEO plugin v27.0 - https:\/\/yoast.com\/product\/yoast-seo-wordpress\/ -->\n<title>Yelp! Review Sticker Clean with review QR | truzzer<\/title>\n<meta name=\"description\" content=\"Plus d&#039;avis Yelp avec Yelp! Review Sticker Clean with review QR de truzzer. Installation facile, pr\u00eat \u00e0 l&#039;emploi. Commandez maintenant !\" \/>\n<meta name=\"robots\" content=\"index, follow, max-snippet:-1, max-image-preview:large, max-video-preview:-1\" \/>\n<link rel=\"canonical\" href=\"https:\/\/www.truzzer.com\/fr\/produit\/japper-examen-de-lautocollant-propre-avec-examen-qr\/\" \/>\n<meta property=\"og:locale\" content=\"fr_FR\" \/>\n<meta property=\"og:type\" content=\"article\" \/>\n<meta property=\"og:title\" content=\"Yelp! Review Sticker Clean with review QR | truzzer\" \/>\n<meta property=\"og:description\" content=\"Plus d&#039;avis Yelp avec Yelp! Review Sticker Clean with review QR de truzzer. Installation facile, pr\u00eat \u00e0 l&#039;emploi. Commandez maintenant !\" \/>\n<meta property=\"og:url\" content=\"https:\/\/www.truzzer.com\/fr\/produit\/japper-examen-de-lautocollant-propre-avec-examen-qr\/\" \/>\n<meta property=\"og:site_name\" content=\"truzzer\" \/>\n<meta property=\"article:modified_time\" content=\"2026-02-13T08:35:41+00:00\" \/>\n<meta property=\"og:image\" content=\"https:\/\/www.truzzer.com\/wp-content\/uploads\/2026\/02\/review-us-on-yelp-sticker-with-review-qr-code-clean-truzzer-1.jpg\" \/>\n\t<meta property=\"og:image:width\" content=\"1200\" \/>\n\t<meta property=\"og:image:height\" content=\"1200\" \/>\n\t<meta property=\"og:image:type\" content=\"image\/jpeg\" \/>\n<meta name=\"twitter:card\" content=\"summary_large_image\" \/>\n<meta name=\"twitter:label1\" content=\"Dur\u00e9e de lecture estim\u00e9e\" \/>\n\t<meta name=\"twitter:data1\" content=\"1 minute\" \/>\n<script type=\"application\/ld+json\" class=\"yoast-schema-graph\">{\"@context\":\"https:\/\/schema.org\",\"@graph\":[{\"@type\":\"WebPage\",\"@id\":\"https:\/\/www.truzzer.com\/fr\/produit\/japper-examen-de-lautocollant-propre-avec-examen-qr\/\",\"url\":\"https:\/\/www.truzzer.com\/fr\/produit\/japper-examen-de-lautocollant-propre-avec-examen-qr\/\",\"name\":\"Yelp! Review Sticker Clean with review QR | truzzer\",\"isPartOf\":{\"@id\":\"https:\/\/www.truzzer.com\/fr\/#website\"},\"primaryImageOfPage\":{\"@id\":\"https:\/\/www.truzzer.com\/fr\/produit\/japper-examen-de-lautocollant-propre-avec-examen-qr\/#primaryimage\"},\"image\":{\"@id\":\"https:\/\/www.truzzer.com\/fr\/produit\/japper-examen-de-lautocollant-propre-avec-examen-qr\/#primaryimage\"},\"thumbnailUrl\":\"https:\/\/www.truzzer.com\/wp-content\/uploads\/2026\/02\/review-us-on-yelp-sticker-with-review-qr-code-clean-truzzer-1.jpg\",\"datePublished\":\"2026-02-05T11:44:39+00:00\",\"dateModified\":\"2026-02-13T08:35:41+00:00\",\"description\":\"Plus d'avis Yelp avec Yelp! Review Sticker Clean with review QR de truzzer. Installation facile, pr\u00eat \u00e0 l'emploi. Commandez maintenant !\",\"breadcrumb\":{\"@id\":\"https:\/\/www.truzzer.com\/fr\/produit\/japper-examen-de-lautocollant-propre-avec-examen-qr\/#breadcrumb\"},\"inLanguage\":\"fr-FR\",\"potentialAction\":[{\"@type\":\"ReadAction\",\"target\":[\"https:\/\/www.truzzer.com\/fr\/produit\/japper-examen-de-lautocollant-propre-avec-examen-qr\/\"]}]},{\"@type\":\"ImageObject\",\"inLanguage\":\"fr-FR\",\"@id\":\"https:\/\/www.truzzer.com\/fr\/produit\/japper-examen-de-lautocollant-propre-avec-examen-qr\/#primaryimage\",\"url\":\"https:\/\/www.truzzer.com\/wp-content\/uploads\/2026\/02\/review-us-on-yelp-sticker-with-review-qr-code-clean-truzzer-1.jpg\",\"contentUrl\":\"https:\/\/www.truzzer.com\/wp-content\/uploads\/2026\/02\/review-us-on-yelp-sticker-with-review-qr-code-clean-truzzer-1.jpg\",\"width\":1200,\"height\":1200},{\"@type\":\"BreadcrumbList\",\"@id\":\"https:\/\/www.truzzer.com\/fr\/produit\/japper-examen-de-lautocollant-propre-avec-examen-qr\/#breadcrumb\",\"itemListElement\":[{\"@type\":\"ListItem\",\"position\":1,\"name\":\"Home\",\"item\":\"https:\/\/www.truzzer.com\/fr\/\"},{\"@type\":\"ListItem\",\"position\":2,\"name\":\"Boutique\",\"item\":\"https:\/\/www.truzzer.com\/fr\/boutique\/\"},{\"@type\":\"ListItem\",\"position\":3,\"name\":\"Yelp\u00a0! Examen de l&#8217;autocollant Clean avec examen QR\"}]},{\"@type\":\"WebSite\",\"@id\":\"https:\/\/www.truzzer.com\/fr\/#website\",\"url\":\"https:\/\/www.truzzer.com\/fr\/\",\"name\":\"truzzer\",\"description\":\"Experts for customer trust\",\"publisher\":{\"@id\":\"https:\/\/www.truzzer.com\/fr\/#organization\"},\"potentialAction\":[{\"@type\":\"SearchAction\",\"target\":{\"@type\":\"EntryPoint\",\"urlTemplate\":\"https:\/\/www.truzzer.com\/fr\/?s={search_term_string}\"},\"query-input\":{\"@type\":\"PropertyValueSpecification\",\"valueRequired\":true,\"valueName\":\"search_term_string\"}}],\"inLanguage\":\"fr-FR\"},{\"@type\":\"Organization\",\"@id\":\"https:\/\/www.truzzer.com\/fr\/#organization\",\"name\":\"truzzer\",\"url\":\"https:\/\/www.truzzer.com\/fr\/\",\"logo\":{\"@type\":\"ImageObject\",\"inLanguage\":\"fr-FR\",\"@id\":\"https:\/\/www.truzzer.com\/fr\/#\/schema\/logo\/image\/\",\"url\":\"https:\/\/truzzer.com\/wp-content\/uploads\/2026\/01\/truzzer-logo-black-1.svg\",\"contentUrl\":\"https:\/\/truzzer.com\/wp-content\/uploads\/2026\/01\/truzzer-logo-black-1.svg\",\"width\":938,\"height\":199,\"caption\":\"truzzer\"},\"image\":{\"@id\":\"https:\/\/www.truzzer.com\/fr\/#\/schema\/logo\/image\/\"}}]}<\/script>\n<!-- \/ Yoast SEO plugin. -->","yoast_head_json":{"title":"Yelp! Review Sticker Clean with review QR | truzzer","description":"Plus d'avis Yelp avec Yelp! Review Sticker Clean with review QR de truzzer. Installation facile, pr\u00eat \u00e0 l'emploi. Commandez maintenant !","robots":{"index":"index","follow":"follow","max-snippet":"max-snippet:-1","max-image-preview":"max-image-preview:large","max-video-preview":"max-video-preview:-1"},"canonical":"https:\/\/www.truzzer.com\/fr\/produit\/japper-examen-de-lautocollant-propre-avec-examen-qr\/","og_locale":"fr_FR","og_type":"article","og_title":"Yelp! Review Sticker Clean with review QR | truzzer","og_description":"Plus d'avis Yelp avec Yelp! Review Sticker Clean with review QR de truzzer. Installation facile, pr\u00eat \u00e0 l'emploi. Commandez maintenant !","og_url":"https:\/\/www.truzzer.com\/fr\/produit\/japper-examen-de-lautocollant-propre-avec-examen-qr\/","og_site_name":"truzzer","article_modified_time":"2026-02-13T08:35:41+00:00","og_image":[{"width":1200,"height":1200,"url":"https:\/\/www.truzzer.com\/wp-content\/uploads\/2026\/02\/review-us-on-yelp-sticker-with-review-qr-code-clean-truzzer-1.jpg","type":"image\/jpeg"}],"twitter_card":"summary_large_image","twitter_misc":{"Dur\u00e9e de lecture estim\u00e9e":"1 minute"},"schema":{"@context":"https:\/\/schema.org","@graph":[{"@type":"WebPage","@id":"https:\/\/www.truzzer.com\/fr\/produit\/japper-examen-de-lautocollant-propre-avec-examen-qr\/","url":"https:\/\/www.truzzer.com\/fr\/produit\/japper-examen-de-lautocollant-propre-avec-examen-qr\/","name":"Yelp! Review Sticker Clean with review QR | truzzer","isPartOf":{"@id":"https:\/\/www.truzzer.com\/fr\/#website"},"primaryImageOfPage":{"@id":"https:\/\/www.truzzer.com\/fr\/produit\/japper-examen-de-lautocollant-propre-avec-examen-qr\/#primaryimage"},"image":{"@id":"https:\/\/www.truzzer.com\/fr\/produit\/japper-examen-de-lautocollant-propre-avec-examen-qr\/#primaryimage"},"thumbnailUrl":"https:\/\/www.truzzer.com\/wp-content\/uploads\/2026\/02\/review-us-on-yelp-sticker-with-review-qr-code-clean-truzzer-1.jpg","datePublished":"2026-02-05T11:44:39+00:00","dateModified":"2026-02-13T08:35:41+00:00","description":"Plus d'avis Yelp avec Yelp! Review Sticker Clean with review QR de truzzer. Installation facile, pr\u00eat \u00e0 l'emploi. Commandez maintenant !","breadcrumb":{"@id":"https:\/\/www.truzzer.com\/fr\/produit\/japper-examen-de-lautocollant-propre-avec-examen-qr\/#breadcrumb"},"inLanguage":"fr-FR","potentialAction":[{"@type":"ReadAction","target":["https:\/\/www.truzzer.com\/fr\/produit\/japper-examen-de-lautocollant-propre-avec-examen-qr\/"]}]},{"@type":"ImageObject","inLanguage":"fr-FR","@id":"https:\/\/www.truzzer.com\/fr\/produit\/japper-examen-de-lautocollant-propre-avec-examen-qr\/#primaryimage","url":"https:\/\/www.truzzer.com\/wp-content\/uploads\/2026\/02\/review-us-on-yelp-sticker-with-review-qr-code-clean-truzzer-1.jpg","contentUrl":"https:\/\/www.truzzer.com\/wp-content\/uploads\/2026\/02\/review-us-on-yelp-sticker-with-review-qr-code-clean-truzzer-1.jpg","width":1200,"height":1200},{"@type":"BreadcrumbList","@id":"https:\/\/www.truzzer.com\/fr\/produit\/japper-examen-de-lautocollant-propre-avec-examen-qr\/#breadcrumb","itemListElement":[{"@type":"ListItem","position":1,"name":"Home","item":"https:\/\/www.truzzer.com\/fr\/"},{"@type":"ListItem","position":2,"name":"Boutique","item":"https:\/\/www.truzzer.com\/fr\/boutique\/"},{"@type":"ListItem","position":3,"name":"Yelp\u00a0! Examen de l&#8217;autocollant Clean avec examen QR"}]},{"@type":"WebSite","@id":"https:\/\/www.truzzer.com\/fr\/#website","url":"https:\/\/www.truzzer.com\/fr\/","name":"truzzer","description":"Experts for customer trust","publisher":{"@id":"https:\/\/www.truzzer.com\/fr\/#organization"},"potentialAction":[{"@type":"SearchAction","target":{"@type":"EntryPoint","urlTemplate":"https:\/\/www.truzzer.com\/fr\/?s={search_term_string}"},"query-input":{"@type":"PropertyValueSpecification","valueRequired":true,"valueName":"search_term_string"}}],"inLanguage":"fr-FR"},{"@type":"Organization","@id":"https:\/\/www.truzzer.com\/fr\/#organization","name":"truzzer","url":"https:\/\/www.truzzer.com\/fr\/","logo":{"@type":"ImageObject","inLanguage":"fr-FR","@id":"https:\/\/www.truzzer.com\/fr\/#\/schema\/logo\/image\/","url":"https:\/\/truzzer.com\/wp-content\/uploads\/2026\/01\/truzzer-logo-black-1.svg","contentUrl":"https:\/\/truzzer.com\/wp-content\/uploads\/2026\/01\/truzzer-logo-black-1.svg","width":938,"height":199,"caption":"truzzer"},"image":{"@id":"https:\/\/www.truzzer.com\/fr\/#\/schema\/logo\/image\/"}}]}},"tiered_pricing_type":"fixed","tiered_pricing_fixed_rules":[],"tiered_pricing_product_settings":{"layout":"default","base_unit_name":{"singular":null,"plural":null},"default_variation":null},"tiered_pricing_minimum_quantity":null,"tiered_pricing_roles_data":[],"tiered_pricing_percentage_rules":[],"tiered_pricing_maximum_quantity":null,"tiered_pricing_quantity_step":null,"_links":{"self":[{"href":"https:\/\/www.truzzer.com\/fr\/wp-json\/wp\/v2\/product\/92884","targetHints":{"allow":["GET"]}}],"collection":[{"href":"https:\/\/www.truzzer.com\/fr\/wp-json\/wp\/v2\/product"}],"about":[{"href":"https:\/\/www.truzzer.com\/fr\/wp-json\/wp\/v2\/types\/product"}],"replies":[{"embeddable":true,"href":"https:\/\/www.truzzer.com\/fr\/wp-json\/wp\/v2\/comments?post=92884"}],"wp:featuredmedia":[{"embeddable":true,"href":"https:\/\/www.truzzer.com\/fr\/wp-json\/wp\/v2\/media\/92885"}],"wp:attachment":[{"href":"https:\/\/www.truzzer.com\/fr\/wp-json\/wp\/v2\/media?parent=92884"}],"wp:term":[{"taxonomy":"product_brand","embeddable":true,"href":"https:\/\/www.truzzer.com\/fr\/wp-json\/wp\/v2\/product_brand?post=92884"},{"taxonomy":"product_cat","embeddable":true,"href":"https:\/\/www.truzzer.com\/fr\/wp-json\/wp\/v2\/product_cat?post=92884"},{"taxonomy":"product_tag","embeddable":true,"href":"https:\/\/www.truzzer.com\/fr\/wp-json\/wp\/v2\/product_tag?post=92884"}],"curies":[{"name":"wp","href":"https:\/\/api.w.org\/{rel}","templated":true}]}}