{"id":92937,"date":"2026-02-05T11:39:39","date_gmt":"2026-02-05T11:39:39","guid":{"rendered":"https:\/\/beta.truzzer.com\/product\/autocollant-tiktok-minimal\/"},"modified":"2026-02-13T08:36:19","modified_gmt":"2026-02-13T08:36:19","slug":"autocollant-tiktok-minimal","status":"publish","type":"product","link":"https:\/\/www.truzzer.com\/fr\/produit\/autocollant-tiktok-minimal\/","title":{"rendered":"TikTok Autocollant \u00ab\u00a0Minimal\u00a0\u00bb"},"content":{"rendered":"<h2>Achetez des autocollants TikTok en ligne<\/h2>\n<p>Avec les autocollants truzzer TikTok avec le lien de code QR et votre propre nom d&rsquo;utilisateur, vous pouvez facilement obtenir de nouveaux abonn\u00e9s sur TikTok\u00a0!<\/p>\n<p>Dans le format rond pratique, vous rendez votre compte tangible pour vos clients.<br \/>\nPlacez les autocollants bien en vue dans la zone de paiement, sur la porte d&rsquo;entr\u00e9e, comme autocollant sur le pare-chocs de votre voiture ou partout o\u00f9 vos clients peuvent voir les autocollants.<\/p>\n<p>-Convient pour une utilisation int\u00e9rieure et ext\u00e9rieure<br \/>\n&#8211; R\u00e9sistant aux intemp\u00e9ries<br \/>\n-Convient \u00e0 toute surface lisse<br \/>\n-Pour les magasins de d\u00e9tail, les portes ou comme autocollant de voiture Instagram<br \/>\n-Montre \u00e0 vos clients qu&rsquo;ils peuvent \u00e9galement vous trouver sur Instagram<\/p>\n<p>Le lien Suivez-nous sur les autocollants TikTok avec le code QR dirige vos clients vers votre profil TikTok lorsqu&rsquo;ils scannent le code QR.<\/p>\n<p>&nbsp;<\/p>\n<h2>Plus d&rsquo;informations<\/h2>\n<p>Ces derni\u00e8res ann\u00e9es, TikTok est devenue l&rsquo;une des plateformes de m\u00e9dias sociaux les plus populaires avec plus d&rsquo;un milliard d&rsquo;utilisateurs actifs dans le monde. Gr\u00e2ce \u00e0 son format vid\u00e9o court, TikTok a gagn\u00e9 en popularit\u00e9 aupr\u00e8s des entreprises et des sp\u00e9cialistes du marketing qui cherchent \u00e0 promouvoir leur marque ou leur produit aupr\u00e8s d&rsquo;un public plus large. En cons\u00e9quence, divers autocollants TikTok ont \u00e9t\u00e9 d\u00e9velopp\u00e9s pour aider les entreprises \u00e0 gagner en visibilit\u00e9, et parmi eux, les autocollants de code Truzzer TikTok QR apparaissent comme les meilleurs autocollants TikTok disponibles.<\/p>\n<p>Les autocollants Truzzer TikTok sont con\u00e7us avec un code QR int\u00e9gr\u00e9 qui renvoie directement au profil TikTok de l&rsquo;entreprise ou de l&rsquo;individu utilisant l&rsquo;autocollant. Cela signifie que lorsqu&rsquo;un utilisateur scanne le code QR sur l&rsquo;autocollant, il est imm\u00e9diatement dirig\u00e9 vers la page de profil TikTok de l&rsquo;entreprise ou du particulier. Cette fonctionnalit\u00e9 offre aux utilisateurs un moyen simple et pratique d&rsquo;acc\u00e9der au profil TikTok de l&rsquo;entreprise ou de l&rsquo;individu sans avoir \u00e0 le rechercher manuellement sur l&rsquo;application.<\/p>\n<p>De plus, les autocollants Truzzer TikTok offrent \u00e9galement la possibilit\u00e9 d&rsquo;inclure un nom de profil avec le code QR. Ceci est b\u00e9n\u00e9fique pour les entreprises et les particuliers car cela leur permet d\u2019augmenter la visibilit\u00e9 et la reconnaissance de leur marque. Les utilisateurs qui rencontrent l&rsquo;autocollant peuvent facilement identifier le nom du profil et l&rsquo;associer \u00e0 la marque ou \u00e0 l&rsquo;individu utilisant l&rsquo;autocollant.<\/p>\n<p>Il a \u00e9t\u00e9 prouv\u00e9 que l&rsquo;utilisation d&rsquo;autocollants Truzzer TikTok avec un nom de profil et un code QR augmente le succ\u00e8s d&rsquo;une entreprise en gagnant plus de followers que jamais. En fournissant un lien direct vers le profil TikTok, les entreprises et les particuliers peuvent accro\u00eetre leur visibilit\u00e9 et toucher un public plus large. Cela conduit \u00e0 une augmentation du nombre d\u2019abonn\u00e9s, de l\u2019engagement et, finalement, des conversions.<\/p>\n<p>En conclusion, les autocollants de code Truzzer TikTok QR sont les meilleurs autocollants TikTok disponibles en raison de leur code QR int\u00e9gr\u00e9 et de la possibilit\u00e9 d&rsquo;inclure un nom de profil. Ces autocollants offrent aux utilisateurs un moyen simple et pratique d&rsquo;acc\u00e9der au profil TikTok de l&rsquo;entreprise ou de l&rsquo;individu \u00e0 l&rsquo;aide de l&rsquo;autocollant. De plus, l\u2019inclusion d\u2019un nom de profil contribue \u00e0 accro\u00eetre la visibilit\u00e9 et la reconnaissance de la marque. L&rsquo;utilisation d&rsquo;autocollants Truzzer TikTok avec un nom de profil et un code QR peut aider les entreprises et les particuliers \u00e0 gagner plus d&rsquo;abonn\u00e9s et, \u00e0 terme, \u00e0 augmenter leur succ\u00e8s sur la plateforme.<\/p>\n<p>&nbsp;<\/p>\n<h3>\u00c9tape 1\u00a0: Le client scanne le code QR<\/h3>\n<p>Pour vous suivre, le client n&rsquo;a qu&rsquo;\u00e0 scanner le code QR. Tout ce que vous avez \u00e0 faire est de tenir l&rsquo;appareil photo du smartphone (aucune application de scanner suppl\u00e9mentaire n\u00e9cessaire) au-dessus du produit.<\/p>\n<p><img decoding=\"async\" class=\"alignnone wp-image-22380 size-full\" src=\"https:\/\/www.truzzer.com\/wp-content\/uploads\/2021\/04\/how-to-use-the-product-truzzer-tiktok.jpg\" alt=\"\" width=\"1400\" height=\"933\" \/><\/p>\n<p>Une pop-up appara\u00eetra alors \u00e0 l&rsquo;\u00e9cran (iPhone) ou un code QR appara\u00eetra (smartphones Android \/ Google).<\/p>\n<h3>\u00c9tape 2\u00a0: Le client acc\u00e8de directement au profil TikTok<\/h3>\n<p>TikTok s&rsquo;ouvrira alors et le client pourra vous suivre directement. Si facile,<\/p>\n<p><strong>Avis<\/strong>\u00a0:<br \/>\nVeuillez noter qu&rsquo;un profil TikTok est requis pour obtenir des abonn\u00e9s.<\/p>\n<p>&nbsp;<\/p>\n","protected":false},"excerpt":{"rendered":"<p>Transformez vos clients en abonn\u00e9s TikTok avec les autocollants personnalis\u00e9s Suivez-nous sur TikTok avec leur propre nom de profil et un lien QR num\u00e9risable vers votre profil TikTok.<\/p>\n<p>-Convient pour une utilisation int\u00e9rieure et ext\u00e9rieure<br \/>\n\u2013 R\u00e9sistant aux intemp\u00e9ries<br \/>\n-Convient \u00e0 toute surface lisse<br \/>\n-Pour les magasins de d\u00e9tail, les portes ou comme autocollant de voiture TikTok<br \/>\n-Montre \u00e0 vos clients qu&rsquo;ils peuvent \u00e9galement vous trouver sur TikTok<br \/>\n\u2013 Fabriqu\u00e9 individuellement pour vous<br \/>\n-Disponible en trois tailles<\/p>\n<p>Nous relierons pour vous le code QR \u00e0 votre profil TikTok\u00a0!<br \/>\nVeuillez ajouter votre nom d&rsquo;utilisateur plus loin dans le processus de commande, par ex. \u00ab @VotreEntreprise \u00bb.<\/p>\n","protected":false},"featured_media":92953,"comment_status":"open","ping_status":"closed","template":"","meta":{"_acf_changed":false,"_yoast_wpseo_focuskw":"TikTok QR Code Autocollant","_yoast_wpseo_title":"TikTok Sticker \u00ab\u00a0Minimal\u00a0\u00bb | truzzer","_yoast_wpseo_metadesc":"Augmentez votre port\u00e9e TikTok avec TikTok Sticker \u00ab\u00a0Minimal\u00a0\u00bb de truzzer. Installation facile, pr\u00eat \u00e0 l'emploi. Commandez !"},"product_brand":[1683],"product_cat":[620,480,479,621],"product_tag":[],"class_list":{"0":"post-92937","1":"product","2":"type-product","3":"status-publish","4":"has-post-thumbnail","6":"product_brand-tiktok","7":"product_cat-abonnes-tiktok-produits","8":"product_cat-code-qr-autocollants","9":"product_cat-code-qr-produits","10":"product_cat-tiktok-autocollants","11":"pa_product-type-autocollant","12":"pa_shape-rond","13":"pa_technology-code-qr","15":"first","16":"instock","17":"taxable","18":"shipping-taxable","19":"purchasable","20":"product-type-variable","21":"has-default-attributes"},"acf":[],"yoast_head":"<!-- This site is optimized with the Yoast SEO plugin v27.0 - https:\/\/yoast.com\/product\/yoast-seo-wordpress\/ -->\n<title>TikTok Sticker \u00ab\u00a0Minimal\u00a0\u00bb | truzzer<\/title>\n<meta name=\"description\" content=\"Augmentez votre port\u00e9e TikTok avec TikTok Sticker \u00ab\u00a0Minimal\u00a0\u00bb de truzzer. Installation facile, pr\u00eat \u00e0 l&#039;emploi. Commandez !\" \/>\n<meta name=\"robots\" content=\"index, follow, max-snippet:-1, max-image-preview:large, max-video-preview:-1\" \/>\n<link rel=\"canonical\" href=\"https:\/\/www.truzzer.com\/fr\/produit\/autocollant-tiktok-minimal\/\" \/>\n<meta property=\"og:locale\" content=\"fr_FR\" \/>\n<meta property=\"og:type\" content=\"article\" \/>\n<meta property=\"og:title\" content=\"TikTok Sticker \u00ab\u00a0Minimal\u00a0\u00bb | truzzer\" \/>\n<meta property=\"og:description\" content=\"Augmentez votre port\u00e9e TikTok avec TikTok Sticker \u00ab\u00a0Minimal\u00a0\u00bb de truzzer. Installation facile, pr\u00eat \u00e0 l&#039;emploi. Commandez !\" \/>\n<meta property=\"og:url\" content=\"https:\/\/www.truzzer.com\/fr\/produit\/autocollant-tiktok-minimal\/\" \/>\n<meta property=\"og:site_name\" content=\"truzzer\" \/>\n<meta property=\"article:modified_time\" content=\"2026-02-13T08:36:19+00:00\" \/>\n<meta property=\"og:image\" content=\"https:\/\/www.truzzer.com\/wp-content\/uploads\/2026\/02\/follow-us-on-tiktok-sticker-qr-code-truzzer-icon-3.jpg\" \/>\n\t<meta property=\"og:image:width\" content=\"1400\" \/>\n\t<meta property=\"og:image:height\" content=\"1400\" \/>\n\t<meta property=\"og:image:type\" content=\"image\/jpeg\" \/>\n<meta name=\"twitter:card\" content=\"summary_large_image\" \/>\n<meta name=\"twitter:label1\" content=\"Dur\u00e9e de lecture estim\u00e9e\" \/>\n\t<meta name=\"twitter:data1\" content=\"3 minutes\" \/>\n<script type=\"application\/ld+json\" class=\"yoast-schema-graph\">{\"@context\":\"https:\/\/schema.org\",\"@graph\":[{\"@type\":\"WebPage\",\"@id\":\"https:\/\/www.truzzer.com\/fr\/produit\/autocollant-tiktok-minimal\/\",\"url\":\"https:\/\/www.truzzer.com\/fr\/produit\/autocollant-tiktok-minimal\/\",\"name\":\"TikTok Sticker \u00ab\u00a0Minimal\u00a0\u00bb | truzzer\",\"isPartOf\":{\"@id\":\"https:\/\/www.truzzer.com\/fr\/#website\"},\"primaryImageOfPage\":{\"@id\":\"https:\/\/www.truzzer.com\/fr\/produit\/autocollant-tiktok-minimal\/#primaryimage\"},\"image\":{\"@id\":\"https:\/\/www.truzzer.com\/fr\/produit\/autocollant-tiktok-minimal\/#primaryimage\"},\"thumbnailUrl\":\"https:\/\/www.truzzer.com\/wp-content\/uploads\/2026\/02\/follow-us-on-tiktok-sticker-qr-code-truzzer-icon-3.jpg\",\"datePublished\":\"2026-02-05T11:39:39+00:00\",\"dateModified\":\"2026-02-13T08:36:19+00:00\",\"description\":\"Augmentez votre port\u00e9e TikTok avec TikTok Sticker \u00ab\u00a0Minimal\u00a0\u00bb de truzzer. Installation facile, pr\u00eat \u00e0 l'emploi. Commandez !\",\"breadcrumb\":{\"@id\":\"https:\/\/www.truzzer.com\/fr\/produit\/autocollant-tiktok-minimal\/#breadcrumb\"},\"inLanguage\":\"fr-FR\",\"potentialAction\":[{\"@type\":\"ReadAction\",\"target\":[\"https:\/\/www.truzzer.com\/fr\/produit\/autocollant-tiktok-minimal\/\"]}]},{\"@type\":\"ImageObject\",\"inLanguage\":\"fr-FR\",\"@id\":\"https:\/\/www.truzzer.com\/fr\/produit\/autocollant-tiktok-minimal\/#primaryimage\",\"url\":\"https:\/\/www.truzzer.com\/wp-content\/uploads\/2026\/02\/follow-us-on-tiktok-sticker-qr-code-truzzer-icon-3.jpg\",\"contentUrl\":\"https:\/\/www.truzzer.com\/wp-content\/uploads\/2026\/02\/follow-us-on-tiktok-sticker-qr-code-truzzer-icon-3.jpg\",\"width\":1400,\"height\":1400},{\"@type\":\"BreadcrumbList\",\"@id\":\"https:\/\/www.truzzer.com\/fr\/produit\/autocollant-tiktok-minimal\/#breadcrumb\",\"itemListElement\":[{\"@type\":\"ListItem\",\"position\":1,\"name\":\"Home\",\"item\":\"https:\/\/www.truzzer.com\/fr\/\"},{\"@type\":\"ListItem\",\"position\":2,\"name\":\"Boutique\",\"item\":\"https:\/\/www.truzzer.com\/fr\/boutique\/\"},{\"@type\":\"ListItem\",\"position\":3,\"name\":\"TikTok Autocollant \u00ab\u00a0Minimal\u00a0\u00bb\"}]},{\"@type\":\"WebSite\",\"@id\":\"https:\/\/www.truzzer.com\/fr\/#website\",\"url\":\"https:\/\/www.truzzer.com\/fr\/\",\"name\":\"truzzer\",\"description\":\"Experts for customer trust\",\"publisher\":{\"@id\":\"https:\/\/www.truzzer.com\/fr\/#organization\"},\"potentialAction\":[{\"@type\":\"SearchAction\",\"target\":{\"@type\":\"EntryPoint\",\"urlTemplate\":\"https:\/\/www.truzzer.com\/fr\/?s={search_term_string}\"},\"query-input\":{\"@type\":\"PropertyValueSpecification\",\"valueRequired\":true,\"valueName\":\"search_term_string\"}}],\"inLanguage\":\"fr-FR\"},{\"@type\":\"Organization\",\"@id\":\"https:\/\/www.truzzer.com\/fr\/#organization\",\"name\":\"truzzer\",\"url\":\"https:\/\/www.truzzer.com\/fr\/\",\"logo\":{\"@type\":\"ImageObject\",\"inLanguage\":\"fr-FR\",\"@id\":\"https:\/\/www.truzzer.com\/fr\/#\/schema\/logo\/image\/\",\"url\":\"https:\/\/truzzer.com\/wp-content\/uploads\/2026\/01\/truzzer-logo-black-1.svg\",\"contentUrl\":\"https:\/\/truzzer.com\/wp-content\/uploads\/2026\/01\/truzzer-logo-black-1.svg\",\"width\":938,\"height\":199,\"caption\":\"truzzer\"},\"image\":{\"@id\":\"https:\/\/www.truzzer.com\/fr\/#\/schema\/logo\/image\/\"}}]}<\/script>\n<!-- \/ Yoast SEO plugin. -->","yoast_head_json":{"title":"TikTok Sticker \u00ab\u00a0Minimal\u00a0\u00bb | truzzer","description":"Augmentez votre port\u00e9e TikTok avec TikTok Sticker \u00ab\u00a0Minimal\u00a0\u00bb de truzzer. Installation facile, pr\u00eat \u00e0 l'emploi. Commandez !","robots":{"index":"index","follow":"follow","max-snippet":"max-snippet:-1","max-image-preview":"max-image-preview:large","max-video-preview":"max-video-preview:-1"},"canonical":"https:\/\/www.truzzer.com\/fr\/produit\/autocollant-tiktok-minimal\/","og_locale":"fr_FR","og_type":"article","og_title":"TikTok Sticker \u00ab\u00a0Minimal\u00a0\u00bb | truzzer","og_description":"Augmentez votre port\u00e9e TikTok avec TikTok Sticker \u00ab\u00a0Minimal\u00a0\u00bb de truzzer. Installation facile, pr\u00eat \u00e0 l'emploi. Commandez !","og_url":"https:\/\/www.truzzer.com\/fr\/produit\/autocollant-tiktok-minimal\/","og_site_name":"truzzer","article_modified_time":"2026-02-13T08:36:19+00:00","og_image":[{"width":1400,"height":1400,"url":"https:\/\/www.truzzer.com\/wp-content\/uploads\/2026\/02\/follow-us-on-tiktok-sticker-qr-code-truzzer-icon-3.jpg","type":"image\/jpeg"}],"twitter_card":"summary_large_image","twitter_misc":{"Dur\u00e9e de lecture estim\u00e9e":"3 minutes"},"schema":{"@context":"https:\/\/schema.org","@graph":[{"@type":"WebPage","@id":"https:\/\/www.truzzer.com\/fr\/produit\/autocollant-tiktok-minimal\/","url":"https:\/\/www.truzzer.com\/fr\/produit\/autocollant-tiktok-minimal\/","name":"TikTok Sticker \u00ab\u00a0Minimal\u00a0\u00bb | truzzer","isPartOf":{"@id":"https:\/\/www.truzzer.com\/fr\/#website"},"primaryImageOfPage":{"@id":"https:\/\/www.truzzer.com\/fr\/produit\/autocollant-tiktok-minimal\/#primaryimage"},"image":{"@id":"https:\/\/www.truzzer.com\/fr\/produit\/autocollant-tiktok-minimal\/#primaryimage"},"thumbnailUrl":"https:\/\/www.truzzer.com\/wp-content\/uploads\/2026\/02\/follow-us-on-tiktok-sticker-qr-code-truzzer-icon-3.jpg","datePublished":"2026-02-05T11:39:39+00:00","dateModified":"2026-02-13T08:36:19+00:00","description":"Augmentez votre port\u00e9e TikTok avec TikTok Sticker \u00ab\u00a0Minimal\u00a0\u00bb de truzzer. Installation facile, pr\u00eat \u00e0 l'emploi. Commandez !","breadcrumb":{"@id":"https:\/\/www.truzzer.com\/fr\/produit\/autocollant-tiktok-minimal\/#breadcrumb"},"inLanguage":"fr-FR","potentialAction":[{"@type":"ReadAction","target":["https:\/\/www.truzzer.com\/fr\/produit\/autocollant-tiktok-minimal\/"]}]},{"@type":"ImageObject","inLanguage":"fr-FR","@id":"https:\/\/www.truzzer.com\/fr\/produit\/autocollant-tiktok-minimal\/#primaryimage","url":"https:\/\/www.truzzer.com\/wp-content\/uploads\/2026\/02\/follow-us-on-tiktok-sticker-qr-code-truzzer-icon-3.jpg","contentUrl":"https:\/\/www.truzzer.com\/wp-content\/uploads\/2026\/02\/follow-us-on-tiktok-sticker-qr-code-truzzer-icon-3.jpg","width":1400,"height":1400},{"@type":"BreadcrumbList","@id":"https:\/\/www.truzzer.com\/fr\/produit\/autocollant-tiktok-minimal\/#breadcrumb","itemListElement":[{"@type":"ListItem","position":1,"name":"Home","item":"https:\/\/www.truzzer.com\/fr\/"},{"@type":"ListItem","position":2,"name":"Boutique","item":"https:\/\/www.truzzer.com\/fr\/boutique\/"},{"@type":"ListItem","position":3,"name":"TikTok Autocollant \u00ab\u00a0Minimal\u00a0\u00bb"}]},{"@type":"WebSite","@id":"https:\/\/www.truzzer.com\/fr\/#website","url":"https:\/\/www.truzzer.com\/fr\/","name":"truzzer","description":"Experts for customer trust","publisher":{"@id":"https:\/\/www.truzzer.com\/fr\/#organization"},"potentialAction":[{"@type":"SearchAction","target":{"@type":"EntryPoint","urlTemplate":"https:\/\/www.truzzer.com\/fr\/?s={search_term_string}"},"query-input":{"@type":"PropertyValueSpecification","valueRequired":true,"valueName":"search_term_string"}}],"inLanguage":"fr-FR"},{"@type":"Organization","@id":"https:\/\/www.truzzer.com\/fr\/#organization","name":"truzzer","url":"https:\/\/www.truzzer.com\/fr\/","logo":{"@type":"ImageObject","inLanguage":"fr-FR","@id":"https:\/\/www.truzzer.com\/fr\/#\/schema\/logo\/image\/","url":"https:\/\/truzzer.com\/wp-content\/uploads\/2026\/01\/truzzer-logo-black-1.svg","contentUrl":"https:\/\/truzzer.com\/wp-content\/uploads\/2026\/01\/truzzer-logo-black-1.svg","width":938,"height":199,"caption":"truzzer"},"image":{"@id":"https:\/\/www.truzzer.com\/fr\/#\/schema\/logo\/image\/"}}]}},"tiered_pricing_type":"fixed","tiered_pricing_fixed_rules":[],"tiered_pricing_product_settings":{"layout":"default","base_unit_name":{"singular":null,"plural":null},"default_variation":null},"tiered_pricing_minimum_quantity":null,"tiered_pricing_roles_data":[],"tiered_pricing_percentage_rules":[],"tiered_pricing_maximum_quantity":null,"tiered_pricing_quantity_step":null,"_links":{"self":[{"href":"https:\/\/www.truzzer.com\/fr\/wp-json\/wp\/v2\/product\/92937","targetHints":{"allow":["GET"]}}],"collection":[{"href":"https:\/\/www.truzzer.com\/fr\/wp-json\/wp\/v2\/product"}],"about":[{"href":"https:\/\/www.truzzer.com\/fr\/wp-json\/wp\/v2\/types\/product"}],"replies":[{"embeddable":true,"href":"https:\/\/www.truzzer.com\/fr\/wp-json\/wp\/v2\/comments?post=92937"}],"wp:featuredmedia":[{"embeddable":true,"href":"https:\/\/www.truzzer.com\/fr\/wp-json\/wp\/v2\/media\/92953"}],"wp:attachment":[{"href":"https:\/\/www.truzzer.com\/fr\/wp-json\/wp\/v2\/media?parent=92937"}],"wp:term":[{"taxonomy":"product_brand","embeddable":true,"href":"https:\/\/www.truzzer.com\/fr\/wp-json\/wp\/v2\/product_brand?post=92937"},{"taxonomy":"product_cat","embeddable":true,"href":"https:\/\/www.truzzer.com\/fr\/wp-json\/wp\/v2\/product_cat?post=92937"},{"taxonomy":"product_tag","embeddable":true,"href":"https:\/\/www.truzzer.com\/fr\/wp-json\/wp\/v2\/product_tag?post=92937"}],"curies":[{"name":"wp","href":"https:\/\/api.w.org\/{rel}","templated":true}]}}