{"id":93129,"date":"2026-02-05T11:21:20","date_gmt":"2026-02-05T11:21:20","guid":{"rendered":"https:\/\/beta.truzzer.com\/product\/autocollant-rond-linkedin\/"},"modified":"2026-02-13T08:38:11","modified_gmt":"2026-02-13T08:38:11","slug":"autocollant-rond-linkedin","status":"publish","type":"product","link":"https:\/\/www.truzzer.com\/fr\/produit\/autocollant-rond-linkedin\/","title":{"rendered":"LinkedIn Autocollant Rond"},"content":{"rendered":"","protected":false},"excerpt":{"rendered":"<p><strong>Einfacher auf LinkedIn vernetzen with the QR Code Aufklebern for LinkedIn.<\/strong><\/p>\n<p>&nbsp;<\/p>\n<p>-pour l&rsquo;int\u00e9rieur et l&rsquo;au\u00dfen geeignet<\/p>\n<p>-Witterungsbest\u00e4ndig<\/p>\n<p>-pour jede glatte Oberfl\u00e4che geeignet<\/p>\n<p>-pour Ladengesch\u00e4fte, T\u00fcren ou als Auto LinkedIn Aufkleber<\/p>\n<p>-Zigt deinen Kanden and Partnern, dass sie dich auch auf LinkedIn finden<\/p>\n<p>-Individuellement pour votre gefertigt<\/p>\n<p>-In trois Gr\u00f6\u00dfen erh\u00e4ltlich<\/p>\n<p>Die Verlinkung des QR-Codes zu votre LinkedIn Profil \u00fcbernehmen wir for dich!<\/p>\n<p>Bitte erg\u00e4nze Deinen Nutzernamen weiter unten im Bestellprozess z.B. \u00ab @DeinUnternehmen \u00bb.<\/p>\n","protected":false},"featured_media":93130,"comment_status":"open","ping_status":"closed","template":"","meta":{"_acf_changed":false,"_yoast_wpseo_focuskw":"LinkedIn Autocollant","_yoast_wpseo_title":"LinkedIn Round Sticker | truzzer","_yoast_wpseo_metadesc":"D\u00e9veloppez votre r\u00e9seau LinkedIn avec LinkedIn Round Sticker de truzzer. Installation facile, pr\u00eat \u00e0 l'emploi. Commandez !"},"product_brand":[1670],"product_cat":[480,479,648,649],"product_tag":[],"class_list":{"0":"post-93129","1":"product","2":"type-product","3":"status-publish","4":"has-post-thumbnail","6":"product_brand-linkedin","7":"product_cat-code-qr-autocollants","8":"product_cat-code-qr-produits","9":"product_cat-linkedin-abonnes","10":"product_cat-linkedin-autocollants","11":"pa_product-type-autocollant","12":"pa_shape-rond","13":"pa_technology-code-qr","15":"first","16":"instock","17":"taxable","18":"shipping-taxable","19":"purchasable","20":"product-type-variable","21":"has-default-attributes"},"acf":[],"yoast_head":"<!-- This site is optimized with the Yoast SEO plugin v27.0 - https:\/\/yoast.com\/product\/yoast-seo-wordpress\/ -->\n<title>LinkedIn Round Sticker | truzzer<\/title>\n<meta name=\"description\" content=\"D\u00e9veloppez votre r\u00e9seau LinkedIn avec LinkedIn Round Sticker de truzzer. Installation facile, pr\u00eat \u00e0 l&#039;emploi. Commandez !\" \/>\n<meta name=\"robots\" content=\"index, follow, max-snippet:-1, max-image-preview:large, max-video-preview:-1\" \/>\n<link rel=\"canonical\" href=\"https:\/\/www.truzzer.com\/fr\/produit\/autocollant-rond-linkedin\/\" \/>\n<meta property=\"og:locale\" content=\"fr_FR\" \/>\n<meta property=\"og:type\" content=\"article\" \/>\n<meta property=\"og:title\" content=\"LinkedIn Round Sticker | truzzer\" \/>\n<meta property=\"og:description\" content=\"D\u00e9veloppez votre r\u00e9seau LinkedIn avec LinkedIn Round Sticker de truzzer. Installation facile, pr\u00eat \u00e0 l&#039;emploi. Commandez !\" \/>\n<meta property=\"og:url\" content=\"https:\/\/www.truzzer.com\/fr\/produit\/autocollant-rond-linkedin\/\" \/>\n<meta property=\"og:site_name\" content=\"truzzer\" \/>\n<meta property=\"article:modified_time\" content=\"2026-02-13T08:38:11+00:00\" \/>\n<meta property=\"og:image\" content=\"https:\/\/www.truzzer.com\/wp-content\/uploads\/2026\/02\/follow-us-on-linkedin-sticker-round-2.jpg\" \/>\n\t<meta property=\"og:image:width\" content=\"1200\" \/>\n\t<meta property=\"og:image:height\" content=\"1200\" \/>\n\t<meta property=\"og:image:type\" content=\"image\/jpeg\" \/>\n<meta name=\"twitter:card\" content=\"summary_large_image\" \/>\n<script type=\"application\/ld+json\" class=\"yoast-schema-graph\">{\"@context\":\"https:\/\/schema.org\",\"@graph\":[{\"@type\":\"WebPage\",\"@id\":\"https:\/\/www.truzzer.com\/fr\/produit\/autocollant-rond-linkedin\/\",\"url\":\"https:\/\/www.truzzer.com\/fr\/produit\/autocollant-rond-linkedin\/\",\"name\":\"LinkedIn Round Sticker | truzzer\",\"isPartOf\":{\"@id\":\"https:\/\/www.truzzer.com\/fr\/#website\"},\"primaryImageOfPage\":{\"@id\":\"https:\/\/www.truzzer.com\/fr\/produit\/autocollant-rond-linkedin\/#primaryimage\"},\"image\":{\"@id\":\"https:\/\/www.truzzer.com\/fr\/produit\/autocollant-rond-linkedin\/#primaryimage\"},\"thumbnailUrl\":\"https:\/\/www.truzzer.com\/wp-content\/uploads\/2026\/02\/follow-us-on-linkedin-sticker-round-2.jpg\",\"datePublished\":\"2026-02-05T11:21:20+00:00\",\"dateModified\":\"2026-02-13T08:38:11+00:00\",\"description\":\"D\u00e9veloppez votre r\u00e9seau LinkedIn avec LinkedIn Round Sticker de truzzer. Installation facile, pr\u00eat \u00e0 l'emploi. Commandez !\",\"breadcrumb\":{\"@id\":\"https:\/\/www.truzzer.com\/fr\/produit\/autocollant-rond-linkedin\/#breadcrumb\"},\"inLanguage\":\"fr-FR\",\"potentialAction\":[{\"@type\":\"ReadAction\",\"target\":[\"https:\/\/www.truzzer.com\/fr\/produit\/autocollant-rond-linkedin\/\"]}]},{\"@type\":\"ImageObject\",\"inLanguage\":\"fr-FR\",\"@id\":\"https:\/\/www.truzzer.com\/fr\/produit\/autocollant-rond-linkedin\/#primaryimage\",\"url\":\"https:\/\/www.truzzer.com\/wp-content\/uploads\/2026\/02\/follow-us-on-linkedin-sticker-round-2.jpg\",\"contentUrl\":\"https:\/\/www.truzzer.com\/wp-content\/uploads\/2026\/02\/follow-us-on-linkedin-sticker-round-2.jpg\",\"width\":1200,\"height\":1200,\"caption\":\"LinkedIn Roand Sticker\"},{\"@type\":\"BreadcrumbList\",\"@id\":\"https:\/\/www.truzzer.com\/fr\/produit\/autocollant-rond-linkedin\/#breadcrumb\",\"itemListElement\":[{\"@type\":\"ListItem\",\"position\":1,\"name\":\"Home\",\"item\":\"https:\/\/www.truzzer.com\/fr\/\"},{\"@type\":\"ListItem\",\"position\":2,\"name\":\"Boutique\",\"item\":\"https:\/\/www.truzzer.com\/fr\/boutique\/\"},{\"@type\":\"ListItem\",\"position\":3,\"name\":\"LinkedIn Autocollant Rond\"}]},{\"@type\":\"WebSite\",\"@id\":\"https:\/\/www.truzzer.com\/fr\/#website\",\"url\":\"https:\/\/www.truzzer.com\/fr\/\",\"name\":\"truzzer\",\"description\":\"Experts for customer trust\",\"publisher\":{\"@id\":\"https:\/\/www.truzzer.com\/fr\/#organization\"},\"potentialAction\":[{\"@type\":\"SearchAction\",\"target\":{\"@type\":\"EntryPoint\",\"urlTemplate\":\"https:\/\/www.truzzer.com\/fr\/?s={search_term_string}\"},\"query-input\":{\"@type\":\"PropertyValueSpecification\",\"valueRequired\":true,\"valueName\":\"search_term_string\"}}],\"inLanguage\":\"fr-FR\"},{\"@type\":\"Organization\",\"@id\":\"https:\/\/www.truzzer.com\/fr\/#organization\",\"name\":\"truzzer\",\"url\":\"https:\/\/www.truzzer.com\/fr\/\",\"logo\":{\"@type\":\"ImageObject\",\"inLanguage\":\"fr-FR\",\"@id\":\"https:\/\/www.truzzer.com\/fr\/#\/schema\/logo\/image\/\",\"url\":\"https:\/\/truzzer.com\/wp-content\/uploads\/2026\/01\/truzzer-logo-black-1.svg\",\"contentUrl\":\"https:\/\/truzzer.com\/wp-content\/uploads\/2026\/01\/truzzer-logo-black-1.svg\",\"width\":938,\"height\":199,\"caption\":\"truzzer\"},\"image\":{\"@id\":\"https:\/\/www.truzzer.com\/fr\/#\/schema\/logo\/image\/\"}}]}<\/script>\n<!-- \/ Yoast SEO plugin. -->","yoast_head_json":{"title":"LinkedIn Round Sticker | truzzer","description":"D\u00e9veloppez votre r\u00e9seau LinkedIn avec LinkedIn Round Sticker de truzzer. Installation facile, pr\u00eat \u00e0 l'emploi. Commandez !","robots":{"index":"index","follow":"follow","max-snippet":"max-snippet:-1","max-image-preview":"max-image-preview:large","max-video-preview":"max-video-preview:-1"},"canonical":"https:\/\/www.truzzer.com\/fr\/produit\/autocollant-rond-linkedin\/","og_locale":"fr_FR","og_type":"article","og_title":"LinkedIn Round Sticker | truzzer","og_description":"D\u00e9veloppez votre r\u00e9seau LinkedIn avec LinkedIn Round Sticker de truzzer. Installation facile, pr\u00eat \u00e0 l'emploi. Commandez !","og_url":"https:\/\/www.truzzer.com\/fr\/produit\/autocollant-rond-linkedin\/","og_site_name":"truzzer","article_modified_time":"2026-02-13T08:38:11+00:00","og_image":[{"width":1200,"height":1200,"url":"https:\/\/www.truzzer.com\/wp-content\/uploads\/2026\/02\/follow-us-on-linkedin-sticker-round-2.jpg","type":"image\/jpeg"}],"twitter_card":"summary_large_image","schema":{"@context":"https:\/\/schema.org","@graph":[{"@type":"WebPage","@id":"https:\/\/www.truzzer.com\/fr\/produit\/autocollant-rond-linkedin\/","url":"https:\/\/www.truzzer.com\/fr\/produit\/autocollant-rond-linkedin\/","name":"LinkedIn Round Sticker | truzzer","isPartOf":{"@id":"https:\/\/www.truzzer.com\/fr\/#website"},"primaryImageOfPage":{"@id":"https:\/\/www.truzzer.com\/fr\/produit\/autocollant-rond-linkedin\/#primaryimage"},"image":{"@id":"https:\/\/www.truzzer.com\/fr\/produit\/autocollant-rond-linkedin\/#primaryimage"},"thumbnailUrl":"https:\/\/www.truzzer.com\/wp-content\/uploads\/2026\/02\/follow-us-on-linkedin-sticker-round-2.jpg","datePublished":"2026-02-05T11:21:20+00:00","dateModified":"2026-02-13T08:38:11+00:00","description":"D\u00e9veloppez votre r\u00e9seau LinkedIn avec LinkedIn Round Sticker de truzzer. Installation facile, pr\u00eat \u00e0 l'emploi. Commandez !","breadcrumb":{"@id":"https:\/\/www.truzzer.com\/fr\/produit\/autocollant-rond-linkedin\/#breadcrumb"},"inLanguage":"fr-FR","potentialAction":[{"@type":"ReadAction","target":["https:\/\/www.truzzer.com\/fr\/produit\/autocollant-rond-linkedin\/"]}]},{"@type":"ImageObject","inLanguage":"fr-FR","@id":"https:\/\/www.truzzer.com\/fr\/produit\/autocollant-rond-linkedin\/#primaryimage","url":"https:\/\/www.truzzer.com\/wp-content\/uploads\/2026\/02\/follow-us-on-linkedin-sticker-round-2.jpg","contentUrl":"https:\/\/www.truzzer.com\/wp-content\/uploads\/2026\/02\/follow-us-on-linkedin-sticker-round-2.jpg","width":1200,"height":1200,"caption":"LinkedIn Roand Sticker"},{"@type":"BreadcrumbList","@id":"https:\/\/www.truzzer.com\/fr\/produit\/autocollant-rond-linkedin\/#breadcrumb","itemListElement":[{"@type":"ListItem","position":1,"name":"Home","item":"https:\/\/www.truzzer.com\/fr\/"},{"@type":"ListItem","position":2,"name":"Boutique","item":"https:\/\/www.truzzer.com\/fr\/boutique\/"},{"@type":"ListItem","position":3,"name":"LinkedIn Autocollant Rond"}]},{"@type":"WebSite","@id":"https:\/\/www.truzzer.com\/fr\/#website","url":"https:\/\/www.truzzer.com\/fr\/","name":"truzzer","description":"Experts for customer trust","publisher":{"@id":"https:\/\/www.truzzer.com\/fr\/#organization"},"potentialAction":[{"@type":"SearchAction","target":{"@type":"EntryPoint","urlTemplate":"https:\/\/www.truzzer.com\/fr\/?s={search_term_string}"},"query-input":{"@type":"PropertyValueSpecification","valueRequired":true,"valueName":"search_term_string"}}],"inLanguage":"fr-FR"},{"@type":"Organization","@id":"https:\/\/www.truzzer.com\/fr\/#organization","name":"truzzer","url":"https:\/\/www.truzzer.com\/fr\/","logo":{"@type":"ImageObject","inLanguage":"fr-FR","@id":"https:\/\/www.truzzer.com\/fr\/#\/schema\/logo\/image\/","url":"https:\/\/truzzer.com\/wp-content\/uploads\/2026\/01\/truzzer-logo-black-1.svg","contentUrl":"https:\/\/truzzer.com\/wp-content\/uploads\/2026\/01\/truzzer-logo-black-1.svg","width":938,"height":199,"caption":"truzzer"},"image":{"@id":"https:\/\/www.truzzer.com\/fr\/#\/schema\/logo\/image\/"}}]}},"tiered_pricing_type":"fixed","tiered_pricing_fixed_rules":[],"tiered_pricing_product_settings":{"layout":"default","base_unit_name":{"singular":null,"plural":null},"default_variation":null},"tiered_pricing_minimum_quantity":null,"tiered_pricing_roles_data":[],"tiered_pricing_percentage_rules":[],"tiered_pricing_maximum_quantity":null,"tiered_pricing_quantity_step":null,"_links":{"self":[{"href":"https:\/\/www.truzzer.com\/fr\/wp-json\/wp\/v2\/product\/93129","targetHints":{"allow":["GET"]}}],"collection":[{"href":"https:\/\/www.truzzer.com\/fr\/wp-json\/wp\/v2\/product"}],"about":[{"href":"https:\/\/www.truzzer.com\/fr\/wp-json\/wp\/v2\/types\/product"}],"replies":[{"embeddable":true,"href":"https:\/\/www.truzzer.com\/fr\/wp-json\/wp\/v2\/comments?post=93129"}],"wp:featuredmedia":[{"embeddable":true,"href":"https:\/\/www.truzzer.com\/fr\/wp-json\/wp\/v2\/media\/93130"}],"wp:attachment":[{"href":"https:\/\/www.truzzer.com\/fr\/wp-json\/wp\/v2\/media?parent=93129"}],"wp:term":[{"taxonomy":"product_brand","embeddable":true,"href":"https:\/\/www.truzzer.com\/fr\/wp-json\/wp\/v2\/product_brand?post=93129"},{"taxonomy":"product_cat","embeddable":true,"href":"https:\/\/www.truzzer.com\/fr\/wp-json\/wp\/v2\/product_cat?post=93129"},{"taxonomy":"product_tag","embeddable":true,"href":"https:\/\/www.truzzer.com\/fr\/wp-json\/wp\/v2\/product_tag?post=93129"}],"curies":[{"name":"wp","href":"https:\/\/api.w.org\/{rel}","templated":true}]}}