{"id":93192,"date":"2026-02-01T20:11:31","date_gmt":"2026-02-01T20:11:31","guid":{"rendered":"https:\/\/beta.truzzer.com\/product\/evaluez-nous-sur-google-card-bold\/"},"modified":"2026-02-13T08:39:37","modified_gmt":"2026-02-13T08:39:37","slug":"evaluez-nous-sur-google-card-bold","status":"publish","type":"product","link":"https:\/\/www.truzzer.com\/fr\/produit\/evaluez-nous-sur-google-card-bold\/","title":{"rendered":"\u00c9valuez-nous sur Google Card Bold"},"content":{"rendered":"<h2>Obtenez simplement plus d&rsquo;avis Google de la part des clients<\/h2>\n<p>Avec les cartes d&rsquo;avis truzzer Google, vous pouvez obtenir plus rapidement des avis positifs de vos clients satisfaits et am\u00e9liorer votre image et votre r\u00e9putation.<br \/>\nDe plus, vous augmentez le lien avec votre entreprise et votre classement SEO gr\u00e2ce aux notes positives.<\/p>\n<p>Dans le format de carte postale \u00e0 la fois pratique et frappant ( 10,5 cm x 14,8 cm \/ 4,1&Prime; x 5,2&Prime;) , vous rendez l&rsquo;\u00e9valuation en ligne tangible pour vos clients.<br \/>\nMettez les cartes d&rsquo;avis truzzer Google dans les sacs de courses de vos clients, remettez-les sur l&rsquo;addition, envoyez-les avec vos produits ou placez-les sur les tables du restaurant. Fait.<\/p>\n<p>Le code QR am\u00e8ne les clients directement \u00e0 votre formulaire d&rsquo;avis Google SANS avoir \u00e0 vous rechercher au pr\u00e9alable sur Google. C&rsquo;est ainsi que vous r\u00e9duisez les sauts dans la revue Google.<\/p>\n<p>Vous pouvez facilement personnaliser les fiches d&rsquo;\u00e9valuation Google avec votre logo et les adapter \u00e0 votre entreprise.<\/p>\n<p>Les produits Review us on Google sont faciles \u00e0 utiliser, ce que nous aimerions vous montrer ci-dessous \u00e0 l&rsquo;aide de l&rsquo;exemple des autocollants d&rsquo;\u00e9valuation.<\/p>\n<p>&nbsp;<\/p>\n<h3>\u00c9tape 1\u00a0: Le client scanne le code QR<\/h3>\n<p>Pour vous suivre, le client n&rsquo;a qu&rsquo;\u00e0 scanner le code QR. Tout ce que vous avez \u00e0 faire est de tenir l&rsquo;appareil photo du smartphone (aucune application de scanner suppl\u00e9mentaire n\u00e9cessaire) au-dessus du produit.<\/p>\n<p><img decoding=\"async\" src=\"https:\/\/www.truzzer.com\/wp-content\/uploads\/2026\/02\/how-to-use-the-product-truzzer-google.jpg.webp\" height=\"933\" width=\"1400\" class=\"alignnone wp-image-22402 size-full\" alt=\"Hand scanning a QR code for Google reviews on a smartphone.\"  > <\/p>\n<p>Une pop-up appara\u00eetra alors \u00e0 l&rsquo;\u00e9cran (iPhone) ou un code QR appara\u00eetra (smartphones Android \/ Google).<\/p>\n<h3>\u00c9tape 2\u00a0: Le client acc\u00e8de directement au formulaire d&rsquo;avis Google<\/h3>\n<p>Le formulaire d&rsquo;avis s&rsquo;ouvrira dans le navigateur du smartphone et le client pourra vous \u00e9valuer directement.<\/p>\n<p>Remarque\u00a0:<br \/>\nVeuillez noter qu&rsquo;un profil Google My Business est requis pour obtenir des avis Google.<\/p>\n<p>&nbsp;<\/p>\n","protected":false},"excerpt":{"rendered":"<p>Rendez l&rsquo;avis Google tangible pour vos clients et aidez-les \u00e0 vous \u00e9valuer facilement sur Google avec les cartes d&rsquo;avis Google \u00ab\u00a0BOLD\u00a0\u00bb dans un design r\u00e9duit et attrayant qui s&rsquo;int\u00e8grent parfaitement dans n&rsquo;importe quelle entreprise.<br \/>\nDonnez simplement les cartes \u00e0 vos clients, affichez-les dans le magasin ou mettez-les dans votre panier.<br \/>\nVos clients voient la demande de vous \u00e9valuer et n&rsquo;ont qu&rsquo;\u00e0 tenir l&rsquo;appareil photo du smartphone sur le code QR et \u00e0 vous \u00e9valuer directement.<\/p>\n<p>Les cartes sont personnalis\u00e9es avec votre logo au recto et au verso et le code QR m\u00e8ne directement \u00e0 votre formulaire d&rsquo;avis sur Google.<br \/>\nNous cr\u00e9erons et lierons le code QR pour un examen direct sur votre profil Google pour vous\u00a0!<br \/>\nNous prenons ces informations \u00e0 partir de l&rsquo;adresse de votre entreprise.<\/p>\n<p>Les fiches de r\u00e9vision vous aideront si\u00a0:<\/p>\n<p>Vous souhaitez obtenir plus d&rsquo;avis sur Google<\/p>\n<p>Vous souhaitez attirer plus de clients et augmenter vos ventes<\/p>\n<\/p>\n<p>Vous pouvez trouver plus d&rsquo;informations sur la fa\u00e7on dont les cartes vous aident ici\u00a0: <a href=\"https:\/\/www.truzzer.com\/product\/google-bewertungskarte-minimal\/#tab-woodmart_custom_tab\"><\/a><\/p>\n","protected":false},"featured_media":93193,"comment_status":"open","ping_status":"closed","template":"","meta":{"_acf_changed":false,"_yoast_wpseo_focuskw":"Avis Google Carte de visite","_yoast_wpseo_title":"Review us on Google Card Bold | truzzer","_yoast_wpseo_metadesc":"Plus d'avis 5 \u00e9toiles sur Google avec Review us on Google Card Bold de truzzer. Installation facile, pr\u00eat \u00e0 l'emploi. Commandez !"},"product_brand":[1655],"product_cat":[744,745,743,746,479],"product_tag":[],"class_list":{"0":"post-93192","1":"product","2":"type-product","3":"status-publish","4":"has-post-thumbnail","6":"product_brand-google","7":"product_cat-avis-google-cartes","8":"product_cat-avis-google-cartes-davis-avec-code-qr","9":"product_cat-avis-google-produits","10":"product_cat-code-qr-cartes","11":"product_cat-code-qr-produits","12":"pa_industry-bureau-consultation","13":"pa_industry-onroerend-goed","14":"pa_industry-services-locaux","15":"pa_material-carton","16":"pa_placement-balie-reception","17":"pa_placement-brochure","18":"pa_placement-portemonnee-personlijk","19":"pa_product-type-carte","20":"pa_shape-rechthoek","21":"pa_technology-code-qr","22":"pa_technology-qr-code","24":"first","25":"instock","26":"taxable","27":"shipping-taxable","28":"purchasable","29":"product-type-simple"},"acf":[],"yoast_head":"<!-- This site is optimized with the Yoast SEO plugin v27.0 - https:\/\/yoast.com\/product\/yoast-seo-wordpress\/ -->\n<title>Review us on Google Card Bold | truzzer<\/title>\n<meta name=\"description\" content=\"Plus d&#039;avis 5 \u00e9toiles sur Google avec Review us on Google Card Bold de truzzer. Installation facile, pr\u00eat \u00e0 l&#039;emploi. Commandez !\" \/>\n<meta name=\"robots\" content=\"index, follow, max-snippet:-1, max-image-preview:large, max-video-preview:-1\" \/>\n<link rel=\"canonical\" href=\"https:\/\/www.truzzer.com\/fr\/produit\/evaluez-nous-sur-google-card-bold\/\" \/>\n<meta property=\"og:locale\" content=\"fr_FR\" \/>\n<meta property=\"og:type\" content=\"article\" \/>\n<meta property=\"og:title\" content=\"Review us on Google Card Bold | truzzer\" \/>\n<meta property=\"og:description\" content=\"Plus d&#039;avis 5 \u00e9toiles sur Google avec Review us on Google Card Bold de truzzer. Installation facile, pr\u00eat \u00e0 l&#039;emploi. Commandez !\" \/>\n<meta property=\"og:url\" content=\"https:\/\/www.truzzer.com\/fr\/produit\/evaluez-nous-sur-google-card-bold\/\" \/>\n<meta property=\"og:site_name\" content=\"truzzer\" \/>\n<meta property=\"article:modified_time\" content=\"2026-02-13T08:39:37+00:00\" \/>\n<meta property=\"og:image\" content=\"https:\/\/www.truzzer.com\/wp-content\/uploads\/2026\/02\/review-us-on-google-card-bold-front-qr-code-truzzer-1-von-11-3.jpg\" \/>\n\t<meta property=\"og:image:width\" content=\"1400\" \/>\n\t<meta property=\"og:image:height\" content=\"1400\" \/>\n\t<meta property=\"og:image:type\" content=\"image\/jpeg\" \/>\n<meta name=\"twitter:card\" content=\"summary_large_image\" \/>\n<meta name=\"twitter:label1\" content=\"Dur\u00e9e de lecture estim\u00e9e\" \/>\n\t<meta name=\"twitter:data1\" content=\"1 minute\" \/>\n<script type=\"application\/ld+json\" class=\"yoast-schema-graph\">{\"@context\":\"https:\/\/schema.org\",\"@graph\":[{\"@type\":\"WebPage\",\"@id\":\"https:\/\/www.truzzer.com\/fr\/produit\/evaluez-nous-sur-google-card-bold\/\",\"url\":\"https:\/\/www.truzzer.com\/fr\/produit\/evaluez-nous-sur-google-card-bold\/\",\"name\":\"Review us on Google Card Bold | truzzer\",\"isPartOf\":{\"@id\":\"https:\/\/www.truzzer.com\/fr\/#website\"},\"primaryImageOfPage\":{\"@id\":\"https:\/\/www.truzzer.com\/fr\/produit\/evaluez-nous-sur-google-card-bold\/#primaryimage\"},\"image\":{\"@id\":\"https:\/\/www.truzzer.com\/fr\/produit\/evaluez-nous-sur-google-card-bold\/#primaryimage\"},\"thumbnailUrl\":\"https:\/\/www.truzzer.com\/wp-content\/uploads\/2026\/02\/review-us-on-google-card-bold-front-qr-code-truzzer-1-von-11-3.jpg\",\"datePublished\":\"2026-02-01T20:11:31+00:00\",\"dateModified\":\"2026-02-13T08:39:37+00:00\",\"description\":\"Plus d'avis 5 \u00e9toiles sur Google avec Review us on Google Card Bold de truzzer. Installation facile, pr\u00eat \u00e0 l'emploi. Commandez !\",\"breadcrumb\":{\"@id\":\"https:\/\/www.truzzer.com\/fr\/produit\/evaluez-nous-sur-google-card-bold\/#breadcrumb\"},\"inLanguage\":\"fr-FR\",\"potentialAction\":[{\"@type\":\"ReadAction\",\"target\":[\"https:\/\/www.truzzer.com\/fr\/produit\/evaluez-nous-sur-google-card-bold\/\"]}]},{\"@type\":\"ImageObject\",\"inLanguage\":\"fr-FR\",\"@id\":\"https:\/\/www.truzzer.com\/fr\/produit\/evaluez-nous-sur-google-card-bold\/#primaryimage\",\"url\":\"https:\/\/www.truzzer.com\/wp-content\/uploads\/2026\/02\/review-us-on-google-card-bold-front-qr-code-truzzer-1-von-11-3.jpg\",\"contentUrl\":\"https:\/\/www.truzzer.com\/wp-content\/uploads\/2026\/02\/review-us-on-google-card-bold-front-qr-code-truzzer-1-von-11-3.jpg\",\"width\":1400,\"height\":1400},{\"@type\":\"BreadcrumbList\",\"@id\":\"https:\/\/www.truzzer.com\/fr\/produit\/evaluez-nous-sur-google-card-bold\/#breadcrumb\",\"itemListElement\":[{\"@type\":\"ListItem\",\"position\":1,\"name\":\"Home\",\"item\":\"https:\/\/www.truzzer.com\/fr\/\"},{\"@type\":\"ListItem\",\"position\":2,\"name\":\"Boutique\",\"item\":\"https:\/\/www.truzzer.com\/fr\/boutique\/\"},{\"@type\":\"ListItem\",\"position\":3,\"name\":\"\u00c9valuez-nous sur Google Card Bold\"}]},{\"@type\":\"WebSite\",\"@id\":\"https:\/\/www.truzzer.com\/fr\/#website\",\"url\":\"https:\/\/www.truzzer.com\/fr\/\",\"name\":\"truzzer\",\"description\":\"Experts for customer trust\",\"publisher\":{\"@id\":\"https:\/\/www.truzzer.com\/fr\/#organization\"},\"potentialAction\":[{\"@type\":\"SearchAction\",\"target\":{\"@type\":\"EntryPoint\",\"urlTemplate\":\"https:\/\/www.truzzer.com\/fr\/?s={search_term_string}\"},\"query-input\":{\"@type\":\"PropertyValueSpecification\",\"valueRequired\":true,\"valueName\":\"search_term_string\"}}],\"inLanguage\":\"fr-FR\"},{\"@type\":\"Organization\",\"@id\":\"https:\/\/www.truzzer.com\/fr\/#organization\",\"name\":\"truzzer\",\"url\":\"https:\/\/www.truzzer.com\/fr\/\",\"logo\":{\"@type\":\"ImageObject\",\"inLanguage\":\"fr-FR\",\"@id\":\"https:\/\/www.truzzer.com\/fr\/#\/schema\/logo\/image\/\",\"url\":\"https:\/\/truzzer.com\/wp-content\/uploads\/2026\/01\/truzzer-logo-black-1.svg\",\"contentUrl\":\"https:\/\/truzzer.com\/wp-content\/uploads\/2026\/01\/truzzer-logo-black-1.svg\",\"width\":938,\"height\":199,\"caption\":\"truzzer\"},\"image\":{\"@id\":\"https:\/\/www.truzzer.com\/fr\/#\/schema\/logo\/image\/\"}}]}<\/script>\n<!-- \/ Yoast SEO plugin. -->","yoast_head_json":{"title":"Review us on Google Card Bold | truzzer","description":"Plus d'avis 5 \u00e9toiles sur Google avec Review us on Google Card Bold de truzzer. Installation facile, pr\u00eat \u00e0 l'emploi. Commandez !","robots":{"index":"index","follow":"follow","max-snippet":"max-snippet:-1","max-image-preview":"max-image-preview:large","max-video-preview":"max-video-preview:-1"},"canonical":"https:\/\/www.truzzer.com\/fr\/produit\/evaluez-nous-sur-google-card-bold\/","og_locale":"fr_FR","og_type":"article","og_title":"Review us on Google Card Bold | truzzer","og_description":"Plus d'avis 5 \u00e9toiles sur Google avec Review us on Google Card Bold de truzzer. Installation facile, pr\u00eat \u00e0 l'emploi. Commandez !","og_url":"https:\/\/www.truzzer.com\/fr\/produit\/evaluez-nous-sur-google-card-bold\/","og_site_name":"truzzer","article_modified_time":"2026-02-13T08:39:37+00:00","og_image":[{"width":1400,"height":1400,"url":"https:\/\/www.truzzer.com\/wp-content\/uploads\/2026\/02\/review-us-on-google-card-bold-front-qr-code-truzzer-1-von-11-3.jpg","type":"image\/jpeg"}],"twitter_card":"summary_large_image","twitter_misc":{"Dur\u00e9e de lecture estim\u00e9e":"1 minute"},"schema":{"@context":"https:\/\/schema.org","@graph":[{"@type":"WebPage","@id":"https:\/\/www.truzzer.com\/fr\/produit\/evaluez-nous-sur-google-card-bold\/","url":"https:\/\/www.truzzer.com\/fr\/produit\/evaluez-nous-sur-google-card-bold\/","name":"Review us on Google Card Bold | truzzer","isPartOf":{"@id":"https:\/\/www.truzzer.com\/fr\/#website"},"primaryImageOfPage":{"@id":"https:\/\/www.truzzer.com\/fr\/produit\/evaluez-nous-sur-google-card-bold\/#primaryimage"},"image":{"@id":"https:\/\/www.truzzer.com\/fr\/produit\/evaluez-nous-sur-google-card-bold\/#primaryimage"},"thumbnailUrl":"https:\/\/www.truzzer.com\/wp-content\/uploads\/2026\/02\/review-us-on-google-card-bold-front-qr-code-truzzer-1-von-11-3.jpg","datePublished":"2026-02-01T20:11:31+00:00","dateModified":"2026-02-13T08:39:37+00:00","description":"Plus d'avis 5 \u00e9toiles sur Google avec Review us on Google Card Bold de truzzer. Installation facile, pr\u00eat \u00e0 l'emploi. Commandez !","breadcrumb":{"@id":"https:\/\/www.truzzer.com\/fr\/produit\/evaluez-nous-sur-google-card-bold\/#breadcrumb"},"inLanguage":"fr-FR","potentialAction":[{"@type":"ReadAction","target":["https:\/\/www.truzzer.com\/fr\/produit\/evaluez-nous-sur-google-card-bold\/"]}]},{"@type":"ImageObject","inLanguage":"fr-FR","@id":"https:\/\/www.truzzer.com\/fr\/produit\/evaluez-nous-sur-google-card-bold\/#primaryimage","url":"https:\/\/www.truzzer.com\/wp-content\/uploads\/2026\/02\/review-us-on-google-card-bold-front-qr-code-truzzer-1-von-11-3.jpg","contentUrl":"https:\/\/www.truzzer.com\/wp-content\/uploads\/2026\/02\/review-us-on-google-card-bold-front-qr-code-truzzer-1-von-11-3.jpg","width":1400,"height":1400},{"@type":"BreadcrumbList","@id":"https:\/\/www.truzzer.com\/fr\/produit\/evaluez-nous-sur-google-card-bold\/#breadcrumb","itemListElement":[{"@type":"ListItem","position":1,"name":"Home","item":"https:\/\/www.truzzer.com\/fr\/"},{"@type":"ListItem","position":2,"name":"Boutique","item":"https:\/\/www.truzzer.com\/fr\/boutique\/"},{"@type":"ListItem","position":3,"name":"\u00c9valuez-nous sur Google Card Bold"}]},{"@type":"WebSite","@id":"https:\/\/www.truzzer.com\/fr\/#website","url":"https:\/\/www.truzzer.com\/fr\/","name":"truzzer","description":"Experts for customer trust","publisher":{"@id":"https:\/\/www.truzzer.com\/fr\/#organization"},"potentialAction":[{"@type":"SearchAction","target":{"@type":"EntryPoint","urlTemplate":"https:\/\/www.truzzer.com\/fr\/?s={search_term_string}"},"query-input":{"@type":"PropertyValueSpecification","valueRequired":true,"valueName":"search_term_string"}}],"inLanguage":"fr-FR"},{"@type":"Organization","@id":"https:\/\/www.truzzer.com\/fr\/#organization","name":"truzzer","url":"https:\/\/www.truzzer.com\/fr\/","logo":{"@type":"ImageObject","inLanguage":"fr-FR","@id":"https:\/\/www.truzzer.com\/fr\/#\/schema\/logo\/image\/","url":"https:\/\/truzzer.com\/wp-content\/uploads\/2026\/01\/truzzer-logo-black-1.svg","contentUrl":"https:\/\/truzzer.com\/wp-content\/uploads\/2026\/01\/truzzer-logo-black-1.svg","width":938,"height":199,"caption":"truzzer"},"image":{"@id":"https:\/\/www.truzzer.com\/fr\/#\/schema\/logo\/image\/"}}]}},"tiered_pricing_type":"fixed","tiered_pricing_fixed_rules":[],"tiered_pricing_product_settings":{"layout":"default","base_unit_name":{"singular":null,"plural":null},"default_variation":null},"tiered_pricing_minimum_quantity":null,"tiered_pricing_roles_data":[],"tiered_pricing_percentage_rules":[],"tiered_pricing_maximum_quantity":null,"tiered_pricing_quantity_step":null,"_links":{"self":[{"href":"https:\/\/www.truzzer.com\/fr\/wp-json\/wp\/v2\/product\/93192","targetHints":{"allow":["GET"]}}],"collection":[{"href":"https:\/\/www.truzzer.com\/fr\/wp-json\/wp\/v2\/product"}],"about":[{"href":"https:\/\/www.truzzer.com\/fr\/wp-json\/wp\/v2\/types\/product"}],"replies":[{"embeddable":true,"href":"https:\/\/www.truzzer.com\/fr\/wp-json\/wp\/v2\/comments?post=93192"}],"wp:featuredmedia":[{"embeddable":true,"href":"https:\/\/www.truzzer.com\/fr\/wp-json\/wp\/v2\/media\/93193"}],"wp:attachment":[{"href":"https:\/\/www.truzzer.com\/fr\/wp-json\/wp\/v2\/media?parent=93192"}],"wp:term":[{"taxonomy":"product_brand","embeddable":true,"href":"https:\/\/www.truzzer.com\/fr\/wp-json\/wp\/v2\/product_brand?post=93192"},{"taxonomy":"product_cat","embeddable":true,"href":"https:\/\/www.truzzer.com\/fr\/wp-json\/wp\/v2\/product_cat?post=93192"},{"taxonomy":"product_tag","embeddable":true,"href":"https:\/\/www.truzzer.com\/fr\/wp-json\/wp\/v2\/product_tag?post=93192"}],"curies":[{"name":"wp","href":"https:\/\/api.w.org\/{rel}","templated":true}]}}