{"id":93209,"date":"2026-02-01T20:11:22","date_gmt":"2026-02-01T20:11:22","guid":{"rendered":"https:\/\/beta.truzzer.com\/product\/carte-de-rendez-vous-dexamen-google-avec-code-qr-dexamen-google\/"},"modified":"2026-02-13T09:52:44","modified_gmt":"2026-02-13T09:52:44","slug":"carte-de-rendez-vous-dexamen-google-avec-code-qr-dexamen-google","status":"publish","type":"product","link":"https:\/\/www.truzzer.com\/fr\/produit\/carte-de-rendez-vous-dexamen-google-avec-code-qr-dexamen-google\/","title":{"rendered":"Carte de rendez-vous de r\u00e9vision Google avec r\u00e9vision Google Code QR"},"content":{"rendered":"<h2>Obtenez simplement plus d&rsquo;avis Google de la part des clients<\/h2>\n<p>Avec les cartes de rendez-vous truzzer Google avec avis Google QR-Code, vous pouvez obtenir plus rapidement des avis positifs de vos clients satisfaits et am\u00e9liorer votre r\u00e9putation.<br \/>\nDe plus, vous augmentez le lien avec votre entreprise et votre classement SEO gr\u00e2ce aux notes positives.<\/p>\n<p>Au format carte de visite pratique, vous avez toujours la possibilit\u00e9 d&rsquo;obtenir davantage d&rsquo;avis Google \u00e0 port\u00e9e de main et de rendre l&rsquo;avis en ligne via Google accessible \u00e0 vos clients \u00e0 tout moment.<br \/>\nOffrez \u00e0 vos clients les cartes de visite truzzer Google, mettez-les dans le panier, envoyez-les avec vos produits ou posez-les sur les tables du restaurant. Termin\u00e9.<\/p>\n<p>Le code QR am\u00e8ne les clients directement \u00e0 votre avis Google SANS avoir \u00e0 vous rechercher au pr\u00e9alable sur Google. C&rsquo;est ainsi que vous \u00e9vitez les sauts dans le processus de r\u00e9vision Google.<\/p>\n<p>Vous pouvez facilement personnaliser les cartes de visite Google avec votre logo et les adapter \u00e0 votre entreprise.<\/p>\n<h2>Plus d&rsquo;informations<\/h2>\n<p>G\u00e9rer avec succ\u00e8s une entreprise de services peut s&rsquo;av\u00e9rer une t\u00e2che difficile. Pour les entreprises qui offrent des services sur rendez-vous uniquement, comme les coiffeurs, les services automobiles et les massoth\u00e9rapeutes, attirer de nouveaux clients et fid\u00e9liser les clients existants peut \u00eatre difficile. Une fa\u00e7on de se d\u00e9marquer de la concurrence et d&rsquo;augmenter le succ\u00e8s global consiste \u00e0 utiliser les cartes de rendez-vous Truzzer avec les cartes de code Google d&rsquo;examen QR.<\/p>\n<p>Cartes de rendez-vous Truzzer avec avis Google Les cartes \u00e0 code QR sont un outil marketing qui permet aux entreprises de permettre aux clients de laisser facilement un avis sur leur exp\u00e9rience. Ces cartes contiennent un code QR qui, une fois num\u00e9ris\u00e9, am\u00e8ne le client directement \u00e0 la page d&rsquo;avis Google de l&rsquo;entreprise. \u00c0 partir de l\u00e0, le client peut laisser un avis et fournir de pr\u00e9cieux commentaires sur son exp\u00e9rience.<\/p>\n<p>Alors, comment les cartes de rendez-vous Truzzer avec les cartes de code Google et QR peuvent-elles augmenter le succ\u00e8s global des entreprises de services\u00a0? Pour commencer, les avis constituent une partie importante du processus de prise de d\u00e9cision pour de nombreux clients. En fait, une enqu\u00eate r\u00e9cente a r\u00e9v\u00e9l\u00e9 que 91 % des consommateurs lisent les avis en ligne avant de prendre une d\u00e9cision d\u2019achat. En permettant aux clients de laisser facilement un avis, les entreprises de services peuvent accro\u00eetre leur pr\u00e9sence en ligne et renforcer la confiance des clients potentiels.<\/p>\n<p>En outre, les avis peuvent avoir un impact direct sur le classement d&rsquo;une entreprise dans les moteurs de recherche. Google est un site d&rsquo;avis populaire et les moteurs de recherche prennent en compte le nombre et la qualit\u00e9 des avis d&rsquo;une entreprise pour d\u00e9terminer son classement dans les moteurs de recherche. En encourageant les clients \u00e0 laisser des avis en utilisant les cartes de rendez-vous Truzzer avec les cartes de code d&rsquo;avis Google QR, les entreprises peuvent am\u00e9liorer leur visibilit\u00e9 en ligne et attirer plus de clients.<\/p>\n<p>Cartes de rendez-vous Truzzer avec avis Google. Les cartes \u00e0 code QR fournissent \u00e9galement aux entreprises de pr\u00e9cieux commentaires sur leurs services. En surveillant les avis, les entreprises peuvent identifier les domaines dans lesquels elles excellent et les domaines dans lesquels elles doivent s&rsquo;am\u00e9liorer. Ces commentaires peuvent \u00eatre utilis\u00e9s pour apporter les modifications n\u00e9cessaires et offrir une exp\u00e9rience encore meilleure aux clients \u00e0 l&rsquo;avenir.<\/p>\n<p>Enfin, les cartes de rendez-vous Truzzer avec les cartes de code QR d&rsquo;\u00e9valuation Google sont un outil marketing rentable. Ils sont faciles \u00e0 distribuer et peuvent \u00eatre remis aux clients lors de leur rendez-vous ou plac\u00e9s \u00e0 des endroits strat\u00e9giques comme les zones d&rsquo;attente. En encourageant les clients \u00e0 laisser un avis, les entreprises de services peuvent accro\u00eetre leur pr\u00e9sence en ligne sans d\u00e9penser beaucoup d&rsquo;argent en m\u00e9thodes de marketing traditionnelles.<\/p>\n<p>En conclusion, les cartes de rendez-vous Truzzer avec l&rsquo;avis Google. Les cartes \u00e0 code QR sont un outil pr\u00e9cieux pour les entreprises de services qui cherchent \u00e0 accro\u00eetre leur r\u00e9ussite globale. En permettant aux clients de laisser facilement un avis, les entreprises peuvent am\u00e9liorer leur pr\u00e9sence en ligne, attirer plus de clients et offrir une meilleure exp\u00e9rience \u00e0 leurs clients. Donc, si vous cherchez un moyen de devancer la concurrence, envisagez d&rsquo;utiliser les cartes de rendez-vous Truzzer avec les cartes de code Google Review QR dans votre strat\u00e9gie marketing.<\/p>\n<p>Les produits Donnez-nous votre avis sur Google sont faciles \u00e0 utiliser, ce que nous aimerions vous montrer ci-dessous \u00e0 l&rsquo;aide de l&rsquo;exemple des autocollants d&rsquo;avis.<\/p>\n<p>&nbsp;<\/p>\n<p>&nbsp;<\/p>\n<h3>\u00c9tape 1\u00a0: Le client scanne le code QR<\/h3>\n<p>Pour vous suivre, le client n&rsquo;a qu&rsquo;\u00e0 scanner le code QR. Tout ce que vous avez \u00e0 faire est de tenir l&rsquo;appareil photo du smartphone (aucune application de scanner suppl\u00e9mentaire n\u00e9cessaire) au-dessus du produit.<\/p>\n<p><img decoding=\"async\" src=\"https:\/\/www.truzzer.com\/wp-content\/uploads\/2026\/02\/how-to-use-the-product-truzzer-google.jpg.webp\" height=\"933\" width=\"1400\" class=\"alignnone wp-image-22402 size-full\" alt=\"Hand scanning a QR code for Google reviews on a smartphone.\"  > <\/p>\n<p>Une pop-up appara\u00eetra alors sur l&rsquo;\u00e9cran (iPhone) ou un code QR appara\u00eetra (smartphones Android \/ Google).<\/p>\n<h3>\u00c9tape 2\u00a0: Le client acc\u00e8de directement au formulaire d&rsquo;avis Google<\/h3>\n<p>Le formulaire d&rsquo;avis s&rsquo;ouvrira dans le navigateur du smartphone et le client pourra vous \u00e9valuer directement.<\/p>\n<p>Avis\u00a0:<br \/>\nVeuillez noter qu&rsquo;un profil Google My Business est requis pour recevoir des avis Google.<\/p>\n<p>&nbsp;<\/p>\n","protected":false},"excerpt":{"rendered":"<p><strong>Aidez vos clients \u00e0 vous \u00e9valuer sur Google\u00a0!<\/strong><\/p>\n<p>Avec les cartes de rendez-vous truzzer avec fonction d&rsquo;avis Google int\u00e9gr\u00e9e dans un design r\u00e9duit et attrayant qui s&rsquo;adapte \u00e0 n&rsquo;importe quelle entreprise, vous pouvez facilement gagner de nouveaux avis Google.<\/p>\n<p>Gr\u00e2ce aux fiches de rendez-vous, le bilan Google n&rsquo;est plus oubli\u00e9, puisque celui-ci est psychologiquement automatiquement li\u00e9 \u00e0 un rendez-vous.<\/p>\n<p><strong>Voici comment les cartes de rendez-vous vous aident<\/strong><\/p>\n<p>Les cartes de rendez-vous vous permettent, \u00e0 vous et \u00e0 vos clients\/patients, de franchir les plus grands obstacles du processus d&rsquo;examen Google\u00a0:<\/p>\n<ul>\n<li>Pas de questions d\u00e9licates etamp; demande, remettez simplement la carte. L&rsquo;<strong>Call-To-Action<\/strong> le fait pour vous<\/li>\n<li>Plus de demandes d&rsquo;avis oubli\u00e9es, car les clients\/patients se verront rappeler de vous \u00e9valuer.<\/li>\n<li>Aucune recherche et aucune difficult\u00e9\u00a0: le code QR m\u00e8ne directement \u00e0 votre formulaire d&rsquo;avis<\/li>\n<li><strong>Tangible<\/strong>\u00a0: les fiches de rendez-vous rendent l&rsquo;\u00e9valuation tangible.<\/li>\n<li>Aucune application suppl\u00e9mentaire\u00a0: le code QR peut \u00eatre scann\u00e9 avec l&rsquo;appareil photo du smartphone<\/li>\n<\/ul>\n<p>Nous cr\u00e9erons et lierons le code QR pour un examen direct sur votre profil Google pour vous\u00a0! Nous prenons ces informations \u00e0 partir de l&rsquo;adresse de votre entreprise.<\/p>\n","protected":false},"featured_media":93210,"comment_status":"open","ping_status":"closed","template":"","meta":{"_acf_changed":false,"_yoast_wpseo_focuskw":"Avis Google Carte de rendez-vous","_yoast_wpseo_title":"Google Review Appointment Card with Google revi... | truzzer","_yoast_wpseo_metadesc":"Plus d'avis Google avec Google Review Appointment Card with Google review QR Code de truzzer. Installation facile. Commandez !"},"product_brand":[1655],"product_cat":[809,810,743,596,479],"product_tag":[],"class_list":{"0":"post-93209","1":"product","2":"type-product","3":"status-publish","4":"has-post-thumbnail","6":"product_brand-google","7":"product_cat-avis-google-cartes-de-visite","8":"product_cat-avis-google-cartes-de-visite-avec-code-qr","9":"product_cat-avis-google-produits","10":"product_cat-code-qr-cartes-de-visite","11":"product_cat-code-qr-produits","12":"pa_industry-bureau-consultation","13":"pa_industry-onroerend-goed","14":"pa_industry-services-locaux","15":"pa_material-carton","16":"pa_placement-balie-reception","17":"pa_placement-brochure","18":"pa_placement-portemonnee-personlijk","19":"pa_product-type-visites-touristiques","20":"pa_technology-qr-code","22":"first","23":"instock","24":"taxable","25":"shipping-taxable","26":"purchasable","27":"product-type-simple"},"acf":[],"yoast_head":"<!-- This site is optimized with the Yoast SEO plugin v27.0 - https:\/\/yoast.com\/product\/yoast-seo-wordpress\/ -->\n<title>Google Review Appointment Card with Google revi... | truzzer<\/title>\n<meta name=\"description\" content=\"Plus d&#039;avis Google avec Google Review Appointment Card with Google review QR Code de truzzer. Installation facile. Commandez !\" \/>\n<meta name=\"robots\" content=\"index, follow, max-snippet:-1, max-image-preview:large, max-video-preview:-1\" \/>\n<link rel=\"canonical\" href=\"https:\/\/www.truzzer.com\/fr\/produit\/carte-de-rendez-vous-dexamen-google-avec-code-qr-dexamen-google\/\" \/>\n<meta property=\"og:locale\" content=\"fr_FR\" \/>\n<meta property=\"og:type\" content=\"article\" \/>\n<meta property=\"og:title\" content=\"Google Review Appointment Card with Google revi... | truzzer\" \/>\n<meta property=\"og:description\" content=\"Plus d&#039;avis Google avec Google Review Appointment Card with Google review QR Code de truzzer. Installation facile. Commandez !\" \/>\n<meta property=\"og:url\" content=\"https:\/\/www.truzzer.com\/fr\/produit\/carte-de-rendez-vous-dexamen-google-avec-code-qr-dexamen-google\/\" \/>\n<meta property=\"og:site_name\" content=\"truzzer\" \/>\n<meta property=\"article:modified_time\" content=\"2026-02-13T09:52:44+00:00\" \/>\n<meta property=\"og:image\" content=\"https:\/\/www.truzzer.com\/wp-content\/uploads\/2026\/02\/truzzer-appointment-cards-with-google-review-front-both-5.jpg\" \/>\n\t<meta property=\"og:image:width\" content=\"1200\" \/>\n\t<meta property=\"og:image:height\" content=\"1200\" \/>\n\t<meta property=\"og:image:type\" content=\"image\/jpeg\" \/>\n<meta name=\"twitter:card\" content=\"summary_large_image\" \/>\n<meta name=\"twitter:label1\" content=\"Dur\u00e9e de lecture estim\u00e9e\" \/>\n\t<meta name=\"twitter:data1\" content=\"4 minutes\" \/>\n<script type=\"application\/ld+json\" class=\"yoast-schema-graph\">{\"@context\":\"https:\/\/schema.org\",\"@graph\":[{\"@type\":\"WebPage\",\"@id\":\"https:\/\/www.truzzer.com\/fr\/produit\/carte-de-rendez-vous-dexamen-google-avec-code-qr-dexamen-google\/\",\"url\":\"https:\/\/www.truzzer.com\/fr\/produit\/carte-de-rendez-vous-dexamen-google-avec-code-qr-dexamen-google\/\",\"name\":\"Google Review Appointment Card with Google revi... | truzzer\",\"isPartOf\":{\"@id\":\"https:\/\/www.truzzer.com\/fr\/#website\"},\"primaryImageOfPage\":{\"@id\":\"https:\/\/www.truzzer.com\/fr\/produit\/carte-de-rendez-vous-dexamen-google-avec-code-qr-dexamen-google\/#primaryimage\"},\"image\":{\"@id\":\"https:\/\/www.truzzer.com\/fr\/produit\/carte-de-rendez-vous-dexamen-google-avec-code-qr-dexamen-google\/#primaryimage\"},\"thumbnailUrl\":\"https:\/\/www.truzzer.com\/wp-content\/uploads\/2026\/02\/truzzer-appointment-cards-with-google-review-front-both-5.jpg\",\"datePublished\":\"2026-02-01T20:11:22+00:00\",\"dateModified\":\"2026-02-13T09:52:44+00:00\",\"description\":\"Plus d'avis Google avec Google Review Appointment Card with Google review QR Code de truzzer. Installation facile. Commandez !\",\"breadcrumb\":{\"@id\":\"https:\/\/www.truzzer.com\/fr\/produit\/carte-de-rendez-vous-dexamen-google-avec-code-qr-dexamen-google\/#breadcrumb\"},\"inLanguage\":\"fr-FR\",\"potentialAction\":[{\"@type\":\"ReadAction\",\"target\":[\"https:\/\/www.truzzer.com\/fr\/produit\/carte-de-rendez-vous-dexamen-google-avec-code-qr-dexamen-google\/\"]}]},{\"@type\":\"ImageObject\",\"inLanguage\":\"fr-FR\",\"@id\":\"https:\/\/www.truzzer.com\/fr\/produit\/carte-de-rendez-vous-dexamen-google-avec-code-qr-dexamen-google\/#primaryimage\",\"url\":\"https:\/\/www.truzzer.com\/wp-content\/uploads\/2026\/02\/truzzer-appointment-cards-with-google-review-front-both-5.jpg\",\"contentUrl\":\"https:\/\/www.truzzer.com\/wp-content\/uploads\/2026\/02\/truzzer-appointment-cards-with-google-review-front-both-5.jpg\",\"width\":1200,\"height\":1200},{\"@type\":\"BreadcrumbList\",\"@id\":\"https:\/\/www.truzzer.com\/fr\/produit\/carte-de-rendez-vous-dexamen-google-avec-code-qr-dexamen-google\/#breadcrumb\",\"itemListElement\":[{\"@type\":\"ListItem\",\"position\":1,\"name\":\"Home\",\"item\":\"https:\/\/www.truzzer.com\/fr\/\"},{\"@type\":\"ListItem\",\"position\":2,\"name\":\"Boutique\",\"item\":\"https:\/\/www.truzzer.com\/fr\/boutique\/\"},{\"@type\":\"ListItem\",\"position\":3,\"name\":\"Carte de rendez-vous de r\u00e9vision Google avec r\u00e9vision Google Code QR\"}]},{\"@type\":\"WebSite\",\"@id\":\"https:\/\/www.truzzer.com\/fr\/#website\",\"url\":\"https:\/\/www.truzzer.com\/fr\/\",\"name\":\"truzzer\",\"description\":\"Experts for customer trust\",\"publisher\":{\"@id\":\"https:\/\/www.truzzer.com\/fr\/#organization\"},\"potentialAction\":[{\"@type\":\"SearchAction\",\"target\":{\"@type\":\"EntryPoint\",\"urlTemplate\":\"https:\/\/www.truzzer.com\/fr\/?s={search_term_string}\"},\"query-input\":{\"@type\":\"PropertyValueSpecification\",\"valueRequired\":true,\"valueName\":\"search_term_string\"}}],\"inLanguage\":\"fr-FR\"},{\"@type\":\"Organization\",\"@id\":\"https:\/\/www.truzzer.com\/fr\/#organization\",\"name\":\"truzzer\",\"url\":\"https:\/\/www.truzzer.com\/fr\/\",\"logo\":{\"@type\":\"ImageObject\",\"inLanguage\":\"fr-FR\",\"@id\":\"https:\/\/www.truzzer.com\/fr\/#\/schema\/logo\/image\/\",\"url\":\"https:\/\/truzzer.com\/wp-content\/uploads\/2026\/01\/truzzer-logo-black-1.svg\",\"contentUrl\":\"https:\/\/truzzer.com\/wp-content\/uploads\/2026\/01\/truzzer-logo-black-1.svg\",\"width\":938,\"height\":199,\"caption\":\"truzzer\"},\"image\":{\"@id\":\"https:\/\/www.truzzer.com\/fr\/#\/schema\/logo\/image\/\"}}]}<\/script>\n<!-- \/ Yoast SEO plugin. -->","yoast_head_json":{"title":"Google Review Appointment Card with Google revi... | truzzer","description":"Plus d'avis Google avec Google Review Appointment Card with Google review QR Code de truzzer. Installation facile. Commandez !","robots":{"index":"index","follow":"follow","max-snippet":"max-snippet:-1","max-image-preview":"max-image-preview:large","max-video-preview":"max-video-preview:-1"},"canonical":"https:\/\/www.truzzer.com\/fr\/produit\/carte-de-rendez-vous-dexamen-google-avec-code-qr-dexamen-google\/","og_locale":"fr_FR","og_type":"article","og_title":"Google Review Appointment Card with Google revi... | truzzer","og_description":"Plus d'avis Google avec Google Review Appointment Card with Google review QR Code de truzzer. Installation facile. Commandez !","og_url":"https:\/\/www.truzzer.com\/fr\/produit\/carte-de-rendez-vous-dexamen-google-avec-code-qr-dexamen-google\/","og_site_name":"truzzer","article_modified_time":"2026-02-13T09:52:44+00:00","og_image":[{"width":1200,"height":1200,"url":"https:\/\/www.truzzer.com\/wp-content\/uploads\/2026\/02\/truzzer-appointment-cards-with-google-review-front-both-5.jpg","type":"image\/jpeg"}],"twitter_card":"summary_large_image","twitter_misc":{"Dur\u00e9e de lecture estim\u00e9e":"4 minutes"},"schema":{"@context":"https:\/\/schema.org","@graph":[{"@type":"WebPage","@id":"https:\/\/www.truzzer.com\/fr\/produit\/carte-de-rendez-vous-dexamen-google-avec-code-qr-dexamen-google\/","url":"https:\/\/www.truzzer.com\/fr\/produit\/carte-de-rendez-vous-dexamen-google-avec-code-qr-dexamen-google\/","name":"Google Review Appointment Card with Google revi... | truzzer","isPartOf":{"@id":"https:\/\/www.truzzer.com\/fr\/#website"},"primaryImageOfPage":{"@id":"https:\/\/www.truzzer.com\/fr\/produit\/carte-de-rendez-vous-dexamen-google-avec-code-qr-dexamen-google\/#primaryimage"},"image":{"@id":"https:\/\/www.truzzer.com\/fr\/produit\/carte-de-rendez-vous-dexamen-google-avec-code-qr-dexamen-google\/#primaryimage"},"thumbnailUrl":"https:\/\/www.truzzer.com\/wp-content\/uploads\/2026\/02\/truzzer-appointment-cards-with-google-review-front-both-5.jpg","datePublished":"2026-02-01T20:11:22+00:00","dateModified":"2026-02-13T09:52:44+00:00","description":"Plus d'avis Google avec Google Review Appointment Card with Google review QR Code de truzzer. Installation facile. Commandez !","breadcrumb":{"@id":"https:\/\/www.truzzer.com\/fr\/produit\/carte-de-rendez-vous-dexamen-google-avec-code-qr-dexamen-google\/#breadcrumb"},"inLanguage":"fr-FR","potentialAction":[{"@type":"ReadAction","target":["https:\/\/www.truzzer.com\/fr\/produit\/carte-de-rendez-vous-dexamen-google-avec-code-qr-dexamen-google\/"]}]},{"@type":"ImageObject","inLanguage":"fr-FR","@id":"https:\/\/www.truzzer.com\/fr\/produit\/carte-de-rendez-vous-dexamen-google-avec-code-qr-dexamen-google\/#primaryimage","url":"https:\/\/www.truzzer.com\/wp-content\/uploads\/2026\/02\/truzzer-appointment-cards-with-google-review-front-both-5.jpg","contentUrl":"https:\/\/www.truzzer.com\/wp-content\/uploads\/2026\/02\/truzzer-appointment-cards-with-google-review-front-both-5.jpg","width":1200,"height":1200},{"@type":"BreadcrumbList","@id":"https:\/\/www.truzzer.com\/fr\/produit\/carte-de-rendez-vous-dexamen-google-avec-code-qr-dexamen-google\/#breadcrumb","itemListElement":[{"@type":"ListItem","position":1,"name":"Home","item":"https:\/\/www.truzzer.com\/fr\/"},{"@type":"ListItem","position":2,"name":"Boutique","item":"https:\/\/www.truzzer.com\/fr\/boutique\/"},{"@type":"ListItem","position":3,"name":"Carte de rendez-vous de r\u00e9vision Google avec r\u00e9vision Google Code QR"}]},{"@type":"WebSite","@id":"https:\/\/www.truzzer.com\/fr\/#website","url":"https:\/\/www.truzzer.com\/fr\/","name":"truzzer","description":"Experts for customer trust","publisher":{"@id":"https:\/\/www.truzzer.com\/fr\/#organization"},"potentialAction":[{"@type":"SearchAction","target":{"@type":"EntryPoint","urlTemplate":"https:\/\/www.truzzer.com\/fr\/?s={search_term_string}"},"query-input":{"@type":"PropertyValueSpecification","valueRequired":true,"valueName":"search_term_string"}}],"inLanguage":"fr-FR"},{"@type":"Organization","@id":"https:\/\/www.truzzer.com\/fr\/#organization","name":"truzzer","url":"https:\/\/www.truzzer.com\/fr\/","logo":{"@type":"ImageObject","inLanguage":"fr-FR","@id":"https:\/\/www.truzzer.com\/fr\/#\/schema\/logo\/image\/","url":"https:\/\/truzzer.com\/wp-content\/uploads\/2026\/01\/truzzer-logo-black-1.svg","contentUrl":"https:\/\/truzzer.com\/wp-content\/uploads\/2026\/01\/truzzer-logo-black-1.svg","width":938,"height":199,"caption":"truzzer"},"image":{"@id":"https:\/\/www.truzzer.com\/fr\/#\/schema\/logo\/image\/"}}]}},"tiered_pricing_type":"fixed","tiered_pricing_fixed_rules":[],"tiered_pricing_product_settings":{"layout":"default","base_unit_name":{"singular":null,"plural":null},"default_variation":null},"tiered_pricing_minimum_quantity":null,"tiered_pricing_roles_data":[],"tiered_pricing_percentage_rules":[],"tiered_pricing_maximum_quantity":null,"tiered_pricing_quantity_step":null,"_links":{"self":[{"href":"https:\/\/www.truzzer.com\/fr\/wp-json\/wp\/v2\/product\/93209","targetHints":{"allow":["GET"]}}],"collection":[{"href":"https:\/\/www.truzzer.com\/fr\/wp-json\/wp\/v2\/product"}],"about":[{"href":"https:\/\/www.truzzer.com\/fr\/wp-json\/wp\/v2\/types\/product"}],"replies":[{"embeddable":true,"href":"https:\/\/www.truzzer.com\/fr\/wp-json\/wp\/v2\/comments?post=93209"}],"wp:featuredmedia":[{"embeddable":true,"href":"https:\/\/www.truzzer.com\/fr\/wp-json\/wp\/v2\/media\/93210"}],"wp:attachment":[{"href":"https:\/\/www.truzzer.com\/fr\/wp-json\/wp\/v2\/media?parent=93209"}],"wp:term":[{"taxonomy":"product_brand","embeddable":true,"href":"https:\/\/www.truzzer.com\/fr\/wp-json\/wp\/v2\/product_brand?post=93209"},{"taxonomy":"product_cat","embeddable":true,"href":"https:\/\/www.truzzer.com\/fr\/wp-json\/wp\/v2\/product_cat?post=93209"},{"taxonomy":"product_tag","embeddable":true,"href":"https:\/\/www.truzzer.com\/fr\/wp-json\/wp\/v2\/product_tag?post=93209"}],"curies":[{"name":"wp","href":"https:\/\/api.w.org\/{rel}","templated":true}]}}