{"id":93280,"date":"2026-02-01T20:10:57","date_gmt":"2026-02-01T20:10:57","guid":{"rendered":"https:\/\/beta.truzzer.com\/product\/suivez-nous-sur-instagram-couleur-de-lautocollant\/"},"modified":"2026-02-13T09:53:48","modified_gmt":"2026-02-13T09:53:48","slug":"suivez-nous-sur-instagram-couleur-de-lautocollant","status":"publish","type":"product","link":"https:\/\/www.truzzer.com\/fr\/produit\/suivez-nous-sur-instagram-couleur-de-lautocollant\/","title":{"rendered":"Suivez-nous sur Instagram Autocollant Couleur"},"content":{"rendered":"<h2>Achetez des autocollants Suivez-nous sur Instagram en ligne<\/h2>\n<p>Avec les autocollants truzzer Suivez-nous sur Instagram avec le lien de code QR et votre propre nom d&rsquo;utilisateur, vous pouvez facilement obtenir de nouveaux abonn\u00e9s sur Instagram\u00a0!<\/p>\n<p>Dans le format rond pratique, vous rendez votre compte tangible pour vos clients.<br \/>\nPlacez les autocollants bien en vue dans la zone de paiement, sur la porte d&rsquo;entr\u00e9e, comme autocollant sur le pare-chocs de votre voiture ou partout o\u00f9 vos clients peuvent voir les autocollants.<\/p>\n<p>-Convient pour une utilisation int\u00e9rieure et ext\u00e9rieure<br \/>\n&#8211; R\u00e9sistant aux intemp\u00e9ries<br \/>\n-Convient \u00e0 toute surface lisse<br \/>\n-Pour les magasins de d\u00e9tail, les portes ou comme autocollant de voiture Instagram<br \/>\n-Montre \u00e0 vos clients qu&rsquo;ils peuvent \u00e9galement vous trouver sur Instagram<\/p>\n<p>Le lien Suivez-nous sur les autocollants Instagram avec le code QR dirige vos clients vers votre profil lorsqu&rsquo;ils scannent le code QR.<\/p>\n<p>&nbsp;<\/p>\n<h2>Plus d&rsquo;informations<\/h2>\n<p>Instagram est devenue l&rsquo;une des plateformes de m\u00e9dias sociaux les plus populaires pour les entreprises cherchant \u00e0 promouvoir leur marque, leurs produits et leurs services. Pour aider les entreprises \u00e0 gagner plus de followers et \u00e0 accro\u00eetre leur port\u00e9e, Instagram a introduit une vari\u00e9t\u00e9 d&rsquo;autocollants qui peuvent \u00eatre ajout\u00e9s aux histoires et aux publications. Parmi ces stickers, les stickers code Truzzer Instagram QR s&rsquo;imposent comme les meilleurs stickers disponibles sur la plateforme.<\/p>\n<p>Les autocollants de code Truzzer Instagram QR sont uniques car ils int\u00e8grent un code Instagram QR dans une conception d&rsquo;autocollant personnalis\u00e9e qui inclut le nom du profil de l&rsquo;entreprise. Il s&rsquo;agit d&rsquo;un outil marketing puissant pour les entreprises, car il permet aux abonn\u00e9s de scanner rapidement et facilement le code QR avec l&rsquo;appareil photo de leur smartphone et d&rsquo;\u00eatre dirig\u00e9s directement vers le profil Instagram de l&rsquo;entreprise.<\/p>\n<p>Cette fonctionnalit\u00e9 est incroyablement pratique \u00e0 la fois pour l\u2019entreprise et pour les abonn\u00e9s. Pour les entreprises, cela \u00e9limine le besoin pour les abonn\u00e9s de rechercher leur profil manuellement. Au lieu de cela, le code QR peut \u00eatre scann\u00e9 directement \u00e0 partir de l&rsquo;autocollant, entra\u00eenant une augmentation imm\u00e9diate des visites de profil et des abonn\u00e9s potentiels. Pour les abonn\u00e9s, le code QR leur fait gagner du temps et leur \u00e9vite des tracas, leur permettant d&rsquo;acc\u00e9der rapidement au profil de l&rsquo;entreprise sans avoir \u00e0 saisir manuellement le nom du profil.<\/p>\n<p>Les autocollants de code Truzzer Instagram QR ont \u00e9galement un aspect professionnel et soign\u00e9 qui les distingue des autres autocollants de la plateforme. Avec le nom du profil de l&rsquo;entreprise et le code QR affich\u00e9s bien en \u00e9vidence sur l&rsquo;autocollant, il est facile de voir que l&rsquo;autocollant fait la promotion d&rsquo;une marque sp\u00e9cifique. Cela rend plus probable que les abonn\u00e9s interagiront avec l&rsquo;autocollant et scanneront le code QR, ce qui entra\u00eenera finalement une augmentation du nombre d&rsquo;abonn\u00e9s Instagram de l&rsquo;entreprise.<\/p>\n<p>L&rsquo;un des plus grands avantages de l&rsquo;utilisation des autocollants de code Truzzer Instagram QR est qu&rsquo;ils peuvent augmenter consid\u00e9rablement le succ\u00e8s d&rsquo;une entreprise en gagnant plus d&rsquo;abonn\u00e9s que jamais. Gr\u00e2ce au code QR pratique, les abonn\u00e9s sont plus susceptibles de visiter le profil Instagram d&rsquo;une entreprise, ce qui peut entra\u00eener une augmentation de l&rsquo;engagement, des ventes et de la notori\u00e9t\u00e9 de la marque. Plus une entreprise compte de followers, plus elle peut atteindre de clients potentiels, ce qui peut finalement conduire \u00e0 une augmentation des revenus et \u00e0 la r\u00e9ussite commerciale.<\/p>\n<p>En conclusion, les autocollants de code Truzzer Instagram QR sont les meilleurs autocollants disponibles sur la plate-forme en raison de leur int\u00e9gration unique d&rsquo;un code Instagram QR et d&rsquo;un nom de profil dans un design d&rsquo;autocollant raffin\u00e9 et professionnel. Cette fonctionnalit\u00e9 est incroyablement pratique \u00e0 la fois pour les entreprises et les abonn\u00e9s, conduisant finalement \u00e0 une augmentation du nombre d&rsquo;abonn\u00e9s Instagram et \u00e0 un succ\u00e8s commercial potentiel. En utilisant les autocollants de code Truzzer Instagram QR, les entreprises peuvent profiter d&rsquo;un outil marketing puissant qui peut les aider \u00e0 atteindre leurs objectifs et \u00e0 atteindre de nouveaux niveaux de r\u00e9ussite.<\/p>\n<p>&nbsp;<\/p>\n<p>Les produits Suivez-nous sur Instagram sont faciles \u00e0 utiliser, ce que nous aimerions vous montrer ci-dessous en utilisant les autocollants \u00ab Suivez-nous sur Instagram \u00bb comme exemple.<\/p>\n<p>&nbsp;<\/p>\n<h3>\u00c9tape 1\u00a0: Le client scanne le code QR<\/h3>\n<p>Pour vous suivre, le client n&rsquo;a qu&rsquo;\u00e0 scanner le code QR. Tout ce que vous avez \u00e0 faire est de tenir l&rsquo;appareil photo du smartphone (aucune application de scanner suppl\u00e9mentaire n\u00e9cessaire) au-dessus du produit.<\/p>\n<p><img decoding=\"async\" class=\"alignleft wp-image-22262 size-full\" src=\"https:\/\/www.truzzer.com\/wp-content\/uploads\/2026\/02\/how-to-use-the-product-truzzer.jpg.webp\" alt=\"\" width=\"1400\" height=\"933\" \/><\/p>\n<p>Une pop-up appara\u00eetra alors \u00e0 l&rsquo;\u00e9cran (iPhone) ou un code QR appara\u00eetra (smartphones Android \/ Google).<\/p>\n<h3>\u00c9tape 2\u00a0: Le client acc\u00e8de directement au profil Instagram<\/h3>\n<p>Instagram s&rsquo;ouvrira alors et le client pourra vous suivre directement. Si facileRemarque\u00a0:<br \/>\nVeuillez noter qu&rsquo;un profil Instagram est requis pour obtenir des abonn\u00e9s.<\/p>\n<p>&nbsp;<\/p>\n","protected":false},"excerpt":{"rendered":"<p>Transformez vos clients en abonn\u00e9s Instagram avec les autocollants personnalis\u00e9s Suivez-nous sur Instagram avec leur propre nom de profil et un lien QR num\u00e9risable vers votre profil Instagram.<\/p>\n<p>-Convient pour une utilisation int\u00e9rieure et ext\u00e9rieure<br \/>\n\u2013 R\u00e9sistant aux intemp\u00e9ries<br \/>\n-Convient \u00e0 toute surface lisse<br \/>\n-Pour les magasins de d\u00e9tail, les portes ou comme autocollant de voiture Instagram<br \/>\n-Montre \u00e0 vos clients qu&rsquo;ils peuvent \u00e9galement vous trouver sur Instagram<br \/>\n\u2013 Fabriqu\u00e9 individuellement pour vous<br \/>\n-Disponible en trois tailles<\/p>\n<p>Nous relierons pour vous le code QR \u00e0 votre profil Instagram\u00a0!<br \/>\nVeuillez ajouter votre nom d&rsquo;utilisateur plus loin dans le processus de commande, par ex. \u00ab @VotreEntreprise \u00bb.<\/p>\n","protected":false},"featured_media":93281,"comment_status":"open","ping_status":"closed","template":"","meta":{"_acf_changed":false,"_yoast_wpseo_focuskw":"Instagram QR Code Autocollant","_yoast_wpseo_title":"Follow us on Instagram Sticker Color | truzzer","_yoast_wpseo_metadesc":"Plus d'abonn\u00e9s Instagram avec Follow us on Instagram Sticker Color de truzzer. Installation facile, pr\u00eat \u00e0 l'emploi. Commandez maintenant !"},"product_brand":[1662],"product_cat":[837,838,823,480,479],"product_tag":[],"class_list":{"0":"post-93280","1":"product","2":"type-product","3":"status-publish","4":"has-post-thumbnail","6":"product_brand-instagram","7":"product_cat-abonnes-instagram-autocollants","8":"product_cat-abonnes-instagram-autocollants-avec-code-qr","9":"product_cat-abonnes-instagram-produits","10":"product_cat-code-qr-autocollants","11":"product_cat-code-qr-produits","12":"pa_product-type-autocollant","13":"pa_shape-rond","14":"pa_technology-code-qr","16":"first","17":"instock","18":"taxable","19":"shipping-taxable","20":"purchasable","21":"product-type-variable","22":"has-default-attributes"},"acf":[],"yoast_head":"<!-- This site is optimized with the Yoast SEO plugin v27.0 - https:\/\/yoast.com\/product\/yoast-seo-wordpress\/ -->\n<title>Follow us on Instagram Sticker Color | truzzer<\/title>\n<meta name=\"description\" content=\"Plus d&#039;abonn\u00e9s Instagram avec Follow us on Instagram Sticker Color de truzzer. Installation facile, pr\u00eat \u00e0 l&#039;emploi. Commandez maintenant !\" \/>\n<meta name=\"robots\" content=\"index, follow, max-snippet:-1, max-image-preview:large, max-video-preview:-1\" \/>\n<link rel=\"canonical\" href=\"https:\/\/www.truzzer.com\/fr\/produit\/suivez-nous-sur-instagram-couleur-de-lautocollant\/\" \/>\n<meta property=\"og:locale\" content=\"fr_FR\" \/>\n<meta property=\"og:type\" content=\"article\" \/>\n<meta property=\"og:title\" content=\"Follow us on Instagram Sticker Color | truzzer\" \/>\n<meta property=\"og:description\" content=\"Plus d&#039;abonn\u00e9s Instagram avec Follow us on Instagram Sticker Color de truzzer. Installation facile, pr\u00eat \u00e0 l&#039;emploi. Commandez maintenant !\" \/>\n<meta property=\"og:url\" content=\"https:\/\/www.truzzer.com\/fr\/produit\/suivez-nous-sur-instagram-couleur-de-lautocollant\/\" \/>\n<meta property=\"og:site_name\" content=\"truzzer\" \/>\n<meta property=\"article:modified_time\" content=\"2026-02-13T09:53:48+00:00\" \/>\n<meta property=\"og:image\" content=\"https:\/\/www.truzzer.com\/wp-content\/uploads\/2026\/02\/follow-us-on-instagram-sticker-qr-code-truzzer-1-von-6-4.jpg\" \/>\n\t<meta property=\"og:image:width\" content=\"1400\" \/>\n\t<meta property=\"og:image:height\" content=\"1400\" \/>\n\t<meta property=\"og:image:type\" content=\"image\/jpeg\" \/>\n<meta name=\"twitter:card\" content=\"summary_large_image\" \/>\n<meta name=\"twitter:label1\" content=\"Dur\u00e9e de lecture estim\u00e9e\" \/>\n\t<meta name=\"twitter:data1\" content=\"4 minutes\" \/>\n<script type=\"application\/ld+json\" class=\"yoast-schema-graph\">{\"@context\":\"https:\/\/schema.org\",\"@graph\":[{\"@type\":\"WebPage\",\"@id\":\"https:\/\/www.truzzer.com\/fr\/produit\/suivez-nous-sur-instagram-couleur-de-lautocollant\/\",\"url\":\"https:\/\/www.truzzer.com\/fr\/produit\/suivez-nous-sur-instagram-couleur-de-lautocollant\/\",\"name\":\"Follow us on Instagram Sticker Color | truzzer\",\"isPartOf\":{\"@id\":\"https:\/\/www.truzzer.com\/fr\/#website\"},\"primaryImageOfPage\":{\"@id\":\"https:\/\/www.truzzer.com\/fr\/produit\/suivez-nous-sur-instagram-couleur-de-lautocollant\/#primaryimage\"},\"image\":{\"@id\":\"https:\/\/www.truzzer.com\/fr\/produit\/suivez-nous-sur-instagram-couleur-de-lautocollant\/#primaryimage\"},\"thumbnailUrl\":\"https:\/\/www.truzzer.com\/wp-content\/uploads\/2026\/02\/follow-us-on-instagram-sticker-qr-code-truzzer-1-von-6-4.jpg\",\"datePublished\":\"2026-02-01T20:10:57+00:00\",\"dateModified\":\"2026-02-13T09:53:48+00:00\",\"description\":\"Plus d'abonn\u00e9s Instagram avec Follow us on Instagram Sticker Color de truzzer. Installation facile, pr\u00eat \u00e0 l'emploi. Commandez maintenant !\",\"breadcrumb\":{\"@id\":\"https:\/\/www.truzzer.com\/fr\/produit\/suivez-nous-sur-instagram-couleur-de-lautocollant\/#breadcrumb\"},\"inLanguage\":\"fr-FR\",\"potentialAction\":[{\"@type\":\"ReadAction\",\"target\":[\"https:\/\/www.truzzer.com\/fr\/produit\/suivez-nous-sur-instagram-couleur-de-lautocollant\/\"]}]},{\"@type\":\"ImageObject\",\"inLanguage\":\"fr-FR\",\"@id\":\"https:\/\/www.truzzer.com\/fr\/produit\/suivez-nous-sur-instagram-couleur-de-lautocollant\/#primaryimage\",\"url\":\"https:\/\/www.truzzer.com\/wp-content\/uploads\/2026\/02\/follow-us-on-instagram-sticker-qr-code-truzzer-1-von-6-4.jpg\",\"contentUrl\":\"https:\/\/www.truzzer.com\/wp-content\/uploads\/2026\/02\/follow-us-on-instagram-sticker-qr-code-truzzer-1-von-6-4.jpg\",\"width\":1400,\"height\":1400},{\"@type\":\"BreadcrumbList\",\"@id\":\"https:\/\/www.truzzer.com\/fr\/produit\/suivez-nous-sur-instagram-couleur-de-lautocollant\/#breadcrumb\",\"itemListElement\":[{\"@type\":\"ListItem\",\"position\":1,\"name\":\"Home\",\"item\":\"https:\/\/www.truzzer.com\/fr\/\"},{\"@type\":\"ListItem\",\"position\":2,\"name\":\"Boutique\",\"item\":\"https:\/\/www.truzzer.com\/fr\/boutique\/\"},{\"@type\":\"ListItem\",\"position\":3,\"name\":\"Suivez-nous sur Instagram Autocollant Couleur\"}]},{\"@type\":\"WebSite\",\"@id\":\"https:\/\/www.truzzer.com\/fr\/#website\",\"url\":\"https:\/\/www.truzzer.com\/fr\/\",\"name\":\"truzzer\",\"description\":\"Experts for customer trust\",\"publisher\":{\"@id\":\"https:\/\/www.truzzer.com\/fr\/#organization\"},\"potentialAction\":[{\"@type\":\"SearchAction\",\"target\":{\"@type\":\"EntryPoint\",\"urlTemplate\":\"https:\/\/www.truzzer.com\/fr\/?s={search_term_string}\"},\"query-input\":{\"@type\":\"PropertyValueSpecification\",\"valueRequired\":true,\"valueName\":\"search_term_string\"}}],\"inLanguage\":\"fr-FR\"},{\"@type\":\"Organization\",\"@id\":\"https:\/\/www.truzzer.com\/fr\/#organization\",\"name\":\"truzzer\",\"url\":\"https:\/\/www.truzzer.com\/fr\/\",\"logo\":{\"@type\":\"ImageObject\",\"inLanguage\":\"fr-FR\",\"@id\":\"https:\/\/www.truzzer.com\/fr\/#\/schema\/logo\/image\/\",\"url\":\"https:\/\/truzzer.com\/wp-content\/uploads\/2026\/01\/truzzer-logo-black-1.svg\",\"contentUrl\":\"https:\/\/truzzer.com\/wp-content\/uploads\/2026\/01\/truzzer-logo-black-1.svg\",\"width\":938,\"height\":199,\"caption\":\"truzzer\"},\"image\":{\"@id\":\"https:\/\/www.truzzer.com\/fr\/#\/schema\/logo\/image\/\"}}]}<\/script>\n<!-- \/ Yoast SEO plugin. -->","yoast_head_json":{"title":"Follow us on Instagram Sticker Color | truzzer","description":"Plus d'abonn\u00e9s Instagram avec Follow us on Instagram Sticker Color de truzzer. Installation facile, pr\u00eat \u00e0 l'emploi. Commandez maintenant !","robots":{"index":"index","follow":"follow","max-snippet":"max-snippet:-1","max-image-preview":"max-image-preview:large","max-video-preview":"max-video-preview:-1"},"canonical":"https:\/\/www.truzzer.com\/fr\/produit\/suivez-nous-sur-instagram-couleur-de-lautocollant\/","og_locale":"fr_FR","og_type":"article","og_title":"Follow us on Instagram Sticker Color | truzzer","og_description":"Plus d'abonn\u00e9s Instagram avec Follow us on Instagram Sticker Color de truzzer. Installation facile, pr\u00eat \u00e0 l'emploi. Commandez maintenant !","og_url":"https:\/\/www.truzzer.com\/fr\/produit\/suivez-nous-sur-instagram-couleur-de-lautocollant\/","og_site_name":"truzzer","article_modified_time":"2026-02-13T09:53:48+00:00","og_image":[{"width":1400,"height":1400,"url":"https:\/\/www.truzzer.com\/wp-content\/uploads\/2026\/02\/follow-us-on-instagram-sticker-qr-code-truzzer-1-von-6-4.jpg","type":"image\/jpeg"}],"twitter_card":"summary_large_image","twitter_misc":{"Dur\u00e9e de lecture estim\u00e9e":"4 minutes"},"schema":{"@context":"https:\/\/schema.org","@graph":[{"@type":"WebPage","@id":"https:\/\/www.truzzer.com\/fr\/produit\/suivez-nous-sur-instagram-couleur-de-lautocollant\/","url":"https:\/\/www.truzzer.com\/fr\/produit\/suivez-nous-sur-instagram-couleur-de-lautocollant\/","name":"Follow us on Instagram Sticker Color | truzzer","isPartOf":{"@id":"https:\/\/www.truzzer.com\/fr\/#website"},"primaryImageOfPage":{"@id":"https:\/\/www.truzzer.com\/fr\/produit\/suivez-nous-sur-instagram-couleur-de-lautocollant\/#primaryimage"},"image":{"@id":"https:\/\/www.truzzer.com\/fr\/produit\/suivez-nous-sur-instagram-couleur-de-lautocollant\/#primaryimage"},"thumbnailUrl":"https:\/\/www.truzzer.com\/wp-content\/uploads\/2026\/02\/follow-us-on-instagram-sticker-qr-code-truzzer-1-von-6-4.jpg","datePublished":"2026-02-01T20:10:57+00:00","dateModified":"2026-02-13T09:53:48+00:00","description":"Plus d'abonn\u00e9s Instagram avec Follow us on Instagram Sticker Color de truzzer. Installation facile, pr\u00eat \u00e0 l'emploi. Commandez maintenant !","breadcrumb":{"@id":"https:\/\/www.truzzer.com\/fr\/produit\/suivez-nous-sur-instagram-couleur-de-lautocollant\/#breadcrumb"},"inLanguage":"fr-FR","potentialAction":[{"@type":"ReadAction","target":["https:\/\/www.truzzer.com\/fr\/produit\/suivez-nous-sur-instagram-couleur-de-lautocollant\/"]}]},{"@type":"ImageObject","inLanguage":"fr-FR","@id":"https:\/\/www.truzzer.com\/fr\/produit\/suivez-nous-sur-instagram-couleur-de-lautocollant\/#primaryimage","url":"https:\/\/www.truzzer.com\/wp-content\/uploads\/2026\/02\/follow-us-on-instagram-sticker-qr-code-truzzer-1-von-6-4.jpg","contentUrl":"https:\/\/www.truzzer.com\/wp-content\/uploads\/2026\/02\/follow-us-on-instagram-sticker-qr-code-truzzer-1-von-6-4.jpg","width":1400,"height":1400},{"@type":"BreadcrumbList","@id":"https:\/\/www.truzzer.com\/fr\/produit\/suivez-nous-sur-instagram-couleur-de-lautocollant\/#breadcrumb","itemListElement":[{"@type":"ListItem","position":1,"name":"Home","item":"https:\/\/www.truzzer.com\/fr\/"},{"@type":"ListItem","position":2,"name":"Boutique","item":"https:\/\/www.truzzer.com\/fr\/boutique\/"},{"@type":"ListItem","position":3,"name":"Suivez-nous sur Instagram Autocollant Couleur"}]},{"@type":"WebSite","@id":"https:\/\/www.truzzer.com\/fr\/#website","url":"https:\/\/www.truzzer.com\/fr\/","name":"truzzer","description":"Experts for customer trust","publisher":{"@id":"https:\/\/www.truzzer.com\/fr\/#organization"},"potentialAction":[{"@type":"SearchAction","target":{"@type":"EntryPoint","urlTemplate":"https:\/\/www.truzzer.com\/fr\/?s={search_term_string}"},"query-input":{"@type":"PropertyValueSpecification","valueRequired":true,"valueName":"search_term_string"}}],"inLanguage":"fr-FR"},{"@type":"Organization","@id":"https:\/\/www.truzzer.com\/fr\/#organization","name":"truzzer","url":"https:\/\/www.truzzer.com\/fr\/","logo":{"@type":"ImageObject","inLanguage":"fr-FR","@id":"https:\/\/www.truzzer.com\/fr\/#\/schema\/logo\/image\/","url":"https:\/\/truzzer.com\/wp-content\/uploads\/2026\/01\/truzzer-logo-black-1.svg","contentUrl":"https:\/\/truzzer.com\/wp-content\/uploads\/2026\/01\/truzzer-logo-black-1.svg","width":938,"height":199,"caption":"truzzer"},"image":{"@id":"https:\/\/www.truzzer.com\/fr\/#\/schema\/logo\/image\/"}}]}},"tiered_pricing_type":"fixed","tiered_pricing_fixed_rules":[],"tiered_pricing_product_settings":{"layout":"default","base_unit_name":{"singular":null,"plural":null},"default_variation":null},"tiered_pricing_minimum_quantity":null,"tiered_pricing_roles_data":[],"tiered_pricing_percentage_rules":[],"tiered_pricing_maximum_quantity":null,"tiered_pricing_quantity_step":null,"_links":{"self":[{"href":"https:\/\/www.truzzer.com\/fr\/wp-json\/wp\/v2\/product\/93280","targetHints":{"allow":["GET"]}}],"collection":[{"href":"https:\/\/www.truzzer.com\/fr\/wp-json\/wp\/v2\/product"}],"about":[{"href":"https:\/\/www.truzzer.com\/fr\/wp-json\/wp\/v2\/types\/product"}],"replies":[{"embeddable":true,"href":"https:\/\/www.truzzer.com\/fr\/wp-json\/wp\/v2\/comments?post=93280"}],"wp:featuredmedia":[{"embeddable":true,"href":"https:\/\/www.truzzer.com\/fr\/wp-json\/wp\/v2\/media\/93281"}],"wp:attachment":[{"href":"https:\/\/www.truzzer.com\/fr\/wp-json\/wp\/v2\/media?parent=93280"}],"wp:term":[{"taxonomy":"product_brand","embeddable":true,"href":"https:\/\/www.truzzer.com\/fr\/wp-json\/wp\/v2\/product_brand?post=93280"},{"taxonomy":"product_cat","embeddable":true,"href":"https:\/\/www.truzzer.com\/fr\/wp-json\/wp\/v2\/product_cat?post=93280"},{"taxonomy":"product_tag","embeddable":true,"href":"https:\/\/www.truzzer.com\/fr\/wp-json\/wp\/v2\/product_tag?post=93280"}],"curies":[{"name":"wp","href":"https:\/\/api.w.org\/{rel}","templated":true}]}}