{"id":93527,"date":"2026-02-01T20:09:45","date_gmt":"2026-02-01T20:09:45","guid":{"rendered":"https:\/\/beta.truzzer.com\/product\/autocollant-whatsapp-rond\/"},"modified":"2026-02-13T09:57:19","modified_gmt":"2026-02-13T09:57:19","slug":"autocollant-whatsapp-rond","status":"publish","type":"product","link":"https:\/\/www.truzzer.com\/fr\/produit\/autocollant-whatsapp-rond\/","title":{"rendered":"WhatsApp Autocollant rond"},"content":{"rendered":"<h2>Contactez-nous sur WhatsApp, commandez des autocollants en ligne<\/h2>\n<p>Des conseils num\u00e9riques\u00a0? rendez-vous? Commander et r\u00e9server en ligne ? Aucun probl\u00e8me avec WhatsApp ! Scannez simplement le code QR et vos clients pourront vous \u00e9crire via WhatsApp.<\/p>\n<p>Dans le format rond pratique, vous rendez le contact num\u00e9rique tangible pour vos clients.<br \/>\nPlacez les autocollants bien en vue dans la zone de paiement, sur la porte d&rsquo;entr\u00e9e, comme autocollant sur le pare-chocs de votre voiture ou partout o\u00f9 vos clients peuvent voir les autocollants.<\/p>\n<p>-Convient pour une utilisation int\u00e9rieure et ext\u00e9rieure<br \/>\n&#8211; R\u00e9sistant aux intemp\u00e9ries<br \/>\n-Convient \u00e0 toute surface lisse<br \/>\n-Pour les magasins, les portes ou comme autocollant de voiture WhatsApp<br \/>\n-Montre \u00e0 vos clients qu&rsquo;ils peuvent \u00e9galement vous trouver sur WhatsApp<\/p>\n<p><strong>Avis\u00a0:<\/strong><br \/>\nVeuillez noter qu&rsquo;un profil WhatsApp doit \u00eatre contact\u00e9 via WhatsApp.<\/p>\n<p>&nbsp;<\/p>\n","protected":false},"excerpt":{"rendered":"<p>Autocollants individuels WhatsApp avec lien de code QR &#8211; Aidez vos clients \u00e0 vous contacter avec les autocollants WhatsApp de truzzer.<br \/>\nLe code QR ouvre la fen\u00eatre de chat directement sur vos clients. t\u00e9l\u00e9phones portables.<br \/>\nPlacez simplement l&rsquo;appareil photo du smartphone au-dessus du code QR et vos clients pourront vous \u00e9crire.<br \/>\nEntrez simplement votre num\u00e9ro de t\u00e9l\u00e9phone WhatsApp ci-dessous et nous nous occuperons du code QR, de l&rsquo;impression et de l&rsquo;exp\u00e9dition.<\/p>\n<ul>\n<li>Convient pour l&rsquo;int\u00e9rieur et l&rsquo;ext\u00e9rieur<\/li>\n<li>r\u00e9sistant aux intemp\u00e9ries<\/li>\n<li>Convient \u00e0 toute surface lisse<\/li>\n<li>Pour les magasins, les portes ou comme autocollant WhatsApp pour voiture<\/li>\n<li>Aide les clients \u00e0 mieux vous contacter<\/li>\n<li>Cr\u00e9\u00e9 individuellement pour vous<\/li>\n<li>Disponible en trois tailles<\/li>\n<\/ul>\n","protected":false},"featured_media":93528,"comment_status":"open","ping_status":"closed","template":"","meta":{"_acf_changed":false,"_yoast_wpseo_focuskw":"WhatsApp QR Code Autocollant","_yoast_wpseo_title":"WhatsApp Sticker round | truzzer","_yoast_wpseo_metadesc":"Connectez-vous via WhatsApp avec WhatsApp Sticker round de truzzer. Installation facile, pr\u00eat \u00e0 l'emploi. Commandez maintenant !"},"product_brand":[1701],"product_cat":[923,924,922,480,479],"product_tag":[],"class_list":{"0":"post-93527","1":"product","2":"type-product","3":"status-publish","4":"has-post-thumbnail","6":"product_brand-whatsapp","7":"product_cat-chat-whatsapp-autocollants","8":"product_cat-chat-whatsapp-autocollants-avec-code-qr","9":"product_cat-chat-whatsapp-produits","10":"product_cat-code-qr-autocollants","11":"product_cat-code-qr-produits","12":"pa_product-type-autocollant","13":"pa_shape-rond","14":"pa_technology-code-qr","16":"first","17":"instock","18":"taxable","19":"shipping-taxable","20":"purchasable","21":"product-type-variable","22":"has-default-attributes"},"acf":[],"yoast_head":"<!-- This site is optimized with the Yoast SEO plugin v27.0 - https:\/\/yoast.com\/product\/yoast-seo-wordpress\/ -->\n<title>WhatsApp Sticker round | truzzer<\/title>\n<meta name=\"description\" content=\"Connectez-vous via WhatsApp avec WhatsApp Sticker round de truzzer. Installation facile, pr\u00eat \u00e0 l&#039;emploi. Commandez maintenant !\" \/>\n<meta name=\"robots\" content=\"index, follow, max-snippet:-1, max-image-preview:large, max-video-preview:-1\" \/>\n<link rel=\"canonical\" href=\"https:\/\/www.truzzer.com\/fr\/produit\/autocollant-whatsapp-rond\/\" \/>\n<meta property=\"og:locale\" content=\"fr_FR\" \/>\n<meta property=\"og:type\" content=\"article\" \/>\n<meta property=\"og:title\" content=\"WhatsApp Sticker round | truzzer\" \/>\n<meta property=\"og:description\" content=\"Connectez-vous via WhatsApp avec WhatsApp Sticker round de truzzer. Installation facile, pr\u00eat \u00e0 l&#039;emploi. Commandez maintenant !\" \/>\n<meta property=\"og:url\" content=\"https:\/\/www.truzzer.com\/fr\/produit\/autocollant-whatsapp-rond\/\" \/>\n<meta property=\"og:site_name\" content=\"truzzer\" \/>\n<meta property=\"article:modified_time\" content=\"2026-02-13T09:57:19+00:00\" \/>\n<meta property=\"og:image\" content=\"https:\/\/www.truzzer.com\/wp-content\/uploads\/2026\/02\/whatsapp-sticker-with-qr-code-truzzer-3.jpg\" \/>\n\t<meta property=\"og:image:width\" content=\"1400\" \/>\n\t<meta property=\"og:image:height\" content=\"1400\" \/>\n\t<meta property=\"og:image:type\" content=\"image\/jpeg\" \/>\n<meta name=\"twitter:card\" content=\"summary_large_image\" \/>\n<meta name=\"twitter:label1\" content=\"Dur\u00e9e de lecture estim\u00e9e\" \/>\n\t<meta name=\"twitter:data1\" content=\"1 minute\" \/>\n<script type=\"application\/ld+json\" class=\"yoast-schema-graph\">{\"@context\":\"https:\/\/schema.org\",\"@graph\":[{\"@type\":\"WebPage\",\"@id\":\"https:\/\/www.truzzer.com\/fr\/produit\/autocollant-whatsapp-rond\/\",\"url\":\"https:\/\/www.truzzer.com\/fr\/produit\/autocollant-whatsapp-rond\/\",\"name\":\"WhatsApp Sticker round | truzzer\",\"isPartOf\":{\"@id\":\"https:\/\/www.truzzer.com\/fr\/#website\"},\"primaryImageOfPage\":{\"@id\":\"https:\/\/www.truzzer.com\/fr\/produit\/autocollant-whatsapp-rond\/#primaryimage\"},\"image\":{\"@id\":\"https:\/\/www.truzzer.com\/fr\/produit\/autocollant-whatsapp-rond\/#primaryimage\"},\"thumbnailUrl\":\"https:\/\/www.truzzer.com\/wp-content\/uploads\/2026\/02\/whatsapp-sticker-with-qr-code-truzzer-3.jpg\",\"datePublished\":\"2026-02-01T20:09:45+00:00\",\"dateModified\":\"2026-02-13T09:57:19+00:00\",\"description\":\"Connectez-vous via WhatsApp avec WhatsApp Sticker round de truzzer. Installation facile, pr\u00eat \u00e0 l'emploi. Commandez maintenant !\",\"breadcrumb\":{\"@id\":\"https:\/\/www.truzzer.com\/fr\/produit\/autocollant-whatsapp-rond\/#breadcrumb\"},\"inLanguage\":\"fr-FR\",\"potentialAction\":[{\"@type\":\"ReadAction\",\"target\":[\"https:\/\/www.truzzer.com\/fr\/produit\/autocollant-whatsapp-rond\/\"]}]},{\"@type\":\"ImageObject\",\"inLanguage\":\"fr-FR\",\"@id\":\"https:\/\/www.truzzer.com\/fr\/produit\/autocollant-whatsapp-rond\/#primaryimage\",\"url\":\"https:\/\/www.truzzer.com\/wp-content\/uploads\/2026\/02\/whatsapp-sticker-with-qr-code-truzzer-3.jpg\",\"contentUrl\":\"https:\/\/www.truzzer.com\/wp-content\/uploads\/2026\/02\/whatsapp-sticker-with-qr-code-truzzer-3.jpg\",\"width\":1400,\"height\":1400},{\"@type\":\"BreadcrumbList\",\"@id\":\"https:\/\/www.truzzer.com\/fr\/produit\/autocollant-whatsapp-rond\/#breadcrumb\",\"itemListElement\":[{\"@type\":\"ListItem\",\"position\":1,\"name\":\"Home\",\"item\":\"https:\/\/www.truzzer.com\/fr\/\"},{\"@type\":\"ListItem\",\"position\":2,\"name\":\"Boutique\",\"item\":\"https:\/\/www.truzzer.com\/fr\/boutique\/\"},{\"@type\":\"ListItem\",\"position\":3,\"name\":\"WhatsApp Autocollant rond\"}]},{\"@type\":\"WebSite\",\"@id\":\"https:\/\/www.truzzer.com\/fr\/#website\",\"url\":\"https:\/\/www.truzzer.com\/fr\/\",\"name\":\"truzzer\",\"description\":\"Experts for customer trust\",\"publisher\":{\"@id\":\"https:\/\/www.truzzer.com\/fr\/#organization\"},\"potentialAction\":[{\"@type\":\"SearchAction\",\"target\":{\"@type\":\"EntryPoint\",\"urlTemplate\":\"https:\/\/www.truzzer.com\/fr\/?s={search_term_string}\"},\"query-input\":{\"@type\":\"PropertyValueSpecification\",\"valueRequired\":true,\"valueName\":\"search_term_string\"}}],\"inLanguage\":\"fr-FR\"},{\"@type\":\"Organization\",\"@id\":\"https:\/\/www.truzzer.com\/fr\/#organization\",\"name\":\"truzzer\",\"url\":\"https:\/\/www.truzzer.com\/fr\/\",\"logo\":{\"@type\":\"ImageObject\",\"inLanguage\":\"fr-FR\",\"@id\":\"https:\/\/www.truzzer.com\/fr\/#\/schema\/logo\/image\/\",\"url\":\"https:\/\/truzzer.com\/wp-content\/uploads\/2026\/01\/truzzer-logo-black-1.svg\",\"contentUrl\":\"https:\/\/truzzer.com\/wp-content\/uploads\/2026\/01\/truzzer-logo-black-1.svg\",\"width\":938,\"height\":199,\"caption\":\"truzzer\"},\"image\":{\"@id\":\"https:\/\/www.truzzer.com\/fr\/#\/schema\/logo\/image\/\"}}]}<\/script>\n<!-- \/ Yoast SEO plugin. -->","yoast_head_json":{"title":"WhatsApp Sticker round | truzzer","description":"Connectez-vous via WhatsApp avec WhatsApp Sticker round de truzzer. Installation facile, pr\u00eat \u00e0 l'emploi. Commandez maintenant !","robots":{"index":"index","follow":"follow","max-snippet":"max-snippet:-1","max-image-preview":"max-image-preview:large","max-video-preview":"max-video-preview:-1"},"canonical":"https:\/\/www.truzzer.com\/fr\/produit\/autocollant-whatsapp-rond\/","og_locale":"fr_FR","og_type":"article","og_title":"WhatsApp Sticker round | truzzer","og_description":"Connectez-vous via WhatsApp avec WhatsApp Sticker round de truzzer. Installation facile, pr\u00eat \u00e0 l'emploi. Commandez maintenant !","og_url":"https:\/\/www.truzzer.com\/fr\/produit\/autocollant-whatsapp-rond\/","og_site_name":"truzzer","article_modified_time":"2026-02-13T09:57:19+00:00","og_image":[{"width":1400,"height":1400,"url":"https:\/\/www.truzzer.com\/wp-content\/uploads\/2026\/02\/whatsapp-sticker-with-qr-code-truzzer-3.jpg","type":"image\/jpeg"}],"twitter_card":"summary_large_image","twitter_misc":{"Dur\u00e9e de lecture estim\u00e9e":"1 minute"},"schema":{"@context":"https:\/\/schema.org","@graph":[{"@type":"WebPage","@id":"https:\/\/www.truzzer.com\/fr\/produit\/autocollant-whatsapp-rond\/","url":"https:\/\/www.truzzer.com\/fr\/produit\/autocollant-whatsapp-rond\/","name":"WhatsApp Sticker round | truzzer","isPartOf":{"@id":"https:\/\/www.truzzer.com\/fr\/#website"},"primaryImageOfPage":{"@id":"https:\/\/www.truzzer.com\/fr\/produit\/autocollant-whatsapp-rond\/#primaryimage"},"image":{"@id":"https:\/\/www.truzzer.com\/fr\/produit\/autocollant-whatsapp-rond\/#primaryimage"},"thumbnailUrl":"https:\/\/www.truzzer.com\/wp-content\/uploads\/2026\/02\/whatsapp-sticker-with-qr-code-truzzer-3.jpg","datePublished":"2026-02-01T20:09:45+00:00","dateModified":"2026-02-13T09:57:19+00:00","description":"Connectez-vous via WhatsApp avec WhatsApp Sticker round de truzzer. Installation facile, pr\u00eat \u00e0 l'emploi. Commandez maintenant !","breadcrumb":{"@id":"https:\/\/www.truzzer.com\/fr\/produit\/autocollant-whatsapp-rond\/#breadcrumb"},"inLanguage":"fr-FR","potentialAction":[{"@type":"ReadAction","target":["https:\/\/www.truzzer.com\/fr\/produit\/autocollant-whatsapp-rond\/"]}]},{"@type":"ImageObject","inLanguage":"fr-FR","@id":"https:\/\/www.truzzer.com\/fr\/produit\/autocollant-whatsapp-rond\/#primaryimage","url":"https:\/\/www.truzzer.com\/wp-content\/uploads\/2026\/02\/whatsapp-sticker-with-qr-code-truzzer-3.jpg","contentUrl":"https:\/\/www.truzzer.com\/wp-content\/uploads\/2026\/02\/whatsapp-sticker-with-qr-code-truzzer-3.jpg","width":1400,"height":1400},{"@type":"BreadcrumbList","@id":"https:\/\/www.truzzer.com\/fr\/produit\/autocollant-whatsapp-rond\/#breadcrumb","itemListElement":[{"@type":"ListItem","position":1,"name":"Home","item":"https:\/\/www.truzzer.com\/fr\/"},{"@type":"ListItem","position":2,"name":"Boutique","item":"https:\/\/www.truzzer.com\/fr\/boutique\/"},{"@type":"ListItem","position":3,"name":"WhatsApp Autocollant rond"}]},{"@type":"WebSite","@id":"https:\/\/www.truzzer.com\/fr\/#website","url":"https:\/\/www.truzzer.com\/fr\/","name":"truzzer","description":"Experts for customer trust","publisher":{"@id":"https:\/\/www.truzzer.com\/fr\/#organization"},"potentialAction":[{"@type":"SearchAction","target":{"@type":"EntryPoint","urlTemplate":"https:\/\/www.truzzer.com\/fr\/?s={search_term_string}"},"query-input":{"@type":"PropertyValueSpecification","valueRequired":true,"valueName":"search_term_string"}}],"inLanguage":"fr-FR"},{"@type":"Organization","@id":"https:\/\/www.truzzer.com\/fr\/#organization","name":"truzzer","url":"https:\/\/www.truzzer.com\/fr\/","logo":{"@type":"ImageObject","inLanguage":"fr-FR","@id":"https:\/\/www.truzzer.com\/fr\/#\/schema\/logo\/image\/","url":"https:\/\/truzzer.com\/wp-content\/uploads\/2026\/01\/truzzer-logo-black-1.svg","contentUrl":"https:\/\/truzzer.com\/wp-content\/uploads\/2026\/01\/truzzer-logo-black-1.svg","width":938,"height":199,"caption":"truzzer"},"image":{"@id":"https:\/\/www.truzzer.com\/fr\/#\/schema\/logo\/image\/"}}]}},"tiered_pricing_type":"fixed","tiered_pricing_fixed_rules":[],"tiered_pricing_product_settings":{"layout":"default","base_unit_name":{"singular":null,"plural":null},"default_variation":null},"tiered_pricing_minimum_quantity":null,"tiered_pricing_roles_data":[],"tiered_pricing_percentage_rules":[],"tiered_pricing_maximum_quantity":null,"tiered_pricing_quantity_step":null,"_links":{"self":[{"href":"https:\/\/www.truzzer.com\/fr\/wp-json\/wp\/v2\/product\/93527","targetHints":{"allow":["GET"]}}],"collection":[{"href":"https:\/\/www.truzzer.com\/fr\/wp-json\/wp\/v2\/product"}],"about":[{"href":"https:\/\/www.truzzer.com\/fr\/wp-json\/wp\/v2\/types\/product"}],"replies":[{"embeddable":true,"href":"https:\/\/www.truzzer.com\/fr\/wp-json\/wp\/v2\/comments?post=93527"}],"wp:featuredmedia":[{"embeddable":true,"href":"https:\/\/www.truzzer.com\/fr\/wp-json\/wp\/v2\/media\/93528"}],"wp:attachment":[{"href":"https:\/\/www.truzzer.com\/fr\/wp-json\/wp\/v2\/media?parent=93527"}],"wp:term":[{"taxonomy":"product_brand","embeddable":true,"href":"https:\/\/www.truzzer.com\/fr\/wp-json\/wp\/v2\/product_brand?post=93527"},{"taxonomy":"product_cat","embeddable":true,"href":"https:\/\/www.truzzer.com\/fr\/wp-json\/wp\/v2\/product_cat?post=93527"},{"taxonomy":"product_tag","embeddable":true,"href":"https:\/\/www.truzzer.com\/fr\/wp-json\/wp\/v2\/product_tag?post=93527"}],"curies":[{"name":"wp","href":"https:\/\/api.w.org\/{rel}","templated":true}]}}