{"id":93579,"date":"2026-02-01T20:09:35","date_gmt":"2026-02-01T20:09:35","guid":{"rendered":"https:\/\/beta.truzzer.com\/product\/carte-de-visite-whatsapp-avec-code-qr\/"},"modified":"2026-02-13T09:57:47","modified_gmt":"2026-02-13T09:57:47","slug":"carte-de-visite-whatsapp-avec-code-qr","status":"publish","type":"product","link":"https:\/\/www.truzzer.com\/fr\/produit\/carte-de-visite-whatsapp-avec-code-qr\/","title":{"rendered":"Carte de visite WhatsApp avec code QR"},"content":{"rendered":"<h2>Rendez WhatsApp tangible\u00a0!<\/h2>\n<p>Avec les cartes de visite truzzer WhatsApp, vous pouvez facilement encourager vos clients \u00e0 vous contacter via WhatsApp. Vous pouvez facilement prendre rendez-vous, \u00e9changer des id\u00e9es ou informer les clients des changements.<\/p>\n<p>Dans le format pratique de carte de visite, vous mettez votre contact WhatsApp \u00e0 la disposition de vos clients \u00e0 tout moment et en tout lieu, sans qu&rsquo;ils aient \u00e0 enregistrer laborieusement votre num\u00e9ro au pr\u00e9alable.<br \/>\nMettez les cartes de visite truzzer WhatsApp dans les sacs de courses de vos clients, remettez-les sur la facture ou remettez-les directement au client. Termin\u00e9.<\/p>\n<p>Les clients peuvent utiliser le code QR pour acc\u00e9der directement \u00e0 votre chat WhatsApp.<\/p>\n<p>Vous pouvez facilement personnaliser les cartes de visite WhatsApp avec votre logo et les adapter \u00e0 votre entreprise.<\/p>\n<p><strong>Avis\u00a0:<\/strong><br \/>\nVeuillez noter que votre propre profil WhatsApp est requis pour que les clients puissent communiquer avec vous via WhatsApp.<\/p>\n<p>&nbsp;<\/p>\n","protected":false},"excerpt":{"rendered":"<p><strong>Communiquez plus facilement avec vos clients avec les cartes de visite WhatsApp avec le code QR\u00a0!<\/strong><\/p>\n<p>Faites en sorte que vos clients puissent facilement vous contacter sur WhatsApp gr\u00e2ce aux cartes de visite WhatsApp au design attrayant.<br \/>\nPersonnalis\u00e9 avec votre propre code QR, qui dirige vos clients directement vers votre chat WhatsApp, votre num\u00e9ro de t\u00e9l\u00e9phone WhatsApp et votre propre logo.<br \/>\nNous relierons pour vous le code QR \u00e0 votre profil WhatsApp\u00a0!<br \/>\n et entrez votre num\u00e9ro de t\u00e9l\u00e9phone.<\/p>\n","protected":false},"featured_media":93580,"comment_status":"open","ping_status":"closed","template":"","meta":{"_acf_changed":false,"_yoast_wpseo_focuskw":"WhatsApp QR Code Carte de visite","_yoast_wpseo_title":"WhatsApp business card with QR code | truzzer","_yoast_wpseo_metadesc":"Connectez-vous via WhatsApp avec WhatsApp business card with QR code de truzzer. Installation facile, pr\u00eat \u00e0 l'emploi. Commandez maintenant !"},"product_brand":[1701],"product_cat":[942,943,922,596,479],"product_tag":[],"class_list":{"0":"post-93579","1":"product","2":"type-product","3":"status-publish","4":"has-post-thumbnail","6":"product_brand-whatsapp","7":"product_cat-chat-whatsapp-cartes-de-visite","8":"product_cat-chat-whatsapp-cartes-de-visite-avec-code-qr","9":"product_cat-chat-whatsapp-produits","10":"product_cat-code-qr-cartes-de-visite","11":"product_cat-code-qr-produits","12":"pa_industry-bureau-consultation","13":"pa_industry-onroerend-goed","14":"pa_industry-services-locaux","15":"pa_material-carton","16":"pa_placement-balie-reception","17":"pa_placement-brochure","18":"pa_placement-portemonnee-personlijk","19":"pa_product-type-visites-touristiques","20":"pa_technology-qr-code","22":"first","23":"instock","24":"taxable","25":"shipping-taxable","26":"purchasable","27":"product-type-simple"},"acf":[],"yoast_head":"<!-- This site is optimized with the Yoast SEO plugin v27.0 - https:\/\/yoast.com\/product\/yoast-seo-wordpress\/ -->\n<title>WhatsApp business card with QR code | truzzer<\/title>\n<meta name=\"description\" content=\"Connectez-vous via WhatsApp avec WhatsApp business card with QR code de truzzer. Installation facile, pr\u00eat \u00e0 l&#039;emploi. Commandez maintenant !\" \/>\n<meta name=\"robots\" content=\"index, follow, max-snippet:-1, max-image-preview:large, max-video-preview:-1\" \/>\n<link rel=\"canonical\" href=\"https:\/\/www.truzzer.com\/fr\/produit\/carte-de-visite-whatsapp-avec-code-qr\/\" \/>\n<meta property=\"og:locale\" content=\"fr_FR\" \/>\n<meta property=\"og:type\" content=\"article\" \/>\n<meta property=\"og:title\" content=\"WhatsApp business card with QR code | truzzer\" \/>\n<meta property=\"og:description\" content=\"Connectez-vous via WhatsApp avec WhatsApp business card with QR code de truzzer. Installation facile, pr\u00eat \u00e0 l&#039;emploi. Commandez maintenant !\" \/>\n<meta property=\"og:url\" content=\"https:\/\/www.truzzer.com\/fr\/produit\/carte-de-visite-whatsapp-avec-code-qr\/\" \/>\n<meta property=\"og:site_name\" content=\"truzzer\" \/>\n<meta property=\"article:modified_time\" content=\"2026-02-13T09:57:47+00:00\" \/>\n<meta property=\"og:image\" content=\"https:\/\/www.truzzer.com\/wp-content\/uploads\/2026\/02\/whatsapp-business-card-qr-code-truzzer-1-2.jpg\" \/>\n\t<meta property=\"og:image:width\" content=\"1400\" \/>\n\t<meta property=\"og:image:height\" content=\"1400\" \/>\n\t<meta property=\"og:image:type\" content=\"image\/jpeg\" \/>\n<meta name=\"twitter:card\" content=\"summary_large_image\" \/>\n<meta name=\"twitter:label1\" content=\"Dur\u00e9e de lecture estim\u00e9e\" \/>\n\t<meta name=\"twitter:data1\" content=\"1 minute\" \/>\n<script type=\"application\/ld+json\" class=\"yoast-schema-graph\">{\"@context\":\"https:\/\/schema.org\",\"@graph\":[{\"@type\":\"WebPage\",\"@id\":\"https:\/\/www.truzzer.com\/fr\/produit\/carte-de-visite-whatsapp-avec-code-qr\/\",\"url\":\"https:\/\/www.truzzer.com\/fr\/produit\/carte-de-visite-whatsapp-avec-code-qr\/\",\"name\":\"WhatsApp business card with QR code | truzzer\",\"isPartOf\":{\"@id\":\"https:\/\/www.truzzer.com\/fr\/#website\"},\"primaryImageOfPage\":{\"@id\":\"https:\/\/www.truzzer.com\/fr\/produit\/carte-de-visite-whatsapp-avec-code-qr\/#primaryimage\"},\"image\":{\"@id\":\"https:\/\/www.truzzer.com\/fr\/produit\/carte-de-visite-whatsapp-avec-code-qr\/#primaryimage\"},\"thumbnailUrl\":\"https:\/\/www.truzzer.com\/wp-content\/uploads\/2026\/02\/whatsapp-business-card-qr-code-truzzer-1-2.jpg\",\"datePublished\":\"2026-02-01T20:09:35+00:00\",\"dateModified\":\"2026-02-13T09:57:47+00:00\",\"description\":\"Connectez-vous via WhatsApp avec WhatsApp business card with QR code de truzzer. Installation facile, pr\u00eat \u00e0 l'emploi. Commandez maintenant !\",\"breadcrumb\":{\"@id\":\"https:\/\/www.truzzer.com\/fr\/produit\/carte-de-visite-whatsapp-avec-code-qr\/#breadcrumb\"},\"inLanguage\":\"fr-FR\",\"potentialAction\":[{\"@type\":\"ReadAction\",\"target\":[\"https:\/\/www.truzzer.com\/fr\/produit\/carte-de-visite-whatsapp-avec-code-qr\/\"]}]},{\"@type\":\"ImageObject\",\"inLanguage\":\"fr-FR\",\"@id\":\"https:\/\/www.truzzer.com\/fr\/produit\/carte-de-visite-whatsapp-avec-code-qr\/#primaryimage\",\"url\":\"https:\/\/www.truzzer.com\/wp-content\/uploads\/2026\/02\/whatsapp-business-card-qr-code-truzzer-1-2.jpg\",\"contentUrl\":\"https:\/\/www.truzzer.com\/wp-content\/uploads\/2026\/02\/whatsapp-business-card-qr-code-truzzer-1-2.jpg\",\"width\":1400,\"height\":1400},{\"@type\":\"BreadcrumbList\",\"@id\":\"https:\/\/www.truzzer.com\/fr\/produit\/carte-de-visite-whatsapp-avec-code-qr\/#breadcrumb\",\"itemListElement\":[{\"@type\":\"ListItem\",\"position\":1,\"name\":\"Home\",\"item\":\"https:\/\/www.truzzer.com\/fr\/\"},{\"@type\":\"ListItem\",\"position\":2,\"name\":\"Boutique\",\"item\":\"https:\/\/www.truzzer.com\/fr\/boutique\/\"},{\"@type\":\"ListItem\",\"position\":3,\"name\":\"Carte de visite WhatsApp avec code QR\"}]},{\"@type\":\"WebSite\",\"@id\":\"https:\/\/www.truzzer.com\/fr\/#website\",\"url\":\"https:\/\/www.truzzer.com\/fr\/\",\"name\":\"truzzer\",\"description\":\"Experts for customer trust\",\"publisher\":{\"@id\":\"https:\/\/www.truzzer.com\/fr\/#organization\"},\"potentialAction\":[{\"@type\":\"SearchAction\",\"target\":{\"@type\":\"EntryPoint\",\"urlTemplate\":\"https:\/\/www.truzzer.com\/fr\/?s={search_term_string}\"},\"query-input\":{\"@type\":\"PropertyValueSpecification\",\"valueRequired\":true,\"valueName\":\"search_term_string\"}}],\"inLanguage\":\"fr-FR\"},{\"@type\":\"Organization\",\"@id\":\"https:\/\/www.truzzer.com\/fr\/#organization\",\"name\":\"truzzer\",\"url\":\"https:\/\/www.truzzer.com\/fr\/\",\"logo\":{\"@type\":\"ImageObject\",\"inLanguage\":\"fr-FR\",\"@id\":\"https:\/\/www.truzzer.com\/fr\/#\/schema\/logo\/image\/\",\"url\":\"https:\/\/truzzer.com\/wp-content\/uploads\/2026\/01\/truzzer-logo-black-1.svg\",\"contentUrl\":\"https:\/\/truzzer.com\/wp-content\/uploads\/2026\/01\/truzzer-logo-black-1.svg\",\"width\":938,\"height\":199,\"caption\":\"truzzer\"},\"image\":{\"@id\":\"https:\/\/www.truzzer.com\/fr\/#\/schema\/logo\/image\/\"}}]}<\/script>\n<!-- \/ Yoast SEO plugin. -->","yoast_head_json":{"title":"WhatsApp business card with QR code | truzzer","description":"Connectez-vous via WhatsApp avec WhatsApp business card with QR code de truzzer. Installation facile, pr\u00eat \u00e0 l'emploi. Commandez maintenant !","robots":{"index":"index","follow":"follow","max-snippet":"max-snippet:-1","max-image-preview":"max-image-preview:large","max-video-preview":"max-video-preview:-1"},"canonical":"https:\/\/www.truzzer.com\/fr\/produit\/carte-de-visite-whatsapp-avec-code-qr\/","og_locale":"fr_FR","og_type":"article","og_title":"WhatsApp business card with QR code | truzzer","og_description":"Connectez-vous via WhatsApp avec WhatsApp business card with QR code de truzzer. Installation facile, pr\u00eat \u00e0 l'emploi. Commandez maintenant !","og_url":"https:\/\/www.truzzer.com\/fr\/produit\/carte-de-visite-whatsapp-avec-code-qr\/","og_site_name":"truzzer","article_modified_time":"2026-02-13T09:57:47+00:00","og_image":[{"width":1400,"height":1400,"url":"https:\/\/www.truzzer.com\/wp-content\/uploads\/2026\/02\/whatsapp-business-card-qr-code-truzzer-1-2.jpg","type":"image\/jpeg"}],"twitter_card":"summary_large_image","twitter_misc":{"Dur\u00e9e de lecture estim\u00e9e":"1 minute"},"schema":{"@context":"https:\/\/schema.org","@graph":[{"@type":"WebPage","@id":"https:\/\/www.truzzer.com\/fr\/produit\/carte-de-visite-whatsapp-avec-code-qr\/","url":"https:\/\/www.truzzer.com\/fr\/produit\/carte-de-visite-whatsapp-avec-code-qr\/","name":"WhatsApp business card with QR code | truzzer","isPartOf":{"@id":"https:\/\/www.truzzer.com\/fr\/#website"},"primaryImageOfPage":{"@id":"https:\/\/www.truzzer.com\/fr\/produit\/carte-de-visite-whatsapp-avec-code-qr\/#primaryimage"},"image":{"@id":"https:\/\/www.truzzer.com\/fr\/produit\/carte-de-visite-whatsapp-avec-code-qr\/#primaryimage"},"thumbnailUrl":"https:\/\/www.truzzer.com\/wp-content\/uploads\/2026\/02\/whatsapp-business-card-qr-code-truzzer-1-2.jpg","datePublished":"2026-02-01T20:09:35+00:00","dateModified":"2026-02-13T09:57:47+00:00","description":"Connectez-vous via WhatsApp avec WhatsApp business card with QR code de truzzer. Installation facile, pr\u00eat \u00e0 l'emploi. Commandez maintenant !","breadcrumb":{"@id":"https:\/\/www.truzzer.com\/fr\/produit\/carte-de-visite-whatsapp-avec-code-qr\/#breadcrumb"},"inLanguage":"fr-FR","potentialAction":[{"@type":"ReadAction","target":["https:\/\/www.truzzer.com\/fr\/produit\/carte-de-visite-whatsapp-avec-code-qr\/"]}]},{"@type":"ImageObject","inLanguage":"fr-FR","@id":"https:\/\/www.truzzer.com\/fr\/produit\/carte-de-visite-whatsapp-avec-code-qr\/#primaryimage","url":"https:\/\/www.truzzer.com\/wp-content\/uploads\/2026\/02\/whatsapp-business-card-qr-code-truzzer-1-2.jpg","contentUrl":"https:\/\/www.truzzer.com\/wp-content\/uploads\/2026\/02\/whatsapp-business-card-qr-code-truzzer-1-2.jpg","width":1400,"height":1400},{"@type":"BreadcrumbList","@id":"https:\/\/www.truzzer.com\/fr\/produit\/carte-de-visite-whatsapp-avec-code-qr\/#breadcrumb","itemListElement":[{"@type":"ListItem","position":1,"name":"Home","item":"https:\/\/www.truzzer.com\/fr\/"},{"@type":"ListItem","position":2,"name":"Boutique","item":"https:\/\/www.truzzer.com\/fr\/boutique\/"},{"@type":"ListItem","position":3,"name":"Carte de visite WhatsApp avec code QR"}]},{"@type":"WebSite","@id":"https:\/\/www.truzzer.com\/fr\/#website","url":"https:\/\/www.truzzer.com\/fr\/","name":"truzzer","description":"Experts for customer trust","publisher":{"@id":"https:\/\/www.truzzer.com\/fr\/#organization"},"potentialAction":[{"@type":"SearchAction","target":{"@type":"EntryPoint","urlTemplate":"https:\/\/www.truzzer.com\/fr\/?s={search_term_string}"},"query-input":{"@type":"PropertyValueSpecification","valueRequired":true,"valueName":"search_term_string"}}],"inLanguage":"fr-FR"},{"@type":"Organization","@id":"https:\/\/www.truzzer.com\/fr\/#organization","name":"truzzer","url":"https:\/\/www.truzzer.com\/fr\/","logo":{"@type":"ImageObject","inLanguage":"fr-FR","@id":"https:\/\/www.truzzer.com\/fr\/#\/schema\/logo\/image\/","url":"https:\/\/truzzer.com\/wp-content\/uploads\/2026\/01\/truzzer-logo-black-1.svg","contentUrl":"https:\/\/truzzer.com\/wp-content\/uploads\/2026\/01\/truzzer-logo-black-1.svg","width":938,"height":199,"caption":"truzzer"},"image":{"@id":"https:\/\/www.truzzer.com\/fr\/#\/schema\/logo\/image\/"}}]}},"tiered_pricing_type":"fixed","tiered_pricing_fixed_rules":[],"tiered_pricing_product_settings":{"layout":"default","base_unit_name":{"singular":null,"plural":null},"default_variation":null},"tiered_pricing_minimum_quantity":null,"tiered_pricing_roles_data":[],"tiered_pricing_percentage_rules":[],"tiered_pricing_maximum_quantity":null,"tiered_pricing_quantity_step":null,"_links":{"self":[{"href":"https:\/\/www.truzzer.com\/fr\/wp-json\/wp\/v2\/product\/93579","targetHints":{"allow":["GET"]}}],"collection":[{"href":"https:\/\/www.truzzer.com\/fr\/wp-json\/wp\/v2\/product"}],"about":[{"href":"https:\/\/www.truzzer.com\/fr\/wp-json\/wp\/v2\/types\/product"}],"replies":[{"embeddable":true,"href":"https:\/\/www.truzzer.com\/fr\/wp-json\/wp\/v2\/comments?post=93579"}],"wp:featuredmedia":[{"embeddable":true,"href":"https:\/\/www.truzzer.com\/fr\/wp-json\/wp\/v2\/media\/93580"}],"wp:attachment":[{"href":"https:\/\/www.truzzer.com\/fr\/wp-json\/wp\/v2\/media?parent=93579"}],"wp:term":[{"taxonomy":"product_brand","embeddable":true,"href":"https:\/\/www.truzzer.com\/fr\/wp-json\/wp\/v2\/product_brand?post=93579"},{"taxonomy":"product_cat","embeddable":true,"href":"https:\/\/www.truzzer.com\/fr\/wp-json\/wp\/v2\/product_cat?post=93579"},{"taxonomy":"product_tag","embeddable":true,"href":"https:\/\/www.truzzer.com\/fr\/wp-json\/wp\/v2\/product_tag?post=93579"}],"curies":[{"name":"wp","href":"https:\/\/api.w.org\/{rel}","templated":true}]}}