{"id":93619,"date":"2026-02-01T20:09:17","date_gmt":"2026-02-01T20:09:17","guid":{"rendered":"https:\/\/beta.truzzer.com\/product\/evaluez-nous-sur-google-table-tent\/"},"modified":"2026-02-13T09:59:39","modified_gmt":"2026-02-13T09:59:39","slug":"evaluez-nous-sur-google-table-tent","status":"publish","type":"product","link":"https:\/\/www.truzzer.com\/fr\/produit\/evaluez-nous-sur-google-table-tent\/","title":{"rendered":"Donnez votre avis sur Tente de table Google"},"content":{"rendered":"<h2><strong>Tentes de table pour plus d&rsquo;avis sur Google<br \/>\n<\/strong><\/h2>\n<p>Avec les tentes de table truzzer \u00ab\u00a0\u00c9valuez-nous sur Google\u00a0\u00bb, vous pouvez obtenir des avis positifs de vos clients plus rapidement et am\u00e9liorer votre image et votre r\u00e9putation.<br \/>\nDe plus, vous augmentez le lien avec votre entreprise et votre classement SEO gr\u00e2ce aux avis positifs.<\/p>\n<p>Id\u00e9alement plac\u00e9, par ex. directement sur la table d&rsquo;un restaurant ou sur le comptoir d&rsquo;un cabinet\/magasin, vos clients sont incit\u00e9s \u00e0 vous noter et \u00e0 laisser un avis sur votre profil Google My Business.<br \/>\nSur le devant de la tente de table, les clients trouveront la demande d&rsquo;\u00e9valuation de votre entreprise sur Google, au dos se trouve un code QR avec de br\u00e8ves instructions sur le fonctionnement de l&rsquo;\u00e9valuation.<\/p>\n<p>Le code QR am\u00e8ne les clients directement \u00e0 votre avis Google SANS avoir \u00e0 vous rechercher au pr\u00e9alable sur Google. C&rsquo;est ainsi que vous \u00e9vitez les sauts dans le processus de r\u00e9vision Google.<\/p>\n<p>Vous pouvez facilement personnaliser la tente de table \u00ab\u00a0\u00c9valuez-nous sur Google\u00a0\u00bb avec votre logo et les adapter \u00e0 votre entreprise.<\/p>\n<p>Les produits Donnez-nous votre avis sur Google sont faciles \u00e0 utiliser, ce que nous aimerions vous montrer ci-dessous \u00e0 l&rsquo;aide de l&rsquo;exemple des autocollants d&rsquo;avis.<\/p>\n<p>&nbsp;<\/p>\n<h3>\u00c9tape 1\u00a0: Le client scanne le code QR<\/h3>\n<p>Pour vous suivre, le client n&rsquo;a qu&rsquo;\u00e0 scanner le code QR. Tout ce que vous avez \u00e0 faire est de tenir l&rsquo;appareil photo du smartphone (aucune application de scanner suppl\u00e9mentaire n\u00e9cessaire) au-dessus du produit.<\/p>\n<p><img decoding=\"async\" src=\"https:\/\/www.truzzer.com\/wp-content\/uploads\/2026\/02\/how-to-use-the-product-truzzer-google.jpg.webp\" height=\"933\" width=\"1400\" class=\"alignnone wp-image-22402 size-full\" alt=\"Hand scanning a QR code for Google reviews on a smartphone.\"  > <\/p>\n<p>Une pop-up appara\u00eetra alors sur l&rsquo;\u00e9cran (iPhone) ou un code QR appara\u00eetra (smartphones Android \/ Google).<\/p>\n<h3>\u00c9tape 2\u00a0: Le client acc\u00e8de directement au formulaire d&rsquo;avis Google<\/h3>\n<p>Le formulaire d&rsquo;avis s&rsquo;ouvrira dans le navigateur du smartphone et le client pourra vous \u00e9valuer directement.<\/p>\n<p>Avis\u00a0:<br \/>\nVeuillez noter qu&rsquo;un profil Google My Business est requis pour recevoir des avis Google.<\/p>\n<p>&nbsp;<\/p>\n","protected":false},"excerpt":{"rendered":"<p>Obtenez davantage d&rsquo;avis de clients sur Google gr\u00e2ce \u00e0 la fonction \u00ab \u00c9valuez-nous sur Google \u00bb. tentes de table. Aidez vos clients \u00e0 vous \u00e9valuer facilement sur Google gr\u00e2ce aux \u00e9crans de table pour les avis Google dans le format \u00ab\u00a0minimal\u00a0\u00bb r\u00e9duit et attrayant. un design qui s&rsquo;adapte \u00e0 n&rsquo;importe quelle entreprise.<br \/>\nNous cr\u00e9erons et lierons le code QR pour une \u00e9valuation directe sur votre profil Google pour vous\u00a0! Nous prenons ces informations \u00e0 partir de l&rsquo;adresse de votre entreprise.<br \/>\nVous pouvez trouver plus d\u2019informations sur la fa\u00e7on dont les affichages du tableau vous aident ici\u00a0:<\/p>\n","protected":false},"featured_media":93620,"comment_status":"open","ping_status":"closed","template":"","meta":{"_acf_changed":false,"_yoast_wpseo_focuskw":"Avis Google Chevalet de table","_yoast_wpseo_title":"Review us on Google Table Tent | truzzer","_yoast_wpseo_metadesc":"Plus d'avis 5 \u00e9toiles sur Google avec Review us on Google Table Tent de truzzer. Installation facile, pr\u00eat \u00e0 l'emploi. Commandez !"},"product_brand":[1655],"product_cat":[1012,1013,743,969,479],"product_tag":[],"class_list":{"0":"post-93619","1":"product","2":"type-product","3":"status-publish","4":"has-post-thumbnail","6":"product_brand-google","7":"product_cat-avis-google-presentoirs-de-table","8":"product_cat-avis-google-presentoirs-de-table-avec-code-qr","9":"product_cat-avis-google-produits","10":"product_cat-code-qr-presentoirs-supports","11":"product_cat-code-qr-produits","12":"pa_industry-hotel","13":"pa_industry-medische-praktijk","14":"pa_industry-restaurant-cafe","15":"pa_material-carton","16":"pa_placement-balie-reception","17":"pa_placement-kassa-pos","18":"pa_placement-tafel","19":"pa_product-type-presentoirs-et-stands","20":"pa_technology-code-qr","21":"pa_technology-qr-code","23":"first","24":"instock","25":"taxable","26":"shipping-taxable","27":"purchasable","28":"product-type-simple"},"acf":[],"yoast_head":"<!-- This site is optimized with the Yoast SEO plugin v27.0 - https:\/\/yoast.com\/product\/yoast-seo-wordpress\/ -->\n<title>Review us on Google Table Tent | truzzer<\/title>\n<meta name=\"description\" content=\"Plus d&#039;avis 5 \u00e9toiles sur Google avec Review us on Google Table Tent de truzzer. Installation facile, pr\u00eat \u00e0 l&#039;emploi. Commandez !\" \/>\n<meta name=\"robots\" content=\"index, follow, max-snippet:-1, max-image-preview:large, max-video-preview:-1\" \/>\n<link rel=\"canonical\" href=\"https:\/\/www.truzzer.com\/fr\/produit\/evaluez-nous-sur-google-table-tent\/\" \/>\n<meta property=\"og:locale\" content=\"fr_FR\" \/>\n<meta property=\"og:type\" content=\"article\" \/>\n<meta property=\"og:title\" content=\"Review us on Google Table Tent | truzzer\" \/>\n<meta property=\"og:description\" content=\"Plus d&#039;avis 5 \u00e9toiles sur Google avec Review us on Google Table Tent de truzzer. Installation facile, pr\u00eat \u00e0 l&#039;emploi. Commandez !\" \/>\n<meta property=\"og:url\" content=\"https:\/\/www.truzzer.com\/fr\/produit\/evaluez-nous-sur-google-table-tent\/\" \/>\n<meta property=\"og:site_name\" content=\"truzzer\" \/>\n<meta property=\"article:modified_time\" content=\"2026-02-13T09:59:39+00:00\" \/>\n<meta property=\"og:image\" content=\"https:\/\/www.truzzer.com\/wp-content\/uploads\/2026\/02\/review-us-on-google-table-tent-qr-code-truzzer-5-von-11-2-1.jpg\" \/>\n\t<meta property=\"og:image:width\" content=\"1400\" \/>\n\t<meta property=\"og:image:height\" content=\"1400\" \/>\n\t<meta property=\"og:image:type\" content=\"image\/jpeg\" \/>\n<meta name=\"twitter:card\" content=\"summary_large_image\" \/>\n<meta name=\"twitter:label1\" content=\"Dur\u00e9e de lecture estim\u00e9e\" \/>\n\t<meta name=\"twitter:data1\" content=\"2 minutes\" \/>\n<script type=\"application\/ld+json\" class=\"yoast-schema-graph\">{\"@context\":\"https:\/\/schema.org\",\"@graph\":[{\"@type\":\"WebPage\",\"@id\":\"https:\/\/www.truzzer.com\/fr\/produit\/evaluez-nous-sur-google-table-tent\/\",\"url\":\"https:\/\/www.truzzer.com\/fr\/produit\/evaluez-nous-sur-google-table-tent\/\",\"name\":\"Review us on Google Table Tent | truzzer\",\"isPartOf\":{\"@id\":\"https:\/\/www.truzzer.com\/fr\/#website\"},\"primaryImageOfPage\":{\"@id\":\"https:\/\/www.truzzer.com\/fr\/produit\/evaluez-nous-sur-google-table-tent\/#primaryimage\"},\"image\":{\"@id\":\"https:\/\/www.truzzer.com\/fr\/produit\/evaluez-nous-sur-google-table-tent\/#primaryimage\"},\"thumbnailUrl\":\"https:\/\/www.truzzer.com\/wp-content\/uploads\/2026\/02\/review-us-on-google-table-tent-qr-code-truzzer-5-von-11-2-1.jpg\",\"datePublished\":\"2026-02-01T20:09:17+00:00\",\"dateModified\":\"2026-02-13T09:59:39+00:00\",\"description\":\"Plus d'avis 5 \u00e9toiles sur Google avec Review us on Google Table Tent de truzzer. Installation facile, pr\u00eat \u00e0 l'emploi. Commandez !\",\"breadcrumb\":{\"@id\":\"https:\/\/www.truzzer.com\/fr\/produit\/evaluez-nous-sur-google-table-tent\/#breadcrumb\"},\"inLanguage\":\"fr-FR\",\"potentialAction\":[{\"@type\":\"ReadAction\",\"target\":[\"https:\/\/www.truzzer.com\/fr\/produit\/evaluez-nous-sur-google-table-tent\/\"]}]},{\"@type\":\"ImageObject\",\"inLanguage\":\"fr-FR\",\"@id\":\"https:\/\/www.truzzer.com\/fr\/produit\/evaluez-nous-sur-google-table-tent\/#primaryimage\",\"url\":\"https:\/\/www.truzzer.com\/wp-content\/uploads\/2026\/02\/review-us-on-google-table-tent-qr-code-truzzer-5-von-11-2-1.jpg\",\"contentUrl\":\"https:\/\/www.truzzer.com\/wp-content\/uploads\/2026\/02\/review-us-on-google-table-tent-qr-code-truzzer-5-von-11-2-1.jpg\",\"width\":1400,\"height\":1400},{\"@type\":\"BreadcrumbList\",\"@id\":\"https:\/\/www.truzzer.com\/fr\/produit\/evaluez-nous-sur-google-table-tent\/#breadcrumb\",\"itemListElement\":[{\"@type\":\"ListItem\",\"position\":1,\"name\":\"Home\",\"item\":\"https:\/\/www.truzzer.com\/fr\/\"},{\"@type\":\"ListItem\",\"position\":2,\"name\":\"Boutique\",\"item\":\"https:\/\/www.truzzer.com\/fr\/boutique\/\"},{\"@type\":\"ListItem\",\"position\":3,\"name\":\"Donnez votre avis sur Tente de table Google\"}]},{\"@type\":\"WebSite\",\"@id\":\"https:\/\/www.truzzer.com\/fr\/#website\",\"url\":\"https:\/\/www.truzzer.com\/fr\/\",\"name\":\"truzzer\",\"description\":\"Experts for customer trust\",\"publisher\":{\"@id\":\"https:\/\/www.truzzer.com\/fr\/#organization\"},\"potentialAction\":[{\"@type\":\"SearchAction\",\"target\":{\"@type\":\"EntryPoint\",\"urlTemplate\":\"https:\/\/www.truzzer.com\/fr\/?s={search_term_string}\"},\"query-input\":{\"@type\":\"PropertyValueSpecification\",\"valueRequired\":true,\"valueName\":\"search_term_string\"}}],\"inLanguage\":\"fr-FR\"},{\"@type\":\"Organization\",\"@id\":\"https:\/\/www.truzzer.com\/fr\/#organization\",\"name\":\"truzzer\",\"url\":\"https:\/\/www.truzzer.com\/fr\/\",\"logo\":{\"@type\":\"ImageObject\",\"inLanguage\":\"fr-FR\",\"@id\":\"https:\/\/www.truzzer.com\/fr\/#\/schema\/logo\/image\/\",\"url\":\"https:\/\/truzzer.com\/wp-content\/uploads\/2026\/01\/truzzer-logo-black-1.svg\",\"contentUrl\":\"https:\/\/truzzer.com\/wp-content\/uploads\/2026\/01\/truzzer-logo-black-1.svg\",\"width\":938,\"height\":199,\"caption\":\"truzzer\"},\"image\":{\"@id\":\"https:\/\/www.truzzer.com\/fr\/#\/schema\/logo\/image\/\"}}]}<\/script>\n<!-- \/ Yoast SEO plugin. -->","yoast_head_json":{"title":"Review us on Google Table Tent | truzzer","description":"Plus d'avis 5 \u00e9toiles sur Google avec Review us on Google Table Tent de truzzer. Installation facile, pr\u00eat \u00e0 l'emploi. Commandez !","robots":{"index":"index","follow":"follow","max-snippet":"max-snippet:-1","max-image-preview":"max-image-preview:large","max-video-preview":"max-video-preview:-1"},"canonical":"https:\/\/www.truzzer.com\/fr\/produit\/evaluez-nous-sur-google-table-tent\/","og_locale":"fr_FR","og_type":"article","og_title":"Review us on Google Table Tent | truzzer","og_description":"Plus d'avis 5 \u00e9toiles sur Google avec Review us on Google Table Tent de truzzer. Installation facile, pr\u00eat \u00e0 l'emploi. Commandez !","og_url":"https:\/\/www.truzzer.com\/fr\/produit\/evaluez-nous-sur-google-table-tent\/","og_site_name":"truzzer","article_modified_time":"2026-02-13T09:59:39+00:00","og_image":[{"width":1400,"height":1400,"url":"https:\/\/www.truzzer.com\/wp-content\/uploads\/2026\/02\/review-us-on-google-table-tent-qr-code-truzzer-5-von-11-2-1.jpg","type":"image\/jpeg"}],"twitter_card":"summary_large_image","twitter_misc":{"Dur\u00e9e de lecture estim\u00e9e":"2 minutes"},"schema":{"@context":"https:\/\/schema.org","@graph":[{"@type":"WebPage","@id":"https:\/\/www.truzzer.com\/fr\/produit\/evaluez-nous-sur-google-table-tent\/","url":"https:\/\/www.truzzer.com\/fr\/produit\/evaluez-nous-sur-google-table-tent\/","name":"Review us on Google Table Tent | truzzer","isPartOf":{"@id":"https:\/\/www.truzzer.com\/fr\/#website"},"primaryImageOfPage":{"@id":"https:\/\/www.truzzer.com\/fr\/produit\/evaluez-nous-sur-google-table-tent\/#primaryimage"},"image":{"@id":"https:\/\/www.truzzer.com\/fr\/produit\/evaluez-nous-sur-google-table-tent\/#primaryimage"},"thumbnailUrl":"https:\/\/www.truzzer.com\/wp-content\/uploads\/2026\/02\/review-us-on-google-table-tent-qr-code-truzzer-5-von-11-2-1.jpg","datePublished":"2026-02-01T20:09:17+00:00","dateModified":"2026-02-13T09:59:39+00:00","description":"Plus d'avis 5 \u00e9toiles sur Google avec Review us on Google Table Tent de truzzer. Installation facile, pr\u00eat \u00e0 l'emploi. Commandez !","breadcrumb":{"@id":"https:\/\/www.truzzer.com\/fr\/produit\/evaluez-nous-sur-google-table-tent\/#breadcrumb"},"inLanguage":"fr-FR","potentialAction":[{"@type":"ReadAction","target":["https:\/\/www.truzzer.com\/fr\/produit\/evaluez-nous-sur-google-table-tent\/"]}]},{"@type":"ImageObject","inLanguage":"fr-FR","@id":"https:\/\/www.truzzer.com\/fr\/produit\/evaluez-nous-sur-google-table-tent\/#primaryimage","url":"https:\/\/www.truzzer.com\/wp-content\/uploads\/2026\/02\/review-us-on-google-table-tent-qr-code-truzzer-5-von-11-2-1.jpg","contentUrl":"https:\/\/www.truzzer.com\/wp-content\/uploads\/2026\/02\/review-us-on-google-table-tent-qr-code-truzzer-5-von-11-2-1.jpg","width":1400,"height":1400},{"@type":"BreadcrumbList","@id":"https:\/\/www.truzzer.com\/fr\/produit\/evaluez-nous-sur-google-table-tent\/#breadcrumb","itemListElement":[{"@type":"ListItem","position":1,"name":"Home","item":"https:\/\/www.truzzer.com\/fr\/"},{"@type":"ListItem","position":2,"name":"Boutique","item":"https:\/\/www.truzzer.com\/fr\/boutique\/"},{"@type":"ListItem","position":3,"name":"Donnez votre avis sur Tente de table Google"}]},{"@type":"WebSite","@id":"https:\/\/www.truzzer.com\/fr\/#website","url":"https:\/\/www.truzzer.com\/fr\/","name":"truzzer","description":"Experts for customer trust","publisher":{"@id":"https:\/\/www.truzzer.com\/fr\/#organization"},"potentialAction":[{"@type":"SearchAction","target":{"@type":"EntryPoint","urlTemplate":"https:\/\/www.truzzer.com\/fr\/?s={search_term_string}"},"query-input":{"@type":"PropertyValueSpecification","valueRequired":true,"valueName":"search_term_string"}}],"inLanguage":"fr-FR"},{"@type":"Organization","@id":"https:\/\/www.truzzer.com\/fr\/#organization","name":"truzzer","url":"https:\/\/www.truzzer.com\/fr\/","logo":{"@type":"ImageObject","inLanguage":"fr-FR","@id":"https:\/\/www.truzzer.com\/fr\/#\/schema\/logo\/image\/","url":"https:\/\/truzzer.com\/wp-content\/uploads\/2026\/01\/truzzer-logo-black-1.svg","contentUrl":"https:\/\/truzzer.com\/wp-content\/uploads\/2026\/01\/truzzer-logo-black-1.svg","width":938,"height":199,"caption":"truzzer"},"image":{"@id":"https:\/\/www.truzzer.com\/fr\/#\/schema\/logo\/image\/"}}]}},"tiered_pricing_type":"fixed","tiered_pricing_fixed_rules":[],"tiered_pricing_product_settings":{"layout":"default","base_unit_name":{"singular":null,"plural":null},"default_variation":null},"tiered_pricing_minimum_quantity":null,"tiered_pricing_roles_data":[],"tiered_pricing_percentage_rules":[],"tiered_pricing_maximum_quantity":null,"tiered_pricing_quantity_step":null,"_links":{"self":[{"href":"https:\/\/www.truzzer.com\/fr\/wp-json\/wp\/v2\/product\/93619","targetHints":{"allow":["GET"]}}],"collection":[{"href":"https:\/\/www.truzzer.com\/fr\/wp-json\/wp\/v2\/product"}],"about":[{"href":"https:\/\/www.truzzer.com\/fr\/wp-json\/wp\/v2\/types\/product"}],"replies":[{"embeddable":true,"href":"https:\/\/www.truzzer.com\/fr\/wp-json\/wp\/v2\/comments?post=93619"}],"wp:featuredmedia":[{"embeddable":true,"href":"https:\/\/www.truzzer.com\/fr\/wp-json\/wp\/v2\/media\/93620"}],"wp:attachment":[{"href":"https:\/\/www.truzzer.com\/fr\/wp-json\/wp\/v2\/media?parent=93619"}],"wp:term":[{"taxonomy":"product_brand","embeddable":true,"href":"https:\/\/www.truzzer.com\/fr\/wp-json\/wp\/v2\/product_brand?post=93619"},{"taxonomy":"product_cat","embeddable":true,"href":"https:\/\/www.truzzer.com\/fr\/wp-json\/wp\/v2\/product_cat?post=93619"},{"taxonomy":"product_tag","embeddable":true,"href":"https:\/\/www.truzzer.com\/fr\/wp-json\/wp\/v2\/product_tag?post=93619"}],"curies":[{"name":"wp","href":"https:\/\/api.w.org\/{rel}","templated":true}]}}