{"id":93636,"date":"2026-02-01T20:09:09","date_gmt":"2026-02-01T20:09:09","guid":{"rendered":"https:\/\/beta.truzzer.com\/product\/tripadvisor-review-cards\/"},"modified":"2026-02-13T10:00:54","modified_gmt":"2026-02-13T10:00:54","slug":"tripadvisor-review-cards","status":"publish","type":"product","link":"https:\/\/www.truzzer.com\/fr\/produit\/tripadvisor-review-cards\/","title":{"rendered":"Cartes d&rsquo;examen Tripadvisor"},"content":{"rendered":"<h2>Obtenez facilement plus d&rsquo;avis Tripadvisor de la part des clients<\/h2>\n<p>Avec les <strong>cartes d&rsquo;\u00e9valuation truzzer Tripadvisor<\/strong>, vous pouvez recevoir plus rapidement des \u00e9valuations positives de vos clients satisfaits et am\u00e9liorer votre image et votre r\u00e9putation.<br \/>\nDe plus, vous augmentez le lien avec votre h\u00f4tel gr\u00e2ce aux notes positives.<\/p>\n<p>Dans le format de carte postale DIN A6, \u00e0 la fois pratique et frappant, vous rendez l&rsquo;\u00e9valuation en ligne sur Tripadvisor tangible pour vos invit\u00e9s.<br \/>\nDonnez les fiches d&rsquo;\u00e9valuation \u00e0 l&rsquo;addition, disposez-les dans les chambres ou au restaurant sur les tables. <strong>Termin\u00e9<\/strong>.<\/p>\n<p>Le code QR am\u00e8ne les clients directement \u00e0 votre avis Tripadvisor SANS avoir \u00e0 vous rechercher au pr\u00e9alable sur Google. C&rsquo;est ainsi que vous \u00e9vitez les rebonds dans la notation Tripadvisor.<\/p>\n<p>Vous pouvez facilement personnaliser les fiches d&rsquo;\u00e9valuation Tripadvisor avec votre logo et les adapter \u00e0 votre entreprise.<\/p>\n<h2>Plus d&rsquo;informations<\/h2>\n<p>Le secteur de l&rsquo;h\u00f4tellerie est un march\u00e9 comp\u00e9titif et en constante \u00e9volution. Afin de se d\u00e9marquer de la concurrence, les h\u00f4tels et restaurants doivent trouver des moyens d\u2019interagir avec leurs clients et de leur offrir une exp\u00e9rience exceptionnelle. Une fa\u00e7on de proc\u00e9der consiste \u00e0 utiliser les cartes de code Truzzer TripAdvisor Review QR.<\/p>\n<p>Truzzer TripAdvisor avis Les cartes \u00e0 code QR sont un outil marketing innovant qui permet aux clients de laisser facilement un avis sur leur exp\u00e9rience. Ces cartes contiennent un code QR qui, une fois scann\u00e9, am\u00e8ne le client directement \u00e0 la page TripAdvisor de l&rsquo;h\u00f4tel ou du restaurant. \u00c0 partir de l\u00e0, le client peut laisser un avis et fournir de pr\u00e9cieux commentaires sur son exp\u00e9rience.<\/p>\n<p>Alors, comment les cartes \u00e0 code Truzzer TripAdvisor peuvent-elles augmenter le succ\u00e8s global des h\u00f4tels et des restaurants\u00a0? Pour commencer, les avis constituent une partie importante du processus de prise de d\u00e9cision pour de nombreux clients. En fait, une enqu\u00eate r\u00e9cente a r\u00e9v\u00e9l\u00e9 que 97 % des consommateurs lisent les avis en ligne avant de prendre une d\u00e9cision d\u2019achat. En permettant aux clients de laisser facilement un avis, les h\u00f4tels et les restaurants peuvent accro\u00eetre leur pr\u00e9sence en ligne et renforcer la confiance des clients potentiels.<\/p>\n<p>En outre, les avis peuvent avoir un impact direct sur le classement d&rsquo;une entreprise dans les moteurs de recherche. TripAdvisor est un site d&rsquo;avis populaire et les moteurs de recherche comme Google prennent en compte le nombre et la qualit\u00e9 des avis d&rsquo;une entreprise pour d\u00e9terminer son classement dans les moteurs de recherche. En encourageant les clients \u00e0 laisser des avis gr\u00e2ce \u00e0 l&rsquo;utilisation des cartes \u00e0 code Truzzer TripAdvisor avis QR, les h\u00f4tels et les restaurants peuvent am\u00e9liorer leur visibilit\u00e9 en ligne et attirer plus de clients.<\/p>\n<p>Truzzer TripAdvisor avis Les cartes \u00e0 code QR fournissent \u00e9galement aux h\u00f4tels et aux restaurants de pr\u00e9cieux commentaires sur leurs services. En surveillant les avis, les entreprises peuvent identifier les domaines dans lesquels elles excellent et les domaines dans lesquels elles doivent s&rsquo;am\u00e9liorer. Ces commentaires peuvent \u00eatre utilis\u00e9s pour apporter les modifications n\u00e9cessaires et offrir une exp\u00e9rience encore meilleure aux clients \u00e0 l&rsquo;avenir.<\/p>\n<p>Enfin, les cartes \u00e0 code Truzzer TripAdvisor sont un outil marketing rentable. Ils sont faciles \u00e0 distribuer et peuvent \u00eatre plac\u00e9s \u00e0 des endroits strat\u00e9giques comme les chambres d\u2019h\u00f4tel ou sur les tables des restaurants. En encourageant les clients \u00e0 laisser un avis, les h\u00f4tels et les restaurants peuvent accro\u00eetre leur pr\u00e9sence en ligne sans d\u00e9penser beaucoup d&rsquo;argent en m\u00e9thodes de marketing traditionnelles.<\/p>\n<p>En conclusion, Truzzer TripAdvisor review Les cartes \u00e0 code QR sont un outil pr\u00e9cieux pour les h\u00f4tels et les restaurants qui cherchent \u00e0 accro\u00eetre leur succ\u00e8s global. En permettant aux clients de laisser facilement un avis, les entreprises peuvent am\u00e9liorer leur pr\u00e9sence en ligne, attirer plus de clients et offrir une meilleure exp\u00e9rience \u00e0 leurs clients. Donc, si vous cherchez un moyen de devancer la concurrence, envisagez d&rsquo;utiliser les cartes de code Truzzer TripAdvisor review QR dans votre strat\u00e9gie marketing.<\/p>\n<p><strong>Remarque<\/strong>\u00a0:<br \/>\nVeuillez noter que vous avez besoin de votre propre profil Tripadvisor pour \u00eatre \u00e9valu\u00e9.<\/p>\n","protected":false},"excerpt":{"rendered":"<p>Faites en sorte qu&rsquo;il soit facile pour vos clients de vous \u00e9valuer sur Tripadvisor gr\u00e2ce aux cartes d&rsquo;avis Tripadvisor dans un design r\u00e9duit et attrayant qui peuvent \u00eatre int\u00e9gr\u00e9es dans n&rsquo;importe quel h\u00f4tel.<br \/>\nNous relierons pour vous le code QR \u00e0 votre profil Tripadvisor\u00a0!<\/p>\n","protected":false},"featured_media":93637,"comment_status":"open","ping_status":"closed","template":"","meta":{"_acf_changed":false,"_yoast_wpseo_focuskw":"Avis TripAdvisor Carte de visite","_yoast_wpseo_title":"Tripadvisor Review Cards | truzzer","_yoast_wpseo_metadesc":"Renforcez votre r\u00e9putation TripAdvisor avec Tripadvisor Review Cards de truzzer. Installation facile, pr\u00eat \u00e0 l'emploi. Commandez !"},"product_brand":[1688],"product_cat":[1041,746,479],"product_tag":[],"class_list":{"0":"post-93636","1":"product","2":"type-product","3":"status-publish","4":"has-post-thumbnail","6":"product_brand-tripadvisor","7":"product_cat-avis-tripadvisor-cartes-davis-avec-code-qr","8":"product_cat-code-qr-cartes","9":"product_cat-code-qr-produits","10":"pa_industry-autodealer","11":"pa_industry-detailhandel","12":"pa_industry-schoonheidssalon","13":"pa_material-carton","14":"pa_placement-bon","15":"pa_placement-brochure","16":"pa_placement-verpakking","17":"pa_product-type-carte","18":"pa_shape-rechthoek","19":"pa_technology-code-qr","20":"pa_technology-qr-code","22":"first","23":"instock","24":"taxable","25":"shipping-taxable","26":"purchasable","27":"product-type-simple"},"acf":[],"yoast_head":"<!-- This site is optimized with the Yoast SEO plugin v27.0 - https:\/\/yoast.com\/product\/yoast-seo-wordpress\/ -->\n<title>Tripadvisor Review Cards | truzzer<\/title>\n<meta name=\"description\" content=\"Renforcez votre r\u00e9putation TripAdvisor avec Tripadvisor Review Cards de truzzer. Installation facile, pr\u00eat \u00e0 l&#039;emploi. Commandez !\" \/>\n<meta name=\"robots\" content=\"index, follow, max-snippet:-1, max-image-preview:large, max-video-preview:-1\" \/>\n<link rel=\"canonical\" href=\"https:\/\/www.truzzer.com\/fr\/produit\/tripadvisor-review-cards\/\" \/>\n<meta property=\"og:locale\" content=\"fr_FR\" \/>\n<meta property=\"og:type\" content=\"article\" \/>\n<meta property=\"og:title\" content=\"Tripadvisor Review Cards | truzzer\" \/>\n<meta property=\"og:description\" content=\"Renforcez votre r\u00e9putation TripAdvisor avec Tripadvisor Review Cards de truzzer. Installation facile, pr\u00eat \u00e0 l&#039;emploi. Commandez !\" \/>\n<meta property=\"og:url\" content=\"https:\/\/www.truzzer.com\/fr\/produit\/tripadvisor-review-cards\/\" \/>\n<meta property=\"og:site_name\" content=\"truzzer\" \/>\n<meta property=\"article:modified_time\" content=\"2026-02-13T10:00:54+00:00\" \/>\n<meta property=\"og:image\" content=\"https:\/\/www.truzzer.com\/wp-content\/uploads\/2026\/02\/review-us-on-tripadvisor-card-with-qr-code-full-front-2.jpg\" \/>\n\t<meta property=\"og:image:width\" content=\"1400\" \/>\n\t<meta property=\"og:image:height\" content=\"1400\" \/>\n\t<meta property=\"og:image:type\" content=\"image\/jpeg\" \/>\n<meta name=\"twitter:card\" content=\"summary_large_image\" \/>\n<meta name=\"twitter:label1\" content=\"Dur\u00e9e de lecture estim\u00e9e\" \/>\n\t<meta name=\"twitter:data1\" content=\"3 minutes\" \/>\n<script type=\"application\/ld+json\" class=\"yoast-schema-graph\">{\"@context\":\"https:\/\/schema.org\",\"@graph\":[{\"@type\":\"WebPage\",\"@id\":\"https:\/\/www.truzzer.com\/fr\/produit\/tripadvisor-review-cards\/\",\"url\":\"https:\/\/www.truzzer.com\/fr\/produit\/tripadvisor-review-cards\/\",\"name\":\"Tripadvisor Review Cards | truzzer\",\"isPartOf\":{\"@id\":\"https:\/\/www.truzzer.com\/fr\/#website\"},\"primaryImageOfPage\":{\"@id\":\"https:\/\/www.truzzer.com\/fr\/produit\/tripadvisor-review-cards\/#primaryimage\"},\"image\":{\"@id\":\"https:\/\/www.truzzer.com\/fr\/produit\/tripadvisor-review-cards\/#primaryimage\"},\"thumbnailUrl\":\"https:\/\/www.truzzer.com\/wp-content\/uploads\/2026\/02\/review-us-on-tripadvisor-card-with-qr-code-full-front-2.jpg\",\"datePublished\":\"2026-02-01T20:09:09+00:00\",\"dateModified\":\"2026-02-13T10:00:54+00:00\",\"description\":\"Renforcez votre r\u00e9putation TripAdvisor avec Tripadvisor Review Cards de truzzer. Installation facile, pr\u00eat \u00e0 l'emploi. Commandez !\",\"breadcrumb\":{\"@id\":\"https:\/\/www.truzzer.com\/fr\/produit\/tripadvisor-review-cards\/#breadcrumb\"},\"inLanguage\":\"fr-FR\",\"potentialAction\":[{\"@type\":\"ReadAction\",\"target\":[\"https:\/\/www.truzzer.com\/fr\/produit\/tripadvisor-review-cards\/\"]}]},{\"@type\":\"ImageObject\",\"inLanguage\":\"fr-FR\",\"@id\":\"https:\/\/www.truzzer.com\/fr\/produit\/tripadvisor-review-cards\/#primaryimage\",\"url\":\"https:\/\/www.truzzer.com\/wp-content\/uploads\/2026\/02\/review-us-on-tripadvisor-card-with-qr-code-full-front-2.jpg\",\"contentUrl\":\"https:\/\/www.truzzer.com\/wp-content\/uploads\/2026\/02\/review-us-on-tripadvisor-card-with-qr-code-full-front-2.jpg\",\"width\":1400,\"height\":1400},{\"@type\":\"BreadcrumbList\",\"@id\":\"https:\/\/www.truzzer.com\/fr\/produit\/tripadvisor-review-cards\/#breadcrumb\",\"itemListElement\":[{\"@type\":\"ListItem\",\"position\":1,\"name\":\"Home\",\"item\":\"https:\/\/www.truzzer.com\/fr\/\"},{\"@type\":\"ListItem\",\"position\":2,\"name\":\"Boutique\",\"item\":\"https:\/\/www.truzzer.com\/fr\/boutique\/\"},{\"@type\":\"ListItem\",\"position\":3,\"name\":\"Cartes d&rsquo;examen Tripadvisor\"}]},{\"@type\":\"WebSite\",\"@id\":\"https:\/\/www.truzzer.com\/fr\/#website\",\"url\":\"https:\/\/www.truzzer.com\/fr\/\",\"name\":\"truzzer\",\"description\":\"Experts for customer trust\",\"publisher\":{\"@id\":\"https:\/\/www.truzzer.com\/fr\/#organization\"},\"potentialAction\":[{\"@type\":\"SearchAction\",\"target\":{\"@type\":\"EntryPoint\",\"urlTemplate\":\"https:\/\/www.truzzer.com\/fr\/?s={search_term_string}\"},\"query-input\":{\"@type\":\"PropertyValueSpecification\",\"valueRequired\":true,\"valueName\":\"search_term_string\"}}],\"inLanguage\":\"fr-FR\"},{\"@type\":\"Organization\",\"@id\":\"https:\/\/www.truzzer.com\/fr\/#organization\",\"name\":\"truzzer\",\"url\":\"https:\/\/www.truzzer.com\/fr\/\",\"logo\":{\"@type\":\"ImageObject\",\"inLanguage\":\"fr-FR\",\"@id\":\"https:\/\/www.truzzer.com\/fr\/#\/schema\/logo\/image\/\",\"url\":\"https:\/\/truzzer.com\/wp-content\/uploads\/2026\/01\/truzzer-logo-black-1.svg\",\"contentUrl\":\"https:\/\/truzzer.com\/wp-content\/uploads\/2026\/01\/truzzer-logo-black-1.svg\",\"width\":938,\"height\":199,\"caption\":\"truzzer\"},\"image\":{\"@id\":\"https:\/\/www.truzzer.com\/fr\/#\/schema\/logo\/image\/\"}}]}<\/script>\n<!-- \/ Yoast SEO plugin. -->","yoast_head_json":{"title":"Tripadvisor Review Cards | truzzer","description":"Renforcez votre r\u00e9putation TripAdvisor avec Tripadvisor Review Cards de truzzer. Installation facile, pr\u00eat \u00e0 l'emploi. Commandez !","robots":{"index":"index","follow":"follow","max-snippet":"max-snippet:-1","max-image-preview":"max-image-preview:large","max-video-preview":"max-video-preview:-1"},"canonical":"https:\/\/www.truzzer.com\/fr\/produit\/tripadvisor-review-cards\/","og_locale":"fr_FR","og_type":"article","og_title":"Tripadvisor Review Cards | truzzer","og_description":"Renforcez votre r\u00e9putation TripAdvisor avec Tripadvisor Review Cards de truzzer. Installation facile, pr\u00eat \u00e0 l'emploi. Commandez !","og_url":"https:\/\/www.truzzer.com\/fr\/produit\/tripadvisor-review-cards\/","og_site_name":"truzzer","article_modified_time":"2026-02-13T10:00:54+00:00","og_image":[{"width":1400,"height":1400,"url":"https:\/\/www.truzzer.com\/wp-content\/uploads\/2026\/02\/review-us-on-tripadvisor-card-with-qr-code-full-front-2.jpg","type":"image\/jpeg"}],"twitter_card":"summary_large_image","twitter_misc":{"Dur\u00e9e de lecture estim\u00e9e":"3 minutes"},"schema":{"@context":"https:\/\/schema.org","@graph":[{"@type":"WebPage","@id":"https:\/\/www.truzzer.com\/fr\/produit\/tripadvisor-review-cards\/","url":"https:\/\/www.truzzer.com\/fr\/produit\/tripadvisor-review-cards\/","name":"Tripadvisor Review Cards | truzzer","isPartOf":{"@id":"https:\/\/www.truzzer.com\/fr\/#website"},"primaryImageOfPage":{"@id":"https:\/\/www.truzzer.com\/fr\/produit\/tripadvisor-review-cards\/#primaryimage"},"image":{"@id":"https:\/\/www.truzzer.com\/fr\/produit\/tripadvisor-review-cards\/#primaryimage"},"thumbnailUrl":"https:\/\/www.truzzer.com\/wp-content\/uploads\/2026\/02\/review-us-on-tripadvisor-card-with-qr-code-full-front-2.jpg","datePublished":"2026-02-01T20:09:09+00:00","dateModified":"2026-02-13T10:00:54+00:00","description":"Renforcez votre r\u00e9putation TripAdvisor avec Tripadvisor Review Cards de truzzer. Installation facile, pr\u00eat \u00e0 l'emploi. Commandez !","breadcrumb":{"@id":"https:\/\/www.truzzer.com\/fr\/produit\/tripadvisor-review-cards\/#breadcrumb"},"inLanguage":"fr-FR","potentialAction":[{"@type":"ReadAction","target":["https:\/\/www.truzzer.com\/fr\/produit\/tripadvisor-review-cards\/"]}]},{"@type":"ImageObject","inLanguage":"fr-FR","@id":"https:\/\/www.truzzer.com\/fr\/produit\/tripadvisor-review-cards\/#primaryimage","url":"https:\/\/www.truzzer.com\/wp-content\/uploads\/2026\/02\/review-us-on-tripadvisor-card-with-qr-code-full-front-2.jpg","contentUrl":"https:\/\/www.truzzer.com\/wp-content\/uploads\/2026\/02\/review-us-on-tripadvisor-card-with-qr-code-full-front-2.jpg","width":1400,"height":1400},{"@type":"BreadcrumbList","@id":"https:\/\/www.truzzer.com\/fr\/produit\/tripadvisor-review-cards\/#breadcrumb","itemListElement":[{"@type":"ListItem","position":1,"name":"Home","item":"https:\/\/www.truzzer.com\/fr\/"},{"@type":"ListItem","position":2,"name":"Boutique","item":"https:\/\/www.truzzer.com\/fr\/boutique\/"},{"@type":"ListItem","position":3,"name":"Cartes d&rsquo;examen Tripadvisor"}]},{"@type":"WebSite","@id":"https:\/\/www.truzzer.com\/fr\/#website","url":"https:\/\/www.truzzer.com\/fr\/","name":"truzzer","description":"Experts for customer trust","publisher":{"@id":"https:\/\/www.truzzer.com\/fr\/#organization"},"potentialAction":[{"@type":"SearchAction","target":{"@type":"EntryPoint","urlTemplate":"https:\/\/www.truzzer.com\/fr\/?s={search_term_string}"},"query-input":{"@type":"PropertyValueSpecification","valueRequired":true,"valueName":"search_term_string"}}],"inLanguage":"fr-FR"},{"@type":"Organization","@id":"https:\/\/www.truzzer.com\/fr\/#organization","name":"truzzer","url":"https:\/\/www.truzzer.com\/fr\/","logo":{"@type":"ImageObject","inLanguage":"fr-FR","@id":"https:\/\/www.truzzer.com\/fr\/#\/schema\/logo\/image\/","url":"https:\/\/truzzer.com\/wp-content\/uploads\/2026\/01\/truzzer-logo-black-1.svg","contentUrl":"https:\/\/truzzer.com\/wp-content\/uploads\/2026\/01\/truzzer-logo-black-1.svg","width":938,"height":199,"caption":"truzzer"},"image":{"@id":"https:\/\/www.truzzer.com\/fr\/#\/schema\/logo\/image\/"}}]}},"tiered_pricing_type":"fixed","tiered_pricing_fixed_rules":[],"tiered_pricing_product_settings":{"layout":"default","base_unit_name":{"singular":null,"plural":null},"default_variation":null},"tiered_pricing_minimum_quantity":null,"tiered_pricing_roles_data":[],"tiered_pricing_percentage_rules":[],"tiered_pricing_maximum_quantity":null,"tiered_pricing_quantity_step":null,"_links":{"self":[{"href":"https:\/\/www.truzzer.com\/fr\/wp-json\/wp\/v2\/product\/93636","targetHints":{"allow":["GET"]}}],"collection":[{"href":"https:\/\/www.truzzer.com\/fr\/wp-json\/wp\/v2\/product"}],"about":[{"href":"https:\/\/www.truzzer.com\/fr\/wp-json\/wp\/v2\/types\/product"}],"replies":[{"embeddable":true,"href":"https:\/\/www.truzzer.com\/fr\/wp-json\/wp\/v2\/comments?post=93636"}],"wp:featuredmedia":[{"embeddable":true,"href":"https:\/\/www.truzzer.com\/fr\/wp-json\/wp\/v2\/media\/93637"}],"wp:attachment":[{"href":"https:\/\/www.truzzer.com\/fr\/wp-json\/wp\/v2\/media?parent=93636"}],"wp:term":[{"taxonomy":"product_brand","embeddable":true,"href":"https:\/\/www.truzzer.com\/fr\/wp-json\/wp\/v2\/product_brand?post=93636"},{"taxonomy":"product_cat","embeddable":true,"href":"https:\/\/www.truzzer.com\/fr\/wp-json\/wp\/v2\/product_cat?post=93636"},{"taxonomy":"product_tag","embeddable":true,"href":"https:\/\/www.truzzer.com\/fr\/wp-json\/wp\/v2\/product_tag?post=93636"}],"curies":[{"name":"wp","href":"https:\/\/api.w.org\/{rel}","templated":true}]}}