{"id":93727,"date":"2026-02-01T20:08:40","date_gmt":"2026-02-01T20:08:40","guid":{"rendered":"https:\/\/beta.truzzer.com\/product\/follow-us-on-instagram-sticker-rectangle\/"},"modified":"2026-02-13T07:59:48","modified_gmt":"2026-02-13T07:59:48","slug":"follow-us-on-instagram-sticker-rectangle","status":"publish","type":"product","link":"https:\/\/www.truzzer.com\/fr\/produit\/follow-us-on-instagram-sticker-rectangle\/","title":{"rendered":"Suivez-nous sur Instagram Sticker rectangle"},"content":{"rendered":"<p>Avec les autocollants truzzer Suivez-nous sur Instagram avec le lien de code QR et votre propre nom d&rsquo;utilisateur, vous pouvez facilement obtenir de nouveaux abonn\u00e9s sur Instagram\u00a0!<\/p>\n<p>Dans le format vertical pratique, vous rendez votre compte tangible pour vos clients.<br \/>\nPlacez les autocollants bien en vue dans la zone de paiement, sur la porte d&rsquo;entr\u00e9e ou partout o\u00f9 vos clients peuvent voir les autocollants.<\/p>\n<p>-Convient pour une utilisation int\u00e9rieure et ext\u00e9rieure<br \/>\n&#8211; R\u00e9sistant aux intemp\u00e9ries<br \/>\n-Convient \u00e0 toute surface lisse<br \/>\n-Pour les magasins de d\u00e9tail, les portes ou comme autocollant de voiture Instagram<br \/>\n-Montre \u00e0 vos clients qu&rsquo;ils peuvent \u00e9galement vous trouver sur Instagram<br \/>\n&#8211; Fabriqu\u00e9 individuellement pour vous<\/p>\n<p>Le lien Suivez-nous sur les autocollants Instagram avec le code QR dirige vos clients vers votre profil lorsqu&rsquo;ils scannent le code QR.<\/p>\n<p>Les produits Suivez-nous sur Instagram sont faciles \u00e0 utiliser, ce que nous aimerions vous montrer ci-dessous en utilisant les \u00ab\u00a0autocollants Suivez-nous sur Instagram\u00a0\u00bb comme exemple.<\/p>\n<p>&nbsp;<\/p>\n<h3>\u00c9tape 1\u00a0: Le client scanne le code QR<\/h3>\n<p>Pour vous suivre, le client n&rsquo;a qu&rsquo;\u00e0 scanner le code QR. Tout ce que vous avez \u00e0 faire est de tenir l&rsquo;appareil photo du smartphone (aucune application de scanner suppl\u00e9mentaire n\u00e9cessaire) au-dessus du produit.<\/p>\n<p><img decoding=\"async\" class=\"alignleft wp-image-22262 size-full\" src=\"https:\/\/www.truzzer.com\/wp-content\/uploads\/2026\/02\/how-to-use-the-product-truzzer.jpg.webp\" alt=\"\" width=\"1400\" height=\"933\" \/><\/p>\n<p>Une pop-up appara\u00eetra alors sur l&rsquo;\u00e9cran (iPhone) ou un code QR appara\u00eetra (smartphones Android \/ Google).<\/p>\n<h3>\u00c9tape 2\u00a0: Le client acc\u00e8de directement au profil Instagram<\/h3>\n<p>Instagram s&rsquo;ouvrira alors et le client pourra vous suivre directement. Si facileAvis\u00a0:<br \/>\nVeuillez noter qu&rsquo;un profil Instagram est requis pour obtenir des abonn\u00e9s.<\/p>\n<p>&nbsp;<\/p>\n<p>&nbsp;<\/p>\n","protected":false},"excerpt":{"rendered":"<p>Transformez vos clients en abonn\u00e9s Instagram avec les autocollants personnalis\u00e9s Suivez-nous sur Instagram avec leur propre nom de profil et un lien QR num\u00e9risable vers votre profil Instagram.<\/p>\n<p>-Convient pour une utilisation int\u00e9rieure et ext\u00e9rieure<br \/>\n-R\u00e9sistant aux intemp\u00e9ries<br \/>\n-Convient \u00e0 toute surface lisse<br \/>\n-Pour les magasins de d\u00e9tail, les portes ou comme autocollant de voiture Instagram<br \/>\n-Montre \u00e0 vos clients qu&rsquo;ils peuvent \u00e9galement vous trouver sur Instagram<br \/>\n-Fabriqu\u00e9 individuellement pour vous<br \/>\n-Disponible en trois tailles<\/p>\n<p>Nous associerons pour vous le code QR \u00e0 votre profil Instagram\u00a0!<br \/>\nVeuillez ajouter votre nom d&rsquo;utilisateur plus loin dans le processus de commande, par ex. \u00ab\u00a0@VotreEntreprise\u00a0\u00bb.<\/p>\n","protected":false},"featured_media":93728,"comment_status":"open","ping_status":"closed","template":"","meta":{"_acf_changed":false,"_yoast_wpseo_focuskw":"Instagram QR Code Autocollant","_yoast_wpseo_title":"Follow us on Instagram Sticker rectangle | truzzer","_yoast_wpseo_metadesc":"Plus d'abonn\u00e9s Instagram avec Follow us on Instagram Sticker rectangle de truzzer. Installation facile, pr\u00eat \u00e0 l'emploi. Commandez maintenant !"},"product_brand":[1662],"product_cat":[837,838,823,480,479],"product_tag":[],"class_list":{"0":"post-93727","1":"product","2":"type-product","3":"status-publish","4":"has-post-thumbnail","6":"product_brand-instagram","7":"product_cat-abonnes-instagram-autocollants","8":"product_cat-abonnes-instagram-autocollants-avec-code-qr","9":"product_cat-abonnes-instagram-produits","10":"product_cat-code-qr-autocollants","11":"product_cat-code-qr-produits","12":"pa_product-type-autocollant","13":"pa_shape-rechthoek","14":"pa_technology-code-qr","16":"first","17":"instock","18":"taxable","19":"shipping-taxable","20":"purchasable","21":"product-type-variable","22":"has-default-attributes"},"acf":[],"yoast_head":"<!-- This site is optimized with the Yoast SEO plugin v27.0 - https:\/\/yoast.com\/product\/yoast-seo-wordpress\/ -->\n<title>Follow us on Instagram Sticker rectangle | truzzer<\/title>\n<meta name=\"description\" content=\"Plus d&#039;abonn\u00e9s Instagram avec Follow us on Instagram Sticker rectangle de truzzer. Installation facile, pr\u00eat \u00e0 l&#039;emploi. Commandez maintenant !\" \/>\n<meta name=\"robots\" content=\"index, follow, max-snippet:-1, max-image-preview:large, max-video-preview:-1\" \/>\n<link rel=\"canonical\" href=\"https:\/\/www.truzzer.com\/fr\/produit\/follow-us-on-instagram-sticker-rectangle\/\" \/>\n<meta property=\"og:locale\" content=\"fr_FR\" \/>\n<meta property=\"og:type\" content=\"article\" \/>\n<meta property=\"og:title\" content=\"Follow us on Instagram Sticker rectangle | truzzer\" \/>\n<meta property=\"og:description\" content=\"Plus d&#039;abonn\u00e9s Instagram avec Follow us on Instagram Sticker rectangle de truzzer. Installation facile, pr\u00eat \u00e0 l&#039;emploi. Commandez maintenant !\" \/>\n<meta property=\"og:url\" content=\"https:\/\/www.truzzer.com\/fr\/produit\/follow-us-on-instagram-sticker-rectangle\/\" \/>\n<meta property=\"og:site_name\" content=\"truzzer\" \/>\n<meta property=\"article:modified_time\" content=\"2026-02-13T07:59:48+00:00\" \/>\n<meta property=\"og:image\" content=\"https:\/\/www.truzzer.com\/wp-content\/uploads\/2026\/02\/follow-us-on-instagram-sticker-qr-code-truzzer-4-von-6-1.jpg\" \/>\n\t<meta property=\"og:image:width\" content=\"1400\" \/>\n\t<meta property=\"og:image:height\" content=\"1400\" \/>\n\t<meta property=\"og:image:type\" content=\"image\/jpeg\" \/>\n<meta name=\"twitter:card\" content=\"summary_large_image\" \/>\n<meta name=\"twitter:label1\" content=\"Dur\u00e9e de lecture estim\u00e9e\" \/>\n\t<meta name=\"twitter:data1\" content=\"1 minute\" \/>\n<script type=\"application\/ld+json\" class=\"yoast-schema-graph\">{\"@context\":\"https:\/\/schema.org\",\"@graph\":[{\"@type\":\"WebPage\",\"@id\":\"https:\/\/www.truzzer.com\/fr\/produit\/follow-us-on-instagram-sticker-rectangle\/\",\"url\":\"https:\/\/www.truzzer.com\/fr\/produit\/follow-us-on-instagram-sticker-rectangle\/\",\"name\":\"Follow us on Instagram Sticker rectangle | truzzer\",\"isPartOf\":{\"@id\":\"https:\/\/www.truzzer.com\/fr\/#website\"},\"primaryImageOfPage\":{\"@id\":\"https:\/\/www.truzzer.com\/fr\/produit\/follow-us-on-instagram-sticker-rectangle\/#primaryimage\"},\"image\":{\"@id\":\"https:\/\/www.truzzer.com\/fr\/produit\/follow-us-on-instagram-sticker-rectangle\/#primaryimage\"},\"thumbnailUrl\":\"https:\/\/www.truzzer.com\/wp-content\/uploads\/2026\/02\/follow-us-on-instagram-sticker-qr-code-truzzer-4-von-6-1.jpg\",\"datePublished\":\"2026-02-01T20:08:40+00:00\",\"dateModified\":\"2026-02-13T07:59:48+00:00\",\"description\":\"Plus d'abonn\u00e9s Instagram avec Follow us on Instagram Sticker rectangle de truzzer. Installation facile, pr\u00eat \u00e0 l'emploi. Commandez maintenant !\",\"breadcrumb\":{\"@id\":\"https:\/\/www.truzzer.com\/fr\/produit\/follow-us-on-instagram-sticker-rectangle\/#breadcrumb\"},\"inLanguage\":\"fr-FR\",\"potentialAction\":[{\"@type\":\"ReadAction\",\"target\":[\"https:\/\/www.truzzer.com\/fr\/produit\/follow-us-on-instagram-sticker-rectangle\/\"]}]},{\"@type\":\"ImageObject\",\"inLanguage\":\"fr-FR\",\"@id\":\"https:\/\/www.truzzer.com\/fr\/produit\/follow-us-on-instagram-sticker-rectangle\/#primaryimage\",\"url\":\"https:\/\/www.truzzer.com\/wp-content\/uploads\/2026\/02\/follow-us-on-instagram-sticker-qr-code-truzzer-4-von-6-1.jpg\",\"contentUrl\":\"https:\/\/www.truzzer.com\/wp-content\/uploads\/2026\/02\/follow-us-on-instagram-sticker-qr-code-truzzer-4-von-6-1.jpg\",\"width\":1400,\"height\":1400},{\"@type\":\"BreadcrumbList\",\"@id\":\"https:\/\/www.truzzer.com\/fr\/produit\/follow-us-on-instagram-sticker-rectangle\/#breadcrumb\",\"itemListElement\":[{\"@type\":\"ListItem\",\"position\":1,\"name\":\"Home\",\"item\":\"https:\/\/www.truzzer.com\/fr\/\"},{\"@type\":\"ListItem\",\"position\":2,\"name\":\"Boutique\",\"item\":\"https:\/\/www.truzzer.com\/fr\/boutique\/\"},{\"@type\":\"ListItem\",\"position\":3,\"name\":\"Suivez-nous sur Instagram Sticker rectangle\"}]},{\"@type\":\"WebSite\",\"@id\":\"https:\/\/www.truzzer.com\/fr\/#website\",\"url\":\"https:\/\/www.truzzer.com\/fr\/\",\"name\":\"truzzer\",\"description\":\"Experts for customer trust\",\"publisher\":{\"@id\":\"https:\/\/www.truzzer.com\/fr\/#organization\"},\"potentialAction\":[{\"@type\":\"SearchAction\",\"target\":{\"@type\":\"EntryPoint\",\"urlTemplate\":\"https:\/\/www.truzzer.com\/fr\/?s={search_term_string}\"},\"query-input\":{\"@type\":\"PropertyValueSpecification\",\"valueRequired\":true,\"valueName\":\"search_term_string\"}}],\"inLanguage\":\"fr-FR\"},{\"@type\":\"Organization\",\"@id\":\"https:\/\/www.truzzer.com\/fr\/#organization\",\"name\":\"truzzer\",\"url\":\"https:\/\/www.truzzer.com\/fr\/\",\"logo\":{\"@type\":\"ImageObject\",\"inLanguage\":\"fr-FR\",\"@id\":\"https:\/\/www.truzzer.com\/fr\/#\/schema\/logo\/image\/\",\"url\":\"https:\/\/truzzer.com\/wp-content\/uploads\/2026\/01\/truzzer-logo-black-1.svg\",\"contentUrl\":\"https:\/\/truzzer.com\/wp-content\/uploads\/2026\/01\/truzzer-logo-black-1.svg\",\"width\":938,\"height\":199,\"caption\":\"truzzer\"},\"image\":{\"@id\":\"https:\/\/www.truzzer.com\/fr\/#\/schema\/logo\/image\/\"}}]}<\/script>\n<!-- \/ Yoast SEO plugin. -->","yoast_head_json":{"title":"Follow us on Instagram Sticker rectangle | truzzer","description":"Plus d'abonn\u00e9s Instagram avec Follow us on Instagram Sticker rectangle de truzzer. Installation facile, pr\u00eat \u00e0 l'emploi. Commandez maintenant !","robots":{"index":"index","follow":"follow","max-snippet":"max-snippet:-1","max-image-preview":"max-image-preview:large","max-video-preview":"max-video-preview:-1"},"canonical":"https:\/\/www.truzzer.com\/fr\/produit\/follow-us-on-instagram-sticker-rectangle\/","og_locale":"fr_FR","og_type":"article","og_title":"Follow us on Instagram Sticker rectangle | truzzer","og_description":"Plus d'abonn\u00e9s Instagram avec Follow us on Instagram Sticker rectangle de truzzer. Installation facile, pr\u00eat \u00e0 l'emploi. Commandez maintenant !","og_url":"https:\/\/www.truzzer.com\/fr\/produit\/follow-us-on-instagram-sticker-rectangle\/","og_site_name":"truzzer","article_modified_time":"2026-02-13T07:59:48+00:00","og_image":[{"width":1400,"height":1400,"url":"https:\/\/www.truzzer.com\/wp-content\/uploads\/2026\/02\/follow-us-on-instagram-sticker-qr-code-truzzer-4-von-6-1.jpg","type":"image\/jpeg"}],"twitter_card":"summary_large_image","twitter_misc":{"Dur\u00e9e de lecture estim\u00e9e":"1 minute"},"schema":{"@context":"https:\/\/schema.org","@graph":[{"@type":"WebPage","@id":"https:\/\/www.truzzer.com\/fr\/produit\/follow-us-on-instagram-sticker-rectangle\/","url":"https:\/\/www.truzzer.com\/fr\/produit\/follow-us-on-instagram-sticker-rectangle\/","name":"Follow us on Instagram Sticker rectangle | truzzer","isPartOf":{"@id":"https:\/\/www.truzzer.com\/fr\/#website"},"primaryImageOfPage":{"@id":"https:\/\/www.truzzer.com\/fr\/produit\/follow-us-on-instagram-sticker-rectangle\/#primaryimage"},"image":{"@id":"https:\/\/www.truzzer.com\/fr\/produit\/follow-us-on-instagram-sticker-rectangle\/#primaryimage"},"thumbnailUrl":"https:\/\/www.truzzer.com\/wp-content\/uploads\/2026\/02\/follow-us-on-instagram-sticker-qr-code-truzzer-4-von-6-1.jpg","datePublished":"2026-02-01T20:08:40+00:00","dateModified":"2026-02-13T07:59:48+00:00","description":"Plus d'abonn\u00e9s Instagram avec Follow us on Instagram Sticker rectangle de truzzer. Installation facile, pr\u00eat \u00e0 l'emploi. Commandez maintenant !","breadcrumb":{"@id":"https:\/\/www.truzzer.com\/fr\/produit\/follow-us-on-instagram-sticker-rectangle\/#breadcrumb"},"inLanguage":"fr-FR","potentialAction":[{"@type":"ReadAction","target":["https:\/\/www.truzzer.com\/fr\/produit\/follow-us-on-instagram-sticker-rectangle\/"]}]},{"@type":"ImageObject","inLanguage":"fr-FR","@id":"https:\/\/www.truzzer.com\/fr\/produit\/follow-us-on-instagram-sticker-rectangle\/#primaryimage","url":"https:\/\/www.truzzer.com\/wp-content\/uploads\/2026\/02\/follow-us-on-instagram-sticker-qr-code-truzzer-4-von-6-1.jpg","contentUrl":"https:\/\/www.truzzer.com\/wp-content\/uploads\/2026\/02\/follow-us-on-instagram-sticker-qr-code-truzzer-4-von-6-1.jpg","width":1400,"height":1400},{"@type":"BreadcrumbList","@id":"https:\/\/www.truzzer.com\/fr\/produit\/follow-us-on-instagram-sticker-rectangle\/#breadcrumb","itemListElement":[{"@type":"ListItem","position":1,"name":"Home","item":"https:\/\/www.truzzer.com\/fr\/"},{"@type":"ListItem","position":2,"name":"Boutique","item":"https:\/\/www.truzzer.com\/fr\/boutique\/"},{"@type":"ListItem","position":3,"name":"Suivez-nous sur Instagram Sticker rectangle"}]},{"@type":"WebSite","@id":"https:\/\/www.truzzer.com\/fr\/#website","url":"https:\/\/www.truzzer.com\/fr\/","name":"truzzer","description":"Experts for customer trust","publisher":{"@id":"https:\/\/www.truzzer.com\/fr\/#organization"},"potentialAction":[{"@type":"SearchAction","target":{"@type":"EntryPoint","urlTemplate":"https:\/\/www.truzzer.com\/fr\/?s={search_term_string}"},"query-input":{"@type":"PropertyValueSpecification","valueRequired":true,"valueName":"search_term_string"}}],"inLanguage":"fr-FR"},{"@type":"Organization","@id":"https:\/\/www.truzzer.com\/fr\/#organization","name":"truzzer","url":"https:\/\/www.truzzer.com\/fr\/","logo":{"@type":"ImageObject","inLanguage":"fr-FR","@id":"https:\/\/www.truzzer.com\/fr\/#\/schema\/logo\/image\/","url":"https:\/\/truzzer.com\/wp-content\/uploads\/2026\/01\/truzzer-logo-black-1.svg","contentUrl":"https:\/\/truzzer.com\/wp-content\/uploads\/2026\/01\/truzzer-logo-black-1.svg","width":938,"height":199,"caption":"truzzer"},"image":{"@id":"https:\/\/www.truzzer.com\/fr\/#\/schema\/logo\/image\/"}}]}},"tiered_pricing_type":"fixed","tiered_pricing_fixed_rules":[],"tiered_pricing_product_settings":{"layout":"default","base_unit_name":{"singular":null,"plural":null},"default_variation":null},"tiered_pricing_minimum_quantity":null,"tiered_pricing_roles_data":[],"tiered_pricing_percentage_rules":[],"tiered_pricing_maximum_quantity":null,"tiered_pricing_quantity_step":null,"_links":{"self":[{"href":"https:\/\/www.truzzer.com\/fr\/wp-json\/wp\/v2\/product\/93727","targetHints":{"allow":["GET"]}}],"collection":[{"href":"https:\/\/www.truzzer.com\/fr\/wp-json\/wp\/v2\/product"}],"about":[{"href":"https:\/\/www.truzzer.com\/fr\/wp-json\/wp\/v2\/types\/product"}],"replies":[{"embeddable":true,"href":"https:\/\/www.truzzer.com\/fr\/wp-json\/wp\/v2\/comments?post=93727"}],"wp:featuredmedia":[{"embeddable":true,"href":"https:\/\/www.truzzer.com\/fr\/wp-json\/wp\/v2\/media\/93728"}],"wp:attachment":[{"href":"https:\/\/www.truzzer.com\/fr\/wp-json\/wp\/v2\/media?parent=93727"}],"wp:term":[{"taxonomy":"product_brand","embeddable":true,"href":"https:\/\/www.truzzer.com\/fr\/wp-json\/wp\/v2\/product_brand?post=93727"},{"taxonomy":"product_cat","embeddable":true,"href":"https:\/\/www.truzzer.com\/fr\/wp-json\/wp\/v2\/product_cat?post=93727"},{"taxonomy":"product_tag","embeddable":true,"href":"https:\/\/www.truzzer.com\/fr\/wp-json\/wp\/v2\/product_tag?post=93727"}],"curies":[{"name":"wp","href":"https:\/\/api.w.org\/{rel}","templated":true}]}}