{"id":93991,"date":"2026-02-01T20:07:56","date_gmt":"2026-02-01T20:07:56","guid":{"rendered":"https:\/\/beta.truzzer.com\/product\/review-us-on-google-package-bold-cards-and-stickers\/"},"modified":"2026-02-13T08:06:01","modified_gmt":"2026-02-13T08:06:01","slug":"review-us-on-google-package-bold-cards-and-stickers","status":"publish","type":"product","link":"https:\/\/www.truzzer.com\/fr\/produit\/review-us-on-google-package-bold-cards-and-stickers\/","title":{"rendered":"Donnez votre avis sur Google Package Bold &#8211; Cartes et autocollants"},"content":{"rendered":"<h2>Obtenez simplement plus d&rsquo;avis Google de la part des clients<\/h2>\n<p>Avec le package d&rsquo;avis truzzer Google, vous pouvez obtenir plus rapidement des avis positifs de vos clients satisfaits et am\u00e9liorer votre image et votre r\u00e9putation.<br \/>\nDe plus, vous augmentez le lien avec votre entreprise et votre classement SEO gr\u00e2ce aux avis positifs.<\/p>\n<p>L&rsquo;ensemble comprend nos best-sellers\u00a0:<\/p>\n<ul>\n<li>100 cartes d&rsquo;\u00e9valuation Google en gras avec logo et lien de code QR<\/li>\n<li>5\u00a0autocollants Google (design audacieux) avec\u00a0logo et code QR<\/li>\n<\/ul>\n<p><strong>Cartes d&rsquo;\u00e9valuation Google en gras<br \/>\n<\/strong><\/p>\n<p>Dans le format de carte postale DIN A6, \u00e0 la fois pratique et frappant, vous rendez l&rsquo;\u00e9valuation en ligne tangible pour vos clients.<br \/>\nMettez les cartes d&rsquo;avis truzzer Google dans les sacs de courses de vos clients, remettez-les sur l&rsquo;addition, envoyez-les avec vos produits ou placez-les sur les tables du restaurant. Termin\u00e9.<\/p>\n<p><strong>Autocollants d&rsquo;examen Google en gras<br \/>\n<\/strong><\/p>\n<p>-Convient pour une utilisation int\u00e9rieure et ext\u00e9rieure<br \/>\n&#8211; R\u00e9sistant aux intemp\u00e9ries<br \/>\n-Convient \u00e0 toute surface lisse<br \/>\n-Pour les magasins de d\u00e9tail, les portes ou comme autocollant de voiture Google<br \/>\n-Montre \u00e0 vos clients qu&rsquo;ils peuvent \u00e9galement vous trouver sur Google<br \/>\n&#8211; Fabriqu\u00e9 individuellement pour vous<\/p>\n<p>Les produits Donnez-nous votre avis sur Google sont faciles \u00e0 utiliser, ce que nous aimerions vous montrer ci-dessous \u00e0 l&rsquo;aide de l&rsquo;exemple des autocollants d&rsquo;avis.<\/p>\n<p>&nbsp;<\/p>\n<h3>\u00c9tape 1\u00a0: Le client scanne le code QR<\/h3>\n<p>Pour vous suivre, le client n&rsquo;a qu&rsquo;\u00e0 scanner le code QR. Tout ce que vous avez \u00e0 faire est de tenir l&rsquo;appareil photo du smartphone (aucune application de scanner suppl\u00e9mentaire n\u00e9cessaire) au-dessus du produit.<\/p>\n<p><img decoding=\"async\" src=\"https:\/\/www.truzzer.com\/wp-content\/uploads\/2026\/02\/how-to-use-the-product-truzzer-google.jpg.webp\" height=\"933\" width=\"1400\" class=\"alignnone wp-image-22402 size-full\" alt=\"Hand scanning a QR code for Google reviews on a smartphone.\"  > <\/p>\n<p>Une pop-up appara\u00eetra alors sur l&rsquo;\u00e9cran (iPhone) ou un code QR appara\u00eetra (smartphones Android \/ Google).<\/p>\n<h3>\u00c9tape 2\u00a0: Le client acc\u00e8de directement au formulaire d&rsquo;avis Google<\/h3>\n<p>Le formulaire d&rsquo;avis s&rsquo;ouvrira dans le navigateur du smartphone et le client pourra vous \u00e9valuer directement.<\/p>\n<p>Avis\u00a0:<br \/>\nVeuillez noter qu&rsquo;un profil Google My Business est requis pour recevoir des avis Google.<\/p>\n<p>&nbsp;<\/p>\n","protected":false},"excerpt":{"rendered":"<p><strong>Rendez l&rsquo;avis Google tangible pour vos clients<\/strong><\/p>\n<p>Le package d&rsquo;\u00e9valuation truzzer Google \u00ab\u00a0Bold\u00a0\u00bb\u00a0;\u00a0 compos\u00e9 des best-sellers absolus de notre boutique &#8211; 100 \u00e9valuez-nous sur les cartes Google au design audacieux et 5 autocollants Google d&rsquo;un diam\u00e8tre de 14,8 cm \/ 5,8&#8243; .<\/p>\n<p>Les cartes et autocollants sont personnalis\u00e9s avec votre logo et le code QR m\u00e8ne directement \u00e0 votre formulaire d&rsquo;avis sur Google.<br \/>\nNous cr\u00e9erons et lierons pour vous le code QR pour une \u00e9valuation directe sur votre profil Google\u00a0!<br \/>\nNous prenons ces informations \u00e0 partir de l&rsquo;adresse de votre entreprise.<\/p>\n<p>Vous pouvez trouver plus d&rsquo;informations sur la fa\u00e7on dont les cartes vous aident ici\u00a0:\n<\/p>\n<p>&nbsp;<\/p>\n","protected":false},"featured_media":93992,"comment_status":"open","ping_status":"closed","template":"","meta":{"_acf_changed":false,"_yoast_wpseo_focuskw":"Avis Google Pack","_yoast_wpseo_title":"Review us on Google Package Bold \u2013 Cards and St... | truzzer","_yoast_wpseo_metadesc":"Plus d'avis 5 \u00e9toiles sur Google avec Review us on Google Package Bold \u2013 Cards and Stickers de truzzer. Installation facile, pr\u00eat \u00e0 l'emploi. Commandez !"},"product_brand":[1655],"product_cat":[1092,743,479,1093],"product_tag":[],"class_list":{"0":"post-93991","1":"product","2":"type-product","3":"status-publish","4":"has-post-thumbnail","6":"product_brand-google","7":"product_cat-avis-google-forfait","8":"product_cat-avis-google-produits","9":"product_cat-code-qr-produits","10":"product_cat-lots","11":"pa_industry-detailhandel","12":"pa_industry-fitness-gym","13":"pa_industry-restaurant-cafe","14":"pa_material-vinyl","15":"pa_placement-balie-reception","16":"pa_placement-verpakking","17":"pa_placement-window-door","18":"pa_product-type-autocollant","19":"pa_technology-code-qr","20":"pa_technology-qr-code","22":"first","23":"instock","24":"taxable","25":"shipping-taxable","26":"purchasable","27":"product-type-simple"},"acf":[],"yoast_head":"<!-- This site is optimized with the Yoast SEO plugin v27.0 - https:\/\/yoast.com\/product\/yoast-seo-wordpress\/ -->\n<title>Review us on Google Package Bold \u2013 Cards and St... | truzzer<\/title>\n<meta name=\"description\" content=\"Plus d&#039;avis 5 \u00e9toiles sur Google avec Review us on Google Package Bold \u2013 Cards and Stickers de truzzer. Installation facile, pr\u00eat \u00e0 l&#039;emploi. Commandez !\" \/>\n<meta name=\"robots\" content=\"index, follow, max-snippet:-1, max-image-preview:large, max-video-preview:-1\" \/>\n<link rel=\"canonical\" href=\"https:\/\/www.truzzer.com\/fr\/produit\/review-us-on-google-package-bold-cards-and-stickers\/\" \/>\n<meta property=\"og:locale\" content=\"fr_FR\" \/>\n<meta property=\"og:type\" content=\"article\" \/>\n<meta property=\"og:title\" content=\"Review us on Google Package Bold \u2013 Cards and St... | truzzer\" \/>\n<meta property=\"og:description\" content=\"Plus d&#039;avis 5 \u00e9toiles sur Google avec Review us on Google Package Bold \u2013 Cards and Stickers de truzzer. Installation facile, pr\u00eat \u00e0 l&#039;emploi. Commandez !\" \/>\n<meta property=\"og:url\" content=\"https:\/\/www.truzzer.com\/fr\/produit\/review-us-on-google-package-bold-cards-and-stickers\/\" \/>\n<meta property=\"og:site_name\" content=\"truzzer\" \/>\n<meta property=\"article:modified_time\" content=\"2026-02-13T08:06:01+00:00\" \/>\n<meta property=\"og:image\" content=\"https:\/\/www.truzzer.com\/wp-content\/uploads\/2026\/02\/review-us-on-google-package-bold-front-qr-code-truzzer-1-von-11-1.jpg\" \/>\n\t<meta property=\"og:image:width\" content=\"1400\" \/>\n\t<meta property=\"og:image:height\" content=\"1400\" \/>\n\t<meta property=\"og:image:type\" content=\"image\/jpeg\" \/>\n<meta name=\"twitter:card\" content=\"summary_large_image\" \/>\n<meta name=\"twitter:label1\" content=\"Dur\u00e9e de lecture estim\u00e9e\" \/>\n\t<meta name=\"twitter:data1\" content=\"2 minutes\" \/>\n<script type=\"application\/ld+json\" class=\"yoast-schema-graph\">{\"@context\":\"https:\/\/schema.org\",\"@graph\":[{\"@type\":\"WebPage\",\"@id\":\"https:\/\/www.truzzer.com\/fr\/produit\/review-us-on-google-package-bold-cards-and-stickers\/\",\"url\":\"https:\/\/www.truzzer.com\/fr\/produit\/review-us-on-google-package-bold-cards-and-stickers\/\",\"name\":\"Review us on Google Package Bold \u2013 Cards and St... | truzzer\",\"isPartOf\":{\"@id\":\"https:\/\/www.truzzer.com\/fr\/#website\"},\"primaryImageOfPage\":{\"@id\":\"https:\/\/www.truzzer.com\/fr\/produit\/review-us-on-google-package-bold-cards-and-stickers\/#primaryimage\"},\"image\":{\"@id\":\"https:\/\/www.truzzer.com\/fr\/produit\/review-us-on-google-package-bold-cards-and-stickers\/#primaryimage\"},\"thumbnailUrl\":\"https:\/\/www.truzzer.com\/wp-content\/uploads\/2026\/02\/review-us-on-google-package-bold-front-qr-code-truzzer-1-von-11-1.jpg\",\"datePublished\":\"2026-02-01T20:07:56+00:00\",\"dateModified\":\"2026-02-13T08:06:01+00:00\",\"description\":\"Plus d'avis 5 \u00e9toiles sur Google avec Review us on Google Package Bold \u2013 Cards and Stickers de truzzer. Installation facile, pr\u00eat \u00e0 l'emploi. Commandez !\",\"breadcrumb\":{\"@id\":\"https:\/\/www.truzzer.com\/fr\/produit\/review-us-on-google-package-bold-cards-and-stickers\/#breadcrumb\"},\"inLanguage\":\"fr-FR\",\"potentialAction\":[{\"@type\":\"ReadAction\",\"target\":[\"https:\/\/www.truzzer.com\/fr\/produit\/review-us-on-google-package-bold-cards-and-stickers\/\"]}]},{\"@type\":\"ImageObject\",\"inLanguage\":\"fr-FR\",\"@id\":\"https:\/\/www.truzzer.com\/fr\/produit\/review-us-on-google-package-bold-cards-and-stickers\/#primaryimage\",\"url\":\"https:\/\/www.truzzer.com\/wp-content\/uploads\/2026\/02\/review-us-on-google-package-bold-front-qr-code-truzzer-1-von-11-1.jpg\",\"contentUrl\":\"https:\/\/www.truzzer.com\/wp-content\/uploads\/2026\/02\/review-us-on-google-package-bold-front-qr-code-truzzer-1-von-11-1.jpg\",\"width\":1400,\"height\":1400},{\"@type\":\"BreadcrumbList\",\"@id\":\"https:\/\/www.truzzer.com\/fr\/produit\/review-us-on-google-package-bold-cards-and-stickers\/#breadcrumb\",\"itemListElement\":[{\"@type\":\"ListItem\",\"position\":1,\"name\":\"Home\",\"item\":\"https:\/\/www.truzzer.com\/fr\/\"},{\"@type\":\"ListItem\",\"position\":2,\"name\":\"Boutique\",\"item\":\"https:\/\/www.truzzer.com\/fr\/boutique\/\"},{\"@type\":\"ListItem\",\"position\":3,\"name\":\"Donnez votre avis sur Google Package Bold &#8211; Cartes et autocollants\"}]},{\"@type\":\"WebSite\",\"@id\":\"https:\/\/www.truzzer.com\/fr\/#website\",\"url\":\"https:\/\/www.truzzer.com\/fr\/\",\"name\":\"truzzer\",\"description\":\"Experts for customer trust\",\"publisher\":{\"@id\":\"https:\/\/www.truzzer.com\/fr\/#organization\"},\"potentialAction\":[{\"@type\":\"SearchAction\",\"target\":{\"@type\":\"EntryPoint\",\"urlTemplate\":\"https:\/\/www.truzzer.com\/fr\/?s={search_term_string}\"},\"query-input\":{\"@type\":\"PropertyValueSpecification\",\"valueRequired\":true,\"valueName\":\"search_term_string\"}}],\"inLanguage\":\"fr-FR\"},{\"@type\":\"Organization\",\"@id\":\"https:\/\/www.truzzer.com\/fr\/#organization\",\"name\":\"truzzer\",\"url\":\"https:\/\/www.truzzer.com\/fr\/\",\"logo\":{\"@type\":\"ImageObject\",\"inLanguage\":\"fr-FR\",\"@id\":\"https:\/\/www.truzzer.com\/fr\/#\/schema\/logo\/image\/\",\"url\":\"https:\/\/truzzer.com\/wp-content\/uploads\/2026\/01\/truzzer-logo-black-1.svg\",\"contentUrl\":\"https:\/\/truzzer.com\/wp-content\/uploads\/2026\/01\/truzzer-logo-black-1.svg\",\"width\":938,\"height\":199,\"caption\":\"truzzer\"},\"image\":{\"@id\":\"https:\/\/www.truzzer.com\/fr\/#\/schema\/logo\/image\/\"}}]}<\/script>\n<!-- \/ Yoast SEO plugin. -->","yoast_head_json":{"title":"Review us on Google Package Bold \u2013 Cards and St... | truzzer","description":"Plus d'avis 5 \u00e9toiles sur Google avec Review us on Google Package Bold \u2013 Cards and Stickers de truzzer. Installation facile, pr\u00eat \u00e0 l'emploi. Commandez !","robots":{"index":"index","follow":"follow","max-snippet":"max-snippet:-1","max-image-preview":"max-image-preview:large","max-video-preview":"max-video-preview:-1"},"canonical":"https:\/\/www.truzzer.com\/fr\/produit\/review-us-on-google-package-bold-cards-and-stickers\/","og_locale":"fr_FR","og_type":"article","og_title":"Review us on Google Package Bold \u2013 Cards and St... | truzzer","og_description":"Plus d'avis 5 \u00e9toiles sur Google avec Review us on Google Package Bold \u2013 Cards and Stickers de truzzer. Installation facile, pr\u00eat \u00e0 l'emploi. Commandez !","og_url":"https:\/\/www.truzzer.com\/fr\/produit\/review-us-on-google-package-bold-cards-and-stickers\/","og_site_name":"truzzer","article_modified_time":"2026-02-13T08:06:01+00:00","og_image":[{"width":1400,"height":1400,"url":"https:\/\/www.truzzer.com\/wp-content\/uploads\/2026\/02\/review-us-on-google-package-bold-front-qr-code-truzzer-1-von-11-1.jpg","type":"image\/jpeg"}],"twitter_card":"summary_large_image","twitter_misc":{"Dur\u00e9e de lecture estim\u00e9e":"2 minutes"},"schema":{"@context":"https:\/\/schema.org","@graph":[{"@type":"WebPage","@id":"https:\/\/www.truzzer.com\/fr\/produit\/review-us-on-google-package-bold-cards-and-stickers\/","url":"https:\/\/www.truzzer.com\/fr\/produit\/review-us-on-google-package-bold-cards-and-stickers\/","name":"Review us on Google Package Bold \u2013 Cards and St... | truzzer","isPartOf":{"@id":"https:\/\/www.truzzer.com\/fr\/#website"},"primaryImageOfPage":{"@id":"https:\/\/www.truzzer.com\/fr\/produit\/review-us-on-google-package-bold-cards-and-stickers\/#primaryimage"},"image":{"@id":"https:\/\/www.truzzer.com\/fr\/produit\/review-us-on-google-package-bold-cards-and-stickers\/#primaryimage"},"thumbnailUrl":"https:\/\/www.truzzer.com\/wp-content\/uploads\/2026\/02\/review-us-on-google-package-bold-front-qr-code-truzzer-1-von-11-1.jpg","datePublished":"2026-02-01T20:07:56+00:00","dateModified":"2026-02-13T08:06:01+00:00","description":"Plus d'avis 5 \u00e9toiles sur Google avec Review us on Google Package Bold \u2013 Cards and Stickers de truzzer. Installation facile, pr\u00eat \u00e0 l'emploi. Commandez !","breadcrumb":{"@id":"https:\/\/www.truzzer.com\/fr\/produit\/review-us-on-google-package-bold-cards-and-stickers\/#breadcrumb"},"inLanguage":"fr-FR","potentialAction":[{"@type":"ReadAction","target":["https:\/\/www.truzzer.com\/fr\/produit\/review-us-on-google-package-bold-cards-and-stickers\/"]}]},{"@type":"ImageObject","inLanguage":"fr-FR","@id":"https:\/\/www.truzzer.com\/fr\/produit\/review-us-on-google-package-bold-cards-and-stickers\/#primaryimage","url":"https:\/\/www.truzzer.com\/wp-content\/uploads\/2026\/02\/review-us-on-google-package-bold-front-qr-code-truzzer-1-von-11-1.jpg","contentUrl":"https:\/\/www.truzzer.com\/wp-content\/uploads\/2026\/02\/review-us-on-google-package-bold-front-qr-code-truzzer-1-von-11-1.jpg","width":1400,"height":1400},{"@type":"BreadcrumbList","@id":"https:\/\/www.truzzer.com\/fr\/produit\/review-us-on-google-package-bold-cards-and-stickers\/#breadcrumb","itemListElement":[{"@type":"ListItem","position":1,"name":"Home","item":"https:\/\/www.truzzer.com\/fr\/"},{"@type":"ListItem","position":2,"name":"Boutique","item":"https:\/\/www.truzzer.com\/fr\/boutique\/"},{"@type":"ListItem","position":3,"name":"Donnez votre avis sur Google Package Bold &#8211; Cartes et autocollants"}]},{"@type":"WebSite","@id":"https:\/\/www.truzzer.com\/fr\/#website","url":"https:\/\/www.truzzer.com\/fr\/","name":"truzzer","description":"Experts for customer trust","publisher":{"@id":"https:\/\/www.truzzer.com\/fr\/#organization"},"potentialAction":[{"@type":"SearchAction","target":{"@type":"EntryPoint","urlTemplate":"https:\/\/www.truzzer.com\/fr\/?s={search_term_string}"},"query-input":{"@type":"PropertyValueSpecification","valueRequired":true,"valueName":"search_term_string"}}],"inLanguage":"fr-FR"},{"@type":"Organization","@id":"https:\/\/www.truzzer.com\/fr\/#organization","name":"truzzer","url":"https:\/\/www.truzzer.com\/fr\/","logo":{"@type":"ImageObject","inLanguage":"fr-FR","@id":"https:\/\/www.truzzer.com\/fr\/#\/schema\/logo\/image\/","url":"https:\/\/truzzer.com\/wp-content\/uploads\/2026\/01\/truzzer-logo-black-1.svg","contentUrl":"https:\/\/truzzer.com\/wp-content\/uploads\/2026\/01\/truzzer-logo-black-1.svg","width":938,"height":199,"caption":"truzzer"},"image":{"@id":"https:\/\/www.truzzer.com\/fr\/#\/schema\/logo\/image\/"}}]}},"tiered_pricing_type":"fixed","tiered_pricing_fixed_rules":[],"tiered_pricing_product_settings":{"layout":"default","base_unit_name":{"singular":null,"plural":null},"default_variation":null},"tiered_pricing_minimum_quantity":109,"tiered_pricing_roles_data":[],"tiered_pricing_percentage_rules":[],"tiered_pricing_maximum_quantity":null,"tiered_pricing_quantity_step":null,"_links":{"self":[{"href":"https:\/\/www.truzzer.com\/fr\/wp-json\/wp\/v2\/product\/93991","targetHints":{"allow":["GET"]}}],"collection":[{"href":"https:\/\/www.truzzer.com\/fr\/wp-json\/wp\/v2\/product"}],"about":[{"href":"https:\/\/www.truzzer.com\/fr\/wp-json\/wp\/v2\/types\/product"}],"replies":[{"embeddable":true,"href":"https:\/\/www.truzzer.com\/fr\/wp-json\/wp\/v2\/comments?post=93991"}],"wp:featuredmedia":[{"embeddable":true,"href":"https:\/\/www.truzzer.com\/fr\/wp-json\/wp\/v2\/media\/93992"}],"wp:attachment":[{"href":"https:\/\/www.truzzer.com\/fr\/wp-json\/wp\/v2\/media?parent=93991"}],"wp:term":[{"taxonomy":"product_brand","embeddable":true,"href":"https:\/\/www.truzzer.com\/fr\/wp-json\/wp\/v2\/product_brand?post=93991"},{"taxonomy":"product_cat","embeddable":true,"href":"https:\/\/www.truzzer.com\/fr\/wp-json\/wp\/v2\/product_cat?post=93991"},{"taxonomy":"product_tag","embeddable":true,"href":"https:\/\/www.truzzer.com\/fr\/wp-json\/wp\/v2\/product_tag?post=93991"}],"curies":[{"name":"wp","href":"https:\/\/api.w.org\/{rel}","templated":true}]}}