{"id":94011,"date":"2026-02-01T20:07:48","date_gmt":"2026-02-01T20:07:48","guid":{"rendered":"https:\/\/beta.truzzer.com\/product\/follow-us-on-tiktok-business-card-clean\/"},"modified":"2026-02-13T08:07:14","modified_gmt":"2026-02-13T08:07:14","slug":"follow-us-on-tiktok-business-card-clean","status":"publish","type":"product","link":"https:\/\/www.truzzer.com\/fr\/produit\/follow-us-on-tiktok-business-card-clean\/","title":{"rendered":"Suivez-nous sur TikTok Carte de Visite \u00ab\u00a0Clean\u00a0\u00bb"},"content":{"rendered":"<h2>Transformez simplement vos clients en abonn\u00e9s<\/h2>\n<p>Avec les cartes de visite truzzer TikTok, vous pouvez facilement transformer vos clients en v\u00e9ritables abonn\u00e9s TikTok r\u00e9ellement int\u00e9ress\u00e9s par votre offre et votre contenu.<br \/>\nDe cette fa\u00e7on, vous pouvez lier efficacement votre groupe cible.<\/p>\n<p>Dans un format de carte de visite pratique, vous rendez votre profil TikTok accessible \u00e0 vos clients \u00e0 tout moment et en tout lieu.<br \/>\nMettez les cartes de visite truzzer TikTok dans les sacs de courses de vos clients, remettez-les sur la facture ou remettez-les directement aux clients. Termin\u00e9.<\/p>\n<p>Le code QR am\u00e8ne les clients directement \u00e0 votre profil TikTok sans avoir \u00e0 vous chercher.<\/p>\n<p>Vous pouvez facilement personnaliser les cartes de visite TikTok avec votre logo et les adapter \u00e0 votre entreprise.<\/p>\n<p>Les produits Suivez-nous sur TikTok sont faciles \u00e0 utiliser, ce que nous aimerions vous montrer ci-dessous en utilisant l&rsquo;exemple \u00ab\u00a0Suivez-nous sur l&rsquo;autocollant Instagram\u00a0\u00bb.<\/p>\n<p>&nbsp;<\/p>\n<h3>\u00c9tape 1\u00a0: Le client scanne le code QR<\/h3>\n<p>Pour vous suivre, le client n&rsquo;a qu&rsquo;\u00e0 scanner le code QR. Tout ce que vous avez \u00e0 faire est de tenir l&rsquo;appareil photo du smartphone (aucune application de scanner suppl\u00e9mentaire n\u00e9cessaire) au-dessus du produit.<\/p>\n<p><img decoding=\"async\" class=\"alignleft wp-image-22262 size-full\" src=\"https:\/\/www.truzzer.com\/wp-content\/uploads\/2026\/02\/how-to-use-the-product-truzzer.jpg.webp\" alt=\"\" width=\"1400\" height=\"933\" \/><\/p>\n<p>Une pop-up appara\u00eetra alors sur l&rsquo;\u00e9cran (iPhone) ou un code QR appara\u00eetra (smartphones Android \/ Google).<\/p>\n<h3>\u00c9tape 2\u00a0: Le client acc\u00e8de directement au profil Instagram<\/h3>\n<p>Instagram s&rsquo;ouvrira alors et le client pourra vous suivre directement. Si facileAvis\u00a0:<br \/>\nVeuillez noter qu&rsquo;un profil Instagram est requis pour obtenir des abonn\u00e9s.<\/p>\n<p>&nbsp;<\/p>\n","protected":false},"excerpt":{"rendered":"<p>Faites en sorte que vos clients vous suivent facilement sur TikTok gr\u00e2ce au TikTok &#8220;Clean&#8221; cartes de visite au design r\u00e9duit et attrayant qui s&rsquo;int\u00e8grent dans n&rsquo;importe quelle entreprise.<br \/>\nNous relierons pour vous le code QR \u00e0 votre profil TikTok\u00a0!<br \/>\n et entrez votre nom d&rsquo;utilisateur TikTok.<\/p>\n","protected":false},"featured_media":94012,"comment_status":"open","ping_status":"closed","template":"","meta":{"_acf_changed":false,"_yoast_wpseo_focuskw":"TikTok QR Code Carte de visite","_yoast_wpseo_title":"Follow us on TikTok Business Card \u00ab\u00a0Clean\u00a0\u00bb | truzzer","_yoast_wpseo_metadesc":"Augmentez votre port\u00e9e TikTok avec Follow us on TikTok Business Card \u00ab\u00a0Clean\u00a0\u00bb de truzzer. Installation facile, pr\u00eat \u00e0 l'emploi. Commandez !"},"product_brand":[1683],"product_cat":[1132,1133,620,596,479],"product_tag":[],"class_list":{"0":"post-94011","1":"product","2":"type-product","3":"status-publish","4":"has-post-thumbnail","6":"product_brand-tiktok","7":"product_cat-abonnes-tiktok-cartes-de-visite","8":"product_cat-abonnes-tiktok-cartes-de-visite-avec-code-qr","9":"product_cat-abonnes-tiktok-produits","10":"product_cat-code-qr-cartes-de-visite","11":"product_cat-code-qr-produits","12":"pa_industry-bureau-consultation","13":"pa_industry-onroerend-goed","14":"pa_industry-services-locaux","15":"pa_material-carton","16":"pa_placement-balie-reception","17":"pa_placement-brochure","18":"pa_placement-portemonnee-personlijk","19":"pa_product-type-visites-touristiques","20":"pa_technology-qr-code","22":"first","23":"instock","24":"taxable","25":"shipping-taxable","26":"purchasable","27":"product-type-simple"},"acf":[],"yoast_head":"<!-- This site is optimized with the Yoast SEO plugin v27.0 - https:\/\/yoast.com\/product\/yoast-seo-wordpress\/ -->\n<title>Follow us on TikTok Business Card \u00ab\u00a0Clean\u00a0\u00bb | truzzer<\/title>\n<meta name=\"description\" content=\"Augmentez votre port\u00e9e TikTok avec Follow us on TikTok Business Card \u00ab\u00a0Clean\u00a0\u00bb de truzzer. Installation facile, pr\u00eat \u00e0 l&#039;emploi. Commandez !\" \/>\n<meta name=\"robots\" content=\"index, follow, max-snippet:-1, max-image-preview:large, max-video-preview:-1\" \/>\n<link rel=\"canonical\" href=\"https:\/\/www.truzzer.com\/fr\/produit\/follow-us-on-tiktok-business-card-clean\/\" \/>\n<meta property=\"og:locale\" content=\"fr_FR\" \/>\n<meta property=\"og:type\" content=\"article\" \/>\n<meta property=\"og:title\" content=\"Follow us on TikTok Business Card \u00ab\u00a0Clean\u00a0\u00bb | truzzer\" \/>\n<meta property=\"og:description\" content=\"Augmentez votre port\u00e9e TikTok avec Follow us on TikTok Business Card \u00ab\u00a0Clean\u00a0\u00bb de truzzer. Installation facile, pr\u00eat \u00e0 l&#039;emploi. Commandez !\" \/>\n<meta property=\"og:url\" content=\"https:\/\/www.truzzer.com\/fr\/produit\/follow-us-on-tiktok-business-card-clean\/\" \/>\n<meta property=\"og:site_name\" content=\"truzzer\" \/>\n<meta property=\"article:modified_time\" content=\"2026-02-13T08:07:14+00:00\" \/>\n<meta property=\"og:image\" content=\"https:\/\/www.truzzer.com\/wp-content\/uploads\/2026\/02\/follow-us-on-tiktok-business-card-front-truzzer-square-1.jpg\" \/>\n\t<meta property=\"og:image:width\" content=\"1061\" \/>\n\t<meta property=\"og:image:height\" content=\"1061\" \/>\n\t<meta property=\"og:image:type\" content=\"image\/jpeg\" \/>\n<meta name=\"twitter:card\" content=\"summary_large_image\" \/>\n<meta name=\"twitter:label1\" content=\"Dur\u00e9e de lecture estim\u00e9e\" \/>\n\t<meta name=\"twitter:data1\" content=\"1 minute\" \/>\n<script type=\"application\/ld+json\" class=\"yoast-schema-graph\">{\"@context\":\"https:\/\/schema.org\",\"@graph\":[{\"@type\":\"WebPage\",\"@id\":\"https:\/\/www.truzzer.com\/fr\/produit\/follow-us-on-tiktok-business-card-clean\/\",\"url\":\"https:\/\/www.truzzer.com\/fr\/produit\/follow-us-on-tiktok-business-card-clean\/\",\"name\":\"Follow us on TikTok Business Card \u00ab\u00a0Clean\u00a0\u00bb | truzzer\",\"isPartOf\":{\"@id\":\"https:\/\/www.truzzer.com\/fr\/#website\"},\"primaryImageOfPage\":{\"@id\":\"https:\/\/www.truzzer.com\/fr\/produit\/follow-us-on-tiktok-business-card-clean\/#primaryimage\"},\"image\":{\"@id\":\"https:\/\/www.truzzer.com\/fr\/produit\/follow-us-on-tiktok-business-card-clean\/#primaryimage\"},\"thumbnailUrl\":\"https:\/\/www.truzzer.com\/wp-content\/uploads\/2026\/02\/follow-us-on-tiktok-business-card-front-truzzer-square-1.jpg\",\"datePublished\":\"2026-02-01T20:07:48+00:00\",\"dateModified\":\"2026-02-13T08:07:14+00:00\",\"description\":\"Augmentez votre port\u00e9e TikTok avec Follow us on TikTok Business Card \u00ab\u00a0Clean\u00a0\u00bb de truzzer. Installation facile, pr\u00eat \u00e0 l'emploi. Commandez !\",\"breadcrumb\":{\"@id\":\"https:\/\/www.truzzer.com\/fr\/produit\/follow-us-on-tiktok-business-card-clean\/#breadcrumb\"},\"inLanguage\":\"fr-FR\",\"potentialAction\":[{\"@type\":\"ReadAction\",\"target\":[\"https:\/\/www.truzzer.com\/fr\/produit\/follow-us-on-tiktok-business-card-clean\/\"]}]},{\"@type\":\"ImageObject\",\"inLanguage\":\"fr-FR\",\"@id\":\"https:\/\/www.truzzer.com\/fr\/produit\/follow-us-on-tiktok-business-card-clean\/#primaryimage\",\"url\":\"https:\/\/www.truzzer.com\/wp-content\/uploads\/2026\/02\/follow-us-on-tiktok-business-card-front-truzzer-square-1.jpg\",\"contentUrl\":\"https:\/\/www.truzzer.com\/wp-content\/uploads\/2026\/02\/follow-us-on-tiktok-business-card-front-truzzer-square-1.jpg\",\"width\":1061,\"height\":1061},{\"@type\":\"BreadcrumbList\",\"@id\":\"https:\/\/www.truzzer.com\/fr\/produit\/follow-us-on-tiktok-business-card-clean\/#breadcrumb\",\"itemListElement\":[{\"@type\":\"ListItem\",\"position\":1,\"name\":\"Home\",\"item\":\"https:\/\/www.truzzer.com\/fr\/\"},{\"@type\":\"ListItem\",\"position\":2,\"name\":\"Boutique\",\"item\":\"https:\/\/www.truzzer.com\/fr\/boutique\/\"},{\"@type\":\"ListItem\",\"position\":3,\"name\":\"Suivez-nous sur TikTok Carte de Visite \u00ab\u00a0Clean\u00a0\u00bb\"}]},{\"@type\":\"WebSite\",\"@id\":\"https:\/\/www.truzzer.com\/fr\/#website\",\"url\":\"https:\/\/www.truzzer.com\/fr\/\",\"name\":\"truzzer\",\"description\":\"Experts for customer trust\",\"publisher\":{\"@id\":\"https:\/\/www.truzzer.com\/fr\/#organization\"},\"potentialAction\":[{\"@type\":\"SearchAction\",\"target\":{\"@type\":\"EntryPoint\",\"urlTemplate\":\"https:\/\/www.truzzer.com\/fr\/?s={search_term_string}\"},\"query-input\":{\"@type\":\"PropertyValueSpecification\",\"valueRequired\":true,\"valueName\":\"search_term_string\"}}],\"inLanguage\":\"fr-FR\"},{\"@type\":\"Organization\",\"@id\":\"https:\/\/www.truzzer.com\/fr\/#organization\",\"name\":\"truzzer\",\"url\":\"https:\/\/www.truzzer.com\/fr\/\",\"logo\":{\"@type\":\"ImageObject\",\"inLanguage\":\"fr-FR\",\"@id\":\"https:\/\/www.truzzer.com\/fr\/#\/schema\/logo\/image\/\",\"url\":\"https:\/\/truzzer.com\/wp-content\/uploads\/2026\/01\/truzzer-logo-black-1.svg\",\"contentUrl\":\"https:\/\/truzzer.com\/wp-content\/uploads\/2026\/01\/truzzer-logo-black-1.svg\",\"width\":938,\"height\":199,\"caption\":\"truzzer\"},\"image\":{\"@id\":\"https:\/\/www.truzzer.com\/fr\/#\/schema\/logo\/image\/\"}}]}<\/script>\n<!-- \/ Yoast SEO plugin. -->","yoast_head_json":{"title":"Follow us on TikTok Business Card \u00ab\u00a0Clean\u00a0\u00bb | truzzer","description":"Augmentez votre port\u00e9e TikTok avec Follow us on TikTok Business Card \u00ab\u00a0Clean\u00a0\u00bb de truzzer. Installation facile, pr\u00eat \u00e0 l'emploi. Commandez !","robots":{"index":"index","follow":"follow","max-snippet":"max-snippet:-1","max-image-preview":"max-image-preview:large","max-video-preview":"max-video-preview:-1"},"canonical":"https:\/\/www.truzzer.com\/fr\/produit\/follow-us-on-tiktok-business-card-clean\/","og_locale":"fr_FR","og_type":"article","og_title":"Follow us on TikTok Business Card \u00ab\u00a0Clean\u00a0\u00bb | truzzer","og_description":"Augmentez votre port\u00e9e TikTok avec Follow us on TikTok Business Card \u00ab\u00a0Clean\u00a0\u00bb de truzzer. Installation facile, pr\u00eat \u00e0 l'emploi. Commandez !","og_url":"https:\/\/www.truzzer.com\/fr\/produit\/follow-us-on-tiktok-business-card-clean\/","og_site_name":"truzzer","article_modified_time":"2026-02-13T08:07:14+00:00","og_image":[{"width":1061,"height":1061,"url":"https:\/\/www.truzzer.com\/wp-content\/uploads\/2026\/02\/follow-us-on-tiktok-business-card-front-truzzer-square-1.jpg","type":"image\/jpeg"}],"twitter_card":"summary_large_image","twitter_misc":{"Dur\u00e9e de lecture estim\u00e9e":"1 minute"},"schema":{"@context":"https:\/\/schema.org","@graph":[{"@type":"WebPage","@id":"https:\/\/www.truzzer.com\/fr\/produit\/follow-us-on-tiktok-business-card-clean\/","url":"https:\/\/www.truzzer.com\/fr\/produit\/follow-us-on-tiktok-business-card-clean\/","name":"Follow us on TikTok Business Card \u00ab\u00a0Clean\u00a0\u00bb | truzzer","isPartOf":{"@id":"https:\/\/www.truzzer.com\/fr\/#website"},"primaryImageOfPage":{"@id":"https:\/\/www.truzzer.com\/fr\/produit\/follow-us-on-tiktok-business-card-clean\/#primaryimage"},"image":{"@id":"https:\/\/www.truzzer.com\/fr\/produit\/follow-us-on-tiktok-business-card-clean\/#primaryimage"},"thumbnailUrl":"https:\/\/www.truzzer.com\/wp-content\/uploads\/2026\/02\/follow-us-on-tiktok-business-card-front-truzzer-square-1.jpg","datePublished":"2026-02-01T20:07:48+00:00","dateModified":"2026-02-13T08:07:14+00:00","description":"Augmentez votre port\u00e9e TikTok avec Follow us on TikTok Business Card \u00ab\u00a0Clean\u00a0\u00bb de truzzer. Installation facile, pr\u00eat \u00e0 l'emploi. Commandez !","breadcrumb":{"@id":"https:\/\/www.truzzer.com\/fr\/produit\/follow-us-on-tiktok-business-card-clean\/#breadcrumb"},"inLanguage":"fr-FR","potentialAction":[{"@type":"ReadAction","target":["https:\/\/www.truzzer.com\/fr\/produit\/follow-us-on-tiktok-business-card-clean\/"]}]},{"@type":"ImageObject","inLanguage":"fr-FR","@id":"https:\/\/www.truzzer.com\/fr\/produit\/follow-us-on-tiktok-business-card-clean\/#primaryimage","url":"https:\/\/www.truzzer.com\/wp-content\/uploads\/2026\/02\/follow-us-on-tiktok-business-card-front-truzzer-square-1.jpg","contentUrl":"https:\/\/www.truzzer.com\/wp-content\/uploads\/2026\/02\/follow-us-on-tiktok-business-card-front-truzzer-square-1.jpg","width":1061,"height":1061},{"@type":"BreadcrumbList","@id":"https:\/\/www.truzzer.com\/fr\/produit\/follow-us-on-tiktok-business-card-clean\/#breadcrumb","itemListElement":[{"@type":"ListItem","position":1,"name":"Home","item":"https:\/\/www.truzzer.com\/fr\/"},{"@type":"ListItem","position":2,"name":"Boutique","item":"https:\/\/www.truzzer.com\/fr\/boutique\/"},{"@type":"ListItem","position":3,"name":"Suivez-nous sur TikTok Carte de Visite \u00ab\u00a0Clean\u00a0\u00bb"}]},{"@type":"WebSite","@id":"https:\/\/www.truzzer.com\/fr\/#website","url":"https:\/\/www.truzzer.com\/fr\/","name":"truzzer","description":"Experts for customer trust","publisher":{"@id":"https:\/\/www.truzzer.com\/fr\/#organization"},"potentialAction":[{"@type":"SearchAction","target":{"@type":"EntryPoint","urlTemplate":"https:\/\/www.truzzer.com\/fr\/?s={search_term_string}"},"query-input":{"@type":"PropertyValueSpecification","valueRequired":true,"valueName":"search_term_string"}}],"inLanguage":"fr-FR"},{"@type":"Organization","@id":"https:\/\/www.truzzer.com\/fr\/#organization","name":"truzzer","url":"https:\/\/www.truzzer.com\/fr\/","logo":{"@type":"ImageObject","inLanguage":"fr-FR","@id":"https:\/\/www.truzzer.com\/fr\/#\/schema\/logo\/image\/","url":"https:\/\/truzzer.com\/wp-content\/uploads\/2026\/01\/truzzer-logo-black-1.svg","contentUrl":"https:\/\/truzzer.com\/wp-content\/uploads\/2026\/01\/truzzer-logo-black-1.svg","width":938,"height":199,"caption":"truzzer"},"image":{"@id":"https:\/\/www.truzzer.com\/fr\/#\/schema\/logo\/image\/"}}]}},"tiered_pricing_type":"fixed","tiered_pricing_fixed_rules":[],"tiered_pricing_product_settings":{"layout":"default","base_unit_name":{"singular":null,"plural":null},"default_variation":null},"tiered_pricing_minimum_quantity":null,"tiered_pricing_roles_data":[],"tiered_pricing_percentage_rules":[],"tiered_pricing_maximum_quantity":null,"tiered_pricing_quantity_step":null,"_links":{"self":[{"href":"https:\/\/www.truzzer.com\/fr\/wp-json\/wp\/v2\/product\/94011","targetHints":{"allow":["GET"]}}],"collection":[{"href":"https:\/\/www.truzzer.com\/fr\/wp-json\/wp\/v2\/product"}],"about":[{"href":"https:\/\/www.truzzer.com\/fr\/wp-json\/wp\/v2\/types\/product"}],"replies":[{"embeddable":true,"href":"https:\/\/www.truzzer.com\/fr\/wp-json\/wp\/v2\/comments?post=94011"}],"wp:featuredmedia":[{"embeddable":true,"href":"https:\/\/www.truzzer.com\/fr\/wp-json\/wp\/v2\/media\/94012"}],"wp:attachment":[{"href":"https:\/\/www.truzzer.com\/fr\/wp-json\/wp\/v2\/media?parent=94011"}],"wp:term":[{"taxonomy":"product_brand","embeddable":true,"href":"https:\/\/www.truzzer.com\/fr\/wp-json\/wp\/v2\/product_brand?post=94011"},{"taxonomy":"product_cat","embeddable":true,"href":"https:\/\/www.truzzer.com\/fr\/wp-json\/wp\/v2\/product_cat?post=94011"},{"taxonomy":"product_tag","embeddable":true,"href":"https:\/\/www.truzzer.com\/fr\/wp-json\/wp\/v2\/product_tag?post=94011"}],"curies":[{"name":"wp","href":"https:\/\/api.w.org\/{rel}","templated":true}]}}