{"id":94045,"date":"2026-02-01T20:07:39","date_gmt":"2026-02-01T20:07:39","guid":{"rendered":"https:\/\/beta.truzzer.com\/product\/google-review-card-minimal\/"},"modified":"2026-02-13T08:08:29","modified_gmt":"2026-02-13T08:08:29","slug":"google-review-card-minimal","status":"publish","type":"product","link":"https:\/\/www.truzzer.com\/fr\/produit\/google-review-card-minimal\/","title":{"rendered":"Carte d&rsquo;examen Google \u00ab\u00a0Minimal\u00a0\u00bb"},"content":{"rendered":"<h2>Obtenez simplement plus d&rsquo;avis Google de la part des clients<\/h2>\n<p>Avec les cartes d&rsquo;avis truzzer Google, vous pouvez obtenir plus rapidement des avis Google positifs de vos clients satisfaits et am\u00e9liorer votre image et votre r\u00e9putation.<br \/>\nDe plus, vous augmentez le lien avec votre entreprise et votre classement SEO gr\u00e2ce aux avis positifs.<\/p>\n<p>Dans le format de carte postale DIN A6, \u00e0 la fois pratique et frappant, vous rendez l&rsquo;\u00e9valuation en ligne tangible pour vos clients.<br \/>\nMettez les cartes d&rsquo;avis truzzer Google dans les sacs de courses de vos clients, remettez-les sur l&rsquo;addition, envoyez-les avec vos produits ou placez-les sur les tables du restaurant. Termin\u00e9.<\/p>\n<p>Le code QR am\u00e8ne les clients directement \u00e0 votre avis Google SANS avoir \u00e0 vous rechercher au pr\u00e9alable sur Google. C&rsquo;est ainsi que vous r\u00e9duisez les sauts dans le processus de r\u00e9vision Google.<\/p>\n<p>Vous pouvez facilement personnaliser les fiches d&rsquo;\u00e9valuation Google avec votre logo et les adapter \u00e0 votre entreprise.<\/p>\n<p>&nbsp;<\/p>\n<p>Les produits Donnez-nous votre avis sur Google sont faciles \u00e0 utiliser, ce que nous aimerions vous montrer ci-dessous \u00e0 l&rsquo;aide de l&rsquo;exemple des autocollants d&rsquo;avis.<\/p>\n<p>&nbsp;<\/p>\n<h3>\u00c9tape 1\u00a0: Le client scanne le code QR<\/h3>\n<p>Pour vous suivre, le client n&rsquo;a qu&rsquo;\u00e0 scanner le code QR. Tout ce que vous avez \u00e0 faire est de tenir l&rsquo;appareil photo du smartphone (aucune application de scanner suppl\u00e9mentaire n\u00e9cessaire) au-dessus du produit.<\/p>\n<p><img decoding=\"async\" src=\"https:\/\/www.truzzer.com\/wp-content\/uploads\/2026\/02\/how-to-use-the-product-truzzer-google.jpg.webp\" height=\"933\" width=\"1400\" class=\"alignnone wp-image-22402 size-full\" alt=\"Hand scanning a QR code for Google reviews on a smartphone.\"  > <\/p>\n<p>Une pop-up appara\u00eetra alors sur l&rsquo;\u00e9cran (iPhone) ou un code QR appara\u00eetra (smartphones Android \/ Google).<\/p>\n<h3>\u00c9tape 2\u00a0: Le client acc\u00e8de directement au formulaire d&rsquo;avis Google<\/h3>\n<p>Le formulaire d&rsquo;avis s&rsquo;ouvrira dans le navigateur du smartphone et le client pourra vous \u00e9valuer directement.<\/p>\n<p>Avis\u00a0:<br \/>\nVeuillez noter qu&rsquo;un profil Google My Business est requis pour recevoir des avis Google.<\/p>\n<p>&nbsp;<\/p>\n","protected":false},"excerpt":{"rendered":"<p><strong>La carte d&rsquo;\u00e9valuation Google dans un design plus fin<\/strong><\/p>\n<p>Avec les cartes d&rsquo;avis Google, nous vous offrons la possibilit\u00e9 d&rsquo;obtenir plus d&rsquo;avis sur Google plus rapidement et plus facilement. Plus besoin de demander et de demander des avis. Remettez simplement la carte et recevez facilement les avis Google des clients.<\/p>\n<p>Les fiches d&rsquo;\u00e9valuation sont tr\u00e8s conviviales et rendent l&rsquo;\u00e9valuation Google tangible pour vos clients<br \/>\nDonnez simplement les cartes \u00e0 vos clients, affichez-les dans le magasin ou mettez-les dans votre panier.<br \/>\nVos clients voient la demande de vous \u00e9valuer et n&rsquo;ont qu&rsquo;\u00e0 tenir l&rsquo;appareil photo du smartphone sur le code QR et \u00e0 vous \u00e9valuer directement.<\/p>\n<p>Les cartes sont personnalis\u00e9es avec votre logo au recto et au verso et le code QR m\u00e8ne directement \u00e0 votre formulaire d&rsquo;avis sur Google.<br \/>\nNous cr\u00e9erons et lierons pour vous le code QR pour une \u00e9valuation directe sur votre profil Google\u00a0!<br \/>\nNous prenons ces informations \u00e0 partir de l&rsquo;adresse de votre entreprise.<\/p>\n<p>&nbsp;<\/p>\n<h3>Les fiches de r\u00e9vision vous aideront si\u00a0:<\/h3>\n<ul>\n<li><strong>Vous souhaitez obtenir plus d&rsquo;avis sur Google<\/strong><\/li>\n<li><strong>Vous souhaitez attirer plus de clients et augmenter vos ventes<\/strong><\/li>\n<li><strong><\/strong><\/li>\n<li><strong><\/strong><\/li>\n<\/ul>\n<p>&nbsp;<\/p>\n","protected":false},"featured_media":94046,"comment_status":"open","ping_status":"closed","template":"","meta":{"_acf_changed":false,"_yoast_wpseo_focuskw":"Avis Google Carte de visite","_yoast_wpseo_title":"Google Review Card \u00ab\u00a0Minimal\u00a0\u00bb | truzzer","_yoast_wpseo_metadesc":"Plus d'avis 5 \u00e9toiles sur Google avec Google Review Card \u00ab\u00a0Minimal\u00a0\u00bb de truzzer. Installation facile, pr\u00eat \u00e0 l'emploi. Commandez !"},"product_brand":[1655],"product_cat":[744,745,743,746,479],"product_tag":[],"class_list":{"0":"post-94045","1":"product","2":"type-product","3":"status-publish","4":"has-post-thumbnail","6":"product_brand-google","7":"product_cat-avis-google-cartes","8":"product_cat-avis-google-cartes-davis-avec-code-qr","9":"product_cat-avis-google-produits","10":"product_cat-code-qr-cartes","11":"product_cat-code-qr-produits","12":"pa_industry-autodealer","13":"pa_industry-detailhandel","14":"pa_industry-schoonheidssalon","15":"pa_material-carton","16":"pa_placement-bon","17":"pa_placement-brochure","18":"pa_placement-verpakking","19":"pa_product-type-carte","20":"pa_shape-rechthoek","21":"pa_technology-code-qr","22":"pa_technology-qr-code","24":"first","25":"instock","26":"taxable","27":"shipping-taxable","28":"purchasable","29":"product-type-simple"},"acf":[],"yoast_head":"<!-- This site is optimized with the Yoast SEO plugin v27.0 - https:\/\/yoast.com\/product\/yoast-seo-wordpress\/ -->\n<title>Google Review Card \u00ab\u00a0Minimal\u00a0\u00bb | truzzer<\/title>\n<meta name=\"description\" content=\"Plus d&#039;avis 5 \u00e9toiles sur Google avec Google Review Card \u00ab\u00a0Minimal\u00a0\u00bb de truzzer. Installation facile, pr\u00eat \u00e0 l&#039;emploi. Commandez !\" \/>\n<meta name=\"robots\" content=\"index, follow, max-snippet:-1, max-image-preview:large, max-video-preview:-1\" \/>\n<link rel=\"canonical\" href=\"https:\/\/www.truzzer.com\/fr\/produit\/google-review-card-minimal\/\" \/>\n<meta property=\"og:locale\" content=\"fr_FR\" \/>\n<meta property=\"og:type\" content=\"article\" \/>\n<meta property=\"og:title\" content=\"Google Review Card \u00ab\u00a0Minimal\u00a0\u00bb | truzzer\" \/>\n<meta property=\"og:description\" content=\"Plus d&#039;avis 5 \u00e9toiles sur Google avec Google Review Card \u00ab\u00a0Minimal\u00a0\u00bb de truzzer. Installation facile, pr\u00eat \u00e0 l&#039;emploi. Commandez !\" \/>\n<meta property=\"og:url\" content=\"https:\/\/www.truzzer.com\/fr\/produit\/google-review-card-minimal\/\" \/>\n<meta property=\"og:site_name\" content=\"truzzer\" \/>\n<meta property=\"article:modified_time\" content=\"2026-02-13T08:08:29+00:00\" \/>\n<meta property=\"og:image\" content=\"https:\/\/www.truzzer.com\/wp-content\/uploads\/2026\/02\/review-us-on-google-card-minimal-front-qr-code-truzzer-4-von-11-5.jpg\" \/>\n\t<meta property=\"og:image:width\" content=\"1400\" \/>\n\t<meta property=\"og:image:height\" content=\"1400\" \/>\n\t<meta property=\"og:image:type\" content=\"image\/jpeg\" \/>\n<meta name=\"twitter:card\" content=\"summary_large_image\" \/>\n<meta name=\"twitter:label1\" content=\"Dur\u00e9e de lecture estim\u00e9e\" \/>\n\t<meta name=\"twitter:data1\" content=\"1 minute\" \/>\n<script type=\"application\/ld+json\" class=\"yoast-schema-graph\">{\"@context\":\"https:\/\/schema.org\",\"@graph\":[{\"@type\":\"WebPage\",\"@id\":\"https:\/\/www.truzzer.com\/fr\/produit\/google-review-card-minimal\/\",\"url\":\"https:\/\/www.truzzer.com\/fr\/produit\/google-review-card-minimal\/\",\"name\":\"Google Review Card \u00ab\u00a0Minimal\u00a0\u00bb | truzzer\",\"isPartOf\":{\"@id\":\"https:\/\/www.truzzer.com\/fr\/#website\"},\"primaryImageOfPage\":{\"@id\":\"https:\/\/www.truzzer.com\/fr\/produit\/google-review-card-minimal\/#primaryimage\"},\"image\":{\"@id\":\"https:\/\/www.truzzer.com\/fr\/produit\/google-review-card-minimal\/#primaryimage\"},\"thumbnailUrl\":\"https:\/\/www.truzzer.com\/wp-content\/uploads\/2026\/02\/review-us-on-google-card-minimal-front-qr-code-truzzer-4-von-11-5.jpg\",\"datePublished\":\"2026-02-01T20:07:39+00:00\",\"dateModified\":\"2026-02-13T08:08:29+00:00\",\"description\":\"Plus d'avis 5 \u00e9toiles sur Google avec Google Review Card \u00ab\u00a0Minimal\u00a0\u00bb de truzzer. Installation facile, pr\u00eat \u00e0 l'emploi. Commandez !\",\"breadcrumb\":{\"@id\":\"https:\/\/www.truzzer.com\/fr\/produit\/google-review-card-minimal\/#breadcrumb\"},\"inLanguage\":\"fr-FR\",\"potentialAction\":[{\"@type\":\"ReadAction\",\"target\":[\"https:\/\/www.truzzer.com\/fr\/produit\/google-review-card-minimal\/\"]}]},{\"@type\":\"ImageObject\",\"inLanguage\":\"fr-FR\",\"@id\":\"https:\/\/www.truzzer.com\/fr\/produit\/google-review-card-minimal\/#primaryimage\",\"url\":\"https:\/\/www.truzzer.com\/wp-content\/uploads\/2026\/02\/review-us-on-google-card-minimal-front-qr-code-truzzer-4-von-11-5.jpg\",\"contentUrl\":\"https:\/\/www.truzzer.com\/wp-content\/uploads\/2026\/02\/review-us-on-google-card-minimal-front-qr-code-truzzer-4-von-11-5.jpg\",\"width\":1400,\"height\":1400},{\"@type\":\"BreadcrumbList\",\"@id\":\"https:\/\/www.truzzer.com\/fr\/produit\/google-review-card-minimal\/#breadcrumb\",\"itemListElement\":[{\"@type\":\"ListItem\",\"position\":1,\"name\":\"Home\",\"item\":\"https:\/\/www.truzzer.com\/fr\/\"},{\"@type\":\"ListItem\",\"position\":2,\"name\":\"Boutique\",\"item\":\"https:\/\/www.truzzer.com\/fr\/boutique\/\"},{\"@type\":\"ListItem\",\"position\":3,\"name\":\"Carte d&#8217;examen Google &#8220;Minimal&#8221;\"}]},{\"@type\":\"WebSite\",\"@id\":\"https:\/\/www.truzzer.com\/fr\/#website\",\"url\":\"https:\/\/www.truzzer.com\/fr\/\",\"name\":\"truzzer\",\"description\":\"Experts for customer trust\",\"publisher\":{\"@id\":\"https:\/\/www.truzzer.com\/fr\/#organization\"},\"potentialAction\":[{\"@type\":\"SearchAction\",\"target\":{\"@type\":\"EntryPoint\",\"urlTemplate\":\"https:\/\/www.truzzer.com\/fr\/?s={search_term_string}\"},\"query-input\":{\"@type\":\"PropertyValueSpecification\",\"valueRequired\":true,\"valueName\":\"search_term_string\"}}],\"inLanguage\":\"fr-FR\"},{\"@type\":\"Organization\",\"@id\":\"https:\/\/www.truzzer.com\/fr\/#organization\",\"name\":\"truzzer\",\"url\":\"https:\/\/www.truzzer.com\/fr\/\",\"logo\":{\"@type\":\"ImageObject\",\"inLanguage\":\"fr-FR\",\"@id\":\"https:\/\/www.truzzer.com\/fr\/#\/schema\/logo\/image\/\",\"url\":\"https:\/\/truzzer.com\/wp-content\/uploads\/2026\/01\/truzzer-logo-black-1.svg\",\"contentUrl\":\"https:\/\/truzzer.com\/wp-content\/uploads\/2026\/01\/truzzer-logo-black-1.svg\",\"width\":938,\"height\":199,\"caption\":\"truzzer\"},\"image\":{\"@id\":\"https:\/\/www.truzzer.com\/fr\/#\/schema\/logo\/image\/\"}}]}<\/script>\n<!-- \/ Yoast SEO plugin. -->","yoast_head_json":{"title":"Google Review Card \u00ab\u00a0Minimal\u00a0\u00bb | truzzer","description":"Plus d'avis 5 \u00e9toiles sur Google avec Google Review Card \u00ab\u00a0Minimal\u00a0\u00bb de truzzer. Installation facile, pr\u00eat \u00e0 l'emploi. Commandez !","robots":{"index":"index","follow":"follow","max-snippet":"max-snippet:-1","max-image-preview":"max-image-preview:large","max-video-preview":"max-video-preview:-1"},"canonical":"https:\/\/www.truzzer.com\/fr\/produit\/google-review-card-minimal\/","og_locale":"fr_FR","og_type":"article","og_title":"Google Review Card \u00ab\u00a0Minimal\u00a0\u00bb | truzzer","og_description":"Plus d'avis 5 \u00e9toiles sur Google avec Google Review Card \u00ab\u00a0Minimal\u00a0\u00bb de truzzer. Installation facile, pr\u00eat \u00e0 l'emploi. Commandez !","og_url":"https:\/\/www.truzzer.com\/fr\/produit\/google-review-card-minimal\/","og_site_name":"truzzer","article_modified_time":"2026-02-13T08:08:29+00:00","og_image":[{"width":1400,"height":1400,"url":"https:\/\/www.truzzer.com\/wp-content\/uploads\/2026\/02\/review-us-on-google-card-minimal-front-qr-code-truzzer-4-von-11-5.jpg","type":"image\/jpeg"}],"twitter_card":"summary_large_image","twitter_misc":{"Dur\u00e9e de lecture estim\u00e9e":"1 minute"},"schema":{"@context":"https:\/\/schema.org","@graph":[{"@type":"WebPage","@id":"https:\/\/www.truzzer.com\/fr\/produit\/google-review-card-minimal\/","url":"https:\/\/www.truzzer.com\/fr\/produit\/google-review-card-minimal\/","name":"Google Review Card \u00ab\u00a0Minimal\u00a0\u00bb | truzzer","isPartOf":{"@id":"https:\/\/www.truzzer.com\/fr\/#website"},"primaryImageOfPage":{"@id":"https:\/\/www.truzzer.com\/fr\/produit\/google-review-card-minimal\/#primaryimage"},"image":{"@id":"https:\/\/www.truzzer.com\/fr\/produit\/google-review-card-minimal\/#primaryimage"},"thumbnailUrl":"https:\/\/www.truzzer.com\/wp-content\/uploads\/2026\/02\/review-us-on-google-card-minimal-front-qr-code-truzzer-4-von-11-5.jpg","datePublished":"2026-02-01T20:07:39+00:00","dateModified":"2026-02-13T08:08:29+00:00","description":"Plus d'avis 5 \u00e9toiles sur Google avec Google Review Card \u00ab\u00a0Minimal\u00a0\u00bb de truzzer. Installation facile, pr\u00eat \u00e0 l'emploi. Commandez !","breadcrumb":{"@id":"https:\/\/www.truzzer.com\/fr\/produit\/google-review-card-minimal\/#breadcrumb"},"inLanguage":"fr-FR","potentialAction":[{"@type":"ReadAction","target":["https:\/\/www.truzzer.com\/fr\/produit\/google-review-card-minimal\/"]}]},{"@type":"ImageObject","inLanguage":"fr-FR","@id":"https:\/\/www.truzzer.com\/fr\/produit\/google-review-card-minimal\/#primaryimage","url":"https:\/\/www.truzzer.com\/wp-content\/uploads\/2026\/02\/review-us-on-google-card-minimal-front-qr-code-truzzer-4-von-11-5.jpg","contentUrl":"https:\/\/www.truzzer.com\/wp-content\/uploads\/2026\/02\/review-us-on-google-card-minimal-front-qr-code-truzzer-4-von-11-5.jpg","width":1400,"height":1400},{"@type":"BreadcrumbList","@id":"https:\/\/www.truzzer.com\/fr\/produit\/google-review-card-minimal\/#breadcrumb","itemListElement":[{"@type":"ListItem","position":1,"name":"Home","item":"https:\/\/www.truzzer.com\/fr\/"},{"@type":"ListItem","position":2,"name":"Boutique","item":"https:\/\/www.truzzer.com\/fr\/boutique\/"},{"@type":"ListItem","position":3,"name":"Carte d&#8217;examen Google &#8220;Minimal&#8221;"}]},{"@type":"WebSite","@id":"https:\/\/www.truzzer.com\/fr\/#website","url":"https:\/\/www.truzzer.com\/fr\/","name":"truzzer","description":"Experts for customer trust","publisher":{"@id":"https:\/\/www.truzzer.com\/fr\/#organization"},"potentialAction":[{"@type":"SearchAction","target":{"@type":"EntryPoint","urlTemplate":"https:\/\/www.truzzer.com\/fr\/?s={search_term_string}"},"query-input":{"@type":"PropertyValueSpecification","valueRequired":true,"valueName":"search_term_string"}}],"inLanguage":"fr-FR"},{"@type":"Organization","@id":"https:\/\/www.truzzer.com\/fr\/#organization","name":"truzzer","url":"https:\/\/www.truzzer.com\/fr\/","logo":{"@type":"ImageObject","inLanguage":"fr-FR","@id":"https:\/\/www.truzzer.com\/fr\/#\/schema\/logo\/image\/","url":"https:\/\/truzzer.com\/wp-content\/uploads\/2026\/01\/truzzer-logo-black-1.svg","contentUrl":"https:\/\/truzzer.com\/wp-content\/uploads\/2026\/01\/truzzer-logo-black-1.svg","width":938,"height":199,"caption":"truzzer"},"image":{"@id":"https:\/\/www.truzzer.com\/fr\/#\/schema\/logo\/image\/"}}]}},"tiered_pricing_type":"fixed","tiered_pricing_fixed_rules":[],"tiered_pricing_product_settings":{"layout":"default","base_unit_name":{"singular":null,"plural":null},"default_variation":null},"tiered_pricing_minimum_quantity":null,"tiered_pricing_roles_data":[],"tiered_pricing_percentage_rules":[],"tiered_pricing_maximum_quantity":null,"tiered_pricing_quantity_step":null,"_links":{"self":[{"href":"https:\/\/www.truzzer.com\/fr\/wp-json\/wp\/v2\/product\/94045","targetHints":{"allow":["GET"]}}],"collection":[{"href":"https:\/\/www.truzzer.com\/fr\/wp-json\/wp\/v2\/product"}],"about":[{"href":"https:\/\/www.truzzer.com\/fr\/wp-json\/wp\/v2\/types\/product"}],"replies":[{"embeddable":true,"href":"https:\/\/www.truzzer.com\/fr\/wp-json\/wp\/v2\/comments?post=94045"}],"wp:featuredmedia":[{"embeddable":true,"href":"https:\/\/www.truzzer.com\/fr\/wp-json\/wp\/v2\/media\/94046"}],"wp:attachment":[{"href":"https:\/\/www.truzzer.com\/fr\/wp-json\/wp\/v2\/media?parent=94045"}],"wp:term":[{"taxonomy":"product_brand","embeddable":true,"href":"https:\/\/www.truzzer.com\/fr\/wp-json\/wp\/v2\/product_brand?post=94045"},{"taxonomy":"product_cat","embeddable":true,"href":"https:\/\/www.truzzer.com\/fr\/wp-json\/wp\/v2\/product_cat?post=94045"},{"taxonomy":"product_tag","embeddable":true,"href":"https:\/\/www.truzzer.com\/fr\/wp-json\/wp\/v2\/product_tag?post=94045"}],"curies":[{"name":"wp","href":"https:\/\/api.w.org\/{rel}","templated":true}]}}