{"id":94453,"date":"2026-02-01T20:05:50","date_gmt":"2026-02-01T20:05:50","guid":{"rendered":"https:\/\/beta.truzzer.com\/product\/google-review-card-square\/"},"modified":"2026-02-13T08:23:44","modified_gmt":"2026-02-13T08:23:44","slug":"google-review-card-square","status":"publish","type":"product","link":"https:\/\/www.truzzer.com\/fr\/produit\/google-review-card-square\/","title":{"rendered":"Google Carte d&rsquo;examen carr\u00e9e"},"content":{"rendered":"<h2>Obtiens simplement plus d&rsquo;avis Google de la part des clients<\/h2>\n<p>Avec les cartes d&rsquo;avis Google truzzer, vous pouvez obtenir plus rapidement des avis Google positifs de vos clients satisfaits et am\u00e9liorer votre image et votre r\u00e9putation.<br \/>\nEn outre, vous augmentez le lien avec votre entreprise et votre classement SEO gr\u00e2ce aux avis positifs.<\/p>\n<p>Dans le format carr\u00e9 pratique et en m\u00eame temps frappant, vous rendez l&rsquo;avis en ligne tangible pour vos clients.<br \/>\nMets les cartes d&rsquo;avis truzzer Google dans les sacs \u00e0 provisions de tes clients, donne-les \u00e0 l&rsquo;addition, envoie-les avec tes produits ou place-les sur les tables du restaurant. Fini.<\/p>\n<p>Le code QR am\u00e8ne les clients directement \u00e0 ton avis Google SANS qu&rsquo;ils continuent \u00e0 te chercher d&rsquo;abord sur Google. C&rsquo;est ainsi que tu r\u00e9duis les sauts dans le processus de r\u00e9vision de Google.<\/p>\n<p>Vous pouvez facilement personnaliser les cartes d&rsquo;avis Google avec votre logo et les adaptateurs \u00e0 votre entreprise.<\/p>\n<p>&nbsp;<\/p>\n<p>Les produits Review us sur Google sont faciles \u00e0 utiliser, ce que nous aimerions vous montrer ci-dessous en utilisant l&rsquo;exemple des autocollants de r\u00e9vision.<\/p>\n<p>&nbsp;<\/p>\n<h3>\u00c9tape 1 : Le client scanne le code QR<\/h3>\n<p>Pour te suivre, le client n&rsquo;a qu&rsquo;\u00e0 scanner le code QR. Tout ce que tu dois faire, c&rsquo;est tenir l&rsquo;appareil photo du smartphone (pas besoin d&rsquo;application scanner suppl\u00e9mentaire) au-dessus du produit.<\/p>\n<p><img decoding=\"async\" src=\"https:\/\/www.truzzer.com\/wp-content\/uploads\/2026\/02\/how-to-use-the-product-truzzer-google.jpg.webp\" height=\"933\" width=\"1400\" class=\"alignnone wp-image-22402 size-full\" alt=\"Hand scanning a QR code for Google reviews on a smartphone.\"  > <\/p>\n<p>Une pop-up appara\u00eetra alors sur l&rsquo;\u00e9cran (iPhone) ou un code QR appara\u00eetra (smartphones Android \/ Google).<\/p>\n<h3>\u00c9tape 2 : Le client se rend directement au formulaire d&rsquo;avis Google.<\/h3>\n<p>Le formulaire d&rsquo;\u00e9valuation s&rsquo;ouvrira dans le navigateur des smartphones et le client pourra t&rsquo;\u00e9valuer directement.<\/p>\n<p>Avis\u00a0:<br \/>\nSache qu&rsquo;un profil Google My Business est n\u00e9cessaire pour obtenir des avis Google.<\/p>\n<p>&nbsp;<\/p>\n","protected":false},"excerpt":{"rendered":"<p>Rend l&rsquo;avis Google tangible pour vos clients et aide-les \u00e0 \u00e9valuer facilement sur Google avec les cartes d&rsquo;avis Google &#8220;Square&#8221; au design r\u00e9duit et attrayant qui s&#8217;adapte parfaitement \u00e0 toute entreprise.<br \/>\nIl suffit de donner les cartes \u00e0 vos clients, de les exposer dans le magasin ou de les mettre dans ton sac \u00e0 provisions.<br \/>\nTes clients voient la demande d&rsquo;avis sur toi et n&rsquo;ont qu&rsquo;\u00e0 passer la cam\u00e9ra de leur smartphone sur le code QR pour t&rsquo;\u00e9valuer directement.<\/p>\n<p>Les cartes sont personnalis\u00e9es avec votre logo au recto et au verso et le code QR m\u00e8ne directement \u00e0 votre formulaire d&rsquo;avis sur Google.<br \/>\nNous cr\u00e9erons et lierons le code QR pour une \u00e9valuation directe sur votre profil Google pour vous !<br \/>\nNous prenons ces informations \u00e0 partir de l&#8217;adresse de votre entreprise.<\/p>\n<p>Ajoute ton logo en utilisant la fonction de t\u00e9l\u00e9chargement.<\/p>\n","protected":false},"featured_media":94454,"comment_status":"open","ping_status":"closed","template":"","meta":{"_acf_changed":false,"_yoast_wpseo_focuskw":"Avis Google Carte de visite","_yoast_wpseo_title":"Google Review Card Square | truzzer","_yoast_wpseo_metadesc":"Plus d'avis 5 \u00e9toiles sur Google avec Google Review Card Square de truzzer. Installation facile, pr\u00eat \u00e0 l'emploi. Commandez !"},"product_brand":[1655],"product_cat":[745,746,479],"product_tag":[],"class_list":{"0":"post-94453","1":"product","2":"type-product","3":"status-publish","4":"has-post-thumbnail","6":"product_brand-google","7":"product_cat-avis-google-cartes-davis-avec-code-qr","8":"product_cat-code-qr-cartes","9":"product_cat-code-qr-produits","10":"pa_industry-autodealer","11":"pa_industry-detailhandel","12":"pa_industry-schoonheidssalon","13":"pa_material-carton","14":"pa_placement-bon","15":"pa_placement-brochure","16":"pa_placement-verpakking","17":"pa_product-type-carte","18":"pa_shape-rechthoek","19":"pa_technology-code-qr","20":"pa_technology-qr-code","22":"first","23":"instock","24":"taxable","25":"shipping-taxable","26":"purchasable","27":"product-type-simple"},"acf":[],"yoast_head":"<!-- This site is optimized with the Yoast SEO plugin v27.0 - https:\/\/yoast.com\/product\/yoast-seo-wordpress\/ -->\n<title>Google Review Card Square | truzzer<\/title>\n<meta name=\"description\" content=\"Plus d&#039;avis 5 \u00e9toiles sur Google avec Google Review Card Square de truzzer. Installation facile, pr\u00eat \u00e0 l&#039;emploi. Commandez !\" \/>\n<meta name=\"robots\" content=\"index, follow, max-snippet:-1, max-image-preview:large, max-video-preview:-1\" \/>\n<link rel=\"canonical\" href=\"https:\/\/www.truzzer.com\/fr\/produit\/google-review-card-square\/\" \/>\n<meta property=\"og:locale\" content=\"fr_FR\" \/>\n<meta property=\"og:type\" content=\"article\" \/>\n<meta property=\"og:title\" content=\"Google Review Card Square | truzzer\" \/>\n<meta property=\"og:description\" content=\"Plus d&#039;avis 5 \u00e9toiles sur Google avec Google Review Card Square de truzzer. Installation facile, pr\u00eat \u00e0 l&#039;emploi. Commandez !\" \/>\n<meta property=\"og:url\" content=\"https:\/\/www.truzzer.com\/fr\/produit\/google-review-card-square\/\" \/>\n<meta property=\"og:site_name\" content=\"truzzer\" \/>\n<meta property=\"article:modified_time\" content=\"2026-02-13T08:23:44+00:00\" \/>\n<meta property=\"og:image\" content=\"https:\/\/www.truzzer.com\/wp-content\/uploads\/2026\/02\/google-karte-square-FR-mock2-1.jpg\" \/>\n\t<meta property=\"og:image:width\" content=\"1200\" \/>\n\t<meta property=\"og:image:height\" content=\"1200\" \/>\n\t<meta property=\"og:image:type\" content=\"image\/jpeg\" \/>\n<meta name=\"twitter:card\" content=\"summary_large_image\" \/>\n<meta name=\"twitter:label1\" content=\"Dur\u00e9e de lecture estim\u00e9e\" \/>\n\t<meta name=\"twitter:data1\" content=\"1 minute\" \/>\n<script type=\"application\/ld+json\" class=\"yoast-schema-graph\">{\"@context\":\"https:\/\/schema.org\",\"@graph\":[{\"@type\":\"WebPage\",\"@id\":\"https:\/\/www.truzzer.com\/fr\/produit\/google-review-card-square\/\",\"url\":\"https:\/\/www.truzzer.com\/fr\/produit\/google-review-card-square\/\",\"name\":\"Google Review Card Square | truzzer\",\"isPartOf\":{\"@id\":\"https:\/\/www.truzzer.com\/fr\/#website\"},\"primaryImageOfPage\":{\"@id\":\"https:\/\/www.truzzer.com\/fr\/produit\/google-review-card-square\/#primaryimage\"},\"image\":{\"@id\":\"https:\/\/www.truzzer.com\/fr\/produit\/google-review-card-square\/#primaryimage\"},\"thumbnailUrl\":\"https:\/\/www.truzzer.com\/wp-content\/uploads\/2026\/02\/google-karte-square-FR-mock2-1.jpg\",\"datePublished\":\"2026-02-01T20:05:50+00:00\",\"dateModified\":\"2026-02-13T08:23:44+00:00\",\"description\":\"Plus d'avis 5 \u00e9toiles sur Google avec Google Review Card Square de truzzer. Installation facile, pr\u00eat \u00e0 l'emploi. Commandez !\",\"breadcrumb\":{\"@id\":\"https:\/\/www.truzzer.com\/fr\/produit\/google-review-card-square\/#breadcrumb\"},\"inLanguage\":\"fr-FR\",\"potentialAction\":[{\"@type\":\"ReadAction\",\"target\":[\"https:\/\/www.truzzer.com\/fr\/produit\/google-review-card-square\/\"]}]},{\"@type\":\"ImageObject\",\"inLanguage\":\"fr-FR\",\"@id\":\"https:\/\/www.truzzer.com\/fr\/produit\/google-review-card-square\/#primaryimage\",\"url\":\"https:\/\/www.truzzer.com\/wp-content\/uploads\/2026\/02\/google-karte-square-FR-mock2-1.jpg\",\"contentUrl\":\"https:\/\/www.truzzer.com\/wp-content\/uploads\/2026\/02\/google-karte-square-FR-mock2-1.jpg\",\"width\":1200,\"height\":1200},{\"@type\":\"BreadcrumbList\",\"@id\":\"https:\/\/www.truzzer.com\/fr\/produit\/google-review-card-square\/#breadcrumb\",\"itemListElement\":[{\"@type\":\"ListItem\",\"position\":1,\"name\":\"Home\",\"item\":\"https:\/\/www.truzzer.com\/fr\/\"},{\"@type\":\"ListItem\",\"position\":2,\"name\":\"Boutique\",\"item\":\"https:\/\/www.truzzer.com\/fr\/boutique\/\"},{\"@type\":\"ListItem\",\"position\":3,\"name\":\"Google Carte d&#8217;examen carr\u00e9e\"}]},{\"@type\":\"WebSite\",\"@id\":\"https:\/\/www.truzzer.com\/fr\/#website\",\"url\":\"https:\/\/www.truzzer.com\/fr\/\",\"name\":\"truzzer\",\"description\":\"Experts for customer trust\",\"publisher\":{\"@id\":\"https:\/\/www.truzzer.com\/fr\/#organization\"},\"potentialAction\":[{\"@type\":\"SearchAction\",\"target\":{\"@type\":\"EntryPoint\",\"urlTemplate\":\"https:\/\/www.truzzer.com\/fr\/?s={search_term_string}\"},\"query-input\":{\"@type\":\"PropertyValueSpecification\",\"valueRequired\":true,\"valueName\":\"search_term_string\"}}],\"inLanguage\":\"fr-FR\"},{\"@type\":\"Organization\",\"@id\":\"https:\/\/www.truzzer.com\/fr\/#organization\",\"name\":\"truzzer\",\"url\":\"https:\/\/www.truzzer.com\/fr\/\",\"logo\":{\"@type\":\"ImageObject\",\"inLanguage\":\"fr-FR\",\"@id\":\"https:\/\/www.truzzer.com\/fr\/#\/schema\/logo\/image\/\",\"url\":\"https:\/\/truzzer.com\/wp-content\/uploads\/2026\/01\/truzzer-logo-black-1.svg\",\"contentUrl\":\"https:\/\/truzzer.com\/wp-content\/uploads\/2026\/01\/truzzer-logo-black-1.svg\",\"width\":938,\"height\":199,\"caption\":\"truzzer\"},\"image\":{\"@id\":\"https:\/\/www.truzzer.com\/fr\/#\/schema\/logo\/image\/\"}}]}<\/script>\n<!-- \/ Yoast SEO plugin. -->","yoast_head_json":{"title":"Google Review Card Square | truzzer","description":"Plus d'avis 5 \u00e9toiles sur Google avec Google Review Card Square de truzzer. Installation facile, pr\u00eat \u00e0 l'emploi. Commandez !","robots":{"index":"index","follow":"follow","max-snippet":"max-snippet:-1","max-image-preview":"max-image-preview:large","max-video-preview":"max-video-preview:-1"},"canonical":"https:\/\/www.truzzer.com\/fr\/produit\/google-review-card-square\/","og_locale":"fr_FR","og_type":"article","og_title":"Google Review Card Square | truzzer","og_description":"Plus d'avis 5 \u00e9toiles sur Google avec Google Review Card Square de truzzer. Installation facile, pr\u00eat \u00e0 l'emploi. Commandez !","og_url":"https:\/\/www.truzzer.com\/fr\/produit\/google-review-card-square\/","og_site_name":"truzzer","article_modified_time":"2026-02-13T08:23:44+00:00","og_image":[{"width":1200,"height":1200,"url":"https:\/\/www.truzzer.com\/wp-content\/uploads\/2026\/02\/google-karte-square-FR-mock2-1.jpg","type":"image\/jpeg"}],"twitter_card":"summary_large_image","twitter_misc":{"Dur\u00e9e de lecture estim\u00e9e":"1 minute"},"schema":{"@context":"https:\/\/schema.org","@graph":[{"@type":"WebPage","@id":"https:\/\/www.truzzer.com\/fr\/produit\/google-review-card-square\/","url":"https:\/\/www.truzzer.com\/fr\/produit\/google-review-card-square\/","name":"Google Review Card Square | truzzer","isPartOf":{"@id":"https:\/\/www.truzzer.com\/fr\/#website"},"primaryImageOfPage":{"@id":"https:\/\/www.truzzer.com\/fr\/produit\/google-review-card-square\/#primaryimage"},"image":{"@id":"https:\/\/www.truzzer.com\/fr\/produit\/google-review-card-square\/#primaryimage"},"thumbnailUrl":"https:\/\/www.truzzer.com\/wp-content\/uploads\/2026\/02\/google-karte-square-FR-mock2-1.jpg","datePublished":"2026-02-01T20:05:50+00:00","dateModified":"2026-02-13T08:23:44+00:00","description":"Plus d'avis 5 \u00e9toiles sur Google avec Google Review Card Square de truzzer. Installation facile, pr\u00eat \u00e0 l'emploi. Commandez !","breadcrumb":{"@id":"https:\/\/www.truzzer.com\/fr\/produit\/google-review-card-square\/#breadcrumb"},"inLanguage":"fr-FR","potentialAction":[{"@type":"ReadAction","target":["https:\/\/www.truzzer.com\/fr\/produit\/google-review-card-square\/"]}]},{"@type":"ImageObject","inLanguage":"fr-FR","@id":"https:\/\/www.truzzer.com\/fr\/produit\/google-review-card-square\/#primaryimage","url":"https:\/\/www.truzzer.com\/wp-content\/uploads\/2026\/02\/google-karte-square-FR-mock2-1.jpg","contentUrl":"https:\/\/www.truzzer.com\/wp-content\/uploads\/2026\/02\/google-karte-square-FR-mock2-1.jpg","width":1200,"height":1200},{"@type":"BreadcrumbList","@id":"https:\/\/www.truzzer.com\/fr\/produit\/google-review-card-square\/#breadcrumb","itemListElement":[{"@type":"ListItem","position":1,"name":"Home","item":"https:\/\/www.truzzer.com\/fr\/"},{"@type":"ListItem","position":2,"name":"Boutique","item":"https:\/\/www.truzzer.com\/fr\/boutique\/"},{"@type":"ListItem","position":3,"name":"Google Carte d&#8217;examen carr\u00e9e"}]},{"@type":"WebSite","@id":"https:\/\/www.truzzer.com\/fr\/#website","url":"https:\/\/www.truzzer.com\/fr\/","name":"truzzer","description":"Experts for customer trust","publisher":{"@id":"https:\/\/www.truzzer.com\/fr\/#organization"},"potentialAction":[{"@type":"SearchAction","target":{"@type":"EntryPoint","urlTemplate":"https:\/\/www.truzzer.com\/fr\/?s={search_term_string}"},"query-input":{"@type":"PropertyValueSpecification","valueRequired":true,"valueName":"search_term_string"}}],"inLanguage":"fr-FR"},{"@type":"Organization","@id":"https:\/\/www.truzzer.com\/fr\/#organization","name":"truzzer","url":"https:\/\/www.truzzer.com\/fr\/","logo":{"@type":"ImageObject","inLanguage":"fr-FR","@id":"https:\/\/www.truzzer.com\/fr\/#\/schema\/logo\/image\/","url":"https:\/\/truzzer.com\/wp-content\/uploads\/2026\/01\/truzzer-logo-black-1.svg","contentUrl":"https:\/\/truzzer.com\/wp-content\/uploads\/2026\/01\/truzzer-logo-black-1.svg","width":938,"height":199,"caption":"truzzer"},"image":{"@id":"https:\/\/www.truzzer.com\/fr\/#\/schema\/logo\/image\/"}}]}},"tiered_pricing_type":"fixed","tiered_pricing_fixed_rules":[],"tiered_pricing_product_settings":{"layout":"default","base_unit_name":{"singular":null,"plural":null},"default_variation":null},"tiered_pricing_minimum_quantity":null,"tiered_pricing_roles_data":[],"tiered_pricing_percentage_rules":[],"tiered_pricing_maximum_quantity":null,"tiered_pricing_quantity_step":null,"_links":{"self":[{"href":"https:\/\/www.truzzer.com\/fr\/wp-json\/wp\/v2\/product\/94453","targetHints":{"allow":["GET"]}}],"collection":[{"href":"https:\/\/www.truzzer.com\/fr\/wp-json\/wp\/v2\/product"}],"about":[{"href":"https:\/\/www.truzzer.com\/fr\/wp-json\/wp\/v2\/types\/product"}],"replies":[{"embeddable":true,"href":"https:\/\/www.truzzer.com\/fr\/wp-json\/wp\/v2\/comments?post=94453"}],"wp:featuredmedia":[{"embeddable":true,"href":"https:\/\/www.truzzer.com\/fr\/wp-json\/wp\/v2\/media\/94454"}],"wp:attachment":[{"href":"https:\/\/www.truzzer.com\/fr\/wp-json\/wp\/v2\/media?parent=94453"}],"wp:term":[{"taxonomy":"product_brand","embeddable":true,"href":"https:\/\/www.truzzer.com\/fr\/wp-json\/wp\/v2\/product_brand?post=94453"},{"taxonomy":"product_cat","embeddable":true,"href":"https:\/\/www.truzzer.com\/fr\/wp-json\/wp\/v2\/product_cat?post=94453"},{"taxonomy":"product_tag","embeddable":true,"href":"https:\/\/www.truzzer.com\/fr\/wp-json\/wp\/v2\/product_tag?post=94453"}],"curies":[{"name":"wp","href":"https:\/\/api.w.org\/{rel}","templated":true}]}}