{"id":94575,"date":"2026-02-01T20:05:18","date_gmt":"2026-02-01T20:05:18","guid":{"rendered":"https:\/\/beta.truzzer.com\/product\/review-us-on-google-sticker-with-qr-code-rectangle-with-google-review-qr-code\/"},"modified":"2026-02-13T08:27:35","modified_gmt":"2026-02-13T08:27:35","slug":"review-us-on-google-sticker-with-qr-code-rectangle-with-google-review-qr-code","status":"publish","type":"product","link":"https:\/\/www.truzzer.com\/fr\/produit\/review-us-on-google-sticker-with-qr-code-rectangle-with-google-review-qr-code\/","title":{"rendered":"\u00c9valuez-nous sur l&rsquo;autocollant Google avec le code QR rectangle avec le code Google Examinez le code QR"},"content":{"rendered":"<p>Avec les autocollants d&rsquo;\u00e9valuation truzzer Google avec un lien de code QR et votre propre logo, vous pouvez recevoir plus rapidement des \u00e9valuations positives de vos clients satisfaits, directement dans votre boutique.<\/p>\n<p>Au format DIN A6, \u00e0 la fois pratique et frappant, vous rendez l&rsquo;avis Google tangible pour vos clients.<br \/>\nPlacez les autocollants bien en vue dans la zone de paiement, sur la porte d&rsquo;entr\u00e9e ou partout o\u00f9 vos clients peuvent voir les autocollants.<\/p>\n<p>Vous pouvez facilement personnaliser les autocollants d&rsquo;avis Google avec votre logo et les adapter \u00e0 votre entreprise.<\/p>\n<p>Les produits Donnez-nous votre avis sur Google sont faciles \u00e0 utiliser, ce que nous aimerions vous montrer ci-dessous en utilisant l&rsquo;exemple des autocollants d&rsquo;avis minimaux.<\/p>\n<p>&nbsp;<\/p>\n<h3>\u00c9tape 1\u00a0: Le client scanne le code QR<\/h3>\n<p>Pour vous suivre, le client n&rsquo;a qu&rsquo;\u00e0 scanner le code QR. Tout ce que vous avez \u00e0 faire est de tenir l&rsquo;appareil photo du smartphone (aucune application de scanner suppl\u00e9mentaire n\u00e9cessaire) au-dessus du produit.<\/p>\n<p><img decoding=\"async\" src=\"https:\/\/www.truzzer.com\/wp-content\/uploads\/2026\/02\/how-to-use-the-product-truzzer-google.jpg.webp\" height=\"933\" width=\"1400\" class=\"alignnone wp-image-22402 size-full\" alt=\"Hand scanning a QR code for Google reviews on a smartphone.\"  > <\/p>\n<p>Une pop-up appara\u00eetra alors sur l&rsquo;\u00e9cran (iPhone) ou un code QR appara\u00eetra (smartphones Android \/ Google).<\/p>\n<h3>\u00c9tape 2\u00a0: Le client acc\u00e8de directement au formulaire d&rsquo;avis Google<\/h3>\n<p>Le formulaire d&rsquo;avis s&rsquo;ouvrira dans le navigateur du smartphone et le client pourra vous \u00e9valuer directement.<\/p>\n<p>Avis\u00a0:<br \/>\nVeuillez noter qu&rsquo;un profil Google My Business est requis pour recevoir des avis Google.<\/p>\n<p>&nbsp;<\/p>\n","protected":false},"excerpt":{"rendered":"<p>Les autocollants\/autocollants Google se fondent dans n&rsquo;importe quelle entreprise et adh\u00e8rent \u00e0 n&rsquo;importe quelle surface plane.<br \/>\nNous cr\u00e9ons et lions pour vous le code QR pour une \u00e9valuation directe sur votre profil Google\u00a0!<br \/>\nNous prenons ces informations \u00e0 partir de l&rsquo;adresse de votre entreprise. Vous pouvez trouver plus d&rsquo;informations sur la mani\u00e8re dont les autocollants vous aident ici\u00a0: <a href=\"https:\/\/www.truzzer.com\/product\/bewerten-sie-uns-auf-google-aufkleber-mit-qr-code-rund\/#tab-woodmart_custom_tab\"><\/a><\/p>\n","protected":false},"featured_media":94576,"comment_status":"open","ping_status":"closed","template":"","meta":{"_acf_changed":false,"_yoast_wpseo_focuskw":"Avis Google Autocollant","_yoast_wpseo_title":"Review us on Google Sticker with QR code rectan... | truzzer","_yoast_wpseo_metadesc":"Plus d'avis Google avec Review us on Google Sticker with QR code rectangle with Google Review QR Code de truzzer. Installation facile. Commandez !"},"product_brand":[1655],"product_cat":[864,480,479],"product_tag":[],"class_list":{"0":"post-94575","1":"product","2":"type-product","3":"status-publish","4":"has-post-thumbnail","6":"product_brand-google","7":"product_cat-avis-google-autocollants-avec-code-qr","8":"product_cat-code-qr-autocollants","9":"product_cat-code-qr-produits","10":"pa_product-type-autocollant","11":"pa_shape-rechthoek","12":"pa_technology-code-qr","14":"first","15":"instock","16":"taxable","17":"shipping-taxable","18":"purchasable","19":"product-type-variable","20":"has-default-attributes"},"acf":[],"yoast_head":"<!-- This site is optimized with the Yoast SEO plugin v27.0 - https:\/\/yoast.com\/product\/yoast-seo-wordpress\/ -->\n<title>Review us on Google Sticker with QR code rectan... | truzzer<\/title>\n<meta name=\"description\" content=\"Plus d&#039;avis Google avec Review us on Google Sticker with QR code rectangle with Google Review QR Code de truzzer. Installation facile. Commandez !\" \/>\n<meta name=\"robots\" content=\"index, follow, max-snippet:-1, max-image-preview:large, max-video-preview:-1\" \/>\n<link rel=\"canonical\" href=\"https:\/\/www.truzzer.com\/fr\/produit\/review-us-on-google-sticker-with-qr-code-rectangle-with-google-review-qr-code\/\" \/>\n<meta property=\"og:locale\" content=\"fr_FR\" \/>\n<meta property=\"og:type\" content=\"article\" \/>\n<meta property=\"og:title\" content=\"Review us on Google Sticker with QR code rectan... | truzzer\" \/>\n<meta property=\"og:description\" content=\"Plus d&#039;avis Google avec Review us on Google Sticker with QR code rectangle with Google Review QR Code de truzzer. Installation facile. Commandez !\" \/>\n<meta property=\"og:url\" content=\"https:\/\/www.truzzer.com\/fr\/produit\/review-us-on-google-sticker-with-qr-code-rectangle-with-google-review-qr-code\/\" \/>\n<meta property=\"og:site_name\" content=\"truzzer\" \/>\n<meta property=\"article:modified_time\" content=\"2026-02-13T08:27:35+00:00\" \/>\n<meta property=\"og:image\" content=\"https:\/\/www.truzzer.com\/wp-content\/uploads\/2026\/02\/fensteraufkleber-3-12-1.png\" \/>\n\t<meta property=\"og:image:width\" content=\"1200\" \/>\n\t<meta property=\"og:image:height\" content=\"1200\" \/>\n\t<meta property=\"og:image:type\" content=\"image\/png\" \/>\n<meta name=\"twitter:card\" content=\"summary_large_image\" \/>\n<meta name=\"twitter:label1\" content=\"Dur\u00e9e de lecture estim\u00e9e\" \/>\n\t<meta name=\"twitter:data1\" content=\"1 minute\" \/>\n<script type=\"application\/ld+json\" class=\"yoast-schema-graph\">{\"@context\":\"https:\/\/schema.org\",\"@graph\":[{\"@type\":\"WebPage\",\"@id\":\"https:\/\/www.truzzer.com\/fr\/produit\/review-us-on-google-sticker-with-qr-code-rectangle-with-google-review-qr-code\/\",\"url\":\"https:\/\/www.truzzer.com\/fr\/produit\/review-us-on-google-sticker-with-qr-code-rectangle-with-google-review-qr-code\/\",\"name\":\"Review us on Google Sticker with QR code rectan... | truzzer\",\"isPartOf\":{\"@id\":\"https:\/\/www.truzzer.com\/fr\/#website\"},\"primaryImageOfPage\":{\"@id\":\"https:\/\/www.truzzer.com\/fr\/produit\/review-us-on-google-sticker-with-qr-code-rectangle-with-google-review-qr-code\/#primaryimage\"},\"image\":{\"@id\":\"https:\/\/www.truzzer.com\/fr\/produit\/review-us-on-google-sticker-with-qr-code-rectangle-with-google-review-qr-code\/#primaryimage\"},\"thumbnailUrl\":\"https:\/\/www.truzzer.com\/wp-content\/uploads\/2026\/02\/fensteraufkleber-3-12-1.png\",\"datePublished\":\"2026-02-01T20:05:18+00:00\",\"dateModified\":\"2026-02-13T08:27:35+00:00\",\"description\":\"Plus d'avis Google avec Review us on Google Sticker with QR code rectangle with Google Review QR Code de truzzer. Installation facile. Commandez !\",\"breadcrumb\":{\"@id\":\"https:\/\/www.truzzer.com\/fr\/produit\/review-us-on-google-sticker-with-qr-code-rectangle-with-google-review-qr-code\/#breadcrumb\"},\"inLanguage\":\"fr-FR\",\"potentialAction\":[{\"@type\":\"ReadAction\",\"target\":[\"https:\/\/www.truzzer.com\/fr\/produit\/review-us-on-google-sticker-with-qr-code-rectangle-with-google-review-qr-code\/\"]}]},{\"@type\":\"ImageObject\",\"inLanguage\":\"fr-FR\",\"@id\":\"https:\/\/www.truzzer.com\/fr\/produit\/review-us-on-google-sticker-with-qr-code-rectangle-with-google-review-qr-code\/#primaryimage\",\"url\":\"https:\/\/www.truzzer.com\/wp-content\/uploads\/2026\/02\/fensteraufkleber-3-12-1.png\",\"contentUrl\":\"https:\/\/www.truzzer.com\/wp-content\/uploads\/2026\/02\/fensteraufkleber-3-12-1.png\",\"width\":1200,\"height\":1200},{\"@type\":\"BreadcrumbList\",\"@id\":\"https:\/\/www.truzzer.com\/fr\/produit\/review-us-on-google-sticker-with-qr-code-rectangle-with-google-review-qr-code\/#breadcrumb\",\"itemListElement\":[{\"@type\":\"ListItem\",\"position\":1,\"name\":\"Home\",\"item\":\"https:\/\/www.truzzer.com\/fr\/\"},{\"@type\":\"ListItem\",\"position\":2,\"name\":\"Boutique\",\"item\":\"https:\/\/www.truzzer.com\/fr\/boutique\/\"},{\"@type\":\"ListItem\",\"position\":3,\"name\":\"\u00c9valuez-nous sur l&rsquo;autocollant Google avec le code QR rectangle avec le code Google Examinez le code QR\"}]},{\"@type\":\"WebSite\",\"@id\":\"https:\/\/www.truzzer.com\/fr\/#website\",\"url\":\"https:\/\/www.truzzer.com\/fr\/\",\"name\":\"truzzer\",\"description\":\"Experts for customer trust\",\"publisher\":{\"@id\":\"https:\/\/www.truzzer.com\/fr\/#organization\"},\"potentialAction\":[{\"@type\":\"SearchAction\",\"target\":{\"@type\":\"EntryPoint\",\"urlTemplate\":\"https:\/\/www.truzzer.com\/fr\/?s={search_term_string}\"},\"query-input\":{\"@type\":\"PropertyValueSpecification\",\"valueRequired\":true,\"valueName\":\"search_term_string\"}}],\"inLanguage\":\"fr-FR\"},{\"@type\":\"Organization\",\"@id\":\"https:\/\/www.truzzer.com\/fr\/#organization\",\"name\":\"truzzer\",\"url\":\"https:\/\/www.truzzer.com\/fr\/\",\"logo\":{\"@type\":\"ImageObject\",\"inLanguage\":\"fr-FR\",\"@id\":\"https:\/\/www.truzzer.com\/fr\/#\/schema\/logo\/image\/\",\"url\":\"https:\/\/truzzer.com\/wp-content\/uploads\/2026\/01\/truzzer-logo-black-1.svg\",\"contentUrl\":\"https:\/\/truzzer.com\/wp-content\/uploads\/2026\/01\/truzzer-logo-black-1.svg\",\"width\":938,\"height\":199,\"caption\":\"truzzer\"},\"image\":{\"@id\":\"https:\/\/www.truzzer.com\/fr\/#\/schema\/logo\/image\/\"}}]}<\/script>\n<!-- \/ Yoast SEO plugin. -->","yoast_head_json":{"title":"Review us on Google Sticker with QR code rectan... | truzzer","description":"Plus d'avis Google avec Review us on Google Sticker with QR code rectangle with Google Review QR Code de truzzer. Installation facile. Commandez !","robots":{"index":"index","follow":"follow","max-snippet":"max-snippet:-1","max-image-preview":"max-image-preview:large","max-video-preview":"max-video-preview:-1"},"canonical":"https:\/\/www.truzzer.com\/fr\/produit\/review-us-on-google-sticker-with-qr-code-rectangle-with-google-review-qr-code\/","og_locale":"fr_FR","og_type":"article","og_title":"Review us on Google Sticker with QR code rectan... | truzzer","og_description":"Plus d'avis Google avec Review us on Google Sticker with QR code rectangle with Google Review QR Code de truzzer. Installation facile. Commandez !","og_url":"https:\/\/www.truzzer.com\/fr\/produit\/review-us-on-google-sticker-with-qr-code-rectangle-with-google-review-qr-code\/","og_site_name":"truzzer","article_modified_time":"2026-02-13T08:27:35+00:00","og_image":[{"width":1200,"height":1200,"url":"https:\/\/www.truzzer.com\/wp-content\/uploads\/2026\/02\/fensteraufkleber-3-12-1.png","type":"image\/png"}],"twitter_card":"summary_large_image","twitter_misc":{"Dur\u00e9e de lecture estim\u00e9e":"1 minute"},"schema":{"@context":"https:\/\/schema.org","@graph":[{"@type":"WebPage","@id":"https:\/\/www.truzzer.com\/fr\/produit\/review-us-on-google-sticker-with-qr-code-rectangle-with-google-review-qr-code\/","url":"https:\/\/www.truzzer.com\/fr\/produit\/review-us-on-google-sticker-with-qr-code-rectangle-with-google-review-qr-code\/","name":"Review us on Google Sticker with QR code rectan... | truzzer","isPartOf":{"@id":"https:\/\/www.truzzer.com\/fr\/#website"},"primaryImageOfPage":{"@id":"https:\/\/www.truzzer.com\/fr\/produit\/review-us-on-google-sticker-with-qr-code-rectangle-with-google-review-qr-code\/#primaryimage"},"image":{"@id":"https:\/\/www.truzzer.com\/fr\/produit\/review-us-on-google-sticker-with-qr-code-rectangle-with-google-review-qr-code\/#primaryimage"},"thumbnailUrl":"https:\/\/www.truzzer.com\/wp-content\/uploads\/2026\/02\/fensteraufkleber-3-12-1.png","datePublished":"2026-02-01T20:05:18+00:00","dateModified":"2026-02-13T08:27:35+00:00","description":"Plus d'avis Google avec Review us on Google Sticker with QR code rectangle with Google Review QR Code de truzzer. Installation facile. Commandez !","breadcrumb":{"@id":"https:\/\/www.truzzer.com\/fr\/produit\/review-us-on-google-sticker-with-qr-code-rectangle-with-google-review-qr-code\/#breadcrumb"},"inLanguage":"fr-FR","potentialAction":[{"@type":"ReadAction","target":["https:\/\/www.truzzer.com\/fr\/produit\/review-us-on-google-sticker-with-qr-code-rectangle-with-google-review-qr-code\/"]}]},{"@type":"ImageObject","inLanguage":"fr-FR","@id":"https:\/\/www.truzzer.com\/fr\/produit\/review-us-on-google-sticker-with-qr-code-rectangle-with-google-review-qr-code\/#primaryimage","url":"https:\/\/www.truzzer.com\/wp-content\/uploads\/2026\/02\/fensteraufkleber-3-12-1.png","contentUrl":"https:\/\/www.truzzer.com\/wp-content\/uploads\/2026\/02\/fensteraufkleber-3-12-1.png","width":1200,"height":1200},{"@type":"BreadcrumbList","@id":"https:\/\/www.truzzer.com\/fr\/produit\/review-us-on-google-sticker-with-qr-code-rectangle-with-google-review-qr-code\/#breadcrumb","itemListElement":[{"@type":"ListItem","position":1,"name":"Home","item":"https:\/\/www.truzzer.com\/fr\/"},{"@type":"ListItem","position":2,"name":"Boutique","item":"https:\/\/www.truzzer.com\/fr\/boutique\/"},{"@type":"ListItem","position":3,"name":"\u00c9valuez-nous sur l&rsquo;autocollant Google avec le code QR rectangle avec le code Google Examinez le code QR"}]},{"@type":"WebSite","@id":"https:\/\/www.truzzer.com\/fr\/#website","url":"https:\/\/www.truzzer.com\/fr\/","name":"truzzer","description":"Experts for customer trust","publisher":{"@id":"https:\/\/www.truzzer.com\/fr\/#organization"},"potentialAction":[{"@type":"SearchAction","target":{"@type":"EntryPoint","urlTemplate":"https:\/\/www.truzzer.com\/fr\/?s={search_term_string}"},"query-input":{"@type":"PropertyValueSpecification","valueRequired":true,"valueName":"search_term_string"}}],"inLanguage":"fr-FR"},{"@type":"Organization","@id":"https:\/\/www.truzzer.com\/fr\/#organization","name":"truzzer","url":"https:\/\/www.truzzer.com\/fr\/","logo":{"@type":"ImageObject","inLanguage":"fr-FR","@id":"https:\/\/www.truzzer.com\/fr\/#\/schema\/logo\/image\/","url":"https:\/\/truzzer.com\/wp-content\/uploads\/2026\/01\/truzzer-logo-black-1.svg","contentUrl":"https:\/\/truzzer.com\/wp-content\/uploads\/2026\/01\/truzzer-logo-black-1.svg","width":938,"height":199,"caption":"truzzer"},"image":{"@id":"https:\/\/www.truzzer.com\/fr\/#\/schema\/logo\/image\/"}}]}},"tiered_pricing_type":"fixed","tiered_pricing_fixed_rules":[],"tiered_pricing_product_settings":{"layout":"default","base_unit_name":{"singular":null,"plural":null},"default_variation":null},"tiered_pricing_minimum_quantity":null,"tiered_pricing_roles_data":[],"tiered_pricing_percentage_rules":[],"tiered_pricing_maximum_quantity":null,"tiered_pricing_quantity_step":null,"_links":{"self":[{"href":"https:\/\/www.truzzer.com\/fr\/wp-json\/wp\/v2\/product\/94575","targetHints":{"allow":["GET"]}}],"collection":[{"href":"https:\/\/www.truzzer.com\/fr\/wp-json\/wp\/v2\/product"}],"about":[{"href":"https:\/\/www.truzzer.com\/fr\/wp-json\/wp\/v2\/types\/product"}],"replies":[{"embeddable":true,"href":"https:\/\/www.truzzer.com\/fr\/wp-json\/wp\/v2\/comments?post=94575"}],"wp:featuredmedia":[{"embeddable":true,"href":"https:\/\/www.truzzer.com\/fr\/wp-json\/wp\/v2\/media\/94576"}],"wp:attachment":[{"href":"https:\/\/www.truzzer.com\/fr\/wp-json\/wp\/v2\/media?parent=94575"}],"wp:term":[{"taxonomy":"product_brand","embeddable":true,"href":"https:\/\/www.truzzer.com\/fr\/wp-json\/wp\/v2\/product_brand?post=94575"},{"taxonomy":"product_cat","embeddable":true,"href":"https:\/\/www.truzzer.com\/fr\/wp-json\/wp\/v2\/product_cat?post=94575"},{"taxonomy":"product_tag","embeddable":true,"href":"https:\/\/www.truzzer.com\/fr\/wp-json\/wp\/v2\/product_tag?post=94575"}],"curies":[{"name":"wp","href":"https:\/\/api.w.org\/{rel}","templated":true}]}}