{"id":96823,"date":"2026-02-01T20:02:53","date_gmt":"2026-02-01T20:02:53","guid":{"rendered":"https:\/\/beta.truzzer.com\/product\/follow-us-on-instagram-nfc-stand-display\/"},"modified":"2026-02-13T09:52:33","modified_gmt":"2026-02-13T09:52:33","slug":"follow-us-on-instagram-nfc-stand-display","status":"publish","type":"product","link":"https:\/\/www.truzzer.com\/fr\/produit\/follow-us-on-instagram-nfc-stand-display\/","title":{"rendered":"Suivez-nous sur Instagram NFC Support \/ Pr\u00e9sentoir"},"content":{"rendered":"","protected":false},"excerpt":{"rendered":"<h2>Obtenez des abonn\u00e9s Instagram avec NFC\u00a0!<\/h2>\n<p><strong>Convertir des clients en abonn\u00e9s Instagram n&rsquo;a jamais \u00e9t\u00e9 aussi simple\u00a0!<\/strong><br \/>\nAvec les stands\/pr\u00e9sentoirs sans contact Instagram NFC, vous pouvez facilement gagner de nouveaux abonn\u00e9s Instagram directement sur place.<br \/>\nAvec son design cool, la table debout Instagram NFC suscite l&rsquo;int\u00e9r\u00eat des clients et l&rsquo;appel \u00e0 l&rsquo;action encourage vos clients \u00e0 vous suivre sur Instagram.<\/p>\n<p>Il suffit \u00e0 vos clients de tenir leur smartphone pr\u00e8s du stand et une pop-up s&rsquo;ouvrira sur leur t\u00e9l\u00e9phone portable, qui m\u00e8nera directement \u00e0 votre profil Instagram\u00a0!<\/p>\n<p>Si le smartphone du client ne dispose pas de fonction NFC, il existe un code QR alternatif sur l&rsquo;exposant, qui peut \u00eatre scann\u00e9 directement avec l&rsquo;appareil photo du smartphone <strong>&#8211; dans les deux cas, aucune application distincte n&rsquo;est n\u00e9cessaire\u00a0!<\/strong><\/p>\n<h3><strong>Voici comment les standees NFC vous aident \u00e0 obtenir plus de followers<br \/>\n<\/strong><\/h3>\n<p>&nbsp;<\/p>\n<ul>\n<li>Pas de questions d\u00e9licates etamp; Demandez, il suffit de vous placer sur place. Le <strong>Call-To-Action<\/strong> encourage vos clients \u00e0 vous suivre<\/li>\n<li>N&rsquo;oubliez pas, car les clients seront inform\u00e9s de votre profil Instagram<\/li>\n<li>Aucune recherche et aucune difficult\u00e9\u00a0: <strong>Le lien NFC et le code Instagram QR m\u00e8nent directement \u00e0 votre profil<\/strong>(nous le cr\u00e9ons pour vous)<strong><br \/>\n<\/strong><\/li>\n<li><strong>Saisissable<\/strong>\u00a0: les \u00e9crans rendent votre profil Instagram tangible.<\/li>\n<li>Aucune application suppl\u00e9mentaire requise.<\/li>\n<li>Attire l&rsquo;attention\u00a0: design moderne<\/li>\n<\/ul>\n<p><strong>Nous cr\u00e9erons et lierons pour vous le lien NFC et le code QR \u00e0 votre profil Instagram\u00a0!<\/strong><strong><br \/>\n<\/strong><\/p>\n","protected":false},"featured_media":96838,"comment_status":"open","ping_status":"closed","template":"","meta":{"_acf_changed":false,"_yoast_wpseo_focuskw":"Instagram QR Code NFC Stand","_yoast_wpseo_title":"Follow us on Instagram NFC Stand \/ Display | truzzer","_yoast_wpseo_metadesc":"Plus d'abonn\u00e9s Instagram avec Follow us on Instagram NFC Stand \/ Display de truzzer. Installation facile, pr\u00eat \u00e0 l'emploi. Commandez maintenant !"},"product_brand":[1662],"product_cat":[1341,558],"product_tag":[],"class_list":{"0":"post-96823","1":"product","2":"type-product","3":"status-publish","4":"has-post-thumbnail","6":"product_brand-instagram","7":"product_cat-abonnes-instagram-presentoirs-de-table-avec-nfc","8":"product_cat-nfc-produits","9":"pa_industry-hotel","10":"pa_industry-medische-praktijk","11":"pa_industry-restaurant-cafe","12":"pa_material-acrylic","13":"pa_placement-balie-reception","14":"pa_placement-kassa-pos","15":"pa_placement-tafel","16":"pa_product-type-presentoirs-et-stands","17":"pa_technology-nfc","19":"first","20":"instock","21":"taxable","22":"shipping-taxable","23":"purchasable","24":"product-type-simple"},"acf":[],"yoast_head":"<!-- This site is optimized with the Yoast SEO plugin v27.0 - https:\/\/yoast.com\/product\/yoast-seo-wordpress\/ -->\n<title>Follow us on Instagram NFC Stand \/ Display | truzzer<\/title>\n<meta name=\"description\" content=\"Plus d&#039;abonn\u00e9s Instagram avec Follow us on Instagram NFC Stand \/ Display de truzzer. Installation facile, pr\u00eat \u00e0 l&#039;emploi. Commandez maintenant !\" \/>\n<meta name=\"robots\" content=\"index, follow, max-snippet:-1, max-image-preview:large, max-video-preview:-1\" \/>\n<link rel=\"canonical\" href=\"https:\/\/www.truzzer.com\/fr\/produit\/follow-us-on-instagram-nfc-stand-display\/\" \/>\n<meta property=\"og:locale\" content=\"fr_FR\" \/>\n<meta property=\"og:type\" content=\"article\" \/>\n<meta property=\"og:title\" content=\"Follow us on Instagram NFC Stand \/ Display | truzzer\" \/>\n<meta property=\"og:description\" content=\"Plus d&#039;abonn\u00e9s Instagram avec Follow us on Instagram NFC Stand \/ Display de truzzer. Installation facile, pr\u00eat \u00e0 l&#039;emploi. Commandez maintenant !\" \/>\n<meta property=\"og:url\" content=\"https:\/\/www.truzzer.com\/fr\/produit\/follow-us-on-instagram-nfc-stand-display\/\" \/>\n<meta property=\"og:site_name\" content=\"truzzer\" \/>\n<meta property=\"article:modified_time\" content=\"2026-02-13T09:52:33+00:00\" \/>\n<meta property=\"og:image\" content=\"https:\/\/www.truzzer.com\/wp-content\/uploads\/2026\/02\/instagram-nfc-stand-1.jpg\" \/>\n\t<meta property=\"og:image:width\" content=\"1200\" \/>\n\t<meta property=\"og:image:height\" content=\"1200\" \/>\n\t<meta property=\"og:image:type\" content=\"image\/jpeg\" \/>\n<meta name=\"twitter:card\" content=\"summary_large_image\" \/>\n<script type=\"application\/ld+json\" class=\"yoast-schema-graph\">{\"@context\":\"https:\/\/schema.org\",\"@graph\":[{\"@type\":\"WebPage\",\"@id\":\"https:\/\/www.truzzer.com\/fr\/produit\/follow-us-on-instagram-nfc-stand-display\/\",\"url\":\"https:\/\/www.truzzer.com\/fr\/produit\/follow-us-on-instagram-nfc-stand-display\/\",\"name\":\"Follow us on Instagram NFC Stand \/ Display | truzzer\",\"isPartOf\":{\"@id\":\"https:\/\/www.truzzer.com\/fr\/#website\"},\"primaryImageOfPage\":{\"@id\":\"https:\/\/www.truzzer.com\/fr\/produit\/follow-us-on-instagram-nfc-stand-display\/#primaryimage\"},\"image\":{\"@id\":\"https:\/\/www.truzzer.com\/fr\/produit\/follow-us-on-instagram-nfc-stand-display\/#primaryimage\"},\"thumbnailUrl\":\"https:\/\/www.truzzer.com\/wp-content\/uploads\/2026\/02\/instagram-nfc-stand-1.jpg\",\"datePublished\":\"2026-02-01T20:02:53+00:00\",\"dateModified\":\"2026-02-13T09:52:33+00:00\",\"description\":\"Plus d'abonn\u00e9s Instagram avec Follow us on Instagram NFC Stand \/ Display de truzzer. Installation facile, pr\u00eat \u00e0 l'emploi. Commandez maintenant !\",\"breadcrumb\":{\"@id\":\"https:\/\/www.truzzer.com\/fr\/produit\/follow-us-on-instagram-nfc-stand-display\/#breadcrumb\"},\"inLanguage\":\"fr-FR\",\"potentialAction\":[{\"@type\":\"ReadAction\",\"target\":[\"https:\/\/www.truzzer.com\/fr\/produit\/follow-us-on-instagram-nfc-stand-display\/\"]}]},{\"@type\":\"ImageObject\",\"inLanguage\":\"fr-FR\",\"@id\":\"https:\/\/www.truzzer.com\/fr\/produit\/follow-us-on-instagram-nfc-stand-display\/#primaryimage\",\"url\":\"https:\/\/www.truzzer.com\/wp-content\/uploads\/2026\/02\/instagram-nfc-stand-1.jpg\",\"contentUrl\":\"https:\/\/www.truzzer.com\/wp-content\/uploads\/2026\/02\/instagram-nfc-stand-1.jpg\",\"width\":1200,\"height\":1200},{\"@type\":\"BreadcrumbList\",\"@id\":\"https:\/\/www.truzzer.com\/fr\/produit\/follow-us-on-instagram-nfc-stand-display\/#breadcrumb\",\"itemListElement\":[{\"@type\":\"ListItem\",\"position\":1,\"name\":\"Home\",\"item\":\"https:\/\/www.truzzer.com\/fr\/\"},{\"@type\":\"ListItem\",\"position\":2,\"name\":\"Boutique\",\"item\":\"https:\/\/www.truzzer.com\/fr\/boutique\/\"},{\"@type\":\"ListItem\",\"position\":3,\"name\":\"Suivez-nous sur Instagram NFC Support \/ Pr\u00e9sentoir\"}]},{\"@type\":\"WebSite\",\"@id\":\"https:\/\/www.truzzer.com\/fr\/#website\",\"url\":\"https:\/\/www.truzzer.com\/fr\/\",\"name\":\"truzzer\",\"description\":\"Experts for customer trust\",\"publisher\":{\"@id\":\"https:\/\/www.truzzer.com\/fr\/#organization\"},\"potentialAction\":[{\"@type\":\"SearchAction\",\"target\":{\"@type\":\"EntryPoint\",\"urlTemplate\":\"https:\/\/www.truzzer.com\/fr\/?s={search_term_string}\"},\"query-input\":{\"@type\":\"PropertyValueSpecification\",\"valueRequired\":true,\"valueName\":\"search_term_string\"}}],\"inLanguage\":\"fr-FR\"},{\"@type\":\"Organization\",\"@id\":\"https:\/\/www.truzzer.com\/fr\/#organization\",\"name\":\"truzzer\",\"url\":\"https:\/\/www.truzzer.com\/fr\/\",\"logo\":{\"@type\":\"ImageObject\",\"inLanguage\":\"fr-FR\",\"@id\":\"https:\/\/www.truzzer.com\/fr\/#\/schema\/logo\/image\/\",\"url\":\"https:\/\/truzzer.com\/wp-content\/uploads\/2026\/01\/truzzer-logo-black-1.svg\",\"contentUrl\":\"https:\/\/truzzer.com\/wp-content\/uploads\/2026\/01\/truzzer-logo-black-1.svg\",\"width\":938,\"height\":199,\"caption\":\"truzzer\"},\"image\":{\"@id\":\"https:\/\/www.truzzer.com\/fr\/#\/schema\/logo\/image\/\"}}]}<\/script>\n<!-- \/ Yoast SEO plugin. -->","yoast_head_json":{"title":"Follow us on Instagram NFC Stand \/ Display | truzzer","description":"Plus d'abonn\u00e9s Instagram avec Follow us on Instagram NFC Stand \/ Display de truzzer. Installation facile, pr\u00eat \u00e0 l'emploi. Commandez maintenant !","robots":{"index":"index","follow":"follow","max-snippet":"max-snippet:-1","max-image-preview":"max-image-preview:large","max-video-preview":"max-video-preview:-1"},"canonical":"https:\/\/www.truzzer.com\/fr\/produit\/follow-us-on-instagram-nfc-stand-display\/","og_locale":"fr_FR","og_type":"article","og_title":"Follow us on Instagram NFC Stand \/ Display | truzzer","og_description":"Plus d'abonn\u00e9s Instagram avec Follow us on Instagram NFC Stand \/ Display de truzzer. Installation facile, pr\u00eat \u00e0 l'emploi. Commandez maintenant !","og_url":"https:\/\/www.truzzer.com\/fr\/produit\/follow-us-on-instagram-nfc-stand-display\/","og_site_name":"truzzer","article_modified_time":"2026-02-13T09:52:33+00:00","og_image":[{"width":1200,"height":1200,"url":"https:\/\/www.truzzer.com\/wp-content\/uploads\/2026\/02\/instagram-nfc-stand-1.jpg","type":"image\/jpeg"}],"twitter_card":"summary_large_image","schema":{"@context":"https:\/\/schema.org","@graph":[{"@type":"WebPage","@id":"https:\/\/www.truzzer.com\/fr\/produit\/follow-us-on-instagram-nfc-stand-display\/","url":"https:\/\/www.truzzer.com\/fr\/produit\/follow-us-on-instagram-nfc-stand-display\/","name":"Follow us on Instagram NFC Stand \/ Display | truzzer","isPartOf":{"@id":"https:\/\/www.truzzer.com\/fr\/#website"},"primaryImageOfPage":{"@id":"https:\/\/www.truzzer.com\/fr\/produit\/follow-us-on-instagram-nfc-stand-display\/#primaryimage"},"image":{"@id":"https:\/\/www.truzzer.com\/fr\/produit\/follow-us-on-instagram-nfc-stand-display\/#primaryimage"},"thumbnailUrl":"https:\/\/www.truzzer.com\/wp-content\/uploads\/2026\/02\/instagram-nfc-stand-1.jpg","datePublished":"2026-02-01T20:02:53+00:00","dateModified":"2026-02-13T09:52:33+00:00","description":"Plus d'abonn\u00e9s Instagram avec Follow us on Instagram NFC Stand \/ Display de truzzer. Installation facile, pr\u00eat \u00e0 l'emploi. Commandez maintenant !","breadcrumb":{"@id":"https:\/\/www.truzzer.com\/fr\/produit\/follow-us-on-instagram-nfc-stand-display\/#breadcrumb"},"inLanguage":"fr-FR","potentialAction":[{"@type":"ReadAction","target":["https:\/\/www.truzzer.com\/fr\/produit\/follow-us-on-instagram-nfc-stand-display\/"]}]},{"@type":"ImageObject","inLanguage":"fr-FR","@id":"https:\/\/www.truzzer.com\/fr\/produit\/follow-us-on-instagram-nfc-stand-display\/#primaryimage","url":"https:\/\/www.truzzer.com\/wp-content\/uploads\/2026\/02\/instagram-nfc-stand-1.jpg","contentUrl":"https:\/\/www.truzzer.com\/wp-content\/uploads\/2026\/02\/instagram-nfc-stand-1.jpg","width":1200,"height":1200},{"@type":"BreadcrumbList","@id":"https:\/\/www.truzzer.com\/fr\/produit\/follow-us-on-instagram-nfc-stand-display\/#breadcrumb","itemListElement":[{"@type":"ListItem","position":1,"name":"Home","item":"https:\/\/www.truzzer.com\/fr\/"},{"@type":"ListItem","position":2,"name":"Boutique","item":"https:\/\/www.truzzer.com\/fr\/boutique\/"},{"@type":"ListItem","position":3,"name":"Suivez-nous sur Instagram NFC Support \/ Pr\u00e9sentoir"}]},{"@type":"WebSite","@id":"https:\/\/www.truzzer.com\/fr\/#website","url":"https:\/\/www.truzzer.com\/fr\/","name":"truzzer","description":"Experts for customer trust","publisher":{"@id":"https:\/\/www.truzzer.com\/fr\/#organization"},"potentialAction":[{"@type":"SearchAction","target":{"@type":"EntryPoint","urlTemplate":"https:\/\/www.truzzer.com\/fr\/?s={search_term_string}"},"query-input":{"@type":"PropertyValueSpecification","valueRequired":true,"valueName":"search_term_string"}}],"inLanguage":"fr-FR"},{"@type":"Organization","@id":"https:\/\/www.truzzer.com\/fr\/#organization","name":"truzzer","url":"https:\/\/www.truzzer.com\/fr\/","logo":{"@type":"ImageObject","inLanguage":"fr-FR","@id":"https:\/\/www.truzzer.com\/fr\/#\/schema\/logo\/image\/","url":"https:\/\/truzzer.com\/wp-content\/uploads\/2026\/01\/truzzer-logo-black-1.svg","contentUrl":"https:\/\/truzzer.com\/wp-content\/uploads\/2026\/01\/truzzer-logo-black-1.svg","width":938,"height":199,"caption":"truzzer"},"image":{"@id":"https:\/\/www.truzzer.com\/fr\/#\/schema\/logo\/image\/"}}]}},"tiered_pricing_type":"fixed","tiered_pricing_fixed_rules":[],"tiered_pricing_product_settings":{"layout":"default","base_unit_name":{"singular":null,"plural":null},"default_variation":null},"tiered_pricing_minimum_quantity":null,"tiered_pricing_roles_data":[],"tiered_pricing_percentage_rules":[],"tiered_pricing_maximum_quantity":null,"tiered_pricing_quantity_step":null,"_links":{"self":[{"href":"https:\/\/www.truzzer.com\/fr\/wp-json\/wp\/v2\/product\/96823","targetHints":{"allow":["GET"]}}],"collection":[{"href":"https:\/\/www.truzzer.com\/fr\/wp-json\/wp\/v2\/product"}],"about":[{"href":"https:\/\/www.truzzer.com\/fr\/wp-json\/wp\/v2\/types\/product"}],"replies":[{"embeddable":true,"href":"https:\/\/www.truzzer.com\/fr\/wp-json\/wp\/v2\/comments?post=96823"}],"wp:featuredmedia":[{"embeddable":true,"href":"https:\/\/www.truzzer.com\/fr\/wp-json\/wp\/v2\/media\/96838"}],"wp:attachment":[{"href":"https:\/\/www.truzzer.com\/fr\/wp-json\/wp\/v2\/media?parent=96823"}],"wp:term":[{"taxonomy":"product_brand","embeddable":true,"href":"https:\/\/www.truzzer.com\/fr\/wp-json\/wp\/v2\/product_brand?post=96823"},{"taxonomy":"product_cat","embeddable":true,"href":"https:\/\/www.truzzer.com\/fr\/wp-json\/wp\/v2\/product_cat?post=96823"},{"taxonomy":"product_tag","embeddable":true,"href":"https:\/\/www.truzzer.com\/fr\/wp-json\/wp\/v2\/product_tag?post=96823"}],"curies":[{"name":"wp","href":"https:\/\/api.w.org\/{rel}","templated":true}]}}