{"id":96891,"date":"2026-02-01T20:01:58","date_gmt":"2026-02-01T20:01:58","guid":{"rendered":"https:\/\/beta.truzzer.com\/product\/google-review-nfc-sticker-square-with-google-review-qr-code\/"},"modified":"2026-02-13T09:57:16","modified_gmt":"2026-02-13T09:57:16","slug":"google-review-nfc-sticker-square-with-google-review-qr-code","status":"publish","type":"product","link":"https:\/\/www.truzzer.com\/fr\/produit\/google-review-nfc-sticker-square-with-google-review-qr-code\/","title":{"rendered":"Google Review NFC Autocollant \u00ab\u00a0Carr\u00e9\u00a0\u00bb avec Google Review Code QR"},"content":{"rendered":"<h2>Obtenez plus d&rsquo;avis Google avec les autocollants de code Google Review NFC QR de truzzer\u00a0!<\/h2>\n<p>Avec les <strong>autocollants d&rsquo;avis truzzer Google<\/strong> avec lien NFC, vous pouvez obtenir plus rapidement des avis positifs de vos clients satisfaits directement dans votre boutique.<\/p>\n<p>Placez les autocollants bien en vue dans la zone de paiement, sur la porte d&rsquo;entr\u00e9e ou partout o\u00f9 vos clients peuvent voir les autocollants.<\/p>\n<p>-Convient pour une utilisation int\u00e9rieure et ext\u00e9rieure<br \/>\n&#8211; R\u00e9sistant aux intemp\u00e9ries<br \/>\n-Convient \u00e0 toute surface lisse<br \/>\n-Pour les magasins de d\u00e9tail, les portes ou comme autocollant de voiture Google<br \/>\n-Montre \u00e0 vos clients qu&rsquo;ils peuvent \u00e9galement vous trouver sur Google<br \/>\n&#8211; Fabriqu\u00e9 individuellement pour vous<\/p>\n<p>&nbsp;<\/p>\n<p>&nbsp;<\/p>\n","protected":false},"excerpt":{"rendered":"<h2>Obtenez des avis Google avec NFC<\/h2>\n<p><strong>Obtenir des avis clients sur Google n&rsquo;a jamais \u00e9t\u00e9 aussi simple\u00a0!<\/strong><br \/>\nAvec les autocollants \/ stickers sans contact Google avis NFC vous pouvez facilement gagner de nouveaux avis Google directement sur place.<br \/>\nAvec son design sympa, l&rsquo;autocollant d&rsquo;\u00e9valuation Google suscite l&rsquo;int\u00e9r\u00eat des clients et l&rsquo;appel \u00e0 l&rsquo;action encourage vos clients \u00e0 vous \u00e9valuer sur Google.<\/p>\n<p>Tout ce que vos clients ont \u00e0 faire est de tenir leur smartphone pr\u00e8s de l&rsquo;autocollant et une fen\u00eatre contextuelle s&rsquo;ouvrira sur leur t\u00e9l\u00e9phone, qui m\u00e8nera directement \u00e0 votre formulaire d&rsquo;avis\u00a0!<\/p>\n<p>Si le smartphone du client ne dispose pas de fonction NFC, il existe un code QR alternatif sur l&rsquo;autocollant qui peut \u00eatre scann\u00e9 directement avec l&rsquo;appareil photo du smartphone <strong>&#8211; dans les deux cas, aucune application distincte n&rsquo;est n\u00e9cessaire\u00a0!<\/strong><\/p>\n<h3><strong>Voici comment les autocollants NFC vous aident \u00e0 obtenir plus de notes Google<br \/><\/strong><\/h3>\n<p>Les autocollants NFC vous permettent, \u00e0 vous et \u00e0 vos clients, de surmonter les plus grands obstacles de la classification Google\u00a0:<\/p>\n<ul>\n<li>Pas de questions d\u00e9licates etamp; Demandez, il suffit de vous placer sur place. Le <strong>Call-To-Action<\/strong> prend en charge la demande de notation Google pour vous<\/li>\n<li>N&rsquo;oubliez pas, car la note Google sera rappel\u00e9e aux clients.<\/li>\n<li>Pas de recherche et pas de tracas\u00a0: <strong>Le lien NFC et le code Google Review QR m\u00e8nent directement \u00e0 votre formulaire d&rsquo;avis<\/strong> (nous le cr\u00e9erons pour vous)<strong><br \/><\/strong><\/li>\n<li><strong>Touchable<\/strong>\u00a0: les autocollants rendent la note touchable.<\/li>\n<li>Aucune application suppl\u00e9mentaire requise.<\/li>\n<li>Attire l&rsquo;attention\u00a0: design moderne<\/li>\n<\/ul>\n<p><strong>Nous cr\u00e9erons et lierons pour vous le lien NFC et le code QR pour une \u00e9valuation directe sur votre profil Google\u00a0!<\/strong><strong><br \/><\/strong><\/p>\n","protected":false},"featured_media":96894,"comment_status":"open","ping_status":"closed","template":"","meta":{"_acf_changed":false,"_yoast_wpseo_focuskw":"Avis Google NFC Autocollant","_yoast_wpseo_title":"Google Review NFC Sticker \u00ab\u00a0Square\u00a0\u00bb with Googl... | truzzer","_yoast_wpseo_metadesc":"Plus d'avis Google avec Google Review NFC Sticker \u00ab\u00a0Square\u00a0\u00bb with Google Review QR Code de truzzer. Installation facile. Commandez !"},"product_brand":[1655],"product_cat":[1342,1337,558],"product_tag":[],"class_list":{"0":"post-96891","1":"product","2":"type-product","3":"status-publish","4":"has-post-thumbnail","6":"product_brand-google","7":"product_cat-avis-google-autocollants-avec-qr-nfc","8":"product_cat-nfc-autocollants","9":"product_cat-nfc-produits","10":"pa_industry-detailhandel","11":"pa_industry-fitness-gym","12":"pa_industry-restaurant-cafe","13":"pa_material-vinyl","14":"pa_placement-balie-reception","15":"pa_placement-verpakking","16":"pa_placement-window-door","17":"pa_product-type-autocollant","18":"pa_shape-vierkant","19":"pa_technology-nfc","20":"pa_technology-qr-nfc-2","22":"first","23":"instock","24":"taxable","25":"shipping-taxable","26":"purchasable","27":"product-type-simple"},"acf":[],"yoast_head":"<!-- This site is optimized with the Yoast SEO plugin v27.0 - https:\/\/yoast.com\/product\/yoast-seo-wordpress\/ -->\n<title>Google Review NFC Sticker \u00ab\u00a0Square\u00a0\u00bb with Googl... | truzzer<\/title>\n<meta name=\"description\" content=\"Plus d&#039;avis Google avec Google Review NFC Sticker \u00ab\u00a0Square\u00a0\u00bb with Google Review QR Code de truzzer. Installation facile. Commandez !\" \/>\n<meta name=\"robots\" content=\"index, follow, max-snippet:-1, max-image-preview:large, max-video-preview:-1\" \/>\n<link rel=\"canonical\" href=\"https:\/\/www.truzzer.com\/fr\/produit\/google-review-nfc-sticker-square-with-google-review-qr-code\/\" \/>\n<meta property=\"og:locale\" content=\"fr_FR\" \/>\n<meta property=\"og:type\" content=\"article\" \/>\n<meta property=\"og:title\" content=\"Google Review NFC Sticker \u00ab\u00a0Square\u00a0\u00bb with Googl... | truzzer\" \/>\n<meta property=\"og:description\" content=\"Plus d&#039;avis Google avec Google Review NFC Sticker \u00ab\u00a0Square\u00a0\u00bb with Google Review QR Code de truzzer. Installation facile. Commandez !\" \/>\n<meta property=\"og:url\" content=\"https:\/\/www.truzzer.com\/fr\/produit\/google-review-nfc-sticker-square-with-google-review-qr-code\/\" \/>\n<meta property=\"og:site_name\" content=\"truzzer\" \/>\n<meta property=\"article:modified_time\" content=\"2026-02-13T09:57:16+00:00\" \/>\n<meta property=\"og:image\" content=\"https:\/\/www.truzzer.com\/wp-content\/uploads\/2026\/02\/google-review-nfc-sticker-google-qr-code-truzzer-1-2.jpg\" \/>\n\t<meta property=\"og:image:width\" content=\"1200\" \/>\n\t<meta property=\"og:image:height\" content=\"1200\" \/>\n\t<meta property=\"og:image:type\" content=\"image\/jpeg\" \/>\n<meta name=\"twitter:card\" content=\"summary_large_image\" \/>\n<meta name=\"twitter:label1\" content=\"Dur\u00e9e de lecture estim\u00e9e\" \/>\n\t<meta name=\"twitter:data1\" content=\"1 minute\" \/>\n<script type=\"application\/ld+json\" class=\"yoast-schema-graph\">{\"@context\":\"https:\/\/schema.org\",\"@graph\":[{\"@type\":\"WebPage\",\"@id\":\"https:\/\/www.truzzer.com\/fr\/produit\/google-review-nfc-sticker-square-with-google-review-qr-code\/\",\"url\":\"https:\/\/www.truzzer.com\/fr\/produit\/google-review-nfc-sticker-square-with-google-review-qr-code\/\",\"name\":\"Google Review NFC Sticker \u00ab\u00a0Square\u00a0\u00bb with Googl... | truzzer\",\"isPartOf\":{\"@id\":\"https:\/\/www.truzzer.com\/fr\/#website\"},\"primaryImageOfPage\":{\"@id\":\"https:\/\/www.truzzer.com\/fr\/produit\/google-review-nfc-sticker-square-with-google-review-qr-code\/#primaryimage\"},\"image\":{\"@id\":\"https:\/\/www.truzzer.com\/fr\/produit\/google-review-nfc-sticker-square-with-google-review-qr-code\/#primaryimage\"},\"thumbnailUrl\":\"https:\/\/www.truzzer.com\/wp-content\/uploads\/2026\/02\/google-review-nfc-sticker-google-qr-code-truzzer-1-2.jpg\",\"datePublished\":\"2026-02-01T20:01:58+00:00\",\"dateModified\":\"2026-02-13T09:57:16+00:00\",\"description\":\"Plus d'avis Google avec Google Review NFC Sticker \u00ab\u00a0Square\u00a0\u00bb with Google Review QR Code de truzzer. Installation facile. Commandez !\",\"breadcrumb\":{\"@id\":\"https:\/\/www.truzzer.com\/fr\/produit\/google-review-nfc-sticker-square-with-google-review-qr-code\/#breadcrumb\"},\"inLanguage\":\"fr-FR\",\"potentialAction\":[{\"@type\":\"ReadAction\",\"target\":[\"https:\/\/www.truzzer.com\/fr\/produit\/google-review-nfc-sticker-square-with-google-review-qr-code\/\"]}]},{\"@type\":\"ImageObject\",\"inLanguage\":\"fr-FR\",\"@id\":\"https:\/\/www.truzzer.com\/fr\/produit\/google-review-nfc-sticker-square-with-google-review-qr-code\/#primaryimage\",\"url\":\"https:\/\/www.truzzer.com\/wp-content\/uploads\/2026\/02\/google-review-nfc-sticker-google-qr-code-truzzer-1-2.jpg\",\"contentUrl\":\"https:\/\/www.truzzer.com\/wp-content\/uploads\/2026\/02\/google-review-nfc-sticker-google-qr-code-truzzer-1-2.jpg\",\"width\":1200,\"height\":1200},{\"@type\":\"BreadcrumbList\",\"@id\":\"https:\/\/www.truzzer.com\/fr\/produit\/google-review-nfc-sticker-square-with-google-review-qr-code\/#breadcrumb\",\"itemListElement\":[{\"@type\":\"ListItem\",\"position\":1,\"name\":\"Home\",\"item\":\"https:\/\/www.truzzer.com\/fr\/\"},{\"@type\":\"ListItem\",\"position\":2,\"name\":\"Boutique\",\"item\":\"https:\/\/www.truzzer.com\/fr\/boutique\/\"},{\"@type\":\"ListItem\",\"position\":3,\"name\":\"Google Review NFC Autocollant &#8220;Carr\u00e9&#8221; avec Google Review Code QR\"}]},{\"@type\":\"WebSite\",\"@id\":\"https:\/\/www.truzzer.com\/fr\/#website\",\"url\":\"https:\/\/www.truzzer.com\/fr\/\",\"name\":\"truzzer\",\"description\":\"Experts for customer trust\",\"publisher\":{\"@id\":\"https:\/\/www.truzzer.com\/fr\/#organization\"},\"potentialAction\":[{\"@type\":\"SearchAction\",\"target\":{\"@type\":\"EntryPoint\",\"urlTemplate\":\"https:\/\/www.truzzer.com\/fr\/?s={search_term_string}\"},\"query-input\":{\"@type\":\"PropertyValueSpecification\",\"valueRequired\":true,\"valueName\":\"search_term_string\"}}],\"inLanguage\":\"fr-FR\"},{\"@type\":\"Organization\",\"@id\":\"https:\/\/www.truzzer.com\/fr\/#organization\",\"name\":\"truzzer\",\"url\":\"https:\/\/www.truzzer.com\/fr\/\",\"logo\":{\"@type\":\"ImageObject\",\"inLanguage\":\"fr-FR\",\"@id\":\"https:\/\/www.truzzer.com\/fr\/#\/schema\/logo\/image\/\",\"url\":\"https:\/\/truzzer.com\/wp-content\/uploads\/2026\/01\/truzzer-logo-black-1.svg\",\"contentUrl\":\"https:\/\/truzzer.com\/wp-content\/uploads\/2026\/01\/truzzer-logo-black-1.svg\",\"width\":938,\"height\":199,\"caption\":\"truzzer\"},\"image\":{\"@id\":\"https:\/\/www.truzzer.com\/fr\/#\/schema\/logo\/image\/\"}}]}<\/script>\n<!-- \/ Yoast SEO plugin. -->","yoast_head_json":{"title":"Google Review NFC Sticker \u00ab\u00a0Square\u00a0\u00bb with Googl... | truzzer","description":"Plus d'avis Google avec Google Review NFC Sticker \u00ab\u00a0Square\u00a0\u00bb with Google Review QR Code de truzzer. Installation facile. Commandez !","robots":{"index":"index","follow":"follow","max-snippet":"max-snippet:-1","max-image-preview":"max-image-preview:large","max-video-preview":"max-video-preview:-1"},"canonical":"https:\/\/www.truzzer.com\/fr\/produit\/google-review-nfc-sticker-square-with-google-review-qr-code\/","og_locale":"fr_FR","og_type":"article","og_title":"Google Review NFC Sticker \u00ab\u00a0Square\u00a0\u00bb with Googl... | truzzer","og_description":"Plus d'avis Google avec Google Review NFC Sticker \u00ab\u00a0Square\u00a0\u00bb with Google Review QR Code de truzzer. Installation facile. Commandez !","og_url":"https:\/\/www.truzzer.com\/fr\/produit\/google-review-nfc-sticker-square-with-google-review-qr-code\/","og_site_name":"truzzer","article_modified_time":"2026-02-13T09:57:16+00:00","og_image":[{"width":1200,"height":1200,"url":"https:\/\/www.truzzer.com\/wp-content\/uploads\/2026\/02\/google-review-nfc-sticker-google-qr-code-truzzer-1-2.jpg","type":"image\/jpeg"}],"twitter_card":"summary_large_image","twitter_misc":{"Dur\u00e9e de lecture estim\u00e9e":"1 minute"},"schema":{"@context":"https:\/\/schema.org","@graph":[{"@type":"WebPage","@id":"https:\/\/www.truzzer.com\/fr\/produit\/google-review-nfc-sticker-square-with-google-review-qr-code\/","url":"https:\/\/www.truzzer.com\/fr\/produit\/google-review-nfc-sticker-square-with-google-review-qr-code\/","name":"Google Review NFC Sticker \u00ab\u00a0Square\u00a0\u00bb with Googl... | truzzer","isPartOf":{"@id":"https:\/\/www.truzzer.com\/fr\/#website"},"primaryImageOfPage":{"@id":"https:\/\/www.truzzer.com\/fr\/produit\/google-review-nfc-sticker-square-with-google-review-qr-code\/#primaryimage"},"image":{"@id":"https:\/\/www.truzzer.com\/fr\/produit\/google-review-nfc-sticker-square-with-google-review-qr-code\/#primaryimage"},"thumbnailUrl":"https:\/\/www.truzzer.com\/wp-content\/uploads\/2026\/02\/google-review-nfc-sticker-google-qr-code-truzzer-1-2.jpg","datePublished":"2026-02-01T20:01:58+00:00","dateModified":"2026-02-13T09:57:16+00:00","description":"Plus d'avis Google avec Google Review NFC Sticker \u00ab\u00a0Square\u00a0\u00bb with Google Review QR Code de truzzer. Installation facile. Commandez !","breadcrumb":{"@id":"https:\/\/www.truzzer.com\/fr\/produit\/google-review-nfc-sticker-square-with-google-review-qr-code\/#breadcrumb"},"inLanguage":"fr-FR","potentialAction":[{"@type":"ReadAction","target":["https:\/\/www.truzzer.com\/fr\/produit\/google-review-nfc-sticker-square-with-google-review-qr-code\/"]}]},{"@type":"ImageObject","inLanguage":"fr-FR","@id":"https:\/\/www.truzzer.com\/fr\/produit\/google-review-nfc-sticker-square-with-google-review-qr-code\/#primaryimage","url":"https:\/\/www.truzzer.com\/wp-content\/uploads\/2026\/02\/google-review-nfc-sticker-google-qr-code-truzzer-1-2.jpg","contentUrl":"https:\/\/www.truzzer.com\/wp-content\/uploads\/2026\/02\/google-review-nfc-sticker-google-qr-code-truzzer-1-2.jpg","width":1200,"height":1200},{"@type":"BreadcrumbList","@id":"https:\/\/www.truzzer.com\/fr\/produit\/google-review-nfc-sticker-square-with-google-review-qr-code\/#breadcrumb","itemListElement":[{"@type":"ListItem","position":1,"name":"Home","item":"https:\/\/www.truzzer.com\/fr\/"},{"@type":"ListItem","position":2,"name":"Boutique","item":"https:\/\/www.truzzer.com\/fr\/boutique\/"},{"@type":"ListItem","position":3,"name":"Google Review NFC Autocollant &#8220;Carr\u00e9&#8221; avec Google Review Code QR"}]},{"@type":"WebSite","@id":"https:\/\/www.truzzer.com\/fr\/#website","url":"https:\/\/www.truzzer.com\/fr\/","name":"truzzer","description":"Experts for customer trust","publisher":{"@id":"https:\/\/www.truzzer.com\/fr\/#organization"},"potentialAction":[{"@type":"SearchAction","target":{"@type":"EntryPoint","urlTemplate":"https:\/\/www.truzzer.com\/fr\/?s={search_term_string}"},"query-input":{"@type":"PropertyValueSpecification","valueRequired":true,"valueName":"search_term_string"}}],"inLanguage":"fr-FR"},{"@type":"Organization","@id":"https:\/\/www.truzzer.com\/fr\/#organization","name":"truzzer","url":"https:\/\/www.truzzer.com\/fr\/","logo":{"@type":"ImageObject","inLanguage":"fr-FR","@id":"https:\/\/www.truzzer.com\/fr\/#\/schema\/logo\/image\/","url":"https:\/\/truzzer.com\/wp-content\/uploads\/2026\/01\/truzzer-logo-black-1.svg","contentUrl":"https:\/\/truzzer.com\/wp-content\/uploads\/2026\/01\/truzzer-logo-black-1.svg","width":938,"height":199,"caption":"truzzer"},"image":{"@id":"https:\/\/www.truzzer.com\/fr\/#\/schema\/logo\/image\/"}}]}},"tiered_pricing_type":"fixed","tiered_pricing_fixed_rules":[],"tiered_pricing_product_settings":{"layout":"default","base_unit_name":{"singular":null,"plural":null},"default_variation":null},"tiered_pricing_minimum_quantity":null,"tiered_pricing_roles_data":[],"tiered_pricing_percentage_rules":[],"tiered_pricing_maximum_quantity":null,"tiered_pricing_quantity_step":null,"_links":{"self":[{"href":"https:\/\/www.truzzer.com\/fr\/wp-json\/wp\/v2\/product\/96891","targetHints":{"allow":["GET"]}}],"collection":[{"href":"https:\/\/www.truzzer.com\/fr\/wp-json\/wp\/v2\/product"}],"about":[{"href":"https:\/\/www.truzzer.com\/fr\/wp-json\/wp\/v2\/types\/product"}],"replies":[{"embeddable":true,"href":"https:\/\/www.truzzer.com\/fr\/wp-json\/wp\/v2\/comments?post=96891"}],"wp:featuredmedia":[{"embeddable":true,"href":"https:\/\/www.truzzer.com\/fr\/wp-json\/wp\/v2\/media\/96894"}],"wp:attachment":[{"href":"https:\/\/www.truzzer.com\/fr\/wp-json\/wp\/v2\/media?parent=96891"}],"wp:term":[{"taxonomy":"product_brand","embeddable":true,"href":"https:\/\/www.truzzer.com\/fr\/wp-json\/wp\/v2\/product_brand?post=96891"},{"taxonomy":"product_cat","embeddable":true,"href":"https:\/\/www.truzzer.com\/fr\/wp-json\/wp\/v2\/product_cat?post=96891"},{"taxonomy":"product_tag","embeddable":true,"href":"https:\/\/www.truzzer.com\/fr\/wp-json\/wp\/v2\/product_tag?post=96891"}],"curies":[{"name":"wp","href":"https:\/\/api.w.org\/{rel}","templated":true}]}}