{"id":96896,"date":"2026-02-01T20:01:49","date_gmt":"2026-02-01T20:01:49","guid":{"rendered":"https:\/\/beta.truzzer.com\/product\/follow-us-on-instagram-nfc-business-card-tap\/"},"modified":"2026-02-13T07:59:01","modified_gmt":"2026-02-13T07:59:01","slug":"follow-us-on-instagram-nfc-business-card-tap","status":"publish","type":"product","link":"https:\/\/www.truzzer.com\/fr\/produit\/follow-us-on-instagram-nfc-business-card-tap\/","title":{"rendered":"Suivez-nous sur Instagram NFC Carte de visite \u00ab\u00a0Tap\u00a0\u00bb"},"content":{"rendered":"<div style=\"width: 1280px\" class=\"wp-video\"><video class=\"wp-video-shortcode\" id=\"video-0-1\" width=\"1280\" height=\"720\" preload=\"metadata\" controls=\"controls\"><a href=\"https:\/\/www.truzzer.de\/wp-content\/uploads\/2023\/05\/ig-card.mp4\">https:\/\/www.truzzer.de\/wp-content\/uploads\/2023\/05\/ig-card.mp4<\/a><\/video><\/div>\n<p>Social media has become an important part of our daily life. Instagram is one of the most used platforms, with over a billion active users worldwide. Having a presence on Instagram is vital for businesses to gain greater reach and visibility. One way to achieve this is by using recommended Follow us on Instagram NFC cards.<\/p>\n<p>These NFC cards are an effective way to get your customers to follow your Instagram account. The cards can be easily placed on tables or counters for customers to see. If a customer has an NFC-enabled smartphone, they can simply hold the phone up to the card and they will be taken straight to your Instagram profile without having to manually look it up. This is an easy and convenient way for customers to follow you on Instagram.<\/p>\n<p>But what if the customer does not have an NFC-enabled smartphone? No problem. Each card also contains a QR code that the customer can simply scan with their smartphone to be redirected to your Instagram profile. This is a great option for customers who don&rsquo;t have an NFC-enabled smartphone or don&rsquo;t want to use the NFC feature.<\/p>\n<p>By using recommended Follow us on Instagram NFC cards, businesses can quickly and easily gain more followers on Instagram. These cards offer a convenient and effective way to boost your social media presence and increase your reach. In addition, they are easy to implement and do not require any special technical knowledge.<\/p>\n<p>Overall, using recommended Follow us on Instagram NFC cards is a great way for businesses to boost their social media presence and get more followers on Instagram. Incorporating NFC technology into your marketing strategy can help your business stand out from the competition and attract more customers.<\/p>\n<p>&nbsp;<\/p>\n","protected":false},"excerpt":{"rendered":"<h2>Gagnez des abonn\u00e9s Instagram avec les cartes NFC\u00a0!<\/h2>\n<p><strong>Convertir des clients en abonn\u00e9s Instagram n&rsquo;a jamais \u00e9t\u00e9 aussi simple\u00a0!<\/strong><br \/>\nAvec les cartes sans contact Instagram NFC, vous pouvez facilement gagner de nouveaux abonn\u00e9s Instagram directement sur place.<br \/>\nAvec leur design sympa, les cartes Instagram NFC suscitent l&rsquo;int\u00e9r\u00eat des clients et le call-to-action encourage vos clients \u00e0 vous suivre sur Instagram.<\/p>\n<p>Tout ce que vos clients ont \u00e0 faire est de tenir leur smartphone pr\u00e8s de la carte et une fen\u00eatre contextuelle s&rsquo;ouvrira sur leur t\u00e9l\u00e9phone, qui m\u00e8nera directement \u00e0 votre profil Instagram\u00a0!<\/p>\n<p>Si le smartphone du client ne dispose pas de fonction NFC, il existe un code QR alternatif sur l&rsquo;exposant, qui peut \u00eatre scann\u00e9 directement avec l&rsquo;appareil photo du smartphone <strong>&#8211; dans les deux cas, aucune application distincte n&rsquo;est n\u00e9cessaire\u00a0!<\/strong><\/p>\n<h3><strong>Voici comment les cartes NFC vous aident \u00e0 gagner plus de followers<br \/>\n<\/strong><\/h3>\n<p>&nbsp;<\/p>\n<ul>\n<li>Pas de questions d\u00e9licates etamp; Demande. Le <strong>Call-To-Action<\/strong> encourage vos clients \u00e0 vous suivre<\/li>\n<li>N&rsquo;oubliez pas, car les clients seront inform\u00e9s de votre profil Instagram<\/li>\n<li>Aucune recherche et aucune difficult\u00e9\u00a0: <strong>Le lien NFC et le code Instagram QR m\u00e8nent directement \u00e0 votre profil<\/strong>(nous le cr\u00e9ons pour vous)<strong><br \/>\n<\/strong><\/li>\n<li><strong>Accessible<\/strong>\u00a0: les cartes NFC rendent votre profil Instagram tangible.<\/li>\n<li>Aucune application suppl\u00e9mentaire requise.<\/li>\n<li>Attire l&rsquo;attention\u00a0: design moderne<\/li>\n<\/ul>\n<p><strong>Nous cr\u00e9erons et lierons pour vous le lien NFC et le code QR \u00e0 votre profil Instagram\u00a0!<\/strong><strong><br \/>\n<\/strong><\/p>\n","protected":false},"featured_media":96903,"comment_status":"open","ping_status":"closed","template":"","meta":{"_acf_changed":false,"_yoast_wpseo_focuskw":"Instagram QR Code NFC Tag","_yoast_wpseo_title":"Follow Us On Instagram NFC Business Card \u00ab\u00a0Tap\u00a0\u00bb | truzzer","_yoast_wpseo_metadesc":"Plus d'abonn\u00e9s Instagram avec Follow Us On Instagram NFC Business Card \u00ab\u00a0Tap\u00a0\u00bb de truzzer. Installation facile, pr\u00eat \u00e0 l'emploi. Commandez maintenant !"},"product_brand":[1662],"product_cat":[1345,558],"product_tag":[],"class_list":{"0":"post-96896","1":"product","2":"type-product","3":"status-publish","4":"has-post-thumbnail","6":"product_brand-instagram","7":"product_cat-abonnes-instagram-cartes-de-visite-avec-nfc","8":"product_cat-nfc-produits","9":"pa_industry-bureau-consultation","10":"pa_industry-onroerend-goed","11":"pa_industry-services-locaux","12":"pa_material-plastic","13":"pa_placement-balie-reception","14":"pa_placement-brochure","15":"pa_placement-portemonnee-personlijk","16":"pa_product-type-visites-touristiques","17":"pa_technology-nfc","19":"first","20":"instock","21":"taxable","22":"shipping-taxable","23":"purchasable","24":"product-type-simple"},"acf":[],"yoast_head":"<!-- This site is optimized with the Yoast SEO plugin v27.0 - https:\/\/yoast.com\/product\/yoast-seo-wordpress\/ -->\n<title>Follow Us On Instagram NFC Business Card \u00ab\u00a0Tap\u00a0\u00bb | truzzer<\/title>\n<meta name=\"description\" content=\"Plus d&#039;abonn\u00e9s Instagram avec Follow Us On Instagram NFC Business Card \u00ab\u00a0Tap\u00a0\u00bb de truzzer. Installation facile, pr\u00eat \u00e0 l&#039;emploi. Commandez maintenant !\" \/>\n<meta name=\"robots\" content=\"index, follow, max-snippet:-1, max-image-preview:large, max-video-preview:-1\" \/>\n<link rel=\"canonical\" href=\"https:\/\/www.truzzer.com\/fr\/produit\/follow-us-on-instagram-nfc-business-card-tap\/\" \/>\n<meta property=\"og:locale\" content=\"fr_FR\" \/>\n<meta property=\"og:type\" content=\"article\" \/>\n<meta property=\"og:title\" content=\"Follow Us On Instagram NFC Business Card \u00ab\u00a0Tap\u00a0\u00bb | truzzer\" \/>\n<meta property=\"og:description\" content=\"Plus d&#039;abonn\u00e9s Instagram avec Follow Us On Instagram NFC Business Card \u00ab\u00a0Tap\u00a0\u00bb de truzzer. Installation facile, pr\u00eat \u00e0 l&#039;emploi. Commandez maintenant !\" \/>\n<meta property=\"og:url\" content=\"https:\/\/www.truzzer.com\/fr\/produit\/follow-us-on-instagram-nfc-business-card-tap\/\" \/>\n<meta property=\"og:site_name\" content=\"truzzer\" \/>\n<meta property=\"article:modified_time\" content=\"2026-02-13T07:59:01+00:00\" \/>\n<meta property=\"og:image\" content=\"https:\/\/www.truzzer.com\/wp-content\/uploads\/2026\/02\/instagram-nfc-business-card-visitenkarte-smartcard-empfehlio-truzzer-1.jpg\" \/>\n\t<meta property=\"og:image:width\" content=\"1200\" \/>\n\t<meta property=\"og:image:height\" content=\"1200\" \/>\n\t<meta property=\"og:image:type\" content=\"image\/jpeg\" \/>\n<meta name=\"twitter:card\" content=\"summary_large_image\" \/>\n<meta name=\"twitter:label1\" content=\"Dur\u00e9e de lecture estim\u00e9e\" \/>\n\t<meta name=\"twitter:data1\" content=\"1 minute\" \/>\n<script type=\"application\/ld+json\" class=\"yoast-schema-graph\">{\"@context\":\"https:\/\/schema.org\",\"@graph\":[{\"@type\":\"WebPage\",\"@id\":\"https:\/\/www.truzzer.com\/fr\/produit\/follow-us-on-instagram-nfc-business-card-tap\/\",\"url\":\"https:\/\/www.truzzer.com\/fr\/produit\/follow-us-on-instagram-nfc-business-card-tap\/\",\"name\":\"Follow Us On Instagram NFC Business Card \u00ab\u00a0Tap\u00a0\u00bb | truzzer\",\"isPartOf\":{\"@id\":\"https:\/\/www.truzzer.com\/fr\/#website\"},\"primaryImageOfPage\":{\"@id\":\"https:\/\/www.truzzer.com\/fr\/produit\/follow-us-on-instagram-nfc-business-card-tap\/#primaryimage\"},\"image\":{\"@id\":\"https:\/\/www.truzzer.com\/fr\/produit\/follow-us-on-instagram-nfc-business-card-tap\/#primaryimage\"},\"thumbnailUrl\":\"https:\/\/www.truzzer.com\/wp-content\/uploads\/2026\/02\/instagram-nfc-business-card-visitenkarte-smartcard-empfehlio-truzzer-1.jpg\",\"datePublished\":\"2026-02-01T20:01:49+00:00\",\"dateModified\":\"2026-02-13T07:59:01+00:00\",\"description\":\"Plus d'abonn\u00e9s Instagram avec Follow Us On Instagram NFC Business Card \u00ab\u00a0Tap\u00a0\u00bb de truzzer. Installation facile, pr\u00eat \u00e0 l'emploi. Commandez maintenant !\",\"breadcrumb\":{\"@id\":\"https:\/\/www.truzzer.com\/fr\/produit\/follow-us-on-instagram-nfc-business-card-tap\/#breadcrumb\"},\"inLanguage\":\"fr-FR\",\"potentialAction\":[{\"@type\":\"ReadAction\",\"target\":[\"https:\/\/www.truzzer.com\/fr\/produit\/follow-us-on-instagram-nfc-business-card-tap\/\"]}]},{\"@type\":\"ImageObject\",\"inLanguage\":\"fr-FR\",\"@id\":\"https:\/\/www.truzzer.com\/fr\/produit\/follow-us-on-instagram-nfc-business-card-tap\/#primaryimage\",\"url\":\"https:\/\/www.truzzer.com\/wp-content\/uploads\/2026\/02\/instagram-nfc-business-card-visitenkarte-smartcard-empfehlio-truzzer-1.jpg\",\"contentUrl\":\"https:\/\/www.truzzer.com\/wp-content\/uploads\/2026\/02\/instagram-nfc-business-card-visitenkarte-smartcard-empfehlio-truzzer-1.jpg\",\"width\":1200,\"height\":1200},{\"@type\":\"BreadcrumbList\",\"@id\":\"https:\/\/www.truzzer.com\/fr\/produit\/follow-us-on-instagram-nfc-business-card-tap\/#breadcrumb\",\"itemListElement\":[{\"@type\":\"ListItem\",\"position\":1,\"name\":\"Home\",\"item\":\"https:\/\/www.truzzer.com\/fr\/\"},{\"@type\":\"ListItem\",\"position\":2,\"name\":\"Boutique\",\"item\":\"https:\/\/www.truzzer.com\/fr\/boutique\/\"},{\"@type\":\"ListItem\",\"position\":3,\"name\":\"Suivez-nous sur Instagram NFC Carte de visite &#8220;Tap&#8221;\"}]},{\"@type\":\"WebSite\",\"@id\":\"https:\/\/www.truzzer.com\/fr\/#website\",\"url\":\"https:\/\/www.truzzer.com\/fr\/\",\"name\":\"truzzer\",\"description\":\"Experts for customer trust\",\"publisher\":{\"@id\":\"https:\/\/www.truzzer.com\/fr\/#organization\"},\"potentialAction\":[{\"@type\":\"SearchAction\",\"target\":{\"@type\":\"EntryPoint\",\"urlTemplate\":\"https:\/\/www.truzzer.com\/fr\/?s={search_term_string}\"},\"query-input\":{\"@type\":\"PropertyValueSpecification\",\"valueRequired\":true,\"valueName\":\"search_term_string\"}}],\"inLanguage\":\"fr-FR\"},{\"@type\":\"Organization\",\"@id\":\"https:\/\/www.truzzer.com\/fr\/#organization\",\"name\":\"truzzer\",\"url\":\"https:\/\/www.truzzer.com\/fr\/\",\"logo\":{\"@type\":\"ImageObject\",\"inLanguage\":\"fr-FR\",\"@id\":\"https:\/\/www.truzzer.com\/fr\/#\/schema\/logo\/image\/\",\"url\":\"https:\/\/truzzer.com\/wp-content\/uploads\/2026\/01\/truzzer-logo-black-1.svg\",\"contentUrl\":\"https:\/\/truzzer.com\/wp-content\/uploads\/2026\/01\/truzzer-logo-black-1.svg\",\"width\":938,\"height\":199,\"caption\":\"truzzer\"},\"image\":{\"@id\":\"https:\/\/www.truzzer.com\/fr\/#\/schema\/logo\/image\/\"}}]}<\/script>\n<!-- \/ Yoast SEO plugin. -->","yoast_head_json":{"title":"Follow Us On Instagram NFC Business Card \u00ab\u00a0Tap\u00a0\u00bb | truzzer","description":"Plus d'abonn\u00e9s Instagram avec Follow Us On Instagram NFC Business Card \u00ab\u00a0Tap\u00a0\u00bb de truzzer. Installation facile, pr\u00eat \u00e0 l'emploi. Commandez maintenant !","robots":{"index":"index","follow":"follow","max-snippet":"max-snippet:-1","max-image-preview":"max-image-preview:large","max-video-preview":"max-video-preview:-1"},"canonical":"https:\/\/www.truzzer.com\/fr\/produit\/follow-us-on-instagram-nfc-business-card-tap\/","og_locale":"fr_FR","og_type":"article","og_title":"Follow Us On Instagram NFC Business Card \u00ab\u00a0Tap\u00a0\u00bb | truzzer","og_description":"Plus d'abonn\u00e9s Instagram avec Follow Us On Instagram NFC Business Card \u00ab\u00a0Tap\u00a0\u00bb de truzzer. Installation facile, pr\u00eat \u00e0 l'emploi. Commandez maintenant !","og_url":"https:\/\/www.truzzer.com\/fr\/produit\/follow-us-on-instagram-nfc-business-card-tap\/","og_site_name":"truzzer","article_modified_time":"2026-02-13T07:59:01+00:00","og_image":[{"width":1200,"height":1200,"url":"https:\/\/www.truzzer.com\/wp-content\/uploads\/2026\/02\/instagram-nfc-business-card-visitenkarte-smartcard-empfehlio-truzzer-1.jpg","type":"image\/jpeg"}],"twitter_card":"summary_large_image","twitter_misc":{"Dur\u00e9e de lecture estim\u00e9e":"1 minute"},"schema":{"@context":"https:\/\/schema.org","@graph":[{"@type":"WebPage","@id":"https:\/\/www.truzzer.com\/fr\/produit\/follow-us-on-instagram-nfc-business-card-tap\/","url":"https:\/\/www.truzzer.com\/fr\/produit\/follow-us-on-instagram-nfc-business-card-tap\/","name":"Follow Us On Instagram NFC Business Card \u00ab\u00a0Tap\u00a0\u00bb | truzzer","isPartOf":{"@id":"https:\/\/www.truzzer.com\/fr\/#website"},"primaryImageOfPage":{"@id":"https:\/\/www.truzzer.com\/fr\/produit\/follow-us-on-instagram-nfc-business-card-tap\/#primaryimage"},"image":{"@id":"https:\/\/www.truzzer.com\/fr\/produit\/follow-us-on-instagram-nfc-business-card-tap\/#primaryimage"},"thumbnailUrl":"https:\/\/www.truzzer.com\/wp-content\/uploads\/2026\/02\/instagram-nfc-business-card-visitenkarte-smartcard-empfehlio-truzzer-1.jpg","datePublished":"2026-02-01T20:01:49+00:00","dateModified":"2026-02-13T07:59:01+00:00","description":"Plus d'abonn\u00e9s Instagram avec Follow Us On Instagram NFC Business Card \u00ab\u00a0Tap\u00a0\u00bb de truzzer. Installation facile, pr\u00eat \u00e0 l'emploi. Commandez maintenant !","breadcrumb":{"@id":"https:\/\/www.truzzer.com\/fr\/produit\/follow-us-on-instagram-nfc-business-card-tap\/#breadcrumb"},"inLanguage":"fr-FR","potentialAction":[{"@type":"ReadAction","target":["https:\/\/www.truzzer.com\/fr\/produit\/follow-us-on-instagram-nfc-business-card-tap\/"]}]},{"@type":"ImageObject","inLanguage":"fr-FR","@id":"https:\/\/www.truzzer.com\/fr\/produit\/follow-us-on-instagram-nfc-business-card-tap\/#primaryimage","url":"https:\/\/www.truzzer.com\/wp-content\/uploads\/2026\/02\/instagram-nfc-business-card-visitenkarte-smartcard-empfehlio-truzzer-1.jpg","contentUrl":"https:\/\/www.truzzer.com\/wp-content\/uploads\/2026\/02\/instagram-nfc-business-card-visitenkarte-smartcard-empfehlio-truzzer-1.jpg","width":1200,"height":1200},{"@type":"BreadcrumbList","@id":"https:\/\/www.truzzer.com\/fr\/produit\/follow-us-on-instagram-nfc-business-card-tap\/#breadcrumb","itemListElement":[{"@type":"ListItem","position":1,"name":"Home","item":"https:\/\/www.truzzer.com\/fr\/"},{"@type":"ListItem","position":2,"name":"Boutique","item":"https:\/\/www.truzzer.com\/fr\/boutique\/"},{"@type":"ListItem","position":3,"name":"Suivez-nous sur Instagram NFC Carte de visite &#8220;Tap&#8221;"}]},{"@type":"WebSite","@id":"https:\/\/www.truzzer.com\/fr\/#website","url":"https:\/\/www.truzzer.com\/fr\/","name":"truzzer","description":"Experts for customer trust","publisher":{"@id":"https:\/\/www.truzzer.com\/fr\/#organization"},"potentialAction":[{"@type":"SearchAction","target":{"@type":"EntryPoint","urlTemplate":"https:\/\/www.truzzer.com\/fr\/?s={search_term_string}"},"query-input":{"@type":"PropertyValueSpecification","valueRequired":true,"valueName":"search_term_string"}}],"inLanguage":"fr-FR"},{"@type":"Organization","@id":"https:\/\/www.truzzer.com\/fr\/#organization","name":"truzzer","url":"https:\/\/www.truzzer.com\/fr\/","logo":{"@type":"ImageObject","inLanguage":"fr-FR","@id":"https:\/\/www.truzzer.com\/fr\/#\/schema\/logo\/image\/","url":"https:\/\/truzzer.com\/wp-content\/uploads\/2026\/01\/truzzer-logo-black-1.svg","contentUrl":"https:\/\/truzzer.com\/wp-content\/uploads\/2026\/01\/truzzer-logo-black-1.svg","width":938,"height":199,"caption":"truzzer"},"image":{"@id":"https:\/\/www.truzzer.com\/fr\/#\/schema\/logo\/image\/"}}]}},"tiered_pricing_type":"fixed","tiered_pricing_fixed_rules":[],"tiered_pricing_product_settings":{"layout":"default","base_unit_name":{"singular":null,"plural":null},"default_variation":null},"tiered_pricing_minimum_quantity":null,"tiered_pricing_roles_data":[],"tiered_pricing_percentage_rules":[],"tiered_pricing_maximum_quantity":null,"tiered_pricing_quantity_step":null,"_links":{"self":[{"href":"https:\/\/www.truzzer.com\/fr\/wp-json\/wp\/v2\/product\/96896","targetHints":{"allow":["GET"]}}],"collection":[{"href":"https:\/\/www.truzzer.com\/fr\/wp-json\/wp\/v2\/product"}],"about":[{"href":"https:\/\/www.truzzer.com\/fr\/wp-json\/wp\/v2\/types\/product"}],"replies":[{"embeddable":true,"href":"https:\/\/www.truzzer.com\/fr\/wp-json\/wp\/v2\/comments?post=96896"}],"wp:featuredmedia":[{"embeddable":true,"href":"https:\/\/www.truzzer.com\/fr\/wp-json\/wp\/v2\/media\/96903"}],"wp:attachment":[{"href":"https:\/\/www.truzzer.com\/fr\/wp-json\/wp\/v2\/media?parent=96896"}],"wp:term":[{"taxonomy":"product_brand","embeddable":true,"href":"https:\/\/www.truzzer.com\/fr\/wp-json\/wp\/v2\/product_brand?post=96896"},{"taxonomy":"product_cat","embeddable":true,"href":"https:\/\/www.truzzer.com\/fr\/wp-json\/wp\/v2\/product_cat?post=96896"},{"taxonomy":"product_tag","embeddable":true,"href":"https:\/\/www.truzzer.com\/fr\/wp-json\/wp\/v2\/product_tag?post=96896"}],"curies":[{"name":"wp","href":"https:\/\/api.w.org\/{rel}","templated":true}]}}