{"id":96915,"date":"2026-02-01T20:01:31","date_gmt":"2026-02-01T20:01:31","guid":{"rendered":"https:\/\/beta.truzzer.com\/product\/google-review-nfc-business-card-tap-with-google-review-qr-code\/"},"modified":"2026-02-13T08:01:29","modified_gmt":"2026-02-13T08:01:29","slug":"google-review-nfc-business-card-tap-with-google-review-qr-code","status":"publish","type":"product","link":"https:\/\/www.truzzer.com\/fr\/produit\/google-review-nfc-business-card-tap-with-google-review-qr-code\/","title":{"rendered":"Google Review NFC Carte de visite \u00ab\u00a0Tap\u00a0\u00bb avec Google Review QR Code"},"content":{"rendered":"<h2>Obtenez plus d&rsquo;avis Google avec l&rsquo;examen Google de truzzer NFC QR Cartes de code \u00ab\u00a0Appuyez\u00a0\u00bb\u00a0!<\/h2>\n<p>Avec les <strong>Cartes d&rsquo;avis truzzer Google<\/strong> comportant des liens NFC, vous pouvez rapidement recevoir des avis positifs de vos clients satisfaits directement dans votre entreprise.<br \/>\n-R\u00e9sistant aux intemp\u00e9ries<br \/>\n-Montre \u00e0 vos clients qu&rsquo;ils peuvent \u00e9galement vous trouver sur Google<br \/>\n-Sur mesure sp\u00e9cialement pour vous<\/p>\n","protected":false},"excerpt":{"rendered":"<div class=\"woocommerce-product-details__short-description\">\n<div style=\"width\u00a0: 1920px\" class=\"wp-video\"><video class=\"wp-video-shortcode\" id=\"video-0-1\" width=\"1920\" height=\"1080\" preload=\"metadata\" control=\"controls\"><a href=\"https:\/\/www.truzzer.com\/wp-content\/uploads\/2023\/08\/google-version-2-eng.mp4\">https:\/\/www.truzzer.com\/wp-content\/uploads\/2023\/08\/google-version-2-eng.mp4<\/a><\/video><\/div>\n<h2>Obtenez plus d&rsquo;avis Google avec les cartes NFC<\/h2>\n<p><strong>Obtenir des avis clients sur Google n&rsquo;a jamais \u00e9t\u00e9 aussi simple\u00a0!<\/strong><br \/>\nAvec les cartes sans contact Google Reviews NFC, vous pouvez facilement obtenir de nouveaux avis Google directement sur place.<br \/>\nLe design accrocheur des cartes Google Review NFC suscite l&rsquo;int\u00e9r\u00eat des clients. int\u00e9r\u00eat, et l&rsquo;appel \u00e0 l&rsquo;action les encourage \u00e0 \u00e9valuer votre entreprise sur Google.<br \/>\nTout ce que vos clients doivent faire est de tenir leur smartphone \u00e0 proximit\u00e9 des cartes NFC, et une fen\u00eatre contextuelle s&rsquo;ouvrira sur leur t\u00e9l\u00e9phone, les menant directement \u00e0 votre formulaire d&rsquo;avis\u00a0!<\/p>\n<p>Si les clients&#8217; les smartphones n&rsquo;ont pas la fonctionnalit\u00e9 NFC, un code QR alternatif est disponible au dos des cartes NFC, qui peut \u00eatre num\u00e9ris\u00e9 directement \u00e0 l&rsquo;aide de l&rsquo;appareil photo du smartphone <strong>&#038;#8211\u00a0; dans les deux cas, aucune application distincte n&rsquo;est requise\u00a0!<\/strong><\/p>\n<h3><strong>Comment les cartes NFC vous aident \u00e0 obtenir plus d&rsquo;avis Google<\/strong><\/h3>\n<p>Les cartes NFC \u00e9liminent les plus grands obstacles pour vous et vos clients en ce qui concerne les avis Google\u00a0:<\/p>\n<ul>\n<li>Plus besoin de demander ou de plaider inconfortablement. L&rsquo;<strong>Call-To-Action<\/strong> se charge de demander des avis Google pour vous.<\/li>\n<li>N&rsquo;oubliez plus\u00a0: il est rappel\u00e9 aux clients de laisser un avis Google.<\/li>\n<li>Aucune recherche ni difficult\u00e9\u00a0: <strong>Le lien NFC et le code Google Review QR m\u00e8nent directement \u00e0 votre formulaire d&rsquo;avis<\/strong> (que nous cr\u00e9ons pour vous)<strong><br \/><\/strong><\/li>\n<li><strong>Tangible\u00a0:<\/strong> les cartes NFC rendent le processus d&rsquo;\u00e9valuation plus tangible.<\/li>\n<li>Aucune application suppl\u00e9mentaire requise.<\/li>\n<li>Attire l&rsquo;attention\u00a0: design moderne<\/li>\n<\/ul>\n<p><strong>Nous nous chargeons de la cr\u00e9ation et de la liaison du lien NFC et du code QR pour des avis directs sur votre profil Google\u00a0!<\/strong><strong><br \/><\/strong><\/p>\n","protected":false},"featured_media":96922,"comment_status":"open","ping_status":"closed","template":"","meta":{"_acf_changed":false,"_yoast_wpseo_focuskw":"Avis Google Carte NFC","_yoast_wpseo_title":"Google Review NFC Business Card \u00ab\u00a0Tap\u00a0\u00bb with Go... | truzzer","_yoast_wpseo_metadesc":"Plus d'avis Google avec Google Review NFC Business Card \u00ab\u00a0Tap\u00a0\u00bb with Google Review QR Code de truzzer. Installation facile. Commandez !"},"product_brand":[1655],"product_cat":[809,1347,743,559,558],"product_tag":[],"class_list":{"0":"post-96915","1":"product","2":"type-product","3":"status-publish","4":"has-post-thumbnail","6":"product_brand-google","7":"product_cat-avis-google-cartes-de-visite","8":"product_cat-avis-google-cartes-de-visite-avec-qr-nfc","9":"product_cat-avis-google-produits","10":"product_cat-nfc-cartes-de-visite","11":"product_cat-nfc-produits","12":"pa_industry-bureau-consultation","13":"pa_industry-onroerend-goed","14":"pa_industry-services-locaux","15":"pa_material-carton","16":"pa_material-plastic","17":"pa_orientation-portrett","18":"pa_placement-balie-reception","19":"pa_placement-brochure","20":"pa_placement-portemonnee-personlijk","21":"pa_product-type-visites-touristiques","22":"pa_shape-rechthoek","23":"pa_technology-nfc","24":"pa_technology-qr-nfc","25":"pa_technology-qr-nfc-2","27":"first","28":"instock","29":"taxable","30":"shipping-taxable","31":"purchasable","32":"product-type-simple"},"acf":[],"yoast_head":"<!-- This site is optimized with the Yoast SEO plugin v27.0 - https:\/\/yoast.com\/product\/yoast-seo-wordpress\/ -->\n<title>Google Review NFC Business Card \u00ab\u00a0Tap\u00a0\u00bb with Go... | truzzer<\/title>\n<meta name=\"description\" content=\"Plus d&#039;avis Google avec Google Review NFC Business Card \u00ab\u00a0Tap\u00a0\u00bb with Google Review QR Code de truzzer. Installation facile. Commandez !\" \/>\n<meta name=\"robots\" content=\"index, follow, max-snippet:-1, max-image-preview:large, max-video-preview:-1\" \/>\n<link rel=\"canonical\" href=\"https:\/\/www.truzzer.com\/fr\/produit\/google-review-nfc-business-card-tap-with-google-review-qr-code\/\" \/>\n<meta property=\"og:locale\" content=\"fr_FR\" \/>\n<meta property=\"og:type\" content=\"article\" \/>\n<meta property=\"og:title\" content=\"Google Review NFC Business Card \u00ab\u00a0Tap\u00a0\u00bb with Go... | truzzer\" \/>\n<meta property=\"og:description\" content=\"Plus d&#039;avis Google avec Google Review NFC Business Card \u00ab\u00a0Tap\u00a0\u00bb with Google Review QR Code de truzzer. Installation facile. Commandez !\" \/>\n<meta property=\"og:url\" content=\"https:\/\/www.truzzer.com\/fr\/produit\/google-review-nfc-business-card-tap-with-google-review-qr-code\/\" \/>\n<meta property=\"og:site_name\" content=\"truzzer\" \/>\n<meta property=\"article:modified_time\" content=\"2026-02-13T08:01:29+00:00\" \/>\n<meta property=\"og:image\" content=\"https:\/\/www.truzzer.com\/wp-content\/uploads\/2026\/02\/GOOGLE-NFC-REVIEW-CARD-TRUZZER-FRONT-tap-S-1.jpg\" \/>\n\t<meta property=\"og:image:width\" content=\"1200\" \/>\n\t<meta property=\"og:image:height\" content=\"1200\" \/>\n\t<meta property=\"og:image:type\" content=\"image\/jpeg\" \/>\n<meta name=\"twitter:card\" content=\"summary_large_image\" \/>\n<script type=\"application\/ld+json\" class=\"yoast-schema-graph\">{\"@context\":\"https:\/\/schema.org\",\"@graph\":[{\"@type\":\"WebPage\",\"@id\":\"https:\/\/www.truzzer.com\/fr\/produit\/google-review-nfc-business-card-tap-with-google-review-qr-code\/\",\"url\":\"https:\/\/www.truzzer.com\/fr\/produit\/google-review-nfc-business-card-tap-with-google-review-qr-code\/\",\"name\":\"Google Review NFC Business Card \u00ab\u00a0Tap\u00a0\u00bb with Go... | truzzer\",\"isPartOf\":{\"@id\":\"https:\/\/www.truzzer.com\/fr\/#website\"},\"primaryImageOfPage\":{\"@id\":\"https:\/\/www.truzzer.com\/fr\/produit\/google-review-nfc-business-card-tap-with-google-review-qr-code\/#primaryimage\"},\"image\":{\"@id\":\"https:\/\/www.truzzer.com\/fr\/produit\/google-review-nfc-business-card-tap-with-google-review-qr-code\/#primaryimage\"},\"thumbnailUrl\":\"https:\/\/www.truzzer.com\/wp-content\/uploads\/2026\/02\/GOOGLE-NFC-REVIEW-CARD-TRUZZER-FRONT-tap-S-1.jpg\",\"datePublished\":\"2026-02-01T20:01:31+00:00\",\"dateModified\":\"2026-02-13T08:01:29+00:00\",\"description\":\"Plus d'avis Google avec Google Review NFC Business Card \u00ab\u00a0Tap\u00a0\u00bb with Google Review QR Code de truzzer. Installation facile. Commandez !\",\"breadcrumb\":{\"@id\":\"https:\/\/www.truzzer.com\/fr\/produit\/google-review-nfc-business-card-tap-with-google-review-qr-code\/#breadcrumb\"},\"inLanguage\":\"fr-FR\",\"potentialAction\":[{\"@type\":\"ReadAction\",\"target\":[\"https:\/\/www.truzzer.com\/fr\/produit\/google-review-nfc-business-card-tap-with-google-review-qr-code\/\"]}]},{\"@type\":\"ImageObject\",\"inLanguage\":\"fr-FR\",\"@id\":\"https:\/\/www.truzzer.com\/fr\/produit\/google-review-nfc-business-card-tap-with-google-review-qr-code\/#primaryimage\",\"url\":\"https:\/\/www.truzzer.com\/wp-content\/uploads\/2026\/02\/GOOGLE-NFC-REVIEW-CARD-TRUZZER-FRONT-tap-S-1.jpg\",\"contentUrl\":\"https:\/\/www.truzzer.com\/wp-content\/uploads\/2026\/02\/GOOGLE-NFC-REVIEW-CARD-TRUZZER-FRONT-tap-S-1.jpg\",\"width\":1200,\"height\":1200},{\"@type\":\"BreadcrumbList\",\"@id\":\"https:\/\/www.truzzer.com\/fr\/produit\/google-review-nfc-business-card-tap-with-google-review-qr-code\/#breadcrumb\",\"itemListElement\":[{\"@type\":\"ListItem\",\"position\":1,\"name\":\"Home\",\"item\":\"https:\/\/www.truzzer.com\/fr\/\"},{\"@type\":\"ListItem\",\"position\":2,\"name\":\"Boutique\",\"item\":\"https:\/\/www.truzzer.com\/fr\/boutique\/\"},{\"@type\":\"ListItem\",\"position\":3,\"name\":\"Google Review NFC Carte de visite \u00ab\u00a0Tap\u00a0\u00bb avec Google Review QR Code\"}]},{\"@type\":\"WebSite\",\"@id\":\"https:\/\/www.truzzer.com\/fr\/#website\",\"url\":\"https:\/\/www.truzzer.com\/fr\/\",\"name\":\"truzzer\",\"description\":\"Experts for customer trust\",\"publisher\":{\"@id\":\"https:\/\/www.truzzer.com\/fr\/#organization\"},\"potentialAction\":[{\"@type\":\"SearchAction\",\"target\":{\"@type\":\"EntryPoint\",\"urlTemplate\":\"https:\/\/www.truzzer.com\/fr\/?s={search_term_string}\"},\"query-input\":{\"@type\":\"PropertyValueSpecification\",\"valueRequired\":true,\"valueName\":\"search_term_string\"}}],\"inLanguage\":\"fr-FR\"},{\"@type\":\"Organization\",\"@id\":\"https:\/\/www.truzzer.com\/fr\/#organization\",\"name\":\"truzzer\",\"url\":\"https:\/\/www.truzzer.com\/fr\/\",\"logo\":{\"@type\":\"ImageObject\",\"inLanguage\":\"fr-FR\",\"@id\":\"https:\/\/www.truzzer.com\/fr\/#\/schema\/logo\/image\/\",\"url\":\"https:\/\/truzzer.com\/wp-content\/uploads\/2026\/01\/truzzer-logo-black-1.svg\",\"contentUrl\":\"https:\/\/truzzer.com\/wp-content\/uploads\/2026\/01\/truzzer-logo-black-1.svg\",\"width\":938,\"height\":199,\"caption\":\"truzzer\"},\"image\":{\"@id\":\"https:\/\/www.truzzer.com\/fr\/#\/schema\/logo\/image\/\"}}]}<\/script>\n<!-- \/ Yoast SEO plugin. -->","yoast_head_json":{"title":"Google Review NFC Business Card \u00ab\u00a0Tap\u00a0\u00bb with Go... | truzzer","description":"Plus d'avis Google avec Google Review NFC Business Card \u00ab\u00a0Tap\u00a0\u00bb with Google Review QR Code de truzzer. Installation facile. Commandez !","robots":{"index":"index","follow":"follow","max-snippet":"max-snippet:-1","max-image-preview":"max-image-preview:large","max-video-preview":"max-video-preview:-1"},"canonical":"https:\/\/www.truzzer.com\/fr\/produit\/google-review-nfc-business-card-tap-with-google-review-qr-code\/","og_locale":"fr_FR","og_type":"article","og_title":"Google Review NFC Business Card \u00ab\u00a0Tap\u00a0\u00bb with Go... | truzzer","og_description":"Plus d'avis Google avec Google Review NFC Business Card \u00ab\u00a0Tap\u00a0\u00bb with Google Review QR Code de truzzer. Installation facile. Commandez !","og_url":"https:\/\/www.truzzer.com\/fr\/produit\/google-review-nfc-business-card-tap-with-google-review-qr-code\/","og_site_name":"truzzer","article_modified_time":"2026-02-13T08:01:29+00:00","og_image":[{"width":1200,"height":1200,"url":"https:\/\/www.truzzer.com\/wp-content\/uploads\/2026\/02\/GOOGLE-NFC-REVIEW-CARD-TRUZZER-FRONT-tap-S-1.jpg","type":"image\/jpeg"}],"twitter_card":"summary_large_image","schema":{"@context":"https:\/\/schema.org","@graph":[{"@type":"WebPage","@id":"https:\/\/www.truzzer.com\/fr\/produit\/google-review-nfc-business-card-tap-with-google-review-qr-code\/","url":"https:\/\/www.truzzer.com\/fr\/produit\/google-review-nfc-business-card-tap-with-google-review-qr-code\/","name":"Google Review NFC Business Card \u00ab\u00a0Tap\u00a0\u00bb with Go... | truzzer","isPartOf":{"@id":"https:\/\/www.truzzer.com\/fr\/#website"},"primaryImageOfPage":{"@id":"https:\/\/www.truzzer.com\/fr\/produit\/google-review-nfc-business-card-tap-with-google-review-qr-code\/#primaryimage"},"image":{"@id":"https:\/\/www.truzzer.com\/fr\/produit\/google-review-nfc-business-card-tap-with-google-review-qr-code\/#primaryimage"},"thumbnailUrl":"https:\/\/www.truzzer.com\/wp-content\/uploads\/2026\/02\/GOOGLE-NFC-REVIEW-CARD-TRUZZER-FRONT-tap-S-1.jpg","datePublished":"2026-02-01T20:01:31+00:00","dateModified":"2026-02-13T08:01:29+00:00","description":"Plus d'avis Google avec Google Review NFC Business Card \u00ab\u00a0Tap\u00a0\u00bb with Google Review QR Code de truzzer. Installation facile. Commandez !","breadcrumb":{"@id":"https:\/\/www.truzzer.com\/fr\/produit\/google-review-nfc-business-card-tap-with-google-review-qr-code\/#breadcrumb"},"inLanguage":"fr-FR","potentialAction":[{"@type":"ReadAction","target":["https:\/\/www.truzzer.com\/fr\/produit\/google-review-nfc-business-card-tap-with-google-review-qr-code\/"]}]},{"@type":"ImageObject","inLanguage":"fr-FR","@id":"https:\/\/www.truzzer.com\/fr\/produit\/google-review-nfc-business-card-tap-with-google-review-qr-code\/#primaryimage","url":"https:\/\/www.truzzer.com\/wp-content\/uploads\/2026\/02\/GOOGLE-NFC-REVIEW-CARD-TRUZZER-FRONT-tap-S-1.jpg","contentUrl":"https:\/\/www.truzzer.com\/wp-content\/uploads\/2026\/02\/GOOGLE-NFC-REVIEW-CARD-TRUZZER-FRONT-tap-S-1.jpg","width":1200,"height":1200},{"@type":"BreadcrumbList","@id":"https:\/\/www.truzzer.com\/fr\/produit\/google-review-nfc-business-card-tap-with-google-review-qr-code\/#breadcrumb","itemListElement":[{"@type":"ListItem","position":1,"name":"Home","item":"https:\/\/www.truzzer.com\/fr\/"},{"@type":"ListItem","position":2,"name":"Boutique","item":"https:\/\/www.truzzer.com\/fr\/boutique\/"},{"@type":"ListItem","position":3,"name":"Google Review NFC Carte de visite \u00ab\u00a0Tap\u00a0\u00bb avec Google Review QR Code"}]},{"@type":"WebSite","@id":"https:\/\/www.truzzer.com\/fr\/#website","url":"https:\/\/www.truzzer.com\/fr\/","name":"truzzer","description":"Experts for customer trust","publisher":{"@id":"https:\/\/www.truzzer.com\/fr\/#organization"},"potentialAction":[{"@type":"SearchAction","target":{"@type":"EntryPoint","urlTemplate":"https:\/\/www.truzzer.com\/fr\/?s={search_term_string}"},"query-input":{"@type":"PropertyValueSpecification","valueRequired":true,"valueName":"search_term_string"}}],"inLanguage":"fr-FR"},{"@type":"Organization","@id":"https:\/\/www.truzzer.com\/fr\/#organization","name":"truzzer","url":"https:\/\/www.truzzer.com\/fr\/","logo":{"@type":"ImageObject","inLanguage":"fr-FR","@id":"https:\/\/www.truzzer.com\/fr\/#\/schema\/logo\/image\/","url":"https:\/\/truzzer.com\/wp-content\/uploads\/2026\/01\/truzzer-logo-black-1.svg","contentUrl":"https:\/\/truzzer.com\/wp-content\/uploads\/2026\/01\/truzzer-logo-black-1.svg","width":938,"height":199,"caption":"truzzer"},"image":{"@id":"https:\/\/www.truzzer.com\/fr\/#\/schema\/logo\/image\/"}}]}},"tiered_pricing_type":"fixed","tiered_pricing_fixed_rules":[],"tiered_pricing_product_settings":{"layout":"default","base_unit_name":{"singular":null,"plural":null},"default_variation":null},"tiered_pricing_minimum_quantity":null,"tiered_pricing_roles_data":[],"tiered_pricing_percentage_rules":[],"tiered_pricing_maximum_quantity":null,"tiered_pricing_quantity_step":null,"_links":{"self":[{"href":"https:\/\/www.truzzer.com\/fr\/wp-json\/wp\/v2\/product\/96915","targetHints":{"allow":["GET"]}}],"collection":[{"href":"https:\/\/www.truzzer.com\/fr\/wp-json\/wp\/v2\/product"}],"about":[{"href":"https:\/\/www.truzzer.com\/fr\/wp-json\/wp\/v2\/types\/product"}],"replies":[{"embeddable":true,"href":"https:\/\/www.truzzer.com\/fr\/wp-json\/wp\/v2\/comments?post=96915"}],"wp:featuredmedia":[{"embeddable":true,"href":"https:\/\/www.truzzer.com\/fr\/wp-json\/wp\/v2\/media\/96922"}],"wp:attachment":[{"href":"https:\/\/www.truzzer.com\/fr\/wp-json\/wp\/v2\/media?parent=96915"}],"wp:term":[{"taxonomy":"product_brand","embeddable":true,"href":"https:\/\/www.truzzer.com\/fr\/wp-json\/wp\/v2\/product_brand?post=96915"},{"taxonomy":"product_cat","embeddable":true,"href":"https:\/\/www.truzzer.com\/fr\/wp-json\/wp\/v2\/product_cat?post=96915"},{"taxonomy":"product_tag","embeddable":true,"href":"https:\/\/www.truzzer.com\/fr\/wp-json\/wp\/v2\/product_tag?post=96915"}],"curies":[{"name":"wp","href":"https:\/\/api.w.org\/{rel}","templated":true}]}}