{"id":96953,"date":"2026-02-01T20:00:38","date_gmt":"2026-02-01T20:00:38","guid":{"rendered":"https:\/\/beta.truzzer.com\/product\/whatsapp-chat-nfc-business-card-tap\/"},"modified":"2026-02-13T08:00:08","modified_gmt":"2026-02-13T08:00:08","slug":"whatsapp-chat-nfc-business-card-tap","status":"publish","type":"product","link":"https:\/\/www.truzzer.com\/fr\/produit\/whatsapp-chat-nfc-business-card-tap\/","title":{"rendered":"WhatsApp Chat NFC Carte de visite \u00ab Appuyez \u00bb"},"content":{"rendered":"","protected":false},"excerpt":{"rendered":"<h2>Offrir davantage de services avec les cartes de visite sans contact NFC WhatsApp.<\/h2>\n<p>Faites en sorte que vos clients puissent vous joindre facilement sur WhatsApp gr\u00e2ce aux cartes de visite sans contact WhatsApp Chat NFC.<br \/>\nPersonnalis\u00e9 avec votre propre code QR et un lien NFC qui dirige directement vos clients vers votre chat WhatsApp.<br \/>\nIl suffit \u00e0 vos clients de tenir leur smartphone \u00e0 proximit\u00e9 de la carte. Le chat WhatsApp avec vous s&rsquo;ouvrira instantan\u00e9ment.<br \/>\nNous nous chargeons de la liaison des NFC &amp; Codes QR \u00e0 votre profil WhatsApp pour vous\u00a0!<\/p>\n<h3><strong>Comment les cartes NFC vous aident \u00e0 am\u00e9liorer le service client<\/strong><\/h3>\n<ul>\n<li>Plus de recherche ni de difficult\u00e9s\u00a0: <strong>Le lien NFC et le code WhatsApp QR m\u00e8nent directement \u00e0 votre chat<\/strong> (nous le cr\u00e9ons pour vous).<\/li>\n<li><strong>Tangible<\/strong>\u00a0: les cartes NFC rendent votre support WhatsApp facilement accessible.<\/li>\n<li>Aucune application suppl\u00e9mentaire requise.<\/li>\n<li>Attire l&rsquo;attention\u00a0: design moderne.<\/li>\n<\/ul>\n<p><strong>Nous nous occupons de cr\u00e9er et de relier pour vous le lien NFC ainsi que le code QR \u00e0 votre profil de chat WhatsApp\u00a0!<\/strong><\/p>\n","protected":false},"featured_media":96961,"comment_status":"open","ping_status":"closed","template":"","meta":{"_acf_changed":false,"_yoast_wpseo_focuskw":"WhatsApp QR Code Carte NFC","_yoast_wpseo_title":"WhatsApp Chat NFC Business Card \u201cTap\u201d | truzzer","_yoast_wpseo_metadesc":"Connectez-vous via WhatsApp avec WhatsApp Chat NFC Business Card \u201cTap\u201d de truzzer. Installation facile, pr\u00eat \u00e0 l'emploi. Commandez maintenant !"},"product_brand":[1701],"product_cat":[942,1357,922,559,558],"product_tag":[],"class_list":{"0":"post-96953","1":"product","2":"type-product","3":"status-publish","4":"has-post-thumbnail","6":"product_brand-whatsapp","7":"product_cat-chat-whatsapp-cartes-de-visite","8":"product_cat-chat-whatsapp-cartes-de-visite-avec-nfc","9":"product_cat-chat-whatsapp-produits","10":"product_cat-nfc-cartes-de-visite","11":"product_cat-nfc-produits","12":"pa_industry-bureau-consultation","13":"pa_industry-onroerend-goed","14":"pa_industry-services-locaux","15":"pa_material-carton","16":"pa_material-plastic","17":"pa_orientation-portrett","18":"pa_placement-balie-reception","19":"pa_placement-brochure","20":"pa_placement-portemonnee-personlijk","21":"pa_product-type-visites-touristiques","22":"pa_shape-rechthoek","23":"pa_technology-nfc","24":"pa_technology-qr-nfc","26":"first","27":"instock","28":"taxable","29":"shipping-taxable","30":"purchasable","31":"product-type-simple"},"acf":[],"yoast_head":"<!-- This site is optimized with the Yoast SEO plugin v27.0 - https:\/\/yoast.com\/product\/yoast-seo-wordpress\/ -->\n<title>WhatsApp Chat NFC Business Card \u201cTap\u201d | truzzer<\/title>\n<meta name=\"description\" content=\"Connectez-vous via WhatsApp avec WhatsApp Chat NFC Business Card \u201cTap\u201d de truzzer. Installation facile, pr\u00eat \u00e0 l&#039;emploi. Commandez maintenant !\" \/>\n<meta name=\"robots\" content=\"index, follow, max-snippet:-1, max-image-preview:large, max-video-preview:-1\" \/>\n<link rel=\"canonical\" href=\"https:\/\/www.truzzer.com\/fr\/produit\/whatsapp-chat-nfc-business-card-tap\/\" \/>\n<meta property=\"og:locale\" content=\"fr_FR\" \/>\n<meta property=\"og:type\" content=\"article\" \/>\n<meta property=\"og:title\" content=\"WhatsApp Chat NFC Business Card \u201cTap\u201d | truzzer\" \/>\n<meta property=\"og:description\" content=\"Connectez-vous via WhatsApp avec WhatsApp Chat NFC Business Card \u201cTap\u201d de truzzer. Installation facile, pr\u00eat \u00e0 l&#039;emploi. Commandez maintenant !\" \/>\n<meta property=\"og:url\" content=\"https:\/\/www.truzzer.com\/fr\/produit\/whatsapp-chat-nfc-business-card-tap\/\" \/>\n<meta property=\"og:site_name\" content=\"truzzer\" \/>\n<meta property=\"article:modified_time\" content=\"2026-02-13T08:00:08+00:00\" \/>\n<meta property=\"og:image\" content=\"https:\/\/www.truzzer.com\/wp-content\/uploads\/2026\/02\/WHATSAPP-CHAT-NFC-VISITENKARTE-EMPFEHLIO-FRONT-1-1.jpg\" \/>\n\t<meta property=\"og:image:width\" content=\"1200\" \/>\n\t<meta property=\"og:image:height\" content=\"1200\" \/>\n\t<meta property=\"og:image:type\" content=\"image\/jpeg\" \/>\n<meta name=\"twitter:card\" content=\"summary_large_image\" \/>\n<script type=\"application\/ld+json\" class=\"yoast-schema-graph\">{\"@context\":\"https:\/\/schema.org\",\"@graph\":[{\"@type\":\"WebPage\",\"@id\":\"https:\/\/www.truzzer.com\/fr\/produit\/whatsapp-chat-nfc-business-card-tap\/\",\"url\":\"https:\/\/www.truzzer.com\/fr\/produit\/whatsapp-chat-nfc-business-card-tap\/\",\"name\":\"WhatsApp Chat NFC Business Card \u201cTap\u201d | truzzer\",\"isPartOf\":{\"@id\":\"https:\/\/www.truzzer.com\/fr\/#website\"},\"primaryImageOfPage\":{\"@id\":\"https:\/\/www.truzzer.com\/fr\/produit\/whatsapp-chat-nfc-business-card-tap\/#primaryimage\"},\"image\":{\"@id\":\"https:\/\/www.truzzer.com\/fr\/produit\/whatsapp-chat-nfc-business-card-tap\/#primaryimage\"},\"thumbnailUrl\":\"https:\/\/www.truzzer.com\/wp-content\/uploads\/2026\/02\/WHATSAPP-CHAT-NFC-VISITENKARTE-EMPFEHLIO-FRONT-1-1.jpg\",\"datePublished\":\"2026-02-01T20:00:38+00:00\",\"dateModified\":\"2026-02-13T08:00:08+00:00\",\"description\":\"Connectez-vous via WhatsApp avec WhatsApp Chat NFC Business Card \u201cTap\u201d de truzzer. Installation facile, pr\u00eat \u00e0 l'emploi. Commandez maintenant !\",\"breadcrumb\":{\"@id\":\"https:\/\/www.truzzer.com\/fr\/produit\/whatsapp-chat-nfc-business-card-tap\/#breadcrumb\"},\"inLanguage\":\"fr-FR\",\"potentialAction\":[{\"@type\":\"ReadAction\",\"target\":[\"https:\/\/www.truzzer.com\/fr\/produit\/whatsapp-chat-nfc-business-card-tap\/\"]}]},{\"@type\":\"ImageObject\",\"inLanguage\":\"fr-FR\",\"@id\":\"https:\/\/www.truzzer.com\/fr\/produit\/whatsapp-chat-nfc-business-card-tap\/#primaryimage\",\"url\":\"https:\/\/www.truzzer.com\/wp-content\/uploads\/2026\/02\/WHATSAPP-CHAT-NFC-VISITENKARTE-EMPFEHLIO-FRONT-1-1.jpg\",\"contentUrl\":\"https:\/\/www.truzzer.com\/wp-content\/uploads\/2026\/02\/WHATSAPP-CHAT-NFC-VISITENKARTE-EMPFEHLIO-FRONT-1-1.jpg\",\"width\":1200,\"height\":1200},{\"@type\":\"BreadcrumbList\",\"@id\":\"https:\/\/www.truzzer.com\/fr\/produit\/whatsapp-chat-nfc-business-card-tap\/#breadcrumb\",\"itemListElement\":[{\"@type\":\"ListItem\",\"position\":1,\"name\":\"Home\",\"item\":\"https:\/\/www.truzzer.com\/fr\/\"},{\"@type\":\"ListItem\",\"position\":2,\"name\":\"Boutique\",\"item\":\"https:\/\/www.truzzer.com\/fr\/boutique\/\"},{\"@type\":\"ListItem\",\"position\":3,\"name\":\"WhatsApp Chat NFC Carte de visite \u00ab Appuyez \u00bb\"}]},{\"@type\":\"WebSite\",\"@id\":\"https:\/\/www.truzzer.com\/fr\/#website\",\"url\":\"https:\/\/www.truzzer.com\/fr\/\",\"name\":\"truzzer\",\"description\":\"Experts for customer trust\",\"publisher\":{\"@id\":\"https:\/\/www.truzzer.com\/fr\/#organization\"},\"potentialAction\":[{\"@type\":\"SearchAction\",\"target\":{\"@type\":\"EntryPoint\",\"urlTemplate\":\"https:\/\/www.truzzer.com\/fr\/?s={search_term_string}\"},\"query-input\":{\"@type\":\"PropertyValueSpecification\",\"valueRequired\":true,\"valueName\":\"search_term_string\"}}],\"inLanguage\":\"fr-FR\"},{\"@type\":\"Organization\",\"@id\":\"https:\/\/www.truzzer.com\/fr\/#organization\",\"name\":\"truzzer\",\"url\":\"https:\/\/www.truzzer.com\/fr\/\",\"logo\":{\"@type\":\"ImageObject\",\"inLanguage\":\"fr-FR\",\"@id\":\"https:\/\/www.truzzer.com\/fr\/#\/schema\/logo\/image\/\",\"url\":\"https:\/\/truzzer.com\/wp-content\/uploads\/2026\/01\/truzzer-logo-black-1.svg\",\"contentUrl\":\"https:\/\/truzzer.com\/wp-content\/uploads\/2026\/01\/truzzer-logo-black-1.svg\",\"width\":938,\"height\":199,\"caption\":\"truzzer\"},\"image\":{\"@id\":\"https:\/\/www.truzzer.com\/fr\/#\/schema\/logo\/image\/\"}}]}<\/script>\n<!-- \/ Yoast SEO plugin. -->","yoast_head_json":{"title":"WhatsApp Chat NFC Business Card \u201cTap\u201d | truzzer","description":"Connectez-vous via WhatsApp avec WhatsApp Chat NFC Business Card \u201cTap\u201d de truzzer. Installation facile, pr\u00eat \u00e0 l'emploi. Commandez maintenant !","robots":{"index":"index","follow":"follow","max-snippet":"max-snippet:-1","max-image-preview":"max-image-preview:large","max-video-preview":"max-video-preview:-1"},"canonical":"https:\/\/www.truzzer.com\/fr\/produit\/whatsapp-chat-nfc-business-card-tap\/","og_locale":"fr_FR","og_type":"article","og_title":"WhatsApp Chat NFC Business Card \u201cTap\u201d | truzzer","og_description":"Connectez-vous via WhatsApp avec WhatsApp Chat NFC Business Card \u201cTap\u201d de truzzer. Installation facile, pr\u00eat \u00e0 l'emploi. Commandez maintenant !","og_url":"https:\/\/www.truzzer.com\/fr\/produit\/whatsapp-chat-nfc-business-card-tap\/","og_site_name":"truzzer","article_modified_time":"2026-02-13T08:00:08+00:00","og_image":[{"width":1200,"height":1200,"url":"https:\/\/www.truzzer.com\/wp-content\/uploads\/2026\/02\/WHATSAPP-CHAT-NFC-VISITENKARTE-EMPFEHLIO-FRONT-1-1.jpg","type":"image\/jpeg"}],"twitter_card":"summary_large_image","schema":{"@context":"https:\/\/schema.org","@graph":[{"@type":"WebPage","@id":"https:\/\/www.truzzer.com\/fr\/produit\/whatsapp-chat-nfc-business-card-tap\/","url":"https:\/\/www.truzzer.com\/fr\/produit\/whatsapp-chat-nfc-business-card-tap\/","name":"WhatsApp Chat NFC Business Card \u201cTap\u201d | truzzer","isPartOf":{"@id":"https:\/\/www.truzzer.com\/fr\/#website"},"primaryImageOfPage":{"@id":"https:\/\/www.truzzer.com\/fr\/produit\/whatsapp-chat-nfc-business-card-tap\/#primaryimage"},"image":{"@id":"https:\/\/www.truzzer.com\/fr\/produit\/whatsapp-chat-nfc-business-card-tap\/#primaryimage"},"thumbnailUrl":"https:\/\/www.truzzer.com\/wp-content\/uploads\/2026\/02\/WHATSAPP-CHAT-NFC-VISITENKARTE-EMPFEHLIO-FRONT-1-1.jpg","datePublished":"2026-02-01T20:00:38+00:00","dateModified":"2026-02-13T08:00:08+00:00","description":"Connectez-vous via WhatsApp avec WhatsApp Chat NFC Business Card \u201cTap\u201d de truzzer. Installation facile, pr\u00eat \u00e0 l'emploi. Commandez maintenant !","breadcrumb":{"@id":"https:\/\/www.truzzer.com\/fr\/produit\/whatsapp-chat-nfc-business-card-tap\/#breadcrumb"},"inLanguage":"fr-FR","potentialAction":[{"@type":"ReadAction","target":["https:\/\/www.truzzer.com\/fr\/produit\/whatsapp-chat-nfc-business-card-tap\/"]}]},{"@type":"ImageObject","inLanguage":"fr-FR","@id":"https:\/\/www.truzzer.com\/fr\/produit\/whatsapp-chat-nfc-business-card-tap\/#primaryimage","url":"https:\/\/www.truzzer.com\/wp-content\/uploads\/2026\/02\/WHATSAPP-CHAT-NFC-VISITENKARTE-EMPFEHLIO-FRONT-1-1.jpg","contentUrl":"https:\/\/www.truzzer.com\/wp-content\/uploads\/2026\/02\/WHATSAPP-CHAT-NFC-VISITENKARTE-EMPFEHLIO-FRONT-1-1.jpg","width":1200,"height":1200},{"@type":"BreadcrumbList","@id":"https:\/\/www.truzzer.com\/fr\/produit\/whatsapp-chat-nfc-business-card-tap\/#breadcrumb","itemListElement":[{"@type":"ListItem","position":1,"name":"Home","item":"https:\/\/www.truzzer.com\/fr\/"},{"@type":"ListItem","position":2,"name":"Boutique","item":"https:\/\/www.truzzer.com\/fr\/boutique\/"},{"@type":"ListItem","position":3,"name":"WhatsApp Chat NFC Carte de visite \u00ab Appuyez \u00bb"}]},{"@type":"WebSite","@id":"https:\/\/www.truzzer.com\/fr\/#website","url":"https:\/\/www.truzzer.com\/fr\/","name":"truzzer","description":"Experts for customer trust","publisher":{"@id":"https:\/\/www.truzzer.com\/fr\/#organization"},"potentialAction":[{"@type":"SearchAction","target":{"@type":"EntryPoint","urlTemplate":"https:\/\/www.truzzer.com\/fr\/?s={search_term_string}"},"query-input":{"@type":"PropertyValueSpecification","valueRequired":true,"valueName":"search_term_string"}}],"inLanguage":"fr-FR"},{"@type":"Organization","@id":"https:\/\/www.truzzer.com\/fr\/#organization","name":"truzzer","url":"https:\/\/www.truzzer.com\/fr\/","logo":{"@type":"ImageObject","inLanguage":"fr-FR","@id":"https:\/\/www.truzzer.com\/fr\/#\/schema\/logo\/image\/","url":"https:\/\/truzzer.com\/wp-content\/uploads\/2026\/01\/truzzer-logo-black-1.svg","contentUrl":"https:\/\/truzzer.com\/wp-content\/uploads\/2026\/01\/truzzer-logo-black-1.svg","width":938,"height":199,"caption":"truzzer"},"image":{"@id":"https:\/\/www.truzzer.com\/fr\/#\/schema\/logo\/image\/"}}]}},"tiered_pricing_type":"fixed","tiered_pricing_fixed_rules":[],"tiered_pricing_product_settings":{"layout":"default","base_unit_name":{"singular":null,"plural":null},"default_variation":null},"tiered_pricing_minimum_quantity":null,"tiered_pricing_roles_data":[],"tiered_pricing_percentage_rules":[],"tiered_pricing_maximum_quantity":null,"tiered_pricing_quantity_step":null,"_links":{"self":[{"href":"https:\/\/www.truzzer.com\/fr\/wp-json\/wp\/v2\/product\/96953","targetHints":{"allow":["GET"]}}],"collection":[{"href":"https:\/\/www.truzzer.com\/fr\/wp-json\/wp\/v2\/product"}],"about":[{"href":"https:\/\/www.truzzer.com\/fr\/wp-json\/wp\/v2\/types\/product"}],"replies":[{"embeddable":true,"href":"https:\/\/www.truzzer.com\/fr\/wp-json\/wp\/v2\/comments?post=96953"}],"wp:featuredmedia":[{"embeddable":true,"href":"https:\/\/www.truzzer.com\/fr\/wp-json\/wp\/v2\/media\/96961"}],"wp:attachment":[{"href":"https:\/\/www.truzzer.com\/fr\/wp-json\/wp\/v2\/media?parent=96953"}],"wp:term":[{"taxonomy":"product_brand","embeddable":true,"href":"https:\/\/www.truzzer.com\/fr\/wp-json\/wp\/v2\/product_brand?post=96953"},{"taxonomy":"product_cat","embeddable":true,"href":"https:\/\/www.truzzer.com\/fr\/wp-json\/wp\/v2\/product_cat?post=96953"},{"taxonomy":"product_tag","embeddable":true,"href":"https:\/\/www.truzzer.com\/fr\/wp-json\/wp\/v2\/product_tag?post=96953"}],"curies":[{"name":"wp","href":"https:\/\/api.w.org\/{rel}","templated":true}]}}