{"id":96963,"date":"2026-02-01T20:00:29","date_gmt":"2026-02-01T20:00:29","guid":{"rendered":"https:\/\/beta.truzzer.com\/product\/review-us-on-tripadvisor-hotel-door-hanger-with-tripadvisor-review-qr-code\/"},"modified":"2026-02-13T08:01:26","modified_gmt":"2026-02-13T08:01:26","slug":"review-us-on-tripadvisor-hotel-door-hanger-with-tripadvisor-review-qr-code","status":"publish","type":"product","link":"https:\/\/www.truzzer.com\/fr\/produit\/review-us-on-tripadvisor-hotel-door-hanger-with-tripadvisor-review-qr-code\/","title":{"rendered":"\u00c9valuez-nous sur l&rsquo;accroche-porte d&rsquo;h\u00f4tel TripAdvisor avec le code TripAdvisor d&rsquo;avis QR"},"content":{"rendered":"<h2>Solution simple pour g\u00e9n\u00e9rer davantage d&rsquo;avis TripAdvisor pour votre h\u00f4tel<\/h2>\n<p>Pour l&rsquo;industrie h\u00f4teli\u00e8re, les avis des clients sont l&rsquo;un des facteurs les plus influents dans les d\u00e9cisions de r\u00e9servation, en particulier les avis sur TripAdvisor.<br \/>\nAvec nos affichettes de porte \u00ab \u00c9valuez-nous sur TripAdvisor \u00bb con\u00e7ues pour les h\u00f4tels, nous permettons aux entreprises h\u00f4teli\u00e8res de recueillir rapidement et sans effort de nombreux avis sur TripAdvisor.<br \/>\nLe processus est incroyablement simple et l&rsquo;animation d&rsquo;invite d&rsquo;avis sur place garantit que les clients n&rsquo;oublient pas d&rsquo;\u00e9valuer votre h\u00f4tel apr\u00e8s leur s\u00e9jour.<br \/>\nLes accroches de porte d&rsquo;\u00e9valuation TripAdvisor peuvent \u00eatre personnalis\u00e9s avec votre logo.<\/p>\n","protected":false},"excerpt":{"rendered":"<h2>Avis sur les accroches de porte pour TripAdvisor<\/h2>\n<p>Faites en sorte que les clients de votre h\u00f4tel puissent facilement \u00e9valuer votre h\u00f4tel sur TripAdvisor gr\u00e2ce aux affichettes de porte pour les avis sur TripAdvisor de Truzzer\u00a0!<br \/>\nLes accroches de porte simplifient le processus d&rsquo;\u00e9valuation directe de votre h\u00f4tel en comportant un lien de code QR qui vous am\u00e8ne directement au formulaire d&rsquo;\u00e9valuation de votre annonce TripAdvisor.<br \/>\nLa face avant contient un appel \u00e0 l&rsquo;action qui encourage vos invit\u00e9s \u00e0 nous \u00e9valuer sur TripAdvisor.<br \/>\nAu verso, vous trouverez le code QR ainsi qu&rsquo;une br\u00e8ve explication du fonctionnement du processus de r\u00e9vision.<br \/>\nPassez \u00e0 l&rsquo;\u00e9tape suivante en mati\u00e8re de marketing de r\u00e9putation avec l&rsquo;outil \u00ab\u00a0\u00c9valuez-nous sur TripAdvisor\u00a0\u00bb\u00a0; accroches-portes pour h\u00f4tels\u00a0!<\/p>\n","protected":false},"featured_media":96967,"comment_status":"open","ping_status":"closed","template":"","meta":{"_acf_changed":false,"_yoast_wpseo_focuskw":"Avis TripAdvisor Accroche-porte","_yoast_wpseo_title":"Review us on TripAdvisor hotel door hanger with... | truzzer","_yoast_wpseo_metadesc":"Plus d'avis TripAdvisor avec Review us on TripAdvisor hotel door hanger with TripAdvisor review QR code de truzzer. Installation facile. Commandez !"},"product_brand":[1688],"product_cat":[1358,1351,1334,479],"product_tag":[],"class_list":{"0":"post-96963","1":"product","2":"type-product","3":"status-publish","4":"has-post-thumbnail","6":"product_brand-tripadvisor","7":"product_cat-avis-tripadvisor-cartes-davis","8":"product_cat-avis-tripadvisor-produits","9":"product_cat-code-qr-accroches-portes","10":"product_cat-code-qr-produits","11":"pa_industry-bureau-consultation","12":"pa_industry-onroerend-goed","13":"pa_industry-services-locaux","14":"pa_material-carton","15":"pa_placement-balie-reception","16":"pa_placement-brochure","17":"pa_placement-portemonnee-personlijk","18":"pa_product-type-door-hangers","19":"pa_technology-qr-code","21":"first","22":"instock","23":"taxable","24":"shipping-taxable","25":"purchasable","26":"product-type-simple"},"acf":[],"yoast_head":"<!-- This site is optimized with the Yoast SEO plugin v27.0 - https:\/\/yoast.com\/product\/yoast-seo-wordpress\/ -->\n<title>Review us on TripAdvisor hotel door hanger with... | truzzer<\/title>\n<meta name=\"description\" content=\"Plus d&#039;avis TripAdvisor avec Review us on TripAdvisor hotel door hanger with TripAdvisor review QR code de truzzer. Installation facile. Commandez !\" \/>\n<meta name=\"robots\" content=\"index, follow, max-snippet:-1, max-image-preview:large, max-video-preview:-1\" \/>\n<link rel=\"canonical\" href=\"https:\/\/www.truzzer.com\/fr\/produit\/review-us-on-tripadvisor-hotel-door-hanger-with-tripadvisor-review-qr-code\/\" \/>\n<meta property=\"og:locale\" content=\"fr_FR\" \/>\n<meta property=\"og:type\" content=\"article\" \/>\n<meta property=\"og:title\" content=\"Review us on TripAdvisor hotel door hanger with... | truzzer\" \/>\n<meta property=\"og:description\" content=\"Plus d&#039;avis TripAdvisor avec Review us on TripAdvisor hotel door hanger with TripAdvisor review QR code de truzzer. Installation facile. Commandez !\" \/>\n<meta property=\"og:url\" content=\"https:\/\/www.truzzer.com\/fr\/produit\/review-us-on-tripadvisor-hotel-door-hanger-with-tripadvisor-review-qr-code\/\" \/>\n<meta property=\"og:site_name\" content=\"truzzer\" \/>\n<meta property=\"article:modified_time\" content=\"2026-02-13T08:01:26+00:00\" \/>\n<meta property=\"og:image\" content=\"https:\/\/www.truzzer.com\/wp-content\/uploads\/2026\/02\/tripadvisor-review-door-hanger-for-hotels-truzzer-s-1.jpg\" \/>\n\t<meta property=\"og:image:width\" content=\"1200\" \/>\n\t<meta property=\"og:image:height\" content=\"1200\" \/>\n\t<meta property=\"og:image:type\" content=\"image\/jpeg\" \/>\n<meta name=\"twitter:card\" content=\"summary_large_image\" \/>\n<meta name=\"twitter:label1\" content=\"Dur\u00e9e de lecture estim\u00e9e\" \/>\n\t<meta name=\"twitter:data1\" content=\"1 minute\" \/>\n<script type=\"application\/ld+json\" class=\"yoast-schema-graph\">{\"@context\":\"https:\/\/schema.org\",\"@graph\":[{\"@type\":\"WebPage\",\"@id\":\"https:\/\/www.truzzer.com\/fr\/produit\/review-us-on-tripadvisor-hotel-door-hanger-with-tripadvisor-review-qr-code\/\",\"url\":\"https:\/\/www.truzzer.com\/fr\/produit\/review-us-on-tripadvisor-hotel-door-hanger-with-tripadvisor-review-qr-code\/\",\"name\":\"Review us on TripAdvisor hotel door hanger with... | truzzer\",\"isPartOf\":{\"@id\":\"https:\/\/www.truzzer.com\/fr\/#website\"},\"primaryImageOfPage\":{\"@id\":\"https:\/\/www.truzzer.com\/fr\/produit\/review-us-on-tripadvisor-hotel-door-hanger-with-tripadvisor-review-qr-code\/#primaryimage\"},\"image\":{\"@id\":\"https:\/\/www.truzzer.com\/fr\/produit\/review-us-on-tripadvisor-hotel-door-hanger-with-tripadvisor-review-qr-code\/#primaryimage\"},\"thumbnailUrl\":\"https:\/\/www.truzzer.com\/wp-content\/uploads\/2026\/02\/tripadvisor-review-door-hanger-for-hotels-truzzer-s-1.jpg\",\"datePublished\":\"2026-02-01T20:00:29+00:00\",\"dateModified\":\"2026-02-13T08:01:26+00:00\",\"description\":\"Plus d'avis TripAdvisor avec Review us on TripAdvisor hotel door hanger with TripAdvisor review QR code de truzzer. Installation facile. Commandez !\",\"breadcrumb\":{\"@id\":\"https:\/\/www.truzzer.com\/fr\/produit\/review-us-on-tripadvisor-hotel-door-hanger-with-tripadvisor-review-qr-code\/#breadcrumb\"},\"inLanguage\":\"fr-FR\",\"potentialAction\":[{\"@type\":\"ReadAction\",\"target\":[\"https:\/\/www.truzzer.com\/fr\/produit\/review-us-on-tripadvisor-hotel-door-hanger-with-tripadvisor-review-qr-code\/\"]}]},{\"@type\":\"ImageObject\",\"inLanguage\":\"fr-FR\",\"@id\":\"https:\/\/www.truzzer.com\/fr\/produit\/review-us-on-tripadvisor-hotel-door-hanger-with-tripadvisor-review-qr-code\/#primaryimage\",\"url\":\"https:\/\/www.truzzer.com\/wp-content\/uploads\/2026\/02\/tripadvisor-review-door-hanger-for-hotels-truzzer-s-1.jpg\",\"contentUrl\":\"https:\/\/www.truzzer.com\/wp-content\/uploads\/2026\/02\/tripadvisor-review-door-hanger-for-hotels-truzzer-s-1.jpg\",\"width\":1200,\"height\":1200},{\"@type\":\"BreadcrumbList\",\"@id\":\"https:\/\/www.truzzer.com\/fr\/produit\/review-us-on-tripadvisor-hotel-door-hanger-with-tripadvisor-review-qr-code\/#breadcrumb\",\"itemListElement\":[{\"@type\":\"ListItem\",\"position\":1,\"name\":\"Home\",\"item\":\"https:\/\/www.truzzer.com\/fr\/\"},{\"@type\":\"ListItem\",\"position\":2,\"name\":\"Boutique\",\"item\":\"https:\/\/www.truzzer.com\/fr\/boutique\/\"},{\"@type\":\"ListItem\",\"position\":3,\"name\":\"\u00c9valuez-nous sur l&#8217;accroche-porte d&#8217;h\u00f4tel TripAdvisor avec le code TripAdvisor d&#8217;avis QR\"}]},{\"@type\":\"WebSite\",\"@id\":\"https:\/\/www.truzzer.com\/fr\/#website\",\"url\":\"https:\/\/www.truzzer.com\/fr\/\",\"name\":\"truzzer\",\"description\":\"Experts for customer trust\",\"publisher\":{\"@id\":\"https:\/\/www.truzzer.com\/fr\/#organization\"},\"potentialAction\":[{\"@type\":\"SearchAction\",\"target\":{\"@type\":\"EntryPoint\",\"urlTemplate\":\"https:\/\/www.truzzer.com\/fr\/?s={search_term_string}\"},\"query-input\":{\"@type\":\"PropertyValueSpecification\",\"valueRequired\":true,\"valueName\":\"search_term_string\"}}],\"inLanguage\":\"fr-FR\"},{\"@type\":\"Organization\",\"@id\":\"https:\/\/www.truzzer.com\/fr\/#organization\",\"name\":\"truzzer\",\"url\":\"https:\/\/www.truzzer.com\/fr\/\",\"logo\":{\"@type\":\"ImageObject\",\"inLanguage\":\"fr-FR\",\"@id\":\"https:\/\/www.truzzer.com\/fr\/#\/schema\/logo\/image\/\",\"url\":\"https:\/\/truzzer.com\/wp-content\/uploads\/2026\/01\/truzzer-logo-black-1.svg\",\"contentUrl\":\"https:\/\/truzzer.com\/wp-content\/uploads\/2026\/01\/truzzer-logo-black-1.svg\",\"width\":938,\"height\":199,\"caption\":\"truzzer\"},\"image\":{\"@id\":\"https:\/\/www.truzzer.com\/fr\/#\/schema\/logo\/image\/\"}}]}<\/script>\n<!-- \/ Yoast SEO plugin. -->","yoast_head_json":{"title":"Review us on TripAdvisor hotel door hanger with... | truzzer","description":"Plus d'avis TripAdvisor avec Review us on TripAdvisor hotel door hanger with TripAdvisor review QR code de truzzer. Installation facile. Commandez !","robots":{"index":"index","follow":"follow","max-snippet":"max-snippet:-1","max-image-preview":"max-image-preview:large","max-video-preview":"max-video-preview:-1"},"canonical":"https:\/\/www.truzzer.com\/fr\/produit\/review-us-on-tripadvisor-hotel-door-hanger-with-tripadvisor-review-qr-code\/","og_locale":"fr_FR","og_type":"article","og_title":"Review us on TripAdvisor hotel door hanger with... | truzzer","og_description":"Plus d'avis TripAdvisor avec Review us on TripAdvisor hotel door hanger with TripAdvisor review QR code de truzzer. Installation facile. Commandez !","og_url":"https:\/\/www.truzzer.com\/fr\/produit\/review-us-on-tripadvisor-hotel-door-hanger-with-tripadvisor-review-qr-code\/","og_site_name":"truzzer","article_modified_time":"2026-02-13T08:01:26+00:00","og_image":[{"width":1200,"height":1200,"url":"https:\/\/www.truzzer.com\/wp-content\/uploads\/2026\/02\/tripadvisor-review-door-hanger-for-hotels-truzzer-s-1.jpg","type":"image\/jpeg"}],"twitter_card":"summary_large_image","twitter_misc":{"Dur\u00e9e de lecture estim\u00e9e":"1 minute"},"schema":{"@context":"https:\/\/schema.org","@graph":[{"@type":"WebPage","@id":"https:\/\/www.truzzer.com\/fr\/produit\/review-us-on-tripadvisor-hotel-door-hanger-with-tripadvisor-review-qr-code\/","url":"https:\/\/www.truzzer.com\/fr\/produit\/review-us-on-tripadvisor-hotel-door-hanger-with-tripadvisor-review-qr-code\/","name":"Review us on TripAdvisor hotel door hanger with... | truzzer","isPartOf":{"@id":"https:\/\/www.truzzer.com\/fr\/#website"},"primaryImageOfPage":{"@id":"https:\/\/www.truzzer.com\/fr\/produit\/review-us-on-tripadvisor-hotel-door-hanger-with-tripadvisor-review-qr-code\/#primaryimage"},"image":{"@id":"https:\/\/www.truzzer.com\/fr\/produit\/review-us-on-tripadvisor-hotel-door-hanger-with-tripadvisor-review-qr-code\/#primaryimage"},"thumbnailUrl":"https:\/\/www.truzzer.com\/wp-content\/uploads\/2026\/02\/tripadvisor-review-door-hanger-for-hotels-truzzer-s-1.jpg","datePublished":"2026-02-01T20:00:29+00:00","dateModified":"2026-02-13T08:01:26+00:00","description":"Plus d'avis TripAdvisor avec Review us on TripAdvisor hotel door hanger with TripAdvisor review QR code de truzzer. Installation facile. Commandez !","breadcrumb":{"@id":"https:\/\/www.truzzer.com\/fr\/produit\/review-us-on-tripadvisor-hotel-door-hanger-with-tripadvisor-review-qr-code\/#breadcrumb"},"inLanguage":"fr-FR","potentialAction":[{"@type":"ReadAction","target":["https:\/\/www.truzzer.com\/fr\/produit\/review-us-on-tripadvisor-hotel-door-hanger-with-tripadvisor-review-qr-code\/"]}]},{"@type":"ImageObject","inLanguage":"fr-FR","@id":"https:\/\/www.truzzer.com\/fr\/produit\/review-us-on-tripadvisor-hotel-door-hanger-with-tripadvisor-review-qr-code\/#primaryimage","url":"https:\/\/www.truzzer.com\/wp-content\/uploads\/2026\/02\/tripadvisor-review-door-hanger-for-hotels-truzzer-s-1.jpg","contentUrl":"https:\/\/www.truzzer.com\/wp-content\/uploads\/2026\/02\/tripadvisor-review-door-hanger-for-hotels-truzzer-s-1.jpg","width":1200,"height":1200},{"@type":"BreadcrumbList","@id":"https:\/\/www.truzzer.com\/fr\/produit\/review-us-on-tripadvisor-hotel-door-hanger-with-tripadvisor-review-qr-code\/#breadcrumb","itemListElement":[{"@type":"ListItem","position":1,"name":"Home","item":"https:\/\/www.truzzer.com\/fr\/"},{"@type":"ListItem","position":2,"name":"Boutique","item":"https:\/\/www.truzzer.com\/fr\/boutique\/"},{"@type":"ListItem","position":3,"name":"\u00c9valuez-nous sur l&#8217;accroche-porte d&#8217;h\u00f4tel TripAdvisor avec le code TripAdvisor d&#8217;avis QR"}]},{"@type":"WebSite","@id":"https:\/\/www.truzzer.com\/fr\/#website","url":"https:\/\/www.truzzer.com\/fr\/","name":"truzzer","description":"Experts for customer trust","publisher":{"@id":"https:\/\/www.truzzer.com\/fr\/#organization"},"potentialAction":[{"@type":"SearchAction","target":{"@type":"EntryPoint","urlTemplate":"https:\/\/www.truzzer.com\/fr\/?s={search_term_string}"},"query-input":{"@type":"PropertyValueSpecification","valueRequired":true,"valueName":"search_term_string"}}],"inLanguage":"fr-FR"},{"@type":"Organization","@id":"https:\/\/www.truzzer.com\/fr\/#organization","name":"truzzer","url":"https:\/\/www.truzzer.com\/fr\/","logo":{"@type":"ImageObject","inLanguage":"fr-FR","@id":"https:\/\/www.truzzer.com\/fr\/#\/schema\/logo\/image\/","url":"https:\/\/truzzer.com\/wp-content\/uploads\/2026\/01\/truzzer-logo-black-1.svg","contentUrl":"https:\/\/truzzer.com\/wp-content\/uploads\/2026\/01\/truzzer-logo-black-1.svg","width":938,"height":199,"caption":"truzzer"},"image":{"@id":"https:\/\/www.truzzer.com\/fr\/#\/schema\/logo\/image\/"}}]}},"tiered_pricing_type":"fixed","tiered_pricing_fixed_rules":[],"tiered_pricing_product_settings":{"layout":"default","base_unit_name":{"singular":null,"plural":null},"default_variation":null},"tiered_pricing_minimum_quantity":null,"tiered_pricing_roles_data":[],"tiered_pricing_percentage_rules":[],"tiered_pricing_maximum_quantity":null,"tiered_pricing_quantity_step":null,"_links":{"self":[{"href":"https:\/\/www.truzzer.com\/fr\/wp-json\/wp\/v2\/product\/96963","targetHints":{"allow":["GET"]}}],"collection":[{"href":"https:\/\/www.truzzer.com\/fr\/wp-json\/wp\/v2\/product"}],"about":[{"href":"https:\/\/www.truzzer.com\/fr\/wp-json\/wp\/v2\/types\/product"}],"replies":[{"embeddable":true,"href":"https:\/\/www.truzzer.com\/fr\/wp-json\/wp\/v2\/comments?post=96963"}],"wp:featuredmedia":[{"embeddable":true,"href":"https:\/\/www.truzzer.com\/fr\/wp-json\/wp\/v2\/media\/96967"}],"wp:attachment":[{"href":"https:\/\/www.truzzer.com\/fr\/wp-json\/wp\/v2\/media?parent=96963"}],"wp:term":[{"taxonomy":"product_brand","embeddable":true,"href":"https:\/\/www.truzzer.com\/fr\/wp-json\/wp\/v2\/product_brand?post=96963"},{"taxonomy":"product_cat","embeddable":true,"href":"https:\/\/www.truzzer.com\/fr\/wp-json\/wp\/v2\/product_cat?post=96963"},{"taxonomy":"product_tag","embeddable":true,"href":"https:\/\/www.truzzer.com\/fr\/wp-json\/wp\/v2\/product_tag?post=96963"}],"curies":[{"name":"wp","href":"https:\/\/api.w.org\/{rel}","templated":true}]}}