{"id":96969,"date":"2026-02-01T20:00:21","date_gmt":"2026-02-01T20:00:21","guid":{"rendered":"https:\/\/beta.truzzer.com\/product\/follow-us-on-tiktok-nfc-business-card-tap\/"},"modified":"2026-02-13T08:02:40","modified_gmt":"2026-02-13T08:02:40","slug":"follow-us-on-tiktok-nfc-business-card-tap","status":"publish","type":"product","link":"https:\/\/www.truzzer.com\/fr\/produit\/follow-us-on-tiktok-nfc-business-card-tap\/","title":{"rendered":"Suivez-nous sur TikTok NFC Carte de visite \u00ab\u00a0Tap\u00a0\u00bb"},"content":{"rendered":"<p>Les r\u00e9seaux sociaux sont devenus une partie importante de notre vie quotidienne. TikTok est l&rsquo;une des plateformes les plus utilis\u00e9es, avec plus d&rsquo;un milliard d&rsquo;utilisateurs actifs dans le monde. Avoir une pr\u00e9sence sur TikTok est essentiel pour que les entreprises puissent gagner en port\u00e9e et en visibilit\u00e9. Une fa\u00e7on d&rsquo;y parvenir consiste \u00e0 utiliser les cartes Suivez-nous sur TikTok NFC recommand\u00e9es.<\/p>\n<p>Ces cartes NFC sont un moyen efficace d&rsquo;inciter vos clients \u00e0 suivre votre compte TikTok. Les cartes peuvent \u00eatre facilement plac\u00e9es sur des tables ou des comptoirs pour que les clients puissent les voir. Si un client poss\u00e8de un smartphone compatible NFC, il peut simplement tenir le t\u00e9l\u00e9phone pr\u00e8s de la carte et il sera directement redirig\u00e9 vers votre profil TikTok sans avoir \u00e0 le rechercher manuellement. Il s&rsquo;agit d&rsquo;un moyen simple et pratique pour les clients de vous suivre sur TikTok.<\/p>\n<p>Mais que se passe-t-il si le client ne poss\u00e8de pas de smartphone compatible NFC\u00a0? Aucun probl\u00e8me. Chaque carte contient \u00e9galement un code QR que le client peut simplement scanner avec son smartphone pour \u00eatre redirig\u00e9 vers votre profil TikTok. Il s&rsquo;agit d&rsquo;une excellente option pour les clients qui ne disposent pas d&rsquo;un smartphone compatible NFC ou qui ne souhaitent pas utiliser la fonctionnalit\u00e9 NFC.<\/p>\n<p>En utilisant les cartes Suivez-nous sur TikTok NFC recommand\u00e9es, les entreprises peuvent rapidement et facilement gagner plus d&rsquo;abonn\u00e9s sur TikTok. Ces cartes offrent un moyen pratique et efficace de renforcer votre pr\u00e9sence sur les r\u00e9seaux sociaux et d&rsquo;augmenter votre port\u00e9e. De plus, ils sont faciles \u00e0 mettre en \u0153uvre et ne n\u00e9cessitent aucune connaissance technique particuli\u00e8re.<\/p>\n<p>Dans l&rsquo;ensemble, l&rsquo;utilisation des cartes Suivez-nous sur TikTok NFC recommand\u00e9es est un excellent moyen pour les entreprises de renforcer leur pr\u00e9sence sur les r\u00e9seaux sociaux et d&rsquo;obtenir plus d&rsquo;abonn\u00e9s sur TikTok. L&rsquo;int\u00e9gration de la technologie NFC dans votre strat\u00e9gie marketing peut aider votre entreprise \u00e0 se d\u00e9marquer de la concurrence et \u00e0 attirer plus de clients.<\/p>\n<p>&nbsp;<\/p>\n","protected":false},"excerpt":{"rendered":"<h2>Gagnez des abonn\u00e9s TikTok avec les cartes NFC\u00a0!<\/h2>\n<p><strong>Convertir des clients en abonn\u00e9s TikTok n&rsquo;a jamais \u00e9t\u00e9 aussi simple\u00a0!<\/strong><br \/>\nAvec les cartes sans contact TikTok NFC, vous pouvez facilement gagner de nouveaux abonn\u00e9s TikTok directement sur place.<br \/>\nAvec leur design sympa, les Cartes TikTok NFC suscitent l&rsquo;int\u00e9r\u00eat des clients et le call-to-action encourage vos clients \u00e0 vous suivre sur TikTok.<\/p>\n<p>Tout ce que vos clients ont \u00e0 faire est de tenir leur smartphone pr\u00e8s de la carte et une fen\u00eatre contextuelle s&rsquo;ouvrira sur leur t\u00e9l\u00e9phone, qui m\u00e8nera directement \u00e0 votre profil TikTok\u00a0!<\/p>\n<p>Si le smartphone du client ne dispose pas de fonction NFC, il existe un code QR alternatif sur l&rsquo;exposant, qui peut \u00eatre scann\u00e9 directement avec l&rsquo;appareil photo du smartphone <strong>&#8211; dans les deux cas, aucune application distincte n&rsquo;est n\u00e9cessaire\u00a0!<\/strong><\/p>\n<h3><strong>Voici comment les cartes NFC vous aident \u00e0 gagner plus de followers<br \/>\n<\/strong><\/h3>\n<p>&nbsp;<\/p>\n<ul>\n<li>Pas de questions d\u00e9licates etamp; Demande. Le <strong>Call-To-Action<\/strong> encourage vos clients \u00e0 vous suivre<\/li>\n<li>N&rsquo;oubliez pas, car les clients seront inform\u00e9s de votre profil TikTok<\/li>\n<li>Aucune recherche et aucune difficult\u00e9\u00a0: <strong>Le lien NFC et le code TikTok QR m\u00e8nent directement \u00e0 votre profil<\/strong>(nous le cr\u00e9ons pour vous)<strong><br \/>\n<\/strong><\/li>\n<li><strong>Accessible<\/strong>\u00a0: les cartes NFC rendent votre profil TikTok tangible.<\/li>\n<li>Aucune application suppl\u00e9mentaire requise.<\/li>\n<li>Attire l&rsquo;attention\u00a0: design moderne<\/li>\n<\/ul>\n<p><strong>Nous cr\u00e9erons et lierons pour vous le lien NFC et le code QR \u00e0 votre profil TikTok\u00a0!<\/strong><strong><br \/>\n<\/strong><\/p>\n","protected":false},"featured_media":96973,"comment_status":"open","ping_status":"closed","template":"","meta":{"_acf_changed":false,"_yoast_wpseo_focuskw":"TikTok QR Code Carte NFC","_yoast_wpseo_title":"Follow Us On TikTOk NFC Business Card \u00ab\u00a0Tap\u00a0\u00bb | truzzer","_yoast_wpseo_metadesc":"Augmentez votre port\u00e9e TikTok avec Follow Us On TikTOk NFC Business Card \u00ab\u00a0Tap\u00a0\u00bb de truzzer. Installation facile, pr\u00eat \u00e0 l'emploi. Commandez !"},"product_brand":[1683],"product_cat":[1132,1359,620,559,558],"product_tag":[],"class_list":{"0":"post-96969","1":"product","2":"type-product","3":"status-publish","4":"has-post-thumbnail","6":"product_brand-tiktok","7":"product_cat-abonnes-tiktok-cartes-de-visite","8":"product_cat-abonnes-tiktok-cartes-de-visite-avec-nfc","9":"product_cat-abonnes-tiktok-produits","10":"product_cat-nfc-cartes-de-visite","11":"product_cat-nfc-produits","12":"pa_industry-bureau-consultation","13":"pa_industry-onroerend-goed","14":"pa_industry-services-locaux","15":"pa_material-plastic","16":"pa_orientation-portrett","17":"pa_placement-balie-reception","18":"pa_placement-brochure","19":"pa_placement-portemonnee-personlijk","20":"pa_product-type-visites-touristiques","21":"pa_shape-rechthoek","22":"pa_technology-nfc","23":"pa_technology-qr-nfc","25":"first","26":"instock","27":"taxable","28":"shipping-taxable","29":"purchasable","30":"product-type-simple"},"acf":[],"yoast_head":"<!-- This site is optimized with the Yoast SEO plugin v27.0 - https:\/\/yoast.com\/product\/yoast-seo-wordpress\/ -->\n<title>Follow Us On TikTOk NFC Business Card \u00ab\u00a0Tap\u00a0\u00bb | truzzer<\/title>\n<meta name=\"description\" content=\"Augmentez votre port\u00e9e TikTok avec Follow Us On TikTOk NFC Business Card \u00ab\u00a0Tap\u00a0\u00bb de truzzer. Installation facile, pr\u00eat \u00e0 l&#039;emploi. Commandez !\" \/>\n<meta name=\"robots\" content=\"index, follow, max-snippet:-1, max-image-preview:large, max-video-preview:-1\" \/>\n<link rel=\"canonical\" href=\"https:\/\/www.truzzer.com\/fr\/produit\/follow-us-on-tiktok-nfc-business-card-tap\/\" \/>\n<meta property=\"og:locale\" content=\"fr_FR\" \/>\n<meta property=\"og:type\" content=\"article\" \/>\n<meta property=\"og:title\" content=\"Follow Us On TikTOk NFC Business Card \u00ab\u00a0Tap\u00a0\u00bb | truzzer\" \/>\n<meta property=\"og:description\" content=\"Augmentez votre port\u00e9e TikTok avec Follow Us On TikTOk NFC Business Card \u00ab\u00a0Tap\u00a0\u00bb de truzzer. Installation facile, pr\u00eat \u00e0 l&#039;emploi. Commandez !\" \/>\n<meta property=\"og:url\" content=\"https:\/\/www.truzzer.com\/fr\/produit\/follow-us-on-tiktok-nfc-business-card-tap\/\" \/>\n<meta property=\"og:site_name\" content=\"truzzer\" \/>\n<meta property=\"article:modified_time\" content=\"2026-02-13T08:02:40+00:00\" \/>\n<meta property=\"og:image\" content=\"https:\/\/www.truzzer.com\/wp-content\/uploads\/2026\/02\/tiktok-nfc-follower-card-truzzer-1.jpg\" \/>\n\t<meta property=\"og:image:width\" content=\"1200\" \/>\n\t<meta property=\"og:image:height\" content=\"1200\" \/>\n\t<meta property=\"og:image:type\" content=\"image\/jpeg\" \/>\n<meta name=\"twitter:card\" content=\"summary_large_image\" \/>\n<meta name=\"twitter:label1\" content=\"Dur\u00e9e de lecture estim\u00e9e\" \/>\n\t<meta name=\"twitter:data1\" content=\"2 minutes\" \/>\n<script type=\"application\/ld+json\" class=\"yoast-schema-graph\">{\"@context\":\"https:\/\/schema.org\",\"@graph\":[{\"@type\":\"WebPage\",\"@id\":\"https:\/\/www.truzzer.com\/fr\/produit\/follow-us-on-tiktok-nfc-business-card-tap\/\",\"url\":\"https:\/\/www.truzzer.com\/fr\/produit\/follow-us-on-tiktok-nfc-business-card-tap\/\",\"name\":\"Follow Us On TikTOk NFC Business Card \u00ab\u00a0Tap\u00a0\u00bb | truzzer\",\"isPartOf\":{\"@id\":\"https:\/\/www.truzzer.com\/fr\/#website\"},\"primaryImageOfPage\":{\"@id\":\"https:\/\/www.truzzer.com\/fr\/produit\/follow-us-on-tiktok-nfc-business-card-tap\/#primaryimage\"},\"image\":{\"@id\":\"https:\/\/www.truzzer.com\/fr\/produit\/follow-us-on-tiktok-nfc-business-card-tap\/#primaryimage\"},\"thumbnailUrl\":\"https:\/\/www.truzzer.com\/wp-content\/uploads\/2026\/02\/tiktok-nfc-follower-card-truzzer-1.jpg\",\"datePublished\":\"2026-02-01T20:00:21+00:00\",\"dateModified\":\"2026-02-13T08:02:40+00:00\",\"description\":\"Augmentez votre port\u00e9e TikTok avec Follow Us On TikTOk NFC Business Card \u00ab\u00a0Tap\u00a0\u00bb de truzzer. Installation facile, pr\u00eat \u00e0 l'emploi. Commandez !\",\"breadcrumb\":{\"@id\":\"https:\/\/www.truzzer.com\/fr\/produit\/follow-us-on-tiktok-nfc-business-card-tap\/#breadcrumb\"},\"inLanguage\":\"fr-FR\",\"potentialAction\":[{\"@type\":\"ReadAction\",\"target\":[\"https:\/\/www.truzzer.com\/fr\/produit\/follow-us-on-tiktok-nfc-business-card-tap\/\"]}]},{\"@type\":\"ImageObject\",\"inLanguage\":\"fr-FR\",\"@id\":\"https:\/\/www.truzzer.com\/fr\/produit\/follow-us-on-tiktok-nfc-business-card-tap\/#primaryimage\",\"url\":\"https:\/\/www.truzzer.com\/wp-content\/uploads\/2026\/02\/tiktok-nfc-follower-card-truzzer-1.jpg\",\"contentUrl\":\"https:\/\/www.truzzer.com\/wp-content\/uploads\/2026\/02\/tiktok-nfc-follower-card-truzzer-1.jpg\",\"width\":1200,\"height\":1200},{\"@type\":\"BreadcrumbList\",\"@id\":\"https:\/\/www.truzzer.com\/fr\/produit\/follow-us-on-tiktok-nfc-business-card-tap\/#breadcrumb\",\"itemListElement\":[{\"@type\":\"ListItem\",\"position\":1,\"name\":\"Home\",\"item\":\"https:\/\/www.truzzer.com\/fr\/\"},{\"@type\":\"ListItem\",\"position\":2,\"name\":\"Boutique\",\"item\":\"https:\/\/www.truzzer.com\/fr\/boutique\/\"},{\"@type\":\"ListItem\",\"position\":3,\"name\":\"Suivez-nous sur TikTok NFC Carte de visite \u00ab\u00a0Tap\u00a0\u00bb\"}]},{\"@type\":\"WebSite\",\"@id\":\"https:\/\/www.truzzer.com\/fr\/#website\",\"url\":\"https:\/\/www.truzzer.com\/fr\/\",\"name\":\"truzzer\",\"description\":\"Experts for customer trust\",\"publisher\":{\"@id\":\"https:\/\/www.truzzer.com\/fr\/#organization\"},\"potentialAction\":[{\"@type\":\"SearchAction\",\"target\":{\"@type\":\"EntryPoint\",\"urlTemplate\":\"https:\/\/www.truzzer.com\/fr\/?s={search_term_string}\"},\"query-input\":{\"@type\":\"PropertyValueSpecification\",\"valueRequired\":true,\"valueName\":\"search_term_string\"}}],\"inLanguage\":\"fr-FR\"},{\"@type\":\"Organization\",\"@id\":\"https:\/\/www.truzzer.com\/fr\/#organization\",\"name\":\"truzzer\",\"url\":\"https:\/\/www.truzzer.com\/fr\/\",\"logo\":{\"@type\":\"ImageObject\",\"inLanguage\":\"fr-FR\",\"@id\":\"https:\/\/www.truzzer.com\/fr\/#\/schema\/logo\/image\/\",\"url\":\"https:\/\/truzzer.com\/wp-content\/uploads\/2026\/01\/truzzer-logo-black-1.svg\",\"contentUrl\":\"https:\/\/truzzer.com\/wp-content\/uploads\/2026\/01\/truzzer-logo-black-1.svg\",\"width\":938,\"height\":199,\"caption\":\"truzzer\"},\"image\":{\"@id\":\"https:\/\/www.truzzer.com\/fr\/#\/schema\/logo\/image\/\"}}]}<\/script>\n<!-- \/ Yoast SEO plugin. -->","yoast_head_json":{"title":"Follow Us On TikTOk NFC Business Card \u00ab\u00a0Tap\u00a0\u00bb | truzzer","description":"Augmentez votre port\u00e9e TikTok avec Follow Us On TikTOk NFC Business Card \u00ab\u00a0Tap\u00a0\u00bb de truzzer. Installation facile, pr\u00eat \u00e0 l'emploi. Commandez !","robots":{"index":"index","follow":"follow","max-snippet":"max-snippet:-1","max-image-preview":"max-image-preview:large","max-video-preview":"max-video-preview:-1"},"canonical":"https:\/\/www.truzzer.com\/fr\/produit\/follow-us-on-tiktok-nfc-business-card-tap\/","og_locale":"fr_FR","og_type":"article","og_title":"Follow Us On TikTOk NFC Business Card \u00ab\u00a0Tap\u00a0\u00bb | truzzer","og_description":"Augmentez votre port\u00e9e TikTok avec Follow Us On TikTOk NFC Business Card \u00ab\u00a0Tap\u00a0\u00bb de truzzer. Installation facile, pr\u00eat \u00e0 l'emploi. Commandez !","og_url":"https:\/\/www.truzzer.com\/fr\/produit\/follow-us-on-tiktok-nfc-business-card-tap\/","og_site_name":"truzzer","article_modified_time":"2026-02-13T08:02:40+00:00","og_image":[{"width":1200,"height":1200,"url":"https:\/\/www.truzzer.com\/wp-content\/uploads\/2026\/02\/tiktok-nfc-follower-card-truzzer-1.jpg","type":"image\/jpeg"}],"twitter_card":"summary_large_image","twitter_misc":{"Dur\u00e9e de lecture estim\u00e9e":"2 minutes"},"schema":{"@context":"https:\/\/schema.org","@graph":[{"@type":"WebPage","@id":"https:\/\/www.truzzer.com\/fr\/produit\/follow-us-on-tiktok-nfc-business-card-tap\/","url":"https:\/\/www.truzzer.com\/fr\/produit\/follow-us-on-tiktok-nfc-business-card-tap\/","name":"Follow Us On TikTOk NFC Business Card \u00ab\u00a0Tap\u00a0\u00bb | truzzer","isPartOf":{"@id":"https:\/\/www.truzzer.com\/fr\/#website"},"primaryImageOfPage":{"@id":"https:\/\/www.truzzer.com\/fr\/produit\/follow-us-on-tiktok-nfc-business-card-tap\/#primaryimage"},"image":{"@id":"https:\/\/www.truzzer.com\/fr\/produit\/follow-us-on-tiktok-nfc-business-card-tap\/#primaryimage"},"thumbnailUrl":"https:\/\/www.truzzer.com\/wp-content\/uploads\/2026\/02\/tiktok-nfc-follower-card-truzzer-1.jpg","datePublished":"2026-02-01T20:00:21+00:00","dateModified":"2026-02-13T08:02:40+00:00","description":"Augmentez votre port\u00e9e TikTok avec Follow Us On TikTOk NFC Business Card \u00ab\u00a0Tap\u00a0\u00bb de truzzer. Installation facile, pr\u00eat \u00e0 l'emploi. Commandez !","breadcrumb":{"@id":"https:\/\/www.truzzer.com\/fr\/produit\/follow-us-on-tiktok-nfc-business-card-tap\/#breadcrumb"},"inLanguage":"fr-FR","potentialAction":[{"@type":"ReadAction","target":["https:\/\/www.truzzer.com\/fr\/produit\/follow-us-on-tiktok-nfc-business-card-tap\/"]}]},{"@type":"ImageObject","inLanguage":"fr-FR","@id":"https:\/\/www.truzzer.com\/fr\/produit\/follow-us-on-tiktok-nfc-business-card-tap\/#primaryimage","url":"https:\/\/www.truzzer.com\/wp-content\/uploads\/2026\/02\/tiktok-nfc-follower-card-truzzer-1.jpg","contentUrl":"https:\/\/www.truzzer.com\/wp-content\/uploads\/2026\/02\/tiktok-nfc-follower-card-truzzer-1.jpg","width":1200,"height":1200},{"@type":"BreadcrumbList","@id":"https:\/\/www.truzzer.com\/fr\/produit\/follow-us-on-tiktok-nfc-business-card-tap\/#breadcrumb","itemListElement":[{"@type":"ListItem","position":1,"name":"Home","item":"https:\/\/www.truzzer.com\/fr\/"},{"@type":"ListItem","position":2,"name":"Boutique","item":"https:\/\/www.truzzer.com\/fr\/boutique\/"},{"@type":"ListItem","position":3,"name":"Suivez-nous sur TikTok NFC Carte de visite \u00ab\u00a0Tap\u00a0\u00bb"}]},{"@type":"WebSite","@id":"https:\/\/www.truzzer.com\/fr\/#website","url":"https:\/\/www.truzzer.com\/fr\/","name":"truzzer","description":"Experts for customer trust","publisher":{"@id":"https:\/\/www.truzzer.com\/fr\/#organization"},"potentialAction":[{"@type":"SearchAction","target":{"@type":"EntryPoint","urlTemplate":"https:\/\/www.truzzer.com\/fr\/?s={search_term_string}"},"query-input":{"@type":"PropertyValueSpecification","valueRequired":true,"valueName":"search_term_string"}}],"inLanguage":"fr-FR"},{"@type":"Organization","@id":"https:\/\/www.truzzer.com\/fr\/#organization","name":"truzzer","url":"https:\/\/www.truzzer.com\/fr\/","logo":{"@type":"ImageObject","inLanguage":"fr-FR","@id":"https:\/\/www.truzzer.com\/fr\/#\/schema\/logo\/image\/","url":"https:\/\/truzzer.com\/wp-content\/uploads\/2026\/01\/truzzer-logo-black-1.svg","contentUrl":"https:\/\/truzzer.com\/wp-content\/uploads\/2026\/01\/truzzer-logo-black-1.svg","width":938,"height":199,"caption":"truzzer"},"image":{"@id":"https:\/\/www.truzzer.com\/fr\/#\/schema\/logo\/image\/"}}]}},"tiered_pricing_type":"fixed","tiered_pricing_fixed_rules":[],"tiered_pricing_product_settings":{"layout":"default","base_unit_name":{"singular":null,"plural":null},"default_variation":null},"tiered_pricing_minimum_quantity":null,"tiered_pricing_roles_data":[],"tiered_pricing_percentage_rules":[],"tiered_pricing_maximum_quantity":null,"tiered_pricing_quantity_step":null,"_links":{"self":[{"href":"https:\/\/www.truzzer.com\/fr\/wp-json\/wp\/v2\/product\/96969","targetHints":{"allow":["GET"]}}],"collection":[{"href":"https:\/\/www.truzzer.com\/fr\/wp-json\/wp\/v2\/product"}],"about":[{"href":"https:\/\/www.truzzer.com\/fr\/wp-json\/wp\/v2\/types\/product"}],"replies":[{"embeddable":true,"href":"https:\/\/www.truzzer.com\/fr\/wp-json\/wp\/v2\/comments?post=96969"}],"wp:featuredmedia":[{"embeddable":true,"href":"https:\/\/www.truzzer.com\/fr\/wp-json\/wp\/v2\/media\/96973"}],"wp:attachment":[{"href":"https:\/\/www.truzzer.com\/fr\/wp-json\/wp\/v2\/media?parent=96969"}],"wp:term":[{"taxonomy":"product_brand","embeddable":true,"href":"https:\/\/www.truzzer.com\/fr\/wp-json\/wp\/v2\/product_brand?post=96969"},{"taxonomy":"product_cat","embeddable":true,"href":"https:\/\/www.truzzer.com\/fr\/wp-json\/wp\/v2\/product_cat?post=96969"},{"taxonomy":"product_tag","embeddable":true,"href":"https:\/\/www.truzzer.com\/fr\/wp-json\/wp\/v2\/product_tag?post=96969"}],"curies":[{"name":"wp","href":"https:\/\/api.w.org\/{rel}","templated":true}]}}