{"id":96989,"date":"2026-02-01T19:59:46","date_gmt":"2026-02-01T19:59:46","guid":{"rendered":"https:\/\/beta.truzzer.com\/product\/google-review-business-card-icon-refresh-with-google-review-qr-with-google-review-qr-code\/"},"modified":"2026-02-13T08:06:19","modified_gmt":"2026-02-13T08:06:19","slug":"google-review-business-card-icon-refresh-with-google-review-qr-with-google-review-qr-code","status":"publish","type":"product","link":"https:\/\/www.truzzer.com\/fr\/produit\/google-review-business-card-icon-refresh-with-google-review-qr-with-google-review-qr-code\/","title":{"rendered":"Google Review Ic\u00f4ne de carte de visite \u00ab\u00a0Actualiser\u00a0\u00bb avec Google Review QR avec Google Review Code QR"},"content":{"rendered":"<h2>Obtenez simplement plus d&rsquo;avis Google de la part des clients<\/h2>\n<p>Avec les cartes de visite truzzer Google avec avis Google QR-Code, vous pouvez obtenir plus rapidement des avis positifs de vos clients satisfaits et am\u00e9liorer votre r\u00e9putation.<br \/>\nDe plus, vous augmentez le lien avec votre entreprise et votre classement SEO gr\u00e2ce aux notes positives.<\/p>\n<p>Au format carte de visite pratique, vous avez toujours la possibilit\u00e9 d&rsquo;obtenir davantage d&rsquo;avis Google \u00e0 port\u00e9e de main et de rendre l&rsquo;avis en ligne via Google accessible \u00e0 vos clients \u00e0 tout moment.<br \/>\nOffrez \u00e0 vos clients les cartes de visite truzzer Google, mettez-les dans le panier, envoyez-les avec vos produits ou posez-les sur les tables du restaurant. Termin\u00e9.<\/p>\n<p>Le code QR am\u00e8ne les clients directement \u00e0 votre avis Google SANS avoir \u00e0 vous rechercher au pr\u00e9alable sur Google. C&rsquo;est ainsi que vous \u00e9vitez les sauts dans le processus de r\u00e9vision Google.<\/p>\n<p>Vous pouvez facilement personnaliser les cartes de visite Google avec votre logo et les adapter \u00e0 votre entreprise.<br \/>\nLes produits Donnez-nous votre avis sur Google sont faciles \u00e0 utiliser, ce que nous aimerions vous montrer ci-dessous en utilisant l&rsquo;exemple des autocollants d&rsquo;avis.<\/p>\n<p>&nbsp;<\/p>\n<p>&nbsp;<\/p>\n<h3>\u00c9tape 1\u00a0: Le client scanne le code QR<\/h3>\n<p>Pour vous suivre, le client n&rsquo;a qu&rsquo;\u00e0 scanner le code QR. Tout ce que vous avez \u00e0 faire est de tenir l&rsquo;appareil photo du smartphone (aucune application de scanner suppl\u00e9mentaire n\u00e9cessaire) au-dessus du produit.<\/p>\n<p><img decoding=\"async\" src=\"https:\/\/www.truzzer.com\/wp-content\/uploads\/2026\/02\/how-to-use-the-product-truzzer-google.jpg.webp\" height=\"933\" width=\"1400\" class=\"alignnone wp-image-22402 size-full\" alt=\"Hand scanning a QR code for Google reviews on a smartphone.\"  > <\/p>\n<p>Une pop-up appara\u00eetra alors sur l&rsquo;\u00e9cran (iPhone) ou un code QR appara\u00eetra (smartphones Android \/ Google).<\/p>\n<h3>\u00c9tape 2\u00a0: Le client acc\u00e8de directement au formulaire d&rsquo;avis Google<\/h3>\n<p>Le formulaire d&rsquo;avis s&rsquo;ouvrira dans le navigateur du smartphone et le client pourra vous \u00e9valuer directement.<\/p>\n<p>Avis\u00a0:<br \/>\nVeuillez noter qu&rsquo;un profil Google My Business est requis pour recevoir des avis Google.<\/p>\n<p>&nbsp;<\/p>\n","protected":false},"excerpt":{"rendered":"<p><strong>Faites en sorte que vos clients puissent facilement vous \u00e9valuer sur Google\u00a0!<\/strong><\/p>\n<p>Avec les cartes de visite Google \u00ab\u00a0Ic\u00f4ne\u00a0\u00bb avec avis Google Code QR au design r\u00e9duit et attrayant, qui s&rsquo;adaptent \u00e0 n&rsquo;importe quelle entreprise, vous pouvez facilement gagner de nouveaux avis Google partout.<br \/>\nDans un format de carte de visite pratique, les cartes de visite \u00ab \u00c9valuez-nous sur Google \u00bb sont id\u00e9ales pour tous ceux qui voyagent beaucoup pour le travail \u2013 par ex. pour les artisans et les vendeurs.<\/p>\n<p><strong>Voici comment les cartes de visite d&rsquo;avis Google vous aident<\/strong><\/p>\n<p>Les cartes de visite \u00e9liminent les plus gros obstacles de vos clients dans l&rsquo;examen Google\u00a0:<\/p>\n<ul>\n<li>\u00a0Pas de questions d\u00e9sagr\u00e9ables etamp; demandes, remettez-le simplement. L&rsquo;appel \u00e0 l&rsquo;action le fait pour vous<\/li>\n<li>Les avis ne seront pas oubli\u00e9s, car les clients se verront rappeler l&rsquo;avis Google.<\/li>\n<li>Pas de recherche et pas de difficult\u00e9s\u00a0: le code QR m\u00e8ne directement \u00e0 votre formulaire d&rsquo;\u00e9valuation<\/li>\n<li>Tangible\u00a0: les cartes de visite rendent l&rsquo;avis Google tangible.<\/li>\n<li>Aucune application suppl\u00e9mentaire\u00a0: le code QR peut \u00eatre scann\u00e9 avec l&rsquo;appareil photo du smartphone<\/li>\n<\/ul>\n<p>Nous cr\u00e9erons et lierons pour vous le code QR pour une \u00e9valuation directe sur votre profil Google\u00a0! Nous prenons ces informations \u00e0 partir de l&rsquo;adresse de votre entreprise.<br \/>\nVous pouvez trouver plus d&rsquo;informations sur la fa\u00e7on dont les cartes vous aident ici\u00a0: <a href=\"#tab-description\">Comment \u00e7a marche<\/a><\/p>\n<p>Veuillez ajouter votre logo en utilisant la fonction de t\u00e9l\u00e9chargement et saisir vos coordonn\u00e9es, qui doivent appara\u00eetre sur la carte de visite.<\/p>\n<p>\u00a0<\/p>\n","protected":false},"featured_media":96991,"comment_status":"open","ping_status":"closed","template":"","meta":{"_acf_changed":false,"_yoast_wpseo_focuskw":"Avis Google Carte de visite","_yoast_wpseo_title":"Google Review Business Card Icon \u00ab\u00a0Refresh\u00a0\u00bb wi... | truzzer","_yoast_wpseo_metadesc":"Plus d'avis Google avec Google Review Business Card Icon \u00ab\u00a0Refresh\u00a0\u00bb with Google Review QR with Google Revi... de truzzer. Installation facile. Commandez !"},"product_brand":[1655],"product_cat":[810,596,597,479],"product_tag":[],"class_list":{"0":"post-96989","1":"product","2":"type-product","3":"status-publish","4":"has-post-thumbnail","6":"product_brand-google","7":"product_cat-avis-google-cartes-de-visite-avec-code-qr","8":"product_cat-code-qr-cartes-de-visite","9":"product_cat-code-qr-cartes-de-visite-avec-coordonnees","10":"product_cat-code-qr-produits","11":"pa_industry-bureau-consultation","12":"pa_industry-onroerend-goed","13":"pa_industry-services-locaux","14":"pa_material-carton","15":"pa_placement-balie-reception","16":"pa_placement-brochure","17":"pa_placement-portemonnee-personlijk","18":"pa_product-type-visites-touristiques","19":"pa_technology-code-qr","20":"pa_technology-qr-code","22":"first","23":"instock","24":"taxable","25":"shipping-taxable","26":"purchasable","27":"product-type-simple"},"acf":[],"yoast_head":"<!-- This site is optimized with the Yoast SEO plugin v27.0 - https:\/\/yoast.com\/product\/yoast-seo-wordpress\/ -->\n<title>Google Review Business Card Icon \u00ab\u00a0Refresh\u00a0\u00bb wi... | truzzer<\/title>\n<meta name=\"description\" content=\"Plus d&#039;avis Google avec Google Review Business Card Icon \u00ab\u00a0Refresh\u00a0\u00bb with Google Review QR with Google Revi... de truzzer. Installation facile. Commandez !\" \/>\n<meta name=\"robots\" content=\"index, follow, max-snippet:-1, max-image-preview:large, max-video-preview:-1\" \/>\n<link rel=\"canonical\" href=\"https:\/\/www.truzzer.com\/fr\/produit\/google-review-business-card-icon-refresh-with-google-review-qr-with-google-review-qr-code\/\" \/>\n<meta property=\"og:locale\" content=\"fr_FR\" \/>\n<meta property=\"og:type\" content=\"article\" \/>\n<meta property=\"og:title\" content=\"Google Review Business Card Icon \u00ab\u00a0Refresh\u00a0\u00bb wi... | truzzer\" \/>\n<meta property=\"og:description\" content=\"Plus d&#039;avis Google avec Google Review Business Card Icon \u00ab\u00a0Refresh\u00a0\u00bb with Google Review QR with Google Revi... de truzzer. Installation facile. Commandez !\" \/>\n<meta property=\"og:url\" content=\"https:\/\/www.truzzer.com\/fr\/produit\/google-review-business-card-icon-refresh-with-google-review-qr-with-google-review-qr-code\/\" \/>\n<meta property=\"og:site_name\" content=\"truzzer\" \/>\n<meta property=\"article:modified_time\" content=\"2026-02-13T08:06:19+00:00\" \/>\n<meta property=\"og:image\" content=\"https:\/\/www.truzzer.com\/wp-content\/uploads\/2026\/02\/Review-us-on-Google-Business-card-icon-refresh-fr.jpg-1-3.webp\" \/>\n\t<meta property=\"og:image:width\" content=\"1200\" \/>\n\t<meta property=\"og:image:height\" content=\"1200\" \/>\n\t<meta property=\"og:image:type\" content=\"image\/webp\" \/>\n<meta name=\"twitter:card\" content=\"summary_large_image\" \/>\n<meta name=\"twitter:label1\" content=\"Dur\u00e9e de lecture estim\u00e9e\" \/>\n\t<meta name=\"twitter:data1\" content=\"1 minute\" \/>\n<script type=\"application\/ld+json\" class=\"yoast-schema-graph\">{\"@context\":\"https:\/\/schema.org\",\"@graph\":[{\"@type\":\"WebPage\",\"@id\":\"https:\/\/www.truzzer.com\/fr\/produit\/google-review-business-card-icon-refresh-with-google-review-qr-with-google-review-qr-code\/\",\"url\":\"https:\/\/www.truzzer.com\/fr\/produit\/google-review-business-card-icon-refresh-with-google-review-qr-with-google-review-qr-code\/\",\"name\":\"Google Review Business Card Icon \u00ab\u00a0Refresh\u00a0\u00bb wi... | truzzer\",\"isPartOf\":{\"@id\":\"https:\/\/www.truzzer.com\/fr\/#website\"},\"primaryImageOfPage\":{\"@id\":\"https:\/\/www.truzzer.com\/fr\/produit\/google-review-business-card-icon-refresh-with-google-review-qr-with-google-review-qr-code\/#primaryimage\"},\"image\":{\"@id\":\"https:\/\/www.truzzer.com\/fr\/produit\/google-review-business-card-icon-refresh-with-google-review-qr-with-google-review-qr-code\/#primaryimage\"},\"thumbnailUrl\":\"https:\/\/www.truzzer.com\/wp-content\/uploads\/2026\/02\/Review-us-on-Google-Business-card-icon-refresh-fr.jpg-1-3.webp\",\"datePublished\":\"2026-02-01T19:59:46+00:00\",\"dateModified\":\"2026-02-13T08:06:19+00:00\",\"description\":\"Plus d'avis Google avec Google Review Business Card Icon \u00ab\u00a0Refresh\u00a0\u00bb with Google Review QR with Google Revi... de truzzer. Installation facile. Commandez !\",\"breadcrumb\":{\"@id\":\"https:\/\/www.truzzer.com\/fr\/produit\/google-review-business-card-icon-refresh-with-google-review-qr-with-google-review-qr-code\/#breadcrumb\"},\"inLanguage\":\"fr-FR\",\"potentialAction\":[{\"@type\":\"ReadAction\",\"target\":[\"https:\/\/www.truzzer.com\/fr\/produit\/google-review-business-card-icon-refresh-with-google-review-qr-with-google-review-qr-code\/\"]}]},{\"@type\":\"ImageObject\",\"inLanguage\":\"fr-FR\",\"@id\":\"https:\/\/www.truzzer.com\/fr\/produit\/google-review-business-card-icon-refresh-with-google-review-qr-with-google-review-qr-code\/#primaryimage\",\"url\":\"https:\/\/www.truzzer.com\/wp-content\/uploads\/2026\/02\/Review-us-on-Google-Business-card-icon-refresh-fr.jpg-1-3.webp\",\"contentUrl\":\"https:\/\/www.truzzer.com\/wp-content\/uploads\/2026\/02\/Review-us-on-Google-Business-card-icon-refresh-fr.jpg-1-3.webp\",\"width\":1200,\"height\":1200},{\"@type\":\"BreadcrumbList\",\"@id\":\"https:\/\/www.truzzer.com\/fr\/produit\/google-review-business-card-icon-refresh-with-google-review-qr-with-google-review-qr-code\/#breadcrumb\",\"itemListElement\":[{\"@type\":\"ListItem\",\"position\":1,\"name\":\"Home\",\"item\":\"https:\/\/www.truzzer.com\/fr\/\"},{\"@type\":\"ListItem\",\"position\":2,\"name\":\"Boutique\",\"item\":\"https:\/\/www.truzzer.com\/fr\/boutique\/\"},{\"@type\":\"ListItem\",\"position\":3,\"name\":\"Google Review Ic\u00f4ne de carte de visite \u00ab\u00a0Actualiser\u00a0\u00bb avec Google Review QR avec Google Review Code QR\"}]},{\"@type\":\"WebSite\",\"@id\":\"https:\/\/www.truzzer.com\/fr\/#website\",\"url\":\"https:\/\/www.truzzer.com\/fr\/\",\"name\":\"truzzer\",\"description\":\"Experts for customer trust\",\"publisher\":{\"@id\":\"https:\/\/www.truzzer.com\/fr\/#organization\"},\"potentialAction\":[{\"@type\":\"SearchAction\",\"target\":{\"@type\":\"EntryPoint\",\"urlTemplate\":\"https:\/\/www.truzzer.com\/fr\/?s={search_term_string}\"},\"query-input\":{\"@type\":\"PropertyValueSpecification\",\"valueRequired\":true,\"valueName\":\"search_term_string\"}}],\"inLanguage\":\"fr-FR\"},{\"@type\":\"Organization\",\"@id\":\"https:\/\/www.truzzer.com\/fr\/#organization\",\"name\":\"truzzer\",\"url\":\"https:\/\/www.truzzer.com\/fr\/\",\"logo\":{\"@type\":\"ImageObject\",\"inLanguage\":\"fr-FR\",\"@id\":\"https:\/\/www.truzzer.com\/fr\/#\/schema\/logo\/image\/\",\"url\":\"https:\/\/truzzer.com\/wp-content\/uploads\/2026\/01\/truzzer-logo-black-1.svg\",\"contentUrl\":\"https:\/\/truzzer.com\/wp-content\/uploads\/2026\/01\/truzzer-logo-black-1.svg\",\"width\":938,\"height\":199,\"caption\":\"truzzer\"},\"image\":{\"@id\":\"https:\/\/www.truzzer.com\/fr\/#\/schema\/logo\/image\/\"}}]}<\/script>\n<!-- \/ Yoast SEO plugin. -->","yoast_head_json":{"title":"Google Review Business Card Icon \u00ab\u00a0Refresh\u00a0\u00bb wi... | truzzer","description":"Plus d'avis Google avec Google Review Business Card Icon \u00ab\u00a0Refresh\u00a0\u00bb with Google Review QR with Google Revi... de truzzer. Installation facile. Commandez !","robots":{"index":"index","follow":"follow","max-snippet":"max-snippet:-1","max-image-preview":"max-image-preview:large","max-video-preview":"max-video-preview:-1"},"canonical":"https:\/\/www.truzzer.com\/fr\/produit\/google-review-business-card-icon-refresh-with-google-review-qr-with-google-review-qr-code\/","og_locale":"fr_FR","og_type":"article","og_title":"Google Review Business Card Icon \u00ab\u00a0Refresh\u00a0\u00bb wi... | truzzer","og_description":"Plus d'avis Google avec Google Review Business Card Icon \u00ab\u00a0Refresh\u00a0\u00bb with Google Review QR with Google Revi... de truzzer. Installation facile. Commandez !","og_url":"https:\/\/www.truzzer.com\/fr\/produit\/google-review-business-card-icon-refresh-with-google-review-qr-with-google-review-qr-code\/","og_site_name":"truzzer","article_modified_time":"2026-02-13T08:06:19+00:00","og_image":[{"width":1200,"height":1200,"url":"https:\/\/www.truzzer.com\/wp-content\/uploads\/2026\/02\/Review-us-on-Google-Business-card-icon-refresh-fr.jpg-1-3.webp","type":"image\/webp"}],"twitter_card":"summary_large_image","twitter_misc":{"Dur\u00e9e de lecture estim\u00e9e":"1 minute"},"schema":{"@context":"https:\/\/schema.org","@graph":[{"@type":"WebPage","@id":"https:\/\/www.truzzer.com\/fr\/produit\/google-review-business-card-icon-refresh-with-google-review-qr-with-google-review-qr-code\/","url":"https:\/\/www.truzzer.com\/fr\/produit\/google-review-business-card-icon-refresh-with-google-review-qr-with-google-review-qr-code\/","name":"Google Review Business Card Icon \u00ab\u00a0Refresh\u00a0\u00bb wi... | truzzer","isPartOf":{"@id":"https:\/\/www.truzzer.com\/fr\/#website"},"primaryImageOfPage":{"@id":"https:\/\/www.truzzer.com\/fr\/produit\/google-review-business-card-icon-refresh-with-google-review-qr-with-google-review-qr-code\/#primaryimage"},"image":{"@id":"https:\/\/www.truzzer.com\/fr\/produit\/google-review-business-card-icon-refresh-with-google-review-qr-with-google-review-qr-code\/#primaryimage"},"thumbnailUrl":"https:\/\/www.truzzer.com\/wp-content\/uploads\/2026\/02\/Review-us-on-Google-Business-card-icon-refresh-fr.jpg-1-3.webp","datePublished":"2026-02-01T19:59:46+00:00","dateModified":"2026-02-13T08:06:19+00:00","description":"Plus d'avis Google avec Google Review Business Card Icon \u00ab\u00a0Refresh\u00a0\u00bb with Google Review QR with Google Revi... de truzzer. Installation facile. Commandez !","breadcrumb":{"@id":"https:\/\/www.truzzer.com\/fr\/produit\/google-review-business-card-icon-refresh-with-google-review-qr-with-google-review-qr-code\/#breadcrumb"},"inLanguage":"fr-FR","potentialAction":[{"@type":"ReadAction","target":["https:\/\/www.truzzer.com\/fr\/produit\/google-review-business-card-icon-refresh-with-google-review-qr-with-google-review-qr-code\/"]}]},{"@type":"ImageObject","inLanguage":"fr-FR","@id":"https:\/\/www.truzzer.com\/fr\/produit\/google-review-business-card-icon-refresh-with-google-review-qr-with-google-review-qr-code\/#primaryimage","url":"https:\/\/www.truzzer.com\/wp-content\/uploads\/2026\/02\/Review-us-on-Google-Business-card-icon-refresh-fr.jpg-1-3.webp","contentUrl":"https:\/\/www.truzzer.com\/wp-content\/uploads\/2026\/02\/Review-us-on-Google-Business-card-icon-refresh-fr.jpg-1-3.webp","width":1200,"height":1200},{"@type":"BreadcrumbList","@id":"https:\/\/www.truzzer.com\/fr\/produit\/google-review-business-card-icon-refresh-with-google-review-qr-with-google-review-qr-code\/#breadcrumb","itemListElement":[{"@type":"ListItem","position":1,"name":"Home","item":"https:\/\/www.truzzer.com\/fr\/"},{"@type":"ListItem","position":2,"name":"Boutique","item":"https:\/\/www.truzzer.com\/fr\/boutique\/"},{"@type":"ListItem","position":3,"name":"Google Review Ic\u00f4ne de carte de visite \u00ab\u00a0Actualiser\u00a0\u00bb avec Google Review QR avec Google Review Code QR"}]},{"@type":"WebSite","@id":"https:\/\/www.truzzer.com\/fr\/#website","url":"https:\/\/www.truzzer.com\/fr\/","name":"truzzer","description":"Experts for customer trust","publisher":{"@id":"https:\/\/www.truzzer.com\/fr\/#organization"},"potentialAction":[{"@type":"SearchAction","target":{"@type":"EntryPoint","urlTemplate":"https:\/\/www.truzzer.com\/fr\/?s={search_term_string}"},"query-input":{"@type":"PropertyValueSpecification","valueRequired":true,"valueName":"search_term_string"}}],"inLanguage":"fr-FR"},{"@type":"Organization","@id":"https:\/\/www.truzzer.com\/fr\/#organization","name":"truzzer","url":"https:\/\/www.truzzer.com\/fr\/","logo":{"@type":"ImageObject","inLanguage":"fr-FR","@id":"https:\/\/www.truzzer.com\/fr\/#\/schema\/logo\/image\/","url":"https:\/\/truzzer.com\/wp-content\/uploads\/2026\/01\/truzzer-logo-black-1.svg","contentUrl":"https:\/\/truzzer.com\/wp-content\/uploads\/2026\/01\/truzzer-logo-black-1.svg","width":938,"height":199,"caption":"truzzer"},"image":{"@id":"https:\/\/www.truzzer.com\/fr\/#\/schema\/logo\/image\/"}}]}},"tiered_pricing_type":"fixed","tiered_pricing_fixed_rules":[],"tiered_pricing_product_settings":{"layout":"default","base_unit_name":{"singular":null,"plural":null},"default_variation":null},"tiered_pricing_minimum_quantity":null,"tiered_pricing_roles_data":[],"tiered_pricing_percentage_rules":[],"tiered_pricing_maximum_quantity":null,"tiered_pricing_quantity_step":null,"_links":{"self":[{"href":"https:\/\/www.truzzer.com\/fr\/wp-json\/wp\/v2\/product\/96989","targetHints":{"allow":["GET"]}}],"collection":[{"href":"https:\/\/www.truzzer.com\/fr\/wp-json\/wp\/v2\/product"}],"about":[{"href":"https:\/\/www.truzzer.com\/fr\/wp-json\/wp\/v2\/types\/product"}],"replies":[{"embeddable":true,"href":"https:\/\/www.truzzer.com\/fr\/wp-json\/wp\/v2\/comments?post=96989"}],"wp:featuredmedia":[{"embeddable":true,"href":"https:\/\/www.truzzer.com\/fr\/wp-json\/wp\/v2\/media\/96991"}],"wp:attachment":[{"href":"https:\/\/www.truzzer.com\/fr\/wp-json\/wp\/v2\/media?parent=96989"}],"wp:term":[{"taxonomy":"product_brand","embeddable":true,"href":"https:\/\/www.truzzer.com\/fr\/wp-json\/wp\/v2\/product_brand?post=96989"},{"taxonomy":"product_cat","embeddable":true,"href":"https:\/\/www.truzzer.com\/fr\/wp-json\/wp\/v2\/product_cat?post=96989"},{"taxonomy":"product_tag","embeddable":true,"href":"https:\/\/www.truzzer.com\/fr\/wp-json\/wp\/v2\/product_tag?post=96989"}],"curies":[{"name":"wp","href":"https:\/\/api.w.org\/{rel}","templated":true}]}}