{"id":97006,"date":"2026-02-01T19:59:18","date_gmt":"2026-02-01T19:59:18","guid":{"rendered":"https:\/\/beta.truzzer.com\/product\/whatsapp-chat-nfc-tag-action-button\/"},"modified":"2026-02-13T08:08:48","modified_gmt":"2026-02-13T08:08:48","slug":"whatsapp-chat-nfc-tag-action-button","status":"publish","type":"product","link":"https:\/\/www.truzzer.com\/fr\/produit\/whatsapp-chat-nfc-tag-action-button\/","title":{"rendered":"WhatsApp Chat NFC Bouton d&rsquo;action de balise"},"content":{"rendered":"","protected":false},"excerpt":{"rendered":"<p>D\u00e9couvrez les boutons d&rsquo;action Truzzer NFC. Les boutons d&rsquo;action NFC de Truzzer sont le moteur du marketing num\u00e9rique local pour votre entreprise, permettant \u00e0 vos clients de se connecter facilement avec vous, car les boutons d&rsquo;action NFC comblent le foss\u00e9 entre hors ligne et en ligne.<\/p>\n<p>Tout ce que vos clients doivent faire est de tenir leur smartphone pr\u00e8s du bouton d&rsquo;action, et le chat WhatsApp avec votre compte WhatsApp s&rsquo;ouvrira sur l&rsquo;\u00e9cran de vos clients. smartphones \u2013 pas de recherche, pas de demande, pas de questions.<\/p>\n<ul>\n<li>Facile \u00e0 utiliser, il suffit de tenir le smartphone pr\u00e8s du bouton d&rsquo;action et l&rsquo;action s&rsquo;ouvrira sur l&rsquo;\u00e9cran du client. smartphones.<\/li>\n<li>Nettoyer\u00a0: les boutons d&rsquo;action sont \u00e9tanches et peuvent \u00eatre nettoy\u00e9s.<\/li>\n<li>Durable\u00a0: le rev\u00eatement adh\u00e9sif adh\u00e8re \u00e0 toutes les surfaces planes (tables, fen\u00eatres, etc.).<\/li>\n<li>Attrayant et amp; Pro\u00e9minent\u00a0: avec une hauteur d&rsquo;un peu moins d&rsquo;un centim\u00e8tre, les boutons d&rsquo;action se distinguent et attirent vraiment l&rsquo;attention.<\/li>\n<li>Pratique pour vous\u00a0: fournissez vos informations dans la configuration ci-dessous et nous nous occuperons de l&rsquo;\u00e9tablissement des liens.<\/li>\n<\/ul>\n","protected":false},"featured_media":97010,"comment_status":"open","ping_status":"closed","template":"","meta":{"_acf_changed":false,"_yoast_wpseo_focuskw":"WhatsApp QR Code NFC Tag","_yoast_wpseo_title":"WhatsApp Chat NFC Tag Action Button | truzzer","_yoast_wpseo_metadesc":"Connectez-vous via WhatsApp avec WhatsApp Chat NFC Tag Action Button de truzzer. Installation facile, pr\u00eat \u00e0 l'emploi. Commandez maintenant !"},"product_brand":[1701],"product_cat":[923,922,1337,558,1364],"product_tag":[],"class_list":{"0":"post-97006","1":"product","2":"type-product","3":"status-publish","4":"has-post-thumbnail","6":"product_brand-whatsapp","7":"product_cat-chat-whatsapp-autocollants","8":"product_cat-chat-whatsapp-produits","9":"product_cat-nfc-autocollants","10":"product_cat-nfc-produits","11":"product_cat-nfc-tags-boutons","12":"pa_material-plastic","13":"pa_product-type-nfc-tags","14":"pa_technology-nfc","16":"first","17":"instock","18":"taxable","19":"shipping-taxable","20":"purchasable","21":"product-type-simple"},"acf":[],"yoast_head":"<!-- This site is optimized with the Yoast SEO plugin v27.0 - https:\/\/yoast.com\/product\/yoast-seo-wordpress\/ -->\n<title>WhatsApp Chat NFC Tag Action Button | truzzer<\/title>\n<meta name=\"description\" content=\"Connectez-vous via WhatsApp avec WhatsApp Chat NFC Tag Action Button de truzzer. Installation facile, pr\u00eat \u00e0 l&#039;emploi. Commandez maintenant !\" \/>\n<meta name=\"robots\" content=\"index, follow, max-snippet:-1, max-image-preview:large, max-video-preview:-1\" \/>\n<link rel=\"canonical\" href=\"https:\/\/www.truzzer.com\/fr\/produit\/whatsapp-chat-nfc-tag-action-button\/\" \/>\n<meta property=\"og:locale\" content=\"fr_FR\" \/>\n<meta property=\"og:type\" content=\"article\" \/>\n<meta property=\"og:title\" content=\"WhatsApp Chat NFC Tag Action Button | truzzer\" \/>\n<meta property=\"og:description\" content=\"Connectez-vous via WhatsApp avec WhatsApp Chat NFC Tag Action Button de truzzer. Installation facile, pr\u00eat \u00e0 l&#039;emploi. Commandez maintenant !\" \/>\n<meta property=\"og:url\" content=\"https:\/\/www.truzzer.com\/fr\/produit\/whatsapp-chat-nfc-tag-action-button\/\" \/>\n<meta property=\"og:site_name\" content=\"truzzer\" \/>\n<meta property=\"article:modified_time\" content=\"2026-02-13T08:08:48+00:00\" \/>\n<meta property=\"og:image\" content=\"https:\/\/www.truzzer.com\/wp-content\/uploads\/2026\/02\/NFC-action-Button-whatsapp-chat-empfehlio-1-scaled-3.jpg\" \/>\n\t<meta property=\"og:image:width\" content=\"1400\" \/>\n\t<meta property=\"og:image:height\" content=\"1400\" \/>\n\t<meta property=\"og:image:type\" content=\"image\/jpeg\" \/>\n<meta name=\"twitter:card\" content=\"summary_large_image\" \/>\n<script type=\"application\/ld+json\" class=\"yoast-schema-graph\">{\"@context\":\"https:\/\/schema.org\",\"@graph\":[{\"@type\":\"WebPage\",\"@id\":\"https:\/\/www.truzzer.com\/fr\/produit\/whatsapp-chat-nfc-tag-action-button\/\",\"url\":\"https:\/\/www.truzzer.com\/fr\/produit\/whatsapp-chat-nfc-tag-action-button\/\",\"name\":\"WhatsApp Chat NFC Tag Action Button | truzzer\",\"isPartOf\":{\"@id\":\"https:\/\/www.truzzer.com\/fr\/#website\"},\"primaryImageOfPage\":{\"@id\":\"https:\/\/www.truzzer.com\/fr\/produit\/whatsapp-chat-nfc-tag-action-button\/#primaryimage\"},\"image\":{\"@id\":\"https:\/\/www.truzzer.com\/fr\/produit\/whatsapp-chat-nfc-tag-action-button\/#primaryimage\"},\"thumbnailUrl\":\"https:\/\/www.truzzer.com\/wp-content\/uploads\/2026\/02\/NFC-action-Button-whatsapp-chat-empfehlio-1-scaled-3.jpg\",\"datePublished\":\"2026-02-01T19:59:18+00:00\",\"dateModified\":\"2026-02-13T08:08:48+00:00\",\"description\":\"Connectez-vous via WhatsApp avec WhatsApp Chat NFC Tag Action Button de truzzer. Installation facile, pr\u00eat \u00e0 l'emploi. Commandez maintenant !\",\"breadcrumb\":{\"@id\":\"https:\/\/www.truzzer.com\/fr\/produit\/whatsapp-chat-nfc-tag-action-button\/#breadcrumb\"},\"inLanguage\":\"fr-FR\",\"potentialAction\":[{\"@type\":\"ReadAction\",\"target\":[\"https:\/\/www.truzzer.com\/fr\/produit\/whatsapp-chat-nfc-tag-action-button\/\"]}]},{\"@type\":\"ImageObject\",\"inLanguage\":\"fr-FR\",\"@id\":\"https:\/\/www.truzzer.com\/fr\/produit\/whatsapp-chat-nfc-tag-action-button\/#primaryimage\",\"url\":\"https:\/\/www.truzzer.com\/wp-content\/uploads\/2026\/02\/NFC-action-Button-whatsapp-chat-empfehlio-1-scaled-3.jpg\",\"contentUrl\":\"https:\/\/www.truzzer.com\/wp-content\/uploads\/2026\/02\/NFC-action-Button-whatsapp-chat-empfehlio-1-scaled-3.jpg\",\"width\":1400,\"height\":1400},{\"@type\":\"BreadcrumbList\",\"@id\":\"https:\/\/www.truzzer.com\/fr\/produit\/whatsapp-chat-nfc-tag-action-button\/#breadcrumb\",\"itemListElement\":[{\"@type\":\"ListItem\",\"position\":1,\"name\":\"Home\",\"item\":\"https:\/\/www.truzzer.com\/fr\/\"},{\"@type\":\"ListItem\",\"position\":2,\"name\":\"Boutique\",\"item\":\"https:\/\/www.truzzer.com\/fr\/boutique\/\"},{\"@type\":\"ListItem\",\"position\":3,\"name\":\"WhatsApp Chat NFC Bouton d&#8217;action de balise\"}]},{\"@type\":\"WebSite\",\"@id\":\"https:\/\/www.truzzer.com\/fr\/#website\",\"url\":\"https:\/\/www.truzzer.com\/fr\/\",\"name\":\"truzzer\",\"description\":\"Experts for customer trust\",\"publisher\":{\"@id\":\"https:\/\/www.truzzer.com\/fr\/#organization\"},\"potentialAction\":[{\"@type\":\"SearchAction\",\"target\":{\"@type\":\"EntryPoint\",\"urlTemplate\":\"https:\/\/www.truzzer.com\/fr\/?s={search_term_string}\"},\"query-input\":{\"@type\":\"PropertyValueSpecification\",\"valueRequired\":true,\"valueName\":\"search_term_string\"}}],\"inLanguage\":\"fr-FR\"},{\"@type\":\"Organization\",\"@id\":\"https:\/\/www.truzzer.com\/fr\/#organization\",\"name\":\"truzzer\",\"url\":\"https:\/\/www.truzzer.com\/fr\/\",\"logo\":{\"@type\":\"ImageObject\",\"inLanguage\":\"fr-FR\",\"@id\":\"https:\/\/www.truzzer.com\/fr\/#\/schema\/logo\/image\/\",\"url\":\"https:\/\/truzzer.com\/wp-content\/uploads\/2026\/01\/truzzer-logo-black-1.svg\",\"contentUrl\":\"https:\/\/truzzer.com\/wp-content\/uploads\/2026\/01\/truzzer-logo-black-1.svg\",\"width\":938,\"height\":199,\"caption\":\"truzzer\"},\"image\":{\"@id\":\"https:\/\/www.truzzer.com\/fr\/#\/schema\/logo\/image\/\"}}]}<\/script>\n<!-- \/ Yoast SEO plugin. -->","yoast_head_json":{"title":"WhatsApp Chat NFC Tag Action Button | truzzer","description":"Connectez-vous via WhatsApp avec WhatsApp Chat NFC Tag Action Button de truzzer. Installation facile, pr\u00eat \u00e0 l'emploi. Commandez maintenant !","robots":{"index":"index","follow":"follow","max-snippet":"max-snippet:-1","max-image-preview":"max-image-preview:large","max-video-preview":"max-video-preview:-1"},"canonical":"https:\/\/www.truzzer.com\/fr\/produit\/whatsapp-chat-nfc-tag-action-button\/","og_locale":"fr_FR","og_type":"article","og_title":"WhatsApp Chat NFC Tag Action Button | truzzer","og_description":"Connectez-vous via WhatsApp avec WhatsApp Chat NFC Tag Action Button de truzzer. Installation facile, pr\u00eat \u00e0 l'emploi. Commandez maintenant !","og_url":"https:\/\/www.truzzer.com\/fr\/produit\/whatsapp-chat-nfc-tag-action-button\/","og_site_name":"truzzer","article_modified_time":"2026-02-13T08:08:48+00:00","og_image":[{"width":1400,"height":1400,"url":"https:\/\/www.truzzer.com\/wp-content\/uploads\/2026\/02\/NFC-action-Button-whatsapp-chat-empfehlio-1-scaled-3.jpg","type":"image\/jpeg"}],"twitter_card":"summary_large_image","schema":{"@context":"https:\/\/schema.org","@graph":[{"@type":"WebPage","@id":"https:\/\/www.truzzer.com\/fr\/produit\/whatsapp-chat-nfc-tag-action-button\/","url":"https:\/\/www.truzzer.com\/fr\/produit\/whatsapp-chat-nfc-tag-action-button\/","name":"WhatsApp Chat NFC Tag Action Button | truzzer","isPartOf":{"@id":"https:\/\/www.truzzer.com\/fr\/#website"},"primaryImageOfPage":{"@id":"https:\/\/www.truzzer.com\/fr\/produit\/whatsapp-chat-nfc-tag-action-button\/#primaryimage"},"image":{"@id":"https:\/\/www.truzzer.com\/fr\/produit\/whatsapp-chat-nfc-tag-action-button\/#primaryimage"},"thumbnailUrl":"https:\/\/www.truzzer.com\/wp-content\/uploads\/2026\/02\/NFC-action-Button-whatsapp-chat-empfehlio-1-scaled-3.jpg","datePublished":"2026-02-01T19:59:18+00:00","dateModified":"2026-02-13T08:08:48+00:00","description":"Connectez-vous via WhatsApp avec WhatsApp Chat NFC Tag Action Button de truzzer. Installation facile, pr\u00eat \u00e0 l'emploi. Commandez maintenant !","breadcrumb":{"@id":"https:\/\/www.truzzer.com\/fr\/produit\/whatsapp-chat-nfc-tag-action-button\/#breadcrumb"},"inLanguage":"fr-FR","potentialAction":[{"@type":"ReadAction","target":["https:\/\/www.truzzer.com\/fr\/produit\/whatsapp-chat-nfc-tag-action-button\/"]}]},{"@type":"ImageObject","inLanguage":"fr-FR","@id":"https:\/\/www.truzzer.com\/fr\/produit\/whatsapp-chat-nfc-tag-action-button\/#primaryimage","url":"https:\/\/www.truzzer.com\/wp-content\/uploads\/2026\/02\/NFC-action-Button-whatsapp-chat-empfehlio-1-scaled-3.jpg","contentUrl":"https:\/\/www.truzzer.com\/wp-content\/uploads\/2026\/02\/NFC-action-Button-whatsapp-chat-empfehlio-1-scaled-3.jpg","width":1400,"height":1400},{"@type":"BreadcrumbList","@id":"https:\/\/www.truzzer.com\/fr\/produit\/whatsapp-chat-nfc-tag-action-button\/#breadcrumb","itemListElement":[{"@type":"ListItem","position":1,"name":"Home","item":"https:\/\/www.truzzer.com\/fr\/"},{"@type":"ListItem","position":2,"name":"Boutique","item":"https:\/\/www.truzzer.com\/fr\/boutique\/"},{"@type":"ListItem","position":3,"name":"WhatsApp Chat NFC Bouton d&#8217;action de balise"}]},{"@type":"WebSite","@id":"https:\/\/www.truzzer.com\/fr\/#website","url":"https:\/\/www.truzzer.com\/fr\/","name":"truzzer","description":"Experts for customer trust","publisher":{"@id":"https:\/\/www.truzzer.com\/fr\/#organization"},"potentialAction":[{"@type":"SearchAction","target":{"@type":"EntryPoint","urlTemplate":"https:\/\/www.truzzer.com\/fr\/?s={search_term_string}"},"query-input":{"@type":"PropertyValueSpecification","valueRequired":true,"valueName":"search_term_string"}}],"inLanguage":"fr-FR"},{"@type":"Organization","@id":"https:\/\/www.truzzer.com\/fr\/#organization","name":"truzzer","url":"https:\/\/www.truzzer.com\/fr\/","logo":{"@type":"ImageObject","inLanguage":"fr-FR","@id":"https:\/\/www.truzzer.com\/fr\/#\/schema\/logo\/image\/","url":"https:\/\/truzzer.com\/wp-content\/uploads\/2026\/01\/truzzer-logo-black-1.svg","contentUrl":"https:\/\/truzzer.com\/wp-content\/uploads\/2026\/01\/truzzer-logo-black-1.svg","width":938,"height":199,"caption":"truzzer"},"image":{"@id":"https:\/\/www.truzzer.com\/fr\/#\/schema\/logo\/image\/"}}]}},"tiered_pricing_type":"fixed","tiered_pricing_fixed_rules":[],"tiered_pricing_product_settings":{"layout":"default","base_unit_name":{"singular":null,"plural":null},"default_variation":null},"tiered_pricing_minimum_quantity":null,"tiered_pricing_roles_data":[],"tiered_pricing_percentage_rules":[],"tiered_pricing_maximum_quantity":null,"tiered_pricing_quantity_step":null,"_links":{"self":[{"href":"https:\/\/www.truzzer.com\/fr\/wp-json\/wp\/v2\/product\/97006","targetHints":{"allow":["GET"]}}],"collection":[{"href":"https:\/\/www.truzzer.com\/fr\/wp-json\/wp\/v2\/product"}],"about":[{"href":"https:\/\/www.truzzer.com\/fr\/wp-json\/wp\/v2\/types\/product"}],"replies":[{"embeddable":true,"href":"https:\/\/www.truzzer.com\/fr\/wp-json\/wp\/v2\/comments?post=97006"}],"wp:featuredmedia":[{"embeddable":true,"href":"https:\/\/www.truzzer.com\/fr\/wp-json\/wp\/v2\/media\/97010"}],"wp:attachment":[{"href":"https:\/\/www.truzzer.com\/fr\/wp-json\/wp\/v2\/media?parent=97006"}],"wp:term":[{"taxonomy":"product_brand","embeddable":true,"href":"https:\/\/www.truzzer.com\/fr\/wp-json\/wp\/v2\/product_brand?post=97006"},{"taxonomy":"product_cat","embeddable":true,"href":"https:\/\/www.truzzer.com\/fr\/wp-json\/wp\/v2\/product_cat?post=97006"},{"taxonomy":"product_tag","embeddable":true,"href":"https:\/\/www.truzzer.com\/fr\/wp-json\/wp\/v2\/product_tag?post=97006"}],"curies":[{"name":"wp","href":"https:\/\/api.w.org\/{rel}","templated":true}]}}