{"id":97018,"date":"2026-02-01T19:58:32","date_gmt":"2026-02-01T19:58:32","guid":{"rendered":"https:\/\/beta.truzzer.com\/product\/paypal-pay-qr-code-sticker\/"},"modified":"2026-02-13T08:14:46","modified_gmt":"2026-02-13T08:14:46","slug":"paypal-pay-qr-code-sticker","status":"publish","type":"product","link":"https:\/\/www.truzzer.com\/fr\/produit\/paypal-pay-qr-code-sticker\/","title":{"rendered":"PayPal payer QR autocollant de code"},"content":{"rendered":"<p><strong>Pr\u00e9sentation de l&rsquo;autocollant code PayPal QR\u00a0\u2013 Votre solution pour des paiements rapides et sans contact<\/strong><\/p>\n<p>Simplifiez et acc\u00e9l\u00e9rez le processus de paiement pour vos clients avec l&rsquo;autocollant Code PayPal QR. Id\u00e9al pour tous types d&rsquo;entreprises, dans le commerce de d\u00e9tail, l&rsquo;h\u00f4tellerie ou l&rsquo;\u00e9v\u00e9nementiel, cet autocollant facilite les paiements s\u00e9curis\u00e9s et sans contact via PayPal. Scannez simplement le code QR et le paiement est trait\u00e9 en quelques secondes.<\/p>\n<p><strong>Caract\u00e9ristiques du produit\u00a0:<\/strong><\/p>\n<ul>\n<li><strong>Paiement rapide et simple<\/strong>\u00a0: il suffit aux clients de scanner le code QR avec leur smartphone, de saisir le montant et de confirmer le paiement. Sans esp\u00e8ces ni cartes, ce processus est \u00e0 la fois simple et efficace.<\/li>\n<li><strong>Utilisation flexible\u00a0:<\/strong> Id\u00e9al pour une utilisation en caisse, sur les comptoirs, les tables ou les portes, l&rsquo;autocollant Code PayPal QR peut \u00eatre plac\u00e9 aussi bien \u00e0 l&rsquo;int\u00e9rieur qu&rsquo;\u00e0 l&rsquo;ext\u00e9rieur pour une polyvalence maximale.<\/li>\n<li><strong>R\u00e9sistant \u00e0 l&rsquo;eau et aux intemp\u00e9ries\u00a0:<\/strong> Fabriqu\u00e9 \u00e0 partir d&rsquo;un mat\u00e9riau de haute qualit\u00e9, l&rsquo;autocollant est r\u00e9sistant \u00e0 l&rsquo;eau et aux intemp\u00e9ries, garantissant qu&rsquo;il reste impeccable dans diverses conditions et pour une utilisation \u00e0 long terme.<\/li>\n<li><strong>Design professionnel et discret<\/strong>\u00a0: l&rsquo;autocollant minimaliste portant le code PayPal QR s&rsquo;int\u00e8gre parfaitement dans n&rsquo;importe quel environnement, tout en conservant une visibilit\u00e9 claire pour les clients et en conservant une esth\u00e9tique professionnelle.<\/li>\n<\/ul>\n<p><strong>Pourquoi votre entreprise a besoin d&rsquo;un autocollant de code PayPal QR<\/strong><\/p>\n<p>Dans notre monde de plus en plus num\u00e9rique, les paiements sans contact sont la nouvelle norme. L&rsquo;autocollant Code PayPal QR offre \u00e0 vos clients un moyen de paiement \u00e9l\u00e9gant, hygi\u00e9nique et sans effort. Il permet des paiements rapides et simples via smartphone, \u00e9liminant ainsi le besoin d&rsquo;esp\u00e8ces ou de cartes. Surtout \u00e0 une \u00e9poque o\u00f9 l&rsquo;hygi\u00e8ne et les interactions sans contact sont primordiales, l&rsquo;autocollant Code QR pr\u00e9sente la solution parfaite.<\/p>\n<p><strong>Avantages de l&rsquo;autocollant de code PayPal QR\u00a0:<\/strong><\/p>\n<ul>\n<li><strong>Paiement sans contact<\/strong>\u00a0: minimisez le besoin d&rsquo;esp\u00e8ces et de cartes, en offrant un mode de paiement s\u00e9curis\u00e9 et hygi\u00e9nique.<\/li>\n<li><strong>Application sans effort\u00a0:<\/strong> l&rsquo;autocollant autocollant peut \u00eatre appliqu\u00e9 rapidement et facilement sur n&rsquo;importe quelle surface lisse, que ce soit sur la caisse, la porte d&rsquo;entr\u00e9e ou directement sur les tables.<\/li>\n<li><strong>Augmentez la satisfaction client<\/strong>\u00a0: offrez \u00e0 vos clients la possibilit\u00e9 de payer rapidement et facilement en utilisant leur service num\u00e9rique pr\u00e9f\u00e9r\u00e9.<\/li>\n<li><strong>Solution rentable<\/strong>\u00a0: renoncez aux syst\u00e8mes ou appareils co\u00fbteux suppl\u00e9mentaires\u00a0: l&rsquo;autocollant de code PayPal QR simplifie l&rsquo;acceptation des paiements modernes.<\/li>\n<\/ul>\n<p><strong>Convient aux restaurants, aux commerces de d\u00e9tail, aux services et bien plus encore<\/strong><\/p>\n<p>Que vous g\u00e9riez un <strong>restaurant, un caf\u00e9, un magasin ou un stand de march\u00e9<\/strong>, l&rsquo;autocollant PayPal QR Code offre une solution simple pour accepter les paiements num\u00e9riques via PayPal. Il est \u00e9galement id\u00e9al pour les prestataires de services ou les kiosques o\u00f9 des paiements rapides et flexibles sont essentiels.<\/p>\n<p><heure \/><\/p>\n<p>En adoptant l&rsquo;<strong>autocollant Code PayPal QR<\/strong>, vous offrez non seulement \u00e0 vos clients un moyen de paiement moderne, mais vous garantissez \u00e9galement un processus de paiement fluide et sans tracas. Adoptez l&rsquo;avenir des paiements d\u00e8s aujourd&rsquo;hui\u00a0!<\/p>\n","protected":false},"excerpt":{"rendered":"<p><strong>Pr\u00e9sentation de l&rsquo;autocollant code PayPal QR\u00a0\u2013 Rationalisation des paiements sans contact<\/strong><\/p>\n<p>Offrez \u00e0 vos clients une option de paiement rapide, simple et s\u00e9curis\u00e9e\u00a0: l&rsquo;autocollant code PayPal QR. Placez-le \u00e0 la caisse, sur les comptoirs ou les portes et transformez votre entreprise en une plateforme de paiements sans contact via smartphone. Juste un scan, une saisie du montant et le paiement est termin\u00e9. Cet outil est id\u00e9al pour les restaurants, les points de vente et les prestataires de services. L&rsquo;autocollant durable, r\u00e9sistant \u00e0 l&rsquo;eau et aux intemp\u00e9ries garantit un processus de paiement sans effort, sans avoir besoin d&rsquo;esp\u00e8ces ou de cartes. D\u00e9couvrez l&rsquo;avenir des paiements\u00a0: moderne, hygi\u00e9nique et efficace\u00a0!<\/p>\n<ul>\n<li><strong>Paiements sans contact<\/strong>\u00a0: minimisez le besoin d&rsquo;esp\u00e8ces physiques et de cartes, offrant ainsi aux clients une alternative de paiement s\u00fbre et hygi\u00e9nique.<\/li>\n<li><strong>Application pratique\u00a0:<\/strong> l&rsquo;autocollant autocollant peut \u00eatre rapidement appos\u00e9 sur n&rsquo;importe quelle surface lisse, qu&rsquo;il s&rsquo;agisse de la caisse, de la porte d&rsquo;entr\u00e9e ou directement sur les tables.<\/li>\n<li><strong>Am\u00e9liorez la satisfaction client<\/strong>\u00a0: offrez \u00e0 votre client\u00e8le la possibilit\u00e9 de payer facilement et rapidement en utilisant son service de paiement num\u00e9rique pr\u00e9f\u00e9r\u00e9.<\/li>\n<li><strong>Solution rentable\u00a0:<\/strong> \u00e9vitez les d\u00e9penses inutiles li\u00e9es \u00e0 des appareils suppl\u00e9mentaires ou \u00e0 des syst\u00e8mes complexes\u00a0: l&rsquo;autocollant de code PayPal QR simplifie l&rsquo;acceptation des m\u00e9thodes de paiement modernes.<\/li>\n<\/ul>\n","protected":false},"featured_media":97041,"comment_status":"open","ping_status":"closed","template":"","meta":{"_acf_changed":false,"_yoast_wpseo_focuskw":"PayPal QR Code Autocollant","_yoast_wpseo_title":"PayPal pay QR code sticker | truzzer","_yoast_wpseo_metadesc":"Acceptez les paiements PayPal avec PayPal pay QR code sticker de truzzer. Installation facile, pr\u00eat \u00e0 l'emploi. Commandez !"},"product_brand":[1627],"product_cat":[480,479,1366],"product_tag":[],"class_list":{"0":"post-97018","1":"product","2":"type-product","3":"status-publish","4":"has-post-thumbnail","6":"product_brand-paypal","7":"product_cat-code-qr-autocollants","8":"product_cat-code-qr-produits","9":"product_cat-paiement-paypal-autocollants-avec-code-qr","10":"pa_industry-detailhandel","11":"pa_industry-fitness-gym","12":"pa_industry-restaurant-cafe","13":"pa_material-vinyl","14":"pa_placement-balie-reception","15":"pa_placement-verpakking","16":"pa_placement-window-door","17":"pa_product-type-autocollant","18":"pa_shape-rechthoek","19":"pa_technology-code-qr","20":"pa_technology-qr-code","22":"first","23":"instock","24":"taxable","25":"shipping-taxable","26":"purchasable","27":"product-type-variable","28":"has-default-attributes"},"acf":[],"yoast_head":"<!-- This site is optimized with the Yoast SEO plugin v27.0 - https:\/\/yoast.com\/product\/yoast-seo-wordpress\/ -->\n<title>PayPal pay QR code sticker | truzzer<\/title>\n<meta name=\"description\" content=\"Acceptez les paiements PayPal avec PayPal pay QR code sticker de truzzer. Installation facile, pr\u00eat \u00e0 l&#039;emploi. Commandez !\" \/>\n<meta name=\"robots\" content=\"index, follow, max-snippet:-1, max-image-preview:large, max-video-preview:-1\" \/>\n<link rel=\"canonical\" href=\"https:\/\/www.truzzer.com\/fr\/produit\/paypal-pay-qr-code-sticker\/\" \/>\n<meta property=\"og:locale\" content=\"fr_FR\" \/>\n<meta property=\"og:type\" content=\"article\" \/>\n<meta property=\"og:title\" content=\"PayPal pay QR code sticker | truzzer\" \/>\n<meta property=\"og:description\" content=\"Acceptez les paiements PayPal avec PayPal pay QR code sticker de truzzer. Installation facile, pr\u00eat \u00e0 l&#039;emploi. Commandez !\" \/>\n<meta property=\"og:url\" content=\"https:\/\/www.truzzer.com\/fr\/produit\/paypal-pay-qr-code-sticker\/\" \/>\n<meta property=\"og:site_name\" content=\"truzzer\" \/>\n<meta property=\"article:modified_time\" content=\"2026-02-13T08:14:46+00:00\" \/>\n<meta property=\"og:image\" content=\"https:\/\/www.truzzer.com\/wp-content\/uploads\/2026\/02\/paypal-bezahlen-qr-code-sticker-old-design-empfehlio-truzzer-single-2.jpg\" \/>\n\t<meta property=\"og:image:width\" content=\"1600\" \/>\n\t<meta property=\"og:image:height\" content=\"1600\" \/>\n\t<meta property=\"og:image:type\" content=\"image\/jpeg\" \/>\n<meta name=\"twitter:card\" content=\"summary_large_image\" \/>\n<meta name=\"twitter:label1\" content=\"Dur\u00e9e de lecture estim\u00e9e\" \/>\n\t<meta name=\"twitter:data1\" content=\"3 minutes\" \/>\n<script type=\"application\/ld+json\" class=\"yoast-schema-graph\">{\"@context\":\"https:\/\/schema.org\",\"@graph\":[{\"@type\":\"WebPage\",\"@id\":\"https:\/\/www.truzzer.com\/fr\/produit\/paypal-pay-qr-code-sticker\/\",\"url\":\"https:\/\/www.truzzer.com\/fr\/produit\/paypal-pay-qr-code-sticker\/\",\"name\":\"PayPal pay QR code sticker | truzzer\",\"isPartOf\":{\"@id\":\"https:\/\/www.truzzer.com\/fr\/#website\"},\"primaryImageOfPage\":{\"@id\":\"https:\/\/www.truzzer.com\/fr\/produit\/paypal-pay-qr-code-sticker\/#primaryimage\"},\"image\":{\"@id\":\"https:\/\/www.truzzer.com\/fr\/produit\/paypal-pay-qr-code-sticker\/#primaryimage\"},\"thumbnailUrl\":\"https:\/\/www.truzzer.com\/wp-content\/uploads\/2026\/02\/paypal-bezahlen-qr-code-sticker-old-design-empfehlio-truzzer-single-2.jpg\",\"datePublished\":\"2026-02-01T19:58:32+00:00\",\"dateModified\":\"2026-02-13T08:14:46+00:00\",\"description\":\"Acceptez les paiements PayPal avec PayPal pay QR code sticker de truzzer. Installation facile, pr\u00eat \u00e0 l'emploi. Commandez !\",\"breadcrumb\":{\"@id\":\"https:\/\/www.truzzer.com\/fr\/produit\/paypal-pay-qr-code-sticker\/#breadcrumb\"},\"inLanguage\":\"fr-FR\",\"potentialAction\":[{\"@type\":\"ReadAction\",\"target\":[\"https:\/\/www.truzzer.com\/fr\/produit\/paypal-pay-qr-code-sticker\/\"]}]},{\"@type\":\"ImageObject\",\"inLanguage\":\"fr-FR\",\"@id\":\"https:\/\/www.truzzer.com\/fr\/produit\/paypal-pay-qr-code-sticker\/#primaryimage\",\"url\":\"https:\/\/www.truzzer.com\/wp-content\/uploads\/2026\/02\/paypal-bezahlen-qr-code-sticker-old-design-empfehlio-truzzer-single-2.jpg\",\"contentUrl\":\"https:\/\/www.truzzer.com\/wp-content\/uploads\/2026\/02\/paypal-bezahlen-qr-code-sticker-old-design-empfehlio-truzzer-single-2.jpg\",\"width\":1600,\"height\":1600},{\"@type\":\"BreadcrumbList\",\"@id\":\"https:\/\/www.truzzer.com\/fr\/produit\/paypal-pay-qr-code-sticker\/#breadcrumb\",\"itemListElement\":[{\"@type\":\"ListItem\",\"position\":1,\"name\":\"Home\",\"item\":\"https:\/\/www.truzzer.com\/fr\/\"},{\"@type\":\"ListItem\",\"position\":2,\"name\":\"Boutique\",\"item\":\"https:\/\/www.truzzer.com\/fr\/boutique\/\"},{\"@type\":\"ListItem\",\"position\":3,\"name\":\"PayPal payer QR autocollant de code\"}]},{\"@type\":\"WebSite\",\"@id\":\"https:\/\/www.truzzer.com\/fr\/#website\",\"url\":\"https:\/\/www.truzzer.com\/fr\/\",\"name\":\"truzzer\",\"description\":\"Experts for customer trust\",\"publisher\":{\"@id\":\"https:\/\/www.truzzer.com\/fr\/#organization\"},\"potentialAction\":[{\"@type\":\"SearchAction\",\"target\":{\"@type\":\"EntryPoint\",\"urlTemplate\":\"https:\/\/www.truzzer.com\/fr\/?s={search_term_string}\"},\"query-input\":{\"@type\":\"PropertyValueSpecification\",\"valueRequired\":true,\"valueName\":\"search_term_string\"}}],\"inLanguage\":\"fr-FR\"},{\"@type\":\"Organization\",\"@id\":\"https:\/\/www.truzzer.com\/fr\/#organization\",\"name\":\"truzzer\",\"url\":\"https:\/\/www.truzzer.com\/fr\/\",\"logo\":{\"@type\":\"ImageObject\",\"inLanguage\":\"fr-FR\",\"@id\":\"https:\/\/www.truzzer.com\/fr\/#\/schema\/logo\/image\/\",\"url\":\"https:\/\/truzzer.com\/wp-content\/uploads\/2026\/01\/truzzer-logo-black-1.svg\",\"contentUrl\":\"https:\/\/truzzer.com\/wp-content\/uploads\/2026\/01\/truzzer-logo-black-1.svg\",\"width\":938,\"height\":199,\"caption\":\"truzzer\"},\"image\":{\"@id\":\"https:\/\/www.truzzer.com\/fr\/#\/schema\/logo\/image\/\"}}]}<\/script>\n<!-- \/ Yoast SEO plugin. -->","yoast_head_json":{"title":"PayPal pay QR code sticker | truzzer","description":"Acceptez les paiements PayPal avec PayPal pay QR code sticker de truzzer. Installation facile, pr\u00eat \u00e0 l'emploi. Commandez !","robots":{"index":"index","follow":"follow","max-snippet":"max-snippet:-1","max-image-preview":"max-image-preview:large","max-video-preview":"max-video-preview:-1"},"canonical":"https:\/\/www.truzzer.com\/fr\/produit\/paypal-pay-qr-code-sticker\/","og_locale":"fr_FR","og_type":"article","og_title":"PayPal pay QR code sticker | truzzer","og_description":"Acceptez les paiements PayPal avec PayPal pay QR code sticker de truzzer. Installation facile, pr\u00eat \u00e0 l'emploi. Commandez !","og_url":"https:\/\/www.truzzer.com\/fr\/produit\/paypal-pay-qr-code-sticker\/","og_site_name":"truzzer","article_modified_time":"2026-02-13T08:14:46+00:00","og_image":[{"width":1600,"height":1600,"url":"https:\/\/www.truzzer.com\/wp-content\/uploads\/2026\/02\/paypal-bezahlen-qr-code-sticker-old-design-empfehlio-truzzer-single-2.jpg","type":"image\/jpeg"}],"twitter_card":"summary_large_image","twitter_misc":{"Dur\u00e9e de lecture estim\u00e9e":"3 minutes"},"schema":{"@context":"https:\/\/schema.org","@graph":[{"@type":"WebPage","@id":"https:\/\/www.truzzer.com\/fr\/produit\/paypal-pay-qr-code-sticker\/","url":"https:\/\/www.truzzer.com\/fr\/produit\/paypal-pay-qr-code-sticker\/","name":"PayPal pay QR code sticker | truzzer","isPartOf":{"@id":"https:\/\/www.truzzer.com\/fr\/#website"},"primaryImageOfPage":{"@id":"https:\/\/www.truzzer.com\/fr\/produit\/paypal-pay-qr-code-sticker\/#primaryimage"},"image":{"@id":"https:\/\/www.truzzer.com\/fr\/produit\/paypal-pay-qr-code-sticker\/#primaryimage"},"thumbnailUrl":"https:\/\/www.truzzer.com\/wp-content\/uploads\/2026\/02\/paypal-bezahlen-qr-code-sticker-old-design-empfehlio-truzzer-single-2.jpg","datePublished":"2026-02-01T19:58:32+00:00","dateModified":"2026-02-13T08:14:46+00:00","description":"Acceptez les paiements PayPal avec PayPal pay QR code sticker de truzzer. Installation facile, pr\u00eat \u00e0 l'emploi. Commandez !","breadcrumb":{"@id":"https:\/\/www.truzzer.com\/fr\/produit\/paypal-pay-qr-code-sticker\/#breadcrumb"},"inLanguage":"fr-FR","potentialAction":[{"@type":"ReadAction","target":["https:\/\/www.truzzer.com\/fr\/produit\/paypal-pay-qr-code-sticker\/"]}]},{"@type":"ImageObject","inLanguage":"fr-FR","@id":"https:\/\/www.truzzer.com\/fr\/produit\/paypal-pay-qr-code-sticker\/#primaryimage","url":"https:\/\/www.truzzer.com\/wp-content\/uploads\/2026\/02\/paypal-bezahlen-qr-code-sticker-old-design-empfehlio-truzzer-single-2.jpg","contentUrl":"https:\/\/www.truzzer.com\/wp-content\/uploads\/2026\/02\/paypal-bezahlen-qr-code-sticker-old-design-empfehlio-truzzer-single-2.jpg","width":1600,"height":1600},{"@type":"BreadcrumbList","@id":"https:\/\/www.truzzer.com\/fr\/produit\/paypal-pay-qr-code-sticker\/#breadcrumb","itemListElement":[{"@type":"ListItem","position":1,"name":"Home","item":"https:\/\/www.truzzer.com\/fr\/"},{"@type":"ListItem","position":2,"name":"Boutique","item":"https:\/\/www.truzzer.com\/fr\/boutique\/"},{"@type":"ListItem","position":3,"name":"PayPal payer QR autocollant de code"}]},{"@type":"WebSite","@id":"https:\/\/www.truzzer.com\/fr\/#website","url":"https:\/\/www.truzzer.com\/fr\/","name":"truzzer","description":"Experts for customer trust","publisher":{"@id":"https:\/\/www.truzzer.com\/fr\/#organization"},"potentialAction":[{"@type":"SearchAction","target":{"@type":"EntryPoint","urlTemplate":"https:\/\/www.truzzer.com\/fr\/?s={search_term_string}"},"query-input":{"@type":"PropertyValueSpecification","valueRequired":true,"valueName":"search_term_string"}}],"inLanguage":"fr-FR"},{"@type":"Organization","@id":"https:\/\/www.truzzer.com\/fr\/#organization","name":"truzzer","url":"https:\/\/www.truzzer.com\/fr\/","logo":{"@type":"ImageObject","inLanguage":"fr-FR","@id":"https:\/\/www.truzzer.com\/fr\/#\/schema\/logo\/image\/","url":"https:\/\/truzzer.com\/wp-content\/uploads\/2026\/01\/truzzer-logo-black-1.svg","contentUrl":"https:\/\/truzzer.com\/wp-content\/uploads\/2026\/01\/truzzer-logo-black-1.svg","width":938,"height":199,"caption":"truzzer"},"image":{"@id":"https:\/\/www.truzzer.com\/fr\/#\/schema\/logo\/image\/"}}]}},"tiered_pricing_type":"fixed","tiered_pricing_fixed_rules":[],"tiered_pricing_product_settings":{"layout":"default","base_unit_name":{"singular":null,"plural":null},"default_variation":null},"tiered_pricing_minimum_quantity":null,"tiered_pricing_roles_data":[],"tiered_pricing_percentage_rules":[],"tiered_pricing_maximum_quantity":null,"tiered_pricing_quantity_step":null,"_links":{"self":[{"href":"https:\/\/www.truzzer.com\/fr\/wp-json\/wp\/v2\/product\/97018","targetHints":{"allow":["GET"]}}],"collection":[{"href":"https:\/\/www.truzzer.com\/fr\/wp-json\/wp\/v2\/product"}],"about":[{"href":"https:\/\/www.truzzer.com\/fr\/wp-json\/wp\/v2\/types\/product"}],"replies":[{"embeddable":true,"href":"https:\/\/www.truzzer.com\/fr\/wp-json\/wp\/v2\/comments?post=97018"}],"wp:featuredmedia":[{"embeddable":true,"href":"https:\/\/www.truzzer.com\/fr\/wp-json\/wp\/v2\/media\/97041"}],"wp:attachment":[{"href":"https:\/\/www.truzzer.com\/fr\/wp-json\/wp\/v2\/media?parent=97018"}],"wp:term":[{"taxonomy":"product_brand","embeddable":true,"href":"https:\/\/www.truzzer.com\/fr\/wp-json\/wp\/v2\/product_brand?post=97018"},{"taxonomy":"product_cat","embeddable":true,"href":"https:\/\/www.truzzer.com\/fr\/wp-json\/wp\/v2\/product_cat?post=97018"},{"taxonomy":"product_tag","embeddable":true,"href":"https:\/\/www.truzzer.com\/fr\/wp-json\/wp\/v2\/product_tag?post=97018"}],"curies":[{"name":"wp","href":"https:\/\/api.w.org\/{rel}","templated":true}]}}