{"id":97098,"date":"2026-02-01T19:55:47","date_gmt":"2026-02-01T19:55:47","guid":{"rendered":"https:\/\/beta.truzzer.com\/product\/paypal-pay-nfc-tag-and-qr-code-table-stand\/"},"modified":"2026-02-13T08:21:03","modified_gmt":"2026-02-13T08:21:03","slug":"paypal-pay-nfc-tag-and-qr-code-table-stand","status":"publish","type":"product","link":"https:\/\/www.truzzer.com\/fr\/produit\/paypal-pay-nfc-tag-and-qr-code-table-stand\/","title":{"rendered":"PayPal payez l&rsquo;\u00e9tiquette NFC et le support de table de codes QR"},"content":{"rendered":"<h3>PayPal NFC Support de table en acrylique pour paiement \u2013 La solution moderne pour les paiements sans contact<\/h3>\n<p>Am\u00e9liorez l&rsquo;exp\u00e9rience de paiement sans contact dans votre entreprise avec le nouveau support de table de paiement PayPal NFC en acrylique haute r\u00e9sistance. Ce support de table combine un design moderne, une facilit\u00e9 d&rsquo;utilisation et une technologie innovante pour rendre les paiements aussi pratiques que possible pour vos clients. Suite au rafra\u00eechissement de la marque PayPal cet automne, le design a \u00e9t\u00e9 remani\u00e9 pour offrir un look frais et contemporain qui s&rsquo;int\u00e8gre parfaitement \u00e0 tout environnement professionnel.<\/p>\n<p><strong>Construction en acrylique de qualit\u00e9 sup\u00e9rieure<\/strong><\/p>\n<p>Fabriqu\u00e9 en acrylique solide de haute qualit\u00e9, le support de table garantit non seulement la long\u00e9vit\u00e9, mais offre \u00e9galement une apparence professionnelle qui compl\u00e8te n&rsquo;importe quel environnement. Le mat\u00e9riau robuste est r\u00e9sistant aux rayures, facile \u00e0 nettoyer et conserve sa clart\u00e9 m\u00eame en cas d&rsquo;utilisation intensive. Cela rend le stand id\u00e9al pour les zones \u00e0 fort trafic comme les restaurants, les caf\u00e9s, les bars et les magasins de d\u00e9tail.<\/p>\n<p><strong>Options de paiement innovantes\u00a0: codes NFC et QR<\/strong><\/p>\n<p>Le support de table PayPal propose deux m\u00e9thodes de paiement modernes pour r\u00e9pondre aux besoins de vos clients\u00a0: la technologie NFC et le code QR. Ces fonctionnalit\u00e9s rendent le processus de paiement non seulement simple mais incroyablement rapide.<\/p>\n<ul>\n<li><strong>Technologie NFC conviviale<\/strong>\u00a0: les clients peuvent simplement placer leur smartphone au-dessus du capteur NFC et le processus de paiement d\u00e9marre imm\u00e9diatement. La technologie NFC est particuli\u00e8rement conviviale, n\u00e9cessitant une interaction minimale. Il suffit d&rsquo;appuyer rapidement sur un smartphone compatible NFC pour lancer le paiement\u00a0: id\u00e9al pour des transactions rapides et sans tracas dans des environnements d&rsquo;h\u00f4tellerie ou de vente au d\u00e9tail tr\u00e8s fr\u00e9quent\u00e9s.<\/li>\n<li><strong>Fonctionnalit\u00e9 de code QR flexible\u00a0:<\/strong> Pour les clients qui ne peuvent pas utiliser NFC, la fonction de code QR offre une option tout aussi flexible. Scannez simplement le code QR avec l&rsquo;appareil photo du smartphone pour effectuer un paiement s\u00e9curis\u00e9 via l&rsquo;application PayPal. Les deux options offrent une m\u00e9thode s\u00e9curis\u00e9e et fiable pour traiter les paiements sans contact et efficacement.<\/li>\n<\/ul>\n<p><strong>Design contemporain dans le nouveau look PayPal<\/strong><\/p>\n<p>Le support de table pr\u00e9sente le nouveau design PayPal modernis\u00e9 introduit lors du rafra\u00eechissement de la marque. Cette esth\u00e9tique fra\u00eeche et \u00e9pur\u00e9e assure une apparence professionnelle mais moderne. Les couleurs vives et le logo PayPal redessin\u00e9 font du support de table un \u00e9l\u00e9ment accrocheur qui s&rsquo;int\u00e8gre bien dans n&rsquo;importe quel environnement sans \u00eatre intrusif.<\/p>\n<p>Son design compact et minimaliste vous permet de placer le support de table sans effort sur des comptoirs, des tables ou dans les zones de caisse sans prendre trop de place. Cela permet de rester concentr\u00e9 sur le processus de paiement tout en ajoutant une touche d&rsquo;\u00e9l\u00e9gance et de professionnalisme \u00e0 votre entreprise.<\/p>\n<p><strong>Applications polyvalentes du support de table PayPal NFC<\/strong><\/p>\n<p>Ce support de table convient \u00e0 un large \u00e9ventail de secteurs d&rsquo;activit\u00e9 et est particuli\u00e8rement id\u00e9al pour les restaurants, caf\u00e9s, bars et magasins de d\u00e9tail o\u00f9 des processus de paiement rapides et simples sont requis. C&rsquo;est \u00e9galement un outil pr\u00e9cieux lors de salons ou d&rsquo;\u00e9v\u00e9nements professionnels, offrant aux clients des options de paiement sans contact sans avoir besoin de mat\u00e9riel ou de terminaux suppl\u00e9mentaires.<\/p>\n<p>Gr\u00e2ce \u00e0 sa taille compacte et \u00e0 sa construction robuste, le support de table peut \u00eatre plac\u00e9 \u00e0 divers endroits sans occuper beaucoup de place. Que ce soit sur les tables des restaurants ou \u00e0 la caisse des magasins, le support de table de paiement PayPal NFC est polyvalent et garantit une impression professionnelle.<\/p>\n<p><strong>Conclusion<\/strong><\/p>\n<p>Le support de table de paiement en acrylique PayPal NFC est la solution id\u00e9ale pour les entreprises qui souhaitent offrir \u00e0 leurs clients une option de paiement rapide, simple et moderne. Gr\u00e2ce \u00e0 la combinaison de la technologie NFC et du code QR, le support de table offre une flexibilit\u00e9 et une efficacit\u00e9 maximales. Son design moderne dans le nouveau look PayPal et sa construction durable en font un compl\u00e9ment id\u00e9al \u00e0 toute entreprise qui adopte les paiements sans contact.<\/p>\n<p>Pour les entreprises \u00e0 la recherche d&rsquo;une solution simple et imm\u00e9diatement d\u00e9ployable pour les paiements sans contact, le support de table de paiement PayPal NFC est le choix id\u00e9al. B\u00e9n\u00e9ficiez de l&rsquo;efficacit\u00e9 et de la convivialit\u00e9 de ce mode de paiement moderne et offrez \u00e0 vos clients l&rsquo;exp\u00e9rience de paiement confortable et rapide qu&rsquo;ils attendent.<\/p>\n","protected":false},"excerpt":{"rendered":"<h3>Avantages pour votre entreprise<\/h3>\n<p>Le <strong>Pr\u00e9sentoir de table de paiement PayPal NFC<\/strong> est un ajout pr\u00e9cieux pour toute entreprise cherchant \u00e0 offrir \u00e0 ses clients une exp\u00e9rience de paiement moderne et transparente. Voici quelques-uns des <strong>avantages cl\u00e9s<\/strong> de ce pr\u00e9sentoir de table\u00a0:<\/p>\n<ul>\n<li><strong>Paiements sans contact<\/strong>\u00a0: gr\u00e2ce aux fonctionnalit\u00e9s de code NFC et QR, vos clients peuvent payer rapidement et en toute s\u00e9curit\u00e9, sans contact physique. Ce n&rsquo;est pas seulement pratique, mais aussi hygi\u00e9nique\u00a0: un facteur crucial dans le monde d&rsquo;aujourd&rsquo;hui.<\/li>\n<li><strong>Vitesse et efficacit\u00e9<\/strong>\u00a0: gr\u00e2ce \u00e0 la technologie NFC, les paiements sont effectu\u00e9s en quelques secondes. Cela permet de gagner du temps et de r\u00e9duire les temps d&rsquo;attente pour vous et vos clients.<\/li>\n<li><strong>Robuste et durable\u00a0:<\/strong> le pr\u00e9sentoir de table est fabriqu\u00e9 en acrylique haute r\u00e9sistance, garantissant une longue dur\u00e9e de vie, m\u00eame en cas d&rsquo;utilisation quotidienne et intensive.<\/li>\n<li><strong>Flexibilit\u00e9<\/strong>\u00a0: \u00e9tant donn\u00e9 que les options de code NFC et QR sont disponibles, vos clients peuvent choisir la m\u00e9thode qui leur convient le mieux.<\/li>\n<li><strong>Facile \u00e0 utiliser<\/strong>\u00a0: aucune personnalisation ou configuration n&rsquo;est n\u00e9cessaire. Le pr\u00e9sentoir de table est pr\u00eat \u00e0 l&#8217;emploi imm\u00e9diatement et peut \u00eatre plac\u00e9 directement dans votre commerce.<\/li>\n<\/ul>\n","protected":false},"featured_media":97102,"comment_status":"open","ping_status":"closed","template":"","meta":{"_acf_changed":false,"_yoast_wpseo_focuskw":"PayPal QR Code Pr\u00e9sentoir de table","_yoast_wpseo_title":"PayPal pay NFC tag and QR code table stand | truzzer","_yoast_wpseo_metadesc":"Acceptez les paiements PayPal avec PayPal pay NFC tag and QR code table stand de truzzer. Installation facile, pr\u00eat \u00e0 l'emploi. Commandez !"},"product_brand":[1627],"product_cat":[558,1369],"product_tag":[],"class_list":{"0":"post-97098","1":"product","2":"type-product","3":"status-publish","4":"has-post-thumbnail","6":"product_brand-paypal","7":"product_cat-nfc-produits","8":"product_cat-paiement-paypal-presentoirs-de-table-avec-qr-nfc","9":"pa_industry-hotel","10":"pa_industry-medische-praktijk","11":"pa_industry-restaurant-cafe","12":"pa_material-acrylic","13":"pa_placement-balie-reception","14":"pa_placement-kassa-pos","15":"pa_placement-tafel","16":"pa_product-type-presentoirs-et-stands","17":"pa_technology-nfc","18":"pa_technology-qr-nfc-2","20":"first","21":"instock","22":"taxable","23":"shipping-taxable","24":"purchasable","25":"product-type-simple"},"acf":[],"yoast_head":"<!-- This site is optimized with the Yoast SEO plugin v27.0 - https:\/\/yoast.com\/product\/yoast-seo-wordpress\/ -->\n<title>PayPal pay NFC tag and QR code table stand | truzzer<\/title>\n<meta name=\"description\" content=\"Acceptez les paiements PayPal avec PayPal pay NFC tag and QR code table stand de truzzer. Installation facile, pr\u00eat \u00e0 l&#039;emploi. Commandez !\" \/>\n<meta name=\"robots\" content=\"index, follow, max-snippet:-1, max-image-preview:large, max-video-preview:-1\" \/>\n<link rel=\"canonical\" href=\"https:\/\/www.truzzer.com\/fr\/produit\/paypal-pay-nfc-tag-and-qr-code-table-stand\/\" \/>\n<meta property=\"og:locale\" content=\"fr_FR\" \/>\n<meta property=\"og:type\" content=\"article\" \/>\n<meta property=\"og:title\" content=\"PayPal pay NFC tag and QR code table stand | truzzer\" \/>\n<meta property=\"og:description\" content=\"Acceptez les paiements PayPal avec PayPal pay NFC tag and QR code table stand de truzzer. Installation facile, pr\u00eat \u00e0 l&#039;emploi. Commandez !\" \/>\n<meta property=\"og:url\" content=\"https:\/\/www.truzzer.com\/fr\/produit\/paypal-pay-nfc-tag-and-qr-code-table-stand\/\" \/>\n<meta property=\"og:site_name\" content=\"truzzer\" \/>\n<meta property=\"article:modified_time\" content=\"2026-02-13T08:21:03+00:00\" \/>\n<meta property=\"og:image\" content=\"https:\/\/www.truzzer.com\/wp-content\/uploads\/2026\/02\/paypapl-payment-qr-code-nfc-aufsteller-empfehlio-truzzer-iso-2.jpg\" \/>\n\t<meta property=\"og:image:width\" content=\"1200\" \/>\n\t<meta property=\"og:image:height\" content=\"1200\" \/>\n\t<meta property=\"og:image:type\" content=\"image\/jpeg\" \/>\n<meta name=\"twitter:card\" content=\"summary_large_image\" \/>\n<meta name=\"twitter:label1\" content=\"Dur\u00e9e de lecture estim\u00e9e\" \/>\n\t<meta name=\"twitter:data1\" content=\"4 minutes\" \/>\n<script type=\"application\/ld+json\" class=\"yoast-schema-graph\">{\"@context\":\"https:\/\/schema.org\",\"@graph\":[{\"@type\":\"WebPage\",\"@id\":\"https:\/\/www.truzzer.com\/fr\/produit\/paypal-pay-nfc-tag-and-qr-code-table-stand\/\",\"url\":\"https:\/\/www.truzzer.com\/fr\/produit\/paypal-pay-nfc-tag-and-qr-code-table-stand\/\",\"name\":\"PayPal pay NFC tag and QR code table stand | truzzer\",\"isPartOf\":{\"@id\":\"https:\/\/www.truzzer.com\/fr\/#website\"},\"primaryImageOfPage\":{\"@id\":\"https:\/\/www.truzzer.com\/fr\/produit\/paypal-pay-nfc-tag-and-qr-code-table-stand\/#primaryimage\"},\"image\":{\"@id\":\"https:\/\/www.truzzer.com\/fr\/produit\/paypal-pay-nfc-tag-and-qr-code-table-stand\/#primaryimage\"},\"thumbnailUrl\":\"https:\/\/www.truzzer.com\/wp-content\/uploads\/2026\/02\/paypapl-payment-qr-code-nfc-aufsteller-empfehlio-truzzer-iso-2.jpg\",\"datePublished\":\"2026-02-01T19:55:47+00:00\",\"dateModified\":\"2026-02-13T08:21:03+00:00\",\"description\":\"Acceptez les paiements PayPal avec PayPal pay NFC tag and QR code table stand de truzzer. Installation facile, pr\u00eat \u00e0 l'emploi. Commandez !\",\"breadcrumb\":{\"@id\":\"https:\/\/www.truzzer.com\/fr\/produit\/paypal-pay-nfc-tag-and-qr-code-table-stand\/#breadcrumb\"},\"inLanguage\":\"fr-FR\",\"potentialAction\":[{\"@type\":\"ReadAction\",\"target\":[\"https:\/\/www.truzzer.com\/fr\/produit\/paypal-pay-nfc-tag-and-qr-code-table-stand\/\"]}]},{\"@type\":\"ImageObject\",\"inLanguage\":\"fr-FR\",\"@id\":\"https:\/\/www.truzzer.com\/fr\/produit\/paypal-pay-nfc-tag-and-qr-code-table-stand\/#primaryimage\",\"url\":\"https:\/\/www.truzzer.com\/wp-content\/uploads\/2026\/02\/paypapl-payment-qr-code-nfc-aufsteller-empfehlio-truzzer-iso-2.jpg\",\"contentUrl\":\"https:\/\/www.truzzer.com\/wp-content\/uploads\/2026\/02\/paypapl-payment-qr-code-nfc-aufsteller-empfehlio-truzzer-iso-2.jpg\",\"width\":1200,\"height\":1200},{\"@type\":\"BreadcrumbList\",\"@id\":\"https:\/\/www.truzzer.com\/fr\/produit\/paypal-pay-nfc-tag-and-qr-code-table-stand\/#breadcrumb\",\"itemListElement\":[{\"@type\":\"ListItem\",\"position\":1,\"name\":\"Home\",\"item\":\"https:\/\/www.truzzer.com\/fr\/\"},{\"@type\":\"ListItem\",\"position\":2,\"name\":\"Boutique\",\"item\":\"https:\/\/www.truzzer.com\/fr\/boutique\/\"},{\"@type\":\"ListItem\",\"position\":3,\"name\":\"PayPal payez l&#8217;\u00e9tiquette NFC et le support de table de codes QR\"}]},{\"@type\":\"WebSite\",\"@id\":\"https:\/\/www.truzzer.com\/fr\/#website\",\"url\":\"https:\/\/www.truzzer.com\/fr\/\",\"name\":\"truzzer\",\"description\":\"Experts for customer trust\",\"publisher\":{\"@id\":\"https:\/\/www.truzzer.com\/fr\/#organization\"},\"potentialAction\":[{\"@type\":\"SearchAction\",\"target\":{\"@type\":\"EntryPoint\",\"urlTemplate\":\"https:\/\/www.truzzer.com\/fr\/?s={search_term_string}\"},\"query-input\":{\"@type\":\"PropertyValueSpecification\",\"valueRequired\":true,\"valueName\":\"search_term_string\"}}],\"inLanguage\":\"fr-FR\"},{\"@type\":\"Organization\",\"@id\":\"https:\/\/www.truzzer.com\/fr\/#organization\",\"name\":\"truzzer\",\"url\":\"https:\/\/www.truzzer.com\/fr\/\",\"logo\":{\"@type\":\"ImageObject\",\"inLanguage\":\"fr-FR\",\"@id\":\"https:\/\/www.truzzer.com\/fr\/#\/schema\/logo\/image\/\",\"url\":\"https:\/\/truzzer.com\/wp-content\/uploads\/2026\/01\/truzzer-logo-black-1.svg\",\"contentUrl\":\"https:\/\/truzzer.com\/wp-content\/uploads\/2026\/01\/truzzer-logo-black-1.svg\",\"width\":938,\"height\":199,\"caption\":\"truzzer\"},\"image\":{\"@id\":\"https:\/\/www.truzzer.com\/fr\/#\/schema\/logo\/image\/\"}}]}<\/script>\n<!-- \/ Yoast SEO plugin. -->","yoast_head_json":{"title":"PayPal pay NFC tag and QR code table stand | truzzer","description":"Acceptez les paiements PayPal avec PayPal pay NFC tag and QR code table stand de truzzer. Installation facile, pr\u00eat \u00e0 l'emploi. Commandez !","robots":{"index":"index","follow":"follow","max-snippet":"max-snippet:-1","max-image-preview":"max-image-preview:large","max-video-preview":"max-video-preview:-1"},"canonical":"https:\/\/www.truzzer.com\/fr\/produit\/paypal-pay-nfc-tag-and-qr-code-table-stand\/","og_locale":"fr_FR","og_type":"article","og_title":"PayPal pay NFC tag and QR code table stand | truzzer","og_description":"Acceptez les paiements PayPal avec PayPal pay NFC tag and QR code table stand de truzzer. Installation facile, pr\u00eat \u00e0 l'emploi. Commandez !","og_url":"https:\/\/www.truzzer.com\/fr\/produit\/paypal-pay-nfc-tag-and-qr-code-table-stand\/","og_site_name":"truzzer","article_modified_time":"2026-02-13T08:21:03+00:00","og_image":[{"width":1200,"height":1200,"url":"https:\/\/www.truzzer.com\/wp-content\/uploads\/2026\/02\/paypapl-payment-qr-code-nfc-aufsteller-empfehlio-truzzer-iso-2.jpg","type":"image\/jpeg"}],"twitter_card":"summary_large_image","twitter_misc":{"Dur\u00e9e de lecture estim\u00e9e":"4 minutes"},"schema":{"@context":"https:\/\/schema.org","@graph":[{"@type":"WebPage","@id":"https:\/\/www.truzzer.com\/fr\/produit\/paypal-pay-nfc-tag-and-qr-code-table-stand\/","url":"https:\/\/www.truzzer.com\/fr\/produit\/paypal-pay-nfc-tag-and-qr-code-table-stand\/","name":"PayPal pay NFC tag and QR code table stand | truzzer","isPartOf":{"@id":"https:\/\/www.truzzer.com\/fr\/#website"},"primaryImageOfPage":{"@id":"https:\/\/www.truzzer.com\/fr\/produit\/paypal-pay-nfc-tag-and-qr-code-table-stand\/#primaryimage"},"image":{"@id":"https:\/\/www.truzzer.com\/fr\/produit\/paypal-pay-nfc-tag-and-qr-code-table-stand\/#primaryimage"},"thumbnailUrl":"https:\/\/www.truzzer.com\/wp-content\/uploads\/2026\/02\/paypapl-payment-qr-code-nfc-aufsteller-empfehlio-truzzer-iso-2.jpg","datePublished":"2026-02-01T19:55:47+00:00","dateModified":"2026-02-13T08:21:03+00:00","description":"Acceptez les paiements PayPal avec PayPal pay NFC tag and QR code table stand de truzzer. Installation facile, pr\u00eat \u00e0 l'emploi. Commandez !","breadcrumb":{"@id":"https:\/\/www.truzzer.com\/fr\/produit\/paypal-pay-nfc-tag-and-qr-code-table-stand\/#breadcrumb"},"inLanguage":"fr-FR","potentialAction":[{"@type":"ReadAction","target":["https:\/\/www.truzzer.com\/fr\/produit\/paypal-pay-nfc-tag-and-qr-code-table-stand\/"]}]},{"@type":"ImageObject","inLanguage":"fr-FR","@id":"https:\/\/www.truzzer.com\/fr\/produit\/paypal-pay-nfc-tag-and-qr-code-table-stand\/#primaryimage","url":"https:\/\/www.truzzer.com\/wp-content\/uploads\/2026\/02\/paypapl-payment-qr-code-nfc-aufsteller-empfehlio-truzzer-iso-2.jpg","contentUrl":"https:\/\/www.truzzer.com\/wp-content\/uploads\/2026\/02\/paypapl-payment-qr-code-nfc-aufsteller-empfehlio-truzzer-iso-2.jpg","width":1200,"height":1200},{"@type":"BreadcrumbList","@id":"https:\/\/www.truzzer.com\/fr\/produit\/paypal-pay-nfc-tag-and-qr-code-table-stand\/#breadcrumb","itemListElement":[{"@type":"ListItem","position":1,"name":"Home","item":"https:\/\/www.truzzer.com\/fr\/"},{"@type":"ListItem","position":2,"name":"Boutique","item":"https:\/\/www.truzzer.com\/fr\/boutique\/"},{"@type":"ListItem","position":3,"name":"PayPal payez l&#8217;\u00e9tiquette NFC et le support de table de codes QR"}]},{"@type":"WebSite","@id":"https:\/\/www.truzzer.com\/fr\/#website","url":"https:\/\/www.truzzer.com\/fr\/","name":"truzzer","description":"Experts for customer trust","publisher":{"@id":"https:\/\/www.truzzer.com\/fr\/#organization"},"potentialAction":[{"@type":"SearchAction","target":{"@type":"EntryPoint","urlTemplate":"https:\/\/www.truzzer.com\/fr\/?s={search_term_string}"},"query-input":{"@type":"PropertyValueSpecification","valueRequired":true,"valueName":"search_term_string"}}],"inLanguage":"fr-FR"},{"@type":"Organization","@id":"https:\/\/www.truzzer.com\/fr\/#organization","name":"truzzer","url":"https:\/\/www.truzzer.com\/fr\/","logo":{"@type":"ImageObject","inLanguage":"fr-FR","@id":"https:\/\/www.truzzer.com\/fr\/#\/schema\/logo\/image\/","url":"https:\/\/truzzer.com\/wp-content\/uploads\/2026\/01\/truzzer-logo-black-1.svg","contentUrl":"https:\/\/truzzer.com\/wp-content\/uploads\/2026\/01\/truzzer-logo-black-1.svg","width":938,"height":199,"caption":"truzzer"},"image":{"@id":"https:\/\/www.truzzer.com\/fr\/#\/schema\/logo\/image\/"}}]}},"tiered_pricing_type":"fixed","tiered_pricing_fixed_rules":[],"tiered_pricing_product_settings":{"layout":"default","base_unit_name":{"singular":null,"plural":null},"default_variation":null},"tiered_pricing_minimum_quantity":null,"tiered_pricing_roles_data":[],"tiered_pricing_percentage_rules":[],"tiered_pricing_maximum_quantity":null,"tiered_pricing_quantity_step":null,"_links":{"self":[{"href":"https:\/\/www.truzzer.com\/fr\/wp-json\/wp\/v2\/product\/97098","targetHints":{"allow":["GET"]}}],"collection":[{"href":"https:\/\/www.truzzer.com\/fr\/wp-json\/wp\/v2\/product"}],"about":[{"href":"https:\/\/www.truzzer.com\/fr\/wp-json\/wp\/v2\/types\/product"}],"replies":[{"embeddable":true,"href":"https:\/\/www.truzzer.com\/fr\/wp-json\/wp\/v2\/comments?post=97098"}],"wp:featuredmedia":[{"embeddable":true,"href":"https:\/\/www.truzzer.com\/fr\/wp-json\/wp\/v2\/media\/97102"}],"wp:attachment":[{"href":"https:\/\/www.truzzer.com\/fr\/wp-json\/wp\/v2\/media?parent=97098"}],"wp:term":[{"taxonomy":"product_brand","embeddable":true,"href":"https:\/\/www.truzzer.com\/fr\/wp-json\/wp\/v2\/product_brand?post=97098"},{"taxonomy":"product_cat","embeddable":true,"href":"https:\/\/www.truzzer.com\/fr\/wp-json\/wp\/v2\/product_cat?post=97098"},{"taxonomy":"product_tag","embeddable":true,"href":"https:\/\/www.truzzer.com\/fr\/wp-json\/wp\/v2\/product_tag?post=97098"}],"curies":[{"name":"wp","href":"https:\/\/api.w.org\/{rel}","templated":true}]}}