{"id":97117,"date":"2026-02-01T19:55:19","date_gmt":"2026-02-01T19:55:19","guid":{"rendered":"https:\/\/beta.truzzer.com\/product\/tiktok-follower-nfc-tag-and-qr-code-table-stand\/"},"modified":"2026-02-13T08:23:24","modified_gmt":"2026-02-13T08:23:24","slug":"tiktok-follower-nfc-tag-and-qr-code-table-stand","status":"publish","type":"product","link":"https:\/\/www.truzzer.com\/fr\/produit\/tiktok-follower-nfc-tag-and-qr-code-table-stand\/","title":{"rendered":"TikTok Suiveur NFC \u00c9tiquette et support de table de codes QR"},"content":{"rendered":"<p><strong>\u00c9tiquette TikTok NFC et support de table de codes QR\u00a0\u2013 La solution intelligente pour promouvoir votre profil TikTok<\/strong><\/p>\n<p>Dans le monde num\u00e9rique d&rsquo;aujourd&rsquo;hui, il est de plus en plus important d&rsquo;utiliser des m\u00e9thodes innovantes et efficaces pour renforcer votre pr\u00e9sence en ligne. La <strong>balise TikTok NFC et le support de table de codes QR<\/strong>\u00a0offrent un moyen simple mais efficace de partager rapidement votre profil TikTok avec des abonn\u00e9s et des clients potentiels.<\/p>\n<h3>Qu&rsquo;est-ce qu&rsquo;un support de table \u00e0 \u00e9tiquettes TikTok NFC\u00a0?<\/h3>\n<p>Notre support de table TikTok NFC Tag est une solution moderne et interactive qui facilite la communication entre votre emplacement physique et votre profil num\u00e9rique TikTok. Il combine les avantages de la technologie NFC (Near Field Communication) avec un code QR, offrant aux utilisateurs deux mani\u00e8res diff\u00e9rentes d&rsquo;acc\u00e9der instantan\u00e9ment \u00e0 votre profil. Tout ce qu&rsquo;un client a \u00e0 faire est de tenir son smartphone \u00e0 proximit\u00e9 de la puce NFC ou de scanner le code QR imprim\u00e9. Dans les deux cas, ils seront dirig\u00e9s directement vers votre profil TikTok\u00a0: aucune application suppl\u00e9mentaire ni \u00e9tape compliqu\u00e9e n&rsquo;est requise.<\/p>\n<h3>Comment fonctionne le support de table \u00e0 \u00e9tiquettes TikTok NFC\u00a0?<\/h3>\n<p>La fonctionnalit\u00e9 est simple et conviviale\u00a0:<\/p>\n<ol>\n<li><strong>Technologie NFC\u00a0:<\/strong> les smartphones compatibles NFC doivent simplement \u00eatre tenus pr\u00e8s du support pour commencer \u00e0 \u00eatre redirig\u00e9s vers votre profil TikTok. Aucune application ni \u00e9quipement suppl\u00e9mentaire n&rsquo;est n\u00e9cessaire. Les clients re\u00e7oivent un acc\u00e8s imm\u00e9diat \u00e0 vos informations ou sont directement redirig\u00e9s vers votre profil.<\/li>\n<li><strong>Int\u00e9gration du code QR<\/strong>\u00a0: pour les appareils qui ne prennent pas en charge NFC ou si le client pr\u00e9f\u00e8re une option diff\u00e9rente, il peut simplement scanner le code QR int\u00e9gr\u00e9. Ce code QR m\u00e8ne \u00e9galement directement \u00e0 votre profil TikTok.<\/li>\n<\/ol>\n<p>Avec cette combinaison, vous couvrez toutes les bases et permettez \u00e0 vos clients de se connecter extr\u00eamement facilement avec vous.<\/p>\n<h3>Pourquoi le support de table Tag TikTok NFC est un incontournable pour votre strat\u00e9gie marketing<\/h3>\n<p>Dans le monde de TikTok, la rapidit\u00e9 et la simplicit\u00e9 sont essentielles. Les gens veulent un acc\u00e8s imm\u00e9diat et sans tracas au contenu. C&rsquo;est l\u00e0 que brille le support de table TikTok NFC Tag. Gr\u00e2ce \u00e0 son utilisation simple et \u00e0 son acc\u00e8s instantan\u00e9 \u00e0 votre profil TikTok, vous pouvez\u00a0:<\/p>\n<ul>\n<li><strong>Gagnez plus d&rsquo;abonn\u00e9s<\/strong>\u00a0: en permettant aux clients de vous trouver facilement, vous augmentez la probabilit\u00e9 qu&rsquo;ils vous suivent et interagissent avec votre contenu.<\/li>\n<li><strong>Augmentez l&rsquo;engagement<\/strong>\u00a0: avec une analyse rapide ou une touche NFC, vos clients peuvent acc\u00e9der \u00e0 vos vid\u00e9os et interagir avec vous imm\u00e9diatement, que ce soit via des commentaires, des likes ou le partage de votre contenu.<\/li>\n<li><strong>Renforcez votre marque\u00a0:<\/strong> Pr\u00e9sentez votre profil TikTok de mani\u00e8re professionnelle et montrez \u00e0 vos clients que vous \u00eates \u00e0 jour dans le monde num\u00e9rique.<\/li>\n<\/ul>\n<h3>Parfait pour les entreprises, les \u00e9v\u00e9nements et les influenceurs<\/h3>\n<p>Que vous dirigiez une entreprise, soyez pr\u00e9sent \u00e0 un salon professionnel ou \u00e0 un \u00e9v\u00e9nement, ou souhaitiez simplement augmenter votre port\u00e9e en tant qu&rsquo;influenceur, le <strong>Support de table \u00e0 \u00e9tiquettes TikTok NFC<\/strong>\u00a0est le compagnon id\u00e9al. Placez-le sur votre stand de vente, dans votre magasin ou lors de votre \u00e9v\u00e9nement, et donnez la possibilit\u00e9 \u00e0 vos clients d&rsquo;interagir imm\u00e9diatement avec vous. La combinaison des codes NFC et QR atteint un large public, quelles que soient leurs capacit\u00e9s techniques.<\/p>\n<h3>Avantages du support de table d&rsquo;\u00e9tiquettes TikTok NFC en un coup d&rsquo;\u0153il\u00a0:<\/h3>\n<ul>\n<li><strong>Acc\u00e8s instantan\u00e9 \u00e0 votre profil TikTok\u00a0:<\/strong> D&rsquo;un simple clic ou scan, vos clients sont dirig\u00e9s vers votre profil TikTok.<\/li>\n<li><strong>Aucun probl\u00e8me d&rsquo;installation<\/strong>\u00a0: les clients n&rsquo;ont pas besoin d&rsquo;installer d&rsquo;applications suppl\u00e9mentaires\u00a0: cette technologie est pr\u00eate \u00e0 \u00eatre utilis\u00e9e imm\u00e9diatement.<\/li>\n<li><strong>Gain de temps pour vos clients<\/strong>\u00a0: acc\u00e8s rapide et facile \u00e0 votre contenu sans longues recherches ni saisies.<\/li>\n<li><strong>Double technologie\u00a0:<\/strong> les codes NFC et QR offrent deux mani\u00e8res de garantir que tout le monde puisse y acc\u00e9der.<\/li>\n<li><strong>Flexible et polyvalent\u00a0:<\/strong> id\u00e9al pour une utilisation en magasin, lors de salons professionnels, d&rsquo;\u00e9v\u00e9nements ou dans le cadre de votre strat\u00e9gie de marketing num\u00e9rique.<\/li>\n<\/ul>\n<h3>Conclusion\u00a0: Le support de table Tag TikTok NFC\u00a0\u2013 Votre cl\u00e9 pour une plus grande port\u00e9e et un plus grand succ\u00e8s<\/h3>\n<p>\u00c0 l&rsquo;\u00e8re num\u00e9rique d&rsquo;aujourd&rsquo;hui, o\u00f9 TikTok prend de plus en plus d&rsquo;importance, il est essentiel d&rsquo;utiliser des moyens simples et efficaces pour promouvoir votre profil. Avec le <strong>Support de table \u00e0 \u00e9tiquettes TikTok NFC<\/strong> dot\u00e9 d&rsquo;un code QR int\u00e9gr\u00e9, vous offrez \u00e0 vos clients un moyen moderne et rapide de vous trouver et d&rsquo;interagir avec vous sur TikTok. Que ce soit pour la vente au d\u00e9tail, des \u00e9v\u00e9nements ou des influenceurs, ce stand est l&rsquo;outil id\u00e9al pour renforcer votre pr\u00e9sence en ligne.<\/p>\n<p>Investissez d\u00e8s maintenant dans le <strong>support de table \u00e0 \u00e9tiquettes TikTok NFC<\/strong>\u00a0et voyez \u00e0 quel point il peut \u00eatre facile de gagner plus d&rsquo;abonn\u00e9s et de promouvoir avec succ\u00e8s votre profil TikTok\u00a0!<\/p>\n","protected":false},"excerpt":{"rendered":"<p><strong>D\u00e9couvrez le support TikTok NFC \u2013 Votre lien direct vers votre profil TikTok\u00a0!<\/strong><\/p>\n<p>Avec notre stand TikTok NFC, il n&rsquo;a jamais \u00e9t\u00e9 aussi simple pour vos clients de d\u00e9couvrir votre profil. Tout ce qu&rsquo;ils ont \u00e0 faire est de tenir leur smartphone devant le support ou de scanner le code QR int\u00e9gr\u00e9 \u2013 et ils seront directement redirig\u00e9s vers votre profil TikTok. Pas de saisie, pas de recherche, juste un moyen rapide et intelligent de gagner plus d&rsquo;abonn\u00e9s et d&rsquo;engagement.<\/p>\n<p>Parfait pour les entreprises, les \u00e9v\u00e9nements ou toute personne souhaitant promouvoir sa pr\u00e9sence TikTok sans effort. Placez-le simplement et vous \u00eates pr\u00eat \u00e0 partir\u00a0!<\/p>\n","protected":false},"featured_media":97127,"comment_status":"open","ping_status":"closed","template":"","meta":{"_acf_changed":false,"_yoast_wpseo_focuskw":"TikTok QR Code Pr\u00e9sentoir de table","_yoast_wpseo_title":"TikTok Follower NFC Tag and QR Code Table Stand | truzzer","_yoast_wpseo_metadesc":"Augmentez votre port\u00e9e TikTok avec TikTok Follower NFC Tag and QR Code Table Stand de truzzer. Installation facile, pr\u00eat \u00e0 l'emploi. Commandez !"},"product_brand":[1683],"product_cat":[1371,1372,620,558,1340],"product_tag":[],"class_list":{"0":"post-97117","1":"product","2":"type-product","3":"status-publish","4":"has-post-thumbnail","6":"product_brand-tiktok","7":"product_cat-abonnes-tiktok-presentoirs-de-table","8":"product_cat-abonnes-tiktok-presentoirs-de-table-avec-qr-nfc","9":"product_cat-abonnes-tiktok-produits","10":"product_cat-nfc-produits","11":"product_cat-nfc-supports","12":"pa_industry-hotel","13":"pa_industry-medische-praktijk","14":"pa_industry-restaurant-cafe","15":"pa_material-acrylic","16":"pa_placement-balie-reception","17":"pa_placement-kassa-pos","18":"pa_placement-tafel","19":"pa_product-type-presentoirs-et-stands","20":"pa_technology-nfc","21":"pa_technology-qr-nfc-2","23":"first","24":"instock","25":"taxable","26":"shipping-taxable","27":"purchasable","28":"product-type-simple"},"acf":[],"yoast_head":"<!-- This site is optimized with the Yoast SEO plugin v27.0 - https:\/\/yoast.com\/product\/yoast-seo-wordpress\/ -->\n<title>TikTok Follower NFC Tag and QR Code Table Stand | truzzer<\/title>\n<meta name=\"description\" content=\"Augmentez votre port\u00e9e TikTok avec TikTok Follower NFC Tag and QR Code Table Stand de truzzer. Installation facile, pr\u00eat \u00e0 l&#039;emploi. Commandez !\" \/>\n<meta name=\"robots\" content=\"index, follow, max-snippet:-1, max-image-preview:large, max-video-preview:-1\" \/>\n<link rel=\"canonical\" href=\"https:\/\/www.truzzer.com\/fr\/produit\/tiktok-follower-nfc-tag-and-qr-code-table-stand\/\" \/>\n<meta property=\"og:locale\" content=\"fr_FR\" \/>\n<meta property=\"og:type\" content=\"article\" \/>\n<meta property=\"og:title\" content=\"TikTok Follower NFC Tag and QR Code Table Stand | truzzer\" \/>\n<meta property=\"og:description\" content=\"Augmentez votre port\u00e9e TikTok avec TikTok Follower NFC Tag and QR Code Table Stand de truzzer. Installation facile, pr\u00eat \u00e0 l&#039;emploi. Commandez !\" \/>\n<meta property=\"og:url\" content=\"https:\/\/www.truzzer.com\/fr\/produit\/tiktok-follower-nfc-tag-and-qr-code-table-stand\/\" \/>\n<meta property=\"og:site_name\" content=\"truzzer\" \/>\n<meta property=\"article:modified_time\" content=\"2026-02-13T08:23:24+00:00\" \/>\n<meta property=\"og:image\" content=\"https:\/\/www.truzzer.com\/wp-content\/uploads\/2026\/02\/tiktok-nfc-qr-stand-silver-s-jpg-8.webp\" \/>\n\t<meta property=\"og:image:width\" content=\"1400\" \/>\n\t<meta property=\"og:image:height\" content=\"1400\" \/>\n\t<meta property=\"og:image:type\" content=\"image\/webp\" \/>\n<meta name=\"twitter:card\" content=\"summary_large_image\" \/>\n<meta name=\"twitter:label1\" content=\"Dur\u00e9e de lecture estim\u00e9e\" \/>\n\t<meta name=\"twitter:data1\" content=\"4 minutes\" \/>\n<script type=\"application\/ld+json\" class=\"yoast-schema-graph\">{\"@context\":\"https:\/\/schema.org\",\"@graph\":[{\"@type\":\"WebPage\",\"@id\":\"https:\/\/www.truzzer.com\/fr\/produit\/tiktok-follower-nfc-tag-and-qr-code-table-stand\/\",\"url\":\"https:\/\/www.truzzer.com\/fr\/produit\/tiktok-follower-nfc-tag-and-qr-code-table-stand\/\",\"name\":\"TikTok Follower NFC Tag and QR Code Table Stand | truzzer\",\"isPartOf\":{\"@id\":\"https:\/\/www.truzzer.com\/fr\/#website\"},\"primaryImageOfPage\":{\"@id\":\"https:\/\/www.truzzer.com\/fr\/produit\/tiktok-follower-nfc-tag-and-qr-code-table-stand\/#primaryimage\"},\"image\":{\"@id\":\"https:\/\/www.truzzer.com\/fr\/produit\/tiktok-follower-nfc-tag-and-qr-code-table-stand\/#primaryimage\"},\"thumbnailUrl\":\"https:\/\/www.truzzer.com\/wp-content\/uploads\/2026\/02\/tiktok-nfc-qr-stand-silver-s-jpg-8.webp\",\"datePublished\":\"2026-02-01T19:55:19+00:00\",\"dateModified\":\"2026-02-13T08:23:24+00:00\",\"description\":\"Augmentez votre port\u00e9e TikTok avec TikTok Follower NFC Tag and QR Code Table Stand de truzzer. Installation facile, pr\u00eat \u00e0 l'emploi. Commandez !\",\"breadcrumb\":{\"@id\":\"https:\/\/www.truzzer.com\/fr\/produit\/tiktok-follower-nfc-tag-and-qr-code-table-stand\/#breadcrumb\"},\"inLanguage\":\"fr-FR\",\"potentialAction\":[{\"@type\":\"ReadAction\",\"target\":[\"https:\/\/www.truzzer.com\/fr\/produit\/tiktok-follower-nfc-tag-and-qr-code-table-stand\/\"]}]},{\"@type\":\"ImageObject\",\"inLanguage\":\"fr-FR\",\"@id\":\"https:\/\/www.truzzer.com\/fr\/produit\/tiktok-follower-nfc-tag-and-qr-code-table-stand\/#primaryimage\",\"url\":\"https:\/\/www.truzzer.com\/wp-content\/uploads\/2026\/02\/tiktok-nfc-qr-stand-silver-s-jpg-8.webp\",\"contentUrl\":\"https:\/\/www.truzzer.com\/wp-content\/uploads\/2026\/02\/tiktok-nfc-qr-stand-silver-s-jpg-8.webp\",\"width\":1400,\"height\":1400},{\"@type\":\"BreadcrumbList\",\"@id\":\"https:\/\/www.truzzer.com\/fr\/produit\/tiktok-follower-nfc-tag-and-qr-code-table-stand\/#breadcrumb\",\"itemListElement\":[{\"@type\":\"ListItem\",\"position\":1,\"name\":\"Home\",\"item\":\"https:\/\/www.truzzer.com\/fr\/\"},{\"@type\":\"ListItem\",\"position\":2,\"name\":\"Boutique\",\"item\":\"https:\/\/www.truzzer.com\/fr\/boutique\/\"},{\"@type\":\"ListItem\",\"position\":3,\"name\":\"TikTok Suiveur NFC \u00c9tiquette et support de table de codes QR\"}]},{\"@type\":\"WebSite\",\"@id\":\"https:\/\/www.truzzer.com\/fr\/#website\",\"url\":\"https:\/\/www.truzzer.com\/fr\/\",\"name\":\"truzzer\",\"description\":\"Experts for customer trust\",\"publisher\":{\"@id\":\"https:\/\/www.truzzer.com\/fr\/#organization\"},\"potentialAction\":[{\"@type\":\"SearchAction\",\"target\":{\"@type\":\"EntryPoint\",\"urlTemplate\":\"https:\/\/www.truzzer.com\/fr\/?s={search_term_string}\"},\"query-input\":{\"@type\":\"PropertyValueSpecification\",\"valueRequired\":true,\"valueName\":\"search_term_string\"}}],\"inLanguage\":\"fr-FR\"},{\"@type\":\"Organization\",\"@id\":\"https:\/\/www.truzzer.com\/fr\/#organization\",\"name\":\"truzzer\",\"url\":\"https:\/\/www.truzzer.com\/fr\/\",\"logo\":{\"@type\":\"ImageObject\",\"inLanguage\":\"fr-FR\",\"@id\":\"https:\/\/www.truzzer.com\/fr\/#\/schema\/logo\/image\/\",\"url\":\"https:\/\/truzzer.com\/wp-content\/uploads\/2026\/01\/truzzer-logo-black-1.svg\",\"contentUrl\":\"https:\/\/truzzer.com\/wp-content\/uploads\/2026\/01\/truzzer-logo-black-1.svg\",\"width\":938,\"height\":199,\"caption\":\"truzzer\"},\"image\":{\"@id\":\"https:\/\/www.truzzer.com\/fr\/#\/schema\/logo\/image\/\"}}]}<\/script>\n<!-- \/ Yoast SEO plugin. -->","yoast_head_json":{"title":"TikTok Follower NFC Tag and QR Code Table Stand | truzzer","description":"Augmentez votre port\u00e9e TikTok avec TikTok Follower NFC Tag and QR Code Table Stand de truzzer. Installation facile, pr\u00eat \u00e0 l'emploi. Commandez !","robots":{"index":"index","follow":"follow","max-snippet":"max-snippet:-1","max-image-preview":"max-image-preview:large","max-video-preview":"max-video-preview:-1"},"canonical":"https:\/\/www.truzzer.com\/fr\/produit\/tiktok-follower-nfc-tag-and-qr-code-table-stand\/","og_locale":"fr_FR","og_type":"article","og_title":"TikTok Follower NFC Tag and QR Code Table Stand | truzzer","og_description":"Augmentez votre port\u00e9e TikTok avec TikTok Follower NFC Tag and QR Code Table Stand de truzzer. Installation facile, pr\u00eat \u00e0 l'emploi. Commandez !","og_url":"https:\/\/www.truzzer.com\/fr\/produit\/tiktok-follower-nfc-tag-and-qr-code-table-stand\/","og_site_name":"truzzer","article_modified_time":"2026-02-13T08:23:24+00:00","og_image":[{"width":1400,"height":1400,"url":"https:\/\/www.truzzer.com\/wp-content\/uploads\/2026\/02\/tiktok-nfc-qr-stand-silver-s-jpg-8.webp","type":"image\/webp"}],"twitter_card":"summary_large_image","twitter_misc":{"Dur\u00e9e de lecture estim\u00e9e":"4 minutes"},"schema":{"@context":"https:\/\/schema.org","@graph":[{"@type":"WebPage","@id":"https:\/\/www.truzzer.com\/fr\/produit\/tiktok-follower-nfc-tag-and-qr-code-table-stand\/","url":"https:\/\/www.truzzer.com\/fr\/produit\/tiktok-follower-nfc-tag-and-qr-code-table-stand\/","name":"TikTok Follower NFC Tag and QR Code Table Stand | truzzer","isPartOf":{"@id":"https:\/\/www.truzzer.com\/fr\/#website"},"primaryImageOfPage":{"@id":"https:\/\/www.truzzer.com\/fr\/produit\/tiktok-follower-nfc-tag-and-qr-code-table-stand\/#primaryimage"},"image":{"@id":"https:\/\/www.truzzer.com\/fr\/produit\/tiktok-follower-nfc-tag-and-qr-code-table-stand\/#primaryimage"},"thumbnailUrl":"https:\/\/www.truzzer.com\/wp-content\/uploads\/2026\/02\/tiktok-nfc-qr-stand-silver-s-jpg-8.webp","datePublished":"2026-02-01T19:55:19+00:00","dateModified":"2026-02-13T08:23:24+00:00","description":"Augmentez votre port\u00e9e TikTok avec TikTok Follower NFC Tag and QR Code Table Stand de truzzer. Installation facile, pr\u00eat \u00e0 l'emploi. Commandez !","breadcrumb":{"@id":"https:\/\/www.truzzer.com\/fr\/produit\/tiktok-follower-nfc-tag-and-qr-code-table-stand\/#breadcrumb"},"inLanguage":"fr-FR","potentialAction":[{"@type":"ReadAction","target":["https:\/\/www.truzzer.com\/fr\/produit\/tiktok-follower-nfc-tag-and-qr-code-table-stand\/"]}]},{"@type":"ImageObject","inLanguage":"fr-FR","@id":"https:\/\/www.truzzer.com\/fr\/produit\/tiktok-follower-nfc-tag-and-qr-code-table-stand\/#primaryimage","url":"https:\/\/www.truzzer.com\/wp-content\/uploads\/2026\/02\/tiktok-nfc-qr-stand-silver-s-jpg-8.webp","contentUrl":"https:\/\/www.truzzer.com\/wp-content\/uploads\/2026\/02\/tiktok-nfc-qr-stand-silver-s-jpg-8.webp","width":1400,"height":1400},{"@type":"BreadcrumbList","@id":"https:\/\/www.truzzer.com\/fr\/produit\/tiktok-follower-nfc-tag-and-qr-code-table-stand\/#breadcrumb","itemListElement":[{"@type":"ListItem","position":1,"name":"Home","item":"https:\/\/www.truzzer.com\/fr\/"},{"@type":"ListItem","position":2,"name":"Boutique","item":"https:\/\/www.truzzer.com\/fr\/boutique\/"},{"@type":"ListItem","position":3,"name":"TikTok Suiveur NFC \u00c9tiquette et support de table de codes QR"}]},{"@type":"WebSite","@id":"https:\/\/www.truzzer.com\/fr\/#website","url":"https:\/\/www.truzzer.com\/fr\/","name":"truzzer","description":"Experts for customer trust","publisher":{"@id":"https:\/\/www.truzzer.com\/fr\/#organization"},"potentialAction":[{"@type":"SearchAction","target":{"@type":"EntryPoint","urlTemplate":"https:\/\/www.truzzer.com\/fr\/?s={search_term_string}"},"query-input":{"@type":"PropertyValueSpecification","valueRequired":true,"valueName":"search_term_string"}}],"inLanguage":"fr-FR"},{"@type":"Organization","@id":"https:\/\/www.truzzer.com\/fr\/#organization","name":"truzzer","url":"https:\/\/www.truzzer.com\/fr\/","logo":{"@type":"ImageObject","inLanguage":"fr-FR","@id":"https:\/\/www.truzzer.com\/fr\/#\/schema\/logo\/image\/","url":"https:\/\/truzzer.com\/wp-content\/uploads\/2026\/01\/truzzer-logo-black-1.svg","contentUrl":"https:\/\/truzzer.com\/wp-content\/uploads\/2026\/01\/truzzer-logo-black-1.svg","width":938,"height":199,"caption":"truzzer"},"image":{"@id":"https:\/\/www.truzzer.com\/fr\/#\/schema\/logo\/image\/"}}]}},"tiered_pricing_type":"fixed","tiered_pricing_fixed_rules":[],"tiered_pricing_product_settings":{"layout":"default","base_unit_name":{"singular":null,"plural":null},"default_variation":null},"tiered_pricing_minimum_quantity":null,"tiered_pricing_roles_data":[],"tiered_pricing_percentage_rules":[],"tiered_pricing_maximum_quantity":null,"tiered_pricing_quantity_step":null,"_links":{"self":[{"href":"https:\/\/www.truzzer.com\/fr\/wp-json\/wp\/v2\/product\/97117","targetHints":{"allow":["GET"]}}],"collection":[{"href":"https:\/\/www.truzzer.com\/fr\/wp-json\/wp\/v2\/product"}],"about":[{"href":"https:\/\/www.truzzer.com\/fr\/wp-json\/wp\/v2\/types\/product"}],"replies":[{"embeddable":true,"href":"https:\/\/www.truzzer.com\/fr\/wp-json\/wp\/v2\/comments?post=97117"}],"wp:featuredmedia":[{"embeddable":true,"href":"https:\/\/www.truzzer.com\/fr\/wp-json\/wp\/v2\/media\/97127"}],"wp:attachment":[{"href":"https:\/\/www.truzzer.com\/fr\/wp-json\/wp\/v2\/media?parent=97117"}],"wp:term":[{"taxonomy":"product_brand","embeddable":true,"href":"https:\/\/www.truzzer.com\/fr\/wp-json\/wp\/v2\/product_brand?post=97117"},{"taxonomy":"product_cat","embeddable":true,"href":"https:\/\/www.truzzer.com\/fr\/wp-json\/wp\/v2\/product_cat?post=97117"},{"taxonomy":"product_tag","embeddable":true,"href":"https:\/\/www.truzzer.com\/fr\/wp-json\/wp\/v2\/product_tag?post=97117"}],"curies":[{"name":"wp","href":"https:\/\/api.w.org\/{rel}","templated":true}]}}