{"id":97130,"date":"2026-02-01T19:55:10","date_gmt":"2026-02-01T19:55:10","guid":{"rendered":"https:\/\/beta.truzzer.com\/product\/wifi-qr-code-table-stand-clean\/"},"modified":"2026-02-13T08:24:40","modified_gmt":"2026-02-13T08:24:40","slug":"wifi-qr-code-table-stand-clean","status":"publish","type":"product","link":"https:\/\/www.truzzer.com\/fr\/produit\/wifi-qr-code-table-stand-clean\/","title":{"rendered":"WIFI QR Support de table de codes propre"},"content":{"rendered":"<h3>Support de table \u00ab Clean \u00bb avec le code WIFI QR \u2013 L&rsquo;acc\u00e8s Wi-Fi simple pour vos clients<\/h3>\n<p><strong>Offrez \u00e0 vos clients un acc\u00e8s rapide et transparent \u00e0 votre Wi-Fi gr\u00e2ce au support de table minimaliste \u00ab\u00a0Clean\u00a0\u00bb.<\/strong> Pas de mots de passe \u00e9labor\u00e9s ni d&rsquo;\u00e9tapes inutiles\u00a0: vos clients scannent simplement le code QR clairement con\u00e7u et sont instantan\u00e9ment en ligne. Le stand \u00ab\u00a0Clean\u00a0\u00bb se caract\u00e9rise par son design particuli\u00e8rement simple et moderne qui s&rsquo;int\u00e8gre parfaitement dans n&rsquo;importe quel environnement tout en garantissant une grande convivialit\u00e9.<\/p>\n<p><heure \/><\/p>\n<h3>Qu&rsquo;est-ce que le support de table \u00ab\u00a0Clean\u00a0\u00bb avec le code WIFI QR\u00a0?<\/h3>\n<p>Le support de table \u00ab\u00a0Clean\u00a0\u00bb offre un moyen \u00e9l\u00e9gant et simple de fournir \u00e0 vos clients ou invit\u00e9s un acc\u00e8s rapide \u00e0 votre Wi-Fi. Ce support minimaliste s&rsquo;int\u00e8gre parfaitement dans n&rsquo;importe quel environnement et impressionne par son design discret mais fonctionnel. Le code QR clairement plac\u00e9 permet \u00e0 vos clients d&rsquo;acc\u00e9der imm\u00e9diatement \u00e0 votre Wi-Fi sans saisie de mot de passe compliqu\u00e9e. Id\u00e9al pour les restaurants, caf\u00e9s, h\u00f4tels, bureaux et autres entreprises qui appr\u00e9cient une apparence \u00e9l\u00e9gante et conviviale.<\/p>\n<p><heure \/><\/p>\n<h3>Avantages du support de table \u00ab\u00a0Clean\u00a0\u00bb avec le code WIFI QR<\/h3>\n<p><strong>1. Acc\u00e8s Wi-Fi rapide et pratique\u00a0:<\/strong><\/p>\n<ul>\n<li>Vos clients scannent simplement le code QR clair avec l&rsquo;appareil photo de leur smartphone et sont directement connect\u00e9s au Wi-Fi. Pas de mot de passe, pas de processus de connexion compliqu\u00e9s\u00a0: juste des connexions instantan\u00e9es.<\/li>\n<\/ul>\n<p><strong>2. Design r\u00e9duit et \u00e9l\u00e9gant\u00a0:<\/strong><\/p>\n<ul>\n<li>Le pied de table \u00ab\u00a0Clean\u00a0\u00bb s&rsquo;int\u00e8gre discr\u00e8tement dans votre environnement. Son design minimaliste est parfait pour les entreprises qui privil\u00e9gient une apparence claire et moderne. Le code QR est clairement visible et n&rsquo;est pas masqu\u00e9 par des \u00e9l\u00e9ments de conception inutiles.<\/li>\n<\/ul>\n<p><strong>3. Gain de temps pour vous et vos clients\u00a0:<\/strong><\/p>\n<ul>\n<li>Gr\u00e2ce \u00e0 sa gestion claire et conviviale, vous \u00e9vitez les demandes de renseignements ou les demandes d&rsquo;assistance de la part de clients ayant besoin d&rsquo;aide pour acc\u00e9der au Wi-Fi. Tout est con\u00e7u pour la simplicit\u00e9 et l&rsquo;efficacit\u00e9.<\/li>\n<\/ul>\n<p><strong>4. Durable et robuste\u00a0:<\/strong><\/p>\n<ul>\n<li>Le support de table \u00ab\u00a0Clean\u00a0\u00bb est fabriqu\u00e9 \u00e0 partir de mat\u00e9riaux de haute qualit\u00e9 qui sont non seulement \u00e9l\u00e9gants, mais \u00e9galement suffisamment robustes pour un usage quotidien. Que ce soit sur les tables, les comptoirs de r\u00e9ception ou les postes de travail, il est con\u00e7u pour une utilisation continue.<\/li>\n<\/ul>\n<p><strong>5. Aucun mat\u00e9riel suppl\u00e9mentaire requis\u00a0:<\/strong><\/p>\n<ul>\n<li>Le support \u00ab\u00a0Clean\u00a0\u00bb fonctionne avec votre r\u00e9seau Wi-Fi existant. Vous n\u2019avez pas besoin d\u2019appareils ou de routeurs suppl\u00e9mentaires. Le code QR dirige vos clients directement vers votre r\u00e9seau existant, sans obstacles techniques.<\/li>\n<\/ul>\n<p><heure \/><\/p>\n<h2>Pourquoi devriez-vous utiliser le support de table \u00ab Clean \u00bb avec le code WIFI QR\u00a0?<\/h2>\n<p>Dans le monde d&rsquo;aujourd&rsquo;hui, les clients attendent un acc\u00e8s rapide et simple au Wi-Fi, en particulier dans les restaurants, les caf\u00e9s ou les \u00e9tablissements publics. Avec le support de table \u00ab\u00a0Clean\u00a0\u00bb, vous pouvez non seulement offrir ce service, mais \u00e9galement garantir que votre entreprise reste \u00e9l\u00e9gante et professionnelle. Le stand \u00ab\u00a0Clean\u00a0\u00bb allie fonctionnalit\u00e9 et esth\u00e9tique pour offrir une exp\u00e9rience client totalement positive.<\/p>\n<p><strong>Id\u00e9al pour les entreprises telles que\u00a0:<\/strong><\/p>\n<ul>\n<li><strong>Restaurants et restaurants Caf\u00e9s\u00a0:<\/strong> parfaits pour les placements sur une table ou un comptoir afin de fournir \u00e0 vos invit\u00e9s un acc\u00e8s Wi-Fi facile.<\/li>\n<li><strong>H\u00f4tels &amp; Auberges de jeunesse\u00a0:<\/strong> id\u00e9ales pour les r\u00e9ceptions ou les espaces lounge pour offrir aux clients un acc\u00e8s imm\u00e9diat \u00e0 Internet.<\/li>\n<li><strong>Bureaux et amp; Espaces de coworking\u00a0:<\/strong> Offrez aux visiteurs et aux partenaires commerciaux un acc\u00e8s rapide \u00e0 Internet, de mani\u00e8re \u00e9l\u00e9gante et professionnelle.<\/li>\n<li><strong>Commerce de d\u00e9tail<\/strong>\u00a0: augmentez le temps de s\u00e9jour de vos clients en proposant directement une connexion Wi-Fi gratuite.<\/li>\n<\/ul>\n<p><heure \/><\/p>\n<h3>Comment fonctionne le support de table avec le code WIFI QR\u00a0?<\/h3>\n<p><strong>1. Configuration facile\u00a0:<\/strong><\/p>\n<ul>\n<li>Placez le support de table dans un endroit visible de votre entreprise, comme sur une table, un comptoir ou une zone de r\u00e9ception.<\/li>\n<\/ul>\n<p><strong>2. Scannez le code QR\u00a0:<\/strong><\/p>\n<ul>\n<li>Vos clients ouvrent simplement l&rsquo;application appareil photo sur leur smartphone, la pointent vers le code QR sur le support et cliquent sur la notification pour se connecter au Wi-Fi.<\/li>\n<\/ul>\n<p><strong>3. Connexion instantan\u00e9e\u00a0:<\/strong><\/p>\n<ul>\n<li>Apr\u00e8s la num\u00e9risation, vos clients sont automatiquement connect\u00e9s \u00e0 votre r\u00e9seau Wi-Fi sans avoir besoin de saisir un mot de passe ni de remplir de longs formulaires d&rsquo;inscription.<\/li>\n<\/ul>\n<p><strong>4. Acc\u00e8s Wi-Fi pour tous les appareils\u00a0:<\/strong><\/p>\n<ul>\n<li>Pour les appareils Android et iOS, la connexion s&rsquo;effectue instantan\u00e9ment. Les utilisateurs d&rsquo;ordinateurs portables et de tablettes peuvent \u00e9galement scanner le code QR pour saisir manuellement les informations d&rsquo;identification Wi-Fi.<\/li>\n<\/ul>\n","protected":false},"excerpt":{"rendered":"<p><strong>Support de table \u00ab Propre \u00bb\u00a0; avec le code WIFI QR \u2013 Design \u00e9l\u00e9gant, acc\u00e8s Wi-Fi simple<\/strong><\/p>\n<p>Avec l&rsquo;option &#8220;Clean&#8221; support de table, vous offrez \u00e0 vos clients un acc\u00e8s simple et rapide \u00e0 votre Wi-Fi. Le code QR clair permet \u00e0 vos invit\u00e9s de se connecter directement au Wi-Fi sans processus de connexion compliqu\u00e9s. Num\u00e9risez simplement avec l\u2019appareil photo d\u2019un smartphone et soyez en ligne instantan\u00e9ment \u2013 \u200b\u200baucun mot de passe n\u2019est requis. Ce support pr\u00e9sente un design minimaliste et moderne qui s&rsquo;int\u00e8gre parfaitement dans n&rsquo;importe quel environnement, que ce soit dans les caf\u00e9s, les restaurants, les h\u00f4tels ou les bureaux.<\/p>\n<p><strong>Avantages du syst\u00e8me \u00ab\u00a0Clean\u00a0\u00bb Support de table\u00a0:<\/strong><\/p>\n<ul>\n<li><strong>Acc\u00e8s Wi-Fi instantan\u00e9\u00a0:<\/strong> scannez simplement le code QR et connectez-vous directement au Wi-Fi\u00a0; aucune saisie de mot de passe n&rsquo;est n\u00e9cessaire.<\/li>\n<li><strong>Design \u00e9l\u00e9gant et minimaliste\u00a0:<\/strong> s&rsquo;int\u00e8gre parfaitement dans n&rsquo;importe quel environnement, offrant une apparence soign\u00e9e et professionnelle.<\/li>\n<li><strong>Gain de temps<\/strong>\u00a0: plus besoin d&rsquo;expliquer les d\u00e9tails du Wi-Fi\u00a0: vos clients peuvent se connecter ind\u00e9pendamment et rapidement.<\/li>\n<li><strong>Robuste et durable\u00a0:<\/strong> Les mat\u00e9riaux de haute qualit\u00e9 rendent le support id\u00e9al pour une utilisation quotidienne.<\/li>\n<li><strong>Compatible avec tous les appareils<\/strong>\u00a0: fonctionne avec Android, iOS et affiche les d\u00e9tails Wi-Fi pour les ordinateurs portables.<\/li>\n<\/ul>\n<p>Avec l&rsquo;option &#8220;Clean&#8221; support de table, vous fournissez non seulement une solution pratique pour l&rsquo;acc\u00e8s Wi-Fi, mais cr\u00e9ez \u00e9galement une exp\u00e9rience client \u00e9l\u00e9gante et conviviale.<\/p>\n","protected":false},"featured_media":97138,"comment_status":"open","ping_status":"closed","template":"","meta":{"_acf_changed":false,"_yoast_wpseo_focuskw":"WiFi QR Code Pr\u00e9sentoir de table","_yoast_wpseo_title":"WIFI QR Code Table Stand Clean | truzzer","_yoast_wpseo_metadesc":"Acc\u00e8s WiFi facile pour vos clients avec WIFI QR Code Table Stand Clean de truzzer. Installation facile, pr\u00eat \u00e0 l'emploi. Commandez !"},"product_brand":[],"product_cat":[969,479,1370],"product_tag":[],"class_list":{"0":"post-97130","1":"product","2":"type-product","3":"status-publish","4":"has-post-thumbnail","6":"product_cat-code-qr-presentoirs-supports","7":"product_cat-code-qr-produits","8":"product_cat-wifi-presentoirs-de-table-avec-code-qr","9":"pa_industry-hotel","10":"pa_industry-medische-praktijk","11":"pa_industry-restaurant-cafe","12":"pa_material-carton","13":"pa_placement-balie-reception","14":"pa_placement-kassa-pos","15":"pa_placement-tafel","16":"pa_product-type-presentoirs-et-stands","17":"pa_technology-code-qr","18":"pa_technology-qr-code","20":"first","21":"instock","22":"taxable","23":"shipping-taxable","24":"product-type-simple"},"acf":[],"yoast_head":"<!-- This site is optimized with the Yoast SEO plugin v27.0 - https:\/\/yoast.com\/product\/yoast-seo-wordpress\/ -->\n<title>WIFI QR Code Table Stand Clean | truzzer<\/title>\n<meta name=\"description\" content=\"Acc\u00e8s WiFi facile pour vos clients avec WIFI QR Code Table Stand Clean de truzzer. Installation facile, pr\u00eat \u00e0 l&#039;emploi. Commandez !\" \/>\n<meta name=\"robots\" content=\"index, follow, max-snippet:-1, max-image-preview:large, max-video-preview:-1\" \/>\n<link rel=\"canonical\" href=\"https:\/\/www.truzzer.com\/fr\/produit\/wifi-qr-code-table-stand-clean\/\" \/>\n<meta property=\"og:locale\" content=\"fr_FR\" \/>\n<meta property=\"og:type\" content=\"article\" \/>\n<meta property=\"og:title\" content=\"WIFI QR Code Table Stand Clean | truzzer\" \/>\n<meta property=\"og:description\" content=\"Acc\u00e8s WiFi facile pour vos clients avec WIFI QR Code Table Stand Clean de truzzer. Installation facile, pr\u00eat \u00e0 l&#039;emploi. Commandez !\" \/>\n<meta property=\"og:url\" content=\"https:\/\/www.truzzer.com\/fr\/produit\/wifi-qr-code-table-stand-clean\/\" \/>\n<meta property=\"og:site_name\" content=\"truzzer\" \/>\n<meta property=\"article:modified_time\" content=\"2026-02-13T08:24:40+00:00\" \/>\n<meta property=\"og:image\" content=\"https:\/\/www.truzzer.com\/wp-content\/uploads\/2026\/02\/empfehlio-truzzer-wifi-stand-clean-5-1200x1200-1-jpg-2.webp\" \/>\n\t<meta property=\"og:image:width\" content=\"1200\" \/>\n\t<meta property=\"og:image:height\" content=\"1200\" \/>\n\t<meta property=\"og:image:type\" content=\"image\/webp\" \/>\n<meta name=\"twitter:card\" content=\"summary_large_image\" \/>\n<meta name=\"twitter:label1\" content=\"Dur\u00e9e de lecture estim\u00e9e\" \/>\n\t<meta name=\"twitter:data1\" content=\"4 minutes\" \/>\n<script type=\"application\/ld+json\" class=\"yoast-schema-graph\">{\"@context\":\"https:\/\/schema.org\",\"@graph\":[{\"@type\":\"WebPage\",\"@id\":\"https:\/\/www.truzzer.com\/fr\/produit\/wifi-qr-code-table-stand-clean\/\",\"url\":\"https:\/\/www.truzzer.com\/fr\/produit\/wifi-qr-code-table-stand-clean\/\",\"name\":\"WIFI QR Code Table Stand Clean | truzzer\",\"isPartOf\":{\"@id\":\"https:\/\/www.truzzer.com\/fr\/#website\"},\"primaryImageOfPage\":{\"@id\":\"https:\/\/www.truzzer.com\/fr\/produit\/wifi-qr-code-table-stand-clean\/#primaryimage\"},\"image\":{\"@id\":\"https:\/\/www.truzzer.com\/fr\/produit\/wifi-qr-code-table-stand-clean\/#primaryimage\"},\"thumbnailUrl\":\"https:\/\/www.truzzer.com\/wp-content\/uploads\/2026\/02\/empfehlio-truzzer-wifi-stand-clean-5-1200x1200-1-jpg-2.webp\",\"datePublished\":\"2026-02-01T19:55:10+00:00\",\"dateModified\":\"2026-02-13T08:24:40+00:00\",\"description\":\"Acc\u00e8s WiFi facile pour vos clients avec WIFI QR Code Table Stand Clean de truzzer. Installation facile, pr\u00eat \u00e0 l'emploi. Commandez !\",\"breadcrumb\":{\"@id\":\"https:\/\/www.truzzer.com\/fr\/produit\/wifi-qr-code-table-stand-clean\/#breadcrumb\"},\"inLanguage\":\"fr-FR\",\"potentialAction\":[{\"@type\":\"ReadAction\",\"target\":[\"https:\/\/www.truzzer.com\/fr\/produit\/wifi-qr-code-table-stand-clean\/\"]}]},{\"@type\":\"ImageObject\",\"inLanguage\":\"fr-FR\",\"@id\":\"https:\/\/www.truzzer.com\/fr\/produit\/wifi-qr-code-table-stand-clean\/#primaryimage\",\"url\":\"https:\/\/www.truzzer.com\/wp-content\/uploads\/2026\/02\/empfehlio-truzzer-wifi-stand-clean-5-1200x1200-1-jpg-2.webp\",\"contentUrl\":\"https:\/\/www.truzzer.com\/wp-content\/uploads\/2026\/02\/empfehlio-truzzer-wifi-stand-clean-5-1200x1200-1-jpg-2.webp\",\"width\":1200,\"height\":1200},{\"@type\":\"BreadcrumbList\",\"@id\":\"https:\/\/www.truzzer.com\/fr\/produit\/wifi-qr-code-table-stand-clean\/#breadcrumb\",\"itemListElement\":[{\"@type\":\"ListItem\",\"position\":1,\"name\":\"Home\",\"item\":\"https:\/\/www.truzzer.com\/fr\/\"},{\"@type\":\"ListItem\",\"position\":2,\"name\":\"Boutique\",\"item\":\"https:\/\/www.truzzer.com\/fr\/boutique\/\"},{\"@type\":\"ListItem\",\"position\":3,\"name\":\"WIFI QR Support de table de codes propre\"}]},{\"@type\":\"WebSite\",\"@id\":\"https:\/\/www.truzzer.com\/fr\/#website\",\"url\":\"https:\/\/www.truzzer.com\/fr\/\",\"name\":\"truzzer\",\"description\":\"Experts for customer trust\",\"publisher\":{\"@id\":\"https:\/\/www.truzzer.com\/fr\/#organization\"},\"potentialAction\":[{\"@type\":\"SearchAction\",\"target\":{\"@type\":\"EntryPoint\",\"urlTemplate\":\"https:\/\/www.truzzer.com\/fr\/?s={search_term_string}\"},\"query-input\":{\"@type\":\"PropertyValueSpecification\",\"valueRequired\":true,\"valueName\":\"search_term_string\"}}],\"inLanguage\":\"fr-FR\"},{\"@type\":\"Organization\",\"@id\":\"https:\/\/www.truzzer.com\/fr\/#organization\",\"name\":\"truzzer\",\"url\":\"https:\/\/www.truzzer.com\/fr\/\",\"logo\":{\"@type\":\"ImageObject\",\"inLanguage\":\"fr-FR\",\"@id\":\"https:\/\/www.truzzer.com\/fr\/#\/schema\/logo\/image\/\",\"url\":\"https:\/\/truzzer.com\/wp-content\/uploads\/2026\/01\/truzzer-logo-black-1.svg\",\"contentUrl\":\"https:\/\/truzzer.com\/wp-content\/uploads\/2026\/01\/truzzer-logo-black-1.svg\",\"width\":938,\"height\":199,\"caption\":\"truzzer\"},\"image\":{\"@id\":\"https:\/\/www.truzzer.com\/fr\/#\/schema\/logo\/image\/\"}}]}<\/script>\n<!-- \/ Yoast SEO plugin. -->","yoast_head_json":{"title":"WIFI QR Code Table Stand Clean | truzzer","description":"Acc\u00e8s WiFi facile pour vos clients avec WIFI QR Code Table Stand Clean de truzzer. Installation facile, pr\u00eat \u00e0 l'emploi. Commandez !","robots":{"index":"index","follow":"follow","max-snippet":"max-snippet:-1","max-image-preview":"max-image-preview:large","max-video-preview":"max-video-preview:-1"},"canonical":"https:\/\/www.truzzer.com\/fr\/produit\/wifi-qr-code-table-stand-clean\/","og_locale":"fr_FR","og_type":"article","og_title":"WIFI QR Code Table Stand Clean | truzzer","og_description":"Acc\u00e8s WiFi facile pour vos clients avec WIFI QR Code Table Stand Clean de truzzer. Installation facile, pr\u00eat \u00e0 l'emploi. Commandez !","og_url":"https:\/\/www.truzzer.com\/fr\/produit\/wifi-qr-code-table-stand-clean\/","og_site_name":"truzzer","article_modified_time":"2026-02-13T08:24:40+00:00","og_image":[{"width":1200,"height":1200,"url":"https:\/\/www.truzzer.com\/wp-content\/uploads\/2026\/02\/empfehlio-truzzer-wifi-stand-clean-5-1200x1200-1-jpg-2.webp","type":"image\/webp"}],"twitter_card":"summary_large_image","twitter_misc":{"Dur\u00e9e de lecture estim\u00e9e":"4 minutes"},"schema":{"@context":"https:\/\/schema.org","@graph":[{"@type":"WebPage","@id":"https:\/\/www.truzzer.com\/fr\/produit\/wifi-qr-code-table-stand-clean\/","url":"https:\/\/www.truzzer.com\/fr\/produit\/wifi-qr-code-table-stand-clean\/","name":"WIFI QR Code Table Stand Clean | truzzer","isPartOf":{"@id":"https:\/\/www.truzzer.com\/fr\/#website"},"primaryImageOfPage":{"@id":"https:\/\/www.truzzer.com\/fr\/produit\/wifi-qr-code-table-stand-clean\/#primaryimage"},"image":{"@id":"https:\/\/www.truzzer.com\/fr\/produit\/wifi-qr-code-table-stand-clean\/#primaryimage"},"thumbnailUrl":"https:\/\/www.truzzer.com\/wp-content\/uploads\/2026\/02\/empfehlio-truzzer-wifi-stand-clean-5-1200x1200-1-jpg-2.webp","datePublished":"2026-02-01T19:55:10+00:00","dateModified":"2026-02-13T08:24:40+00:00","description":"Acc\u00e8s WiFi facile pour vos clients avec WIFI QR Code Table Stand Clean de truzzer. Installation facile, pr\u00eat \u00e0 l'emploi. Commandez !","breadcrumb":{"@id":"https:\/\/www.truzzer.com\/fr\/produit\/wifi-qr-code-table-stand-clean\/#breadcrumb"},"inLanguage":"fr-FR","potentialAction":[{"@type":"ReadAction","target":["https:\/\/www.truzzer.com\/fr\/produit\/wifi-qr-code-table-stand-clean\/"]}]},{"@type":"ImageObject","inLanguage":"fr-FR","@id":"https:\/\/www.truzzer.com\/fr\/produit\/wifi-qr-code-table-stand-clean\/#primaryimage","url":"https:\/\/www.truzzer.com\/wp-content\/uploads\/2026\/02\/empfehlio-truzzer-wifi-stand-clean-5-1200x1200-1-jpg-2.webp","contentUrl":"https:\/\/www.truzzer.com\/wp-content\/uploads\/2026\/02\/empfehlio-truzzer-wifi-stand-clean-5-1200x1200-1-jpg-2.webp","width":1200,"height":1200},{"@type":"BreadcrumbList","@id":"https:\/\/www.truzzer.com\/fr\/produit\/wifi-qr-code-table-stand-clean\/#breadcrumb","itemListElement":[{"@type":"ListItem","position":1,"name":"Home","item":"https:\/\/www.truzzer.com\/fr\/"},{"@type":"ListItem","position":2,"name":"Boutique","item":"https:\/\/www.truzzer.com\/fr\/boutique\/"},{"@type":"ListItem","position":3,"name":"WIFI QR Support de table de codes propre"}]},{"@type":"WebSite","@id":"https:\/\/www.truzzer.com\/fr\/#website","url":"https:\/\/www.truzzer.com\/fr\/","name":"truzzer","description":"Experts for customer trust","publisher":{"@id":"https:\/\/www.truzzer.com\/fr\/#organization"},"potentialAction":[{"@type":"SearchAction","target":{"@type":"EntryPoint","urlTemplate":"https:\/\/www.truzzer.com\/fr\/?s={search_term_string}"},"query-input":{"@type":"PropertyValueSpecification","valueRequired":true,"valueName":"search_term_string"}}],"inLanguage":"fr-FR"},{"@type":"Organization","@id":"https:\/\/www.truzzer.com\/fr\/#organization","name":"truzzer","url":"https:\/\/www.truzzer.com\/fr\/","logo":{"@type":"ImageObject","inLanguage":"fr-FR","@id":"https:\/\/www.truzzer.com\/fr\/#\/schema\/logo\/image\/","url":"https:\/\/truzzer.com\/wp-content\/uploads\/2026\/01\/truzzer-logo-black-1.svg","contentUrl":"https:\/\/truzzer.com\/wp-content\/uploads\/2026\/01\/truzzer-logo-black-1.svg","width":938,"height":199,"caption":"truzzer"},"image":{"@id":"https:\/\/www.truzzer.com\/fr\/#\/schema\/logo\/image\/"}}]}},"tiered_pricing_type":"fixed","tiered_pricing_fixed_rules":[],"tiered_pricing_product_settings":{"layout":"default","base_unit_name":{"singular":null,"plural":null},"default_variation":null},"tiered_pricing_minimum_quantity":null,"tiered_pricing_roles_data":[],"tiered_pricing_percentage_rules":[],"tiered_pricing_maximum_quantity":null,"tiered_pricing_quantity_step":null,"_links":{"self":[{"href":"https:\/\/www.truzzer.com\/fr\/wp-json\/wp\/v2\/product\/97130","targetHints":{"allow":["GET"]}}],"collection":[{"href":"https:\/\/www.truzzer.com\/fr\/wp-json\/wp\/v2\/product"}],"about":[{"href":"https:\/\/www.truzzer.com\/fr\/wp-json\/wp\/v2\/types\/product"}],"replies":[{"embeddable":true,"href":"https:\/\/www.truzzer.com\/fr\/wp-json\/wp\/v2\/comments?post=97130"}],"wp:featuredmedia":[{"embeddable":true,"href":"https:\/\/www.truzzer.com\/fr\/wp-json\/wp\/v2\/media\/97138"}],"wp:attachment":[{"href":"https:\/\/www.truzzer.com\/fr\/wp-json\/wp\/v2\/media?parent=97130"}],"wp:term":[{"taxonomy":"product_brand","embeddable":true,"href":"https:\/\/www.truzzer.com\/fr\/wp-json\/wp\/v2\/product_brand?post=97130"},{"taxonomy":"product_cat","embeddable":true,"href":"https:\/\/www.truzzer.com\/fr\/wp-json\/wp\/v2\/product_cat?post=97130"},{"taxonomy":"product_tag","embeddable":true,"href":"https:\/\/www.truzzer.com\/fr\/wp-json\/wp\/v2\/product_tag?post=97130"}],"curies":[{"name":"wp","href":"https:\/\/api.w.org\/{rel}","templated":true}]}}