{"id":97142,"date":"2026-02-01T19:55:02","date_gmt":"2026-02-01T19:55:02","guid":{"rendered":"https:\/\/beta.truzzer.com\/product\/wifi-qr-code-table-stand-bold\/"},"modified":"2026-02-13T08:25:52","modified_gmt":"2026-02-13T08:25:52","slug":"wifi-qr-code-table-stand-bold","status":"publish","type":"product","link":"https:\/\/www.truzzer.com\/fr\/produit\/wifi-qr-code-table-stand-bold\/","title":{"rendered":"WIFI QR Support de table de codes gras"},"content":{"rendered":"<h3>Support de table avec code WIFI QR \u2013 Le moyen le plus simple de fournir du Wi-Fi \u00e0 vos clients<\/h3>\n<p><strong>Offrez \u00e0 vos clients l&rsquo;acc\u00e8s le plus simple et le plus rapide \u00e0 votre Wi-Fi gr\u00e2ce \u00e0 notre support de table pratique dot\u00e9 d&rsquo;un code WIFI QR.<\/strong> Pas besoin de saisir de mot de passe, pas d&rsquo;obstacles inutiles\u00a0: vos clients scannent simplement le code QR avec l&rsquo;appareil photo de leur smartphone et sont en ligne en quelques secondes. Ce stand est la solution id\u00e9ale pour les entreprises souhaitant offrir \u00e0 leurs invit\u00e9s ou clients une exp\u00e9rience Wi-Fi conviviale et accessible instantan\u00e9ment.<\/p>\n<p><heure \/><\/p>\n<h3>Qu&rsquo;est-ce que le support de table avec le code WIFI QR\u00a0?<\/h3>\n<p>Le support de table avec code WIFI QR est un produit innovant et simple con\u00e7u pour donner \u00e0 vos clients ou invit\u00e9s un acc\u00e8s rapide \u00e0 votre r\u00e9seau Wi-Fi. Il est id\u00e9al pour les restaurants, caf\u00e9s, h\u00f4tels, bureaux, salles d\u2019attente, salles de fitness, salons de coiffure et autres types d\u2019entreprises qui souhaitent offrir \u00e0 leurs visiteurs une exp\u00e9rience Wi-Fi agr\u00e9able. Le stand affiche clairement un code QR que les clients peuvent simplement scanner avec leur smartphone pour se connecter automatiquement \u00e0 votre Wi-Fi \u2013 aucun mot de passe n&rsquo;est requis\u00a0!<\/p>\n<p><heure \/><\/p>\n<h3>Avantages du support de table avec le code WIFI QR<\/h3>\n<p><strong>1. Acc\u00e8s Wi-Fi instantan\u00e9\u00a0:<\/strong><\/p>\n<ul>\n<li>Vos clients peuvent se connecter imm\u00e9diatement \u00e0 votre r\u00e9seau Wi-Fi, sans aucun probl\u00e8me. En scannant le code QR sur le support de table avec l&rsquo;appareil photo de leur smartphone, ils \u00e9vitent d&rsquo;avoir \u00e0 saisir manuellement des mots de passe longs et compliqu\u00e9s. Cela am\u00e9liore non seulement l&rsquo;exp\u00e9rience client, mais augmente \u00e9galement la probabilit\u00e9 que vos clients restent plus longtemps et utilisent davantage vos services..<\/li>\n<\/ul>\n<p><strong>2. Utilisation facile sur tous les appareils\u00a0:<\/strong><\/p>\n<ul>\n<li>Le code QR fonctionne avec les appareils Android et iOS (iPhone). Les utilisateurs doivent simplement ouvrir leur application appareil photo et scanner le code. Celui-ci leur offre instantan\u00e9ment une connexion au Wi-Fi, qu&rsquo;ils peuvent confirmer en un clic. Les utilisateurs d&rsquo;ordinateurs portables et de tablettes peuvent \u00e9galement b\u00e9n\u00e9ficier de la num\u00e9risation du code pour saisir manuellement les informations d&rsquo;identification Wi-Fi.<\/li>\n<\/ul>\n<p><strong>3. Convivial et rapide\u00a0:<\/strong><\/p>\n<ul>\n<li>Le support de table \u00e9limine les processus de connexion inutiles et r\u00e9duit les efforts de vos clients en fournissant une connexion Wi-Fi transparente. Cela permet non seulement de gagner du temps, mais permet \u00e9galement \u00e0 votre personnel de se concentrer sur ses t\u00e2ches principales, car il n&rsquo;a plus besoin de r\u00e9pondre aux demandes individuelles d&rsquo;acc\u00e8s Wi-Fi.<\/li>\n<\/ul>\n<p><strong>4. Design professionnel et moderne\u00a0:<\/strong><\/p>\n<ul>\n<li>Le support de table est non seulement fonctionnel mais \u00e9galement visuellement attrayant. Son design \u00e9l\u00e9gant et moderne s&rsquo;int\u00e8gre parfaitement \u00e0 l&rsquo;esth\u00e9tique de toute entreprise ou restaurant tout en conservant un aspect professionnel. Le code QR est clairement visible, ce qui permet aux clients de le trouver et de le scanner facilement.<\/li>\n<\/ul>\n<p><strong>5. Mat\u00e9riau durable pour un usage quotidien\u00a0:<\/strong><\/p>\n<ul>\n<li>Le support de table est fabriqu\u00e9 \u00e0 partir de mat\u00e9riaux durables de haute qualit\u00e9, ce qui le rend parfait pour une utilisation quotidienne dans des environnements \u00e0 fort trafic. Que ce soit sur les tables de restaurant, les comptoirs de r\u00e9ception ou les bureaux, le support est robuste et durable.<\/li>\n<\/ul>\n<p><strong>6. Aucun mat\u00e9riel suppl\u00e9mentaire ni configuration compliqu\u00e9e requis\u00a0:<\/strong><\/p>\n<ul>\n<li>Le support de table avec le code WIFI QR fonctionne avec votre r\u00e9seau Wi-Fi existant. Pas besoin d&rsquo;acheter du mat\u00e9riel suppl\u00e9mentaire ou d&rsquo;ajuster des param\u00e8tres r\u00e9seau compliqu\u00e9s. Le code QR est simplement imprim\u00e9 sur le stand et vos clients peuvent se connecter imm\u00e9diatement \u00e0 votre r\u00e9seau.<\/li>\n<\/ul>\n<p><heure \/><\/p>\n<h3>Pourquoi utiliser le support de table avec le code WIFI QR\u00a0?<\/h3>\n<p>Dans un monde de plus en plus num\u00e9rique, les clients s&rsquo;attendent \u00e0 un acc\u00e8s rapide et facile \u00e0 Internet, o\u00f9 qu&rsquo;ils soient. En offrant une connexion Wi-Fi gratuite dans votre entreprise, vous cr\u00e9ez non seulement une exp\u00e9rience client agr\u00e9able, mais vous augmentez \u00e9galement la fid\u00e9lisation et la satisfaction de vos clients. Le support de table avec le code WIFI QR de Truzzer est la solution parfaite pour offrir ce service de la mani\u00e8re la plus efficace possible..<\/p>\n<p><strong>Entreprises id\u00e9ales pour le support de table avec le code WIFI QR\u00a0?<\/strong><\/p>\n<ul>\n<li><strong>Restaurants et caf\u00e9s<\/strong>\u00a0: les clients peuvent acc\u00e9der rapidement au Wi-Fi en attendant leur commande, ce qui am\u00e9liore leur satisfaction.<\/li>\n<li><strong>H\u00f4tels<\/strong>\u00a0: offrez \u00e0 vos clients un acc\u00e8s facile \u00e0 Internet dans le hall ou dans la salle de petit-d\u00e9jeuner.<\/li>\n<li><strong>Bureaux et salles d&rsquo;attente<\/strong>\u00a0: cr\u00e9ez un environnement accueillant pour les visiteurs ou les clients en attente de rendez-vous ou de r\u00e9unions.<\/li>\n<li><strong>Magasins de vente au d\u00e9tail<\/strong>\u00a0: permettez \u00e0 vos clients de rester connect\u00e9s lorsqu&rsquo;ils parcourent votre magasin.<\/li>\n<li><strong>Salons de coiffure et studios de remise en forme<\/strong>\u00a0: assurez-vous que vos clients peuvent naviguer facilement sur Internet pendant leur visite.<\/li>\n<\/ul>\n<p><heure \/><\/p>\n<h3>Comment fonctionne le support de table avec le code WIFI QR\u00a0?<\/h3>\n<p><strong>1. Configuration facile\u00a0:<\/strong><\/p>\n<ul>\n<li>Placez le support de table dans un endroit visible de votre entreprise, comme sur une table, un comptoir ou une zone de r\u00e9ception.<\/li>\n<\/ul>\n<p><strong>2. Scannez le code QR\u00a0:<\/strong><\/p>\n<ul>\n<li>Vos clients ouvrent simplement l&rsquo;application appareil photo sur leur smartphone, la pointent vers le code QR sur le support et cliquent sur la notification pour se connecter au Wi-Fi.<\/li>\n<\/ul>\n<p><strong>3. Connexion instantan\u00e9e\u00a0:<\/strong><\/p>\n<ul>\n<li>Apr\u00e8s la num\u00e9risation, vos clients sont automatiquement connect\u00e9s \u00e0 votre r\u00e9seau Wi-Fi sans avoir besoin de saisir un mot de passe ni de remplir de longs formulaires d&rsquo;inscription.<\/li>\n<\/ul>\n<p><strong>4. Acc\u00e8s Wi-Fi pour tous les appareils\u00a0:<\/strong><\/p>\n<ul>\n<li>Pour les appareils Android et iOS, la connexion s&rsquo;effectue instantan\u00e9ment. Les utilisateurs d&rsquo;ordinateurs portables et de tablettes peuvent \u00e9galement scanner le code QR pour saisir manuellement les informations d&rsquo;identification Wi-Fi.<\/li>\n<\/ul>\n","protected":false},"excerpt":{"rendered":"<h3>Support de table avec code WIFI QR \u2013 Wi-Fi simple pour vos clients<\/h3>\n<p><strong>Assurez une exp\u00e9rience Wi-Fi transparente dans votre entreprise avec notre support de table comportant un code WIFI QR.<\/strong><\/p>\n<p>Avec ce support \u00e9l\u00e9gant et pratique, vous permettez \u00e0 vos clients d&rsquo;acc\u00e9der instantan\u00e9ment \u00e0 votre Wi-Fi. Il leur suffit de scanner le code QR clairement visible avec l&rsquo;appareil photo de leur smartphone. Fini la saisie fastidieuse de mot de passe ou les processus de connexion compliqu\u00e9s\u00a0! Vos clients seront en ligne en quelques secondes.<\/p>\n<p><strong>Caract\u00e9ristiques\u00a0:<\/strong><\/p>\n<ul>\n<li><strong>Connexion Wi-Fi instantan\u00e9e\u00a0:<\/strong> Connexion facile en scannant le code QR avec l&rsquo;appareil photo du smartphone.<\/li>\n<li><strong>Design fin et moderne\u00a0:<\/strong> Le stand s&rsquo;int\u00e8gre parfaitement dans n&rsquo;importe quel environnement\u00a0: id\u00e9al pour les caf\u00e9s, les restaurants, les bureaux, les h\u00f4tels et les magasins.<\/li>\n<li><strong>Convivial\u00a0:<\/strong> aucun mot de passe requis\u00a0; le code QR m\u00e8ne directement \u00e0 la connexion Wi-Fi.<\/li>\n<li><strong>Mat\u00e9riaux durables\u00a0:<\/strong> Le support de table est durable et robuste, parfait pour un usage quotidien.<\/li>\n<li><strong>Utilisation polyvalente<\/strong>\u00a0: parfait pour les tables, les comptoirs ou les zones de r\u00e9ception.<\/li>\n<\/ul>\n<p><strong>Comment \u00e7a marche\u00a0:<\/strong><\/p>\n<ol>\n<li>Placez le support de table dans un endroit visible.<\/li>\n<li>Vos clients scannent le code QR avec l&rsquo;appareil photo de leur smartphone.<\/li>\n<li>Apr\u00e8s la num\u00e9risation, ils sont instantan\u00e9ment connect\u00e9s \u00e0 votre r\u00e9seau Wi-Fi\u00a0: rapide, s\u00e9curis\u00e9 et pratique.<\/li>\n<\/ol>\n","protected":false},"featured_media":97150,"comment_status":"open","ping_status":"closed","template":"","meta":{"_acf_changed":false,"_yoast_wpseo_focuskw":"WiFi QR Code Pr\u00e9sentoir de table","_yoast_wpseo_title":"WIFI QR Code Table Stand Bold | truzzer","_yoast_wpseo_metadesc":"Acc\u00e8s WiFi facile pour vos clients avec WIFI QR Code Table Stand Bold de truzzer. Installation facile, pr\u00eat \u00e0 l'emploi. Commandez !"},"product_brand":[],"product_cat":[969,479,1370],"product_tag":[],"class_list":{"0":"post-97142","1":"product","2":"type-product","3":"status-publish","4":"has-post-thumbnail","6":"product_cat-code-qr-presentoirs-supports","7":"product_cat-code-qr-produits","8":"product_cat-wifi-presentoirs-de-table-avec-code-qr","9":"pa_industry-hotel","10":"pa_industry-medische-praktijk","11":"pa_industry-restaurant-cafe","12":"pa_material-carton","13":"pa_placement-balie-reception","14":"pa_placement-kassa-pos","15":"pa_placement-tafel","16":"pa_product-type-presentoirs-et-stands","17":"pa_technology-code-qr","18":"pa_technology-qr-code","20":"first","21":"instock","22":"taxable","23":"shipping-taxable","24":"product-type-simple"},"acf":[],"yoast_head":"<!-- This site is optimized with the Yoast SEO plugin v27.0 - https:\/\/yoast.com\/product\/yoast-seo-wordpress\/ -->\n<title>WIFI QR Code Table Stand Bold | truzzer<\/title>\n<meta name=\"description\" content=\"Acc\u00e8s WiFi facile pour vos clients avec WIFI QR Code Table Stand Bold de truzzer. Installation facile, pr\u00eat \u00e0 l&#039;emploi. Commandez !\" \/>\n<meta name=\"robots\" content=\"index, follow, max-snippet:-1, max-image-preview:large, max-video-preview:-1\" \/>\n<link rel=\"canonical\" href=\"https:\/\/www.truzzer.com\/fr\/produit\/wifi-qr-code-table-stand-bold\/\" \/>\n<meta property=\"og:locale\" content=\"fr_FR\" \/>\n<meta property=\"og:type\" content=\"article\" \/>\n<meta property=\"og:title\" content=\"WIFI QR Code Table Stand Bold | truzzer\" \/>\n<meta property=\"og:description\" content=\"Acc\u00e8s WiFi facile pour vos clients avec WIFI QR Code Table Stand Bold de truzzer. Installation facile, pr\u00eat \u00e0 l&#039;emploi. Commandez !\" \/>\n<meta property=\"og:url\" content=\"https:\/\/www.truzzer.com\/fr\/produit\/wifi-qr-code-table-stand-bold\/\" \/>\n<meta property=\"og:site_name\" content=\"truzzer\" \/>\n<meta property=\"article:modified_time\" content=\"2026-02-13T08:25:52+00:00\" \/>\n<meta property=\"og:image\" content=\"https:\/\/www.truzzer.com\/wp-content\/uploads\/2026\/02\/empfehlio-truzzer-wifi-stand-bold-5-jpg-3.webp\" \/>\n\t<meta property=\"og:image:width\" content=\"1400\" \/>\n\t<meta property=\"og:image:height\" content=\"1400\" \/>\n\t<meta property=\"og:image:type\" content=\"image\/webp\" \/>\n<meta name=\"twitter:card\" content=\"summary_large_image\" \/>\n<meta name=\"twitter:label1\" content=\"Dur\u00e9e de lecture estim\u00e9e\" \/>\n\t<meta name=\"twitter:data1\" content=\"5 minutes\" \/>\n<script type=\"application\/ld+json\" class=\"yoast-schema-graph\">{\"@context\":\"https:\/\/schema.org\",\"@graph\":[{\"@type\":\"WebPage\",\"@id\":\"https:\/\/www.truzzer.com\/fr\/produit\/wifi-qr-code-table-stand-bold\/\",\"url\":\"https:\/\/www.truzzer.com\/fr\/produit\/wifi-qr-code-table-stand-bold\/\",\"name\":\"WIFI QR Code Table Stand Bold | truzzer\",\"isPartOf\":{\"@id\":\"https:\/\/www.truzzer.com\/fr\/#website\"},\"primaryImageOfPage\":{\"@id\":\"https:\/\/www.truzzer.com\/fr\/produit\/wifi-qr-code-table-stand-bold\/#primaryimage\"},\"image\":{\"@id\":\"https:\/\/www.truzzer.com\/fr\/produit\/wifi-qr-code-table-stand-bold\/#primaryimage\"},\"thumbnailUrl\":\"https:\/\/www.truzzer.com\/wp-content\/uploads\/2026\/02\/empfehlio-truzzer-wifi-stand-bold-5-jpg-3.webp\",\"datePublished\":\"2026-02-01T19:55:02+00:00\",\"dateModified\":\"2026-02-13T08:25:52+00:00\",\"description\":\"Acc\u00e8s WiFi facile pour vos clients avec WIFI QR Code Table Stand Bold de truzzer. Installation facile, pr\u00eat \u00e0 l'emploi. Commandez !\",\"breadcrumb\":{\"@id\":\"https:\/\/www.truzzer.com\/fr\/produit\/wifi-qr-code-table-stand-bold\/#breadcrumb\"},\"inLanguage\":\"fr-FR\",\"potentialAction\":[{\"@type\":\"ReadAction\",\"target\":[\"https:\/\/www.truzzer.com\/fr\/produit\/wifi-qr-code-table-stand-bold\/\"]}]},{\"@type\":\"ImageObject\",\"inLanguage\":\"fr-FR\",\"@id\":\"https:\/\/www.truzzer.com\/fr\/produit\/wifi-qr-code-table-stand-bold\/#primaryimage\",\"url\":\"https:\/\/www.truzzer.com\/wp-content\/uploads\/2026\/02\/empfehlio-truzzer-wifi-stand-bold-5-jpg-3.webp\",\"contentUrl\":\"https:\/\/www.truzzer.com\/wp-content\/uploads\/2026\/02\/empfehlio-truzzer-wifi-stand-bold-5-jpg-3.webp\",\"width\":1400,\"height\":1400},{\"@type\":\"BreadcrumbList\",\"@id\":\"https:\/\/www.truzzer.com\/fr\/produit\/wifi-qr-code-table-stand-bold\/#breadcrumb\",\"itemListElement\":[{\"@type\":\"ListItem\",\"position\":1,\"name\":\"Home\",\"item\":\"https:\/\/www.truzzer.com\/fr\/\"},{\"@type\":\"ListItem\",\"position\":2,\"name\":\"Boutique\",\"item\":\"https:\/\/www.truzzer.com\/fr\/boutique\/\"},{\"@type\":\"ListItem\",\"position\":3,\"name\":\"WIFI QR Support de table de codes gras\"}]},{\"@type\":\"WebSite\",\"@id\":\"https:\/\/www.truzzer.com\/fr\/#website\",\"url\":\"https:\/\/www.truzzer.com\/fr\/\",\"name\":\"truzzer\",\"description\":\"Experts for customer trust\",\"publisher\":{\"@id\":\"https:\/\/www.truzzer.com\/fr\/#organization\"},\"potentialAction\":[{\"@type\":\"SearchAction\",\"target\":{\"@type\":\"EntryPoint\",\"urlTemplate\":\"https:\/\/www.truzzer.com\/fr\/?s={search_term_string}\"},\"query-input\":{\"@type\":\"PropertyValueSpecification\",\"valueRequired\":true,\"valueName\":\"search_term_string\"}}],\"inLanguage\":\"fr-FR\"},{\"@type\":\"Organization\",\"@id\":\"https:\/\/www.truzzer.com\/fr\/#organization\",\"name\":\"truzzer\",\"url\":\"https:\/\/www.truzzer.com\/fr\/\",\"logo\":{\"@type\":\"ImageObject\",\"inLanguage\":\"fr-FR\",\"@id\":\"https:\/\/www.truzzer.com\/fr\/#\/schema\/logo\/image\/\",\"url\":\"https:\/\/truzzer.com\/wp-content\/uploads\/2026\/01\/truzzer-logo-black-1.svg\",\"contentUrl\":\"https:\/\/truzzer.com\/wp-content\/uploads\/2026\/01\/truzzer-logo-black-1.svg\",\"width\":938,\"height\":199,\"caption\":\"truzzer\"},\"image\":{\"@id\":\"https:\/\/www.truzzer.com\/fr\/#\/schema\/logo\/image\/\"}}]}<\/script>\n<!-- \/ Yoast SEO plugin. -->","yoast_head_json":{"title":"WIFI QR Code Table Stand Bold | truzzer","description":"Acc\u00e8s WiFi facile pour vos clients avec WIFI QR Code Table Stand Bold de truzzer. Installation facile, pr\u00eat \u00e0 l'emploi. Commandez !","robots":{"index":"index","follow":"follow","max-snippet":"max-snippet:-1","max-image-preview":"max-image-preview:large","max-video-preview":"max-video-preview:-1"},"canonical":"https:\/\/www.truzzer.com\/fr\/produit\/wifi-qr-code-table-stand-bold\/","og_locale":"fr_FR","og_type":"article","og_title":"WIFI QR Code Table Stand Bold | truzzer","og_description":"Acc\u00e8s WiFi facile pour vos clients avec WIFI QR Code Table Stand Bold de truzzer. Installation facile, pr\u00eat \u00e0 l'emploi. Commandez !","og_url":"https:\/\/www.truzzer.com\/fr\/produit\/wifi-qr-code-table-stand-bold\/","og_site_name":"truzzer","article_modified_time":"2026-02-13T08:25:52+00:00","og_image":[{"width":1400,"height":1400,"url":"https:\/\/www.truzzer.com\/wp-content\/uploads\/2026\/02\/empfehlio-truzzer-wifi-stand-bold-5-jpg-3.webp","type":"image\/webp"}],"twitter_card":"summary_large_image","twitter_misc":{"Dur\u00e9e de lecture estim\u00e9e":"5 minutes"},"schema":{"@context":"https:\/\/schema.org","@graph":[{"@type":"WebPage","@id":"https:\/\/www.truzzer.com\/fr\/produit\/wifi-qr-code-table-stand-bold\/","url":"https:\/\/www.truzzer.com\/fr\/produit\/wifi-qr-code-table-stand-bold\/","name":"WIFI QR Code Table Stand Bold | truzzer","isPartOf":{"@id":"https:\/\/www.truzzer.com\/fr\/#website"},"primaryImageOfPage":{"@id":"https:\/\/www.truzzer.com\/fr\/produit\/wifi-qr-code-table-stand-bold\/#primaryimage"},"image":{"@id":"https:\/\/www.truzzer.com\/fr\/produit\/wifi-qr-code-table-stand-bold\/#primaryimage"},"thumbnailUrl":"https:\/\/www.truzzer.com\/wp-content\/uploads\/2026\/02\/empfehlio-truzzer-wifi-stand-bold-5-jpg-3.webp","datePublished":"2026-02-01T19:55:02+00:00","dateModified":"2026-02-13T08:25:52+00:00","description":"Acc\u00e8s WiFi facile pour vos clients avec WIFI QR Code Table Stand Bold de truzzer. Installation facile, pr\u00eat \u00e0 l'emploi. Commandez !","breadcrumb":{"@id":"https:\/\/www.truzzer.com\/fr\/produit\/wifi-qr-code-table-stand-bold\/#breadcrumb"},"inLanguage":"fr-FR","potentialAction":[{"@type":"ReadAction","target":["https:\/\/www.truzzer.com\/fr\/produit\/wifi-qr-code-table-stand-bold\/"]}]},{"@type":"ImageObject","inLanguage":"fr-FR","@id":"https:\/\/www.truzzer.com\/fr\/produit\/wifi-qr-code-table-stand-bold\/#primaryimage","url":"https:\/\/www.truzzer.com\/wp-content\/uploads\/2026\/02\/empfehlio-truzzer-wifi-stand-bold-5-jpg-3.webp","contentUrl":"https:\/\/www.truzzer.com\/wp-content\/uploads\/2026\/02\/empfehlio-truzzer-wifi-stand-bold-5-jpg-3.webp","width":1400,"height":1400},{"@type":"BreadcrumbList","@id":"https:\/\/www.truzzer.com\/fr\/produit\/wifi-qr-code-table-stand-bold\/#breadcrumb","itemListElement":[{"@type":"ListItem","position":1,"name":"Home","item":"https:\/\/www.truzzer.com\/fr\/"},{"@type":"ListItem","position":2,"name":"Boutique","item":"https:\/\/www.truzzer.com\/fr\/boutique\/"},{"@type":"ListItem","position":3,"name":"WIFI QR Support de table de codes gras"}]},{"@type":"WebSite","@id":"https:\/\/www.truzzer.com\/fr\/#website","url":"https:\/\/www.truzzer.com\/fr\/","name":"truzzer","description":"Experts for customer trust","publisher":{"@id":"https:\/\/www.truzzer.com\/fr\/#organization"},"potentialAction":[{"@type":"SearchAction","target":{"@type":"EntryPoint","urlTemplate":"https:\/\/www.truzzer.com\/fr\/?s={search_term_string}"},"query-input":{"@type":"PropertyValueSpecification","valueRequired":true,"valueName":"search_term_string"}}],"inLanguage":"fr-FR"},{"@type":"Organization","@id":"https:\/\/www.truzzer.com\/fr\/#organization","name":"truzzer","url":"https:\/\/www.truzzer.com\/fr\/","logo":{"@type":"ImageObject","inLanguage":"fr-FR","@id":"https:\/\/www.truzzer.com\/fr\/#\/schema\/logo\/image\/","url":"https:\/\/truzzer.com\/wp-content\/uploads\/2026\/01\/truzzer-logo-black-1.svg","contentUrl":"https:\/\/truzzer.com\/wp-content\/uploads\/2026\/01\/truzzer-logo-black-1.svg","width":938,"height":199,"caption":"truzzer"},"image":{"@id":"https:\/\/www.truzzer.com\/fr\/#\/schema\/logo\/image\/"}}]}},"tiered_pricing_type":"fixed","tiered_pricing_fixed_rules":[],"tiered_pricing_product_settings":{"layout":"default","base_unit_name":{"singular":null,"plural":null},"default_variation":null},"tiered_pricing_minimum_quantity":null,"tiered_pricing_roles_data":[],"tiered_pricing_percentage_rules":[],"tiered_pricing_maximum_quantity":null,"tiered_pricing_quantity_step":null,"_links":{"self":[{"href":"https:\/\/www.truzzer.com\/fr\/wp-json\/wp\/v2\/product\/97142","targetHints":{"allow":["GET"]}}],"collection":[{"href":"https:\/\/www.truzzer.com\/fr\/wp-json\/wp\/v2\/product"}],"about":[{"href":"https:\/\/www.truzzer.com\/fr\/wp-json\/wp\/v2\/types\/product"}],"replies":[{"embeddable":true,"href":"https:\/\/www.truzzer.com\/fr\/wp-json\/wp\/v2\/comments?post=97142"}],"wp:featuredmedia":[{"embeddable":true,"href":"https:\/\/www.truzzer.com\/fr\/wp-json\/wp\/v2\/media\/97150"}],"wp:attachment":[{"href":"https:\/\/www.truzzer.com\/fr\/wp-json\/wp\/v2\/media?parent=97142"}],"wp:term":[{"taxonomy":"product_brand","embeddable":true,"href":"https:\/\/www.truzzer.com\/fr\/wp-json\/wp\/v2\/product_brand?post=97142"},{"taxonomy":"product_cat","embeddable":true,"href":"https:\/\/www.truzzer.com\/fr\/wp-json\/wp\/v2\/product_cat?post=97142"},{"taxonomy":"product_tag","embeddable":true,"href":"https:\/\/www.truzzer.com\/fr\/wp-json\/wp\/v2\/product_tag?post=97142"}],"curies":[{"name":"wp","href":"https:\/\/api.w.org\/{rel}","templated":true}]}}