{"id":97201,"date":"2026-02-01T19:49:41","date_gmt":"2026-02-01T19:49:41","guid":{"rendered":"https:\/\/beta.truzzer.com\/product\/paypal-pay-qr-code-table-display-color\/"},"modified":"2026-02-13T08:35:29","modified_gmt":"2026-02-13T08:35:29","slug":"paypal-pay-qr-code-table-display-color","status":"publish","type":"product","link":"https:\/\/www.truzzer.com\/fr\/produit\/paypal-pay-qr-code-table-display-color\/","title":{"rendered":"PayPal Payer QR Couleur d&rsquo;affichage du tableau de codes"},"content":{"rendered":"<p><strong>Pr\u00e9sentation de votre tente de table \u00e0 codes PayPal QR personnalis\u00e9e avec logo personnalis\u00e9<\/strong><\/p>\n<p>Transformez l&rsquo;exp\u00e9rience de paiement de vos clients comme jamais auparavant\u00a0! Avec notre tente de table PayPal QR Code sur mesure, vous pouvez proposer une solution de paiement pratique sans esp\u00e8ces ni cartes.<\/p>\n<p><strong>Caract\u00e9ristiques du produit\u00a0:<\/strong><\/p>\n<ul>\n<li><strong>Fonctionnalit\u00e9 de logo personnalis\u00e9\u00a0:<\/strong> Affichez votre logo unique sur la tente de table pour favoriser une apparence professionnelle et \u00e9pur\u00e9e dans tout votre \u00e9tablissement.<\/li>\n<li><strong>Paiement sans tracas\u00a0:<\/strong> Les clients peuvent facilement scanner le code PayPal QR avec leur smartphone et transf\u00e9rer imm\u00e9diatement le montant souhait\u00e9. C&rsquo;est s\u00e9curis\u00e9, rapide et sans tracas.<\/li>\n<li><strong>Mat\u00e9riau de qualit\u00e9 sup\u00e9rieure\u00a0:<\/strong> Construite \u00e0 partir de carton robuste de haute qualit\u00e9, la tente de table r\u00e9siste sans effort \u00e0 l&rsquo;usure quotidienne, ce qui la rend id\u00e9ale pour les restaurants, les caf\u00e9s, les magasins ou les salons professionnels.<\/li>\n<li><strong>Design \u00e9l\u00e9gant<\/strong>\u00a0: le design \u00e9l\u00e9gant et contemporain s&rsquo;int\u00e8gre discr\u00e8tement dans n&rsquo;importe quel environnement et fera tourner les t\u00eates sur n&rsquo;importe quelle table.<\/li>\n<li><strong>Application large<\/strong>\u00a0: il est parfait pour le secteur de l&rsquo;h\u00f4tellerie, de la vente au d\u00e9tail ou des \u00e9v\u00e9nements o\u00f9 une solution de paiement simple et rapide est cruciale.<\/li>\n<\/ul>\n<p><strong>Avantages\u00a0:<\/strong><\/p>\n<ul>\n<li>R\u00e9duisez les temps d&rsquo;attente et \u00e9vitez les inconv\u00e9nients li\u00e9s aux transactions en esp\u00e8ces.<\/li>\n<li>Insufflez \u00e0 votre entreprise une touche contemporaine et innovante.<\/li>\n<li>Gagnez la confiance en int\u00e9grant le logo de votre marque dans le processus de paiement.<\/li>\n<\/ul>\n<p>Investissez d\u00e8s aujourd&rsquo;hui dans votre tente de table Code PayPal QR personnalis\u00e9e et pr\u00e9sentez \u00e0 vos clients le mode de paiement moderne et sans effort du futur\u00a0!<\/p>\n","protected":false},"excerpt":{"rendered":"<p><strong>Pr\u00e9sentation de votre tente de table \u00e0 codes PayPal QR personnalis\u00e9e avec logo personnalis\u00e9<\/strong><\/p>\n<p>Transformez l&rsquo;exp\u00e9rience de paiement de vos clients comme jamais auparavant\u00a0! Avec notre tente de table PayPal QR Code sur mesure, vous pouvez proposer une solution de paiement pratique sans esp\u00e8ces ni cartes.<\/p>\n<p><strong>Caract\u00e9ristiques du produit\u00a0:<\/strong><\/p>\n<ul>\n<li><strong>Fonctionnalit\u00e9 de logo personnalis\u00e9\u00a0:<\/strong> Affichez votre logo unique sur la tente de table pour favoriser une apparence professionnelle et \u00e9pur\u00e9e dans tout votre \u00e9tablissement.<\/li>\n<li><strong>Paiement sans tracas\u00a0:<\/strong> Les clients peuvent facilement scanner le code PayPal QR avec leur smartphone et transf\u00e9rer imm\u00e9diatement le montant souhait\u00e9. C&rsquo;est s\u00e9curis\u00e9, rapide et sans tracas.<\/li>\n<li><strong>Mat\u00e9riau de qualit\u00e9 sup\u00e9rieure\u00a0:<\/strong> Construite \u00e0 partir de carton robuste de haute qualit\u00e9, la tente de table r\u00e9siste sans effort \u00e0 l&rsquo;usure quotidienne, ce qui la rend id\u00e9ale pour les restaurants, les caf\u00e9s, les magasins ou les salons professionnels.<\/li>\n<li><strong>Design \u00e9l\u00e9gant<\/strong>\u00a0: le design \u00e9l\u00e9gant et contemporain s&rsquo;int\u00e8gre discr\u00e8tement dans n&rsquo;importe quel environnement et fera tourner les t\u00eates sur n&rsquo;importe quelle table.<\/li>\n<li><strong>Application large<\/strong>\u00a0: il est parfait pour le secteur de l&rsquo;h\u00f4tellerie, de la vente au d\u00e9tail ou des \u00e9v\u00e9nements o\u00f9 une solution de paiement simple et rapide est cruciale.<\/li>\n<li><strong>Avant et arri\u00e8re identiques\u00a0:<\/strong> Les deux c\u00f4t\u00e9s de la tente de table pr\u00e9sentent le m\u00eame design.<\/li>\n<\/ul>\n<p><strong>Avantages\u00a0:<\/strong><\/p>\n<ul>\n<li>R\u00e9duisez les temps d&rsquo;attente et \u00e9vitez les inconv\u00e9nients li\u00e9s aux transactions en esp\u00e8ces.<\/li>\n<li>Insufflez \u00e0 votre entreprise une touche contemporaine et innovante.<\/li>\n<li>Gagnez la confiance en int\u00e9grant le logo de votre marque dans le processus de paiement.<\/li>\n<\/ul>\n<p>Investissez d\u00e8s aujourd&rsquo;hui dans votre tente de table Code PayPal QR personnalis\u00e9e et pr\u00e9sentez \u00e0 vos clients le mode de paiement moderne et sans effort du futur\u00a0!<\/p>\n","protected":false},"featured_media":97205,"comment_status":"open","ping_status":"closed","template":"","meta":{"_acf_changed":false,"_yoast_wpseo_focuskw":"PayPal QR Code Pr\u00e9sentoir de table","_yoast_wpseo_title":"PayPal Pay QR Code Table Display Color | truzzer","_yoast_wpseo_metadesc":"Acceptez les paiements PayPal avec PayPal Pay QR Code Table Display Color de truzzer. Installation facile, pr\u00eat \u00e0 l'emploi. Commandez !"},"product_brand":[1627],"product_cat":[969,479,1376],"product_tag":[],"class_list":{"0":"post-97201","1":"product","2":"type-product","3":"status-publish","4":"has-post-thumbnail","6":"product_brand-paypal","7":"product_cat-code-qr-presentoirs-supports","8":"product_cat-code-qr-produits","9":"product_cat-paiement-paypal-presentoirs-de-table-avec-code-qr","10":"pa_material-carton","11":"pa_product-type-presentoirs-et-stands","12":"pa_technology-code-qr","13":"pa_technology-qr-code","15":"first","16":"instock","17":"taxable","18":"shipping-taxable","19":"purchasable","20":"product-type-simple"},"acf":[],"yoast_head":"<!-- This site is optimized with the Yoast SEO plugin v27.0 - https:\/\/yoast.com\/product\/yoast-seo-wordpress\/ -->\n<title>PayPal Pay QR Code Table Display Color | truzzer<\/title>\n<meta name=\"description\" content=\"Acceptez les paiements PayPal avec PayPal Pay QR Code Table Display Color de truzzer. Installation facile, pr\u00eat \u00e0 l&#039;emploi. Commandez !\" \/>\n<meta name=\"robots\" content=\"index, follow, max-snippet:-1, max-image-preview:large, max-video-preview:-1\" \/>\n<link rel=\"canonical\" href=\"https:\/\/www.truzzer.com\/fr\/produit\/paypal-pay-qr-code-table-display-color\/\" \/>\n<meta property=\"og:locale\" content=\"fr_FR\" \/>\n<meta property=\"og:type\" content=\"article\" \/>\n<meta property=\"og:title\" content=\"PayPal Pay QR Code Table Display Color | truzzer\" \/>\n<meta property=\"og:description\" content=\"Acceptez les paiements PayPal avec PayPal Pay QR Code Table Display Color de truzzer. Installation facile, pr\u00eat \u00e0 l&#039;emploi. Commandez !\" \/>\n<meta property=\"og:url\" content=\"https:\/\/www.truzzer.com\/fr\/produit\/paypal-pay-qr-code-table-display-color\/\" \/>\n<meta property=\"og:site_name\" content=\"truzzer\" \/>\n<meta property=\"article:modified_time\" content=\"2026-02-13T08:35:29+00:00\" \/>\n<meta property=\"og:image\" content=\"https:\/\/www.truzzer.com\/wp-content\/uploads\/2026\/02\/paypal-pay-bezahlen-qr-code-table-tent-old-design-empfehlio-truzzer-b-iso-2.jpg\" \/>\n\t<meta property=\"og:image:width\" content=\"1400\" \/>\n\t<meta property=\"og:image:height\" content=\"1400\" \/>\n\t<meta property=\"og:image:type\" content=\"image\/jpeg\" \/>\n<meta name=\"twitter:card\" content=\"summary_large_image\" \/>\n<meta name=\"twitter:label1\" content=\"Dur\u00e9e de lecture estim\u00e9e\" \/>\n\t<meta name=\"twitter:data1\" content=\"1 minute\" \/>\n<script type=\"application\/ld+json\" class=\"yoast-schema-graph\">{\"@context\":\"https:\/\/schema.org\",\"@graph\":[{\"@type\":\"WebPage\",\"@id\":\"https:\/\/www.truzzer.com\/fr\/produit\/paypal-pay-qr-code-table-display-color\/\",\"url\":\"https:\/\/www.truzzer.com\/fr\/produit\/paypal-pay-qr-code-table-display-color\/\",\"name\":\"PayPal Pay QR Code Table Display Color | truzzer\",\"isPartOf\":{\"@id\":\"https:\/\/www.truzzer.com\/fr\/#website\"},\"primaryImageOfPage\":{\"@id\":\"https:\/\/www.truzzer.com\/fr\/produit\/paypal-pay-qr-code-table-display-color\/#primaryimage\"},\"image\":{\"@id\":\"https:\/\/www.truzzer.com\/fr\/produit\/paypal-pay-qr-code-table-display-color\/#primaryimage\"},\"thumbnailUrl\":\"https:\/\/www.truzzer.com\/wp-content\/uploads\/2026\/02\/paypal-pay-bezahlen-qr-code-table-tent-old-design-empfehlio-truzzer-b-iso-2.jpg\",\"datePublished\":\"2026-02-01T19:49:41+00:00\",\"dateModified\":\"2026-02-13T08:35:29+00:00\",\"description\":\"Acceptez les paiements PayPal avec PayPal Pay QR Code Table Display Color de truzzer. Installation facile, pr\u00eat \u00e0 l'emploi. Commandez !\",\"breadcrumb\":{\"@id\":\"https:\/\/www.truzzer.com\/fr\/produit\/paypal-pay-qr-code-table-display-color\/#breadcrumb\"},\"inLanguage\":\"fr-FR\",\"potentialAction\":[{\"@type\":\"ReadAction\",\"target\":[\"https:\/\/www.truzzer.com\/fr\/produit\/paypal-pay-qr-code-table-display-color\/\"]}]},{\"@type\":\"ImageObject\",\"inLanguage\":\"fr-FR\",\"@id\":\"https:\/\/www.truzzer.com\/fr\/produit\/paypal-pay-qr-code-table-display-color\/#primaryimage\",\"url\":\"https:\/\/www.truzzer.com\/wp-content\/uploads\/2026\/02\/paypal-pay-bezahlen-qr-code-table-tent-old-design-empfehlio-truzzer-b-iso-2.jpg\",\"contentUrl\":\"https:\/\/www.truzzer.com\/wp-content\/uploads\/2026\/02\/paypal-pay-bezahlen-qr-code-table-tent-old-design-empfehlio-truzzer-b-iso-2.jpg\",\"width\":1400,\"height\":1400},{\"@type\":\"BreadcrumbList\",\"@id\":\"https:\/\/www.truzzer.com\/fr\/produit\/paypal-pay-qr-code-table-display-color\/#breadcrumb\",\"itemListElement\":[{\"@type\":\"ListItem\",\"position\":1,\"name\":\"Home\",\"item\":\"https:\/\/www.truzzer.com\/fr\/\"},{\"@type\":\"ListItem\",\"position\":2,\"name\":\"Boutique\",\"item\":\"https:\/\/www.truzzer.com\/fr\/boutique\/\"},{\"@type\":\"ListItem\",\"position\":3,\"name\":\"PayPal Payer QR Couleur d&rsquo;affichage du tableau de codes\"}]},{\"@type\":\"WebSite\",\"@id\":\"https:\/\/www.truzzer.com\/fr\/#website\",\"url\":\"https:\/\/www.truzzer.com\/fr\/\",\"name\":\"truzzer\",\"description\":\"Experts for customer trust\",\"publisher\":{\"@id\":\"https:\/\/www.truzzer.com\/fr\/#organization\"},\"potentialAction\":[{\"@type\":\"SearchAction\",\"target\":{\"@type\":\"EntryPoint\",\"urlTemplate\":\"https:\/\/www.truzzer.com\/fr\/?s={search_term_string}\"},\"query-input\":{\"@type\":\"PropertyValueSpecification\",\"valueRequired\":true,\"valueName\":\"search_term_string\"}}],\"inLanguage\":\"fr-FR\"},{\"@type\":\"Organization\",\"@id\":\"https:\/\/www.truzzer.com\/fr\/#organization\",\"name\":\"truzzer\",\"url\":\"https:\/\/www.truzzer.com\/fr\/\",\"logo\":{\"@type\":\"ImageObject\",\"inLanguage\":\"fr-FR\",\"@id\":\"https:\/\/www.truzzer.com\/fr\/#\/schema\/logo\/image\/\",\"url\":\"https:\/\/truzzer.com\/wp-content\/uploads\/2026\/01\/truzzer-logo-black-1.svg\",\"contentUrl\":\"https:\/\/truzzer.com\/wp-content\/uploads\/2026\/01\/truzzer-logo-black-1.svg\",\"width\":938,\"height\":199,\"caption\":\"truzzer\"},\"image\":{\"@id\":\"https:\/\/www.truzzer.com\/fr\/#\/schema\/logo\/image\/\"}}]}<\/script>\n<!-- \/ Yoast SEO plugin. -->","yoast_head_json":{"title":"PayPal Pay QR Code Table Display Color | truzzer","description":"Acceptez les paiements PayPal avec PayPal Pay QR Code Table Display Color de truzzer. Installation facile, pr\u00eat \u00e0 l'emploi. Commandez !","robots":{"index":"index","follow":"follow","max-snippet":"max-snippet:-1","max-image-preview":"max-image-preview:large","max-video-preview":"max-video-preview:-1"},"canonical":"https:\/\/www.truzzer.com\/fr\/produit\/paypal-pay-qr-code-table-display-color\/","og_locale":"fr_FR","og_type":"article","og_title":"PayPal Pay QR Code Table Display Color | truzzer","og_description":"Acceptez les paiements PayPal avec PayPal Pay QR Code Table Display Color de truzzer. Installation facile, pr\u00eat \u00e0 l'emploi. Commandez !","og_url":"https:\/\/www.truzzer.com\/fr\/produit\/paypal-pay-qr-code-table-display-color\/","og_site_name":"truzzer","article_modified_time":"2026-02-13T08:35:29+00:00","og_image":[{"width":1400,"height":1400,"url":"https:\/\/www.truzzer.com\/wp-content\/uploads\/2026\/02\/paypal-pay-bezahlen-qr-code-table-tent-old-design-empfehlio-truzzer-b-iso-2.jpg","type":"image\/jpeg"}],"twitter_card":"summary_large_image","twitter_misc":{"Dur\u00e9e de lecture estim\u00e9e":"1 minute"},"schema":{"@context":"https:\/\/schema.org","@graph":[{"@type":"WebPage","@id":"https:\/\/www.truzzer.com\/fr\/produit\/paypal-pay-qr-code-table-display-color\/","url":"https:\/\/www.truzzer.com\/fr\/produit\/paypal-pay-qr-code-table-display-color\/","name":"PayPal Pay QR Code Table Display Color | truzzer","isPartOf":{"@id":"https:\/\/www.truzzer.com\/fr\/#website"},"primaryImageOfPage":{"@id":"https:\/\/www.truzzer.com\/fr\/produit\/paypal-pay-qr-code-table-display-color\/#primaryimage"},"image":{"@id":"https:\/\/www.truzzer.com\/fr\/produit\/paypal-pay-qr-code-table-display-color\/#primaryimage"},"thumbnailUrl":"https:\/\/www.truzzer.com\/wp-content\/uploads\/2026\/02\/paypal-pay-bezahlen-qr-code-table-tent-old-design-empfehlio-truzzer-b-iso-2.jpg","datePublished":"2026-02-01T19:49:41+00:00","dateModified":"2026-02-13T08:35:29+00:00","description":"Acceptez les paiements PayPal avec PayPal Pay QR Code Table Display Color de truzzer. Installation facile, pr\u00eat \u00e0 l'emploi. Commandez !","breadcrumb":{"@id":"https:\/\/www.truzzer.com\/fr\/produit\/paypal-pay-qr-code-table-display-color\/#breadcrumb"},"inLanguage":"fr-FR","potentialAction":[{"@type":"ReadAction","target":["https:\/\/www.truzzer.com\/fr\/produit\/paypal-pay-qr-code-table-display-color\/"]}]},{"@type":"ImageObject","inLanguage":"fr-FR","@id":"https:\/\/www.truzzer.com\/fr\/produit\/paypal-pay-qr-code-table-display-color\/#primaryimage","url":"https:\/\/www.truzzer.com\/wp-content\/uploads\/2026\/02\/paypal-pay-bezahlen-qr-code-table-tent-old-design-empfehlio-truzzer-b-iso-2.jpg","contentUrl":"https:\/\/www.truzzer.com\/wp-content\/uploads\/2026\/02\/paypal-pay-bezahlen-qr-code-table-tent-old-design-empfehlio-truzzer-b-iso-2.jpg","width":1400,"height":1400},{"@type":"BreadcrumbList","@id":"https:\/\/www.truzzer.com\/fr\/produit\/paypal-pay-qr-code-table-display-color\/#breadcrumb","itemListElement":[{"@type":"ListItem","position":1,"name":"Home","item":"https:\/\/www.truzzer.com\/fr\/"},{"@type":"ListItem","position":2,"name":"Boutique","item":"https:\/\/www.truzzer.com\/fr\/boutique\/"},{"@type":"ListItem","position":3,"name":"PayPal Payer QR Couleur d&rsquo;affichage du tableau de codes"}]},{"@type":"WebSite","@id":"https:\/\/www.truzzer.com\/fr\/#website","url":"https:\/\/www.truzzer.com\/fr\/","name":"truzzer","description":"Experts for customer trust","publisher":{"@id":"https:\/\/www.truzzer.com\/fr\/#organization"},"potentialAction":[{"@type":"SearchAction","target":{"@type":"EntryPoint","urlTemplate":"https:\/\/www.truzzer.com\/fr\/?s={search_term_string}"},"query-input":{"@type":"PropertyValueSpecification","valueRequired":true,"valueName":"search_term_string"}}],"inLanguage":"fr-FR"},{"@type":"Organization","@id":"https:\/\/www.truzzer.com\/fr\/#organization","name":"truzzer","url":"https:\/\/www.truzzer.com\/fr\/","logo":{"@type":"ImageObject","inLanguage":"fr-FR","@id":"https:\/\/www.truzzer.com\/fr\/#\/schema\/logo\/image\/","url":"https:\/\/truzzer.com\/wp-content\/uploads\/2026\/01\/truzzer-logo-black-1.svg","contentUrl":"https:\/\/truzzer.com\/wp-content\/uploads\/2026\/01\/truzzer-logo-black-1.svg","width":938,"height":199,"caption":"truzzer"},"image":{"@id":"https:\/\/www.truzzer.com\/fr\/#\/schema\/logo\/image\/"}}]}},"tiered_pricing_type":"fixed","tiered_pricing_fixed_rules":[],"tiered_pricing_product_settings":{"layout":"default","base_unit_name":{"singular":null,"plural":null},"default_variation":null},"tiered_pricing_minimum_quantity":null,"tiered_pricing_roles_data":[],"tiered_pricing_percentage_rules":[],"tiered_pricing_maximum_quantity":null,"tiered_pricing_quantity_step":null,"_links":{"self":[{"href":"https:\/\/www.truzzer.com\/fr\/wp-json\/wp\/v2\/product\/97201","targetHints":{"allow":["GET"]}}],"collection":[{"href":"https:\/\/www.truzzer.com\/fr\/wp-json\/wp\/v2\/product"}],"about":[{"href":"https:\/\/www.truzzer.com\/fr\/wp-json\/wp\/v2\/types\/product"}],"replies":[{"embeddable":true,"href":"https:\/\/www.truzzer.com\/fr\/wp-json\/wp\/v2\/comments?post=97201"}],"wp:featuredmedia":[{"embeddable":true,"href":"https:\/\/www.truzzer.com\/fr\/wp-json\/wp\/v2\/media\/97205"}],"wp:attachment":[{"href":"https:\/\/www.truzzer.com\/fr\/wp-json\/wp\/v2\/media?parent=97201"}],"wp:term":[{"taxonomy":"product_brand","embeddable":true,"href":"https:\/\/www.truzzer.com\/fr\/wp-json\/wp\/v2\/product_brand?post=97201"},{"taxonomy":"product_cat","embeddable":true,"href":"https:\/\/www.truzzer.com\/fr\/wp-json\/wp\/v2\/product_cat?post=97201"},{"taxonomy":"product_tag","embeddable":true,"href":"https:\/\/www.truzzer.com\/fr\/wp-json\/wp\/v2\/product_tag?post=97201"}],"curies":[{"name":"wp","href":"https:\/\/api.w.org\/{rel}","templated":true}]}}