{"id":97208,"date":"2026-02-01T19:49:30","date_gmt":"2026-02-01T19:49:30","guid":{"rendered":"https:\/\/beta.truzzer.com\/product\/paypal-pay-qr-code-table-tent\/"},"modified":"2026-02-13T08:36:39","modified_gmt":"2026-02-13T08:36:39","slug":"paypal-pay-qr-code-table-tent","status":"publish","type":"product","link":"https:\/\/www.truzzer.com\/fr\/produit\/paypal-pay-qr-code-table-tent\/","title":{"rendered":"PayPal Payer QR Tente de table de codes"},"content":{"rendered":"<p><strong>Pr\u00e9sentation de votre tente de table \u00e0 codes PayPal QR personnalis\u00e9e avec logo personnalis\u00e9<\/strong><\/p>\n<p>Simplifiez les paiements de vos clients comme jamais auparavant\u00a0! Avec notre tente de table sur mesure PayPal QR Code, vos clients peuvent facilement payer via le code QR \u2014 une solution sans esp\u00e8ces et sans carte.<\/p>\n<p><strong>Caract\u00e9ristiques du produit\u00a0:<\/strong><\/p>\n<ul>\n<li><strong>Int\u00e9gration de logo personnalis\u00e9<\/strong>\u00a0: affichez votre logo unique sur la tente de table pour pr\u00e9senter une image professionnelle et coh\u00e9rente dans l&rsquo;ensemble de votre entreprise.<\/li>\n<li><strong>Paiement transparent<\/strong>\u00a0: les clients peuvent scanner rapidement le code PayPal QR avec leur smartphone et payer instantan\u00e9ment le montant souhait\u00e9. C&rsquo;est s\u00fbr, rapide et facile.<\/li>\n<li><strong>Mat\u00e9riau de qualit\u00e9 sup\u00e9rieure<\/strong>\u00a0: La tente de table, fabriqu\u00e9e \u00e0 partir de carton robuste et de haute qualit\u00e9, r\u00e9siste facilement \u00e0 une utilisation quotidienne. Il est parfait pour les restaurants, les caf\u00e9s, les magasins ou les salons professionnels.<\/li>\n<li><strong>Design contemporain<\/strong>\u00a0: le design \u00e9l\u00e9gant et moderne s&rsquo;int\u00e8gre sans effort dans n&rsquo;importe quel d\u00e9cor et attirera certainement l&rsquo;attention sur n&rsquo;importe quelle table.<\/li>\n<li><strong>Utilisation \u00e9tendue<\/strong>\u00a0: id\u00e9al pour le secteur de l&rsquo;h\u00f4tellerie, de la vente au d\u00e9tail ou des \u00e9v\u00e9nements, partout o\u00f9 une option de paiement rapide et simple est n\u00e9cessaire.<\/li>\n<\/ul>\n<p><strong>Avantages\u00a0:<\/strong><\/p>\n<ul>\n<li>R\u00e9duire les temps d&rsquo;attente et les inconv\u00e9nients li\u00e9s \u00e0 la manipulation d&rsquo;esp\u00e8ces.<\/li>\n<li>Insufflez une touche moderne et innovante \u00e0 votre entreprise.<\/li>\n<li>Favorisez la confiance en int\u00e9grant le logo de votre marque dans le processus de paiement.<\/li>\n<\/ul>\n<p>Investissez d\u00e8s aujourd&rsquo;hui dans votre tente de table Code PayPal QR personnalis\u00e9e et \u00e9quipez vos clients du mode de paiement actuel et sans tracas du futur\u00a0!<\/p>\n","protected":false},"excerpt":{"rendered":"<p><strong>Pr\u00e9sentation de votre tente de table \u00e0 codes PayPal QR personnalis\u00e9e avec logo personnalis\u00e9<\/strong><\/p>\n<p>Simplifiez les paiements de vos clients comme jamais auparavant\u00a0! Avec notre tente de table sur mesure PayPal QR Code, vos clients peuvent facilement payer via le code QR \u2014 une solution sans esp\u00e8ces et sans carte.<\/p>\n<p><strong>Caract\u00e9ristiques du produit\u00a0:<\/strong><\/p>\n<ul>\n<li><strong>Int\u00e9gration de logo personnalis\u00e9<\/strong>\u00a0: affichez votre logo unique sur la tente de table pour pr\u00e9senter une image professionnelle et coh\u00e9rente dans l&rsquo;ensemble de votre entreprise.<\/li>\n<li><strong>Paiement transparent<\/strong>\u00a0: les clients peuvent scanner rapidement le code PayPal QR avec leur smartphone et payer instantan\u00e9ment le montant souhait\u00e9. C&rsquo;est s\u00fbr, rapide et simple.<\/li>\n<li><strong>Mat\u00e9riau de qualit\u00e9 sup\u00e9rieure<\/strong>\u00a0: La tente de table, fabriqu\u00e9e \u00e0 partir de carton robuste et de haute qualit\u00e9, r\u00e9siste facilement \u00e0 une utilisation quotidienne. Il est parfait pour les restaurants, les caf\u00e9s, les magasins ou les salons professionnels.<\/li>\n<li><strong>Design contemporain<\/strong>\u00a0: le design \u00e9l\u00e9gant et moderne s&rsquo;int\u00e8gre sans effort dans n&rsquo;importe quel d\u00e9cor et attirera certainement l&rsquo;attention sur n&rsquo;importe quelle table.<\/li>\n<li><strong>Utilisation \u00e9tendue<\/strong>\u00a0: id\u00e9al pour le secteur de l&rsquo;h\u00f4tellerie, de la vente au d\u00e9tail ou des \u00e9v\u00e9nements, partout o\u00f9 une option de paiement rapide et simple est n\u00e9cessaire.<\/li>\n<\/ul>\n<p><strong>Avantages\u00a0:<\/strong><\/p>\n<ul>\n<li>R\u00e9duire les temps d&rsquo;attente et les inconv\u00e9nients li\u00e9s \u00e0 la manipulation d&rsquo;esp\u00e8ces.<\/li>\n<li>Insufflez une touche moderne et innovante \u00e0 votre entreprise.<\/li>\n<li>Favorisez la confiance en int\u00e9grant le logo de votre marque dans le processus de paiement.<\/li>\n<\/ul>\n<p>Investissez d\u00e8s aujourd&rsquo;hui dans votre tente de table Code PayPal QR personnalis\u00e9e et \u00e9quipez vos clients du mode de paiement actuel et sans tracas du futur\u00a0!<\/p>\n","protected":false},"featured_media":97214,"comment_status":"open","ping_status":"closed","template":"","meta":{"_acf_changed":false,"_yoast_wpseo_focuskw":"PayPal QR Code Chevalet de table","_yoast_wpseo_title":"PayPal Pay QR Code Table Tent | truzzer","_yoast_wpseo_metadesc":"Acceptez les paiements PayPal avec PayPal Pay QR Code Table Tent de truzzer. Installation facile, pr\u00eat \u00e0 l'emploi. Commandez !"},"product_brand":[1627],"product_cat":[969,479,1376],"product_tag":[],"class_list":{"0":"post-97208","1":"product","2":"type-product","3":"status-publish","4":"has-post-thumbnail","6":"product_brand-paypal","7":"product_cat-code-qr-presentoirs-supports","8":"product_cat-code-qr-produits","9":"product_cat-paiement-paypal-presentoirs-de-table-avec-code-qr","10":"pa_material-carton","11":"pa_product-type-presentoirs-et-stands","12":"pa_technology-code-qr","13":"pa_technology-qr-code","15":"first","16":"instock","17":"taxable","18":"shipping-taxable","19":"purchasable","20":"product-type-simple"},"acf":[],"yoast_head":"<!-- This site is optimized with the Yoast SEO plugin v27.0 - https:\/\/yoast.com\/product\/yoast-seo-wordpress\/ -->\n<title>PayPal Pay QR Code Table Tent | truzzer<\/title>\n<meta name=\"description\" content=\"Acceptez les paiements PayPal avec PayPal Pay QR Code Table Tent de truzzer. Installation facile, pr\u00eat \u00e0 l&#039;emploi. Commandez !\" \/>\n<meta name=\"robots\" content=\"index, follow, max-snippet:-1, max-image-preview:large, max-video-preview:-1\" \/>\n<link rel=\"canonical\" href=\"https:\/\/www.truzzer.com\/fr\/produit\/paypal-pay-qr-code-table-tent\/\" \/>\n<meta property=\"og:locale\" content=\"fr_FR\" \/>\n<meta property=\"og:type\" content=\"article\" \/>\n<meta property=\"og:title\" content=\"PayPal Pay QR Code Table Tent | truzzer\" \/>\n<meta property=\"og:description\" content=\"Acceptez les paiements PayPal avec PayPal Pay QR Code Table Tent de truzzer. Installation facile, pr\u00eat \u00e0 l&#039;emploi. Commandez !\" \/>\n<meta property=\"og:url\" content=\"https:\/\/www.truzzer.com\/fr\/produit\/paypal-pay-qr-code-table-tent\/\" \/>\n<meta property=\"og:site_name\" content=\"truzzer\" \/>\n<meta property=\"article:modified_time\" content=\"2026-02-13T08:36:39+00:00\" \/>\n<meta property=\"og:image\" content=\"https:\/\/www.truzzer.com\/wp-content\/uploads\/2026\/02\/paypal-pay-bezahlen-qr-code-table-tent-old-design-empfehlio-truzzer-a-iso-2.jpg\" \/>\n\t<meta property=\"og:image:width\" content=\"1400\" \/>\n\t<meta property=\"og:image:height\" content=\"1400\" \/>\n\t<meta property=\"og:image:type\" content=\"image\/jpeg\" \/>\n<meta name=\"twitter:card\" content=\"summary_large_image\" \/>\n<meta name=\"twitter:label1\" content=\"Dur\u00e9e de lecture estim\u00e9e\" \/>\n\t<meta name=\"twitter:data1\" content=\"1 minute\" \/>\n<script type=\"application\/ld+json\" class=\"yoast-schema-graph\">{\"@context\":\"https:\/\/schema.org\",\"@graph\":[{\"@type\":\"WebPage\",\"@id\":\"https:\/\/www.truzzer.com\/fr\/produit\/paypal-pay-qr-code-table-tent\/\",\"url\":\"https:\/\/www.truzzer.com\/fr\/produit\/paypal-pay-qr-code-table-tent\/\",\"name\":\"PayPal Pay QR Code Table Tent | truzzer\",\"isPartOf\":{\"@id\":\"https:\/\/www.truzzer.com\/fr\/#website\"},\"primaryImageOfPage\":{\"@id\":\"https:\/\/www.truzzer.com\/fr\/produit\/paypal-pay-qr-code-table-tent\/#primaryimage\"},\"image\":{\"@id\":\"https:\/\/www.truzzer.com\/fr\/produit\/paypal-pay-qr-code-table-tent\/#primaryimage\"},\"thumbnailUrl\":\"https:\/\/www.truzzer.com\/wp-content\/uploads\/2026\/02\/paypal-pay-bezahlen-qr-code-table-tent-old-design-empfehlio-truzzer-a-iso-2.jpg\",\"datePublished\":\"2026-02-01T19:49:30+00:00\",\"dateModified\":\"2026-02-13T08:36:39+00:00\",\"description\":\"Acceptez les paiements PayPal avec PayPal Pay QR Code Table Tent de truzzer. Installation facile, pr\u00eat \u00e0 l'emploi. Commandez !\",\"breadcrumb\":{\"@id\":\"https:\/\/www.truzzer.com\/fr\/produit\/paypal-pay-qr-code-table-tent\/#breadcrumb\"},\"inLanguage\":\"fr-FR\",\"potentialAction\":[{\"@type\":\"ReadAction\",\"target\":[\"https:\/\/www.truzzer.com\/fr\/produit\/paypal-pay-qr-code-table-tent\/\"]}]},{\"@type\":\"ImageObject\",\"inLanguage\":\"fr-FR\",\"@id\":\"https:\/\/www.truzzer.com\/fr\/produit\/paypal-pay-qr-code-table-tent\/#primaryimage\",\"url\":\"https:\/\/www.truzzer.com\/wp-content\/uploads\/2026\/02\/paypal-pay-bezahlen-qr-code-table-tent-old-design-empfehlio-truzzer-a-iso-2.jpg\",\"contentUrl\":\"https:\/\/www.truzzer.com\/wp-content\/uploads\/2026\/02\/paypal-pay-bezahlen-qr-code-table-tent-old-design-empfehlio-truzzer-a-iso-2.jpg\",\"width\":1400,\"height\":1400},{\"@type\":\"BreadcrumbList\",\"@id\":\"https:\/\/www.truzzer.com\/fr\/produit\/paypal-pay-qr-code-table-tent\/#breadcrumb\",\"itemListElement\":[{\"@type\":\"ListItem\",\"position\":1,\"name\":\"Home\",\"item\":\"https:\/\/www.truzzer.com\/fr\/\"},{\"@type\":\"ListItem\",\"position\":2,\"name\":\"Boutique\",\"item\":\"https:\/\/www.truzzer.com\/fr\/boutique\/\"},{\"@type\":\"ListItem\",\"position\":3,\"name\":\"PayPal Payer QR Tente de table de codes\"}]},{\"@type\":\"WebSite\",\"@id\":\"https:\/\/www.truzzer.com\/fr\/#website\",\"url\":\"https:\/\/www.truzzer.com\/fr\/\",\"name\":\"truzzer\",\"description\":\"Experts for customer trust\",\"publisher\":{\"@id\":\"https:\/\/www.truzzer.com\/fr\/#organization\"},\"potentialAction\":[{\"@type\":\"SearchAction\",\"target\":{\"@type\":\"EntryPoint\",\"urlTemplate\":\"https:\/\/www.truzzer.com\/fr\/?s={search_term_string}\"},\"query-input\":{\"@type\":\"PropertyValueSpecification\",\"valueRequired\":true,\"valueName\":\"search_term_string\"}}],\"inLanguage\":\"fr-FR\"},{\"@type\":\"Organization\",\"@id\":\"https:\/\/www.truzzer.com\/fr\/#organization\",\"name\":\"truzzer\",\"url\":\"https:\/\/www.truzzer.com\/fr\/\",\"logo\":{\"@type\":\"ImageObject\",\"inLanguage\":\"fr-FR\",\"@id\":\"https:\/\/www.truzzer.com\/fr\/#\/schema\/logo\/image\/\",\"url\":\"https:\/\/truzzer.com\/wp-content\/uploads\/2026\/01\/truzzer-logo-black-1.svg\",\"contentUrl\":\"https:\/\/truzzer.com\/wp-content\/uploads\/2026\/01\/truzzer-logo-black-1.svg\",\"width\":938,\"height\":199,\"caption\":\"truzzer\"},\"image\":{\"@id\":\"https:\/\/www.truzzer.com\/fr\/#\/schema\/logo\/image\/\"}}]}<\/script>\n<!-- \/ Yoast SEO plugin. -->","yoast_head_json":{"title":"PayPal Pay QR Code Table Tent | truzzer","description":"Acceptez les paiements PayPal avec PayPal Pay QR Code Table Tent de truzzer. Installation facile, pr\u00eat \u00e0 l'emploi. Commandez !","robots":{"index":"index","follow":"follow","max-snippet":"max-snippet:-1","max-image-preview":"max-image-preview:large","max-video-preview":"max-video-preview:-1"},"canonical":"https:\/\/www.truzzer.com\/fr\/produit\/paypal-pay-qr-code-table-tent\/","og_locale":"fr_FR","og_type":"article","og_title":"PayPal Pay QR Code Table Tent | truzzer","og_description":"Acceptez les paiements PayPal avec PayPal Pay QR Code Table Tent de truzzer. Installation facile, pr\u00eat \u00e0 l'emploi. Commandez !","og_url":"https:\/\/www.truzzer.com\/fr\/produit\/paypal-pay-qr-code-table-tent\/","og_site_name":"truzzer","article_modified_time":"2026-02-13T08:36:39+00:00","og_image":[{"width":1400,"height":1400,"url":"https:\/\/www.truzzer.com\/wp-content\/uploads\/2026\/02\/paypal-pay-bezahlen-qr-code-table-tent-old-design-empfehlio-truzzer-a-iso-2.jpg","type":"image\/jpeg"}],"twitter_card":"summary_large_image","twitter_misc":{"Dur\u00e9e de lecture estim\u00e9e":"1 minute"},"schema":{"@context":"https:\/\/schema.org","@graph":[{"@type":"WebPage","@id":"https:\/\/www.truzzer.com\/fr\/produit\/paypal-pay-qr-code-table-tent\/","url":"https:\/\/www.truzzer.com\/fr\/produit\/paypal-pay-qr-code-table-tent\/","name":"PayPal Pay QR Code Table Tent | truzzer","isPartOf":{"@id":"https:\/\/www.truzzer.com\/fr\/#website"},"primaryImageOfPage":{"@id":"https:\/\/www.truzzer.com\/fr\/produit\/paypal-pay-qr-code-table-tent\/#primaryimage"},"image":{"@id":"https:\/\/www.truzzer.com\/fr\/produit\/paypal-pay-qr-code-table-tent\/#primaryimage"},"thumbnailUrl":"https:\/\/www.truzzer.com\/wp-content\/uploads\/2026\/02\/paypal-pay-bezahlen-qr-code-table-tent-old-design-empfehlio-truzzer-a-iso-2.jpg","datePublished":"2026-02-01T19:49:30+00:00","dateModified":"2026-02-13T08:36:39+00:00","description":"Acceptez les paiements PayPal avec PayPal Pay QR Code Table Tent de truzzer. Installation facile, pr\u00eat \u00e0 l'emploi. Commandez !","breadcrumb":{"@id":"https:\/\/www.truzzer.com\/fr\/produit\/paypal-pay-qr-code-table-tent\/#breadcrumb"},"inLanguage":"fr-FR","potentialAction":[{"@type":"ReadAction","target":["https:\/\/www.truzzer.com\/fr\/produit\/paypal-pay-qr-code-table-tent\/"]}]},{"@type":"ImageObject","inLanguage":"fr-FR","@id":"https:\/\/www.truzzer.com\/fr\/produit\/paypal-pay-qr-code-table-tent\/#primaryimage","url":"https:\/\/www.truzzer.com\/wp-content\/uploads\/2026\/02\/paypal-pay-bezahlen-qr-code-table-tent-old-design-empfehlio-truzzer-a-iso-2.jpg","contentUrl":"https:\/\/www.truzzer.com\/wp-content\/uploads\/2026\/02\/paypal-pay-bezahlen-qr-code-table-tent-old-design-empfehlio-truzzer-a-iso-2.jpg","width":1400,"height":1400},{"@type":"BreadcrumbList","@id":"https:\/\/www.truzzer.com\/fr\/produit\/paypal-pay-qr-code-table-tent\/#breadcrumb","itemListElement":[{"@type":"ListItem","position":1,"name":"Home","item":"https:\/\/www.truzzer.com\/fr\/"},{"@type":"ListItem","position":2,"name":"Boutique","item":"https:\/\/www.truzzer.com\/fr\/boutique\/"},{"@type":"ListItem","position":3,"name":"PayPal Payer QR Tente de table de codes"}]},{"@type":"WebSite","@id":"https:\/\/www.truzzer.com\/fr\/#website","url":"https:\/\/www.truzzer.com\/fr\/","name":"truzzer","description":"Experts for customer trust","publisher":{"@id":"https:\/\/www.truzzer.com\/fr\/#organization"},"potentialAction":[{"@type":"SearchAction","target":{"@type":"EntryPoint","urlTemplate":"https:\/\/www.truzzer.com\/fr\/?s={search_term_string}"},"query-input":{"@type":"PropertyValueSpecification","valueRequired":true,"valueName":"search_term_string"}}],"inLanguage":"fr-FR"},{"@type":"Organization","@id":"https:\/\/www.truzzer.com\/fr\/#organization","name":"truzzer","url":"https:\/\/www.truzzer.com\/fr\/","logo":{"@type":"ImageObject","inLanguage":"fr-FR","@id":"https:\/\/www.truzzer.com\/fr\/#\/schema\/logo\/image\/","url":"https:\/\/truzzer.com\/wp-content\/uploads\/2026\/01\/truzzer-logo-black-1.svg","contentUrl":"https:\/\/truzzer.com\/wp-content\/uploads\/2026\/01\/truzzer-logo-black-1.svg","width":938,"height":199,"caption":"truzzer"},"image":{"@id":"https:\/\/www.truzzer.com\/fr\/#\/schema\/logo\/image\/"}}]}},"tiered_pricing_type":"fixed","tiered_pricing_fixed_rules":[],"tiered_pricing_product_settings":{"layout":"default","base_unit_name":{"singular":null,"plural":null},"default_variation":null},"tiered_pricing_minimum_quantity":null,"tiered_pricing_roles_data":[],"tiered_pricing_percentage_rules":[],"tiered_pricing_maximum_quantity":null,"tiered_pricing_quantity_step":null,"_links":{"self":[{"href":"https:\/\/www.truzzer.com\/fr\/wp-json\/wp\/v2\/product\/97208","targetHints":{"allow":["GET"]}}],"collection":[{"href":"https:\/\/www.truzzer.com\/fr\/wp-json\/wp\/v2\/product"}],"about":[{"href":"https:\/\/www.truzzer.com\/fr\/wp-json\/wp\/v2\/types\/product"}],"replies":[{"embeddable":true,"href":"https:\/\/www.truzzer.com\/fr\/wp-json\/wp\/v2\/comments?post=97208"}],"wp:featuredmedia":[{"embeddable":true,"href":"https:\/\/www.truzzer.com\/fr\/wp-json\/wp\/v2\/media\/97214"}],"wp:attachment":[{"href":"https:\/\/www.truzzer.com\/fr\/wp-json\/wp\/v2\/media?parent=97208"}],"wp:term":[{"taxonomy":"product_brand","embeddable":true,"href":"https:\/\/www.truzzer.com\/fr\/wp-json\/wp\/v2\/product_brand?post=97208"},{"taxonomy":"product_cat","embeddable":true,"href":"https:\/\/www.truzzer.com\/fr\/wp-json\/wp\/v2\/product_cat?post=97208"},{"taxonomy":"product_tag","embeddable":true,"href":"https:\/\/www.truzzer.com\/fr\/wp-json\/wp\/v2\/product_tag?post=97208"}],"curies":[{"name":"wp","href":"https:\/\/api.w.org\/{rel}","templated":true}]}}