{"id":97219,"date":"2026-02-01T19:48:52","date_gmt":"2026-02-01T19:48:52","guid":{"rendered":"https:\/\/beta.truzzer.com\/product\/paypal-pay-qr-code-table-tent-brand-refresh\/"},"modified":"2026-02-13T08:39:00","modified_gmt":"2026-02-13T08:39:00","slug":"paypal-pay-qr-code-table-tent-brand-refresh","status":"publish","type":"product","link":"https:\/\/www.truzzer.com\/fr\/produit\/paypal-pay-qr-code-table-tent-brand-refresh\/","title":{"rendered":"PayPal Payer QR Actualisation de la marque de la tente de la table de codes"},"content":{"rendered":"<p><strong>Pr\u00e9sentation de votre tente de table \u00e0 codes PayPal QR personnalis\u00e9e avec logo personnalis\u00e9<br \/>\n<\/strong><\/p>\n<p data-pm-slice=\"1 1 []\">Faites du processus de paiement un jeu d&rsquo;enfant pour vos clients avec notre tente de table de codes personnalisable PayPal QR. Con\u00e7u pour offrir une option de paiement pratique sans esp\u00e8ces et sans carte, il am\u00e9liore l&rsquo;exp\u00e9rience client dans votre \u00e9tablissement.<\/p>\n<p><strong>Caract\u00e9ristiques du produit\u00a0:<\/strong><\/p>\n<ul>\n<li><strong>Personnalisation du logo personnalis\u00e9<\/strong>\u00a0: votre tente de table peut comporter votre propre logo, garantissant ainsi une apparence professionnelle et coh\u00e9rente dans l&rsquo;ensemble de votre entreprise.<\/li>\n<li><strong>Paiement facile<\/strong>\u00a0: les clients peuvent simplement scanner le code PayPal QR avec leur smartphone pour transf\u00e9rer instantan\u00e9ment le paiement souhait\u00e9, offrant ainsi un moyen de paiement s\u00fbr, rapide et simple.<\/li>\n<li><strong>Carton de haute qualit\u00e9<\/strong>\u00a0: fabriqu\u00e9e \u00e0 partir de carton robuste et de haute qualit\u00e9, la tente de table est con\u00e7ue pour r\u00e9sister \u00e0 l&rsquo;usure quotidienne, ce qui en fait l&rsquo;accessoire id\u00e9al pour les restaurants, les caf\u00e9s, les magasins ou les salons professionnels.<\/li>\n<li><strong>Design moderne<\/strong>\u00a0: son design \u00e0 la fois minimaliste et moderne se fondra parfaitement dans n&rsquo;importe quel d\u00e9cor et deviendra une pi\u00e8ce ma\u00eetresse attrayante sur n&rsquo;importe quelle table.<\/li>\n<li><strong>Utilisation polyvalente<\/strong>\u00a0: c&rsquo;est une solution id\u00e9ale pour le secteur de l&rsquo;h\u00f4tellerie, de la vente au d\u00e9tail ou des \u00e9v\u00e9nements o\u00f9 une option de paiement pratique et rapide est souhait\u00e9e.<\/li>\n<\/ul>\n<p><strong>Avantages\u00a0:<\/strong><\/p>\n<ul>\n<li>Dites adieu aux longs d\u00e9lais d&rsquo;attente et aux inconv\u00e9nients li\u00e9s \u00e0 la manipulation d&rsquo;esp\u00e8ces.<\/li>\n<li>Donnez \u00e0 votre entreprise un avantage moderne et innovant.<\/li>\n<li>Construisez la confiance des clients en incorporant le logo de votre marque dans le processus de paiement.<\/li>\n<\/ul>\n<p>Investissez d\u00e8s aujourd&rsquo;hui dans une tente de table Code PayPal QR personnalis\u00e9e et \u00e9quipez vos clients de la solution de paiement simple et moderne du futur\u00a0!<\/p>\n","protected":false},"excerpt":{"rendered":"<p>Facilitez le processus de paiement pour vos clients avec notre tente de table de codes PayPal QR personnalisable. Con\u00e7u pour offrir une option de paiement pratique sans esp\u00e8ces et sans carte, il am\u00e9liore l&rsquo;exp\u00e9rience client dans votre \u00e9tablissement.<\/p>\n<p><strong>Caract\u00e9ristiques du produit\u00a0:<\/strong><\/p>\n<ul>\n<li><strong>Personnalisation du logo personnalis\u00e9<\/strong>\u00a0: votre tente de table peut comporter votre propre logo, garantissant ainsi une apparence professionnelle et coh\u00e9rente dans l&rsquo;ensemble de votre entreprise.<\/li>\n<li><strong>Paiement facile<\/strong>\u00a0: les clients peuvent simplement scanner le code PayPal QR avec leur smartphone pour transf\u00e9rer instantan\u00e9ment le paiement souhait\u00e9, offrant ainsi un moyen de paiement s\u00fbr, rapide et simple.<\/li>\n<li><strong>Carton de haute qualit\u00e9<\/strong>\u00a0: fabriqu\u00e9e \u00e0 partir de carton robuste et de haute qualit\u00e9, la tente de table est con\u00e7ue pour r\u00e9sister \u00e0 l&rsquo;usure quotidienne, ce qui en fait l&rsquo;accessoire id\u00e9al pour les restaurants, les caf\u00e9s, les magasins ou les salons professionnels.<\/li>\n<li><strong>Design moderne<\/strong>\u00a0: son design \u00e0 la fois minimaliste et moderne se fondra parfaitement dans n&rsquo;importe quel d\u00e9cor et deviendra une pi\u00e8ce ma\u00eetresse attrayante sur n&rsquo;importe quelle table.<\/li>\n<li><strong>Utilisation polyvalente<\/strong>\u00a0: c&rsquo;est une solution id\u00e9ale pour le secteur de l&rsquo;h\u00f4tellerie, de la vente au d\u00e9tail ou des \u00e9v\u00e9nements o\u00f9 une option de paiement pratique et rapide est souhait\u00e9e.<\/li>\n<\/ul>\n<p><strong>Avantages\u00a0:<\/strong><\/p>\n<ul>\n<li>Dites adieu aux longs d\u00e9lais d&rsquo;attente et aux inconv\u00e9nients li\u00e9s \u00e0 la manipulation d&rsquo;esp\u00e8ces.<\/li>\n<li>Donnez \u00e0 votre entreprise un avantage moderne et innovant.<\/li>\n<li>Construisez la confiance des clients en incorporant le logo de votre marque dans le processus de paiement.<\/li>\n<\/ul>\n<p>Investissez d\u00e8s aujourd&rsquo;hui dans une tente de table Code PayPal QR personnalis\u00e9e et \u00e9quipez vos clients de la solution de paiement simple et moderne du futur\u00a0!<\/p>\n","protected":false},"featured_media":97225,"comment_status":"open","ping_status":"closed","template":"","meta":{"_acf_changed":false,"_yoast_wpseo_focuskw":"","_yoast_wpseo_title":"PayPal Pay QR Code Table Tent Brand Refresh | truzzer","_yoast_wpseo_metadesc":"Acceptez les paiements PayPal avec PayPal Pay QR Code Table Tent Brand Refresh de truzzer. Installation facile, pr\u00eat \u00e0 l'emploi. Commandez !"},"product_brand":[1627],"product_cat":[969,479,1376],"product_tag":[],"class_list":{"0":"post-97219","1":"product","2":"type-product","3":"status-publish","4":"has-post-thumbnail","6":"product_brand-paypal","7":"product_cat-code-qr-presentoirs-supports","8":"product_cat-code-qr-produits","9":"product_cat-paiement-paypal-presentoirs-de-table-avec-code-qr","10":"pa_material-carton","11":"pa_product-type-presentoirs-et-stands","12":"pa_technology-code-qr","13":"pa_technology-qr-code","15":"first","16":"instock","17":"taxable","18":"shipping-taxable","19":"purchasable","20":"product-type-simple"},"acf":[],"yoast_head":"<!-- This site is optimized with the Yoast SEO plugin v27.0 - https:\/\/yoast.com\/product\/yoast-seo-wordpress\/ -->\n<title>PayPal Pay QR Code Table Tent Brand Refresh | truzzer<\/title>\n<meta name=\"description\" content=\"Acceptez les paiements PayPal avec PayPal Pay QR Code Table Tent Brand Refresh de truzzer. Installation facile, pr\u00eat \u00e0 l&#039;emploi. Commandez !\" \/>\n<meta name=\"robots\" content=\"index, follow, max-snippet:-1, max-image-preview:large, max-video-preview:-1\" \/>\n<link rel=\"canonical\" href=\"https:\/\/www.truzzer.com\/fr\/produit\/paypal-pay-qr-code-table-tent-brand-refresh\/\" \/>\n<meta property=\"og:locale\" content=\"fr_FR\" \/>\n<meta property=\"og:type\" content=\"article\" \/>\n<meta property=\"og:title\" content=\"PayPal Pay QR Code Table Tent Brand Refresh | truzzer\" \/>\n<meta property=\"og:description\" content=\"Acceptez les paiements PayPal avec PayPal Pay QR Code Table Tent Brand Refresh de truzzer. Installation facile, pr\u00eat \u00e0 l&#039;emploi. Commandez !\" \/>\n<meta property=\"og:url\" content=\"https:\/\/www.truzzer.com\/fr\/produit\/paypal-pay-qr-code-table-tent-brand-refresh\/\" \/>\n<meta property=\"og:site_name\" content=\"truzzer\" \/>\n<meta property=\"article:modified_time\" content=\"2026-02-13T08:39:00+00:00\" \/>\n<meta property=\"og:image\" content=\"https:\/\/www.truzzer.com\/wp-content\/uploads\/2026\/02\/paypal-pay-bezahlen-qr-code-table-tent-new-design-empfehlio-truzzer-a-iso-2.jpg\" \/>\n\t<meta property=\"og:image:width\" content=\"1400\" \/>\n\t<meta property=\"og:image:height\" content=\"1400\" \/>\n\t<meta property=\"og:image:type\" content=\"image\/jpeg\" \/>\n<meta name=\"twitter:card\" content=\"summary_large_image\" \/>\n<meta name=\"twitter:label1\" content=\"Dur\u00e9e de lecture estim\u00e9e\" \/>\n\t<meta name=\"twitter:data1\" content=\"2 minutes\" \/>\n<script type=\"application\/ld+json\" class=\"yoast-schema-graph\">{\"@context\":\"https:\/\/schema.org\",\"@graph\":[{\"@type\":\"WebPage\",\"@id\":\"https:\/\/www.truzzer.com\/fr\/produit\/paypal-pay-qr-code-table-tent-brand-refresh\/\",\"url\":\"https:\/\/www.truzzer.com\/fr\/produit\/paypal-pay-qr-code-table-tent-brand-refresh\/\",\"name\":\"PayPal Pay QR Code Table Tent Brand Refresh | truzzer\",\"isPartOf\":{\"@id\":\"https:\/\/www.truzzer.com\/fr\/#website\"},\"primaryImageOfPage\":{\"@id\":\"https:\/\/www.truzzer.com\/fr\/produit\/paypal-pay-qr-code-table-tent-brand-refresh\/#primaryimage\"},\"image\":{\"@id\":\"https:\/\/www.truzzer.com\/fr\/produit\/paypal-pay-qr-code-table-tent-brand-refresh\/#primaryimage\"},\"thumbnailUrl\":\"https:\/\/www.truzzer.com\/wp-content\/uploads\/2026\/02\/paypal-pay-bezahlen-qr-code-table-tent-new-design-empfehlio-truzzer-a-iso-2.jpg\",\"datePublished\":\"2026-02-01T19:48:52+00:00\",\"dateModified\":\"2026-02-13T08:39:00+00:00\",\"description\":\"Acceptez les paiements PayPal avec PayPal Pay QR Code Table Tent Brand Refresh de truzzer. Installation facile, pr\u00eat \u00e0 l'emploi. Commandez !\",\"breadcrumb\":{\"@id\":\"https:\/\/www.truzzer.com\/fr\/produit\/paypal-pay-qr-code-table-tent-brand-refresh\/#breadcrumb\"},\"inLanguage\":\"fr-FR\",\"potentialAction\":[{\"@type\":\"ReadAction\",\"target\":[\"https:\/\/www.truzzer.com\/fr\/produit\/paypal-pay-qr-code-table-tent-brand-refresh\/\"]}]},{\"@type\":\"ImageObject\",\"inLanguage\":\"fr-FR\",\"@id\":\"https:\/\/www.truzzer.com\/fr\/produit\/paypal-pay-qr-code-table-tent-brand-refresh\/#primaryimage\",\"url\":\"https:\/\/www.truzzer.com\/wp-content\/uploads\/2026\/02\/paypal-pay-bezahlen-qr-code-table-tent-new-design-empfehlio-truzzer-a-iso-2.jpg\",\"contentUrl\":\"https:\/\/www.truzzer.com\/wp-content\/uploads\/2026\/02\/paypal-pay-bezahlen-qr-code-table-tent-new-design-empfehlio-truzzer-a-iso-2.jpg\",\"width\":1400,\"height\":1400},{\"@type\":\"BreadcrumbList\",\"@id\":\"https:\/\/www.truzzer.com\/fr\/produit\/paypal-pay-qr-code-table-tent-brand-refresh\/#breadcrumb\",\"itemListElement\":[{\"@type\":\"ListItem\",\"position\":1,\"name\":\"Home\",\"item\":\"https:\/\/www.truzzer.com\/fr\/\"},{\"@type\":\"ListItem\",\"position\":2,\"name\":\"Boutique\",\"item\":\"https:\/\/www.truzzer.com\/fr\/boutique\/\"},{\"@type\":\"ListItem\",\"position\":3,\"name\":\"PayPal Payer QR Actualisation de la marque de la tente de la table de codes\"}]},{\"@type\":\"WebSite\",\"@id\":\"https:\/\/www.truzzer.com\/fr\/#website\",\"url\":\"https:\/\/www.truzzer.com\/fr\/\",\"name\":\"truzzer\",\"description\":\"Experts for customer trust\",\"publisher\":{\"@id\":\"https:\/\/www.truzzer.com\/fr\/#organization\"},\"potentialAction\":[{\"@type\":\"SearchAction\",\"target\":{\"@type\":\"EntryPoint\",\"urlTemplate\":\"https:\/\/www.truzzer.com\/fr\/?s={search_term_string}\"},\"query-input\":{\"@type\":\"PropertyValueSpecification\",\"valueRequired\":true,\"valueName\":\"search_term_string\"}}],\"inLanguage\":\"fr-FR\"},{\"@type\":\"Organization\",\"@id\":\"https:\/\/www.truzzer.com\/fr\/#organization\",\"name\":\"truzzer\",\"url\":\"https:\/\/www.truzzer.com\/fr\/\",\"logo\":{\"@type\":\"ImageObject\",\"inLanguage\":\"fr-FR\",\"@id\":\"https:\/\/www.truzzer.com\/fr\/#\/schema\/logo\/image\/\",\"url\":\"https:\/\/truzzer.com\/wp-content\/uploads\/2026\/01\/truzzer-logo-black-1.svg\",\"contentUrl\":\"https:\/\/truzzer.com\/wp-content\/uploads\/2026\/01\/truzzer-logo-black-1.svg\",\"width\":938,\"height\":199,\"caption\":\"truzzer\"},\"image\":{\"@id\":\"https:\/\/www.truzzer.com\/fr\/#\/schema\/logo\/image\/\"}}]}<\/script>\n<!-- \/ Yoast SEO plugin. -->","yoast_head_json":{"title":"PayPal Pay QR Code Table Tent Brand Refresh | truzzer","description":"Acceptez les paiements PayPal avec PayPal Pay QR Code Table Tent Brand Refresh de truzzer. Installation facile, pr\u00eat \u00e0 l'emploi. Commandez !","robots":{"index":"index","follow":"follow","max-snippet":"max-snippet:-1","max-image-preview":"max-image-preview:large","max-video-preview":"max-video-preview:-1"},"canonical":"https:\/\/www.truzzer.com\/fr\/produit\/paypal-pay-qr-code-table-tent-brand-refresh\/","og_locale":"fr_FR","og_type":"article","og_title":"PayPal Pay QR Code Table Tent Brand Refresh | truzzer","og_description":"Acceptez les paiements PayPal avec PayPal Pay QR Code Table Tent Brand Refresh de truzzer. Installation facile, pr\u00eat \u00e0 l'emploi. Commandez !","og_url":"https:\/\/www.truzzer.com\/fr\/produit\/paypal-pay-qr-code-table-tent-brand-refresh\/","og_site_name":"truzzer","article_modified_time":"2026-02-13T08:39:00+00:00","og_image":[{"width":1400,"height":1400,"url":"https:\/\/www.truzzer.com\/wp-content\/uploads\/2026\/02\/paypal-pay-bezahlen-qr-code-table-tent-new-design-empfehlio-truzzer-a-iso-2.jpg","type":"image\/jpeg"}],"twitter_card":"summary_large_image","twitter_misc":{"Dur\u00e9e de lecture estim\u00e9e":"2 minutes"},"schema":{"@context":"https:\/\/schema.org","@graph":[{"@type":"WebPage","@id":"https:\/\/www.truzzer.com\/fr\/produit\/paypal-pay-qr-code-table-tent-brand-refresh\/","url":"https:\/\/www.truzzer.com\/fr\/produit\/paypal-pay-qr-code-table-tent-brand-refresh\/","name":"PayPal Pay QR Code Table Tent Brand Refresh | truzzer","isPartOf":{"@id":"https:\/\/www.truzzer.com\/fr\/#website"},"primaryImageOfPage":{"@id":"https:\/\/www.truzzer.com\/fr\/produit\/paypal-pay-qr-code-table-tent-brand-refresh\/#primaryimage"},"image":{"@id":"https:\/\/www.truzzer.com\/fr\/produit\/paypal-pay-qr-code-table-tent-brand-refresh\/#primaryimage"},"thumbnailUrl":"https:\/\/www.truzzer.com\/wp-content\/uploads\/2026\/02\/paypal-pay-bezahlen-qr-code-table-tent-new-design-empfehlio-truzzer-a-iso-2.jpg","datePublished":"2026-02-01T19:48:52+00:00","dateModified":"2026-02-13T08:39:00+00:00","description":"Acceptez les paiements PayPal avec PayPal Pay QR Code Table Tent Brand Refresh de truzzer. Installation facile, pr\u00eat \u00e0 l'emploi. Commandez !","breadcrumb":{"@id":"https:\/\/www.truzzer.com\/fr\/produit\/paypal-pay-qr-code-table-tent-brand-refresh\/#breadcrumb"},"inLanguage":"fr-FR","potentialAction":[{"@type":"ReadAction","target":["https:\/\/www.truzzer.com\/fr\/produit\/paypal-pay-qr-code-table-tent-brand-refresh\/"]}]},{"@type":"ImageObject","inLanguage":"fr-FR","@id":"https:\/\/www.truzzer.com\/fr\/produit\/paypal-pay-qr-code-table-tent-brand-refresh\/#primaryimage","url":"https:\/\/www.truzzer.com\/wp-content\/uploads\/2026\/02\/paypal-pay-bezahlen-qr-code-table-tent-new-design-empfehlio-truzzer-a-iso-2.jpg","contentUrl":"https:\/\/www.truzzer.com\/wp-content\/uploads\/2026\/02\/paypal-pay-bezahlen-qr-code-table-tent-new-design-empfehlio-truzzer-a-iso-2.jpg","width":1400,"height":1400},{"@type":"BreadcrumbList","@id":"https:\/\/www.truzzer.com\/fr\/produit\/paypal-pay-qr-code-table-tent-brand-refresh\/#breadcrumb","itemListElement":[{"@type":"ListItem","position":1,"name":"Home","item":"https:\/\/www.truzzer.com\/fr\/"},{"@type":"ListItem","position":2,"name":"Boutique","item":"https:\/\/www.truzzer.com\/fr\/boutique\/"},{"@type":"ListItem","position":3,"name":"PayPal Payer QR Actualisation de la marque de la tente de la table de codes"}]},{"@type":"WebSite","@id":"https:\/\/www.truzzer.com\/fr\/#website","url":"https:\/\/www.truzzer.com\/fr\/","name":"truzzer","description":"Experts for customer trust","publisher":{"@id":"https:\/\/www.truzzer.com\/fr\/#organization"},"potentialAction":[{"@type":"SearchAction","target":{"@type":"EntryPoint","urlTemplate":"https:\/\/www.truzzer.com\/fr\/?s={search_term_string}"},"query-input":{"@type":"PropertyValueSpecification","valueRequired":true,"valueName":"search_term_string"}}],"inLanguage":"fr-FR"},{"@type":"Organization","@id":"https:\/\/www.truzzer.com\/fr\/#organization","name":"truzzer","url":"https:\/\/www.truzzer.com\/fr\/","logo":{"@type":"ImageObject","inLanguage":"fr-FR","@id":"https:\/\/www.truzzer.com\/fr\/#\/schema\/logo\/image\/","url":"https:\/\/truzzer.com\/wp-content\/uploads\/2026\/01\/truzzer-logo-black-1.svg","contentUrl":"https:\/\/truzzer.com\/wp-content\/uploads\/2026\/01\/truzzer-logo-black-1.svg","width":938,"height":199,"caption":"truzzer"},"image":{"@id":"https:\/\/www.truzzer.com\/fr\/#\/schema\/logo\/image\/"}}]}},"tiered_pricing_type":"fixed","tiered_pricing_fixed_rules":[],"tiered_pricing_product_settings":{"layout":"default","base_unit_name":{"singular":null,"plural":null},"default_variation":null},"tiered_pricing_minimum_quantity":null,"tiered_pricing_roles_data":[],"tiered_pricing_percentage_rules":[],"tiered_pricing_maximum_quantity":null,"tiered_pricing_quantity_step":null,"_links":{"self":[{"href":"https:\/\/www.truzzer.com\/fr\/wp-json\/wp\/v2\/product\/97219","targetHints":{"allow":["GET"]}}],"collection":[{"href":"https:\/\/www.truzzer.com\/fr\/wp-json\/wp\/v2\/product"}],"about":[{"href":"https:\/\/www.truzzer.com\/fr\/wp-json\/wp\/v2\/types\/product"}],"replies":[{"embeddable":true,"href":"https:\/\/www.truzzer.com\/fr\/wp-json\/wp\/v2\/comments?post=97219"}],"wp:featuredmedia":[{"embeddable":true,"href":"https:\/\/www.truzzer.com\/fr\/wp-json\/wp\/v2\/media\/97225"}],"wp:attachment":[{"href":"https:\/\/www.truzzer.com\/fr\/wp-json\/wp\/v2\/media?parent=97219"}],"wp:term":[{"taxonomy":"product_brand","embeddable":true,"href":"https:\/\/www.truzzer.com\/fr\/wp-json\/wp\/v2\/product_brand?post=97219"},{"taxonomy":"product_cat","embeddable":true,"href":"https:\/\/www.truzzer.com\/fr\/wp-json\/wp\/v2\/product_cat?post=97219"},{"taxonomy":"product_tag","embeddable":true,"href":"https:\/\/www.truzzer.com\/fr\/wp-json\/wp\/v2\/product_tag?post=97219"}],"curies":[{"name":"wp","href":"https:\/\/api.w.org\/{rel}","templated":true}]}}