{"id":102455,"date":"2026-02-11T10:12:53","date_gmt":"2026-02-11T10:12:53","guid":{"rendered":"https:\/\/beta.truzzer.com\/product\/instagram-qr-kode-klistremerke-folg-oss-rund-hologram-utgave\/"},"modified":"2026-02-13T10:29:53","modified_gmt":"2026-02-13T10:29:53","slug":"instagram-qr-kode-klistremerke-folg-oss-rund-hologram-utgave","status":"publish","type":"product","link":"https:\/\/www.truzzer.com\/it\/prodotto\/instagram-qr-kode-klistremerke-folg-oss-rund-hologram-utgave\/","title":{"rendered":"Instagram QR Codice adesivo \u201cSeguici\u201d \u2013 Rotondo (edizione ologramma)"},"content":{"rendered":"<p>\nCon l&#8217;<strong>Instagram QR Code Sticker &#8220;Seguici&#8221; (edizione ologramma)<\/strong>, porti il tuo marketing sui social media a un livello superiore.<br \/>\nL&#8217;accattivante design dell&#8217;ologramma attira immediatamente l&#8217;attenzione e garantisce che nessun cliente perda la tua chiamata.\n<\/p>\n<p>\nOgni adesivo viene fornito con un <strong>codice QR individuale<\/strong> che si collega direttamente al tuo profilo Instagram.<br \/>\nI clienti non dovranno pi\u00f9 cercarti: basta una rapida scansione con la fotocamera dello smartphone e arriveranno immediatamente al tuo account.\n<\/p>\n<p><strong>I tuoi vantaggi in breve:<\/strong><\/p>\n<ul>\n<li>\u2728 <strong>Design accattivante dell&#8217;ologramma<\/strong>: massima visibilit\u00e0, sia su vetro, banconi o imballaggi.<\/li>\n<li>\ud83d\udcf2 <strong>Codice QR diretto<\/strong>: si connette istantaneamente al tuo profilo Instagram, senza deviazioni.<\/li>\n<li>\ud83d\udccd <strong>Uso versatile<\/strong>: ideale per negozi, ristoranti, bar, saloni, eventi o confezionamento di prodotti.<\/li>\n<li>\ud83d\udccf <strong>Disponibile in 3 misure<\/strong>: 9,5 cm, 14,8 cm e 21 cm.<\/li>\n<li>\ud83c\udde9\ud83c\uddea <strong>Made in Germany<\/strong>: qualit\u00e0 durevole, resistente alle intemperie e resistente alle intemperie. robusto.<\/li>\n<\/ul>\n<p>\nCi\u00f2 fa risaltare la tua attivit\u00e0 e allo stesso tempo fa crescere in modo intelligente la tua community Instagram.\n<\/p>\n<p>\n\u2705 <strong>Basta fare domanda, lasciare che i clienti eseguano la scansione e ottenere follower.<\/strong>\n<\/p>\n<h3>Passaggio 1: il cliente esegue la scansione del codice QR<\/h3>\n<p>\nPer seguirti, il cliente semplicemente scansiona il codice QR. Tutto quello che devono fare \u00e8 puntare la fotocamera dello smartphone verso l&#8217;adesivo.\n<\/p>\n<p>\n<img decoding=\"async\" class=\"alignnone wp-image-13588 size-full\" src=\"https:\/\/truzzer.de\/wp-content\/uploads\/2020\/12\/truzzer-so-gehts-instagram-scan-11.jpg\" alt=\"\" larghezza=\"1200\" altezza=\"792\" \/>\n<\/p>\n<p>\nSuccessivamente, sullo schermo appare un pop-up (iPhone) oppure appare l&#8217;icona del codice QR (smartphone Android \/ Google).\n<\/p>\n<h3>Passaggio 2: il cliente viene indirizzato direttamente al tuo profilo Instagram<\/h3>\n<p>\nInstagram si apre e il cliente pu\u00f2 seguirti immediatamente: semplicissimo.\n<\/p>\n<p>\n<img decoding=\"async\" class=\"alignleft wp-image-13589 size-full\" src=\"https:\/\/truzzer.de\/wp-content\/uploads\/2020\/12\/truzzer-so-gehts-instagram-scan-1.jpg\" alt=\"\" larghezza=\"1200\" altezza=\"792\" \/>\n<\/p>\n<p><strong>Nota:<\/strong><\/p>\n<p>\nTieni presente che per ottenere follower \u00e8 necessario un profilo Instagram.\n<\/p>\n<p>[elfsight_popup id=&#8221;6&#8243;]<\/p>\n","protected":false},"excerpt":{"rendered":"<p>\nPi\u00f9 splendore, pi\u00f9 attenzione, pi\u00f9 follower!<br \/>\nI nostri <strong>adesivi olografici Instagram<\/strong> rotondi attirano davvero l&#8217;attenzione. Con un codice QR integrato, guidi i tuoi clienti direttamente al tuo profilo: basta scansionare e visualizzare informazioni. seguire.<br \/>\nIdeale per: <strong>negozi, porte, banconi, vetrine, casse, imballaggi<\/strong>.\n<\/p>\n<p>\nDisponibile in <strong>3 misure<\/strong>: 9,5 cm, 14,8 cm, 21 cm.<\/p>\n","protected":false},"featured_media":102456,"comment_status":"open","ping_status":"closed","template":"","meta":{"_acf_changed":false,"_yoast_wpseo_focuskw":"Instagram QR Code Adesivo","_yoast_wpseo_title":"Instagram QR-kode-klistremerke \u201cF\u00f8lg oss\u201d \u2013 run... | truzzer","_yoast_wpseo_metadesc":"Pi\u00f9 follower Instagram con Instagram QR-kode-klistremerke \u201cF\u00f8lg oss\u201d \u2013 rund (hologram-utgave) di truzzer. Facile da configurare. Ordina ora!"},"product_brand":[1664],"product_cat":[839,840,825,756],"product_tag":[],"class_list":{"0":"post-102455","1":"product","2":"type-product","3":"status-publish","4":"has-post-thumbnail","6":"product_brand-instagram","7":"product_cat-follower-instagram-adesivi","8":"product_cat-follower-instagram-adesivi-con-codice-qr","9":"product_cat-follower-instagram-prodotti","10":"product_cat-recensione-google-carte","11":"pa_material-vinyl","12":"pa_product-type-adesivo","13":"pa_shape-rondo","14":"pa_technology-codice-qr","16":"first","17":"instock","18":"taxable","19":"shipping-taxable","20":"product-type-simple"},"acf":[],"yoast_head":"<!-- This site is optimized with the Yoast SEO plugin v27.0 - https:\/\/yoast.com\/product\/yoast-seo-wordpress\/ -->\n<title>Instagram QR-kode-klistremerke \u201cF\u00f8lg oss\u201d \u2013 run... | truzzer<\/title>\n<meta name=\"description\" content=\"Pi\u00f9 follower Instagram con Instagram QR-kode-klistremerke \u201cF\u00f8lg oss\u201d \u2013 rund (hologram-utgave) di truzzer. Facile da configurare. Ordina ora!\" \/>\n<meta name=\"robots\" content=\"index, follow, max-snippet:-1, max-image-preview:large, max-video-preview:-1\" \/>\n<link rel=\"canonical\" href=\"https:\/\/www.truzzer.com\/it\/prodotto\/instagram-qr-kode-klistremerke-folg-oss-rund-hologram-utgave\/\" \/>\n<meta property=\"og:locale\" content=\"it_IT\" \/>\n<meta property=\"og:type\" content=\"article\" \/>\n<meta property=\"og:title\" content=\"Instagram QR-kode-klistremerke \u201cF\u00f8lg oss\u201d \u2013 run... | truzzer\" \/>\n<meta property=\"og:description\" content=\"Pi\u00f9 follower Instagram con Instagram QR-kode-klistremerke \u201cF\u00f8lg oss\u201d \u2013 rund (hologram-utgave) di truzzer. Facile da configurare. Ordina ora!\" \/>\n<meta property=\"og:url\" content=\"https:\/\/www.truzzer.com\/it\/prodotto\/instagram-qr-kode-klistremerke-folg-oss-rund-hologram-utgave\/\" \/>\n<meta property=\"og:site_name\" content=\"truzzer\" \/>\n<meta property=\"article:modified_time\" content=\"2026-02-13T10:29:53+00:00\" \/>\n<meta property=\"og:image\" content=\"https:\/\/www.truzzer.com\/wp-content\/uploads\/2026\/02\/holo-sticker-round-color-phone-2.jpg\" \/>\n\t<meta property=\"og:image:width\" content=\"1200\" \/>\n\t<meta property=\"og:image:height\" content=\"1200\" \/>\n\t<meta property=\"og:image:type\" content=\"image\/jpeg\" \/>\n<meta name=\"twitter:card\" content=\"summary_large_image\" \/>\n<meta name=\"twitter:label1\" content=\"Tempo di lettura stimato\" \/>\n\t<meta name=\"twitter:data1\" content=\"1 minuto\" \/>\n<script type=\"application\/ld+json\" class=\"yoast-schema-graph\">{\"@context\":\"https:\/\/schema.org\",\"@graph\":[{\"@type\":\"WebPage\",\"@id\":\"https:\/\/www.truzzer.com\/it\/prodotto\/instagram-qr-kode-klistremerke-folg-oss-rund-hologram-utgave\/\",\"url\":\"https:\/\/www.truzzer.com\/it\/prodotto\/instagram-qr-kode-klistremerke-folg-oss-rund-hologram-utgave\/\",\"name\":\"Instagram QR-kode-klistremerke \u201cF\u00f8lg oss\u201d \u2013 run... | truzzer\",\"isPartOf\":{\"@id\":\"https:\/\/www.truzzer.com\/it\/#website\"},\"primaryImageOfPage\":{\"@id\":\"https:\/\/www.truzzer.com\/it\/prodotto\/instagram-qr-kode-klistremerke-folg-oss-rund-hologram-utgave\/#primaryimage\"},\"image\":{\"@id\":\"https:\/\/www.truzzer.com\/it\/prodotto\/instagram-qr-kode-klistremerke-folg-oss-rund-hologram-utgave\/#primaryimage\"},\"thumbnailUrl\":\"https:\/\/www.truzzer.com\/wp-content\/uploads\/2026\/02\/holo-sticker-round-color-phone-2.jpg\",\"datePublished\":\"2026-02-11T10:12:53+00:00\",\"dateModified\":\"2026-02-13T10:29:53+00:00\",\"description\":\"Pi\u00f9 follower Instagram con Instagram QR-kode-klistremerke \u201cF\u00f8lg oss\u201d \u2013 rund (hologram-utgave) di truzzer. Facile da configurare. Ordina ora!\",\"breadcrumb\":{\"@id\":\"https:\/\/www.truzzer.com\/it\/prodotto\/instagram-qr-kode-klistremerke-folg-oss-rund-hologram-utgave\/#breadcrumb\"},\"inLanguage\":\"it-IT\",\"potentialAction\":[{\"@type\":\"ReadAction\",\"target\":[\"https:\/\/www.truzzer.com\/it\/prodotto\/instagram-qr-kode-klistremerke-folg-oss-rund-hologram-utgave\/\"]}]},{\"@type\":\"ImageObject\",\"inLanguage\":\"it-IT\",\"@id\":\"https:\/\/www.truzzer.com\/it\/prodotto\/instagram-qr-kode-klistremerke-folg-oss-rund-hologram-utgave\/#primaryimage\",\"url\":\"https:\/\/www.truzzer.com\/wp-content\/uploads\/2026\/02\/holo-sticker-round-color-phone-2.jpg\",\"contentUrl\":\"https:\/\/www.truzzer.com\/wp-content\/uploads\/2026\/02\/holo-sticker-round-color-phone-2.jpg\",\"width\":1200,\"height\":1200},{\"@type\":\"BreadcrumbList\",\"@id\":\"https:\/\/www.truzzer.com\/it\/prodotto\/instagram-qr-kode-klistremerke-folg-oss-rund-hologram-utgave\/#breadcrumb\",\"itemListElement\":[{\"@type\":\"ListItem\",\"position\":1,\"name\":\"Home\",\"item\":\"https:\/\/www.truzzer.com\/it\/\"},{\"@type\":\"ListItem\",\"position\":2,\"name\":\"Negozio\",\"item\":\"https:\/\/www.truzzer.com\/it\/shop\/\"},{\"@type\":\"ListItem\",\"position\":3,\"name\":\"Instagram QR Codice adesivo \u201cSeguici\u201d \u2013 Rotondo (edizione ologramma)\"}]},{\"@type\":\"WebSite\",\"@id\":\"https:\/\/www.truzzer.com\/it\/#website\",\"url\":\"https:\/\/www.truzzer.com\/it\/\",\"name\":\"truzzer\",\"description\":\"Experts for customer trust\",\"publisher\":{\"@id\":\"https:\/\/www.truzzer.com\/it\/#organization\"},\"potentialAction\":[{\"@type\":\"SearchAction\",\"target\":{\"@type\":\"EntryPoint\",\"urlTemplate\":\"https:\/\/www.truzzer.com\/it\/?s={search_term_string}\"},\"query-input\":{\"@type\":\"PropertyValueSpecification\",\"valueRequired\":true,\"valueName\":\"search_term_string\"}}],\"inLanguage\":\"it-IT\"},{\"@type\":\"Organization\",\"@id\":\"https:\/\/www.truzzer.com\/it\/#organization\",\"name\":\"truzzer\",\"url\":\"https:\/\/www.truzzer.com\/it\/\",\"logo\":{\"@type\":\"ImageObject\",\"inLanguage\":\"it-IT\",\"@id\":\"https:\/\/www.truzzer.com\/it\/#\/schema\/logo\/image\/\",\"url\":\"https:\/\/truzzer.com\/wp-content\/uploads\/2026\/01\/truzzer-logo-black-1.svg\",\"contentUrl\":\"https:\/\/truzzer.com\/wp-content\/uploads\/2026\/01\/truzzer-logo-black-1.svg\",\"width\":938,\"height\":199,\"caption\":\"truzzer\"},\"image\":{\"@id\":\"https:\/\/www.truzzer.com\/it\/#\/schema\/logo\/image\/\"}}]}<\/script>\n<!-- \/ Yoast SEO plugin. -->","yoast_head_json":{"title":"Instagram QR-kode-klistremerke \u201cF\u00f8lg oss\u201d \u2013 run... | truzzer","description":"Pi\u00f9 follower Instagram con Instagram QR-kode-klistremerke \u201cF\u00f8lg oss\u201d \u2013 rund (hologram-utgave) di truzzer. Facile da configurare. Ordina ora!","robots":{"index":"index","follow":"follow","max-snippet":"max-snippet:-1","max-image-preview":"max-image-preview:large","max-video-preview":"max-video-preview:-1"},"canonical":"https:\/\/www.truzzer.com\/it\/prodotto\/instagram-qr-kode-klistremerke-folg-oss-rund-hologram-utgave\/","og_locale":"it_IT","og_type":"article","og_title":"Instagram QR-kode-klistremerke \u201cF\u00f8lg oss\u201d \u2013 run... | truzzer","og_description":"Pi\u00f9 follower Instagram con Instagram QR-kode-klistremerke \u201cF\u00f8lg oss\u201d \u2013 rund (hologram-utgave) di truzzer. Facile da configurare. Ordina ora!","og_url":"https:\/\/www.truzzer.com\/it\/prodotto\/instagram-qr-kode-klistremerke-folg-oss-rund-hologram-utgave\/","og_site_name":"truzzer","article_modified_time":"2026-02-13T10:29:53+00:00","og_image":[{"width":1200,"height":1200,"url":"https:\/\/www.truzzer.com\/wp-content\/uploads\/2026\/02\/holo-sticker-round-color-phone-2.jpg","type":"image\/jpeg"}],"twitter_card":"summary_large_image","twitter_misc":{"Tempo di lettura stimato":"1 minuto"},"schema":{"@context":"https:\/\/schema.org","@graph":[{"@type":"WebPage","@id":"https:\/\/www.truzzer.com\/it\/prodotto\/instagram-qr-kode-klistremerke-folg-oss-rund-hologram-utgave\/","url":"https:\/\/www.truzzer.com\/it\/prodotto\/instagram-qr-kode-klistremerke-folg-oss-rund-hologram-utgave\/","name":"Instagram QR-kode-klistremerke \u201cF\u00f8lg oss\u201d \u2013 run... | truzzer","isPartOf":{"@id":"https:\/\/www.truzzer.com\/it\/#website"},"primaryImageOfPage":{"@id":"https:\/\/www.truzzer.com\/it\/prodotto\/instagram-qr-kode-klistremerke-folg-oss-rund-hologram-utgave\/#primaryimage"},"image":{"@id":"https:\/\/www.truzzer.com\/it\/prodotto\/instagram-qr-kode-klistremerke-folg-oss-rund-hologram-utgave\/#primaryimage"},"thumbnailUrl":"https:\/\/www.truzzer.com\/wp-content\/uploads\/2026\/02\/holo-sticker-round-color-phone-2.jpg","datePublished":"2026-02-11T10:12:53+00:00","dateModified":"2026-02-13T10:29:53+00:00","description":"Pi\u00f9 follower Instagram con Instagram QR-kode-klistremerke \u201cF\u00f8lg oss\u201d \u2013 rund (hologram-utgave) di truzzer. Facile da configurare. Ordina ora!","breadcrumb":{"@id":"https:\/\/www.truzzer.com\/it\/prodotto\/instagram-qr-kode-klistremerke-folg-oss-rund-hologram-utgave\/#breadcrumb"},"inLanguage":"it-IT","potentialAction":[{"@type":"ReadAction","target":["https:\/\/www.truzzer.com\/it\/prodotto\/instagram-qr-kode-klistremerke-folg-oss-rund-hologram-utgave\/"]}]},{"@type":"ImageObject","inLanguage":"it-IT","@id":"https:\/\/www.truzzer.com\/it\/prodotto\/instagram-qr-kode-klistremerke-folg-oss-rund-hologram-utgave\/#primaryimage","url":"https:\/\/www.truzzer.com\/wp-content\/uploads\/2026\/02\/holo-sticker-round-color-phone-2.jpg","contentUrl":"https:\/\/www.truzzer.com\/wp-content\/uploads\/2026\/02\/holo-sticker-round-color-phone-2.jpg","width":1200,"height":1200},{"@type":"BreadcrumbList","@id":"https:\/\/www.truzzer.com\/it\/prodotto\/instagram-qr-kode-klistremerke-folg-oss-rund-hologram-utgave\/#breadcrumb","itemListElement":[{"@type":"ListItem","position":1,"name":"Home","item":"https:\/\/www.truzzer.com\/it\/"},{"@type":"ListItem","position":2,"name":"Negozio","item":"https:\/\/www.truzzer.com\/it\/shop\/"},{"@type":"ListItem","position":3,"name":"Instagram QR Codice adesivo \u201cSeguici\u201d \u2013 Rotondo (edizione ologramma)"}]},{"@type":"WebSite","@id":"https:\/\/www.truzzer.com\/it\/#website","url":"https:\/\/www.truzzer.com\/it\/","name":"truzzer","description":"Experts for customer trust","publisher":{"@id":"https:\/\/www.truzzer.com\/it\/#organization"},"potentialAction":[{"@type":"SearchAction","target":{"@type":"EntryPoint","urlTemplate":"https:\/\/www.truzzer.com\/it\/?s={search_term_string}"},"query-input":{"@type":"PropertyValueSpecification","valueRequired":true,"valueName":"search_term_string"}}],"inLanguage":"it-IT"},{"@type":"Organization","@id":"https:\/\/www.truzzer.com\/it\/#organization","name":"truzzer","url":"https:\/\/www.truzzer.com\/it\/","logo":{"@type":"ImageObject","inLanguage":"it-IT","@id":"https:\/\/www.truzzer.com\/it\/#\/schema\/logo\/image\/","url":"https:\/\/truzzer.com\/wp-content\/uploads\/2026\/01\/truzzer-logo-black-1.svg","contentUrl":"https:\/\/truzzer.com\/wp-content\/uploads\/2026\/01\/truzzer-logo-black-1.svg","width":938,"height":199,"caption":"truzzer"},"image":{"@id":"https:\/\/www.truzzer.com\/it\/#\/schema\/logo\/image\/"}}]}},"tiered_pricing_type":"fixed","tiered_pricing_fixed_rules":[],"tiered_pricing_product_settings":{"layout":"default","base_unit_name":{"singular":null,"plural":null},"default_variation":null},"tiered_pricing_minimum_quantity":null,"tiered_pricing_roles_data":[],"tiered_pricing_percentage_rules":[],"tiered_pricing_maximum_quantity":null,"tiered_pricing_quantity_step":null,"_links":{"self":[{"href":"https:\/\/www.truzzer.com\/it\/wp-json\/wp\/v2\/product\/102455","targetHints":{"allow":["GET"]}}],"collection":[{"href":"https:\/\/www.truzzer.com\/it\/wp-json\/wp\/v2\/product"}],"about":[{"href":"https:\/\/www.truzzer.com\/it\/wp-json\/wp\/v2\/types\/product"}],"replies":[{"embeddable":true,"href":"https:\/\/www.truzzer.com\/it\/wp-json\/wp\/v2\/comments?post=102455"}],"wp:featuredmedia":[{"embeddable":true,"href":"https:\/\/www.truzzer.com\/it\/wp-json\/wp\/v2\/media\/102456"}],"wp:attachment":[{"href":"https:\/\/www.truzzer.com\/it\/wp-json\/wp\/v2\/media?parent=102455"}],"wp:term":[{"taxonomy":"product_brand","embeddable":true,"href":"https:\/\/www.truzzer.com\/it\/wp-json\/wp\/v2\/product_brand?post=102455"},{"taxonomy":"product_cat","embeddable":true,"href":"https:\/\/www.truzzer.com\/it\/wp-json\/wp\/v2\/product_cat?post=102455"},{"taxonomy":"product_tag","embeddable":true,"href":"https:\/\/www.truzzer.com\/it\/wp-json\/wp\/v2\/product_tag?post=102455"}],"curies":[{"name":"wp","href":"https:\/\/api.w.org\/{rel}","templated":true}]}}