{"id":102542,"date":"2026-02-11T10:13:35","date_gmt":"2026-02-11T10:13:35","guid":{"rendered":"https:\/\/beta.truzzer.com\/product\/google-review-qr-code-visittkort-standard-pro\/"},"modified":"2026-02-13T10:26:11","modified_gmt":"2026-02-13T10:26:11","slug":"google-review-qr-code-visittkort-standard-pro","status":"publish","type":"product","link":"https:\/\/www.truzzer.com\/it\/prodotto\/google-review-qr-code-visittkort-standard-pro\/","title":{"rendered":"Google Recensione QR Codice Biglietto da Visita Standard Pro"},"content":{"rendered":"<h2>Google Recensione Biglietto da visita codice QR \u2013 Standard PRO<\/h2>\n<p>\nIl <strong>Biglietto da visita Standard PRO Truzzer<\/strong> \u00e8 il modo intelligente per indirizzare i tuoi clienti direttamente a una recensione Google: semplice, veloce e professionale.<br \/>\nCombina il <strong>design funzionale<\/strong> con il <strong>massimo impatto<\/strong> ed \u00e8 stato creato appositamente per le aziende che danno valore ai risultati misurabili.\n<\/p>\n<h3>L&#8217;inizio intelligente per ottenere pi\u00f9 recensioni Google<\/h3>\n<p>\nQuesto <strong>Biglietto da visita codice QR<\/strong> \u00e8 il tuo compagno quotidiano nelle interazioni con i clienti, sia in negozio, durante gli appuntamenti o alle fiere.<br \/>\n\u00c8 sufficiente una scansione con uno smartphone e il cliente arriva immediatamente alla pagina delle recensioni del tuo profilo aziendale Google.<br \/>\nCi\u00f2 trasforma ogni incontro in un&#8217;opportunit\u00e0 per una <strong>recensione a 5 stelle<\/strong>.\n<\/p>\n<ul>\n<li><strong>Design funzionale e moderno<\/strong>: compatto e finitura premium<\/li>\n<li><strong>Indirizza il codice QR alla tua pagina di recensioni Google<\/strong>: nessuna ricerca, nessuna deviazione<\/li>\n<li><strong>Configurazione completa e configurato individualmente<\/strong><\/li>\n<li><strong>Personalizzazione opzionale<\/strong> con il tuo logo e nome aziendale<\/li>\n<li><strong>Made in Germany<\/strong>: qualit\u00e0 e affidabilit\u00e0 da Berlino<\/li>\n<li><strong>Ideale per attivit\u00e0 commerciali, servizi, ospitalit\u00e0 e vendita al dettaglio<\/strong><\/li>\n<\/ul>\n<h3>Come funziona<\/h3>\n<p>\n1. Inserisci il nome della tua attivit\u00e0 quando effettui l&#8217;ordine.<br \/>\n2. Creiamo automaticamente il <strong>link per la recensione Google<\/strong> corretto e generiamo il tuo codice QR.<br \/>\n3. Ricevi la tua <strong>carta completamente configurata<\/strong>: basta disimballarla e utilizzarla.\n<\/p>\n<p>\nI tuoi clienti scansionano il codice QR e potranno lasciare immediatamente una recensione: in modo semplice, sicuro e nel rispetto della privacy.\n<\/p>\n<h3>Pi\u00f9 recensioni, pi\u00f9 visibilit\u00e0, pi\u00f9 fiducia<\/h3>\n<p>\nLa <strong>Google Review Standard PRO Card<\/strong> \u00e8 la soluzione ideale per le aziende che desiderano <strong>costruire attivamente la propria reputazione online<\/strong>.<br \/>\nPi\u00f9 recensioni autentiche riceve la tua attivit\u00e0, pi\u00f9 forte diventa la tua presenza nella ricerca Google e, con essa, la tua portata e il potenziale di guadagno.\n<\/p>\n<h3>Perch\u00e9 Truzzer<\/h3>\n<p>\nIn qualit\u00e0 di <strong>leader di mercato per QR &amp; Prodotti NFC<\/strong> realizzati per le revisioni Google, forniamo soluzioni completamente pronte.<br \/>\nI nostri prodotti sono pronti per l&#8217;uso immediato, testati e personalizzati per la tua attivit\u00e0, senza che sia necessaria alcuna configurazione tecnica da parte tua.\n<\/p>\n<ul>\n<li>Inventore e progettista leader di mercato in Germania<\/li>\n<li>Supporto tedesco e assistenza assistenza personale<\/li>\n<li>I migliori su Google<\/li>\n<li>Compatibile con tutti gli smartphone<\/li>\n<li>Non \u00e8 richiesta alcuna app o registrazione<\/li>\n<\/ul>\n<h3>Dettagli tecnici<\/h3>\n<ul>\n<li>Formato: biglietto da visita standard<\/li>\n<li>Materiale: tessera in plastica resistente con finitura opaca o lucida<\/li>\n<li>Tecnologia: codice QR (opzionale con NFC)<\/li>\n<li>Collegamento: collegamento diretto alla pagina delle recensioni di Google<\/li>\n<li>Personalizzazione: nome dell&#8217;azienda e nome dell&#8217;azienda. logo opzionale<\/li>\n<\/ul>\n<h3>Conclusione<\/h3>\n<p>\nLa <strong>Recensione Google QR Code Business Card Standard PRO<\/strong> \u00e8 lo strumento perfetto per trasformare i clienti soddisfatti in veri e propri ambasciatori del marchio.<br \/>\nPi\u00f9 recensioni significano pi\u00f9 visibilit\u00e0 e questo prodotto ti aiuta a raggiungere esattamente questo obiettivo nel modo pi\u00f9 semplice.\n<\/p>\n<hr>\n<p>\n<strong>Ordina ora, inclusa la configurazione personale e il codice QR.<\/strong><br \/>\nPermetti ai tuoi clienti di consigliarti facilmente: veloce, sicuro e professionale.\n<\/p>\n<p>`<\/p>\n","protected":false},"excerpt":{"rendered":"<h2><img decoding=\"async\" class=\"alignnone size-full wp-image-56732\" src=\"https:\/\/truzzer.com\/wp-content\/uploads\/2026\/02\/qrscan-ezgif.com-video-to-webp-converter-1.webp\" alt=\"\" larghezza=\"150\" altezza=\"150\" \/><\/h2>\n<h2>Einfach mehr Google Reviewen erhalten with Google Review QR Code Business Cardn<\/h2>\n<p>Completa il nuovo biglietto da visita standard per mehr Google Reviewen im ansprechenden and cleanen Design, welche sich nahtlos in jedes Unternehmen eingliedern.<\/p>\n<p>Mit den Google Review QR Code Business Cardn du im Handumdrehen mehr Google Reviewen.<\/p>\n<p>Alles, era Deine Kandinnen &amp; Kanden hierzu tun m\u00fcssen, ist es den QR Code with der Smartphone Kamera zu scannen and schon gelangen diese zur direkten Google Review.<\/p>\n<p>Bitte erg\u00e4nze im Konfigruationsfeld weiter an Deine Firmenadresse e Deinen Firmennamen. Anhand dieser Angaben erstellen wir den individuellen Reviewslink for Dich, sodass Du dich um nichts weiter k\u00fcmmern musst.<\/p>\n","protected":false},"featured_media":102792,"comment_status":"open","ping_status":"closed","template":"","meta":{"_acf_changed":false,"_yoast_wpseo_focuskw":"Recensione Google Biglietto da visita","_yoast_wpseo_title":"Google Review QR Code Visittkort Standard Pro | truzzer","_yoast_wpseo_metadesc":"Pi\u00f9 recensioni Google a 5 stelle con Google Review QR Code Visittkort Standard Pro di truzzer. Facile da configurare, pronto all'uso. Ordina ora!"},"product_brand":[1653],"product_cat":[600,492,811,812,755,1619],"product_tag":[],"class_list":{"0":"post-102542","1":"product","2":"type-product","3":"status-publish","4":"has-post-thumbnail","6":"product_brand-google","7":"product_cat-codice-qr-biglietti-da-visita","8":"product_cat-codice-qr-prodotti","9":"product_cat-recensione-google-biglietti-da-visita","10":"product_cat-recensione-google-biglietti-da-visita-con-codice-qr","11":"product_cat-recensione-google-prodotti","12":"product_cat-wifi-prodotti","13":"pa_material-karton","14":"pa_orientation-portrett","15":"pa_placement-bon","16":"pa_placement-lommebok-personlig","17":"pa_placement-opuscolo","18":"pa_placement-portemonnee-personale","19":"pa_product-type-visitekaartjes","20":"pa_shape-rechthoek","21":"pa_technology-codice-qr","23":"first","24":"instock","25":"taxable","26":"shipping-taxable","27":"purchasable","28":"product-type-simple"},"acf":[],"yoast_head":"<!-- This site is optimized with the Yoast SEO plugin v27.0 - https:\/\/yoast.com\/product\/yoast-seo-wordpress\/ -->\n<title>Google Review QR Code Visittkort Standard Pro | truzzer<\/title>\n<meta name=\"description\" content=\"Pi\u00f9 recensioni Google a 5 stelle con Google Review QR Code Visittkort Standard Pro di truzzer. Facile da configurare, pronto all&#039;uso. Ordina ora!\" \/>\n<meta name=\"robots\" content=\"index, follow, max-snippet:-1, max-image-preview:large, max-video-preview:-1\" \/>\n<link rel=\"canonical\" href=\"https:\/\/www.truzzer.com\/it\/prodotto\/google-review-qr-code-visittkort-standard-pro\/\" \/>\n<meta property=\"og:locale\" content=\"it_IT\" \/>\n<meta property=\"og:type\" content=\"article\" \/>\n<meta property=\"og:title\" content=\"Google Review QR Code Visittkort Standard Pro | truzzer\" \/>\n<meta property=\"og:description\" content=\"Pi\u00f9 recensioni Google a 5 stelle con Google Review QR Code Visittkort Standard Pro di truzzer. Facile da configurare, pronto all&#039;uso. Ordina ora!\" \/>\n<meta property=\"og:url\" content=\"https:\/\/www.truzzer.com\/it\/prodotto\/google-review-qr-code-visittkort-standard-pro\/\" \/>\n<meta property=\"og:site_name\" content=\"truzzer\" \/>\n<meta property=\"article:modified_time\" content=\"2026-02-13T10:26:11+00:00\" \/>\n<meta property=\"og:image\" content=\"https:\/\/www.truzzer.com\/wp-content\/uploads\/2026\/02\/Google-Bewertung-QR-Code-VIsitenkarte-Pro-3-empfehlio-2-en.jpg\" \/>\n\t<meta property=\"og:image:width\" content=\"1024\" \/>\n\t<meta property=\"og:image:height\" content=\"1024\" \/>\n\t<meta property=\"og:image:type\" content=\"image\/jpeg\" \/>\n<meta name=\"twitter:card\" content=\"summary_large_image\" \/>\n<meta name=\"twitter:label1\" content=\"Tempo di lettura stimato\" \/>\n\t<meta name=\"twitter:data1\" content=\"2 minuti\" \/>\n<script type=\"application\/ld+json\" class=\"yoast-schema-graph\">{\"@context\":\"https:\/\/schema.org\",\"@graph\":[{\"@type\":\"WebPage\",\"@id\":\"https:\/\/www.truzzer.com\/it\/prodotto\/google-review-qr-code-visittkort-standard-pro\/\",\"url\":\"https:\/\/www.truzzer.com\/it\/prodotto\/google-review-qr-code-visittkort-standard-pro\/\",\"name\":\"Google Review QR Code Visittkort Standard Pro | truzzer\",\"isPartOf\":{\"@id\":\"https:\/\/www.truzzer.com\/it\/#website\"},\"primaryImageOfPage\":{\"@id\":\"https:\/\/www.truzzer.com\/it\/prodotto\/google-review-qr-code-visittkort-standard-pro\/#primaryimage\"},\"image\":{\"@id\":\"https:\/\/www.truzzer.com\/it\/prodotto\/google-review-qr-code-visittkort-standard-pro\/#primaryimage\"},\"thumbnailUrl\":\"https:\/\/www.truzzer.com\/wp-content\/uploads\/2026\/02\/Google-Bewertung-QR-Code-VIsitenkarte-Pro-3-empfehlio-2-en.jpg\",\"datePublished\":\"2026-02-11T10:13:35+00:00\",\"dateModified\":\"2026-02-13T10:26:11+00:00\",\"description\":\"Pi\u00f9 recensioni Google a 5 stelle con Google Review QR Code Visittkort Standard Pro di truzzer. Facile da configurare, pronto all'uso. Ordina ora!\",\"breadcrumb\":{\"@id\":\"https:\/\/www.truzzer.com\/it\/prodotto\/google-review-qr-code-visittkort-standard-pro\/#breadcrumb\"},\"inLanguage\":\"it-IT\",\"potentialAction\":[{\"@type\":\"ReadAction\",\"target\":[\"https:\/\/www.truzzer.com\/it\/prodotto\/google-review-qr-code-visittkort-standard-pro\/\"]}]},{\"@type\":\"ImageObject\",\"inLanguage\":\"it-IT\",\"@id\":\"https:\/\/www.truzzer.com\/it\/prodotto\/google-review-qr-code-visittkort-standard-pro\/#primaryimage\",\"url\":\"https:\/\/www.truzzer.com\/wp-content\/uploads\/2026\/02\/Google-Bewertung-QR-Code-VIsitenkarte-Pro-3-empfehlio-2-en.jpg\",\"contentUrl\":\"https:\/\/www.truzzer.com\/wp-content\/uploads\/2026\/02\/Google-Bewertung-QR-Code-VIsitenkarte-Pro-3-empfehlio-2-en.jpg\",\"width\":1024,\"height\":1024},{\"@type\":\"BreadcrumbList\",\"@id\":\"https:\/\/www.truzzer.com\/it\/prodotto\/google-review-qr-code-visittkort-standard-pro\/#breadcrumb\",\"itemListElement\":[{\"@type\":\"ListItem\",\"position\":1,\"name\":\"Home\",\"item\":\"https:\/\/www.truzzer.com\/it\/\"},{\"@type\":\"ListItem\",\"position\":2,\"name\":\"Negozio\",\"item\":\"https:\/\/www.truzzer.com\/it\/shop\/\"},{\"@type\":\"ListItem\",\"position\":3,\"name\":\"Google Recensione QR Codice Biglietto da Visita Standard Pro\"}]},{\"@type\":\"WebSite\",\"@id\":\"https:\/\/www.truzzer.com\/it\/#website\",\"url\":\"https:\/\/www.truzzer.com\/it\/\",\"name\":\"truzzer\",\"description\":\"Experts for customer trust\",\"publisher\":{\"@id\":\"https:\/\/www.truzzer.com\/it\/#organization\"},\"potentialAction\":[{\"@type\":\"SearchAction\",\"target\":{\"@type\":\"EntryPoint\",\"urlTemplate\":\"https:\/\/www.truzzer.com\/it\/?s={search_term_string}\"},\"query-input\":{\"@type\":\"PropertyValueSpecification\",\"valueRequired\":true,\"valueName\":\"search_term_string\"}}],\"inLanguage\":\"it-IT\"},{\"@type\":\"Organization\",\"@id\":\"https:\/\/www.truzzer.com\/it\/#organization\",\"name\":\"truzzer\",\"url\":\"https:\/\/www.truzzer.com\/it\/\",\"logo\":{\"@type\":\"ImageObject\",\"inLanguage\":\"it-IT\",\"@id\":\"https:\/\/www.truzzer.com\/it\/#\/schema\/logo\/image\/\",\"url\":\"https:\/\/truzzer.com\/wp-content\/uploads\/2026\/01\/truzzer-logo-black-1.svg\",\"contentUrl\":\"https:\/\/truzzer.com\/wp-content\/uploads\/2026\/01\/truzzer-logo-black-1.svg\",\"width\":938,\"height\":199,\"caption\":\"truzzer\"},\"image\":{\"@id\":\"https:\/\/www.truzzer.com\/it\/#\/schema\/logo\/image\/\"}}]}<\/script>\n<!-- \/ Yoast SEO plugin. -->","yoast_head_json":{"title":"Google Review QR Code Visittkort Standard Pro | truzzer","description":"Pi\u00f9 recensioni Google a 5 stelle con Google Review QR Code Visittkort Standard Pro di truzzer. Facile da configurare, pronto all'uso. Ordina ora!","robots":{"index":"index","follow":"follow","max-snippet":"max-snippet:-1","max-image-preview":"max-image-preview:large","max-video-preview":"max-video-preview:-1"},"canonical":"https:\/\/www.truzzer.com\/it\/prodotto\/google-review-qr-code-visittkort-standard-pro\/","og_locale":"it_IT","og_type":"article","og_title":"Google Review QR Code Visittkort Standard Pro | truzzer","og_description":"Pi\u00f9 recensioni Google a 5 stelle con Google Review QR Code Visittkort Standard Pro di truzzer. Facile da configurare, pronto all'uso. Ordina ora!","og_url":"https:\/\/www.truzzer.com\/it\/prodotto\/google-review-qr-code-visittkort-standard-pro\/","og_site_name":"truzzer","article_modified_time":"2026-02-13T10:26:11+00:00","og_image":[{"width":1024,"height":1024,"url":"https:\/\/www.truzzer.com\/wp-content\/uploads\/2026\/02\/Google-Bewertung-QR-Code-VIsitenkarte-Pro-3-empfehlio-2-en.jpg","type":"image\/jpeg"}],"twitter_card":"summary_large_image","twitter_misc":{"Tempo di lettura stimato":"2 minuti"},"schema":{"@context":"https:\/\/schema.org","@graph":[{"@type":"WebPage","@id":"https:\/\/www.truzzer.com\/it\/prodotto\/google-review-qr-code-visittkort-standard-pro\/","url":"https:\/\/www.truzzer.com\/it\/prodotto\/google-review-qr-code-visittkort-standard-pro\/","name":"Google Review QR Code Visittkort Standard Pro | truzzer","isPartOf":{"@id":"https:\/\/www.truzzer.com\/it\/#website"},"primaryImageOfPage":{"@id":"https:\/\/www.truzzer.com\/it\/prodotto\/google-review-qr-code-visittkort-standard-pro\/#primaryimage"},"image":{"@id":"https:\/\/www.truzzer.com\/it\/prodotto\/google-review-qr-code-visittkort-standard-pro\/#primaryimage"},"thumbnailUrl":"https:\/\/www.truzzer.com\/wp-content\/uploads\/2026\/02\/Google-Bewertung-QR-Code-VIsitenkarte-Pro-3-empfehlio-2-en.jpg","datePublished":"2026-02-11T10:13:35+00:00","dateModified":"2026-02-13T10:26:11+00:00","description":"Pi\u00f9 recensioni Google a 5 stelle con Google Review QR Code Visittkort Standard Pro di truzzer. Facile da configurare, pronto all'uso. Ordina ora!","breadcrumb":{"@id":"https:\/\/www.truzzer.com\/it\/prodotto\/google-review-qr-code-visittkort-standard-pro\/#breadcrumb"},"inLanguage":"it-IT","potentialAction":[{"@type":"ReadAction","target":["https:\/\/www.truzzer.com\/it\/prodotto\/google-review-qr-code-visittkort-standard-pro\/"]}]},{"@type":"ImageObject","inLanguage":"it-IT","@id":"https:\/\/www.truzzer.com\/it\/prodotto\/google-review-qr-code-visittkort-standard-pro\/#primaryimage","url":"https:\/\/www.truzzer.com\/wp-content\/uploads\/2026\/02\/Google-Bewertung-QR-Code-VIsitenkarte-Pro-3-empfehlio-2-en.jpg","contentUrl":"https:\/\/www.truzzer.com\/wp-content\/uploads\/2026\/02\/Google-Bewertung-QR-Code-VIsitenkarte-Pro-3-empfehlio-2-en.jpg","width":1024,"height":1024},{"@type":"BreadcrumbList","@id":"https:\/\/www.truzzer.com\/it\/prodotto\/google-review-qr-code-visittkort-standard-pro\/#breadcrumb","itemListElement":[{"@type":"ListItem","position":1,"name":"Home","item":"https:\/\/www.truzzer.com\/it\/"},{"@type":"ListItem","position":2,"name":"Negozio","item":"https:\/\/www.truzzer.com\/it\/shop\/"},{"@type":"ListItem","position":3,"name":"Google Recensione QR Codice Biglietto da Visita Standard Pro"}]},{"@type":"WebSite","@id":"https:\/\/www.truzzer.com\/it\/#website","url":"https:\/\/www.truzzer.com\/it\/","name":"truzzer","description":"Experts for customer trust","publisher":{"@id":"https:\/\/www.truzzer.com\/it\/#organization"},"potentialAction":[{"@type":"SearchAction","target":{"@type":"EntryPoint","urlTemplate":"https:\/\/www.truzzer.com\/it\/?s={search_term_string}"},"query-input":{"@type":"PropertyValueSpecification","valueRequired":true,"valueName":"search_term_string"}}],"inLanguage":"it-IT"},{"@type":"Organization","@id":"https:\/\/www.truzzer.com\/it\/#organization","name":"truzzer","url":"https:\/\/www.truzzer.com\/it\/","logo":{"@type":"ImageObject","inLanguage":"it-IT","@id":"https:\/\/www.truzzer.com\/it\/#\/schema\/logo\/image\/","url":"https:\/\/truzzer.com\/wp-content\/uploads\/2026\/01\/truzzer-logo-black-1.svg","contentUrl":"https:\/\/truzzer.com\/wp-content\/uploads\/2026\/01\/truzzer-logo-black-1.svg","width":938,"height":199,"caption":"truzzer"},"image":{"@id":"https:\/\/www.truzzer.com\/it\/#\/schema\/logo\/image\/"}}]}},"tiered_pricing_type":"fixed","tiered_pricing_fixed_rules":[],"tiered_pricing_product_settings":{"layout":"default","base_unit_name":{"singular":null,"plural":null},"default_variation":null},"tiered_pricing_minimum_quantity":null,"tiered_pricing_roles_data":[],"tiered_pricing_percentage_rules":[],"tiered_pricing_maximum_quantity":null,"tiered_pricing_quantity_step":null,"_links":{"self":[{"href":"https:\/\/www.truzzer.com\/it\/wp-json\/wp\/v2\/product\/102542","targetHints":{"allow":["GET"]}}],"collection":[{"href":"https:\/\/www.truzzer.com\/it\/wp-json\/wp\/v2\/product"}],"about":[{"href":"https:\/\/www.truzzer.com\/it\/wp-json\/wp\/v2\/types\/product"}],"replies":[{"embeddable":true,"href":"https:\/\/www.truzzer.com\/it\/wp-json\/wp\/v2\/comments?post=102542"}],"wp:featuredmedia":[{"embeddable":true,"href":"https:\/\/www.truzzer.com\/it\/wp-json\/wp\/v2\/media\/102792"}],"wp:attachment":[{"href":"https:\/\/www.truzzer.com\/it\/wp-json\/wp\/v2\/media?parent=102542"}],"wp:term":[{"taxonomy":"product_brand","embeddable":true,"href":"https:\/\/www.truzzer.com\/it\/wp-json\/wp\/v2\/product_brand?post=102542"},{"taxonomy":"product_cat","embeddable":true,"href":"https:\/\/www.truzzer.com\/it\/wp-json\/wp\/v2\/product_cat?post=102542"},{"taxonomy":"product_tag","embeddable":true,"href":"https:\/\/www.truzzer.com\/it\/wp-json\/wp\/v2\/product_tag?post=102542"}],"curies":[{"name":"wp","href":"https:\/\/api.w.org\/{rel}","templated":true}]}}